{"id":75160,"date":"2023-08-04T10:18:19","date_gmt":"2023-08-04T08:18:19","guid":{"rendered":"https:\/\/cardinal-tapes.com\/?post_type=product&#038;p=75160"},"modified":"2026-02-23T10:03:50","modified_gmt":"2026-02-23T09:03:50","slug":"tasma-samoprzylepna-ca-418-pet-pl","status":"publish","type":"product","link":"https:\/\/cardinal-tapes.com\/pl\/ta\u015bmy-samoprzylepne\/obszary-zastosowan\/produkcja-obrobka-aluminium\/tasma-samoprzylepna-ca-418-pet-pl\/","title":{"rendered":"Ta\u015bma samoprzylepna CA-420 PET"},"content":{"rendered":"<p>CA-420 to uniwersalna dwustronna ta\u015bma klej\u0105ca. Produkt sk\u0142ada si\u0119 z no\u015bnika z folii poliestrowej pokrytej po obu stronach modyfikowanym klejem akrylowym.<br \/>\nCharakteryzuje si\u0119 bardzo dobr\u0105 odporno\u015bci\u0105 na promieniowanie UV, napr\u0119\u017cenia temperaturowe, chemikalia, rozpuszczalniki i wilgo\u0107.<\/p>\n<p>Klej ma doskona\u0142\u0105 trwa\u0142\u0105 przyczepno\u015b\u0107, szczeg\u00f3lnie do powierzchni metalowych, malowanych i plastikowych o wysokiej energii, ale tak\u017ce do powierzchni o niskiej energii. Ze wzgl\u0119du na du\u017c\u0105 mas\u0119 CA-420 nadaje si\u0119 r\u00f3wnie\u017c do klejenia szorstkich lub teksturowanych powierzchni.<\/p>\n","protected":false},"excerpt":{"rendered":"<p>CA-420 to uniwersalna dwustronna ta\u015bma klej\u0105ca. Produkt sk\u0142ada si\u0119 z no\u015bnika z folii poliestrowej pokrytej po obu stronach modyfikowanym klejem akrylowym. Charakteryzuje si\u0119 bardzo dobr\u0105 odporno\u015bci\u0105 na promieniowanie UV, napr\u0119\u017cenia temperaturowe, chemikalia, rozpuszczalniki i wilgo\u0107. Klej ma doskona\u0142\u0105 trwa\u0142\u0105 przyczepno\u015b\u0107, szczeg\u00f3lnie do powierzchni metalowych, malowanych i plastikowych o wysokiej energii, ale tak\u017ce do powierzchni o [&hellip;]<\/p>\n","protected":false},"featured_media":81357,"template":"","meta":{"_acf_changed":false},"pwb-brand":[2173],"product_brand":[],"product_cat":[1716,1718,1721,1722,1790,1814,1685,1693,1714],"product_tag":[],"class_list":{"0":"post-75160","1":"product","2":"type-product","3":"status-publish","4":"has-post-thumbnail","6":"pwb-brand-cardinal-gmbh-pl","7":"product_cat-ogrzewanie-i-klimatyzacja","8":"product_cat-przemysl-tworzyw-sztucznych","9":"product_cat-inzynieria-mechaniczna","10":"product_cat-wykonczenie-metalu","11":"product_cat-przemysl-tekstylny","12":"product_cat-tasmy-dwustronnie-klejace","13":"product_cat-produkcja-obrobka-aluminium","14":"product_cat-przemysl-elektryczny","15":"product_cat-produkcja-folii","17":"first","18":"instock","19":"taxable","20":"shipping-taxable","21":"purchasable","22":"product-type-variable"},"acf":[],"yoast_head":"<!-- This site is optimized with the Yoast SEO plugin v27.3 - https:\/\/yoast.com\/product\/yoast-seo-wordpress\/ -->\n<title>Wysokowydajna ta\u015bma samoprzylepna PET CA-420 | Cardinal TAPES<\/title>\n<meta name=\"description\" content=\"CA-420 to wszechstronna dwustronna ta\u015bma samoprzylepna pokryta modyfikowanym klejem akrylowym.\" \/>\n<meta name=\"robots\" content=\"index, follow, max-snippet:-1, max-image-preview:large, max-video-preview:-1\" \/>\n<link rel=\"canonical\" href=\"https:\/\/cardinal-tapes.com\/pl\/ta\u015bmy-samoprzylepne\/obszary-zastosowan\/produkcja-obrobka-aluminium\/tasma-samoprzylepna-ca-418-pet-pl\/\" \/>\n<meta property=\"og:locale\" content=\"pl_PL\" \/>\n<meta property=\"og:type\" content=\"article\" \/>\n<meta property=\"og:title\" content=\"Wysokowydajna ta\u015bma samoprzylepna PET CA-420 | Cardinal TAPES\" \/>\n<meta property=\"og:description\" content=\"CA-420 to wszechstronna dwustronna ta\u015bma samoprzylepna pokryta modyfikowanym klejem akrylowym.\" \/>\n<meta property=\"og:url\" content=\"https:\/\/cardinal-tapes.com\/pl\/ta\u015bmy-samoprzylepne\/obszary-zastosowan\/produkcja-obrobka-aluminium\/tasma-samoprzylepna-ca-418-pet-pl\/\" \/>\n<meta property=\"og:site_name\" content=\"cardinal TAPES\" \/>\n<meta property=\"article:modified_time\" content=\"2026-02-23T09:03:50+00:00\" \/>\n<meta property=\"og:image\" content=\"https:\/\/cardinal-tapes.com\/wp-content\/uploads\/ca_420_19x50mm.jpg\" \/>\n\t<meta property=\"og:image:width\" content=\"380\" \/>\n\t<meta property=\"og:image:height\" content=\"380\" \/>\n\t<meta property=\"og:image:type\" content=\"image\/jpeg\" \/>\n<meta name=\"twitter:card\" content=\"summary_large_image\" \/>\n<meta name=\"twitter:label1\" content=\"Szacowany czas czytania\" \/>\n\t<meta name=\"twitter:data1\" content=\"1 minuta\" \/>\n<script type=\"application\/ld+json\" class=\"yoast-schema-graph\">{\"@context\":\"https:\\\/\\\/schema.org\",\"@graph\":[{\"@type\":\"WebPage\",\"@id\":\"https:\\\/\\\/cardinal-tapes.com\\\/pl\\\/ta\u015bmy-samoprzylepne\\\/obszary-zastosowan\\\/produkcja-obrobka-aluminium\\\/tasma-samoprzylepna-ca-418-pet-pl\\\/\",\"url\":\"https:\\\/\\\/cardinal-tapes.com\\\/pl\\\/ta\u015bmy-samoprzylepne\\\/obszary-zastosowan\\\/produkcja-obrobka-aluminium\\\/tasma-samoprzylepna-ca-418-pet-pl\\\/\",\"name\":\"Wysokowydajna ta\u015bma samoprzylepna PET CA-420 | Cardinal TAPES\",\"isPartOf\":{\"@id\":\"https:\\\/\\\/cardinal-tapes.com\\\/#website\"},\"primaryImageOfPage\":{\"@id\":\"https:\\\/\\\/cardinal-tapes.com\\\/pl\\\/ta\u015bmy-samoprzylepne\\\/obszary-zastosowan\\\/produkcja-obrobka-aluminium\\\/tasma-samoprzylepna-ca-418-pet-pl\\\/#primaryimage\"},\"image\":{\"@id\":\"https:\\\/\\\/cardinal-tapes.com\\\/pl\\\/ta\u015bmy-samoprzylepne\\\/obszary-zastosowan\\\/produkcja-obrobka-aluminium\\\/tasma-samoprzylepna-ca-418-pet-pl\\\/#primaryimage\"},\"thumbnailUrl\":\"https:\\\/\\\/cardinal-tapes.com\\\/wp-content\\\/uploads\\\/ca_420_19x50mm.jpg\",\"datePublished\":\"2023-08-04T08:18:19+00:00\",\"dateModified\":\"2026-02-23T09:03:50+00:00\",\"description\":\"CA-420 to wszechstronna dwustronna ta\u015bma samoprzylepna pokryta modyfikowanym klejem akrylowym.\",\"breadcrumb\":{\"@id\":\"https:\\\/\\\/cardinal-tapes.com\\\/pl\\\/ta\u015bmy-samoprzylepne\\\/obszary-zastosowan\\\/produkcja-obrobka-aluminium\\\/tasma-samoprzylepna-ca-418-pet-pl\\\/#breadcrumb\"},\"inLanguage\":\"pl-PL\",\"potentialAction\":[{\"@type\":\"ReadAction\",\"target\":[\"https:\\\/\\\/cardinal-tapes.com\\\/pl\\\/ta\u015bmy-samoprzylepne\\\/obszary-zastosowan\\\/produkcja-obrobka-aluminium\\\/tasma-samoprzylepna-ca-418-pet-pl\\\/\"]}]},{\"@type\":\"ImageObject\",\"inLanguage\":\"pl-PL\",\"@id\":\"https:\\\/\\\/cardinal-tapes.com\\\/pl\\\/ta\u015bmy-samoprzylepne\\\/obszary-zastosowan\\\/produkcja-obrobka-aluminium\\\/tasma-samoprzylepna-ca-418-pet-pl\\\/#primaryimage\",\"url\":\"https:\\\/\\\/cardinal-tapes.com\\\/wp-content\\\/uploads\\\/ca_420_19x50mm.jpg\",\"contentUrl\":\"https:\\\/\\\/cardinal-tapes.com\\\/wp-content\\\/uploads\\\/ca_420_19x50mm.jpg\",\"width\":380,\"height\":380},{\"@type\":\"BreadcrumbList\",\"@id\":\"https:\\\/\\\/cardinal-tapes.com\\\/pl\\\/ta\u015bmy-samoprzylepne\\\/obszary-zastosowan\\\/produkcja-obrobka-aluminium\\\/tasma-samoprzylepna-ca-418-pet-pl\\\/#breadcrumb\",\"itemListElement\":[{\"@type\":\"ListItem\",\"position\":1,\"name\":\"Startseite\",\"item\":\"https:\\\/\\\/cardinal-tapes.com\\\/pl\\\/strona-glowna\\\/\"},{\"@type\":\"ListItem\",\"position\":2,\"name\":\"Ta\u015bmy samoprzylepne\",\"item\":\"https:\\\/\\\/cardinal-tapes.com\\\/pl\\\/tasmy-samoprzylepne-pl\\\/\"},{\"@type\":\"ListItem\",\"position\":3,\"name\":\"Doppelseitige Klebeb\u00e4nder\",\"item\":\"https:\\\/\\\/cardinal-tapes.com\\\/kategorie\\\/doppelseitige-klebebaender\\\/\"},{\"@type\":\"ListItem\",\"position\":4,\"name\":\"Ta\u015bma samoprzylepna CA-420 PET\"}]},{\"@type\":\"WebSite\",\"@id\":\"https:\\\/\\\/cardinal-tapes.com\\\/#website\",\"url\":\"https:\\\/\\\/cardinal-tapes.com\\\/\",\"name\":\"cardinal TAPES\",\"description\":\"Klebetechnik aus Wuppertal\",\"potentialAction\":[{\"@type\":\"SearchAction\",\"target\":{\"@type\":\"EntryPoint\",\"urlTemplate\":\"https:\\\/\\\/cardinal-tapes.com\\\/?s={search_term_string}\"},\"query-input\":{\"@type\":\"PropertyValueSpecification\",\"valueRequired\":true,\"valueName\":\"search_term_string\"}}],\"inLanguage\":\"pl-PL\"}]}<\/script>\n<!-- \/ Yoast SEO plugin. -->","yoast_head_json":{"title":"Wysokowydajna ta\u015bma samoprzylepna PET CA-420 | Cardinal TAPES","description":"CA-420 to wszechstronna dwustronna ta\u015bma samoprzylepna pokryta modyfikowanym klejem akrylowym.","robots":{"index":"index","follow":"follow","max-snippet":"max-snippet:-1","max-image-preview":"max-image-preview:large","max-video-preview":"max-video-preview:-1"},"canonical":"https:\/\/cardinal-tapes.com\/pl\/ta\u015bmy-samoprzylepne\/obszary-zastosowan\/produkcja-obrobka-aluminium\/tasma-samoprzylepna-ca-418-pet-pl\/","og_locale":"pl_PL","og_type":"article","og_title":"Wysokowydajna ta\u015bma samoprzylepna PET CA-420 | Cardinal TAPES","og_description":"CA-420 to wszechstronna dwustronna ta\u015bma samoprzylepna pokryta modyfikowanym klejem akrylowym.","og_url":"https:\/\/cardinal-tapes.com\/pl\/ta\u015bmy-samoprzylepne\/obszary-zastosowan\/produkcja-obrobka-aluminium\/tasma-samoprzylepna-ca-418-pet-pl\/","og_site_name":"cardinal TAPES","article_modified_time":"2026-02-23T09:03:50+00:00","og_image":[{"width":380,"height":380,"url":"https:\/\/cardinal-tapes.com\/wp-content\/uploads\/ca_420_19x50mm.jpg","type":"image\/jpeg"}],"twitter_card":"summary_large_image","twitter_misc":{"Szacowany czas czytania":"1 minuta"},"schema":{"@context":"https:\/\/schema.org","@graph":[{"@type":"WebPage","@id":"https:\/\/cardinal-tapes.com\/pl\/ta\u015bmy-samoprzylepne\/obszary-zastosowan\/produkcja-obrobka-aluminium\/tasma-samoprzylepna-ca-418-pet-pl\/","url":"https:\/\/cardinal-tapes.com\/pl\/ta\u015bmy-samoprzylepne\/obszary-zastosowan\/produkcja-obrobka-aluminium\/tasma-samoprzylepna-ca-418-pet-pl\/","name":"Wysokowydajna ta\u015bma samoprzylepna PET CA-420 | Cardinal TAPES","isPartOf":{"@id":"https:\/\/cardinal-tapes.com\/#website"},"primaryImageOfPage":{"@id":"https:\/\/cardinal-tapes.com\/pl\/ta\u015bmy-samoprzylepne\/obszary-zastosowan\/produkcja-obrobka-aluminium\/tasma-samoprzylepna-ca-418-pet-pl\/#primaryimage"},"image":{"@id":"https:\/\/cardinal-tapes.com\/pl\/ta\u015bmy-samoprzylepne\/obszary-zastosowan\/produkcja-obrobka-aluminium\/tasma-samoprzylepna-ca-418-pet-pl\/#primaryimage"},"thumbnailUrl":"https:\/\/cardinal-tapes.com\/wp-content\/uploads\/ca_420_19x50mm.jpg","datePublished":"2023-08-04T08:18:19+00:00","dateModified":"2026-02-23T09:03:50+00:00","description":"CA-420 to wszechstronna dwustronna ta\u015bma samoprzylepna pokryta modyfikowanym klejem akrylowym.","breadcrumb":{"@id":"https:\/\/cardinal-tapes.com\/pl\/ta\u015bmy-samoprzylepne\/obszary-zastosowan\/produkcja-obrobka-aluminium\/tasma-samoprzylepna-ca-418-pet-pl\/#breadcrumb"},"inLanguage":"pl-PL","potentialAction":[{"@type":"ReadAction","target":["https:\/\/cardinal-tapes.com\/pl\/ta\u015bmy-samoprzylepne\/obszary-zastosowan\/produkcja-obrobka-aluminium\/tasma-samoprzylepna-ca-418-pet-pl\/"]}]},{"@type":"ImageObject","inLanguage":"pl-PL","@id":"https:\/\/cardinal-tapes.com\/pl\/ta\u015bmy-samoprzylepne\/obszary-zastosowan\/produkcja-obrobka-aluminium\/tasma-samoprzylepna-ca-418-pet-pl\/#primaryimage","url":"https:\/\/cardinal-tapes.com\/wp-content\/uploads\/ca_420_19x50mm.jpg","contentUrl":"https:\/\/cardinal-tapes.com\/wp-content\/uploads\/ca_420_19x50mm.jpg","width":380,"height":380},{"@type":"BreadcrumbList","@id":"https:\/\/cardinal-tapes.com\/pl\/ta\u015bmy-samoprzylepne\/obszary-zastosowan\/produkcja-obrobka-aluminium\/tasma-samoprzylepna-ca-418-pet-pl\/#breadcrumb","itemListElement":[{"@type":"ListItem","position":1,"name":"Startseite","item":"https:\/\/cardinal-tapes.com\/pl\/strona-glowna\/"},{"@type":"ListItem","position":2,"name":"Ta\u015bmy samoprzylepne","item":"https:\/\/cardinal-tapes.com\/pl\/tasmy-samoprzylepne-pl\/"},{"@type":"ListItem","position":3,"name":"Doppelseitige Klebeb\u00e4nder","item":"https:\/\/cardinal-tapes.com\/kategorie\/doppelseitige-klebebaender\/"},{"@type":"ListItem","position":4,"name":"Ta\u015bma samoprzylepna CA-420 PET"}]},{"@type":"WebSite","@id":"https:\/\/cardinal-tapes.com\/#website","url":"https:\/\/cardinal-tapes.com\/","name":"cardinal TAPES","description":"Klebetechnik aus Wuppertal","potentialAction":[{"@type":"SearchAction","target":{"@type":"EntryPoint","urlTemplate":"https:\/\/cardinal-tapes.com\/?s={search_term_string}"},"query-input":{"@type":"PropertyValueSpecification","valueRequired":true,"valueName":"search_term_string"}}],"inLanguage":"pl-PL"}]}},"brands":[{"id":2173,"name":"cardinal GmbH","slug":"cardinal-gmbh-pl"}],"_links":{"self":[{"href":"https:\/\/cardinal-tapes.com\/pl\/wp-json\/wp\/v2\/product\/75160","targetHints":{"allow":["GET"]}}],"collection":[{"href":"https:\/\/cardinal-tapes.com\/pl\/wp-json\/wp\/v2\/product"}],"about":[{"href":"https:\/\/cardinal-tapes.com\/pl\/wp-json\/wp\/v2\/types\/product"}],"wp:featuredmedia":[{"embeddable":true,"href":"https:\/\/cardinal-tapes.com\/pl\/wp-json\/wp\/v2\/media\/81357"}],"wp:attachment":[{"href":"https:\/\/cardinal-tapes.com\/pl\/wp-json\/wp\/v2\/media?parent=75160"}],"wp:term":[{"taxonomy":"pwb-brand","embeddable":true,"href":"https:\/\/cardinal-tapes.com\/pl\/wp-json\/wp\/v2\/pwb-brand?post=75160"},{"taxonomy":"product_brand","embeddable":true,"href":"https:\/\/cardinal-tapes.com\/pl\/wp-json\/wp\/v2\/product_brand?post=75160"},{"taxonomy":"product_cat","embeddable":true,"href":"https:\/\/cardinal-tapes.com\/pl\/wp-json\/wp\/v2\/product_cat?post=75160"},{"taxonomy":"product_tag","embeddable":true,"href":"https:\/\/cardinal-tapes.com\/pl\/wp-json\/wp\/v2\/product_tag?post=75160"}],"curies":[{"name":"wp","href":"https:\/\/api.w.org\/{rel}","templated":true}]}}