{"id":63994,"date":"2017-12-08T08:34:44","date_gmt":"2023-06-06T08:21:31","guid":{"rendered":"https:\/\/cardinal.pixel-tal.de\/klebebaender\/bez-kategorii\/wysokowydajna-tasma-uszczelniajaca-3m-4411b\/"},"modified":"2025-07-10T13:14:57","modified_gmt":"2025-07-10T11:14:57","slug":"3-metrowa-tasma-uszczelniajaca-o-wysokiej-wydajnosci-4411b","status":"publish","type":"product","link":"https:\/\/cardinal-tapes.com\/pl\/ta\u015bmy-samoprzylepne\/jednostronne-tasmy-samoprzylepne\/3-metrowa-tasma-uszczelniajaca-o-wysokiej-wydajnosci-4411b\/","title":{"rendered":"Wysokowydajna ta\u015bma uszczelniaj\u0105ca 3M\u2122 4411B"},"content":{"rendered":"<p>Wysokowydajna ta\u015bma uszczelniaj\u0105ca 3M\u2122 4411B, czarna, to niezwykle elastyczna, jednostronnie klej\u0105ca ta\u015bma akrylowa o grubo\u015bci 1 mm z wysokowydajnym podk\u0142adem jonomerowym. Ta\u015bma zosta\u0142a specjalnie zaprojektowana, aby zapewni\u0107 profesjonalne uszczelnienie istniej\u0105cego po\u0142\u0105czenia, szwu lub przej\u015bcia nara\u017conego na bezpo\u015brednie dzia\u0142anie promieni s\u0142onecznych, ekstremalnych temperatur i wilgoci.<\/p>\n<p><strong>W\u0142a\u015bciwo\u015bci<\/strong><br \/>\nTa\u015bma uszczelniaj\u0105ca 4411B jest wysoce odporna na wiele popularnych rozpuszczalnik\u00f3w przemys\u0142owych i wysokie temperatury. Trwa\u0142e pod\u0142o\u017ce jonomerowe jest r\u00f3wnie\u017c odporne na promieniowanie UV i dzia\u0142anie substancji chemicznych. Ponadto klej przywiera w kontakcie z natychmiastowym efektem, bez suszenia, wyciekania lub czyszczenia.<\/p>\n<p><strong>Zastosowania<\/strong><br \/>\n&#8211; Uszczelnianie d\u017awigar\u00f3w dachowych i mechanicznych d\u017awigar\u00f3w dachowych w pojazdach u\u017cytkowych<br \/>\n&#8211; Uszczelnianie wewn\u0105trz i na zewn\u0105trz<br \/>\n&#8211; Uszczelnianie istniej\u0105cych po\u0142\u0105cze\u0144, szw\u00f3w lub przej\u015b\u0107<\/p>\n","protected":false},"excerpt":{"rendered":"<p>Wysokowydajna ta\u015bma uszczelniaj\u0105ca 3M\u2122 4411B, czarna, to niezwykle elastyczna, jednostronnie klej\u0105ca ta\u015bma akrylowa o grubo\u015bci 1 mm z wysokowydajnym podk\u0142adem jonomerowym. Ta\u015bma zosta\u0142a specjalnie zaprojektowana, aby zapewni\u0107 profesjonalne uszczelnienie istniej\u0105cego po\u0142\u0105czenia, szwu lub przej\u015bcia nara\u017conego na bezpo\u015brednie dzia\u0142anie promieni s\u0142onecznych, ekstremalnych temperatur i wilgoci. W\u0142a\u015bciwo\u015bci Ta\u015bma uszczelniaj\u0105ca 4411B jest wysoce odporna na wiele popularnych rozpuszczalnik\u00f3w [&hellip;]<\/p>\n","protected":false},"featured_media":24394,"template":"","meta":{"_acf_changed":false},"pwb-brand":[2168],"product_brand":[],"product_cat":[1816],"product_tag":[],"class_list":{"0":"post-63994","1":"product","2":"type-product","3":"status-publish","4":"has-post-thumbnail","6":"pwb-brand-3m-pl","7":"product_cat-jednostronne-tasmy-samoprzylepne","9":"first","10":"instock","11":"taxable","12":"shipping-taxable","13":"purchasable","14":"product-type-variable"},"acf":[],"yoast_head":"<!-- This site is optimized with the Yoast SEO plugin v27.3 - https:\/\/yoast.com\/product\/yoast-seo-wordpress\/ -->\n<title>Wysokowydajna ta\u015bma uszczelniaj\u0105ca 3M\u2122 4411B | Cardinal TAPES<\/title>\n<meta name=\"description\" content=\"Wysokowydajna ta\u015bma uszczelniaj\u0105ca 3M 4411B jest stosowana g\u0142\u00f3wnie do wodoodpornego uszczelniania kontur\u00f3w, przej\u015b\u0107 itp. Dowiedz si\u0119 wi\u0119cej.\" \/>\n<meta name=\"robots\" content=\"index, follow, max-snippet:-1, max-image-preview:large, max-video-preview:-1\" \/>\n<link rel=\"canonical\" href=\"https:\/\/cardinal-tapes.com\/pl\/ta\u015bmy-samoprzylepne\/jednostronne-tasmy-samoprzylepne\/3-metrowa-tasma-uszczelniajaca-o-wysokiej-wydajnosci-4411b\/\" \/>\n<meta property=\"og:locale\" content=\"pl_PL\" \/>\n<meta property=\"og:type\" content=\"article\" \/>\n<meta property=\"og:title\" content=\"Wysokowydajna ta\u015bma uszczelniaj\u0105ca 3M\u2122 4411B | Cardinal TAPES\" \/>\n<meta property=\"og:description\" content=\"Wysokowydajna ta\u015bma uszczelniaj\u0105ca 3M 4411B jest stosowana g\u0142\u00f3wnie do wodoodpornego uszczelniania kontur\u00f3w, przej\u015b\u0107 itp. Dowiedz si\u0119 wi\u0119cej.\" \/>\n<meta property=\"og:url\" content=\"https:\/\/cardinal-tapes.com\/pl\/ta\u015bmy-samoprzylepne\/jednostronne-tasmy-samoprzylepne\/3-metrowa-tasma-uszczelniajaca-o-wysokiej-wydajnosci-4411b\/\" \/>\n<meta property=\"og:site_name\" content=\"cardinal TAPES\" \/>\n<meta property=\"article:modified_time\" content=\"2025-07-10T11:14:57+00:00\" \/>\n<meta property=\"og:image\" content=\"https:\/\/cardinal-tapes.com\/wp-content\/uploads\/3m_hochleistung_dichtband_4411.jpg\" \/>\n\t<meta property=\"og:image:width\" content=\"600\" \/>\n\t<meta property=\"og:image:height\" content=\"600\" \/>\n\t<meta property=\"og:image:type\" content=\"image\/jpeg\" \/>\n<meta name=\"twitter:card\" content=\"summary_large_image\" \/>\n<meta name=\"twitter:label1\" content=\"Szacowany czas czytania\" \/>\n\t<meta name=\"twitter:data1\" content=\"1 minuta\" \/>\n<script type=\"application\/ld+json\" class=\"yoast-schema-graph\">{\"@context\":\"https:\\\/\\\/schema.org\",\"@graph\":[{\"@type\":\"WebPage\",\"@id\":\"https:\\\/\\\/cardinal-tapes.com\\\/pl\\\/ta\u015bmy-samoprzylepne\\\/jednostronne-tasmy-samoprzylepne\\\/3-metrowa-tasma-uszczelniajaca-o-wysokiej-wydajnosci-4411b\\\/\",\"url\":\"https:\\\/\\\/cardinal-tapes.com\\\/pl\\\/ta\u015bmy-samoprzylepne\\\/jednostronne-tasmy-samoprzylepne\\\/3-metrowa-tasma-uszczelniajaca-o-wysokiej-wydajnosci-4411b\\\/\",\"name\":\"Wysokowydajna ta\u015bma uszczelniaj\u0105ca 3M\u2122 4411B | Cardinal TAPES\",\"isPartOf\":{\"@id\":\"https:\\\/\\\/cardinal-tapes.com\\\/#website\"},\"primaryImageOfPage\":{\"@id\":\"https:\\\/\\\/cardinal-tapes.com\\\/pl\\\/ta\u015bmy-samoprzylepne\\\/jednostronne-tasmy-samoprzylepne\\\/3-metrowa-tasma-uszczelniajaca-o-wysokiej-wydajnosci-4411b\\\/#primaryimage\"},\"image\":{\"@id\":\"https:\\\/\\\/cardinal-tapes.com\\\/pl\\\/ta\u015bmy-samoprzylepne\\\/jednostronne-tasmy-samoprzylepne\\\/3-metrowa-tasma-uszczelniajaca-o-wysokiej-wydajnosci-4411b\\\/#primaryimage\"},\"thumbnailUrl\":\"https:\\\/\\\/cardinal-tapes.com\\\/wp-content\\\/uploads\\\/3m_hochleistung_dichtband_4411.jpg\",\"datePublished\":\"2023-06-06T08:21:31+00:00\",\"dateModified\":\"2025-07-10T11:14:57+00:00\",\"description\":\"Wysokowydajna ta\u015bma uszczelniaj\u0105ca 3M 4411B jest stosowana g\u0142\u00f3wnie do wodoodpornego uszczelniania kontur\u00f3w, przej\u015b\u0107 itp. Dowiedz si\u0119 wi\u0119cej.\",\"breadcrumb\":{\"@id\":\"https:\\\/\\\/cardinal-tapes.com\\\/pl\\\/ta\u015bmy-samoprzylepne\\\/jednostronne-tasmy-samoprzylepne\\\/3-metrowa-tasma-uszczelniajaca-o-wysokiej-wydajnosci-4411b\\\/#breadcrumb\"},\"inLanguage\":\"pl-PL\",\"potentialAction\":[{\"@type\":\"ReadAction\",\"target\":[\"https:\\\/\\\/cardinal-tapes.com\\\/pl\\\/ta\u015bmy-samoprzylepne\\\/jednostronne-tasmy-samoprzylepne\\\/3-metrowa-tasma-uszczelniajaca-o-wysokiej-wydajnosci-4411b\\\/\"]}]},{\"@type\":\"ImageObject\",\"inLanguage\":\"pl-PL\",\"@id\":\"https:\\\/\\\/cardinal-tapes.com\\\/pl\\\/ta\u015bmy-samoprzylepne\\\/jednostronne-tasmy-samoprzylepne\\\/3-metrowa-tasma-uszczelniajaca-o-wysokiej-wydajnosci-4411b\\\/#primaryimage\",\"url\":\"https:\\\/\\\/cardinal-tapes.com\\\/wp-content\\\/uploads\\\/3m_hochleistung_dichtband_4411.jpg\",\"contentUrl\":\"https:\\\/\\\/cardinal-tapes.com\\\/wp-content\\\/uploads\\\/3m_hochleistung_dichtband_4411.jpg\",\"width\":600,\"height\":600,\"caption\":\"Ta\u015bma uszczelniaj\u0105ca 3M 4411\"},{\"@type\":\"BreadcrumbList\",\"@id\":\"https:\\\/\\\/cardinal-tapes.com\\\/pl\\\/ta\u015bmy-samoprzylepne\\\/jednostronne-tasmy-samoprzylepne\\\/3-metrowa-tasma-uszczelniajaca-o-wysokiej-wydajnosci-4411b\\\/#breadcrumb\",\"itemListElement\":[{\"@type\":\"ListItem\",\"position\":1,\"name\":\"Startseite\",\"item\":\"https:\\\/\\\/cardinal-tapes.com\\\/pl\\\/strona-glowna\\\/\"},{\"@type\":\"ListItem\",\"position\":2,\"name\":\"Ta\u015bmy samoprzylepne\",\"item\":\"https:\\\/\\\/cardinal-tapes.com\\\/pl\\\/tasmy-samoprzylepne-pl\\\/\"},{\"@type\":\"ListItem\",\"position\":3,\"name\":\"Jednostronne ta\u015bmy samoprzylepne\",\"item\":\"https:\\\/\\\/cardinal-tapes.com\\\/pl\\\/kategoria\\\/jednostronne-tasmy-samoprzylepne\\\/\"},{\"@type\":\"ListItem\",\"position\":4,\"name\":\"Wysokowydajna ta\u015bma uszczelniaj\u0105ca 3M\u2122 4411B\"}]},{\"@type\":\"WebSite\",\"@id\":\"https:\\\/\\\/cardinal-tapes.com\\\/#website\",\"url\":\"https:\\\/\\\/cardinal-tapes.com\\\/\",\"name\":\"cardinal TAPES\",\"description\":\"Klebetechnik aus Wuppertal\",\"potentialAction\":[{\"@type\":\"SearchAction\",\"target\":{\"@type\":\"EntryPoint\",\"urlTemplate\":\"https:\\\/\\\/cardinal-tapes.com\\\/?s={search_term_string}\"},\"query-input\":{\"@type\":\"PropertyValueSpecification\",\"valueRequired\":true,\"valueName\":\"search_term_string\"}}],\"inLanguage\":\"pl-PL\"}]}<\/script>\n<!-- \/ Yoast SEO plugin. -->","yoast_head_json":{"title":"Wysokowydajna ta\u015bma uszczelniaj\u0105ca 3M\u2122 4411B | Cardinal TAPES","description":"Wysokowydajna ta\u015bma uszczelniaj\u0105ca 3M 4411B jest stosowana g\u0142\u00f3wnie do wodoodpornego uszczelniania kontur\u00f3w, przej\u015b\u0107 itp. Dowiedz si\u0119 wi\u0119cej.","robots":{"index":"index","follow":"follow","max-snippet":"max-snippet:-1","max-image-preview":"max-image-preview:large","max-video-preview":"max-video-preview:-1"},"canonical":"https:\/\/cardinal-tapes.com\/pl\/ta\u015bmy-samoprzylepne\/jednostronne-tasmy-samoprzylepne\/3-metrowa-tasma-uszczelniajaca-o-wysokiej-wydajnosci-4411b\/","og_locale":"pl_PL","og_type":"article","og_title":"Wysokowydajna ta\u015bma uszczelniaj\u0105ca 3M\u2122 4411B | Cardinal TAPES","og_description":"Wysokowydajna ta\u015bma uszczelniaj\u0105ca 3M 4411B jest stosowana g\u0142\u00f3wnie do wodoodpornego uszczelniania kontur\u00f3w, przej\u015b\u0107 itp. Dowiedz si\u0119 wi\u0119cej.","og_url":"https:\/\/cardinal-tapes.com\/pl\/ta\u015bmy-samoprzylepne\/jednostronne-tasmy-samoprzylepne\/3-metrowa-tasma-uszczelniajaca-o-wysokiej-wydajnosci-4411b\/","og_site_name":"cardinal TAPES","article_modified_time":"2025-07-10T11:14:57+00:00","og_image":[{"width":600,"height":600,"url":"https:\/\/cardinal-tapes.com\/wp-content\/uploads\/3m_hochleistung_dichtband_4411.jpg","type":"image\/jpeg"}],"twitter_card":"summary_large_image","twitter_misc":{"Szacowany czas czytania":"1 minuta"},"schema":{"@context":"https:\/\/schema.org","@graph":[{"@type":"WebPage","@id":"https:\/\/cardinal-tapes.com\/pl\/ta\u015bmy-samoprzylepne\/jednostronne-tasmy-samoprzylepne\/3-metrowa-tasma-uszczelniajaca-o-wysokiej-wydajnosci-4411b\/","url":"https:\/\/cardinal-tapes.com\/pl\/ta\u015bmy-samoprzylepne\/jednostronne-tasmy-samoprzylepne\/3-metrowa-tasma-uszczelniajaca-o-wysokiej-wydajnosci-4411b\/","name":"Wysokowydajna ta\u015bma uszczelniaj\u0105ca 3M\u2122 4411B | Cardinal TAPES","isPartOf":{"@id":"https:\/\/cardinal-tapes.com\/#website"},"primaryImageOfPage":{"@id":"https:\/\/cardinal-tapes.com\/pl\/ta\u015bmy-samoprzylepne\/jednostronne-tasmy-samoprzylepne\/3-metrowa-tasma-uszczelniajaca-o-wysokiej-wydajnosci-4411b\/#primaryimage"},"image":{"@id":"https:\/\/cardinal-tapes.com\/pl\/ta\u015bmy-samoprzylepne\/jednostronne-tasmy-samoprzylepne\/3-metrowa-tasma-uszczelniajaca-o-wysokiej-wydajnosci-4411b\/#primaryimage"},"thumbnailUrl":"https:\/\/cardinal-tapes.com\/wp-content\/uploads\/3m_hochleistung_dichtband_4411.jpg","datePublished":"2023-06-06T08:21:31+00:00","dateModified":"2025-07-10T11:14:57+00:00","description":"Wysokowydajna ta\u015bma uszczelniaj\u0105ca 3M 4411B jest stosowana g\u0142\u00f3wnie do wodoodpornego uszczelniania kontur\u00f3w, przej\u015b\u0107 itp. Dowiedz si\u0119 wi\u0119cej.","breadcrumb":{"@id":"https:\/\/cardinal-tapes.com\/pl\/ta\u015bmy-samoprzylepne\/jednostronne-tasmy-samoprzylepne\/3-metrowa-tasma-uszczelniajaca-o-wysokiej-wydajnosci-4411b\/#breadcrumb"},"inLanguage":"pl-PL","potentialAction":[{"@type":"ReadAction","target":["https:\/\/cardinal-tapes.com\/pl\/ta\u015bmy-samoprzylepne\/jednostronne-tasmy-samoprzylepne\/3-metrowa-tasma-uszczelniajaca-o-wysokiej-wydajnosci-4411b\/"]}]},{"@type":"ImageObject","inLanguage":"pl-PL","@id":"https:\/\/cardinal-tapes.com\/pl\/ta\u015bmy-samoprzylepne\/jednostronne-tasmy-samoprzylepne\/3-metrowa-tasma-uszczelniajaca-o-wysokiej-wydajnosci-4411b\/#primaryimage","url":"https:\/\/cardinal-tapes.com\/wp-content\/uploads\/3m_hochleistung_dichtband_4411.jpg","contentUrl":"https:\/\/cardinal-tapes.com\/wp-content\/uploads\/3m_hochleistung_dichtband_4411.jpg","width":600,"height":600,"caption":"Ta\u015bma uszczelniaj\u0105ca 3M 4411"},{"@type":"BreadcrumbList","@id":"https:\/\/cardinal-tapes.com\/pl\/ta\u015bmy-samoprzylepne\/jednostronne-tasmy-samoprzylepne\/3-metrowa-tasma-uszczelniajaca-o-wysokiej-wydajnosci-4411b\/#breadcrumb","itemListElement":[{"@type":"ListItem","position":1,"name":"Startseite","item":"https:\/\/cardinal-tapes.com\/pl\/strona-glowna\/"},{"@type":"ListItem","position":2,"name":"Ta\u015bmy samoprzylepne","item":"https:\/\/cardinal-tapes.com\/pl\/tasmy-samoprzylepne-pl\/"},{"@type":"ListItem","position":3,"name":"Jednostronne ta\u015bmy samoprzylepne","item":"https:\/\/cardinal-tapes.com\/pl\/kategoria\/jednostronne-tasmy-samoprzylepne\/"},{"@type":"ListItem","position":4,"name":"Wysokowydajna ta\u015bma uszczelniaj\u0105ca 3M\u2122 4411B"}]},{"@type":"WebSite","@id":"https:\/\/cardinal-tapes.com\/#website","url":"https:\/\/cardinal-tapes.com\/","name":"cardinal TAPES","description":"Klebetechnik aus Wuppertal","potentialAction":[{"@type":"SearchAction","target":{"@type":"EntryPoint","urlTemplate":"https:\/\/cardinal-tapes.com\/?s={search_term_string}"},"query-input":{"@type":"PropertyValueSpecification","valueRequired":true,"valueName":"search_term_string"}}],"inLanguage":"pl-PL"}]}},"brands":[{"id":2168,"name":"3M","slug":"3m-pl"}],"_links":{"self":[{"href":"https:\/\/cardinal-tapes.com\/pl\/wp-json\/wp\/v2\/product\/63994","targetHints":{"allow":["GET"]}}],"collection":[{"href":"https:\/\/cardinal-tapes.com\/pl\/wp-json\/wp\/v2\/product"}],"about":[{"href":"https:\/\/cardinal-tapes.com\/pl\/wp-json\/wp\/v2\/types\/product"}],"wp:featuredmedia":[{"embeddable":true,"href":"https:\/\/cardinal-tapes.com\/pl\/wp-json\/wp\/v2\/media\/24394"}],"wp:attachment":[{"href":"https:\/\/cardinal-tapes.com\/pl\/wp-json\/wp\/v2\/media?parent=63994"}],"wp:term":[{"taxonomy":"pwb-brand","embeddable":true,"href":"https:\/\/cardinal-tapes.com\/pl\/wp-json\/wp\/v2\/pwb-brand?post=63994"},{"taxonomy":"product_brand","embeddable":true,"href":"https:\/\/cardinal-tapes.com\/pl\/wp-json\/wp\/v2\/product_brand?post=63994"},{"taxonomy":"product_cat","embeddable":true,"href":"https:\/\/cardinal-tapes.com\/pl\/wp-json\/wp\/v2\/product_cat?post=63994"},{"taxonomy":"product_tag","embeddable":true,"href":"https:\/\/cardinal-tapes.com\/pl\/wp-json\/wp\/v2\/product_tag?post=63994"}],"curies":[{"name":"wp","href":"https:\/\/api.w.org\/{rel}","templated":true}]}}