{"id":63953,"date":"2017-12-08T08:31:29","date_gmt":"2023-06-06T08:21:30","guid":{"rendered":"https:\/\/cardinal.pixel-tal.de\/klebebaender\/bez-kategorii\/tasma-transferowa-3m-927\/"},"modified":"2023-06-06T10:21:30","modified_gmt":"2023-06-06T08:21:30","slug":"3m-927-filmy-przylepne-bez-nosnikow","status":"publish","type":"product","link":"https:\/\/cardinal-tapes.com\/pl\/ta\u015bmy-samoprzylepne\/tasmy-dwustronnie-klejace\/3m-927-filmy-przylepne-bez-nosnikow\/","title":{"rendered":"Ta\u015bma transferowa 3M\u2122 927"},"content":{"rendered":"<p>Folia samoprzylepna 3M 927 bez no\u015bnika sk\u0142ada si\u0119 ze zmodyfikowanego kleju akrylowego, kt\u00f3ry charakteryzuje si\u0119 bardzo dobr\u0105 natychmiastow\u0105 przyczepno\u015bci\u0105. Klej jest stosowany g\u0142\u00f3wnie do \u0142\u0105czenia metalu, drewna i tworzyw sztucznych. Jednak ze wzgl\u0119du na du\u017c\u0105 elastyczno\u015b\u0107 kleju mo\u017cliwe s\u0105 tak\u017ce inne zastosowania.<\/p>\n","protected":false},"excerpt":{"rendered":"<p>Folia samoprzylepna 3M 927 bez no\u015bnika sk\u0142ada si\u0119 ze zmodyfikowanego kleju akrylowego, kt\u00f3ry charakteryzuje si\u0119 bardzo dobr\u0105 natychmiastow\u0105 przyczepno\u015bci\u0105. Klej jest stosowany g\u0142\u00f3wnie do \u0142\u0105czenia metalu, drewna i tworzyw sztucznych. Jednak ze wzgl\u0119du na du\u017c\u0105 elastyczno\u015b\u0107 kleju mo\u017cliwe s\u0105 tak\u017ce inne zastosowania.<\/p>\n","protected":false},"featured_media":24326,"template":"","meta":{"_acf_changed":false},"pwb-brand":[2168],"product_brand":[],"product_cat":[1814],"product_tag":[],"class_list":{"0":"post-63953","1":"product","2":"type-product","3":"status-publish","4":"has-post-thumbnail","6":"pwb-brand-3m-pl","7":"product_cat-tasmy-dwustronnie-klejace","9":"first","10":"instock","11":"taxable","12":"shipping-taxable","13":"purchasable","14":"product-type-variable"},"acf":[],"yoast_head":"<!-- This site is optimized with the Yoast SEO plugin v27.3 - https:\/\/yoast.com\/product\/yoast-seo-wordpress\/ -->\n<title>3M 927 Folie samoprzylepne bez no\u015bnika | Ta\u015bmy kardynalne<\/title>\n<meta name=\"description\" content=\"Folia samoprzylepna 3M 927 bez no\u015bnika sk\u0142ada si\u0119 ze zmodyfikowanego kleju akrylowego, kt\u00f3ry charakteryzuje si\u0119 bardzo dobr\u0105 natychmiastow\u0105 przyczepno\u015bci\u0105. Dowiedz si\u0119 wi\u0119cej.\" \/>\n<meta name=\"robots\" content=\"index, follow, max-snippet:-1, max-image-preview:large, max-video-preview:-1\" \/>\n<link rel=\"canonical\" href=\"https:\/\/cardinal-tapes.com\/pl\/ta\u015bmy-samoprzylepne\/tasmy-dwustronnie-klejace\/3m-927-filmy-przylepne-bez-nosnikow\/\" \/>\n<meta property=\"og:locale\" content=\"pl_PL\" \/>\n<meta property=\"og:type\" content=\"article\" \/>\n<meta property=\"og:title\" content=\"3M 927 Folie samoprzylepne bez no\u015bnika | Ta\u015bmy kardynalne\" \/>\n<meta property=\"og:description\" content=\"Folia samoprzylepna 3M 927 bez no\u015bnika sk\u0142ada si\u0119 ze zmodyfikowanego kleju akrylowego, kt\u00f3ry charakteryzuje si\u0119 bardzo dobr\u0105 natychmiastow\u0105 przyczepno\u015bci\u0105. Dowiedz si\u0119 wi\u0119cej.\" \/>\n<meta property=\"og:url\" content=\"https:\/\/cardinal-tapes.com\/pl\/ta\u015bmy-samoprzylepne\/tasmy-dwustronnie-klejace\/3m-927-filmy-przylepne-bez-nosnikow\/\" \/>\n<meta property=\"og:site_name\" content=\"cardinal TAPES\" \/>\n<meta property=\"og:image\" content=\"https:\/\/cardinal-tapes.com\/wp-content\/uploads\/3m_972.jpg\" \/>\n\t<meta property=\"og:image:width\" content=\"600\" \/>\n\t<meta property=\"og:image:height\" content=\"600\" \/>\n\t<meta property=\"og:image:type\" content=\"image\/jpeg\" \/>\n<meta name=\"twitter:card\" content=\"summary_large_image\" \/>\n<script type=\"application\/ld+json\" class=\"yoast-schema-graph\">{\"@context\":\"https:\\\/\\\/schema.org\",\"@graph\":[{\"@type\":\"WebPage\",\"@id\":\"https:\\\/\\\/cardinal-tapes.com\\\/pl\\\/ta\u015bmy-samoprzylepne\\\/tasmy-dwustronnie-klejace\\\/3m-927-filmy-przylepne-bez-nosnikow\\\/\",\"url\":\"https:\\\/\\\/cardinal-tapes.com\\\/pl\\\/ta\u015bmy-samoprzylepne\\\/tasmy-dwustronnie-klejace\\\/3m-927-filmy-przylepne-bez-nosnikow\\\/\",\"name\":\"3M 927 Folie samoprzylepne bez no\u015bnika | Ta\u015bmy kardynalne\",\"isPartOf\":{\"@id\":\"https:\\\/\\\/cardinal-tapes.com\\\/#website\"},\"primaryImageOfPage\":{\"@id\":\"https:\\\/\\\/cardinal-tapes.com\\\/pl\\\/ta\u015bmy-samoprzylepne\\\/tasmy-dwustronnie-klejace\\\/3m-927-filmy-przylepne-bez-nosnikow\\\/#primaryimage\"},\"image\":{\"@id\":\"https:\\\/\\\/cardinal-tapes.com\\\/pl\\\/ta\u015bmy-samoprzylepne\\\/tasmy-dwustronnie-klejace\\\/3m-927-filmy-przylepne-bez-nosnikow\\\/#primaryimage\"},\"thumbnailUrl\":\"https:\\\/\\\/cardinal-tapes.com\\\/wp-content\\\/uploads\\\/3m_972.jpg\",\"datePublished\":\"2023-06-06T08:21:30+00:00\",\"description\":\"Folia samoprzylepna 3M 927 bez no\u015bnika sk\u0142ada si\u0119 ze zmodyfikowanego kleju akrylowego, kt\u00f3ry charakteryzuje si\u0119 bardzo dobr\u0105 natychmiastow\u0105 przyczepno\u015bci\u0105. Dowiedz si\u0119 wi\u0119cej.\",\"breadcrumb\":{\"@id\":\"https:\\\/\\\/cardinal-tapes.com\\\/pl\\\/ta\u015bmy-samoprzylepne\\\/tasmy-dwustronnie-klejace\\\/3m-927-filmy-przylepne-bez-nosnikow\\\/#breadcrumb\"},\"inLanguage\":\"pl-PL\",\"potentialAction\":[{\"@type\":\"ReadAction\",\"target\":[\"https:\\\/\\\/cardinal-tapes.com\\\/pl\\\/ta\u015bmy-samoprzylepne\\\/tasmy-dwustronnie-klejace\\\/3m-927-filmy-przylepne-bez-nosnikow\\\/\"]}]},{\"@type\":\"ImageObject\",\"inLanguage\":\"pl-PL\",\"@id\":\"https:\\\/\\\/cardinal-tapes.com\\\/pl\\\/ta\u015bmy-samoprzylepne\\\/tasmy-dwustronnie-klejace\\\/3m-927-filmy-przylepne-bez-nosnikow\\\/#primaryimage\",\"url\":\"https:\\\/\\\/cardinal-tapes.com\\\/wp-content\\\/uploads\\\/3m_972.jpg\",\"contentUrl\":\"https:\\\/\\\/cardinal-tapes.com\\\/wp-content\\\/uploads\\\/3m_972.jpg\",\"width\":600,\"height\":600},{\"@type\":\"BreadcrumbList\",\"@id\":\"https:\\\/\\\/cardinal-tapes.com\\\/pl\\\/ta\u015bmy-samoprzylepne\\\/tasmy-dwustronnie-klejace\\\/3m-927-filmy-przylepne-bez-nosnikow\\\/#breadcrumb\",\"itemListElement\":[{\"@type\":\"ListItem\",\"position\":1,\"name\":\"Startseite\",\"item\":\"https:\\\/\\\/cardinal-tapes.com\\\/pl\\\/strona-glowna\\\/\"},{\"@type\":\"ListItem\",\"position\":2,\"name\":\"Ta\u015bmy samoprzylepne\",\"item\":\"https:\\\/\\\/cardinal-tapes.com\\\/pl\\\/tasmy-samoprzylepne-pl\\\/\"},{\"@type\":\"ListItem\",\"position\":3,\"name\":\"Ta\u015bmy dwustronnie klej\u0105ce\",\"item\":\"https:\\\/\\\/cardinal-tapes.com\\\/pl\\\/kategoria\\\/tasmy-dwustronnie-klejace\\\/\"},{\"@type\":\"ListItem\",\"position\":4,\"name\":\"Ta\u015bma transferowa 3M\u2122 927\"}]},{\"@type\":\"WebSite\",\"@id\":\"https:\\\/\\\/cardinal-tapes.com\\\/#website\",\"url\":\"https:\\\/\\\/cardinal-tapes.com\\\/\",\"name\":\"cardinal TAPES\",\"description\":\"Klebetechnik aus Wuppertal\",\"potentialAction\":[{\"@type\":\"SearchAction\",\"target\":{\"@type\":\"EntryPoint\",\"urlTemplate\":\"https:\\\/\\\/cardinal-tapes.com\\\/?s={search_term_string}\"},\"query-input\":{\"@type\":\"PropertyValueSpecification\",\"valueRequired\":true,\"valueName\":\"search_term_string\"}}],\"inLanguage\":\"pl-PL\"}]}<\/script>\n<!-- \/ Yoast SEO plugin. -->","yoast_head_json":{"title":"3M 927 Folie samoprzylepne bez no\u015bnika | Ta\u015bmy kardynalne","description":"Folia samoprzylepna 3M 927 bez no\u015bnika sk\u0142ada si\u0119 ze zmodyfikowanego kleju akrylowego, kt\u00f3ry charakteryzuje si\u0119 bardzo dobr\u0105 natychmiastow\u0105 przyczepno\u015bci\u0105. Dowiedz si\u0119 wi\u0119cej.","robots":{"index":"index","follow":"follow","max-snippet":"max-snippet:-1","max-image-preview":"max-image-preview:large","max-video-preview":"max-video-preview:-1"},"canonical":"https:\/\/cardinal-tapes.com\/pl\/ta\u015bmy-samoprzylepne\/tasmy-dwustronnie-klejace\/3m-927-filmy-przylepne-bez-nosnikow\/","og_locale":"pl_PL","og_type":"article","og_title":"3M 927 Folie samoprzylepne bez no\u015bnika | Ta\u015bmy kardynalne","og_description":"Folia samoprzylepna 3M 927 bez no\u015bnika sk\u0142ada si\u0119 ze zmodyfikowanego kleju akrylowego, kt\u00f3ry charakteryzuje si\u0119 bardzo dobr\u0105 natychmiastow\u0105 przyczepno\u015bci\u0105. Dowiedz si\u0119 wi\u0119cej.","og_url":"https:\/\/cardinal-tapes.com\/pl\/ta\u015bmy-samoprzylepne\/tasmy-dwustronnie-klejace\/3m-927-filmy-przylepne-bez-nosnikow\/","og_site_name":"cardinal TAPES","og_image":[{"width":600,"height":600,"url":"https:\/\/cardinal-tapes.com\/wp-content\/uploads\/3m_972.jpg","type":"image\/jpeg"}],"twitter_card":"summary_large_image","schema":{"@context":"https:\/\/schema.org","@graph":[{"@type":"WebPage","@id":"https:\/\/cardinal-tapes.com\/pl\/ta\u015bmy-samoprzylepne\/tasmy-dwustronnie-klejace\/3m-927-filmy-przylepne-bez-nosnikow\/","url":"https:\/\/cardinal-tapes.com\/pl\/ta\u015bmy-samoprzylepne\/tasmy-dwustronnie-klejace\/3m-927-filmy-przylepne-bez-nosnikow\/","name":"3M 927 Folie samoprzylepne bez no\u015bnika | Ta\u015bmy kardynalne","isPartOf":{"@id":"https:\/\/cardinal-tapes.com\/#website"},"primaryImageOfPage":{"@id":"https:\/\/cardinal-tapes.com\/pl\/ta\u015bmy-samoprzylepne\/tasmy-dwustronnie-klejace\/3m-927-filmy-przylepne-bez-nosnikow\/#primaryimage"},"image":{"@id":"https:\/\/cardinal-tapes.com\/pl\/ta\u015bmy-samoprzylepne\/tasmy-dwustronnie-klejace\/3m-927-filmy-przylepne-bez-nosnikow\/#primaryimage"},"thumbnailUrl":"https:\/\/cardinal-tapes.com\/wp-content\/uploads\/3m_972.jpg","datePublished":"2023-06-06T08:21:30+00:00","description":"Folia samoprzylepna 3M 927 bez no\u015bnika sk\u0142ada si\u0119 ze zmodyfikowanego kleju akrylowego, kt\u00f3ry charakteryzuje si\u0119 bardzo dobr\u0105 natychmiastow\u0105 przyczepno\u015bci\u0105. Dowiedz si\u0119 wi\u0119cej.","breadcrumb":{"@id":"https:\/\/cardinal-tapes.com\/pl\/ta\u015bmy-samoprzylepne\/tasmy-dwustronnie-klejace\/3m-927-filmy-przylepne-bez-nosnikow\/#breadcrumb"},"inLanguage":"pl-PL","potentialAction":[{"@type":"ReadAction","target":["https:\/\/cardinal-tapes.com\/pl\/ta\u015bmy-samoprzylepne\/tasmy-dwustronnie-klejace\/3m-927-filmy-przylepne-bez-nosnikow\/"]}]},{"@type":"ImageObject","inLanguage":"pl-PL","@id":"https:\/\/cardinal-tapes.com\/pl\/ta\u015bmy-samoprzylepne\/tasmy-dwustronnie-klejace\/3m-927-filmy-przylepne-bez-nosnikow\/#primaryimage","url":"https:\/\/cardinal-tapes.com\/wp-content\/uploads\/3m_972.jpg","contentUrl":"https:\/\/cardinal-tapes.com\/wp-content\/uploads\/3m_972.jpg","width":600,"height":600},{"@type":"BreadcrumbList","@id":"https:\/\/cardinal-tapes.com\/pl\/ta\u015bmy-samoprzylepne\/tasmy-dwustronnie-klejace\/3m-927-filmy-przylepne-bez-nosnikow\/#breadcrumb","itemListElement":[{"@type":"ListItem","position":1,"name":"Startseite","item":"https:\/\/cardinal-tapes.com\/pl\/strona-glowna\/"},{"@type":"ListItem","position":2,"name":"Ta\u015bmy samoprzylepne","item":"https:\/\/cardinal-tapes.com\/pl\/tasmy-samoprzylepne-pl\/"},{"@type":"ListItem","position":3,"name":"Ta\u015bmy dwustronnie klej\u0105ce","item":"https:\/\/cardinal-tapes.com\/pl\/kategoria\/tasmy-dwustronnie-klejace\/"},{"@type":"ListItem","position":4,"name":"Ta\u015bma transferowa 3M\u2122 927"}]},{"@type":"WebSite","@id":"https:\/\/cardinal-tapes.com\/#website","url":"https:\/\/cardinal-tapes.com\/","name":"cardinal TAPES","description":"Klebetechnik aus Wuppertal","potentialAction":[{"@type":"SearchAction","target":{"@type":"EntryPoint","urlTemplate":"https:\/\/cardinal-tapes.com\/?s={search_term_string}"},"query-input":{"@type":"PropertyValueSpecification","valueRequired":true,"valueName":"search_term_string"}}],"inLanguage":"pl-PL"}]}},"brands":[{"id":2168,"name":"3M","slug":"3m-pl"}],"_links":{"self":[{"href":"https:\/\/cardinal-tapes.com\/pl\/wp-json\/wp\/v2\/product\/63953","targetHints":{"allow":["GET"]}}],"collection":[{"href":"https:\/\/cardinal-tapes.com\/pl\/wp-json\/wp\/v2\/product"}],"about":[{"href":"https:\/\/cardinal-tapes.com\/pl\/wp-json\/wp\/v2\/types\/product"}],"wp:featuredmedia":[{"embeddable":true,"href":"https:\/\/cardinal-tapes.com\/pl\/wp-json\/wp\/v2\/media\/24326"}],"wp:attachment":[{"href":"https:\/\/cardinal-tapes.com\/pl\/wp-json\/wp\/v2\/media?parent=63953"}],"wp:term":[{"taxonomy":"pwb-brand","embeddable":true,"href":"https:\/\/cardinal-tapes.com\/pl\/wp-json\/wp\/v2\/pwb-brand?post=63953"},{"taxonomy":"product_brand","embeddable":true,"href":"https:\/\/cardinal-tapes.com\/pl\/wp-json\/wp\/v2\/product_brand?post=63953"},{"taxonomy":"product_cat","embeddable":true,"href":"https:\/\/cardinal-tapes.com\/pl\/wp-json\/wp\/v2\/product_cat?post=63953"},{"taxonomy":"product_tag","embeddable":true,"href":"https:\/\/cardinal-tapes.com\/pl\/wp-json\/wp\/v2\/product_tag?post=63953"}],"curies":[{"name":"wp","href":"https:\/\/api.w.org\/{rel}","templated":true}]}}