{"id":63951,"date":"2017-12-08T08:33:34","date_gmt":"2023-06-06T08:21:30","guid":{"rendered":"https:\/\/cardinal.pixel-tal.de\/klebebaender\/bez-kategorii\/tasma-dwustronna-3m-9415pc\/"},"modified":"2025-07-18T08:49:45","modified_gmt":"2025-07-18T06:49:45","slug":"3m-9415-double-sided-adhesive-tape","status":"publish","type":"product","link":"https:\/\/cardinal-tapes.com\/pl\/ta\u015bmy-samoprzylepne\/tasmy-dwustronnie-klejace\/3m-9415-double-sided-adhesive-tape\/","title":{"rendered":"Ta\u015bma dwustronna 3M\u2122 9415PC"},"content":{"rendered":"<p>3M\u2122 9415 PC Tape to przezroczysta, dwustronna ta\u015bma samoprzylepna z podk\u0142adem z w\u0142\u00f3kniny papierowej. Z jednej strony jest wyposa\u017cona w usuwaln\u0105 warstw\u0119 klej\u0105c\u0105, a z drugiej w klej permanentny.<\/p>\n<p><strong>W\u0142a\u015bciwo\u015bci<\/strong><br \/>\n3M\u2122 9415 PC z no\u015bnikiem poliestrowym jest wyposa\u017cony w usuwalny klej po jednej stronie. Druga strona posiada klej do trwa\u0142ego \u0142\u0105czenia. Ta\u015bma samoprzylepna o grubo\u015bci 0,08 mm i odporno\u015bci na temperatur\u0119 do +65 \u00b0C jest szczeg\u00f3lnie odpowiednia do materia\u0142\u00f3w reklamowych i promocyjnych, wymiennych dokument\u00f3w planistycznych i prezentacyjnych oraz do wymiennego mocowania kart plastikowych i lojalno\u015bciowych.<\/p>\n<p><strong>Zastosowania<\/strong><br \/>\n&#8211; Mocowanie artyku\u0142\u00f3w promocyjnych<br \/>\n&#8211; Zdejmowane\/wymienne materia\u0142y promocyjne<br \/>\n&#8211; Tymczasowe pozycjonowanie ramek piankowych<br \/>\n&#8211; Do mocowania dokument\u00f3w i folder\u00f3w<\/p>\n","protected":false},"excerpt":{"rendered":"<p>3M\u2122 9415 PC Tape to przezroczysta, dwustronna ta\u015bma samoprzylepna z podk\u0142adem z w\u0142\u00f3kniny papierowej. Z jednej strony jest wyposa\u017cona w usuwaln\u0105 warstw\u0119 klej\u0105c\u0105, a z drugiej w klej permanentny. W\u0142a\u015bciwo\u015bci 3M\u2122 9415 PC z no\u015bnikiem poliestrowym jest wyposa\u017cony w usuwalny klej po jednej stronie. Druga strona posiada klej do trwa\u0142ego \u0142\u0105czenia. Ta\u015bma samoprzylepna o grubo\u015bci [&hellip;]<\/p>\n","protected":false},"featured_media":24402,"template":"","meta":{"_acf_changed":false},"pwb-brand":[2168],"product_brand":[],"product_cat":[1814],"product_tag":[],"class_list":{"0":"post-63951","1":"product","2":"type-product","3":"status-publish","4":"has-post-thumbnail","6":"pwb-brand-3m-pl","7":"product_cat-tasmy-dwustronnie-klejace","9":"first","10":"instock","11":"taxable","12":"shipping-taxable","13":"purchasable","14":"product-type-variable"},"acf":[],"yoast_head":"<!-- This site is optimized with the Yoast SEO plugin v27.3 - https:\/\/yoast.com\/product\/yoast-seo-wordpress\/ -->\n<title>Ta\u015bma dwustronna 3M 9415 | Cardinal TAPES<\/title>\n<meta name=\"description\" content=\"Dwustronna ta\u015bma 3M 9415 posiada warstw\u0119 klej\u0105c\u0105 po jednej stronie i klej zapewniaj\u0105cy trwa\u0142\u0105 przyczepno\u015b\u0107 po drugiej.\" \/>\n<meta name=\"robots\" content=\"index, follow, max-snippet:-1, max-image-preview:large, max-video-preview:-1\" \/>\n<link rel=\"canonical\" href=\"https:\/\/cardinal-tapes.com\/pl\/ta\u015bmy-samoprzylepne\/tasmy-dwustronnie-klejace\/3m-9415-double-sided-adhesive-tape\/\" \/>\n<meta property=\"og:locale\" content=\"pl_PL\" \/>\n<meta property=\"og:type\" content=\"article\" \/>\n<meta property=\"og:title\" content=\"Ta\u015bma dwustronna 3M 9415 | Cardinal TAPES\" \/>\n<meta property=\"og:description\" content=\"Dwustronna ta\u015bma 3M 9415 posiada warstw\u0119 klej\u0105c\u0105 po jednej stronie i klej zapewniaj\u0105cy trwa\u0142\u0105 przyczepno\u015b\u0107 po drugiej.\" \/>\n<meta property=\"og:url\" content=\"https:\/\/cardinal-tapes.com\/pl\/ta\u015bmy-samoprzylepne\/tasmy-dwustronnie-klejace\/3m-9415-double-sided-adhesive-tape\/\" \/>\n<meta property=\"og:site_name\" content=\"cardinal TAPES\" \/>\n<meta property=\"article:modified_time\" content=\"2025-07-18T06:49:45+00:00\" \/>\n<meta property=\"og:image\" content=\"https:\/\/cardinal-tapes.com\/wp-content\/uploads\/3m_doppelseitig_polyestertraeger_9415.jpg\" \/>\n\t<meta property=\"og:image:width\" content=\"600\" \/>\n\t<meta property=\"og:image:height\" content=\"600\" \/>\n\t<meta property=\"og:image:type\" content=\"image\/jpeg\" \/>\n<meta name=\"twitter:card\" content=\"summary_large_image\" \/>\n<meta name=\"twitter:label1\" content=\"Szacowany czas czytania\" \/>\n\t<meta name=\"twitter:data1\" content=\"1 minuta\" \/>\n<script type=\"application\/ld+json\" class=\"yoast-schema-graph\">{\"@context\":\"https:\\\/\\\/schema.org\",\"@graph\":[{\"@type\":\"WebPage\",\"@id\":\"https:\\\/\\\/cardinal-tapes.com\\\/pl\\\/ta\u015bmy-samoprzylepne\\\/tasmy-dwustronnie-klejace\\\/3m-9415-double-sided-adhesive-tape\\\/\",\"url\":\"https:\\\/\\\/cardinal-tapes.com\\\/pl\\\/ta\u015bmy-samoprzylepne\\\/tasmy-dwustronnie-klejace\\\/3m-9415-double-sided-adhesive-tape\\\/\",\"name\":\"Ta\u015bma dwustronna 3M 9415 | Cardinal TAPES\",\"isPartOf\":{\"@id\":\"https:\\\/\\\/cardinal-tapes.com\\\/#website\"},\"primaryImageOfPage\":{\"@id\":\"https:\\\/\\\/cardinal-tapes.com\\\/pl\\\/ta\u015bmy-samoprzylepne\\\/tasmy-dwustronnie-klejace\\\/3m-9415-double-sided-adhesive-tape\\\/#primaryimage\"},\"image\":{\"@id\":\"https:\\\/\\\/cardinal-tapes.com\\\/pl\\\/ta\u015bmy-samoprzylepne\\\/tasmy-dwustronnie-klejace\\\/3m-9415-double-sided-adhesive-tape\\\/#primaryimage\"},\"thumbnailUrl\":\"https:\\\/\\\/cardinal-tapes.com\\\/wp-content\\\/uploads\\\/3m_doppelseitig_polyestertraeger_9415.jpg\",\"datePublished\":\"2023-06-06T08:21:30+00:00\",\"dateModified\":\"2025-07-18T06:49:45+00:00\",\"description\":\"Dwustronna ta\u015bma 3M 9415 posiada warstw\u0119 klej\u0105c\u0105 po jednej stronie i klej zapewniaj\u0105cy trwa\u0142\u0105 przyczepno\u015b\u0107 po drugiej.\",\"breadcrumb\":{\"@id\":\"https:\\\/\\\/cardinal-tapes.com\\\/pl\\\/ta\u015bmy-samoprzylepne\\\/tasmy-dwustronnie-klejace\\\/3m-9415-double-sided-adhesive-tape\\\/#breadcrumb\"},\"inLanguage\":\"pl-PL\",\"potentialAction\":[{\"@type\":\"ReadAction\",\"target\":[\"https:\\\/\\\/cardinal-tapes.com\\\/pl\\\/ta\u015bmy-samoprzylepne\\\/tasmy-dwustronnie-klejace\\\/3m-9415-double-sided-adhesive-tape\\\/\"]}]},{\"@type\":\"ImageObject\",\"inLanguage\":\"pl-PL\",\"@id\":\"https:\\\/\\\/cardinal-tapes.com\\\/pl\\\/ta\u015bmy-samoprzylepne\\\/tasmy-dwustronnie-klejace\\\/3m-9415-double-sided-adhesive-tape\\\/#primaryimage\",\"url\":\"https:\\\/\\\/cardinal-tapes.com\\\/wp-content\\\/uploads\\\/3m_doppelseitig_polyestertraeger_9415.jpg\",\"contentUrl\":\"https:\\\/\\\/cardinal-tapes.com\\\/wp-content\\\/uploads\\\/3m_doppelseitig_polyestertraeger_9415.jpg\",\"width\":600,\"height\":600,\"caption\":\"3M Dwustronna ta\u015bma poliestrowa 9415\"},{\"@type\":\"BreadcrumbList\",\"@id\":\"https:\\\/\\\/cardinal-tapes.com\\\/pl\\\/ta\u015bmy-samoprzylepne\\\/tasmy-dwustronnie-klejace\\\/3m-9415-double-sided-adhesive-tape\\\/#breadcrumb\",\"itemListElement\":[{\"@type\":\"ListItem\",\"position\":1,\"name\":\"Startseite\",\"item\":\"https:\\\/\\\/cardinal-tapes.com\\\/pl\\\/strona-glowna\\\/\"},{\"@type\":\"ListItem\",\"position\":2,\"name\":\"Ta\u015bmy samoprzylepne\",\"item\":\"https:\\\/\\\/cardinal-tapes.com\\\/pl\\\/tasmy-samoprzylepne-pl\\\/\"},{\"@type\":\"ListItem\",\"position\":3,\"name\":\"Ta\u015bmy dwustronnie klej\u0105ce\",\"item\":\"https:\\\/\\\/cardinal-tapes.com\\\/pl\\\/kategoria\\\/tasmy-dwustronnie-klejace\\\/\"},{\"@type\":\"ListItem\",\"position\":4,\"name\":\"Ta\u015bma dwustronna 3M\u2122 9415PC\"}]},{\"@type\":\"WebSite\",\"@id\":\"https:\\\/\\\/cardinal-tapes.com\\\/#website\",\"url\":\"https:\\\/\\\/cardinal-tapes.com\\\/\",\"name\":\"cardinal TAPES\",\"description\":\"Klebetechnik aus Wuppertal\",\"potentialAction\":[{\"@type\":\"SearchAction\",\"target\":{\"@type\":\"EntryPoint\",\"urlTemplate\":\"https:\\\/\\\/cardinal-tapes.com\\\/?s={search_term_string}\"},\"query-input\":{\"@type\":\"PropertyValueSpecification\",\"valueRequired\":true,\"valueName\":\"search_term_string\"}}],\"inLanguage\":\"pl-PL\"}]}<\/script>\n<!-- \/ Yoast SEO plugin. -->","yoast_head_json":{"title":"Ta\u015bma dwustronna 3M 9415 | Cardinal TAPES","description":"Dwustronna ta\u015bma 3M 9415 posiada warstw\u0119 klej\u0105c\u0105 po jednej stronie i klej zapewniaj\u0105cy trwa\u0142\u0105 przyczepno\u015b\u0107 po drugiej.","robots":{"index":"index","follow":"follow","max-snippet":"max-snippet:-1","max-image-preview":"max-image-preview:large","max-video-preview":"max-video-preview:-1"},"canonical":"https:\/\/cardinal-tapes.com\/pl\/ta\u015bmy-samoprzylepne\/tasmy-dwustronnie-klejace\/3m-9415-double-sided-adhesive-tape\/","og_locale":"pl_PL","og_type":"article","og_title":"Ta\u015bma dwustronna 3M 9415 | Cardinal TAPES","og_description":"Dwustronna ta\u015bma 3M 9415 posiada warstw\u0119 klej\u0105c\u0105 po jednej stronie i klej zapewniaj\u0105cy trwa\u0142\u0105 przyczepno\u015b\u0107 po drugiej.","og_url":"https:\/\/cardinal-tapes.com\/pl\/ta\u015bmy-samoprzylepne\/tasmy-dwustronnie-klejace\/3m-9415-double-sided-adhesive-tape\/","og_site_name":"cardinal TAPES","article_modified_time":"2025-07-18T06:49:45+00:00","og_image":[{"width":600,"height":600,"url":"https:\/\/cardinal-tapes.com\/wp-content\/uploads\/3m_doppelseitig_polyestertraeger_9415.jpg","type":"image\/jpeg"}],"twitter_card":"summary_large_image","twitter_misc":{"Szacowany czas czytania":"1 minuta"},"schema":{"@context":"https:\/\/schema.org","@graph":[{"@type":"WebPage","@id":"https:\/\/cardinal-tapes.com\/pl\/ta\u015bmy-samoprzylepne\/tasmy-dwustronnie-klejace\/3m-9415-double-sided-adhesive-tape\/","url":"https:\/\/cardinal-tapes.com\/pl\/ta\u015bmy-samoprzylepne\/tasmy-dwustronnie-klejace\/3m-9415-double-sided-adhesive-tape\/","name":"Ta\u015bma dwustronna 3M 9415 | Cardinal TAPES","isPartOf":{"@id":"https:\/\/cardinal-tapes.com\/#website"},"primaryImageOfPage":{"@id":"https:\/\/cardinal-tapes.com\/pl\/ta\u015bmy-samoprzylepne\/tasmy-dwustronnie-klejace\/3m-9415-double-sided-adhesive-tape\/#primaryimage"},"image":{"@id":"https:\/\/cardinal-tapes.com\/pl\/ta\u015bmy-samoprzylepne\/tasmy-dwustronnie-klejace\/3m-9415-double-sided-adhesive-tape\/#primaryimage"},"thumbnailUrl":"https:\/\/cardinal-tapes.com\/wp-content\/uploads\/3m_doppelseitig_polyestertraeger_9415.jpg","datePublished":"2023-06-06T08:21:30+00:00","dateModified":"2025-07-18T06:49:45+00:00","description":"Dwustronna ta\u015bma 3M 9415 posiada warstw\u0119 klej\u0105c\u0105 po jednej stronie i klej zapewniaj\u0105cy trwa\u0142\u0105 przyczepno\u015b\u0107 po drugiej.","breadcrumb":{"@id":"https:\/\/cardinal-tapes.com\/pl\/ta\u015bmy-samoprzylepne\/tasmy-dwustronnie-klejace\/3m-9415-double-sided-adhesive-tape\/#breadcrumb"},"inLanguage":"pl-PL","potentialAction":[{"@type":"ReadAction","target":["https:\/\/cardinal-tapes.com\/pl\/ta\u015bmy-samoprzylepne\/tasmy-dwustronnie-klejace\/3m-9415-double-sided-adhesive-tape\/"]}]},{"@type":"ImageObject","inLanguage":"pl-PL","@id":"https:\/\/cardinal-tapes.com\/pl\/ta\u015bmy-samoprzylepne\/tasmy-dwustronnie-klejace\/3m-9415-double-sided-adhesive-tape\/#primaryimage","url":"https:\/\/cardinal-tapes.com\/wp-content\/uploads\/3m_doppelseitig_polyestertraeger_9415.jpg","contentUrl":"https:\/\/cardinal-tapes.com\/wp-content\/uploads\/3m_doppelseitig_polyestertraeger_9415.jpg","width":600,"height":600,"caption":"3M Dwustronna ta\u015bma poliestrowa 9415"},{"@type":"BreadcrumbList","@id":"https:\/\/cardinal-tapes.com\/pl\/ta\u015bmy-samoprzylepne\/tasmy-dwustronnie-klejace\/3m-9415-double-sided-adhesive-tape\/#breadcrumb","itemListElement":[{"@type":"ListItem","position":1,"name":"Startseite","item":"https:\/\/cardinal-tapes.com\/pl\/strona-glowna\/"},{"@type":"ListItem","position":2,"name":"Ta\u015bmy samoprzylepne","item":"https:\/\/cardinal-tapes.com\/pl\/tasmy-samoprzylepne-pl\/"},{"@type":"ListItem","position":3,"name":"Ta\u015bmy dwustronnie klej\u0105ce","item":"https:\/\/cardinal-tapes.com\/pl\/kategoria\/tasmy-dwustronnie-klejace\/"},{"@type":"ListItem","position":4,"name":"Ta\u015bma dwustronna 3M\u2122 9415PC"}]},{"@type":"WebSite","@id":"https:\/\/cardinal-tapes.com\/#website","url":"https:\/\/cardinal-tapes.com\/","name":"cardinal TAPES","description":"Klebetechnik aus Wuppertal","potentialAction":[{"@type":"SearchAction","target":{"@type":"EntryPoint","urlTemplate":"https:\/\/cardinal-tapes.com\/?s={search_term_string}"},"query-input":{"@type":"PropertyValueSpecification","valueRequired":true,"valueName":"search_term_string"}}],"inLanguage":"pl-PL"}]}},"brands":[{"id":2168,"name":"3M","slug":"3m-pl"}],"_links":{"self":[{"href":"https:\/\/cardinal-tapes.com\/pl\/wp-json\/wp\/v2\/product\/63951","targetHints":{"allow":["GET"]}}],"collection":[{"href":"https:\/\/cardinal-tapes.com\/pl\/wp-json\/wp\/v2\/product"}],"about":[{"href":"https:\/\/cardinal-tapes.com\/pl\/wp-json\/wp\/v2\/types\/product"}],"wp:featuredmedia":[{"embeddable":true,"href":"https:\/\/cardinal-tapes.com\/pl\/wp-json\/wp\/v2\/media\/24402"}],"wp:attachment":[{"href":"https:\/\/cardinal-tapes.com\/pl\/wp-json\/wp\/v2\/media?parent=63951"}],"wp:term":[{"taxonomy":"pwb-brand","embeddable":true,"href":"https:\/\/cardinal-tapes.com\/pl\/wp-json\/wp\/v2\/pwb-brand?post=63951"},{"taxonomy":"product_brand","embeddable":true,"href":"https:\/\/cardinal-tapes.com\/pl\/wp-json\/wp\/v2\/product_brand?post=63951"},{"taxonomy":"product_cat","embeddable":true,"href":"https:\/\/cardinal-tapes.com\/pl\/wp-json\/wp\/v2\/product_cat?post=63951"},{"taxonomy":"product_tag","embeddable":true,"href":"https:\/\/cardinal-tapes.com\/pl\/wp-json\/wp\/v2\/product_tag?post=63951"}],"curies":[{"name":"wp","href":"https:\/\/api.w.org\/{rel}","templated":true}]}}