{"id":63942,"date":"2017-12-08T08:30:09","date_gmt":"2023-06-06T08:21:29","guid":{"rendered":"https:\/\/cardinal.pixel-tal.de\/klebebaender\/bez-kategorii\/3m-582-dwustronna-folia-samoprzylepna-aktywowana-termicznie\/"},"modified":"2023-06-06T10:21:29","modified_gmt":"2023-06-06T08:21:29","slug":"3m-582-dwustronna-folia-przylepna-aktywowana-na-grzanie","status":"publish","type":"product","link":"https:\/\/cardinal-tapes.com\/pl\/ta\u015bmy-samoprzylepne\/tasmy-dwustronnie-klejace\/3m-582-dwustronna-folia-przylepna-aktywowana-na-grzanie\/","title":{"rendered":"3M\u2122 582 dwustronna folia samoprzylepna aktywowana termicznie"},"content":{"rendered":"<p>Dwustronna aktywowana termicznie folia samoprzylepna 3M\u2122 582 zosta\u0142a zaprojektowana do tworzenia wytrzyma\u0142ych po\u0142\u0105cze\u0144 mi\u0119dzy r\u00f3\u017cnymi materia\u0142ami. Klej twardnieje pod wp\u0142ywem ciep\u0142a i ci\u015bnienia. Przyk\u0142ady materia\u0142\u00f3w, kt\u00f3re mo\u017cna \u0142\u0105czy\u0107 to metal i szk\u0142o, metal i drewno, r\u00f3\u017cne metale, metal i tworzywa sztuczne i wiele innych.<\/p>\n<p>Przepraszamy, ten produkt nie jest ju\u017c dost\u0119pny. Na <a href=\"https:\/\/cardinal-tapes.com\/ueber-cardinal\/kontakt\/\">\u017cyczenie<\/a> z przyjemno\u015bci\u0105 zaoferujemy odpowiedni\u0105 alternatyw\u0119.<\/p>\n<p><strong>W\u0142a\u015bciwo\u015bci<\/strong><br \/>\nTa\u015bma samoprzylepna 3M\u2122 582 charakteryzuje si\u0119 bardzo wysok\u0105 si\u0142\u0105 klejenia i dobr\u0105 odporno\u015bci\u0105 na rozpuszczalniki.<\/p>\n<p><strong>Zastosowania<\/strong><br \/>\n&#8211; Do \u0142\u0105czenia metali i \u0142\u0105czenia metali z drewnem lub tworzywami sztucznymi<br \/>\n&#8211; Laminowanie folii metalowych<br \/>\n&#8211; \u0141\u0105czenie blach lub folii<\/p>\n","protected":false},"excerpt":{"rendered":"<p>Dwustronna aktywowana termicznie folia samoprzylepna 3M\u2122 582 zosta\u0142a zaprojektowana do tworzenia wytrzyma\u0142ych po\u0142\u0105cze\u0144 mi\u0119dzy r\u00f3\u017cnymi materia\u0142ami. Klej twardnieje pod wp\u0142ywem ciep\u0142a i ci\u015bnienia. Przyk\u0142ady materia\u0142\u00f3w, kt\u00f3re mo\u017cna \u0142\u0105czy\u0107 to metal i szk\u0142o, metal i drewno, r\u00f3\u017cne metale, metal i tworzywa sztuczne i wiele innych. Przepraszamy, ten produkt nie jest ju\u017c dost\u0119pny. Na \u017cyczenie z przyjemno\u015bci\u0105 [&hellip;]<\/p>\n","protected":false},"featured_media":24322,"template":"","meta":{"_acf_changed":false},"pwb-brand":[2168],"product_brand":[],"product_cat":[1814],"product_tag":[],"class_list":{"0":"post-63942","1":"product","2":"type-product","3":"status-publish","4":"has-post-thumbnail","6":"pwb-brand-3m-pl","7":"product_cat-tasmy-dwustronnie-klejace","9":"first","10":"instock","11":"taxable","12":"shipping-taxable","13":"purchasable","14":"product-type-variable"},"acf":[],"yoast_head":"<!-- This site is optimized with the Yoast SEO plugin v27.3 - https:\/\/yoast.com\/product\/yoast-seo-wordpress\/ -->\n<title>3M 582 dwustronna folia samoprzylepna aktywowana termicznie<\/title>\n<meta name=\"description\" content=\"Dwustronna aktywowana termicznie folia samoprzylepna 3M 582 zosta\u0142a zaprojektowana do tworzenia wytrzyma\u0142ych po\u0142\u0105cze\u0144 mi\u0119dzy r\u00f3\u017cnymi materia\u0142ami.\" \/>\n<meta name=\"robots\" content=\"index, follow, max-snippet:-1, max-image-preview:large, max-video-preview:-1\" \/>\n<link rel=\"canonical\" href=\"https:\/\/cardinal-tapes.com\/pl\/ta\u015bmy-samoprzylepne\/tasmy-dwustronnie-klejace\/3m-582-dwustronna-folia-przylepna-aktywowana-na-grzanie\/\" \/>\n<meta property=\"og:locale\" content=\"pl_PL\" \/>\n<meta property=\"og:type\" content=\"article\" \/>\n<meta property=\"og:title\" content=\"3M 582 dwustronna folia samoprzylepna aktywowana termicznie\" \/>\n<meta property=\"og:description\" content=\"Dwustronna aktywowana termicznie folia samoprzylepna 3M 582 zosta\u0142a zaprojektowana do tworzenia wytrzyma\u0142ych po\u0142\u0105cze\u0144 mi\u0119dzy r\u00f3\u017cnymi materia\u0142ami.\" \/>\n<meta property=\"og:url\" content=\"https:\/\/cardinal-tapes.com\/pl\/ta\u015bmy-samoprzylepne\/tasmy-dwustronnie-klejace\/3m-582-dwustronna-folia-przylepna-aktywowana-na-grzanie\/\" \/>\n<meta property=\"og:site_name\" content=\"cardinal TAPES\" \/>\n<meta property=\"og:image\" content=\"https:\/\/cardinal-tapes.com\/wp-content\/uploads\/3m_doppelseitig_papiervliestraeger_9527.jpg\" \/>\n\t<meta property=\"og:image:width\" content=\"600\" \/>\n\t<meta property=\"og:image:height\" content=\"600\" \/>\n\t<meta property=\"og:image:type\" content=\"image\/jpeg\" \/>\n<meta name=\"twitter:card\" content=\"summary_large_image\" \/>\n<meta name=\"twitter:label1\" content=\"Szacowany czas czytania\" \/>\n\t<meta name=\"twitter:data1\" content=\"1 minuta\" \/>\n<script type=\"application\/ld+json\" class=\"yoast-schema-graph\">{\"@context\":\"https:\\\/\\\/schema.org\",\"@graph\":[{\"@type\":\"WebPage\",\"@id\":\"https:\\\/\\\/cardinal-tapes.com\\\/pl\\\/ta\u015bmy-samoprzylepne\\\/tasmy-dwustronnie-klejace\\\/3m-582-dwustronna-folia-przylepna-aktywowana-na-grzanie\\\/\",\"url\":\"https:\\\/\\\/cardinal-tapes.com\\\/pl\\\/ta\u015bmy-samoprzylepne\\\/tasmy-dwustronnie-klejace\\\/3m-582-dwustronna-folia-przylepna-aktywowana-na-grzanie\\\/\",\"name\":\"3M 582 dwustronna folia samoprzylepna aktywowana termicznie\",\"isPartOf\":{\"@id\":\"https:\\\/\\\/cardinal-tapes.com\\\/#website\"},\"primaryImageOfPage\":{\"@id\":\"https:\\\/\\\/cardinal-tapes.com\\\/pl\\\/ta\u015bmy-samoprzylepne\\\/tasmy-dwustronnie-klejace\\\/3m-582-dwustronna-folia-przylepna-aktywowana-na-grzanie\\\/#primaryimage\"},\"image\":{\"@id\":\"https:\\\/\\\/cardinal-tapes.com\\\/pl\\\/ta\u015bmy-samoprzylepne\\\/tasmy-dwustronnie-klejace\\\/3m-582-dwustronna-folia-przylepna-aktywowana-na-grzanie\\\/#primaryimage\"},\"thumbnailUrl\":\"https:\\\/\\\/cardinal-tapes.com\\\/wp-content\\\/uploads\\\/3m_doppelseitig_papiervliestraeger_9527.jpg\",\"datePublished\":\"2023-06-06T08:21:29+00:00\",\"description\":\"Dwustronna aktywowana termicznie folia samoprzylepna 3M 582 zosta\u0142a zaprojektowana do tworzenia wytrzyma\u0142ych po\u0142\u0105cze\u0144 mi\u0119dzy r\u00f3\u017cnymi materia\u0142ami.\",\"breadcrumb\":{\"@id\":\"https:\\\/\\\/cardinal-tapes.com\\\/pl\\\/ta\u015bmy-samoprzylepne\\\/tasmy-dwustronnie-klejace\\\/3m-582-dwustronna-folia-przylepna-aktywowana-na-grzanie\\\/#breadcrumb\"},\"inLanguage\":\"pl-PL\",\"potentialAction\":[{\"@type\":\"ReadAction\",\"target\":[\"https:\\\/\\\/cardinal-tapes.com\\\/pl\\\/ta\u015bmy-samoprzylepne\\\/tasmy-dwustronnie-klejace\\\/3m-582-dwustronna-folia-przylepna-aktywowana-na-grzanie\\\/\"]}]},{\"@type\":\"ImageObject\",\"inLanguage\":\"pl-PL\",\"@id\":\"https:\\\/\\\/cardinal-tapes.com\\\/pl\\\/ta\u015bmy-samoprzylepne\\\/tasmy-dwustronnie-klejace\\\/3m-582-dwustronna-folia-przylepna-aktywowana-na-grzanie\\\/#primaryimage\",\"url\":\"https:\\\/\\\/cardinal-tapes.com\\\/wp-content\\\/uploads\\\/3m_doppelseitig_papiervliestraeger_9527.jpg\",\"contentUrl\":\"https:\\\/\\\/cardinal-tapes.com\\\/wp-content\\\/uploads\\\/3m_doppelseitig_papiervliestraeger_9527.jpg\",\"width\":600,\"height\":600,\"caption\":\"3M Dwustronna ta\u015bma papierowa 9527\"},{\"@type\":\"BreadcrumbList\",\"@id\":\"https:\\\/\\\/cardinal-tapes.com\\\/pl\\\/ta\u015bmy-samoprzylepne\\\/tasmy-dwustronnie-klejace\\\/3m-582-dwustronna-folia-przylepna-aktywowana-na-grzanie\\\/#breadcrumb\",\"itemListElement\":[{\"@type\":\"ListItem\",\"position\":1,\"name\":\"Startseite\",\"item\":\"https:\\\/\\\/cardinal-tapes.com\\\/pl\\\/strona-glowna\\\/\"},{\"@type\":\"ListItem\",\"position\":2,\"name\":\"Ta\u015bmy samoprzylepne\",\"item\":\"https:\\\/\\\/cardinal-tapes.com\\\/pl\\\/tasmy-samoprzylepne-pl\\\/\"},{\"@type\":\"ListItem\",\"position\":3,\"name\":\"Ta\u015bmy dwustronnie klej\u0105ce\",\"item\":\"https:\\\/\\\/cardinal-tapes.com\\\/pl\\\/kategoria\\\/tasmy-dwustronnie-klejace\\\/\"},{\"@type\":\"ListItem\",\"position\":4,\"name\":\"3M\u2122 582 dwustronna folia samoprzylepna aktywowana termicznie\"}]},{\"@type\":\"WebSite\",\"@id\":\"https:\\\/\\\/cardinal-tapes.com\\\/#website\",\"url\":\"https:\\\/\\\/cardinal-tapes.com\\\/\",\"name\":\"cardinal TAPES\",\"description\":\"Klebetechnik aus Wuppertal\",\"potentialAction\":[{\"@type\":\"SearchAction\",\"target\":{\"@type\":\"EntryPoint\",\"urlTemplate\":\"https:\\\/\\\/cardinal-tapes.com\\\/?s={search_term_string}\"},\"query-input\":{\"@type\":\"PropertyValueSpecification\",\"valueRequired\":true,\"valueName\":\"search_term_string\"}}],\"inLanguage\":\"pl-PL\"}]}<\/script>\n<!-- \/ Yoast SEO plugin. -->","yoast_head_json":{"title":"3M 582 dwustronna folia samoprzylepna aktywowana termicznie","description":"Dwustronna aktywowana termicznie folia samoprzylepna 3M 582 zosta\u0142a zaprojektowana do tworzenia wytrzyma\u0142ych po\u0142\u0105cze\u0144 mi\u0119dzy r\u00f3\u017cnymi materia\u0142ami.","robots":{"index":"index","follow":"follow","max-snippet":"max-snippet:-1","max-image-preview":"max-image-preview:large","max-video-preview":"max-video-preview:-1"},"canonical":"https:\/\/cardinal-tapes.com\/pl\/ta\u015bmy-samoprzylepne\/tasmy-dwustronnie-klejace\/3m-582-dwustronna-folia-przylepna-aktywowana-na-grzanie\/","og_locale":"pl_PL","og_type":"article","og_title":"3M 582 dwustronna folia samoprzylepna aktywowana termicznie","og_description":"Dwustronna aktywowana termicznie folia samoprzylepna 3M 582 zosta\u0142a zaprojektowana do tworzenia wytrzyma\u0142ych po\u0142\u0105cze\u0144 mi\u0119dzy r\u00f3\u017cnymi materia\u0142ami.","og_url":"https:\/\/cardinal-tapes.com\/pl\/ta\u015bmy-samoprzylepne\/tasmy-dwustronnie-klejace\/3m-582-dwustronna-folia-przylepna-aktywowana-na-grzanie\/","og_site_name":"cardinal TAPES","og_image":[{"width":600,"height":600,"url":"https:\/\/cardinal-tapes.com\/wp-content\/uploads\/3m_doppelseitig_papiervliestraeger_9527.jpg","type":"image\/jpeg"}],"twitter_card":"summary_large_image","twitter_misc":{"Szacowany czas czytania":"1 minuta"},"schema":{"@context":"https:\/\/schema.org","@graph":[{"@type":"WebPage","@id":"https:\/\/cardinal-tapes.com\/pl\/ta\u015bmy-samoprzylepne\/tasmy-dwustronnie-klejace\/3m-582-dwustronna-folia-przylepna-aktywowana-na-grzanie\/","url":"https:\/\/cardinal-tapes.com\/pl\/ta\u015bmy-samoprzylepne\/tasmy-dwustronnie-klejace\/3m-582-dwustronna-folia-przylepna-aktywowana-na-grzanie\/","name":"3M 582 dwustronna folia samoprzylepna aktywowana termicznie","isPartOf":{"@id":"https:\/\/cardinal-tapes.com\/#website"},"primaryImageOfPage":{"@id":"https:\/\/cardinal-tapes.com\/pl\/ta\u015bmy-samoprzylepne\/tasmy-dwustronnie-klejace\/3m-582-dwustronna-folia-przylepna-aktywowana-na-grzanie\/#primaryimage"},"image":{"@id":"https:\/\/cardinal-tapes.com\/pl\/ta\u015bmy-samoprzylepne\/tasmy-dwustronnie-klejace\/3m-582-dwustronna-folia-przylepna-aktywowana-na-grzanie\/#primaryimage"},"thumbnailUrl":"https:\/\/cardinal-tapes.com\/wp-content\/uploads\/3m_doppelseitig_papiervliestraeger_9527.jpg","datePublished":"2023-06-06T08:21:29+00:00","description":"Dwustronna aktywowana termicznie folia samoprzylepna 3M 582 zosta\u0142a zaprojektowana do tworzenia wytrzyma\u0142ych po\u0142\u0105cze\u0144 mi\u0119dzy r\u00f3\u017cnymi materia\u0142ami.","breadcrumb":{"@id":"https:\/\/cardinal-tapes.com\/pl\/ta\u015bmy-samoprzylepne\/tasmy-dwustronnie-klejace\/3m-582-dwustronna-folia-przylepna-aktywowana-na-grzanie\/#breadcrumb"},"inLanguage":"pl-PL","potentialAction":[{"@type":"ReadAction","target":["https:\/\/cardinal-tapes.com\/pl\/ta\u015bmy-samoprzylepne\/tasmy-dwustronnie-klejace\/3m-582-dwustronna-folia-przylepna-aktywowana-na-grzanie\/"]}]},{"@type":"ImageObject","inLanguage":"pl-PL","@id":"https:\/\/cardinal-tapes.com\/pl\/ta\u015bmy-samoprzylepne\/tasmy-dwustronnie-klejace\/3m-582-dwustronna-folia-przylepna-aktywowana-na-grzanie\/#primaryimage","url":"https:\/\/cardinal-tapes.com\/wp-content\/uploads\/3m_doppelseitig_papiervliestraeger_9527.jpg","contentUrl":"https:\/\/cardinal-tapes.com\/wp-content\/uploads\/3m_doppelseitig_papiervliestraeger_9527.jpg","width":600,"height":600,"caption":"3M Dwustronna ta\u015bma papierowa 9527"},{"@type":"BreadcrumbList","@id":"https:\/\/cardinal-tapes.com\/pl\/ta\u015bmy-samoprzylepne\/tasmy-dwustronnie-klejace\/3m-582-dwustronna-folia-przylepna-aktywowana-na-grzanie\/#breadcrumb","itemListElement":[{"@type":"ListItem","position":1,"name":"Startseite","item":"https:\/\/cardinal-tapes.com\/pl\/strona-glowna\/"},{"@type":"ListItem","position":2,"name":"Ta\u015bmy samoprzylepne","item":"https:\/\/cardinal-tapes.com\/pl\/tasmy-samoprzylepne-pl\/"},{"@type":"ListItem","position":3,"name":"Ta\u015bmy dwustronnie klej\u0105ce","item":"https:\/\/cardinal-tapes.com\/pl\/kategoria\/tasmy-dwustronnie-klejace\/"},{"@type":"ListItem","position":4,"name":"3M\u2122 582 dwustronna folia samoprzylepna aktywowana termicznie"}]},{"@type":"WebSite","@id":"https:\/\/cardinal-tapes.com\/#website","url":"https:\/\/cardinal-tapes.com\/","name":"cardinal TAPES","description":"Klebetechnik aus Wuppertal","potentialAction":[{"@type":"SearchAction","target":{"@type":"EntryPoint","urlTemplate":"https:\/\/cardinal-tapes.com\/?s={search_term_string}"},"query-input":{"@type":"PropertyValueSpecification","valueRequired":true,"valueName":"search_term_string"}}],"inLanguage":"pl-PL"}]}},"brands":[{"id":2168,"name":"3M","slug":"3m-pl"}],"_links":{"self":[{"href":"https:\/\/cardinal-tapes.com\/pl\/wp-json\/wp\/v2\/product\/63942","targetHints":{"allow":["GET"]}}],"collection":[{"href":"https:\/\/cardinal-tapes.com\/pl\/wp-json\/wp\/v2\/product"}],"about":[{"href":"https:\/\/cardinal-tapes.com\/pl\/wp-json\/wp\/v2\/types\/product"}],"wp:featuredmedia":[{"embeddable":true,"href":"https:\/\/cardinal-tapes.com\/pl\/wp-json\/wp\/v2\/media\/24322"}],"wp:attachment":[{"href":"https:\/\/cardinal-tapes.com\/pl\/wp-json\/wp\/v2\/media?parent=63942"}],"wp:term":[{"taxonomy":"pwb-brand","embeddable":true,"href":"https:\/\/cardinal-tapes.com\/pl\/wp-json\/wp\/v2\/pwb-brand?post=63942"},{"taxonomy":"product_brand","embeddable":true,"href":"https:\/\/cardinal-tapes.com\/pl\/wp-json\/wp\/v2\/product_brand?post=63942"},{"taxonomy":"product_cat","embeddable":true,"href":"https:\/\/cardinal-tapes.com\/pl\/wp-json\/wp\/v2\/product_cat?post=63942"},{"taxonomy":"product_tag","embeddable":true,"href":"https:\/\/cardinal-tapes.com\/pl\/wp-json\/wp\/v2\/product_tag?post=63942"}],"curies":[{"name":"wp","href":"https:\/\/api.w.org\/{rel}","templated":true}]}}