{"id":63825,"date":"2017-12-07T16:32:48","date_gmt":"2023-06-06T08:21:26","guid":{"rendered":"https:\/\/cardinal.pixel-tal.de\/klebebaender\/bez-kategorii\/3m-dwustronna-tasma-klejaca-9525\/"},"modified":"2023-06-06T10:21:26","modified_gmt":"2023-06-06T08:21:26","slug":"3m-9525-dwustronna-tasma-przylepna-z-tkanina-nosna","status":"publish","type":"product","link":"https:\/\/cardinal-tapes.com\/pl\/ta\u015bmy-samoprzylepne\/tasmy-dwustronnie-klejace\/3m-9525-dwustronna-tasma-przylepna-z-tkanina-nosna\/","title":{"rendered":"3M\u2122 Dwustronna ta\u015bma klej\u0105ca 9525"},"content":{"rendered":"<p>3M\u2122 9525 to dwustronna ta\u015bma klej\u0105ca do szerokiego zakresu zastosowa\u0144, takich jak budowa stoisk targowych, wyk\u0142adziny i sektor reklamowy. Ta\u015bma samoprzylepna ma pod\u0142o\u017ce tekstylne.<\/p>\n<p><strong>W\u0142a\u015bciwo\u015bci<\/strong><br \/>\nTa\u015bma 9525 charakteryzuje si\u0119 wysok\u0105 przyczepno\u015bci\u0105 natychmiastow\u0105. Grubo\u015b\u0107 kleju pozwala na dobr\u0105 przyczepno\u015b\u0107 nawet na szorstkich lub lekko nier\u00f3wnych powierzchniach.<br \/>\nPowierzchnie. Ponadto ta\u015bma 9525 charakteryzuje si\u0119 bardzo dobr\u0105 odporno\u015bci\u0105 na zdzieranie na szerokiej gamie materia\u0142\u00f3w, takich jak metal, tworzywa sztuczne, papier, drewno, tekstylia, szk\u0142o itp.<\/p>\n<p><strong>Zastosowania<\/strong><br \/>\n&#8211; Klejenie dywan\u00f3w i innych wyk\u0142adzin pod\u0142ogowych<br \/>\n&#8211; Mo\u017ce by\u0107 stosowany w przemy\u015ble, sektorze reklamowym i dekoracyjnym<br \/>\n&#8211; Monta\u017c, do przytrzymywania, mocowania, tworzenia nieko\u0144cz\u0105cych si\u0119 i laminowania<\/p>\n","protected":false},"excerpt":{"rendered":"<p>3M\u2122 9525 to dwustronna ta\u015bma klej\u0105ca do szerokiego zakresu zastosowa\u0144, takich jak budowa stoisk targowych, wyk\u0142adziny i sektor reklamowy. Ta\u015bma samoprzylepna ma pod\u0142o\u017ce tekstylne. W\u0142a\u015bciwo\u015bci Ta\u015bma 9525 charakteryzuje si\u0119 wysok\u0105 przyczepno\u015bci\u0105 natychmiastow\u0105. Grubo\u015b\u0107 kleju pozwala na dobr\u0105 przyczepno\u015b\u0107 nawet na szorstkich lub lekko nier\u00f3wnych powierzchniach. Powierzchnie. Ponadto ta\u015bma 9525 charakteryzuje si\u0119 bardzo dobr\u0105 odporno\u015bci\u0105 na [&hellip;]<\/p>\n","protected":false},"featured_media":24318,"template":"","meta":{"_acf_changed":false},"pwb-brand":[2168],"product_brand":[],"product_cat":[1814],"product_tag":[],"class_list":{"0":"post-63825","1":"product","2":"type-product","3":"status-publish","4":"has-post-thumbnail","6":"pwb-brand-3m-pl","7":"product_cat-tasmy-dwustronnie-klejace","9":"first","10":"instock","11":"taxable","12":"shipping-taxable","13":"purchasable","14":"product-type-variable"},"acf":[],"yoast_head":"<!-- This site is optimized with the Yoast SEO plugin v27.3 - https:\/\/yoast.com\/product\/yoast-seo-wordpress\/ -->\n<title>3M 9525 Ta\u015bma dwustronna z podk\u0142adem z tkaniny | Cardinal TAPES<\/title>\n<meta name=\"description\" content=\"Dwustronna ta\u015bma samoprzylepna 3M 9525 z no\u015bnikiem tkaninowym charakteryzuje si\u0119 bardzo wysok\u0105 przyczepno\u015bci\u0105 natychmiastow\u0105 dzi\u0119ki mi\u0119kkiemu klejowi z kauczuku syntetycznego. Dowiedz si\u0119 wi\u0119cej.\" \/>\n<meta name=\"robots\" content=\"index, follow, max-snippet:-1, max-image-preview:large, max-video-preview:-1\" \/>\n<link rel=\"canonical\" href=\"https:\/\/cardinal-tapes.com\/pl\/ta\u015bmy-samoprzylepne\/tasmy-dwustronnie-klejace\/3m-9525-dwustronna-tasma-przylepna-z-tkanina-nosna\/\" \/>\n<meta property=\"og:locale\" content=\"pl_PL\" \/>\n<meta property=\"og:type\" content=\"article\" \/>\n<meta property=\"og:title\" content=\"3M 9525 Ta\u015bma dwustronna z podk\u0142adem z tkaniny | Cardinal TAPES\" \/>\n<meta property=\"og:description\" content=\"Dwustronna ta\u015bma samoprzylepna 3M 9525 z no\u015bnikiem tkaninowym charakteryzuje si\u0119 bardzo wysok\u0105 przyczepno\u015bci\u0105 natychmiastow\u0105 dzi\u0119ki mi\u0119kkiemu klejowi z kauczuku syntetycznego. Dowiedz si\u0119 wi\u0119cej.\" \/>\n<meta property=\"og:url\" content=\"https:\/\/cardinal-tapes.com\/pl\/ta\u015bmy-samoprzylepne\/tasmy-dwustronnie-klejace\/3m-9525-dwustronna-tasma-przylepna-z-tkanina-nosna\/\" \/>\n<meta property=\"og:site_name\" content=\"cardinal TAPES\" \/>\n<meta property=\"og:image\" content=\"https:\/\/cardinal-tapes.com\/wp-content\/uploads\/3m_doppelseitig_papiervliestraeger_9525.jpg\" \/>\n\t<meta property=\"og:image:width\" content=\"600\" \/>\n\t<meta property=\"og:image:height\" content=\"600\" \/>\n\t<meta property=\"og:image:type\" content=\"image\/jpeg\" \/>\n<meta name=\"twitter:card\" content=\"summary_large_image\" \/>\n<meta name=\"twitter:label1\" content=\"Szacowany czas czytania\" \/>\n\t<meta name=\"twitter:data1\" content=\"1 minuta\" \/>\n<script type=\"application\/ld+json\" class=\"yoast-schema-graph\">{\"@context\":\"https:\\\/\\\/schema.org\",\"@graph\":[{\"@type\":\"WebPage\",\"@id\":\"https:\\\/\\\/cardinal-tapes.com\\\/pl\\\/ta\u015bmy-samoprzylepne\\\/tasmy-dwustronnie-klejace\\\/3m-9525-dwustronna-tasma-przylepna-z-tkanina-nosna\\\/\",\"url\":\"https:\\\/\\\/cardinal-tapes.com\\\/pl\\\/ta\u015bmy-samoprzylepne\\\/tasmy-dwustronnie-klejace\\\/3m-9525-dwustronna-tasma-przylepna-z-tkanina-nosna\\\/\",\"name\":\"3M 9525 Ta\u015bma dwustronna z podk\u0142adem z tkaniny | Cardinal TAPES\",\"isPartOf\":{\"@id\":\"https:\\\/\\\/cardinal-tapes.com\\\/#website\"},\"primaryImageOfPage\":{\"@id\":\"https:\\\/\\\/cardinal-tapes.com\\\/pl\\\/ta\u015bmy-samoprzylepne\\\/tasmy-dwustronnie-klejace\\\/3m-9525-dwustronna-tasma-przylepna-z-tkanina-nosna\\\/#primaryimage\"},\"image\":{\"@id\":\"https:\\\/\\\/cardinal-tapes.com\\\/pl\\\/ta\u015bmy-samoprzylepne\\\/tasmy-dwustronnie-klejace\\\/3m-9525-dwustronna-tasma-przylepna-z-tkanina-nosna\\\/#primaryimage\"},\"thumbnailUrl\":\"https:\\\/\\\/cardinal-tapes.com\\\/wp-content\\\/uploads\\\/3m_doppelseitig_papiervliestraeger_9525.jpg\",\"datePublished\":\"2023-06-06T08:21:26+00:00\",\"description\":\"Dwustronna ta\u015bma samoprzylepna 3M 9525 z no\u015bnikiem tkaninowym charakteryzuje si\u0119 bardzo wysok\u0105 przyczepno\u015bci\u0105 natychmiastow\u0105 dzi\u0119ki mi\u0119kkiemu klejowi z kauczuku syntetycznego. Dowiedz si\u0119 wi\u0119cej.\",\"breadcrumb\":{\"@id\":\"https:\\\/\\\/cardinal-tapes.com\\\/pl\\\/ta\u015bmy-samoprzylepne\\\/tasmy-dwustronnie-klejace\\\/3m-9525-dwustronna-tasma-przylepna-z-tkanina-nosna\\\/#breadcrumb\"},\"inLanguage\":\"pl-PL\",\"potentialAction\":[{\"@type\":\"ReadAction\",\"target\":[\"https:\\\/\\\/cardinal-tapes.com\\\/pl\\\/ta\u015bmy-samoprzylepne\\\/tasmy-dwustronnie-klejace\\\/3m-9525-dwustronna-tasma-przylepna-z-tkanina-nosna\\\/\"]}]},{\"@type\":\"ImageObject\",\"inLanguage\":\"pl-PL\",\"@id\":\"https:\\\/\\\/cardinal-tapes.com\\\/pl\\\/ta\u015bmy-samoprzylepne\\\/tasmy-dwustronnie-klejace\\\/3m-9525-dwustronna-tasma-przylepna-z-tkanina-nosna\\\/#primaryimage\",\"url\":\"https:\\\/\\\/cardinal-tapes.com\\\/wp-content\\\/uploads\\\/3m_doppelseitig_papiervliestraeger_9525.jpg\",\"contentUrl\":\"https:\\\/\\\/cardinal-tapes.com\\\/wp-content\\\/uploads\\\/3m_doppelseitig_papiervliestraeger_9525.jpg\",\"width\":600,\"height\":600,\"caption\":\"3M Dwustronna ta\u015bma papierowa 9525\"},{\"@type\":\"BreadcrumbList\",\"@id\":\"https:\\\/\\\/cardinal-tapes.com\\\/pl\\\/ta\u015bmy-samoprzylepne\\\/tasmy-dwustronnie-klejace\\\/3m-9525-dwustronna-tasma-przylepna-z-tkanina-nosna\\\/#breadcrumb\",\"itemListElement\":[{\"@type\":\"ListItem\",\"position\":1,\"name\":\"Startseite\",\"item\":\"https:\\\/\\\/cardinal-tapes.com\\\/pl\\\/strona-glowna\\\/\"},{\"@type\":\"ListItem\",\"position\":2,\"name\":\"Ta\u015bmy samoprzylepne\",\"item\":\"https:\\\/\\\/cardinal-tapes.com\\\/pl\\\/tasmy-samoprzylepne-pl\\\/\"},{\"@type\":\"ListItem\",\"position\":3,\"name\":\"Ta\u015bmy dwustronnie klej\u0105ce\",\"item\":\"https:\\\/\\\/cardinal-tapes.com\\\/pl\\\/kategoria\\\/tasmy-dwustronnie-klejace\\\/\"},{\"@type\":\"ListItem\",\"position\":4,\"name\":\"3M\u2122 Dwustronna ta\u015bma klej\u0105ca 9525\"}]},{\"@type\":\"WebSite\",\"@id\":\"https:\\\/\\\/cardinal-tapes.com\\\/#website\",\"url\":\"https:\\\/\\\/cardinal-tapes.com\\\/\",\"name\":\"cardinal TAPES\",\"description\":\"Klebetechnik aus Wuppertal\",\"potentialAction\":[{\"@type\":\"SearchAction\",\"target\":{\"@type\":\"EntryPoint\",\"urlTemplate\":\"https:\\\/\\\/cardinal-tapes.com\\\/?s={search_term_string}\"},\"query-input\":{\"@type\":\"PropertyValueSpecification\",\"valueRequired\":true,\"valueName\":\"search_term_string\"}}],\"inLanguage\":\"pl-PL\"}]}<\/script>\n<!-- \/ Yoast SEO plugin. -->","yoast_head_json":{"title":"3M 9525 Ta\u015bma dwustronna z podk\u0142adem z tkaniny | Cardinal TAPES","description":"Dwustronna ta\u015bma samoprzylepna 3M 9525 z no\u015bnikiem tkaninowym charakteryzuje si\u0119 bardzo wysok\u0105 przyczepno\u015bci\u0105 natychmiastow\u0105 dzi\u0119ki mi\u0119kkiemu klejowi z kauczuku syntetycznego. Dowiedz si\u0119 wi\u0119cej.","robots":{"index":"index","follow":"follow","max-snippet":"max-snippet:-1","max-image-preview":"max-image-preview:large","max-video-preview":"max-video-preview:-1"},"canonical":"https:\/\/cardinal-tapes.com\/pl\/ta\u015bmy-samoprzylepne\/tasmy-dwustronnie-klejace\/3m-9525-dwustronna-tasma-przylepna-z-tkanina-nosna\/","og_locale":"pl_PL","og_type":"article","og_title":"3M 9525 Ta\u015bma dwustronna z podk\u0142adem z tkaniny | Cardinal TAPES","og_description":"Dwustronna ta\u015bma samoprzylepna 3M 9525 z no\u015bnikiem tkaninowym charakteryzuje si\u0119 bardzo wysok\u0105 przyczepno\u015bci\u0105 natychmiastow\u0105 dzi\u0119ki mi\u0119kkiemu klejowi z kauczuku syntetycznego. Dowiedz si\u0119 wi\u0119cej.","og_url":"https:\/\/cardinal-tapes.com\/pl\/ta\u015bmy-samoprzylepne\/tasmy-dwustronnie-klejace\/3m-9525-dwustronna-tasma-przylepna-z-tkanina-nosna\/","og_site_name":"cardinal TAPES","og_image":[{"width":600,"height":600,"url":"https:\/\/cardinal-tapes.com\/wp-content\/uploads\/3m_doppelseitig_papiervliestraeger_9525.jpg","type":"image\/jpeg"}],"twitter_card":"summary_large_image","twitter_misc":{"Szacowany czas czytania":"1 minuta"},"schema":{"@context":"https:\/\/schema.org","@graph":[{"@type":"WebPage","@id":"https:\/\/cardinal-tapes.com\/pl\/ta\u015bmy-samoprzylepne\/tasmy-dwustronnie-klejace\/3m-9525-dwustronna-tasma-przylepna-z-tkanina-nosna\/","url":"https:\/\/cardinal-tapes.com\/pl\/ta\u015bmy-samoprzylepne\/tasmy-dwustronnie-klejace\/3m-9525-dwustronna-tasma-przylepna-z-tkanina-nosna\/","name":"3M 9525 Ta\u015bma dwustronna z podk\u0142adem z tkaniny | Cardinal TAPES","isPartOf":{"@id":"https:\/\/cardinal-tapes.com\/#website"},"primaryImageOfPage":{"@id":"https:\/\/cardinal-tapes.com\/pl\/ta\u015bmy-samoprzylepne\/tasmy-dwustronnie-klejace\/3m-9525-dwustronna-tasma-przylepna-z-tkanina-nosna\/#primaryimage"},"image":{"@id":"https:\/\/cardinal-tapes.com\/pl\/ta\u015bmy-samoprzylepne\/tasmy-dwustronnie-klejace\/3m-9525-dwustronna-tasma-przylepna-z-tkanina-nosna\/#primaryimage"},"thumbnailUrl":"https:\/\/cardinal-tapes.com\/wp-content\/uploads\/3m_doppelseitig_papiervliestraeger_9525.jpg","datePublished":"2023-06-06T08:21:26+00:00","description":"Dwustronna ta\u015bma samoprzylepna 3M 9525 z no\u015bnikiem tkaninowym charakteryzuje si\u0119 bardzo wysok\u0105 przyczepno\u015bci\u0105 natychmiastow\u0105 dzi\u0119ki mi\u0119kkiemu klejowi z kauczuku syntetycznego. Dowiedz si\u0119 wi\u0119cej.","breadcrumb":{"@id":"https:\/\/cardinal-tapes.com\/pl\/ta\u015bmy-samoprzylepne\/tasmy-dwustronnie-klejace\/3m-9525-dwustronna-tasma-przylepna-z-tkanina-nosna\/#breadcrumb"},"inLanguage":"pl-PL","potentialAction":[{"@type":"ReadAction","target":["https:\/\/cardinal-tapes.com\/pl\/ta\u015bmy-samoprzylepne\/tasmy-dwustronnie-klejace\/3m-9525-dwustronna-tasma-przylepna-z-tkanina-nosna\/"]}]},{"@type":"ImageObject","inLanguage":"pl-PL","@id":"https:\/\/cardinal-tapes.com\/pl\/ta\u015bmy-samoprzylepne\/tasmy-dwustronnie-klejace\/3m-9525-dwustronna-tasma-przylepna-z-tkanina-nosna\/#primaryimage","url":"https:\/\/cardinal-tapes.com\/wp-content\/uploads\/3m_doppelseitig_papiervliestraeger_9525.jpg","contentUrl":"https:\/\/cardinal-tapes.com\/wp-content\/uploads\/3m_doppelseitig_papiervliestraeger_9525.jpg","width":600,"height":600,"caption":"3M Dwustronna ta\u015bma papierowa 9525"},{"@type":"BreadcrumbList","@id":"https:\/\/cardinal-tapes.com\/pl\/ta\u015bmy-samoprzylepne\/tasmy-dwustronnie-klejace\/3m-9525-dwustronna-tasma-przylepna-z-tkanina-nosna\/#breadcrumb","itemListElement":[{"@type":"ListItem","position":1,"name":"Startseite","item":"https:\/\/cardinal-tapes.com\/pl\/strona-glowna\/"},{"@type":"ListItem","position":2,"name":"Ta\u015bmy samoprzylepne","item":"https:\/\/cardinal-tapes.com\/pl\/tasmy-samoprzylepne-pl\/"},{"@type":"ListItem","position":3,"name":"Ta\u015bmy dwustronnie klej\u0105ce","item":"https:\/\/cardinal-tapes.com\/pl\/kategoria\/tasmy-dwustronnie-klejace\/"},{"@type":"ListItem","position":4,"name":"3M\u2122 Dwustronna ta\u015bma klej\u0105ca 9525"}]},{"@type":"WebSite","@id":"https:\/\/cardinal-tapes.com\/#website","url":"https:\/\/cardinal-tapes.com\/","name":"cardinal TAPES","description":"Klebetechnik aus Wuppertal","potentialAction":[{"@type":"SearchAction","target":{"@type":"EntryPoint","urlTemplate":"https:\/\/cardinal-tapes.com\/?s={search_term_string}"},"query-input":{"@type":"PropertyValueSpecification","valueRequired":true,"valueName":"search_term_string"}}],"inLanguage":"pl-PL"}]}},"brands":[{"id":2168,"name":"3M","slug":"3m-pl"}],"_links":{"self":[{"href":"https:\/\/cardinal-tapes.com\/pl\/wp-json\/wp\/v2\/product\/63825","targetHints":{"allow":["GET"]}}],"collection":[{"href":"https:\/\/cardinal-tapes.com\/pl\/wp-json\/wp\/v2\/product"}],"about":[{"href":"https:\/\/cardinal-tapes.com\/pl\/wp-json\/wp\/v2\/types\/product"}],"wp:featuredmedia":[{"embeddable":true,"href":"https:\/\/cardinal-tapes.com\/pl\/wp-json\/wp\/v2\/media\/24318"}],"wp:attachment":[{"href":"https:\/\/cardinal-tapes.com\/pl\/wp-json\/wp\/v2\/media?parent=63825"}],"wp:term":[{"taxonomy":"pwb-brand","embeddable":true,"href":"https:\/\/cardinal-tapes.com\/pl\/wp-json\/wp\/v2\/pwb-brand?post=63825"},{"taxonomy":"product_brand","embeddable":true,"href":"https:\/\/cardinal-tapes.com\/pl\/wp-json\/wp\/v2\/product_brand?post=63825"},{"taxonomy":"product_cat","embeddable":true,"href":"https:\/\/cardinal-tapes.com\/pl\/wp-json\/wp\/v2\/product_cat?post=63825"},{"taxonomy":"product_tag","embeddable":true,"href":"https:\/\/cardinal-tapes.com\/pl\/wp-json\/wp\/v2\/product_tag?post=63825"}],"curies":[{"name":"wp","href":"https:\/\/api.w.org\/{rel}","templated":true}]}}