{"id":63439,"date":"2017-12-08T08:54:23","date_gmt":"2023-06-06T08:21:10","guid":{"rendered":"https:\/\/cardinal.pixel-tal.de\/klebebaender\/bez-kategorii\/tasmy-metalowe-3m-425-427-431-433-435-436\/"},"modified":"2025-07-07T16:55:52","modified_gmt":"2025-07-07T14:55:52","slug":"3m-435-436-433-431-427-425-doppelseitige-metallklebebaender","status":"publish","type":"product","link":"https:\/\/cardinal-tapes.com\/pl\/ta\u015bmy-samoprzylepne\/obszary-zastosowan\/aluminiowa-tasma-samoprzylepna\/3m-435-436-433-431-427-425-doppelseitige-metallklebebaender\/","title":{"rendered":"Ta\u015bmy metalowe 3M\u2122 425 427 431 433 435 436"},"content":{"rendered":"<p>Nasze ta\u015bmy metalowe 3M\u2122, takie jak 3M\u2122 425, sk\u0142adaj\u0105 si\u0119 z wysokiej jako\u015bci materia\u0142u no\u015bnego i optymalnego kleju. Dzi\u0119ki temu ta\u015bmy samoprzylepne s\u0105 szczeg\u00f3lnie odporne na temperatur\u0119 i wilgo\u0107 i mog\u0105 by\u0107 stosowane w wielu r\u00f3\u017cnych obszarach. W przypadku 3M\u2122 425 obejmuj\u0105 one na przyk\u0142ad ochron\u0119 przewodnik\u00f3w ciep\u0142a, ochron\u0119 przed czynnikami atmosferycznymi i wilgoci\u0105 oraz ochron\u0119 przed kwasami.<\/p>\n<p><strong>W\u0142a\u015bciwo\u015bci<\/strong><br \/>\n&#8211; Przewodno\u015b\u0107 cieplna<br \/>\n&#8211; Odporno\u015b\u0107 na wiele chemikali\u00f3w w celu ochrony powierzchni podczas usuwania pow\u0142ok i innych proces\u00f3w chemicznych<br \/>\n&#8211; Odporno\u015b\u0107 na p\u0142omienie, warunki atmosferyczne, wilgo\u0107 i promieniowanie UV<br \/>\n&#8211; Odbijanie ciep\u0142a i \u015bwiat\u0142a<\/p>\n<p><strong>Zastosowania<\/strong><br \/>\n&#8211; Ochrona powierzchni podczas usuwania farby i innych proces\u00f3w chemicznych<br \/>\n&#8211; Zwi\u0119kszenie wydajno\u015bci ogrzewania i ch\u0142odzenia oraz ochrona materia\u0142\u00f3w wra\u017cliwych na temperatur\u0119<\/p>\n","protected":false},"excerpt":{"rendered":"<p>Nasze ta\u015bmy metalowe 3M\u2122, takie jak 3M\u2122 425, sk\u0142adaj\u0105 si\u0119 z wysokiej jako\u015bci materia\u0142u no\u015bnego i optymalnego kleju. Dzi\u0119ki temu ta\u015bmy samoprzylepne s\u0105 szczeg\u00f3lnie odporne na temperatur\u0119 i wilgo\u0107 i mog\u0105 by\u0107 stosowane w wielu r\u00f3\u017cnych obszarach. W przypadku 3M\u2122 425 obejmuj\u0105 one na przyk\u0142ad ochron\u0119 przewodnik\u00f3w ciep\u0142a, ochron\u0119 przed czynnikami atmosferycznymi i wilgoci\u0105 oraz [&hellip;]<\/p>\n","protected":false},"featured_media":24358,"template":"","meta":{"_acf_changed":false},"pwb-brand":[2168],"product_brand":[],"product_cat":[1686,1693,1722,1816],"product_tag":[],"class_list":{"0":"post-63439","1":"product","2":"type-product","3":"status-publish","4":"has-post-thumbnail","6":"pwb-brand-3m-pl","7":"product_cat-aluminiowa-tasma-samoprzylepna","8":"product_cat-przemysl-elektryczny","9":"product_cat-wykonczenie-metalu","10":"product_cat-jednostronne-tasmy-samoprzylepne","12":"first","13":"instock","14":"taxable","15":"shipping-taxable","16":"purchasable","17":"product-type-variable"},"acf":[],"yoast_head":"<!-- This site is optimized with the Yoast SEO plugin v27.3 - https:\/\/yoast.com\/product\/yoast-seo-wordpress\/ -->\n<title>3M 3m 425 435 436 433 431 427 dwustronne ta\u015bmy metalowe<\/title>\n<meta name=\"description\" content=\"Nasze dwustronne ta\u015bmy metalowe, takie jak 3M 425, sk\u0142adaj\u0105 si\u0119 z wysokiej jako\u015bci materia\u0142u no\u015bnego i optymalnego kleju. Dowiedz si\u0119 wi\u0119cej.\" \/>\n<meta name=\"robots\" content=\"index, follow, max-snippet:-1, max-image-preview:large, max-video-preview:-1\" \/>\n<link rel=\"canonical\" href=\"https:\/\/cardinal-tapes.com\/pl\/ta\u015bmy-samoprzylepne\/obszary-zastosowan\/aluminiowa-tasma-samoprzylepna\/3m-435-436-433-431-427-425-doppelseitige-metallklebebaender\/\" \/>\n<meta property=\"og:locale\" content=\"pl_PL\" \/>\n<meta property=\"og:type\" content=\"article\" \/>\n<meta property=\"og:title\" content=\"3M 3m 425 435 436 433 431 427 dwustronne ta\u015bmy metalowe\" \/>\n<meta property=\"og:description\" content=\"Nasze dwustronne ta\u015bmy metalowe, takie jak 3M 425, sk\u0142adaj\u0105 si\u0119 z wysokiej jako\u015bci materia\u0142u no\u015bnego i optymalnego kleju. Dowiedz si\u0119 wi\u0119cej.\" \/>\n<meta property=\"og:url\" content=\"https:\/\/cardinal-tapes.com\/pl\/ta\u015bmy-samoprzylepne\/obszary-zastosowan\/aluminiowa-tasma-samoprzylepna\/3m-435-436-433-431-427-425-doppelseitige-metallklebebaender\/\" \/>\n<meta property=\"og:site_name\" content=\"cardinal TAPES\" \/>\n<meta property=\"article:modified_time\" content=\"2025-07-07T14:55:52+00:00\" \/>\n<meta property=\"og:image\" content=\"https:\/\/cardinal-tapes.com\/wp-content\/uploads\/3m_metallklebeband_425.jpg\" \/>\n\t<meta property=\"og:image:width\" content=\"600\" \/>\n\t<meta property=\"og:image:height\" content=\"600\" \/>\n\t<meta property=\"og:image:type\" content=\"image\/jpeg\" \/>\n<meta name=\"twitter:card\" content=\"summary_large_image\" \/>\n<meta name=\"twitter:label1\" content=\"Szacowany czas czytania\" \/>\n\t<meta name=\"twitter:data1\" content=\"1 minuta\" \/>\n<script type=\"application\/ld+json\" class=\"yoast-schema-graph\">{\"@context\":\"https:\\\/\\\/schema.org\",\"@graph\":[{\"@type\":\"WebPage\",\"@id\":\"https:\\\/\\\/cardinal-tapes.com\\\/pl\\\/ta\u015bmy-samoprzylepne\\\/obszary-zastosowan\\\/aluminiowa-tasma-samoprzylepna\\\/3m-435-436-433-431-427-425-doppelseitige-metallklebebaender\\\/\",\"url\":\"https:\\\/\\\/cardinal-tapes.com\\\/pl\\\/ta\u015bmy-samoprzylepne\\\/obszary-zastosowan\\\/aluminiowa-tasma-samoprzylepna\\\/3m-435-436-433-431-427-425-doppelseitige-metallklebebaender\\\/\",\"name\":\"3M 3m 425 435 436 433 431 427 dwustronne ta\u015bmy metalowe\",\"isPartOf\":{\"@id\":\"https:\\\/\\\/cardinal-tapes.com\\\/#website\"},\"primaryImageOfPage\":{\"@id\":\"https:\\\/\\\/cardinal-tapes.com\\\/pl\\\/ta\u015bmy-samoprzylepne\\\/obszary-zastosowan\\\/aluminiowa-tasma-samoprzylepna\\\/3m-435-436-433-431-427-425-doppelseitige-metallklebebaender\\\/#primaryimage\"},\"image\":{\"@id\":\"https:\\\/\\\/cardinal-tapes.com\\\/pl\\\/ta\u015bmy-samoprzylepne\\\/obszary-zastosowan\\\/aluminiowa-tasma-samoprzylepna\\\/3m-435-436-433-431-427-425-doppelseitige-metallklebebaender\\\/#primaryimage\"},\"thumbnailUrl\":\"https:\\\/\\\/cardinal-tapes.com\\\/wp-content\\\/uploads\\\/3m_metallklebeband_425.jpg\",\"datePublished\":\"2023-06-06T08:21:10+00:00\",\"dateModified\":\"2025-07-07T14:55:52+00:00\",\"description\":\"Nasze dwustronne ta\u015bmy metalowe, takie jak 3M 425, sk\u0142adaj\u0105 si\u0119 z wysokiej jako\u015bci materia\u0142u no\u015bnego i optymalnego kleju. Dowiedz si\u0119 wi\u0119cej.\",\"breadcrumb\":{\"@id\":\"https:\\\/\\\/cardinal-tapes.com\\\/pl\\\/ta\u015bmy-samoprzylepne\\\/obszary-zastosowan\\\/aluminiowa-tasma-samoprzylepna\\\/3m-435-436-433-431-427-425-doppelseitige-metallklebebaender\\\/#breadcrumb\"},\"inLanguage\":\"pl-PL\",\"potentialAction\":[{\"@type\":\"ReadAction\",\"target\":[\"https:\\\/\\\/cardinal-tapes.com\\\/pl\\\/ta\u015bmy-samoprzylepne\\\/obszary-zastosowan\\\/aluminiowa-tasma-samoprzylepna\\\/3m-435-436-433-431-427-425-doppelseitige-metallklebebaender\\\/\"]}]},{\"@type\":\"ImageObject\",\"inLanguage\":\"pl-PL\",\"@id\":\"https:\\\/\\\/cardinal-tapes.com\\\/pl\\\/ta\u015bmy-samoprzylepne\\\/obszary-zastosowan\\\/aluminiowa-tasma-samoprzylepna\\\/3m-435-436-433-431-427-425-doppelseitige-metallklebebaender\\\/#primaryimage\",\"url\":\"https:\\\/\\\/cardinal-tapes.com\\\/wp-content\\\/uploads\\\/3m_metallklebeband_425.jpg\",\"contentUrl\":\"https:\\\/\\\/cardinal-tapes.com\\\/wp-content\\\/uploads\\\/3m_metallklebeband_425.jpg\",\"width\":600,\"height\":600,\"caption\":\"Ta\u015bma metalowa 3M 425\"},{\"@type\":\"BreadcrumbList\",\"@id\":\"https:\\\/\\\/cardinal-tapes.com\\\/pl\\\/ta\u015bmy-samoprzylepne\\\/obszary-zastosowan\\\/aluminiowa-tasma-samoprzylepna\\\/3m-435-436-433-431-427-425-doppelseitige-metallklebebaender\\\/#breadcrumb\",\"itemListElement\":[{\"@type\":\"ListItem\",\"position\":1,\"name\":\"Startseite\",\"item\":\"https:\\\/\\\/cardinal-tapes.com\\\/pl\\\/strona-glowna\\\/\"},{\"@type\":\"ListItem\",\"position\":2,\"name\":\"Ta\u015bmy samoprzylepne\",\"item\":\"https:\\\/\\\/cardinal-tapes.com\\\/pl\\\/tasmy-samoprzylepne-pl\\\/\"},{\"@type\":\"ListItem\",\"position\":3,\"name\":\"Einseitige Klebeb\u00e4nder\",\"item\":\"https:\\\/\\\/cardinal-tapes.com\\\/kategorie\\\/einseitige-klebebaender\\\/\"},{\"@type\":\"ListItem\",\"position\":4,\"name\":\"Ta\u015bmy metalowe 3M\u2122 425 427 431 433 435 436\"}]},{\"@type\":\"WebSite\",\"@id\":\"https:\\\/\\\/cardinal-tapes.com\\\/#website\",\"url\":\"https:\\\/\\\/cardinal-tapes.com\\\/\",\"name\":\"cardinal TAPES\",\"description\":\"Klebetechnik aus Wuppertal\",\"potentialAction\":[{\"@type\":\"SearchAction\",\"target\":{\"@type\":\"EntryPoint\",\"urlTemplate\":\"https:\\\/\\\/cardinal-tapes.com\\\/?s={search_term_string}\"},\"query-input\":{\"@type\":\"PropertyValueSpecification\",\"valueRequired\":true,\"valueName\":\"search_term_string\"}}],\"inLanguage\":\"pl-PL\"}]}<\/script>\n<!-- \/ Yoast SEO plugin. -->","yoast_head_json":{"title":"3M 3m 425 435 436 433 431 427 dwustronne ta\u015bmy metalowe","description":"Nasze dwustronne ta\u015bmy metalowe, takie jak 3M 425, sk\u0142adaj\u0105 si\u0119 z wysokiej jako\u015bci materia\u0142u no\u015bnego i optymalnego kleju. Dowiedz si\u0119 wi\u0119cej.","robots":{"index":"index","follow":"follow","max-snippet":"max-snippet:-1","max-image-preview":"max-image-preview:large","max-video-preview":"max-video-preview:-1"},"canonical":"https:\/\/cardinal-tapes.com\/pl\/ta\u015bmy-samoprzylepne\/obszary-zastosowan\/aluminiowa-tasma-samoprzylepna\/3m-435-436-433-431-427-425-doppelseitige-metallklebebaender\/","og_locale":"pl_PL","og_type":"article","og_title":"3M 3m 425 435 436 433 431 427 dwustronne ta\u015bmy metalowe","og_description":"Nasze dwustronne ta\u015bmy metalowe, takie jak 3M 425, sk\u0142adaj\u0105 si\u0119 z wysokiej jako\u015bci materia\u0142u no\u015bnego i optymalnego kleju. Dowiedz si\u0119 wi\u0119cej.","og_url":"https:\/\/cardinal-tapes.com\/pl\/ta\u015bmy-samoprzylepne\/obszary-zastosowan\/aluminiowa-tasma-samoprzylepna\/3m-435-436-433-431-427-425-doppelseitige-metallklebebaender\/","og_site_name":"cardinal TAPES","article_modified_time":"2025-07-07T14:55:52+00:00","og_image":[{"width":600,"height":600,"url":"https:\/\/cardinal-tapes.com\/wp-content\/uploads\/3m_metallklebeband_425.jpg","type":"image\/jpeg"}],"twitter_card":"summary_large_image","twitter_misc":{"Szacowany czas czytania":"1 minuta"},"schema":{"@context":"https:\/\/schema.org","@graph":[{"@type":"WebPage","@id":"https:\/\/cardinal-tapes.com\/pl\/ta\u015bmy-samoprzylepne\/obszary-zastosowan\/aluminiowa-tasma-samoprzylepna\/3m-435-436-433-431-427-425-doppelseitige-metallklebebaender\/","url":"https:\/\/cardinal-tapes.com\/pl\/ta\u015bmy-samoprzylepne\/obszary-zastosowan\/aluminiowa-tasma-samoprzylepna\/3m-435-436-433-431-427-425-doppelseitige-metallklebebaender\/","name":"3M 3m 425 435 436 433 431 427 dwustronne ta\u015bmy metalowe","isPartOf":{"@id":"https:\/\/cardinal-tapes.com\/#website"},"primaryImageOfPage":{"@id":"https:\/\/cardinal-tapes.com\/pl\/ta\u015bmy-samoprzylepne\/obszary-zastosowan\/aluminiowa-tasma-samoprzylepna\/3m-435-436-433-431-427-425-doppelseitige-metallklebebaender\/#primaryimage"},"image":{"@id":"https:\/\/cardinal-tapes.com\/pl\/ta\u015bmy-samoprzylepne\/obszary-zastosowan\/aluminiowa-tasma-samoprzylepna\/3m-435-436-433-431-427-425-doppelseitige-metallklebebaender\/#primaryimage"},"thumbnailUrl":"https:\/\/cardinal-tapes.com\/wp-content\/uploads\/3m_metallklebeband_425.jpg","datePublished":"2023-06-06T08:21:10+00:00","dateModified":"2025-07-07T14:55:52+00:00","description":"Nasze dwustronne ta\u015bmy metalowe, takie jak 3M 425, sk\u0142adaj\u0105 si\u0119 z wysokiej jako\u015bci materia\u0142u no\u015bnego i optymalnego kleju. Dowiedz si\u0119 wi\u0119cej.","breadcrumb":{"@id":"https:\/\/cardinal-tapes.com\/pl\/ta\u015bmy-samoprzylepne\/obszary-zastosowan\/aluminiowa-tasma-samoprzylepna\/3m-435-436-433-431-427-425-doppelseitige-metallklebebaender\/#breadcrumb"},"inLanguage":"pl-PL","potentialAction":[{"@type":"ReadAction","target":["https:\/\/cardinal-tapes.com\/pl\/ta\u015bmy-samoprzylepne\/obszary-zastosowan\/aluminiowa-tasma-samoprzylepna\/3m-435-436-433-431-427-425-doppelseitige-metallklebebaender\/"]}]},{"@type":"ImageObject","inLanguage":"pl-PL","@id":"https:\/\/cardinal-tapes.com\/pl\/ta\u015bmy-samoprzylepne\/obszary-zastosowan\/aluminiowa-tasma-samoprzylepna\/3m-435-436-433-431-427-425-doppelseitige-metallklebebaender\/#primaryimage","url":"https:\/\/cardinal-tapes.com\/wp-content\/uploads\/3m_metallklebeband_425.jpg","contentUrl":"https:\/\/cardinal-tapes.com\/wp-content\/uploads\/3m_metallklebeband_425.jpg","width":600,"height":600,"caption":"Ta\u015bma metalowa 3M 425"},{"@type":"BreadcrumbList","@id":"https:\/\/cardinal-tapes.com\/pl\/ta\u015bmy-samoprzylepne\/obszary-zastosowan\/aluminiowa-tasma-samoprzylepna\/3m-435-436-433-431-427-425-doppelseitige-metallklebebaender\/#breadcrumb","itemListElement":[{"@type":"ListItem","position":1,"name":"Startseite","item":"https:\/\/cardinal-tapes.com\/pl\/strona-glowna\/"},{"@type":"ListItem","position":2,"name":"Ta\u015bmy samoprzylepne","item":"https:\/\/cardinal-tapes.com\/pl\/tasmy-samoprzylepne-pl\/"},{"@type":"ListItem","position":3,"name":"Einseitige Klebeb\u00e4nder","item":"https:\/\/cardinal-tapes.com\/kategorie\/einseitige-klebebaender\/"},{"@type":"ListItem","position":4,"name":"Ta\u015bmy metalowe 3M\u2122 425 427 431 433 435 436"}]},{"@type":"WebSite","@id":"https:\/\/cardinal-tapes.com\/#website","url":"https:\/\/cardinal-tapes.com\/","name":"cardinal TAPES","description":"Klebetechnik aus Wuppertal","potentialAction":[{"@type":"SearchAction","target":{"@type":"EntryPoint","urlTemplate":"https:\/\/cardinal-tapes.com\/?s={search_term_string}"},"query-input":{"@type":"PropertyValueSpecification","valueRequired":true,"valueName":"search_term_string"}}],"inLanguage":"pl-PL"}]}},"brands":[{"id":2168,"name":"3M","slug":"3m-pl"}],"_links":{"self":[{"href":"https:\/\/cardinal-tapes.com\/pl\/wp-json\/wp\/v2\/product\/63439","targetHints":{"allow":["GET"]}}],"collection":[{"href":"https:\/\/cardinal-tapes.com\/pl\/wp-json\/wp\/v2\/product"}],"about":[{"href":"https:\/\/cardinal-tapes.com\/pl\/wp-json\/wp\/v2\/types\/product"}],"wp:featuredmedia":[{"embeddable":true,"href":"https:\/\/cardinal-tapes.com\/pl\/wp-json\/wp\/v2\/media\/24358"}],"wp:attachment":[{"href":"https:\/\/cardinal-tapes.com\/pl\/wp-json\/wp\/v2\/media?parent=63439"}],"wp:term":[{"taxonomy":"pwb-brand","embeddable":true,"href":"https:\/\/cardinal-tapes.com\/pl\/wp-json\/wp\/v2\/pwb-brand?post=63439"},{"taxonomy":"product_brand","embeddable":true,"href":"https:\/\/cardinal-tapes.com\/pl\/wp-json\/wp\/v2\/product_brand?post=63439"},{"taxonomy":"product_cat","embeddable":true,"href":"https:\/\/cardinal-tapes.com\/pl\/wp-json\/wp\/v2\/product_cat?post=63439"},{"taxonomy":"product_tag","embeddable":true,"href":"https:\/\/cardinal-tapes.com\/pl\/wp-json\/wp\/v2\/product_tag?post=63439"}],"curies":[{"name":"wp","href":"https:\/\/api.w.org\/{rel}","templated":true}]}}