{"id":63429,"date":"2017-12-08T08:48:37","date_gmt":"2023-06-06T08:21:09","guid":{"rendered":"https:\/\/cardinal.pixel-tal.de\/klebebaender\/bez-kategorii\/3m-tasma-samoprzylepna-z-tkaniny-aluminiowo-szklanej-363\/"},"modified":"2025-07-11T09:04:12","modified_gmt":"2025-07-11T07:04:12","slug":"3m-363-aluminiowa-tkanina-szklana-tasma-przylepna","status":"publish","type":"product","link":"https:\/\/cardinal-tapes.com\/pl\/ta\u015bmy-samoprzylepne\/obszary-zastosowan\/aluminiowa-tasma-samoprzylepna\/3m-363-aluminiowa-tkanina-szklana-tasma-przylepna\/","title":{"rendered":"3M\u2122 Ta\u015bma samoprzylepna z tkaniny aluminiowo-szklanej 363"},"content":{"rendered":"<p>Odporna na ciep\u0142o ta\u015bma 3M\u2122 Aluminium Glass Fabric Tape 363 jest wysoce przyczepna i elastyczna, dzi\u0119ki czemu nadaje si\u0119 jako os\u0142ona termiczna w przemy\u015ble lotniczym, motoryzacyjnym i og\u00f3lnym. Ta ta\u015bma samoprzylepna sk\u0142ada si\u0119 z mi\u0119kkiego aluminiowego no\u015bnika pokrytego klejem silikonowym, w kt\u00f3rym osadzono tkanin\u0119 z w\u0142\u00f3kna szklanego.<\/p>\n<p><strong>W\u0142a\u015bciwo\u015bci<br \/>\n<\/strong>Ta\u015bma 363 to wytrzyma\u0142a, odporna na \u015bcieranie tkanina szklana laminowana odbijaj\u0105c\u0105 promieniowanie foli\u0105 aluminiow\u0105. Ta\u015bma 363 wykorzystuje wysoce przyczepny i odporny na temperatur\u0119 klej silikonowy, dzi\u0119ki czemu mo\u017ce by\u0107 u\u017cywana w wymagaj\u0105cych zastosowaniach. Ponadto odbija \u015bwiat\u0142o i ciep\u0142o, jest trudnopalny, odporny na wilgo\u0107, warunki atmosferyczne i promieniowanie UV.<\/p>\n<p><b>Zastosowania<\/b><br \/>\n&#8211; Maskowanie podczas natryskiwania plazmowego<br \/>\n&#8211; Ochrona kabli i instrument\u00f3w w przemy\u015ble lotniczym i motoryzacyjnym<\/p>\n","protected":false},"excerpt":{"rendered":"<p>Odporna na ciep\u0142o ta\u015bma 3M\u2122 Aluminium Glass Fabric Tape 363 jest wysoce przyczepna i elastyczna, dzi\u0119ki czemu nadaje si\u0119 jako os\u0142ona termiczna w przemy\u015ble lotniczym, motoryzacyjnym i og\u00f3lnym. Ta ta\u015bma samoprzylepna sk\u0142ada si\u0119 z mi\u0119kkiego aluminiowego no\u015bnika pokrytego klejem silikonowym, w kt\u00f3rym osadzono tkanin\u0119 z w\u0142\u00f3kna szklanego. W\u0142a\u015bciwo\u015bci Ta\u015bma 363 to wytrzyma\u0142a, odporna na \u015bcieranie [&hellip;]<\/p>\n","protected":false},"featured_media":24370,"template":"","meta":{"_acf_changed":false},"pwb-brand":[2168],"product_brand":[],"product_cat":[1686,1816],"product_tag":[],"class_list":{"0":"post-63429","1":"product","2":"type-product","3":"status-publish","4":"has-post-thumbnail","6":"pwb-brand-3m-pl","7":"product_cat-aluminiowa-tasma-samoprzylepna","8":"product_cat-jednostronne-tasmy-samoprzylepne","10":"first","11":"outofstock","12":"taxable","13":"shipping-taxable","14":"purchasable","15":"product-type-variable"},"acf":[],"yoast_head":"<!-- This site is optimized with the Yoast SEO plugin v27.3 - https:\/\/yoast.com\/product\/yoast-seo-wordpress\/ -->\n<title>3M 363 Ta\u015bma klej\u0105ca do tkanin aluminiowo-szklanych | Cardinal TAPES<\/title>\n<meta name=\"description\" content=\"Ta\u015bma samoprzylepna 3M 363 z tkaniny aluminiowo-szklanej jest stosowana g\u0142\u00f3wnie w przemy\u015ble lotniczym i motoryzacyjnym. Dowiedz si\u0119 wi\u0119cej o 3m 363.\" \/>\n<meta name=\"robots\" content=\"index, follow, max-snippet:-1, max-image-preview:large, max-video-preview:-1\" \/>\n<link rel=\"canonical\" href=\"https:\/\/cardinal-tapes.com\/pl\/ta\u015bmy-samoprzylepne\/obszary-zastosowan\/aluminiowa-tasma-samoprzylepna\/3m-363-aluminiowa-tkanina-szklana-tasma-przylepna\/\" \/>\n<meta property=\"og:locale\" content=\"pl_PL\" \/>\n<meta property=\"og:type\" content=\"article\" \/>\n<meta property=\"og:title\" content=\"3M 363 Ta\u015bma klej\u0105ca do tkanin aluminiowo-szklanych | Cardinal TAPES\" \/>\n<meta property=\"og:description\" content=\"Ta\u015bma samoprzylepna 3M 363 z tkaniny aluminiowo-szklanej jest stosowana g\u0142\u00f3wnie w przemy\u015ble lotniczym i motoryzacyjnym. Dowiedz si\u0119 wi\u0119cej o 3m 363.\" \/>\n<meta property=\"og:url\" content=\"https:\/\/cardinal-tapes.com\/pl\/ta\u015bmy-samoprzylepne\/obszary-zastosowan\/aluminiowa-tasma-samoprzylepna\/3m-363-aluminiowa-tkanina-szklana-tasma-przylepna\/\" \/>\n<meta property=\"og:site_name\" content=\"cardinal TAPES\" \/>\n<meta property=\"article:modified_time\" content=\"2025-07-11T07:04:12+00:00\" \/>\n<meta property=\"og:image\" content=\"https:\/\/cardinal-tapes.com\/wp-content\/uploads\/3m_aluminium_glasgewebe_363.jpg\" \/>\n\t<meta property=\"og:image:width\" content=\"600\" \/>\n\t<meta property=\"og:image:height\" content=\"600\" \/>\n\t<meta property=\"og:image:type\" content=\"image\/jpeg\" \/>\n<meta name=\"twitter:card\" content=\"summary_large_image\" \/>\n<meta name=\"twitter:label1\" content=\"Szacowany czas czytania\" \/>\n\t<meta name=\"twitter:data1\" content=\"1 minuta\" \/>\n<script type=\"application\/ld+json\" class=\"yoast-schema-graph\">{\"@context\":\"https:\\\/\\\/schema.org\",\"@graph\":[{\"@type\":\"WebPage\",\"@id\":\"https:\\\/\\\/cardinal-tapes.com\\\/pl\\\/ta\u015bmy-samoprzylepne\\\/obszary-zastosowan\\\/aluminiowa-tasma-samoprzylepna\\\/3m-363-aluminiowa-tkanina-szklana-tasma-przylepna\\\/\",\"url\":\"https:\\\/\\\/cardinal-tapes.com\\\/pl\\\/ta\u015bmy-samoprzylepne\\\/obszary-zastosowan\\\/aluminiowa-tasma-samoprzylepna\\\/3m-363-aluminiowa-tkanina-szklana-tasma-przylepna\\\/\",\"name\":\"3M 363 Ta\u015bma klej\u0105ca do tkanin aluminiowo-szklanych | Cardinal TAPES\",\"isPartOf\":{\"@id\":\"https:\\\/\\\/cardinal-tapes.com\\\/#website\"},\"primaryImageOfPage\":{\"@id\":\"https:\\\/\\\/cardinal-tapes.com\\\/pl\\\/ta\u015bmy-samoprzylepne\\\/obszary-zastosowan\\\/aluminiowa-tasma-samoprzylepna\\\/3m-363-aluminiowa-tkanina-szklana-tasma-przylepna\\\/#primaryimage\"},\"image\":{\"@id\":\"https:\\\/\\\/cardinal-tapes.com\\\/pl\\\/ta\u015bmy-samoprzylepne\\\/obszary-zastosowan\\\/aluminiowa-tasma-samoprzylepna\\\/3m-363-aluminiowa-tkanina-szklana-tasma-przylepna\\\/#primaryimage\"},\"thumbnailUrl\":\"https:\\\/\\\/cardinal-tapes.com\\\/wp-content\\\/uploads\\\/3m_aluminium_glasgewebe_363.jpg\",\"datePublished\":\"2023-06-06T08:21:09+00:00\",\"dateModified\":\"2025-07-11T07:04:12+00:00\",\"description\":\"Ta\u015bma samoprzylepna 3M 363 z tkaniny aluminiowo-szklanej jest stosowana g\u0142\u00f3wnie w przemy\u015ble lotniczym i motoryzacyjnym. Dowiedz si\u0119 wi\u0119cej o 3m 363.\",\"breadcrumb\":{\"@id\":\"https:\\\/\\\/cardinal-tapes.com\\\/pl\\\/ta\u015bmy-samoprzylepne\\\/obszary-zastosowan\\\/aluminiowa-tasma-samoprzylepna\\\/3m-363-aluminiowa-tkanina-szklana-tasma-przylepna\\\/#breadcrumb\"},\"inLanguage\":\"pl-PL\",\"potentialAction\":[{\"@type\":\"ReadAction\",\"target\":[\"https:\\\/\\\/cardinal-tapes.com\\\/pl\\\/ta\u015bmy-samoprzylepne\\\/obszary-zastosowan\\\/aluminiowa-tasma-samoprzylepna\\\/3m-363-aluminiowa-tkanina-szklana-tasma-przylepna\\\/\"]}]},{\"@type\":\"ImageObject\",\"inLanguage\":\"pl-PL\",\"@id\":\"https:\\\/\\\/cardinal-tapes.com\\\/pl\\\/ta\u015bmy-samoprzylepne\\\/obszary-zastosowan\\\/aluminiowa-tasma-samoprzylepna\\\/3m-363-aluminiowa-tkanina-szklana-tasma-przylepna\\\/#primaryimage\",\"url\":\"https:\\\/\\\/cardinal-tapes.com\\\/wp-content\\\/uploads\\\/3m_aluminium_glasgewebe_363.jpg\",\"contentUrl\":\"https:\\\/\\\/cardinal-tapes.com\\\/wp-content\\\/uploads\\\/3m_aluminium_glasgewebe_363.jpg\",\"width\":600,\"height\":600,\"caption\":\"Ta\u015bma samoprzylepna 3M do tkanin aluminiowo-szklanych 363\"},{\"@type\":\"BreadcrumbList\",\"@id\":\"https:\\\/\\\/cardinal-tapes.com\\\/pl\\\/ta\u015bmy-samoprzylepne\\\/obszary-zastosowan\\\/aluminiowa-tasma-samoprzylepna\\\/3m-363-aluminiowa-tkanina-szklana-tasma-przylepna\\\/#breadcrumb\",\"itemListElement\":[{\"@type\":\"ListItem\",\"position\":1,\"name\":\"Startseite\",\"item\":\"https:\\\/\\\/cardinal-tapes.com\\\/pl\\\/strona-glowna\\\/\"},{\"@type\":\"ListItem\",\"position\":2,\"name\":\"Ta\u015bmy samoprzylepne\",\"item\":\"https:\\\/\\\/cardinal-tapes.com\\\/pl\\\/tasmy-samoprzylepne-pl\\\/\"},{\"@type\":\"ListItem\",\"position\":3,\"name\":\"Obszary zastosowa\u0144\",\"item\":\"https:\\\/\\\/cardinal-tapes.com\\\/pl\\\/kategoria\\\/obszary-zastosowan\\\/\"},{\"@type\":\"ListItem\",\"position\":4,\"name\":\"Aluminiowa ta\u015bma samoprzylepna\",\"item\":\"https:\\\/\\\/cardinal-tapes.com\\\/pl\\\/kategoria\\\/aluminiowa-tasma-samoprzylepna\\\/\"},{\"@type\":\"ListItem\",\"position\":5,\"name\":\"3M\u2122 Ta\u015bma samoprzylepna z tkaniny aluminiowo-szklanej 363\"}]},{\"@type\":\"WebSite\",\"@id\":\"https:\\\/\\\/cardinal-tapes.com\\\/#website\",\"url\":\"https:\\\/\\\/cardinal-tapes.com\\\/\",\"name\":\"cardinal TAPES\",\"description\":\"Klebetechnik aus Wuppertal\",\"potentialAction\":[{\"@type\":\"SearchAction\",\"target\":{\"@type\":\"EntryPoint\",\"urlTemplate\":\"https:\\\/\\\/cardinal-tapes.com\\\/?s={search_term_string}\"},\"query-input\":{\"@type\":\"PropertyValueSpecification\",\"valueRequired\":true,\"valueName\":\"search_term_string\"}}],\"inLanguage\":\"pl-PL\"}]}<\/script>\n<!-- \/ Yoast SEO plugin. -->","yoast_head_json":{"title":"3M 363 Ta\u015bma klej\u0105ca do tkanin aluminiowo-szklanych | Cardinal TAPES","description":"Ta\u015bma samoprzylepna 3M 363 z tkaniny aluminiowo-szklanej jest stosowana g\u0142\u00f3wnie w przemy\u015ble lotniczym i motoryzacyjnym. Dowiedz si\u0119 wi\u0119cej o 3m 363.","robots":{"index":"index","follow":"follow","max-snippet":"max-snippet:-1","max-image-preview":"max-image-preview:large","max-video-preview":"max-video-preview:-1"},"canonical":"https:\/\/cardinal-tapes.com\/pl\/ta\u015bmy-samoprzylepne\/obszary-zastosowan\/aluminiowa-tasma-samoprzylepna\/3m-363-aluminiowa-tkanina-szklana-tasma-przylepna\/","og_locale":"pl_PL","og_type":"article","og_title":"3M 363 Ta\u015bma klej\u0105ca do tkanin aluminiowo-szklanych | Cardinal TAPES","og_description":"Ta\u015bma samoprzylepna 3M 363 z tkaniny aluminiowo-szklanej jest stosowana g\u0142\u00f3wnie w przemy\u015ble lotniczym i motoryzacyjnym. Dowiedz si\u0119 wi\u0119cej o 3m 363.","og_url":"https:\/\/cardinal-tapes.com\/pl\/ta\u015bmy-samoprzylepne\/obszary-zastosowan\/aluminiowa-tasma-samoprzylepna\/3m-363-aluminiowa-tkanina-szklana-tasma-przylepna\/","og_site_name":"cardinal TAPES","article_modified_time":"2025-07-11T07:04:12+00:00","og_image":[{"width":600,"height":600,"url":"https:\/\/cardinal-tapes.com\/wp-content\/uploads\/3m_aluminium_glasgewebe_363.jpg","type":"image\/jpeg"}],"twitter_card":"summary_large_image","twitter_misc":{"Szacowany czas czytania":"1 minuta"},"schema":{"@context":"https:\/\/schema.org","@graph":[{"@type":"WebPage","@id":"https:\/\/cardinal-tapes.com\/pl\/ta\u015bmy-samoprzylepne\/obszary-zastosowan\/aluminiowa-tasma-samoprzylepna\/3m-363-aluminiowa-tkanina-szklana-tasma-przylepna\/","url":"https:\/\/cardinal-tapes.com\/pl\/ta\u015bmy-samoprzylepne\/obszary-zastosowan\/aluminiowa-tasma-samoprzylepna\/3m-363-aluminiowa-tkanina-szklana-tasma-przylepna\/","name":"3M 363 Ta\u015bma klej\u0105ca do tkanin aluminiowo-szklanych | Cardinal TAPES","isPartOf":{"@id":"https:\/\/cardinal-tapes.com\/#website"},"primaryImageOfPage":{"@id":"https:\/\/cardinal-tapes.com\/pl\/ta\u015bmy-samoprzylepne\/obszary-zastosowan\/aluminiowa-tasma-samoprzylepna\/3m-363-aluminiowa-tkanina-szklana-tasma-przylepna\/#primaryimage"},"image":{"@id":"https:\/\/cardinal-tapes.com\/pl\/ta\u015bmy-samoprzylepne\/obszary-zastosowan\/aluminiowa-tasma-samoprzylepna\/3m-363-aluminiowa-tkanina-szklana-tasma-przylepna\/#primaryimage"},"thumbnailUrl":"https:\/\/cardinal-tapes.com\/wp-content\/uploads\/3m_aluminium_glasgewebe_363.jpg","datePublished":"2023-06-06T08:21:09+00:00","dateModified":"2025-07-11T07:04:12+00:00","description":"Ta\u015bma samoprzylepna 3M 363 z tkaniny aluminiowo-szklanej jest stosowana g\u0142\u00f3wnie w przemy\u015ble lotniczym i motoryzacyjnym. Dowiedz si\u0119 wi\u0119cej o 3m 363.","breadcrumb":{"@id":"https:\/\/cardinal-tapes.com\/pl\/ta\u015bmy-samoprzylepne\/obszary-zastosowan\/aluminiowa-tasma-samoprzylepna\/3m-363-aluminiowa-tkanina-szklana-tasma-przylepna\/#breadcrumb"},"inLanguage":"pl-PL","potentialAction":[{"@type":"ReadAction","target":["https:\/\/cardinal-tapes.com\/pl\/ta\u015bmy-samoprzylepne\/obszary-zastosowan\/aluminiowa-tasma-samoprzylepna\/3m-363-aluminiowa-tkanina-szklana-tasma-przylepna\/"]}]},{"@type":"ImageObject","inLanguage":"pl-PL","@id":"https:\/\/cardinal-tapes.com\/pl\/ta\u015bmy-samoprzylepne\/obszary-zastosowan\/aluminiowa-tasma-samoprzylepna\/3m-363-aluminiowa-tkanina-szklana-tasma-przylepna\/#primaryimage","url":"https:\/\/cardinal-tapes.com\/wp-content\/uploads\/3m_aluminium_glasgewebe_363.jpg","contentUrl":"https:\/\/cardinal-tapes.com\/wp-content\/uploads\/3m_aluminium_glasgewebe_363.jpg","width":600,"height":600,"caption":"Ta\u015bma samoprzylepna 3M do tkanin aluminiowo-szklanych 363"},{"@type":"BreadcrumbList","@id":"https:\/\/cardinal-tapes.com\/pl\/ta\u015bmy-samoprzylepne\/obszary-zastosowan\/aluminiowa-tasma-samoprzylepna\/3m-363-aluminiowa-tkanina-szklana-tasma-przylepna\/#breadcrumb","itemListElement":[{"@type":"ListItem","position":1,"name":"Startseite","item":"https:\/\/cardinal-tapes.com\/pl\/strona-glowna\/"},{"@type":"ListItem","position":2,"name":"Ta\u015bmy samoprzylepne","item":"https:\/\/cardinal-tapes.com\/pl\/tasmy-samoprzylepne-pl\/"},{"@type":"ListItem","position":3,"name":"Obszary zastosowa\u0144","item":"https:\/\/cardinal-tapes.com\/pl\/kategoria\/obszary-zastosowan\/"},{"@type":"ListItem","position":4,"name":"Aluminiowa ta\u015bma samoprzylepna","item":"https:\/\/cardinal-tapes.com\/pl\/kategoria\/aluminiowa-tasma-samoprzylepna\/"},{"@type":"ListItem","position":5,"name":"3M\u2122 Ta\u015bma samoprzylepna z tkaniny aluminiowo-szklanej 363"}]},{"@type":"WebSite","@id":"https:\/\/cardinal-tapes.com\/#website","url":"https:\/\/cardinal-tapes.com\/","name":"cardinal TAPES","description":"Klebetechnik aus Wuppertal","potentialAction":[{"@type":"SearchAction","target":{"@type":"EntryPoint","urlTemplate":"https:\/\/cardinal-tapes.com\/?s={search_term_string}"},"query-input":{"@type":"PropertyValueSpecification","valueRequired":true,"valueName":"search_term_string"}}],"inLanguage":"pl-PL"}]}},"brands":[{"id":2168,"name":"3M","slug":"3m-pl"}],"_links":{"self":[{"href":"https:\/\/cardinal-tapes.com\/pl\/wp-json\/wp\/v2\/product\/63429","targetHints":{"allow":["GET"]}}],"collection":[{"href":"https:\/\/cardinal-tapes.com\/pl\/wp-json\/wp\/v2\/product"}],"about":[{"href":"https:\/\/cardinal-tapes.com\/pl\/wp-json\/wp\/v2\/types\/product"}],"wp:featuredmedia":[{"embeddable":true,"href":"https:\/\/cardinal-tapes.com\/pl\/wp-json\/wp\/v2\/media\/24370"}],"wp:attachment":[{"href":"https:\/\/cardinal-tapes.com\/pl\/wp-json\/wp\/v2\/media?parent=63429"}],"wp:term":[{"taxonomy":"pwb-brand","embeddable":true,"href":"https:\/\/cardinal-tapes.com\/pl\/wp-json\/wp\/v2\/pwb-brand?post=63429"},{"taxonomy":"product_brand","embeddable":true,"href":"https:\/\/cardinal-tapes.com\/pl\/wp-json\/wp\/v2\/product_brand?post=63429"},{"taxonomy":"product_cat","embeddable":true,"href":"https:\/\/cardinal-tapes.com\/pl\/wp-json\/wp\/v2\/product_cat?post=63429"},{"taxonomy":"product_tag","embeddable":true,"href":"https:\/\/cardinal-tapes.com\/pl\/wp-json\/wp\/v2\/product_tag?post=63429"}],"curies":[{"name":"wp","href":"https:\/\/api.w.org\/{rel}","templated":true}]}}