{"id":63422,"date":"2017-12-08T08:37:19","date_gmt":"2023-06-06T08:21:09","guid":{"rendered":"https:\/\/cardinal.pixel-tal.de\/klebebaender\/bez-kategorii\/3m-tasma-klejaca-do-tkanin-szklanych-361\/"},"modified":"2025-07-10T13:26:46","modified_gmt":"2025-07-10T11:26:46","slug":"3m-361-glass-fabric-adhesive-tape","status":"publish","type":"product","link":"https:\/\/cardinal-tapes.com\/pl\/ta\u015bmy-samoprzylepne\/jednostronne-tasmy-samoprzylepne\/3m-361-glass-fabric-adhesive-tape\/","title":{"rendered":"3M\u2122 Ta\u015bma klej\u0105ca do tkanin szklanych 361"},"content":{"rendered":"<p>Ta\u015bma 3M\u2122 Glass Fabric Tape 361 jest odpowiednia do zastosowa\u0144, w kt\u00f3rych wymagana jest odporno\u015b\u0107 na wysokie temperatury. Ta ta\u015bma ma wra\u017cliwy na nacisk klej silikonowy do zastosowa\u0144 wymagaj\u0105cych wysokiej przyczepno\u015bci, trwa\u0142o\u015bci, dobrej si\u0142y trzymania i usuwania bez pozosta\u0142o\u015bci. Odporna na \u015bcieranie ta\u015bma samoprzylepna nadaje si\u0119 do uszczelniania linii i kom\u00f3r wysokotemperaturowych, os\u0142aniania podczas natryskiwania plazmowego oraz do innych zastosowa\u0144, w kt\u00f3rych wymagana jest wysoka wytrzyma\u0142o\u015b\u0107 na rozdarcie i odporno\u015b\u0107 na temperatur\u0119.<\/p>\n<p><strong>W\u0142a\u015bciwo\u015bci<br \/>\n<\/strong>Ta\u015bma sk\u0142ada si\u0119 z wytrzyma\u0142ego, odpornego na \u015bcieranie no\u015bnika z tkaniny szklanej oraz wysoce przylepnego, odpornego na temperatur\u0119 kleju silikonowego. Ponadto ta\u015bma samoprzylepna z tkaniny szklanej jest odporna na korozj\u0119, dzi\u0119ki czemu mo\u017ce by\u0107 trwale stosowana na wi\u0119kszo\u015bci powierzchni metalowych. Ponadto mo\u017cna go usun\u0105\u0107 bez pozostawiania \u015blad\u00f3w, nawet po wystawieniu na dzia\u0142anie wysokiej temperatury.<\/p>\n<p><b>Zastosowania<br \/>\n<\/b>&#8211; Zastosowania wysokotemperaturowe, w kt\u00f3rych wymagana jest dobra przyczepno\u015b\u0107, wysoka odporno\u015b\u0107 na rozdarcie i \u015bcieranie<br \/>\n&#8211; Trwa\u0142e uszczelnianie, wi\u0105zanie, owijanie i etykietowanie kabli wysokotemperaturowych<b><br \/>\n<\/b><\/p>\n","protected":false},"excerpt":{"rendered":"<p>Ta\u015bma 3M\u2122 Glass Fabric Tape 361 jest odpowiednia do zastosowa\u0144, w kt\u00f3rych wymagana jest odporno\u015b\u0107 na wysokie temperatury. Ta ta\u015bma ma wra\u017cliwy na nacisk klej silikonowy do zastosowa\u0144 wymagaj\u0105cych wysokiej przyczepno\u015bci, trwa\u0142o\u015bci, dobrej si\u0142y trzymania i usuwania bez pozosta\u0142o\u015bci. Odporna na \u015bcieranie ta\u015bma samoprzylepna nadaje si\u0119 do uszczelniania linii i kom\u00f3r wysokotemperaturowych, os\u0142aniania podczas natryskiwania [&hellip;]<\/p>\n","protected":false},"featured_media":24390,"template":"","meta":{"_acf_changed":false},"pwb-brand":[2168],"product_brand":[],"product_cat":[1816],"product_tag":[],"class_list":{"0":"post-63422","1":"product","2":"type-product","3":"status-publish","4":"has-post-thumbnail","6":"pwb-brand-3m-pl","7":"product_cat-jednostronne-tasmy-samoprzylepne","9":"first","10":"instock","11":"taxable","12":"shipping-taxable","13":"purchasable","14":"product-type-variable"},"acf":[],"yoast_head":"<!-- This site is optimized with the Yoast SEO plugin v27.3 - https:\/\/yoast.com\/product\/yoast-seo-wordpress\/ -->\n<title>3M\u2122 361 Ta\u015bma klej\u0105ca do tkanin szklanych | Cardinal TAPES<\/title>\n<meta name=\"description\" content=\"Ta\u015bma nr 361 sk\u0142ada si\u0119 z wytrzyma\u0142ego, odpornego na \u015bcieranie no\u015bnika z tkaniny szklanej i wysoce przyczepnego, odpornego na temperatur\u0119 kleju silikonowego.\" \/>\n<meta name=\"robots\" content=\"index, follow, max-snippet:-1, max-image-preview:large, max-video-preview:-1\" \/>\n<link rel=\"canonical\" href=\"https:\/\/cardinal-tapes.com\/pl\/ta\u015bmy-samoprzylepne\/jednostronne-tasmy-samoprzylepne\/3m-361-glass-fabric-adhesive-tape\/\" \/>\n<meta property=\"og:locale\" content=\"pl_PL\" \/>\n<meta property=\"og:type\" content=\"article\" \/>\n<meta property=\"og:title\" content=\"3M\u2122 361 Ta\u015bma klej\u0105ca do tkanin szklanych | Cardinal TAPES\" \/>\n<meta property=\"og:description\" content=\"Ta\u015bma nr 361 sk\u0142ada si\u0119 z wytrzyma\u0142ego, odpornego na \u015bcieranie no\u015bnika z tkaniny szklanej i wysoce przyczepnego, odpornego na temperatur\u0119 kleju silikonowego.\" \/>\n<meta property=\"og:url\" content=\"https:\/\/cardinal-tapes.com\/pl\/ta\u015bmy-samoprzylepne\/jednostronne-tasmy-samoprzylepne\/3m-361-glass-fabric-adhesive-tape\/\" \/>\n<meta property=\"og:site_name\" content=\"cardinal TAPES\" \/>\n<meta property=\"article:modified_time\" content=\"2025-07-10T11:26:46+00:00\" \/>\n<meta property=\"og:image\" content=\"https:\/\/cardinal-tapes.com\/wp-content\/uploads\/3m_glasgewebe_361.jpg\" \/>\n\t<meta property=\"og:image:width\" content=\"600\" \/>\n\t<meta property=\"og:image:height\" content=\"600\" \/>\n\t<meta property=\"og:image:type\" content=\"image\/jpeg\" \/>\n<meta name=\"twitter:card\" content=\"summary_large_image\" \/>\n<meta name=\"twitter:label1\" content=\"Szacowany czas czytania\" \/>\n\t<meta name=\"twitter:data1\" content=\"1 minuta\" \/>\n<script type=\"application\/ld+json\" class=\"yoast-schema-graph\">{\"@context\":\"https:\\\/\\\/schema.org\",\"@graph\":[{\"@type\":\"WebPage\",\"@id\":\"https:\\\/\\\/cardinal-tapes.com\\\/pl\\\/ta\u015bmy-samoprzylepne\\\/jednostronne-tasmy-samoprzylepne\\\/3m-361-glass-fabric-adhesive-tape\\\/\",\"url\":\"https:\\\/\\\/cardinal-tapes.com\\\/pl\\\/ta\u015bmy-samoprzylepne\\\/jednostronne-tasmy-samoprzylepne\\\/3m-361-glass-fabric-adhesive-tape\\\/\",\"name\":\"3M\u2122 361 Ta\u015bma klej\u0105ca do tkanin szklanych | Cardinal TAPES\",\"isPartOf\":{\"@id\":\"https:\\\/\\\/cardinal-tapes.com\\\/#website\"},\"primaryImageOfPage\":{\"@id\":\"https:\\\/\\\/cardinal-tapes.com\\\/pl\\\/ta\u015bmy-samoprzylepne\\\/jednostronne-tasmy-samoprzylepne\\\/3m-361-glass-fabric-adhesive-tape\\\/#primaryimage\"},\"image\":{\"@id\":\"https:\\\/\\\/cardinal-tapes.com\\\/pl\\\/ta\u015bmy-samoprzylepne\\\/jednostronne-tasmy-samoprzylepne\\\/3m-361-glass-fabric-adhesive-tape\\\/#primaryimage\"},\"thumbnailUrl\":\"https:\\\/\\\/cardinal-tapes.com\\\/wp-content\\\/uploads\\\/3m_glasgewebe_361.jpg\",\"datePublished\":\"2023-06-06T08:21:09+00:00\",\"dateModified\":\"2025-07-10T11:26:46+00:00\",\"description\":\"Ta\u015bma nr 361 sk\u0142ada si\u0119 z wytrzyma\u0142ego, odpornego na \u015bcieranie no\u015bnika z tkaniny szklanej i wysoce przyczepnego, odpornego na temperatur\u0119 kleju silikonowego.\",\"breadcrumb\":{\"@id\":\"https:\\\/\\\/cardinal-tapes.com\\\/pl\\\/ta\u015bmy-samoprzylepne\\\/jednostronne-tasmy-samoprzylepne\\\/3m-361-glass-fabric-adhesive-tape\\\/#breadcrumb\"},\"inLanguage\":\"pl-PL\",\"potentialAction\":[{\"@type\":\"ReadAction\",\"target\":[\"https:\\\/\\\/cardinal-tapes.com\\\/pl\\\/ta\u015bmy-samoprzylepne\\\/jednostronne-tasmy-samoprzylepne\\\/3m-361-glass-fabric-adhesive-tape\\\/\"]}]},{\"@type\":\"ImageObject\",\"inLanguage\":\"pl-PL\",\"@id\":\"https:\\\/\\\/cardinal-tapes.com\\\/pl\\\/ta\u015bmy-samoprzylepne\\\/jednostronne-tasmy-samoprzylepne\\\/3m-361-glass-fabric-adhesive-tape\\\/#primaryimage\",\"url\":\"https:\\\/\\\/cardinal-tapes.com\\\/wp-content\\\/uploads\\\/3m_glasgewebe_361.jpg\",\"contentUrl\":\"https:\\\/\\\/cardinal-tapes.com\\\/wp-content\\\/uploads\\\/3m_glasgewebe_361.jpg\",\"width\":600,\"height\":600,\"caption\":\"Tkanina szklana 3M 361\"},{\"@type\":\"BreadcrumbList\",\"@id\":\"https:\\\/\\\/cardinal-tapes.com\\\/pl\\\/ta\u015bmy-samoprzylepne\\\/jednostronne-tasmy-samoprzylepne\\\/3m-361-glass-fabric-adhesive-tape\\\/#breadcrumb\",\"itemListElement\":[{\"@type\":\"ListItem\",\"position\":1,\"name\":\"Startseite\",\"item\":\"https:\\\/\\\/cardinal-tapes.com\\\/pl\\\/strona-glowna\\\/\"},{\"@type\":\"ListItem\",\"position\":2,\"name\":\"Ta\u015bmy samoprzylepne\",\"item\":\"https:\\\/\\\/cardinal-tapes.com\\\/pl\\\/tasmy-samoprzylepne-pl\\\/\"},{\"@type\":\"ListItem\",\"position\":3,\"name\":\"Jednostronne ta\u015bmy samoprzylepne\",\"item\":\"https:\\\/\\\/cardinal-tapes.com\\\/pl\\\/kategoria\\\/jednostronne-tasmy-samoprzylepne\\\/\"},{\"@type\":\"ListItem\",\"position\":4,\"name\":\"3M\u2122 Ta\u015bma klej\u0105ca do tkanin szklanych 361\"}]},{\"@type\":\"WebSite\",\"@id\":\"https:\\\/\\\/cardinal-tapes.com\\\/#website\",\"url\":\"https:\\\/\\\/cardinal-tapes.com\\\/\",\"name\":\"cardinal TAPES\",\"description\":\"Klebetechnik aus Wuppertal\",\"potentialAction\":[{\"@type\":\"SearchAction\",\"target\":{\"@type\":\"EntryPoint\",\"urlTemplate\":\"https:\\\/\\\/cardinal-tapes.com\\\/?s={search_term_string}\"},\"query-input\":{\"@type\":\"PropertyValueSpecification\",\"valueRequired\":true,\"valueName\":\"search_term_string\"}}],\"inLanguage\":\"pl-PL\"}]}<\/script>\n<!-- \/ Yoast SEO plugin. -->","yoast_head_json":{"title":"3M\u2122 361 Ta\u015bma klej\u0105ca do tkanin szklanych | Cardinal TAPES","description":"Ta\u015bma nr 361 sk\u0142ada si\u0119 z wytrzyma\u0142ego, odpornego na \u015bcieranie no\u015bnika z tkaniny szklanej i wysoce przyczepnego, odpornego na temperatur\u0119 kleju silikonowego.","robots":{"index":"index","follow":"follow","max-snippet":"max-snippet:-1","max-image-preview":"max-image-preview:large","max-video-preview":"max-video-preview:-1"},"canonical":"https:\/\/cardinal-tapes.com\/pl\/ta\u015bmy-samoprzylepne\/jednostronne-tasmy-samoprzylepne\/3m-361-glass-fabric-adhesive-tape\/","og_locale":"pl_PL","og_type":"article","og_title":"3M\u2122 361 Ta\u015bma klej\u0105ca do tkanin szklanych | Cardinal TAPES","og_description":"Ta\u015bma nr 361 sk\u0142ada si\u0119 z wytrzyma\u0142ego, odpornego na \u015bcieranie no\u015bnika z tkaniny szklanej i wysoce przyczepnego, odpornego na temperatur\u0119 kleju silikonowego.","og_url":"https:\/\/cardinal-tapes.com\/pl\/ta\u015bmy-samoprzylepne\/jednostronne-tasmy-samoprzylepne\/3m-361-glass-fabric-adhesive-tape\/","og_site_name":"cardinal TAPES","article_modified_time":"2025-07-10T11:26:46+00:00","og_image":[{"width":600,"height":600,"url":"https:\/\/cardinal-tapes.com\/wp-content\/uploads\/3m_glasgewebe_361.jpg","type":"image\/jpeg"}],"twitter_card":"summary_large_image","twitter_misc":{"Szacowany czas czytania":"1 minuta"},"schema":{"@context":"https:\/\/schema.org","@graph":[{"@type":"WebPage","@id":"https:\/\/cardinal-tapes.com\/pl\/ta\u015bmy-samoprzylepne\/jednostronne-tasmy-samoprzylepne\/3m-361-glass-fabric-adhesive-tape\/","url":"https:\/\/cardinal-tapes.com\/pl\/ta\u015bmy-samoprzylepne\/jednostronne-tasmy-samoprzylepne\/3m-361-glass-fabric-adhesive-tape\/","name":"3M\u2122 361 Ta\u015bma klej\u0105ca do tkanin szklanych | Cardinal TAPES","isPartOf":{"@id":"https:\/\/cardinal-tapes.com\/#website"},"primaryImageOfPage":{"@id":"https:\/\/cardinal-tapes.com\/pl\/ta\u015bmy-samoprzylepne\/jednostronne-tasmy-samoprzylepne\/3m-361-glass-fabric-adhesive-tape\/#primaryimage"},"image":{"@id":"https:\/\/cardinal-tapes.com\/pl\/ta\u015bmy-samoprzylepne\/jednostronne-tasmy-samoprzylepne\/3m-361-glass-fabric-adhesive-tape\/#primaryimage"},"thumbnailUrl":"https:\/\/cardinal-tapes.com\/wp-content\/uploads\/3m_glasgewebe_361.jpg","datePublished":"2023-06-06T08:21:09+00:00","dateModified":"2025-07-10T11:26:46+00:00","description":"Ta\u015bma nr 361 sk\u0142ada si\u0119 z wytrzyma\u0142ego, odpornego na \u015bcieranie no\u015bnika z tkaniny szklanej i wysoce przyczepnego, odpornego na temperatur\u0119 kleju silikonowego.","breadcrumb":{"@id":"https:\/\/cardinal-tapes.com\/pl\/ta\u015bmy-samoprzylepne\/jednostronne-tasmy-samoprzylepne\/3m-361-glass-fabric-adhesive-tape\/#breadcrumb"},"inLanguage":"pl-PL","potentialAction":[{"@type":"ReadAction","target":["https:\/\/cardinal-tapes.com\/pl\/ta\u015bmy-samoprzylepne\/jednostronne-tasmy-samoprzylepne\/3m-361-glass-fabric-adhesive-tape\/"]}]},{"@type":"ImageObject","inLanguage":"pl-PL","@id":"https:\/\/cardinal-tapes.com\/pl\/ta\u015bmy-samoprzylepne\/jednostronne-tasmy-samoprzylepne\/3m-361-glass-fabric-adhesive-tape\/#primaryimage","url":"https:\/\/cardinal-tapes.com\/wp-content\/uploads\/3m_glasgewebe_361.jpg","contentUrl":"https:\/\/cardinal-tapes.com\/wp-content\/uploads\/3m_glasgewebe_361.jpg","width":600,"height":600,"caption":"Tkanina szklana 3M 361"},{"@type":"BreadcrumbList","@id":"https:\/\/cardinal-tapes.com\/pl\/ta\u015bmy-samoprzylepne\/jednostronne-tasmy-samoprzylepne\/3m-361-glass-fabric-adhesive-tape\/#breadcrumb","itemListElement":[{"@type":"ListItem","position":1,"name":"Startseite","item":"https:\/\/cardinal-tapes.com\/pl\/strona-glowna\/"},{"@type":"ListItem","position":2,"name":"Ta\u015bmy samoprzylepne","item":"https:\/\/cardinal-tapes.com\/pl\/tasmy-samoprzylepne-pl\/"},{"@type":"ListItem","position":3,"name":"Jednostronne ta\u015bmy samoprzylepne","item":"https:\/\/cardinal-tapes.com\/pl\/kategoria\/jednostronne-tasmy-samoprzylepne\/"},{"@type":"ListItem","position":4,"name":"3M\u2122 Ta\u015bma klej\u0105ca do tkanin szklanych 361"}]},{"@type":"WebSite","@id":"https:\/\/cardinal-tapes.com\/#website","url":"https:\/\/cardinal-tapes.com\/","name":"cardinal TAPES","description":"Klebetechnik aus Wuppertal","potentialAction":[{"@type":"SearchAction","target":{"@type":"EntryPoint","urlTemplate":"https:\/\/cardinal-tapes.com\/?s={search_term_string}"},"query-input":{"@type":"PropertyValueSpecification","valueRequired":true,"valueName":"search_term_string"}}],"inLanguage":"pl-PL"}]}},"brands":[{"id":2168,"name":"3M","slug":"3m-pl"}],"_links":{"self":[{"href":"https:\/\/cardinal-tapes.com\/pl\/wp-json\/wp\/v2\/product\/63422","targetHints":{"allow":["GET"]}}],"collection":[{"href":"https:\/\/cardinal-tapes.com\/pl\/wp-json\/wp\/v2\/product"}],"about":[{"href":"https:\/\/cardinal-tapes.com\/pl\/wp-json\/wp\/v2\/types\/product"}],"wp:featuredmedia":[{"embeddable":true,"href":"https:\/\/cardinal-tapes.com\/pl\/wp-json\/wp\/v2\/media\/24390"}],"wp:attachment":[{"href":"https:\/\/cardinal-tapes.com\/pl\/wp-json\/wp\/v2\/media?parent=63422"}],"wp:term":[{"taxonomy":"pwb-brand","embeddable":true,"href":"https:\/\/cardinal-tapes.com\/pl\/wp-json\/wp\/v2\/pwb-brand?post=63422"},{"taxonomy":"product_brand","embeddable":true,"href":"https:\/\/cardinal-tapes.com\/pl\/wp-json\/wp\/v2\/product_brand?post=63422"},{"taxonomy":"product_cat","embeddable":true,"href":"https:\/\/cardinal-tapes.com\/pl\/wp-json\/wp\/v2\/product_cat?post=63422"},{"taxonomy":"product_tag","embeddable":true,"href":"https:\/\/cardinal-tapes.com\/pl\/wp-json\/wp\/v2\/product_tag?post=63422"}],"curies":[{"name":"wp","href":"https:\/\/api.w.org\/{rel}","templated":true}]}}