{"id":63420,"date":"2017-12-08T08:42:10","date_gmt":"2023-06-06T08:21:09","guid":{"rendered":"https:\/\/cardinal.pixel-tal.de\/klebebaender\/bez-kategorii\/wodoodporna-tasma-tekstylna-3m-389\/"},"modified":"2025-07-11T09:02:11","modified_gmt":"2025-07-11T07:02:11","slug":"3m-389-wodoodporna-kolorowa-tkanina-tasma-przylepna","status":"publish","type":"product","link":"https:\/\/cardinal-tapes.com\/pl\/ta\u015bmy-samoprzylepne\/jednostronne-tasmy-samoprzylepne\/3m-389-wodoodporna-kolorowa-tkanina-tasma-przylepna\/","title":{"rendered":"Wodoodporna ta\u015bma tekstylna 3M\u2122 389"},"content":{"rendered":"<p>Ta\u015bma tkaninowa 3M 389 jest dost\u0119pna w r\u00f3\u017cnych kolorach i nadaje si\u0119 do wielu r\u00f3\u017cnych zastosowa\u0144. Szczeg\u00f3lnymi zaletami ta\u015bmy jest to, \u017ce mo\u017cna j\u0105 oderwa\u0107 r\u0119cznie, ma dobr\u0105 zdolno\u015b\u0107 dopasowywania si\u0119 i wysok\u0105 si\u0142\u0119 trzymania. Dlatego te\u017c obszary zastosowa\u0144 3M 389 s\u0105 tak zr\u00f3\u017cnicowane. Przyk\u0142ady obejmuj\u0105 maskowanie, wi\u0105zanie, wzmacnianie i naprawianie, klejenie i \u0142\u0105czenie wyk\u0142adzin lub uszczelnianie po\u0142\u0105cze\u0144. Dzi\u0119ki r\u00f3\u017cnym kolorom ta\u015bma materia\u0142owa 3M 389 wtapia si\u0119 wizualnie w ka\u017cdy obraz.<\/p>\n<p><strong>W\u0142a\u015bciwo\u015bci<br \/>\n<\/strong>Ta\u015bma samoprzylepna z tkaniny charakteryzuje si\u0119 odporno\u015bci\u0105 na odkszta\u0142cenia, dobr\u0105 wodoodporno\u015bci\u0105 oraz wysokim wyd\u0142u\u017ceniem przy zerwaniu. Ta\u015bma samoprzylepna jest dost\u0119pna w wielu r\u00f3\u017cnych kolorach. Ponadto charakteryzuje si\u0119 bardzo dobr\u0105 natychmiastow\u0105 przyczepno\u015bci\u0105, dobr\u0105 trwa\u0142\u0105 si\u0142\u0105 trzymania i bardzo dobr\u0105 si\u0142\u0105 klejenia na szerokiej gamie powierzchni.<\/p>\n<p><strong>Zastosowania<br \/>\n<\/strong>&#8211; \u0141\u0105czenie i uszczelnianie folii, paneli \u015bciennych oraz system\u00f3w rur metalowych i plastikowych<br \/>\n&#8211; \u0141\u0105czenie izolacji, rur i ok\u0142adzin (efekt zawiasu)<br \/>\n&#8211; \u0141\u0105czenie folii w celu ochrony podczas przenoszenia lub odka\u017cania<br \/>\n&#8211; Owijanie pojemnik\u00f3w i rur<br \/>\n&#8211; Kodowanie kolorami, znakowanie lub etykietowanie<br \/>\n&#8211; Uszczelnianie pojemnik\u00f3w i naprawa plandek<\/p>\n","protected":false},"excerpt":{"rendered":"<p>Ta\u015bma tkaninowa 3M 389 jest dost\u0119pna w r\u00f3\u017cnych kolorach i nadaje si\u0119 do wielu r\u00f3\u017cnych zastosowa\u0144. Szczeg\u00f3lnymi zaletami ta\u015bmy jest to, \u017ce mo\u017cna j\u0105 oderwa\u0107 r\u0119cznie, ma dobr\u0105 zdolno\u015b\u0107 dopasowywania si\u0119 i wysok\u0105 si\u0142\u0119 trzymania. Dlatego te\u017c obszary zastosowa\u0144 3M 389 s\u0105 tak zr\u00f3\u017cnicowane. Przyk\u0142ady obejmuj\u0105 maskowanie, wi\u0105zanie, wzmacnianie i naprawianie, klejenie i \u0142\u0105czenie wyk\u0142adzin [&hellip;]<\/p>\n","protected":false},"featured_media":24382,"template":"","meta":{"_acf_changed":false},"pwb-brand":[2168],"product_brand":[],"product_cat":[1816],"product_tag":[],"class_list":{"0":"post-63420","1":"product","2":"type-product","3":"status-publish","4":"has-post-thumbnail","6":"pwb-brand-3m-pl","7":"product_cat-jednostronne-tasmy-samoprzylepne","9":"first","10":"instock","11":"taxable","12":"shipping-taxable","13":"purchasable","14":"product-type-variable"},"acf":[],"yoast_head":"<!-- This site is optimized with the Yoast SEO plugin v27.3 - https:\/\/yoast.com\/product\/yoast-seo-wordpress\/ -->\n<title>Wodoodporna ta\u015bma materia\u0142owa 3M\u2122 389 | Cardinal TAPES<\/title>\n<meta name=\"description\" content=\"Ta\u015bma tkaninowa 3M 389 jest dost\u0119pna w r\u00f3\u017cnych kolorach i nadaje si\u0119 do wielu r\u00f3\u017cnych zastosowa\u0144. Dowiedz si\u0119 wi\u0119cej.\" \/>\n<meta name=\"robots\" content=\"index, follow, max-snippet:-1, max-image-preview:large, max-video-preview:-1\" \/>\n<link rel=\"canonical\" href=\"https:\/\/cardinal-tapes.com\/pl\/ta\u015bmy-samoprzylepne\/jednostronne-tasmy-samoprzylepne\/3m-389-wodoodporna-kolorowa-tkanina-tasma-przylepna\/\" \/>\n<meta property=\"og:locale\" content=\"pl_PL\" \/>\n<meta property=\"og:type\" content=\"article\" \/>\n<meta property=\"og:title\" content=\"Wodoodporna ta\u015bma materia\u0142owa 3M\u2122 389 | Cardinal TAPES\" \/>\n<meta property=\"og:description\" content=\"Ta\u015bma tkaninowa 3M 389 jest dost\u0119pna w r\u00f3\u017cnych kolorach i nadaje si\u0119 do wielu r\u00f3\u017cnych zastosowa\u0144. Dowiedz si\u0119 wi\u0119cej.\" \/>\n<meta property=\"og:url\" content=\"https:\/\/cardinal-tapes.com\/pl\/ta\u015bmy-samoprzylepne\/jednostronne-tasmy-samoprzylepne\/3m-389-wodoodporna-kolorowa-tkanina-tasma-przylepna\/\" \/>\n<meta property=\"og:site_name\" content=\"cardinal TAPES\" \/>\n<meta property=\"article:modified_time\" content=\"2025-07-11T07:02:11+00:00\" \/>\n<meta property=\"og:image\" content=\"https:\/\/cardinal-tapes.com\/wp-content\/uploads\/3m_scotch_gewebeklebeband_389.jpg\" \/>\n\t<meta property=\"og:image:width\" content=\"600\" \/>\n\t<meta property=\"og:image:height\" content=\"600\" \/>\n\t<meta property=\"og:image:type\" content=\"image\/jpeg\" \/>\n<meta name=\"twitter:card\" content=\"summary_large_image\" \/>\n<meta name=\"twitter:label1\" content=\"Szacowany czas czytania\" \/>\n\t<meta name=\"twitter:data1\" content=\"1 minuta\" \/>\n<script type=\"application\/ld+json\" class=\"yoast-schema-graph\">{\"@context\":\"https:\\\/\\\/schema.org\",\"@graph\":[{\"@type\":\"WebPage\",\"@id\":\"https:\\\/\\\/cardinal-tapes.com\\\/pl\\\/ta\u015bmy-samoprzylepne\\\/jednostronne-tasmy-samoprzylepne\\\/3m-389-wodoodporna-kolorowa-tkanina-tasma-przylepna\\\/\",\"url\":\"https:\\\/\\\/cardinal-tapes.com\\\/pl\\\/ta\u015bmy-samoprzylepne\\\/jednostronne-tasmy-samoprzylepne\\\/3m-389-wodoodporna-kolorowa-tkanina-tasma-przylepna\\\/\",\"name\":\"Wodoodporna ta\u015bma materia\u0142owa 3M\u2122 389 | Cardinal TAPES\",\"isPartOf\":{\"@id\":\"https:\\\/\\\/cardinal-tapes.com\\\/#website\"},\"primaryImageOfPage\":{\"@id\":\"https:\\\/\\\/cardinal-tapes.com\\\/pl\\\/ta\u015bmy-samoprzylepne\\\/jednostronne-tasmy-samoprzylepne\\\/3m-389-wodoodporna-kolorowa-tkanina-tasma-przylepna\\\/#primaryimage\"},\"image\":{\"@id\":\"https:\\\/\\\/cardinal-tapes.com\\\/pl\\\/ta\u015bmy-samoprzylepne\\\/jednostronne-tasmy-samoprzylepne\\\/3m-389-wodoodporna-kolorowa-tkanina-tasma-przylepna\\\/#primaryimage\"},\"thumbnailUrl\":\"https:\\\/\\\/cardinal-tapes.com\\\/wp-content\\\/uploads\\\/3m_scotch_gewebeklebeband_389.jpg\",\"datePublished\":\"2023-06-06T08:21:09+00:00\",\"dateModified\":\"2025-07-11T07:02:11+00:00\",\"description\":\"Ta\u015bma tkaninowa 3M 389 jest dost\u0119pna w r\u00f3\u017cnych kolorach i nadaje si\u0119 do wielu r\u00f3\u017cnych zastosowa\u0144. Dowiedz si\u0119 wi\u0119cej.\",\"breadcrumb\":{\"@id\":\"https:\\\/\\\/cardinal-tapes.com\\\/pl\\\/ta\u015bmy-samoprzylepne\\\/jednostronne-tasmy-samoprzylepne\\\/3m-389-wodoodporna-kolorowa-tkanina-tasma-przylepna\\\/#breadcrumb\"},\"inLanguage\":\"pl-PL\",\"potentialAction\":[{\"@type\":\"ReadAction\",\"target\":[\"https:\\\/\\\/cardinal-tapes.com\\\/pl\\\/ta\u015bmy-samoprzylepne\\\/jednostronne-tasmy-samoprzylepne\\\/3m-389-wodoodporna-kolorowa-tkanina-tasma-przylepna\\\/\"]}]},{\"@type\":\"ImageObject\",\"inLanguage\":\"pl-PL\",\"@id\":\"https:\\\/\\\/cardinal-tapes.com\\\/pl\\\/ta\u015bmy-samoprzylepne\\\/jednostronne-tasmy-samoprzylepne\\\/3m-389-wodoodporna-kolorowa-tkanina-tasma-przylepna\\\/#primaryimage\",\"url\":\"https:\\\/\\\/cardinal-tapes.com\\\/wp-content\\\/uploads\\\/3m_scotch_gewebeklebeband_389.jpg\",\"contentUrl\":\"https:\\\/\\\/cardinal-tapes.com\\\/wp-content\\\/uploads\\\/3m_scotch_gewebeklebeband_389.jpg\",\"width\":600,\"height\":600,\"caption\":\"Ta\u015bma tkaninowa 3M Scotch 389\"},{\"@type\":\"BreadcrumbList\",\"@id\":\"https:\\\/\\\/cardinal-tapes.com\\\/pl\\\/ta\u015bmy-samoprzylepne\\\/jednostronne-tasmy-samoprzylepne\\\/3m-389-wodoodporna-kolorowa-tkanina-tasma-przylepna\\\/#breadcrumb\",\"itemListElement\":[{\"@type\":\"ListItem\",\"position\":1,\"name\":\"Startseite\",\"item\":\"https:\\\/\\\/cardinal-tapes.com\\\/pl\\\/strona-glowna\\\/\"},{\"@type\":\"ListItem\",\"position\":2,\"name\":\"Ta\u015bmy samoprzylepne\",\"item\":\"https:\\\/\\\/cardinal-tapes.com\\\/pl\\\/tasmy-samoprzylepne-pl\\\/\"},{\"@type\":\"ListItem\",\"position\":3,\"name\":\"Jednostronne ta\u015bmy samoprzylepne\",\"item\":\"https:\\\/\\\/cardinal-tapes.com\\\/pl\\\/kategoria\\\/jednostronne-tasmy-samoprzylepne\\\/\"},{\"@type\":\"ListItem\",\"position\":4,\"name\":\"Wodoodporna ta\u015bma tekstylna 3M\u2122 389\"}]},{\"@type\":\"WebSite\",\"@id\":\"https:\\\/\\\/cardinal-tapes.com\\\/#website\",\"url\":\"https:\\\/\\\/cardinal-tapes.com\\\/\",\"name\":\"cardinal TAPES\",\"description\":\"Klebetechnik aus Wuppertal\",\"potentialAction\":[{\"@type\":\"SearchAction\",\"target\":{\"@type\":\"EntryPoint\",\"urlTemplate\":\"https:\\\/\\\/cardinal-tapes.com\\\/?s={search_term_string}\"},\"query-input\":{\"@type\":\"PropertyValueSpecification\",\"valueRequired\":true,\"valueName\":\"search_term_string\"}}],\"inLanguage\":\"pl-PL\"}]}<\/script>\n<!-- \/ Yoast SEO plugin. -->","yoast_head_json":{"title":"Wodoodporna ta\u015bma materia\u0142owa 3M\u2122 389 | Cardinal TAPES","description":"Ta\u015bma tkaninowa 3M 389 jest dost\u0119pna w r\u00f3\u017cnych kolorach i nadaje si\u0119 do wielu r\u00f3\u017cnych zastosowa\u0144. Dowiedz si\u0119 wi\u0119cej.","robots":{"index":"index","follow":"follow","max-snippet":"max-snippet:-1","max-image-preview":"max-image-preview:large","max-video-preview":"max-video-preview:-1"},"canonical":"https:\/\/cardinal-tapes.com\/pl\/ta\u015bmy-samoprzylepne\/jednostronne-tasmy-samoprzylepne\/3m-389-wodoodporna-kolorowa-tkanina-tasma-przylepna\/","og_locale":"pl_PL","og_type":"article","og_title":"Wodoodporna ta\u015bma materia\u0142owa 3M\u2122 389 | Cardinal TAPES","og_description":"Ta\u015bma tkaninowa 3M 389 jest dost\u0119pna w r\u00f3\u017cnych kolorach i nadaje si\u0119 do wielu r\u00f3\u017cnych zastosowa\u0144. Dowiedz si\u0119 wi\u0119cej.","og_url":"https:\/\/cardinal-tapes.com\/pl\/ta\u015bmy-samoprzylepne\/jednostronne-tasmy-samoprzylepne\/3m-389-wodoodporna-kolorowa-tkanina-tasma-przylepna\/","og_site_name":"cardinal TAPES","article_modified_time":"2025-07-11T07:02:11+00:00","og_image":[{"width":600,"height":600,"url":"https:\/\/cardinal-tapes.com\/wp-content\/uploads\/3m_scotch_gewebeklebeband_389.jpg","type":"image\/jpeg"}],"twitter_card":"summary_large_image","twitter_misc":{"Szacowany czas czytania":"1 minuta"},"schema":{"@context":"https:\/\/schema.org","@graph":[{"@type":"WebPage","@id":"https:\/\/cardinal-tapes.com\/pl\/ta\u015bmy-samoprzylepne\/jednostronne-tasmy-samoprzylepne\/3m-389-wodoodporna-kolorowa-tkanina-tasma-przylepna\/","url":"https:\/\/cardinal-tapes.com\/pl\/ta\u015bmy-samoprzylepne\/jednostronne-tasmy-samoprzylepne\/3m-389-wodoodporna-kolorowa-tkanina-tasma-przylepna\/","name":"Wodoodporna ta\u015bma materia\u0142owa 3M\u2122 389 | Cardinal TAPES","isPartOf":{"@id":"https:\/\/cardinal-tapes.com\/#website"},"primaryImageOfPage":{"@id":"https:\/\/cardinal-tapes.com\/pl\/ta\u015bmy-samoprzylepne\/jednostronne-tasmy-samoprzylepne\/3m-389-wodoodporna-kolorowa-tkanina-tasma-przylepna\/#primaryimage"},"image":{"@id":"https:\/\/cardinal-tapes.com\/pl\/ta\u015bmy-samoprzylepne\/jednostronne-tasmy-samoprzylepne\/3m-389-wodoodporna-kolorowa-tkanina-tasma-przylepna\/#primaryimage"},"thumbnailUrl":"https:\/\/cardinal-tapes.com\/wp-content\/uploads\/3m_scotch_gewebeklebeband_389.jpg","datePublished":"2023-06-06T08:21:09+00:00","dateModified":"2025-07-11T07:02:11+00:00","description":"Ta\u015bma tkaninowa 3M 389 jest dost\u0119pna w r\u00f3\u017cnych kolorach i nadaje si\u0119 do wielu r\u00f3\u017cnych zastosowa\u0144. Dowiedz si\u0119 wi\u0119cej.","breadcrumb":{"@id":"https:\/\/cardinal-tapes.com\/pl\/ta\u015bmy-samoprzylepne\/jednostronne-tasmy-samoprzylepne\/3m-389-wodoodporna-kolorowa-tkanina-tasma-przylepna\/#breadcrumb"},"inLanguage":"pl-PL","potentialAction":[{"@type":"ReadAction","target":["https:\/\/cardinal-tapes.com\/pl\/ta\u015bmy-samoprzylepne\/jednostronne-tasmy-samoprzylepne\/3m-389-wodoodporna-kolorowa-tkanina-tasma-przylepna\/"]}]},{"@type":"ImageObject","inLanguage":"pl-PL","@id":"https:\/\/cardinal-tapes.com\/pl\/ta\u015bmy-samoprzylepne\/jednostronne-tasmy-samoprzylepne\/3m-389-wodoodporna-kolorowa-tkanina-tasma-przylepna\/#primaryimage","url":"https:\/\/cardinal-tapes.com\/wp-content\/uploads\/3m_scotch_gewebeklebeband_389.jpg","contentUrl":"https:\/\/cardinal-tapes.com\/wp-content\/uploads\/3m_scotch_gewebeklebeband_389.jpg","width":600,"height":600,"caption":"Ta\u015bma tkaninowa 3M Scotch 389"},{"@type":"BreadcrumbList","@id":"https:\/\/cardinal-tapes.com\/pl\/ta\u015bmy-samoprzylepne\/jednostronne-tasmy-samoprzylepne\/3m-389-wodoodporna-kolorowa-tkanina-tasma-przylepna\/#breadcrumb","itemListElement":[{"@type":"ListItem","position":1,"name":"Startseite","item":"https:\/\/cardinal-tapes.com\/pl\/strona-glowna\/"},{"@type":"ListItem","position":2,"name":"Ta\u015bmy samoprzylepne","item":"https:\/\/cardinal-tapes.com\/pl\/tasmy-samoprzylepne-pl\/"},{"@type":"ListItem","position":3,"name":"Jednostronne ta\u015bmy samoprzylepne","item":"https:\/\/cardinal-tapes.com\/pl\/kategoria\/jednostronne-tasmy-samoprzylepne\/"},{"@type":"ListItem","position":4,"name":"Wodoodporna ta\u015bma tekstylna 3M\u2122 389"}]},{"@type":"WebSite","@id":"https:\/\/cardinal-tapes.com\/#website","url":"https:\/\/cardinal-tapes.com\/","name":"cardinal TAPES","description":"Klebetechnik aus Wuppertal","potentialAction":[{"@type":"SearchAction","target":{"@type":"EntryPoint","urlTemplate":"https:\/\/cardinal-tapes.com\/?s={search_term_string}"},"query-input":{"@type":"PropertyValueSpecification","valueRequired":true,"valueName":"search_term_string"}}],"inLanguage":"pl-PL"}]}},"brands":[{"id":2168,"name":"3M","slug":"3m-pl"}],"_links":{"self":[{"href":"https:\/\/cardinal-tapes.com\/pl\/wp-json\/wp\/v2\/product\/63420","targetHints":{"allow":["GET"]}}],"collection":[{"href":"https:\/\/cardinal-tapes.com\/pl\/wp-json\/wp\/v2\/product"}],"about":[{"href":"https:\/\/cardinal-tapes.com\/pl\/wp-json\/wp\/v2\/types\/product"}],"wp:featuredmedia":[{"embeddable":true,"href":"https:\/\/cardinal-tapes.com\/pl\/wp-json\/wp\/v2\/media\/24382"}],"wp:attachment":[{"href":"https:\/\/cardinal-tapes.com\/pl\/wp-json\/wp\/v2\/media?parent=63420"}],"wp:term":[{"taxonomy":"pwb-brand","embeddable":true,"href":"https:\/\/cardinal-tapes.com\/pl\/wp-json\/wp\/v2\/pwb-brand?post=63420"},{"taxonomy":"product_brand","embeddable":true,"href":"https:\/\/cardinal-tapes.com\/pl\/wp-json\/wp\/v2\/product_brand?post=63420"},{"taxonomy":"product_cat","embeddable":true,"href":"https:\/\/cardinal-tapes.com\/pl\/wp-json\/wp\/v2\/product_cat?post=63420"},{"taxonomy":"product_tag","embeddable":true,"href":"https:\/\/cardinal-tapes.com\/pl\/wp-json\/wp\/v2\/product_tag?post=63420"}],"curies":[{"name":"wp","href":"https:\/\/api.w.org\/{rel}","templated":true}]}}