{"id":63363,"date":"2017-12-08T08:52:30","date_gmt":"2023-06-06T08:21:07","guid":{"rendered":"https:\/\/cardinal.pixel-tal.de\/klebebaender\/bez-kategorii\/3m-samoprzylepna-folia-tlumiaca-2552\/"},"modified":"2025-07-11T09:06:09","modified_gmt":"2025-07-11T07:06:09","slug":"3m-2552-samoprzylepna-folia-izolacyjna","status":"publish","type":"product","link":"https:\/\/cardinal-tapes.com\/pl\/ta\u015bmy-samoprzylepne\/obszary-zastosowan\/aluminiowa-tasma-samoprzylepna\/3m-2552-samoprzylepna-folia-izolacyjna\/","title":{"rendered":"3M\u2122 Samoprzylepna folia t\u0142umi\u0105ca 2552"},"content":{"rendered":"<p>Folia t\u0142umi\u0105ca 3M\u2122 Damping Film 2552 sk\u0142ada si\u0119 z czystego, wysokiej jako\u015bci aluminium jako materia\u0142u no\u015bnego i lepkospr\u0119\u017cystego, t\u0142umi\u0105cego drgania kleju akrylowego. Po\u0142\u0105czenie wiskoelastycznego kleju akrylowego z tylnym wzmocnieniem z folii aluminiowej zapewnia doskona\u0142y spos\u00f3b na redukcj\u0119 ha\u0142asu i wibracji. 3M Samoprzylepna folia t\u0142umi\u0105ca 2552 zosta\u0142a specjalnie zaprojektowana do powierzchni metalowych, dzi\u0119ki czemu po prawid\u0142owym na\u0142o\u017ceniu wp\u0142ywa na drgania rezonansowe, a energia drga\u0144 jest przekszta\u0142cana w niewielkie ciep\u0142o za pomoc\u0105 lepkospr\u0119\u017cystego kleju.<\/p>\n<p><strong>W\u0142a\u015bciwo\u015bci<br \/>\n<\/strong>Folia t\u0142umi\u0105ca 2552 jest odporna na warunki atmosferyczne, wilgo\u0107 i promieniowanie UV. Ponadto folia t\u0142umi\u0105ca jest odporna na p\u0142omienie i chemikalia, dzi\u0119ki czemu mo\u017ce by\u0107 r\u00f3wnie\u017c u\u017cywana w wymagaj\u0105cych \u015brodowiskach.<\/p>\n<p><b>Zastosowania<br \/>\n<\/b>&#8211; T\u0142umienie drga\u0144 i ha\u0142asu<br \/>\n&#8211; Redukcja zm\u0119czenia metalu<\/p>\n","protected":false},"excerpt":{"rendered":"<p>Folia t\u0142umi\u0105ca 3M\u2122 Damping Film 2552 sk\u0142ada si\u0119 z czystego, wysokiej jako\u015bci aluminium jako materia\u0142u no\u015bnego i lepkospr\u0119\u017cystego, t\u0142umi\u0105cego drgania kleju akrylowego. Po\u0142\u0105czenie wiskoelastycznego kleju akrylowego z tylnym wzmocnieniem z folii aluminiowej zapewnia doskona\u0142y spos\u00f3b na redukcj\u0119 ha\u0142asu i wibracji. 3M Samoprzylepna folia t\u0142umi\u0105ca 2552 zosta\u0142a specjalnie zaprojektowana do powierzchni metalowych, dzi\u0119ki czemu po prawid\u0142owym [&hellip;]<\/p>\n","protected":false},"featured_media":24362,"template":"","meta":{"_acf_changed":false},"pwb-brand":[2168],"product_brand":[],"product_cat":[1686,1816],"product_tag":[],"class_list":{"0":"post-63363","1":"product","2":"type-product","3":"status-publish","4":"has-post-thumbnail","6":"pwb-brand-3m-pl","7":"product_cat-aluminiowa-tasma-samoprzylepna","8":"product_cat-jednostronne-tasmy-samoprzylepne","10":"first","11":"instock","12":"taxable","13":"shipping-taxable","14":"purchasable","15":"product-type-variable"},"acf":[],"yoast_head":"<!-- This site is optimized with the Yoast SEO plugin v27.3 - https:\/\/yoast.com\/product\/yoast-seo-wordpress\/ -->\n<title>3M 2552 Samoprzylepna folia t\u0142umi\u0105ca | Cardinal TAPES<\/title>\n<meta name=\"description\" content=\"Samoprzylepna folia t\u0142umi\u0105ca 3M 2552 sk\u0142ada si\u0119 z aluminium jako materia\u0142u no\u015bnego z t\u0142umi\u0105cym drgania klejem akrylowym. Dowiedz si\u0119 wi\u0119cej.\" \/>\n<meta name=\"robots\" content=\"index, follow, max-snippet:-1, max-image-preview:large, max-video-preview:-1\" \/>\n<link rel=\"canonical\" href=\"https:\/\/cardinal-tapes.com\/pl\/ta\u015bmy-samoprzylepne\/obszary-zastosowan\/aluminiowa-tasma-samoprzylepna\/3m-2552-samoprzylepna-folia-izolacyjna\/\" \/>\n<meta property=\"og:locale\" content=\"pl_PL\" \/>\n<meta property=\"og:type\" content=\"article\" \/>\n<meta property=\"og:title\" content=\"3M 2552 Samoprzylepna folia t\u0142umi\u0105ca | Cardinal TAPES\" \/>\n<meta property=\"og:description\" content=\"Samoprzylepna folia t\u0142umi\u0105ca 3M 2552 sk\u0142ada si\u0119 z aluminium jako materia\u0142u no\u015bnego z t\u0142umi\u0105cym drgania klejem akrylowym. Dowiedz si\u0119 wi\u0119cej.\" \/>\n<meta property=\"og:url\" content=\"https:\/\/cardinal-tapes.com\/pl\/ta\u015bmy-samoprzylepne\/obszary-zastosowan\/aluminiowa-tasma-samoprzylepna\/3m-2552-samoprzylepna-folia-izolacyjna\/\" \/>\n<meta property=\"og:site_name\" content=\"cardinal TAPES\" \/>\n<meta property=\"article:modified_time\" content=\"2025-07-11T07:06:09+00:00\" \/>\n<meta property=\"og:image\" content=\"https:\/\/cardinal-tapes.com\/wp-content\/uploads\/3m_selbstklebene_daempfungsfolie_2552.jpg\" \/>\n\t<meta property=\"og:image:width\" content=\"600\" \/>\n\t<meta property=\"og:image:height\" content=\"600\" \/>\n\t<meta property=\"og:image:type\" content=\"image\/jpeg\" \/>\n<meta name=\"twitter:card\" content=\"summary_large_image\" \/>\n<meta name=\"twitter:label1\" content=\"Szacowany czas czytania\" \/>\n\t<meta name=\"twitter:data1\" content=\"1 minuta\" \/>\n<script type=\"application\/ld+json\" class=\"yoast-schema-graph\">{\"@context\":\"https:\\\/\\\/schema.org\",\"@graph\":[{\"@type\":\"WebPage\",\"@id\":\"https:\\\/\\\/cardinal-tapes.com\\\/pl\\\/ta\u015bmy-samoprzylepne\\\/obszary-zastosowan\\\/aluminiowa-tasma-samoprzylepna\\\/3m-2552-samoprzylepna-folia-izolacyjna\\\/\",\"url\":\"https:\\\/\\\/cardinal-tapes.com\\\/pl\\\/ta\u015bmy-samoprzylepne\\\/obszary-zastosowan\\\/aluminiowa-tasma-samoprzylepna\\\/3m-2552-samoprzylepna-folia-izolacyjna\\\/\",\"name\":\"3M 2552 Samoprzylepna folia t\u0142umi\u0105ca | Cardinal TAPES\",\"isPartOf\":{\"@id\":\"https:\\\/\\\/cardinal-tapes.com\\\/#website\"},\"primaryImageOfPage\":{\"@id\":\"https:\\\/\\\/cardinal-tapes.com\\\/pl\\\/ta\u015bmy-samoprzylepne\\\/obszary-zastosowan\\\/aluminiowa-tasma-samoprzylepna\\\/3m-2552-samoprzylepna-folia-izolacyjna\\\/#primaryimage\"},\"image\":{\"@id\":\"https:\\\/\\\/cardinal-tapes.com\\\/pl\\\/ta\u015bmy-samoprzylepne\\\/obszary-zastosowan\\\/aluminiowa-tasma-samoprzylepna\\\/3m-2552-samoprzylepna-folia-izolacyjna\\\/#primaryimage\"},\"thumbnailUrl\":\"https:\\\/\\\/cardinal-tapes.com\\\/wp-content\\\/uploads\\\/3m_selbstklebene_daempfungsfolie_2552.jpg\",\"datePublished\":\"2023-06-06T08:21:07+00:00\",\"dateModified\":\"2025-07-11T07:06:09+00:00\",\"description\":\"Samoprzylepna folia t\u0142umi\u0105ca 3M 2552 sk\u0142ada si\u0119 z aluminium jako materia\u0142u no\u015bnego z t\u0142umi\u0105cym drgania klejem akrylowym. Dowiedz si\u0119 wi\u0119cej.\",\"breadcrumb\":{\"@id\":\"https:\\\/\\\/cardinal-tapes.com\\\/pl\\\/ta\u015bmy-samoprzylepne\\\/obszary-zastosowan\\\/aluminiowa-tasma-samoprzylepna\\\/3m-2552-samoprzylepna-folia-izolacyjna\\\/#breadcrumb\"},\"inLanguage\":\"pl-PL\",\"potentialAction\":[{\"@type\":\"ReadAction\",\"target\":[\"https:\\\/\\\/cardinal-tapes.com\\\/pl\\\/ta\u015bmy-samoprzylepne\\\/obszary-zastosowan\\\/aluminiowa-tasma-samoprzylepna\\\/3m-2552-samoprzylepna-folia-izolacyjna\\\/\"]}]},{\"@type\":\"ImageObject\",\"inLanguage\":\"pl-PL\",\"@id\":\"https:\\\/\\\/cardinal-tapes.com\\\/pl\\\/ta\u015bmy-samoprzylepne\\\/obszary-zastosowan\\\/aluminiowa-tasma-samoprzylepna\\\/3m-2552-samoprzylepna-folia-izolacyjna\\\/#primaryimage\",\"url\":\"https:\\\/\\\/cardinal-tapes.com\\\/wp-content\\\/uploads\\\/3m_selbstklebene_daempfungsfolie_2552.jpg\",\"contentUrl\":\"https:\\\/\\\/cardinal-tapes.com\\\/wp-content\\\/uploads\\\/3m_selbstklebene_daempfungsfolie_2552.jpg\",\"width\":600,\"height\":600,\"caption\":\"3M Samoprzylepna folia t\u0142umi\u0105ca 2552\"},{\"@type\":\"BreadcrumbList\",\"@id\":\"https:\\\/\\\/cardinal-tapes.com\\\/pl\\\/ta\u015bmy-samoprzylepne\\\/obszary-zastosowan\\\/aluminiowa-tasma-samoprzylepna\\\/3m-2552-samoprzylepna-folia-izolacyjna\\\/#breadcrumb\",\"itemListElement\":[{\"@type\":\"ListItem\",\"position\":1,\"name\":\"Startseite\",\"item\":\"https:\\\/\\\/cardinal-tapes.com\\\/pl\\\/strona-glowna\\\/\"},{\"@type\":\"ListItem\",\"position\":2,\"name\":\"Ta\u015bmy samoprzylepne\",\"item\":\"https:\\\/\\\/cardinal-tapes.com\\\/pl\\\/tasmy-samoprzylepne-pl\\\/\"},{\"@type\":\"ListItem\",\"position\":3,\"name\":\"Obszary zastosowa\u0144\",\"item\":\"https:\\\/\\\/cardinal-tapes.com\\\/pl\\\/kategoria\\\/obszary-zastosowan\\\/\"},{\"@type\":\"ListItem\",\"position\":4,\"name\":\"Aluminiowa ta\u015bma samoprzylepna\",\"item\":\"https:\\\/\\\/cardinal-tapes.com\\\/pl\\\/kategoria\\\/aluminiowa-tasma-samoprzylepna\\\/\"},{\"@type\":\"ListItem\",\"position\":5,\"name\":\"3M\u2122 Samoprzylepna folia t\u0142umi\u0105ca 2552\"}]},{\"@type\":\"WebSite\",\"@id\":\"https:\\\/\\\/cardinal-tapes.com\\\/#website\",\"url\":\"https:\\\/\\\/cardinal-tapes.com\\\/\",\"name\":\"cardinal TAPES\",\"description\":\"Klebetechnik aus Wuppertal\",\"potentialAction\":[{\"@type\":\"SearchAction\",\"target\":{\"@type\":\"EntryPoint\",\"urlTemplate\":\"https:\\\/\\\/cardinal-tapes.com\\\/?s={search_term_string}\"},\"query-input\":{\"@type\":\"PropertyValueSpecification\",\"valueRequired\":true,\"valueName\":\"search_term_string\"}}],\"inLanguage\":\"pl-PL\"}]}<\/script>\n<!-- \/ Yoast SEO plugin. -->","yoast_head_json":{"title":"3M 2552 Samoprzylepna folia t\u0142umi\u0105ca | Cardinal TAPES","description":"Samoprzylepna folia t\u0142umi\u0105ca 3M 2552 sk\u0142ada si\u0119 z aluminium jako materia\u0142u no\u015bnego z t\u0142umi\u0105cym drgania klejem akrylowym. Dowiedz si\u0119 wi\u0119cej.","robots":{"index":"index","follow":"follow","max-snippet":"max-snippet:-1","max-image-preview":"max-image-preview:large","max-video-preview":"max-video-preview:-1"},"canonical":"https:\/\/cardinal-tapes.com\/pl\/ta\u015bmy-samoprzylepne\/obszary-zastosowan\/aluminiowa-tasma-samoprzylepna\/3m-2552-samoprzylepna-folia-izolacyjna\/","og_locale":"pl_PL","og_type":"article","og_title":"3M 2552 Samoprzylepna folia t\u0142umi\u0105ca | Cardinal TAPES","og_description":"Samoprzylepna folia t\u0142umi\u0105ca 3M 2552 sk\u0142ada si\u0119 z aluminium jako materia\u0142u no\u015bnego z t\u0142umi\u0105cym drgania klejem akrylowym. Dowiedz si\u0119 wi\u0119cej.","og_url":"https:\/\/cardinal-tapes.com\/pl\/ta\u015bmy-samoprzylepne\/obszary-zastosowan\/aluminiowa-tasma-samoprzylepna\/3m-2552-samoprzylepna-folia-izolacyjna\/","og_site_name":"cardinal TAPES","article_modified_time":"2025-07-11T07:06:09+00:00","og_image":[{"width":600,"height":600,"url":"https:\/\/cardinal-tapes.com\/wp-content\/uploads\/3m_selbstklebene_daempfungsfolie_2552.jpg","type":"image\/jpeg"}],"twitter_card":"summary_large_image","twitter_misc":{"Szacowany czas czytania":"1 minuta"},"schema":{"@context":"https:\/\/schema.org","@graph":[{"@type":"WebPage","@id":"https:\/\/cardinal-tapes.com\/pl\/ta\u015bmy-samoprzylepne\/obszary-zastosowan\/aluminiowa-tasma-samoprzylepna\/3m-2552-samoprzylepna-folia-izolacyjna\/","url":"https:\/\/cardinal-tapes.com\/pl\/ta\u015bmy-samoprzylepne\/obszary-zastosowan\/aluminiowa-tasma-samoprzylepna\/3m-2552-samoprzylepna-folia-izolacyjna\/","name":"3M 2552 Samoprzylepna folia t\u0142umi\u0105ca | Cardinal TAPES","isPartOf":{"@id":"https:\/\/cardinal-tapes.com\/#website"},"primaryImageOfPage":{"@id":"https:\/\/cardinal-tapes.com\/pl\/ta\u015bmy-samoprzylepne\/obszary-zastosowan\/aluminiowa-tasma-samoprzylepna\/3m-2552-samoprzylepna-folia-izolacyjna\/#primaryimage"},"image":{"@id":"https:\/\/cardinal-tapes.com\/pl\/ta\u015bmy-samoprzylepne\/obszary-zastosowan\/aluminiowa-tasma-samoprzylepna\/3m-2552-samoprzylepna-folia-izolacyjna\/#primaryimage"},"thumbnailUrl":"https:\/\/cardinal-tapes.com\/wp-content\/uploads\/3m_selbstklebene_daempfungsfolie_2552.jpg","datePublished":"2023-06-06T08:21:07+00:00","dateModified":"2025-07-11T07:06:09+00:00","description":"Samoprzylepna folia t\u0142umi\u0105ca 3M 2552 sk\u0142ada si\u0119 z aluminium jako materia\u0142u no\u015bnego z t\u0142umi\u0105cym drgania klejem akrylowym. Dowiedz si\u0119 wi\u0119cej.","breadcrumb":{"@id":"https:\/\/cardinal-tapes.com\/pl\/ta\u015bmy-samoprzylepne\/obszary-zastosowan\/aluminiowa-tasma-samoprzylepna\/3m-2552-samoprzylepna-folia-izolacyjna\/#breadcrumb"},"inLanguage":"pl-PL","potentialAction":[{"@type":"ReadAction","target":["https:\/\/cardinal-tapes.com\/pl\/ta\u015bmy-samoprzylepne\/obszary-zastosowan\/aluminiowa-tasma-samoprzylepna\/3m-2552-samoprzylepna-folia-izolacyjna\/"]}]},{"@type":"ImageObject","inLanguage":"pl-PL","@id":"https:\/\/cardinal-tapes.com\/pl\/ta\u015bmy-samoprzylepne\/obszary-zastosowan\/aluminiowa-tasma-samoprzylepna\/3m-2552-samoprzylepna-folia-izolacyjna\/#primaryimage","url":"https:\/\/cardinal-tapes.com\/wp-content\/uploads\/3m_selbstklebene_daempfungsfolie_2552.jpg","contentUrl":"https:\/\/cardinal-tapes.com\/wp-content\/uploads\/3m_selbstklebene_daempfungsfolie_2552.jpg","width":600,"height":600,"caption":"3M Samoprzylepna folia t\u0142umi\u0105ca 2552"},{"@type":"BreadcrumbList","@id":"https:\/\/cardinal-tapes.com\/pl\/ta\u015bmy-samoprzylepne\/obszary-zastosowan\/aluminiowa-tasma-samoprzylepna\/3m-2552-samoprzylepna-folia-izolacyjna\/#breadcrumb","itemListElement":[{"@type":"ListItem","position":1,"name":"Startseite","item":"https:\/\/cardinal-tapes.com\/pl\/strona-glowna\/"},{"@type":"ListItem","position":2,"name":"Ta\u015bmy samoprzylepne","item":"https:\/\/cardinal-tapes.com\/pl\/tasmy-samoprzylepne-pl\/"},{"@type":"ListItem","position":3,"name":"Obszary zastosowa\u0144","item":"https:\/\/cardinal-tapes.com\/pl\/kategoria\/obszary-zastosowan\/"},{"@type":"ListItem","position":4,"name":"Aluminiowa ta\u015bma samoprzylepna","item":"https:\/\/cardinal-tapes.com\/pl\/kategoria\/aluminiowa-tasma-samoprzylepna\/"},{"@type":"ListItem","position":5,"name":"3M\u2122 Samoprzylepna folia t\u0142umi\u0105ca 2552"}]},{"@type":"WebSite","@id":"https:\/\/cardinal-tapes.com\/#website","url":"https:\/\/cardinal-tapes.com\/","name":"cardinal TAPES","description":"Klebetechnik aus Wuppertal","potentialAction":[{"@type":"SearchAction","target":{"@type":"EntryPoint","urlTemplate":"https:\/\/cardinal-tapes.com\/?s={search_term_string}"},"query-input":{"@type":"PropertyValueSpecification","valueRequired":true,"valueName":"search_term_string"}}],"inLanguage":"pl-PL"}]}},"brands":[{"id":2168,"name":"3M","slug":"3m-pl"}],"_links":{"self":[{"href":"https:\/\/cardinal-tapes.com\/pl\/wp-json\/wp\/v2\/product\/63363","targetHints":{"allow":["GET"]}}],"collection":[{"href":"https:\/\/cardinal-tapes.com\/pl\/wp-json\/wp\/v2\/product"}],"about":[{"href":"https:\/\/cardinal-tapes.com\/pl\/wp-json\/wp\/v2\/types\/product"}],"wp:featuredmedia":[{"embeddable":true,"href":"https:\/\/cardinal-tapes.com\/pl\/wp-json\/wp\/v2\/media\/24362"}],"wp:attachment":[{"href":"https:\/\/cardinal-tapes.com\/pl\/wp-json\/wp\/v2\/media?parent=63363"}],"wp:term":[{"taxonomy":"pwb-brand","embeddable":true,"href":"https:\/\/cardinal-tapes.com\/pl\/wp-json\/wp\/v2\/pwb-brand?post=63363"},{"taxonomy":"product_brand","embeddable":true,"href":"https:\/\/cardinal-tapes.com\/pl\/wp-json\/wp\/v2\/product_brand?post=63363"},{"taxonomy":"product_cat","embeddable":true,"href":"https:\/\/cardinal-tapes.com\/pl\/wp-json\/wp\/v2\/product_cat?post=63363"},{"taxonomy":"product_tag","embeddable":true,"href":"https:\/\/cardinal-tapes.com\/pl\/wp-json\/wp\/v2\/product_tag?post=63363"}],"curies":[{"name":"wp","href":"https:\/\/api.w.org\/{rel}","templated":true}]}}