{"id":63327,"date":"2017-12-08T08:38:13","date_gmt":"2023-06-06T08:21:07","guid":{"rendered":"https:\/\/cardinal.pixel-tal.de\/klebebaender\/bez-kategorii\/tasma-samoprzylepna-3m-do-tkanin-szklanych-365\/"},"modified":"2025-07-10T13:26:08","modified_gmt":"2025-07-10T11:26:08","slug":"3m-365-glass-fabric-adhesive-tape","status":"publish","type":"product","link":"https:\/\/cardinal-tapes.com\/pl\/ta\u015bmy-samoprzylepne\/jednostronne-tasmy-samoprzylepne\/3m-365-glass-fabric-adhesive-tape\/","title":{"rendered":"Ta\u015bma samoprzylepna 3M\u2122 do tkanin szklanych 365"},"content":{"rendered":"<p>3M\u2122 365 Glass Fabric Tape to ta\u015bma samoprzylepna o bardzo wysokiej wytrzyma\u0142o\u015bci na rozrywanie poprzeczne i wzd\u0142u\u017cne. Ponadto ta\u015bma ma bardzo wysok\u0105 odporno\u015b\u0107 na korozj\u0119 i dlatego jest u\u017cywana g\u0142\u00f3wnie do owijania stali nierdzewnej, kana\u0142\u00f3w gor\u0105cego powietrza i wsz\u0119dzie tam, gdzie wymagana jest wysoka odporno\u015b\u0107 na rozdarcie. Oznacza to, \u017ce ta\u015bma samoprzylepna z tkaniny szklanej 3M 365 mo\u017ce by\u0107 optymalnie stosowana w r\u00f3\u017cnych obszarach.<\/p>\n<p><strong>W\u0142a\u015bciwo\u015bci<\/strong><br \/>\n&#8211; Dobra odporno\u015b\u0107 na temperatur\u0119<br \/>\n&#8211; Specjalny klej aktywowany ciep\u0142em<br \/>\n&#8211; Wysoka odporno\u015b\u0107 na rozdarcie<br \/>\n&#8211; Pewne przyleganie do wielu r\u00f3\u017cnych powierzchni<\/p>\n<p><strong>Zastosowania<\/strong><br \/>\n&#8211; Zastosowania wymagaj\u0105ce wysokiej odporno\u015bci na zerwanie w podwy\u017cszonych temperaturach<br \/>\n&#8211; Do stosowania w wy\u017cszych temperaturach do \u0142\u0105czenia i izolacji<br \/>\n&#8211; Ochrona antykorozyjna kana\u0142\u00f3w gor\u0105cego powietrza ze stali nierdzewnej<br \/>\n&#8211; \u0141\u0105czenie w\u0142\u00f3kna szklanego lub tekstyli\u00f3w<\/p>\n","protected":false},"excerpt":{"rendered":"<p>3M\u2122 365 Glass Fabric Tape to ta\u015bma samoprzylepna o bardzo wysokiej wytrzyma\u0142o\u015bci na rozrywanie poprzeczne i wzd\u0142u\u017cne. Ponadto ta\u015bma ma bardzo wysok\u0105 odporno\u015b\u0107 na korozj\u0119 i dlatego jest u\u017cywana g\u0142\u00f3wnie do owijania stali nierdzewnej, kana\u0142\u00f3w gor\u0105cego powietrza i wsz\u0119dzie tam, gdzie wymagana jest wysoka odporno\u015b\u0107 na rozdarcie. Oznacza to, \u017ce ta\u015bma samoprzylepna z tkaniny szklanej [&hellip;]<\/p>\n","protected":false},"featured_media":24386,"template":"","meta":{"_acf_changed":false},"pwb-brand":[2168],"product_brand":[],"product_cat":[1816],"product_tag":[],"class_list":{"0":"post-63327","1":"product","2":"type-product","3":"status-publish","4":"has-post-thumbnail","6":"pwb-brand-3m-pl","7":"product_cat-jednostronne-tasmy-samoprzylepne","9":"first","10":"instock","11":"taxable","12":"shipping-taxable","13":"purchasable","14":"product-type-variable"},"acf":[],"yoast_head":"<!-- This site is optimized with the Yoast SEO plugin v27.3 - https:\/\/yoast.com\/product\/yoast-seo-wordpress\/ -->\n<title>Ta\u015bma samoprzylepna do tkanin szklanych 3M\u2122 365 | Cardinal TAPES<\/title>\n<meta name=\"description\" content=\"3M\u2122 365 Glass Fabric Tape to ta\u015bma samoprzylepna o bardzo wysokiej wytrzyma\u0142o\u015bci na rozrywanie poprzeczne i wzd\u0142u\u017cne. Wi\u0119cej informacji tutaj.\" \/>\n<meta name=\"robots\" content=\"index, follow, max-snippet:-1, max-image-preview:large, max-video-preview:-1\" \/>\n<link rel=\"canonical\" href=\"https:\/\/cardinal-tapes.com\/pl\/ta\u015bmy-samoprzylepne\/jednostronne-tasmy-samoprzylepne\/3m-365-glass-fabric-adhesive-tape\/\" \/>\n<meta property=\"og:locale\" content=\"pl_PL\" \/>\n<meta property=\"og:type\" content=\"article\" \/>\n<meta property=\"og:title\" content=\"Ta\u015bma samoprzylepna do tkanin szklanych 3M\u2122 365 | Cardinal TAPES\" \/>\n<meta property=\"og:description\" content=\"3M\u2122 365 Glass Fabric Tape to ta\u015bma samoprzylepna o bardzo wysokiej wytrzyma\u0142o\u015bci na rozrywanie poprzeczne i wzd\u0142u\u017cne. Wi\u0119cej informacji tutaj.\" \/>\n<meta property=\"og:url\" content=\"https:\/\/cardinal-tapes.com\/pl\/ta\u015bmy-samoprzylepne\/jednostronne-tasmy-samoprzylepne\/3m-365-glass-fabric-adhesive-tape\/\" \/>\n<meta property=\"og:site_name\" content=\"cardinal TAPES\" \/>\n<meta property=\"article:modified_time\" content=\"2025-07-10T11:26:08+00:00\" \/>\n<meta property=\"og:image\" content=\"https:\/\/cardinal-tapes.com\/wp-content\/uploads\/3m_glasgewebe_365.jpg\" \/>\n\t<meta property=\"og:image:width\" content=\"600\" \/>\n\t<meta property=\"og:image:height\" content=\"600\" \/>\n\t<meta property=\"og:image:type\" content=\"image\/jpeg\" \/>\n<meta name=\"twitter:card\" content=\"summary_large_image\" \/>\n<meta name=\"twitter:label1\" content=\"Szacowany czas czytania\" \/>\n\t<meta name=\"twitter:data1\" content=\"1 minuta\" \/>\n<script type=\"application\/ld+json\" class=\"yoast-schema-graph\">{\"@context\":\"https:\\\/\\\/schema.org\",\"@graph\":[{\"@type\":\"WebPage\",\"@id\":\"https:\\\/\\\/cardinal-tapes.com\\\/pl\\\/ta\u015bmy-samoprzylepne\\\/jednostronne-tasmy-samoprzylepne\\\/3m-365-glass-fabric-adhesive-tape\\\/\",\"url\":\"https:\\\/\\\/cardinal-tapes.com\\\/pl\\\/ta\u015bmy-samoprzylepne\\\/jednostronne-tasmy-samoprzylepne\\\/3m-365-glass-fabric-adhesive-tape\\\/\",\"name\":\"Ta\u015bma samoprzylepna do tkanin szklanych 3M\u2122 365 | Cardinal TAPES\",\"isPartOf\":{\"@id\":\"https:\\\/\\\/cardinal-tapes.com\\\/#website\"},\"primaryImageOfPage\":{\"@id\":\"https:\\\/\\\/cardinal-tapes.com\\\/pl\\\/ta\u015bmy-samoprzylepne\\\/jednostronne-tasmy-samoprzylepne\\\/3m-365-glass-fabric-adhesive-tape\\\/#primaryimage\"},\"image\":{\"@id\":\"https:\\\/\\\/cardinal-tapes.com\\\/pl\\\/ta\u015bmy-samoprzylepne\\\/jednostronne-tasmy-samoprzylepne\\\/3m-365-glass-fabric-adhesive-tape\\\/#primaryimage\"},\"thumbnailUrl\":\"https:\\\/\\\/cardinal-tapes.com\\\/wp-content\\\/uploads\\\/3m_glasgewebe_365.jpg\",\"datePublished\":\"2023-06-06T08:21:07+00:00\",\"dateModified\":\"2025-07-10T11:26:08+00:00\",\"description\":\"3M\u2122 365 Glass Fabric Tape to ta\u015bma samoprzylepna o bardzo wysokiej wytrzyma\u0142o\u015bci na rozrywanie poprzeczne i wzd\u0142u\u017cne. Wi\u0119cej informacji tutaj.\",\"breadcrumb\":{\"@id\":\"https:\\\/\\\/cardinal-tapes.com\\\/pl\\\/ta\u015bmy-samoprzylepne\\\/jednostronne-tasmy-samoprzylepne\\\/3m-365-glass-fabric-adhesive-tape\\\/#breadcrumb\"},\"inLanguage\":\"pl-PL\",\"potentialAction\":[{\"@type\":\"ReadAction\",\"target\":[\"https:\\\/\\\/cardinal-tapes.com\\\/pl\\\/ta\u015bmy-samoprzylepne\\\/jednostronne-tasmy-samoprzylepne\\\/3m-365-glass-fabric-adhesive-tape\\\/\"]}]},{\"@type\":\"ImageObject\",\"inLanguage\":\"pl-PL\",\"@id\":\"https:\\\/\\\/cardinal-tapes.com\\\/pl\\\/ta\u015bmy-samoprzylepne\\\/jednostronne-tasmy-samoprzylepne\\\/3m-365-glass-fabric-adhesive-tape\\\/#primaryimage\",\"url\":\"https:\\\/\\\/cardinal-tapes.com\\\/wp-content\\\/uploads\\\/3m_glasgewebe_365.jpg\",\"contentUrl\":\"https:\\\/\\\/cardinal-tapes.com\\\/wp-content\\\/uploads\\\/3m_glasgewebe_365.jpg\",\"width\":600,\"height\":600,\"caption\":\"Tkanina szklana 3M 365\"},{\"@type\":\"BreadcrumbList\",\"@id\":\"https:\\\/\\\/cardinal-tapes.com\\\/pl\\\/ta\u015bmy-samoprzylepne\\\/jednostronne-tasmy-samoprzylepne\\\/3m-365-glass-fabric-adhesive-tape\\\/#breadcrumb\",\"itemListElement\":[{\"@type\":\"ListItem\",\"position\":1,\"name\":\"Startseite\",\"item\":\"https:\\\/\\\/cardinal-tapes.com\\\/pl\\\/strona-glowna\\\/\"},{\"@type\":\"ListItem\",\"position\":2,\"name\":\"Ta\u015bmy samoprzylepne\",\"item\":\"https:\\\/\\\/cardinal-tapes.com\\\/pl\\\/tasmy-samoprzylepne-pl\\\/\"},{\"@type\":\"ListItem\",\"position\":3,\"name\":\"Jednostronne ta\u015bmy samoprzylepne\",\"item\":\"https:\\\/\\\/cardinal-tapes.com\\\/pl\\\/kategoria\\\/jednostronne-tasmy-samoprzylepne\\\/\"},{\"@type\":\"ListItem\",\"position\":4,\"name\":\"Ta\u015bma samoprzylepna 3M\u2122 do tkanin szklanych 365\"}]},{\"@type\":\"WebSite\",\"@id\":\"https:\\\/\\\/cardinal-tapes.com\\\/#website\",\"url\":\"https:\\\/\\\/cardinal-tapes.com\\\/\",\"name\":\"cardinal TAPES\",\"description\":\"Klebetechnik aus Wuppertal\",\"potentialAction\":[{\"@type\":\"SearchAction\",\"target\":{\"@type\":\"EntryPoint\",\"urlTemplate\":\"https:\\\/\\\/cardinal-tapes.com\\\/?s={search_term_string}\"},\"query-input\":{\"@type\":\"PropertyValueSpecification\",\"valueRequired\":true,\"valueName\":\"search_term_string\"}}],\"inLanguage\":\"pl-PL\"}]}<\/script>\n<!-- \/ Yoast SEO plugin. -->","yoast_head_json":{"title":"Ta\u015bma samoprzylepna do tkanin szklanych 3M\u2122 365 | Cardinal TAPES","description":"3M\u2122 365 Glass Fabric Tape to ta\u015bma samoprzylepna o bardzo wysokiej wytrzyma\u0142o\u015bci na rozrywanie poprzeczne i wzd\u0142u\u017cne. Wi\u0119cej informacji tutaj.","robots":{"index":"index","follow":"follow","max-snippet":"max-snippet:-1","max-image-preview":"max-image-preview:large","max-video-preview":"max-video-preview:-1"},"canonical":"https:\/\/cardinal-tapes.com\/pl\/ta\u015bmy-samoprzylepne\/jednostronne-tasmy-samoprzylepne\/3m-365-glass-fabric-adhesive-tape\/","og_locale":"pl_PL","og_type":"article","og_title":"Ta\u015bma samoprzylepna do tkanin szklanych 3M\u2122 365 | Cardinal TAPES","og_description":"3M\u2122 365 Glass Fabric Tape to ta\u015bma samoprzylepna o bardzo wysokiej wytrzyma\u0142o\u015bci na rozrywanie poprzeczne i wzd\u0142u\u017cne. Wi\u0119cej informacji tutaj.","og_url":"https:\/\/cardinal-tapes.com\/pl\/ta\u015bmy-samoprzylepne\/jednostronne-tasmy-samoprzylepne\/3m-365-glass-fabric-adhesive-tape\/","og_site_name":"cardinal TAPES","article_modified_time":"2025-07-10T11:26:08+00:00","og_image":[{"width":600,"height":600,"url":"https:\/\/cardinal-tapes.com\/wp-content\/uploads\/3m_glasgewebe_365.jpg","type":"image\/jpeg"}],"twitter_card":"summary_large_image","twitter_misc":{"Szacowany czas czytania":"1 minuta"},"schema":{"@context":"https:\/\/schema.org","@graph":[{"@type":"WebPage","@id":"https:\/\/cardinal-tapes.com\/pl\/ta\u015bmy-samoprzylepne\/jednostronne-tasmy-samoprzylepne\/3m-365-glass-fabric-adhesive-tape\/","url":"https:\/\/cardinal-tapes.com\/pl\/ta\u015bmy-samoprzylepne\/jednostronne-tasmy-samoprzylepne\/3m-365-glass-fabric-adhesive-tape\/","name":"Ta\u015bma samoprzylepna do tkanin szklanych 3M\u2122 365 | Cardinal TAPES","isPartOf":{"@id":"https:\/\/cardinal-tapes.com\/#website"},"primaryImageOfPage":{"@id":"https:\/\/cardinal-tapes.com\/pl\/ta\u015bmy-samoprzylepne\/jednostronne-tasmy-samoprzylepne\/3m-365-glass-fabric-adhesive-tape\/#primaryimage"},"image":{"@id":"https:\/\/cardinal-tapes.com\/pl\/ta\u015bmy-samoprzylepne\/jednostronne-tasmy-samoprzylepne\/3m-365-glass-fabric-adhesive-tape\/#primaryimage"},"thumbnailUrl":"https:\/\/cardinal-tapes.com\/wp-content\/uploads\/3m_glasgewebe_365.jpg","datePublished":"2023-06-06T08:21:07+00:00","dateModified":"2025-07-10T11:26:08+00:00","description":"3M\u2122 365 Glass Fabric Tape to ta\u015bma samoprzylepna o bardzo wysokiej wytrzyma\u0142o\u015bci na rozrywanie poprzeczne i wzd\u0142u\u017cne. Wi\u0119cej informacji tutaj.","breadcrumb":{"@id":"https:\/\/cardinal-tapes.com\/pl\/ta\u015bmy-samoprzylepne\/jednostronne-tasmy-samoprzylepne\/3m-365-glass-fabric-adhesive-tape\/#breadcrumb"},"inLanguage":"pl-PL","potentialAction":[{"@type":"ReadAction","target":["https:\/\/cardinal-tapes.com\/pl\/ta\u015bmy-samoprzylepne\/jednostronne-tasmy-samoprzylepne\/3m-365-glass-fabric-adhesive-tape\/"]}]},{"@type":"ImageObject","inLanguage":"pl-PL","@id":"https:\/\/cardinal-tapes.com\/pl\/ta\u015bmy-samoprzylepne\/jednostronne-tasmy-samoprzylepne\/3m-365-glass-fabric-adhesive-tape\/#primaryimage","url":"https:\/\/cardinal-tapes.com\/wp-content\/uploads\/3m_glasgewebe_365.jpg","contentUrl":"https:\/\/cardinal-tapes.com\/wp-content\/uploads\/3m_glasgewebe_365.jpg","width":600,"height":600,"caption":"Tkanina szklana 3M 365"},{"@type":"BreadcrumbList","@id":"https:\/\/cardinal-tapes.com\/pl\/ta\u015bmy-samoprzylepne\/jednostronne-tasmy-samoprzylepne\/3m-365-glass-fabric-adhesive-tape\/#breadcrumb","itemListElement":[{"@type":"ListItem","position":1,"name":"Startseite","item":"https:\/\/cardinal-tapes.com\/pl\/strona-glowna\/"},{"@type":"ListItem","position":2,"name":"Ta\u015bmy samoprzylepne","item":"https:\/\/cardinal-tapes.com\/pl\/tasmy-samoprzylepne-pl\/"},{"@type":"ListItem","position":3,"name":"Jednostronne ta\u015bmy samoprzylepne","item":"https:\/\/cardinal-tapes.com\/pl\/kategoria\/jednostronne-tasmy-samoprzylepne\/"},{"@type":"ListItem","position":4,"name":"Ta\u015bma samoprzylepna 3M\u2122 do tkanin szklanych 365"}]},{"@type":"WebSite","@id":"https:\/\/cardinal-tapes.com\/#website","url":"https:\/\/cardinal-tapes.com\/","name":"cardinal TAPES","description":"Klebetechnik aus Wuppertal","potentialAction":[{"@type":"SearchAction","target":{"@type":"EntryPoint","urlTemplate":"https:\/\/cardinal-tapes.com\/?s={search_term_string}"},"query-input":{"@type":"PropertyValueSpecification","valueRequired":true,"valueName":"search_term_string"}}],"inLanguage":"pl-PL"}]}},"brands":[{"id":2168,"name":"3M","slug":"3m-pl"}],"_links":{"self":[{"href":"https:\/\/cardinal-tapes.com\/pl\/wp-json\/wp\/v2\/product\/63327","targetHints":{"allow":["GET"]}}],"collection":[{"href":"https:\/\/cardinal-tapes.com\/pl\/wp-json\/wp\/v2\/product"}],"about":[{"href":"https:\/\/cardinal-tapes.com\/pl\/wp-json\/wp\/v2\/types\/product"}],"wp:featuredmedia":[{"embeddable":true,"href":"https:\/\/cardinal-tapes.com\/pl\/wp-json\/wp\/v2\/media\/24386"}],"wp:attachment":[{"href":"https:\/\/cardinal-tapes.com\/pl\/wp-json\/wp\/v2\/media?parent=63327"}],"wp:term":[{"taxonomy":"pwb-brand","embeddable":true,"href":"https:\/\/cardinal-tapes.com\/pl\/wp-json\/wp\/v2\/pwb-brand?post=63327"},{"taxonomy":"product_brand","embeddable":true,"href":"https:\/\/cardinal-tapes.com\/pl\/wp-json\/wp\/v2\/product_brand?post=63327"},{"taxonomy":"product_cat","embeddable":true,"href":"https:\/\/cardinal-tapes.com\/pl\/wp-json\/wp\/v2\/product_cat?post=63327"},{"taxonomy":"product_tag","embeddable":true,"href":"https:\/\/cardinal-tapes.com\/pl\/wp-json\/wp\/v2\/product_tag?post=63327"}],"curies":[{"name":"wp","href":"https:\/\/api.w.org\/{rel}","templated":true}]}}