{"id":63266,"date":"2017-12-08T08:45:55","date_gmt":"2023-06-06T08:21:04","guid":{"rendered":"https:\/\/cardinal.pixel-tal.de\/klebebaender\/bez-kategorii\/tasma-tkaninowa-3m-odporna-na-promieniowanie-uv-8979\/"},"modified":"2025-07-11T09:02:59","modified_gmt":"2025-07-11T07:02:59","slug":"3m-8979-uv-odporna-tasma-samoprzylepna-do-tkanin","status":"publish","type":"product","link":"https:\/\/cardinal-tapes.com\/pl\/ta\u015bmy-samoprzylepne\/jednostronne-tasmy-samoprzylepne\/3m-8979-uv-odporna-tasma-samoprzylepna-do-tkanin\/","title":{"rendered":"Ta\u015bma tkaninowa 3M\u2122 odporna na promieniowanie UV 8979"},"content":{"rendered":"<p>Ta\u015bma 3M\u2122 Fabric Tape 8979 ma unikaln\u0105 struktur\u0119 do trwa\u0142ych i tymczasowych zastosowa\u0144 wewn\u0119trznych i zewn\u0119trznych. Ta\u015bm\u0119 mo\u017cna usun\u0105\u0107 z wi\u0119kszo\u015bci nieprzezroczystych powierzchni bez pozostawiania \u015blad\u00f3w kleju przez okres do sze\u015bciu miesi\u0119cy po aplikacji.<br \/>\nTa\u015bma nie zwija si\u0119 ponownie po rozwini\u0119ciu, co u\u0142atwia jej aplikacj\u0119. Jest to doskona\u0142y wyb\u00f3r do zastosowa\u0144, w kt\u00f3rych mo\u017ce by\u0107 u\u017cywany do uszczelniania pokryw i zamykania mankiet\u00f3w.<\/p>\n<p><strong>W\u0142a\u015bciwo\u015bci<\/strong><br \/>\nTa\u015bma samoprzylepna 8979 sk\u0142ada si\u0119 z tkaniny laminowanej foli\u0105 polietylenow\u0105 i pokrytej klejem kauczukowym i dostosowuje si\u0119 do nieregularnych i zakrzywionych powierzchni. Dzi\u0119ki odporno\u015bci na promieniowanie UV, \u015bwiat\u0142o s\u0142oneczne i warunki atmosferyczne, przylega do jednego roku bez starzenia i mo\u017ce by\u0107 r\u00f3wnie\u017c stosowany w temperaturach do 93 \u00b0C.<\/p>\n<p><strong>Zastosowania<\/strong><br \/>\n&#8211; \u0141\u0105czenie i uszczelnianie folii, paneli \u015bciennych oraz system\u00f3w rur metalowych i plastikowych<br \/>\n&#8211; Do \u0142\u0105czenia izolacji, rur i paneli (efekt zawiasu)<br \/>\n&#8211; Do \u0142\u0105czenia folii w celu ich ochrony podczas obr\u00f3bki lub odka\u017cania<br \/>\n&#8211; Do owijania kontener\u00f3w i rur<br \/>\n&#8211; Do uszczelniania kontener\u00f3w i naprawy plandek<\/p>\n","protected":false},"excerpt":{"rendered":"<p>Ta\u015bma 3M\u2122 Fabric Tape 8979 ma unikaln\u0105 struktur\u0119 do trwa\u0142ych i tymczasowych zastosowa\u0144 wewn\u0119trznych i zewn\u0119trznych. Ta\u015bm\u0119 mo\u017cna usun\u0105\u0107 z wi\u0119kszo\u015bci nieprzezroczystych powierzchni bez pozostawiania \u015blad\u00f3w kleju przez okres do sze\u015bciu miesi\u0119cy po aplikacji. Ta\u015bma nie zwija si\u0119 ponownie po rozwini\u0119ciu, co u\u0142atwia jej aplikacj\u0119. Jest to doskona\u0142y wyb\u00f3r do zastosowa\u0144, w kt\u00f3rych mo\u017ce by\u0107 [&hellip;]<\/p>\n","protected":false},"featured_media":24374,"template":"","meta":{"_acf_changed":false},"pwb-brand":[2168],"product_brand":[],"product_cat":[1816],"product_tag":[],"class_list":{"0":"post-63266","1":"product","2":"type-product","3":"status-publish","4":"has-post-thumbnail","6":"pwb-brand-3m-pl","7":"product_cat-jednostronne-tasmy-samoprzylepne","9":"first","10":"instock","11":"taxable","12":"shipping-taxable","13":"purchasable","14":"product-type-simple"},"acf":[],"yoast_head":"<!-- This site is optimized with the Yoast SEO plugin v27.3 - https:\/\/yoast.com\/product\/yoast-seo-wordpress\/ -->\n<title>Ta\u015bma tkaninowa 3M\u2122 8979 odporna na promieniowanie UV | Cardinal TAPES<\/title>\n<meta name=\"description\" content=\"Odporna na promieniowanie UV tkaninowa ta\u015bma samoprzylepna 3M charakteryzuje si\u0119 tym, \u017ce mo\u017ce by\u0107 stosowana zar\u00f3wno wewn\u0105trz, jak i na zewn\u0105trz pomieszcze\u0144. Dowiedz si\u0119 wi\u0119cej.\" \/>\n<meta name=\"robots\" content=\"index, follow, max-snippet:-1, max-image-preview:large, max-video-preview:-1\" \/>\n<link rel=\"canonical\" href=\"https:\/\/cardinal-tapes.com\/pl\/ta\u015bmy-samoprzylepne\/jednostronne-tasmy-samoprzylepne\/3m-8979-uv-odporna-tasma-samoprzylepna-do-tkanin\/\" \/>\n<meta property=\"og:locale\" content=\"pl_PL\" \/>\n<meta property=\"og:type\" content=\"article\" \/>\n<meta property=\"og:title\" content=\"Ta\u015bma tkaninowa 3M\u2122 8979 odporna na promieniowanie UV | Cardinal TAPES\" \/>\n<meta property=\"og:description\" content=\"Odporna na promieniowanie UV tkaninowa ta\u015bma samoprzylepna 3M charakteryzuje si\u0119 tym, \u017ce mo\u017ce by\u0107 stosowana zar\u00f3wno wewn\u0105trz, jak i na zewn\u0105trz pomieszcze\u0144. Dowiedz si\u0119 wi\u0119cej.\" \/>\n<meta property=\"og:url\" content=\"https:\/\/cardinal-tapes.com\/pl\/ta\u015bmy-samoprzylepne\/jednostronne-tasmy-samoprzylepne\/3m-8979-uv-odporna-tasma-samoprzylepna-do-tkanin\/\" \/>\n<meta property=\"og:site_name\" content=\"cardinal TAPES\" \/>\n<meta property=\"article:modified_time\" content=\"2025-07-11T07:02:59+00:00\" \/>\n<meta property=\"og:image\" content=\"https:\/\/cardinal-tapes.com\/wp-content\/uploads\/3m_uvbestaendig_gewebeklebeband_8979.jpg\" \/>\n\t<meta property=\"og:image:width\" content=\"600\" \/>\n\t<meta property=\"og:image:height\" content=\"600\" \/>\n\t<meta property=\"og:image:type\" content=\"image\/jpeg\" \/>\n<meta name=\"twitter:card\" content=\"summary_large_image\" \/>\n<meta name=\"twitter:label1\" content=\"Szacowany czas czytania\" \/>\n\t<meta name=\"twitter:data1\" content=\"1 minuta\" \/>\n<script type=\"application\/ld+json\" class=\"yoast-schema-graph\">{\"@context\":\"https:\\\/\\\/schema.org\",\"@graph\":[{\"@type\":\"WebPage\",\"@id\":\"https:\\\/\\\/cardinal-tapes.com\\\/pl\\\/ta\u015bmy-samoprzylepne\\\/jednostronne-tasmy-samoprzylepne\\\/3m-8979-uv-odporna-tasma-samoprzylepna-do-tkanin\\\/\",\"url\":\"https:\\\/\\\/cardinal-tapes.com\\\/pl\\\/ta\u015bmy-samoprzylepne\\\/jednostronne-tasmy-samoprzylepne\\\/3m-8979-uv-odporna-tasma-samoprzylepna-do-tkanin\\\/\",\"name\":\"Ta\u015bma tkaninowa 3M\u2122 8979 odporna na promieniowanie UV | Cardinal TAPES\",\"isPartOf\":{\"@id\":\"https:\\\/\\\/cardinal-tapes.com\\\/#website\"},\"primaryImageOfPage\":{\"@id\":\"https:\\\/\\\/cardinal-tapes.com\\\/pl\\\/ta\u015bmy-samoprzylepne\\\/jednostronne-tasmy-samoprzylepne\\\/3m-8979-uv-odporna-tasma-samoprzylepna-do-tkanin\\\/#primaryimage\"},\"image\":{\"@id\":\"https:\\\/\\\/cardinal-tapes.com\\\/pl\\\/ta\u015bmy-samoprzylepne\\\/jednostronne-tasmy-samoprzylepne\\\/3m-8979-uv-odporna-tasma-samoprzylepna-do-tkanin\\\/#primaryimage\"},\"thumbnailUrl\":\"https:\\\/\\\/cardinal-tapes.com\\\/wp-content\\\/uploads\\\/3m_uvbestaendig_gewebeklebeband_8979.jpg\",\"datePublished\":\"2023-06-06T08:21:04+00:00\",\"dateModified\":\"2025-07-11T07:02:59+00:00\",\"description\":\"Odporna na promieniowanie UV tkaninowa ta\u015bma samoprzylepna 3M charakteryzuje si\u0119 tym, \u017ce mo\u017ce by\u0107 stosowana zar\u00f3wno wewn\u0105trz, jak i na zewn\u0105trz pomieszcze\u0144. Dowiedz si\u0119 wi\u0119cej.\",\"breadcrumb\":{\"@id\":\"https:\\\/\\\/cardinal-tapes.com\\\/pl\\\/ta\u015bmy-samoprzylepne\\\/jednostronne-tasmy-samoprzylepne\\\/3m-8979-uv-odporna-tasma-samoprzylepna-do-tkanin\\\/#breadcrumb\"},\"inLanguage\":\"pl-PL\",\"potentialAction\":[{\"@type\":\"ReadAction\",\"target\":[\"https:\\\/\\\/cardinal-tapes.com\\\/pl\\\/ta\u015bmy-samoprzylepne\\\/jednostronne-tasmy-samoprzylepne\\\/3m-8979-uv-odporna-tasma-samoprzylepna-do-tkanin\\\/\"]}]},{\"@type\":\"ImageObject\",\"inLanguage\":\"pl-PL\",\"@id\":\"https:\\\/\\\/cardinal-tapes.com\\\/pl\\\/ta\u015bmy-samoprzylepne\\\/jednostronne-tasmy-samoprzylepne\\\/3m-8979-uv-odporna-tasma-samoprzylepna-do-tkanin\\\/#primaryimage\",\"url\":\"https:\\\/\\\/cardinal-tapes.com\\\/wp-content\\\/uploads\\\/3m_uvbestaendig_gewebeklebeband_8979.jpg\",\"contentUrl\":\"https:\\\/\\\/cardinal-tapes.com\\\/wp-content\\\/uploads\\\/3m_uvbestaendig_gewebeklebeband_8979.jpg\",\"width\":600,\"height\":600,\"caption\":\"Odporna na promieniowanie UV tkaninowa ta\u015bma samoprzylepna 3M 8979\"},{\"@type\":\"BreadcrumbList\",\"@id\":\"https:\\\/\\\/cardinal-tapes.com\\\/pl\\\/ta\u015bmy-samoprzylepne\\\/jednostronne-tasmy-samoprzylepne\\\/3m-8979-uv-odporna-tasma-samoprzylepna-do-tkanin\\\/#breadcrumb\",\"itemListElement\":[{\"@type\":\"ListItem\",\"position\":1,\"name\":\"Startseite\",\"item\":\"https:\\\/\\\/cardinal-tapes.com\\\/pl\\\/strona-glowna\\\/\"},{\"@type\":\"ListItem\",\"position\":2,\"name\":\"Ta\u015bmy samoprzylepne\",\"item\":\"https:\\\/\\\/cardinal-tapes.com\\\/pl\\\/tasmy-samoprzylepne-pl\\\/\"},{\"@type\":\"ListItem\",\"position\":3,\"name\":\"Jednostronne ta\u015bmy samoprzylepne\",\"item\":\"https:\\\/\\\/cardinal-tapes.com\\\/pl\\\/kategoria\\\/jednostronne-tasmy-samoprzylepne\\\/\"},{\"@type\":\"ListItem\",\"position\":4,\"name\":\"Ta\u015bma tkaninowa 3M\u2122 odporna na promieniowanie UV 8979\"}]},{\"@type\":\"WebSite\",\"@id\":\"https:\\\/\\\/cardinal-tapes.com\\\/#website\",\"url\":\"https:\\\/\\\/cardinal-tapes.com\\\/\",\"name\":\"cardinal TAPES\",\"description\":\"Klebetechnik aus Wuppertal\",\"potentialAction\":[{\"@type\":\"SearchAction\",\"target\":{\"@type\":\"EntryPoint\",\"urlTemplate\":\"https:\\\/\\\/cardinal-tapes.com\\\/?s={search_term_string}\"},\"query-input\":{\"@type\":\"PropertyValueSpecification\",\"valueRequired\":true,\"valueName\":\"search_term_string\"}}],\"inLanguage\":\"pl-PL\"}]}<\/script>\n<!-- \/ Yoast SEO plugin. -->","yoast_head_json":{"title":"Ta\u015bma tkaninowa 3M\u2122 8979 odporna na promieniowanie UV | Cardinal TAPES","description":"Odporna na promieniowanie UV tkaninowa ta\u015bma samoprzylepna 3M charakteryzuje si\u0119 tym, \u017ce mo\u017ce by\u0107 stosowana zar\u00f3wno wewn\u0105trz, jak i na zewn\u0105trz pomieszcze\u0144. Dowiedz si\u0119 wi\u0119cej.","robots":{"index":"index","follow":"follow","max-snippet":"max-snippet:-1","max-image-preview":"max-image-preview:large","max-video-preview":"max-video-preview:-1"},"canonical":"https:\/\/cardinal-tapes.com\/pl\/ta\u015bmy-samoprzylepne\/jednostronne-tasmy-samoprzylepne\/3m-8979-uv-odporna-tasma-samoprzylepna-do-tkanin\/","og_locale":"pl_PL","og_type":"article","og_title":"Ta\u015bma tkaninowa 3M\u2122 8979 odporna na promieniowanie UV | Cardinal TAPES","og_description":"Odporna na promieniowanie UV tkaninowa ta\u015bma samoprzylepna 3M charakteryzuje si\u0119 tym, \u017ce mo\u017ce by\u0107 stosowana zar\u00f3wno wewn\u0105trz, jak i na zewn\u0105trz pomieszcze\u0144. Dowiedz si\u0119 wi\u0119cej.","og_url":"https:\/\/cardinal-tapes.com\/pl\/ta\u015bmy-samoprzylepne\/jednostronne-tasmy-samoprzylepne\/3m-8979-uv-odporna-tasma-samoprzylepna-do-tkanin\/","og_site_name":"cardinal TAPES","article_modified_time":"2025-07-11T07:02:59+00:00","og_image":[{"width":600,"height":600,"url":"https:\/\/cardinal-tapes.com\/wp-content\/uploads\/3m_uvbestaendig_gewebeklebeband_8979.jpg","type":"image\/jpeg"}],"twitter_card":"summary_large_image","twitter_misc":{"Szacowany czas czytania":"1 minuta"},"schema":{"@context":"https:\/\/schema.org","@graph":[{"@type":"WebPage","@id":"https:\/\/cardinal-tapes.com\/pl\/ta\u015bmy-samoprzylepne\/jednostronne-tasmy-samoprzylepne\/3m-8979-uv-odporna-tasma-samoprzylepna-do-tkanin\/","url":"https:\/\/cardinal-tapes.com\/pl\/ta\u015bmy-samoprzylepne\/jednostronne-tasmy-samoprzylepne\/3m-8979-uv-odporna-tasma-samoprzylepna-do-tkanin\/","name":"Ta\u015bma tkaninowa 3M\u2122 8979 odporna na promieniowanie UV | Cardinal TAPES","isPartOf":{"@id":"https:\/\/cardinal-tapes.com\/#website"},"primaryImageOfPage":{"@id":"https:\/\/cardinal-tapes.com\/pl\/ta\u015bmy-samoprzylepne\/jednostronne-tasmy-samoprzylepne\/3m-8979-uv-odporna-tasma-samoprzylepna-do-tkanin\/#primaryimage"},"image":{"@id":"https:\/\/cardinal-tapes.com\/pl\/ta\u015bmy-samoprzylepne\/jednostronne-tasmy-samoprzylepne\/3m-8979-uv-odporna-tasma-samoprzylepna-do-tkanin\/#primaryimage"},"thumbnailUrl":"https:\/\/cardinal-tapes.com\/wp-content\/uploads\/3m_uvbestaendig_gewebeklebeband_8979.jpg","datePublished":"2023-06-06T08:21:04+00:00","dateModified":"2025-07-11T07:02:59+00:00","description":"Odporna na promieniowanie UV tkaninowa ta\u015bma samoprzylepna 3M charakteryzuje si\u0119 tym, \u017ce mo\u017ce by\u0107 stosowana zar\u00f3wno wewn\u0105trz, jak i na zewn\u0105trz pomieszcze\u0144. Dowiedz si\u0119 wi\u0119cej.","breadcrumb":{"@id":"https:\/\/cardinal-tapes.com\/pl\/ta\u015bmy-samoprzylepne\/jednostronne-tasmy-samoprzylepne\/3m-8979-uv-odporna-tasma-samoprzylepna-do-tkanin\/#breadcrumb"},"inLanguage":"pl-PL","potentialAction":[{"@type":"ReadAction","target":["https:\/\/cardinal-tapes.com\/pl\/ta\u015bmy-samoprzylepne\/jednostronne-tasmy-samoprzylepne\/3m-8979-uv-odporna-tasma-samoprzylepna-do-tkanin\/"]}]},{"@type":"ImageObject","inLanguage":"pl-PL","@id":"https:\/\/cardinal-tapes.com\/pl\/ta\u015bmy-samoprzylepne\/jednostronne-tasmy-samoprzylepne\/3m-8979-uv-odporna-tasma-samoprzylepna-do-tkanin\/#primaryimage","url":"https:\/\/cardinal-tapes.com\/wp-content\/uploads\/3m_uvbestaendig_gewebeklebeband_8979.jpg","contentUrl":"https:\/\/cardinal-tapes.com\/wp-content\/uploads\/3m_uvbestaendig_gewebeklebeband_8979.jpg","width":600,"height":600,"caption":"Odporna na promieniowanie UV tkaninowa ta\u015bma samoprzylepna 3M 8979"},{"@type":"BreadcrumbList","@id":"https:\/\/cardinal-tapes.com\/pl\/ta\u015bmy-samoprzylepne\/jednostronne-tasmy-samoprzylepne\/3m-8979-uv-odporna-tasma-samoprzylepna-do-tkanin\/#breadcrumb","itemListElement":[{"@type":"ListItem","position":1,"name":"Startseite","item":"https:\/\/cardinal-tapes.com\/pl\/strona-glowna\/"},{"@type":"ListItem","position":2,"name":"Ta\u015bmy samoprzylepne","item":"https:\/\/cardinal-tapes.com\/pl\/tasmy-samoprzylepne-pl\/"},{"@type":"ListItem","position":3,"name":"Jednostronne ta\u015bmy samoprzylepne","item":"https:\/\/cardinal-tapes.com\/pl\/kategoria\/jednostronne-tasmy-samoprzylepne\/"},{"@type":"ListItem","position":4,"name":"Ta\u015bma tkaninowa 3M\u2122 odporna na promieniowanie UV 8979"}]},{"@type":"WebSite","@id":"https:\/\/cardinal-tapes.com\/#website","url":"https:\/\/cardinal-tapes.com\/","name":"cardinal TAPES","description":"Klebetechnik aus Wuppertal","potentialAction":[{"@type":"SearchAction","target":{"@type":"EntryPoint","urlTemplate":"https:\/\/cardinal-tapes.com\/?s={search_term_string}"},"query-input":{"@type":"PropertyValueSpecification","valueRequired":true,"valueName":"search_term_string"}}],"inLanguage":"pl-PL"}]}},"brands":[{"id":2168,"name":"3M","slug":"3m-pl"}],"_links":{"self":[{"href":"https:\/\/cardinal-tapes.com\/pl\/wp-json\/wp\/v2\/product\/63266","targetHints":{"allow":["GET"]}}],"collection":[{"href":"https:\/\/cardinal-tapes.com\/pl\/wp-json\/wp\/v2\/product"}],"about":[{"href":"https:\/\/cardinal-tapes.com\/pl\/wp-json\/wp\/v2\/types\/product"}],"wp:featuredmedia":[{"embeddable":true,"href":"https:\/\/cardinal-tapes.com\/pl\/wp-json\/wp\/v2\/media\/24374"}],"wp:attachment":[{"href":"https:\/\/cardinal-tapes.com\/pl\/wp-json\/wp\/v2\/media?parent=63266"}],"wp:term":[{"taxonomy":"pwb-brand","embeddable":true,"href":"https:\/\/cardinal-tapes.com\/pl\/wp-json\/wp\/v2\/pwb-brand?post=63266"},{"taxonomy":"product_brand","embeddable":true,"href":"https:\/\/cardinal-tapes.com\/pl\/wp-json\/wp\/v2\/product_brand?post=63266"},{"taxonomy":"product_cat","embeddable":true,"href":"https:\/\/cardinal-tapes.com\/pl\/wp-json\/wp\/v2\/product_cat?post=63266"},{"taxonomy":"product_tag","embeddable":true,"href":"https:\/\/cardinal-tapes.com\/pl\/wp-json\/wp\/v2\/product_tag?post=63266"}],"curies":[{"name":"wp","href":"https:\/\/api.w.org\/{rel}","templated":true}]}}