{"id":62887,"date":"2017-12-08T09:09:58","date_gmt":"2023-06-06T08:20:50","guid":{"rendered":"https:\/\/cardinal.pixel-tal.de\/klebebaender\/bez-kategorii\/tasma-maskujaca-3m-2321\/"},"modified":"2025-07-03T16:28:04","modified_gmt":"2025-07-03T14:28:04","slug":"tasma-samoprzylepna-3m-2321","status":"publish","type":"product","link":"https:\/\/cardinal-tapes.com\/pl\/ta\u015bmy-samoprzylepne\/obszary-zastosowan\/tasma-papierowa\/tasma-samoprzylepna-3m-2321\/","title":{"rendered":"Ta\u015bma maskuj\u0105ca 3M\u2122 2321"},"content":{"rendered":"<p>Ta\u015bma papierowa 3M\u2122 Scotch 2321 jest drobno krepowana, be\u017cowa i s\u0142u\u017cy do og\u00f3lnego maskowania i przytrzymywania w przemy\u015ble. Typowe zastosowania ta\u015bmy samoprzylepnej Scotch 2321 to kr\u00f3tkie prace malarskie, monta\u017cowe i inne. Szczeg\u00f3ln\u0105 cech\u0105 jest to, \u017ce ta\u015bma samoprzylepna jest bardzo odporna na rozdarcia pomimo bardzo ma\u0142ej grubo\u015bci. Inne zalety to dobra natychmiastowa przyczepno\u015b\u0107, \u0142atwa obs\u0142uga i dobra odporno\u015b\u0107 na rozpuszczalniki. Szeroko\u015bci rolek s\u0105 dost\u0119pne na \u017cyczenie.<\/p>\n<p><strong>W\u0142a\u015bciwo\u015bci<\/strong><br \/>\n&#8211; Dobra natychmiastowa przyczepno\u015b\u0107<br \/>\n&#8211; \u0141atwa obs\u0142uga<br \/>\n&#8211; Dobra odporno\u015b\u0107 na rozpuszczalniki<\/p>\n<p><strong>Zastosowania<\/strong><br \/>\n&#8211; Do og\u00f3lnego maskowania i przytrzymywania, a tak\u017ce do uszczelniania i wi\u0105zania.<\/p>\n","protected":false},"excerpt":{"rendered":"<p>Ta\u015bma papierowa 3M\u2122 Scotch 2321 jest drobno krepowana, be\u017cowa i s\u0142u\u017cy do og\u00f3lnego maskowania i przytrzymywania w przemy\u015ble. Typowe zastosowania ta\u015bmy samoprzylepnej Scotch 2321 to kr\u00f3tkie prace malarskie, monta\u017cowe i inne. Szczeg\u00f3ln\u0105 cech\u0105 jest to, \u017ce ta\u015bma samoprzylepna jest bardzo odporna na rozdarcia pomimo bardzo ma\u0142ej grubo\u015bci. Inne zalety to dobra natychmiastowa przyczepno\u015b\u0107, \u0142atwa obs\u0142uga [&hellip;]<\/p>\n","protected":false},"featured_media":26774,"template":"","meta":{"_acf_changed":false},"pwb-brand":[2168],"product_brand":[],"product_cat":[1786,1816],"product_tag":[],"class_list":{"0":"post-62887","1":"product","2":"type-product","3":"status-publish","4":"has-post-thumbnail","6":"pwb-brand-3m-pl","7":"product_cat-tasma-papierowa","8":"product_cat-jednostronne-tasmy-samoprzylepne","10":"first","11":"instock","12":"taxable","13":"shipping-taxable","14":"purchasable","15":"product-type-variable"},"acf":[],"yoast_head":"<!-- This site is optimized with the Yoast SEO plugin v27.3 - https:\/\/yoast.com\/product\/yoast-seo-wordpress\/ -->\n<title>Ta\u015bma samoprzylepna 3M 2321 | Cardinal TAPES<\/title>\n<meta name=\"description\" content=\"Ta\u015bma papierowa Scotch 2321 jest drobno krepowana i be\u017cowa i jest u\u017cywana do og\u00f3lnego maskowania i przytrzymywania w przemy\u015ble. Dowiedz si\u0119 wi\u0119cej.\" \/>\n<meta name=\"robots\" content=\"index, follow, max-snippet:-1, max-image-preview:large, max-video-preview:-1\" \/>\n<link rel=\"canonical\" href=\"https:\/\/cardinal-tapes.com\/pl\/ta\u015bmy-samoprzylepne\/obszary-zastosowan\/tasma-papierowa\/tasma-samoprzylepna-3m-2321\/\" \/>\n<meta property=\"og:locale\" content=\"pl_PL\" \/>\n<meta property=\"og:type\" content=\"article\" \/>\n<meta property=\"og:title\" content=\"Ta\u015bma samoprzylepna 3M 2321 | Cardinal TAPES\" \/>\n<meta property=\"og:description\" content=\"Ta\u015bma papierowa Scotch 2321 jest drobno krepowana i be\u017cowa i jest u\u017cywana do og\u00f3lnego maskowania i przytrzymywania w przemy\u015ble. Dowiedz si\u0119 wi\u0119cej.\" \/>\n<meta property=\"og:url\" content=\"https:\/\/cardinal-tapes.com\/pl\/ta\u015bmy-samoprzylepne\/obszary-zastosowan\/tasma-papierowa\/tasma-samoprzylepna-3m-2321\/\" \/>\n<meta property=\"og:site_name\" content=\"cardinal TAPES\" \/>\n<meta property=\"article:modified_time\" content=\"2025-07-03T14:28:04+00:00\" \/>\n<meta property=\"og:image\" content=\"https:\/\/cardinal-tapes.com\/wp-content\/uploads\/scotch-malerband-2321.jpg\" \/>\n\t<meta property=\"og:image:width\" content=\"353\" \/>\n\t<meta property=\"og:image:height\" content=\"400\" \/>\n\t<meta property=\"og:image:type\" content=\"image\/jpeg\" \/>\n<meta name=\"twitter:card\" content=\"summary_large_image\" \/>\n<meta name=\"twitter:label1\" content=\"Szacowany czas czytania\" \/>\n\t<meta name=\"twitter:data1\" content=\"1 minuta\" \/>\n<script type=\"application\/ld+json\" class=\"yoast-schema-graph\">{\"@context\":\"https:\\\/\\\/schema.org\",\"@graph\":[{\"@type\":\"WebPage\",\"@id\":\"https:\\\/\\\/cardinal-tapes.com\\\/pl\\\/ta\u015bmy-samoprzylepne\\\/obszary-zastosowan\\\/tasma-papierowa\\\/tasma-samoprzylepna-3m-2321\\\/\",\"url\":\"https:\\\/\\\/cardinal-tapes.com\\\/pl\\\/ta\u015bmy-samoprzylepne\\\/obszary-zastosowan\\\/tasma-papierowa\\\/tasma-samoprzylepna-3m-2321\\\/\",\"name\":\"Ta\u015bma samoprzylepna 3M 2321 | Cardinal TAPES\",\"isPartOf\":{\"@id\":\"https:\\\/\\\/cardinal-tapes.com\\\/#website\"},\"primaryImageOfPage\":{\"@id\":\"https:\\\/\\\/cardinal-tapes.com\\\/pl\\\/ta\u015bmy-samoprzylepne\\\/obszary-zastosowan\\\/tasma-papierowa\\\/tasma-samoprzylepna-3m-2321\\\/#primaryimage\"},\"image\":{\"@id\":\"https:\\\/\\\/cardinal-tapes.com\\\/pl\\\/ta\u015bmy-samoprzylepne\\\/obszary-zastosowan\\\/tasma-papierowa\\\/tasma-samoprzylepna-3m-2321\\\/#primaryimage\"},\"thumbnailUrl\":\"https:\\\/\\\/cardinal-tapes.com\\\/wp-content\\\/uploads\\\/scotch-malerband-2321.jpg\",\"datePublished\":\"2023-06-06T08:20:50+00:00\",\"dateModified\":\"2025-07-03T14:28:04+00:00\",\"description\":\"Ta\u015bma papierowa Scotch 2321 jest drobno krepowana i be\u017cowa i jest u\u017cywana do og\u00f3lnego maskowania i przytrzymywania w przemy\u015ble. Dowiedz si\u0119 wi\u0119cej.\",\"breadcrumb\":{\"@id\":\"https:\\\/\\\/cardinal-tapes.com\\\/pl\\\/ta\u015bmy-samoprzylepne\\\/obszary-zastosowan\\\/tasma-papierowa\\\/tasma-samoprzylepna-3m-2321\\\/#breadcrumb\"},\"inLanguage\":\"pl-PL\",\"potentialAction\":[{\"@type\":\"ReadAction\",\"target\":[\"https:\\\/\\\/cardinal-tapes.com\\\/pl\\\/ta\u015bmy-samoprzylepne\\\/obszary-zastosowan\\\/tasma-papierowa\\\/tasma-samoprzylepna-3m-2321\\\/\"]}]},{\"@type\":\"ImageObject\",\"inLanguage\":\"pl-PL\",\"@id\":\"https:\\\/\\\/cardinal-tapes.com\\\/pl\\\/ta\u015bmy-samoprzylepne\\\/obszary-zastosowan\\\/tasma-papierowa\\\/tasma-samoprzylepna-3m-2321\\\/#primaryimage\",\"url\":\"https:\\\/\\\/cardinal-tapes.com\\\/wp-content\\\/uploads\\\/scotch-malerband-2321.jpg\",\"contentUrl\":\"https:\\\/\\\/cardinal-tapes.com\\\/wp-content\\\/uploads\\\/scotch-malerband-2321.jpg\",\"width\":353,\"height\":400,\"caption\":\"scotch-painter-tape-2321\"},{\"@type\":\"BreadcrumbList\",\"@id\":\"https:\\\/\\\/cardinal-tapes.com\\\/pl\\\/ta\u015bmy-samoprzylepne\\\/obszary-zastosowan\\\/tasma-papierowa\\\/tasma-samoprzylepna-3m-2321\\\/#breadcrumb\",\"itemListElement\":[{\"@type\":\"ListItem\",\"position\":1,\"name\":\"Startseite\",\"item\":\"https:\\\/\\\/cardinal-tapes.com\\\/pl\\\/strona-glowna\\\/\"},{\"@type\":\"ListItem\",\"position\":2,\"name\":\"Ta\u015bmy samoprzylepne\",\"item\":\"https:\\\/\\\/cardinal-tapes.com\\\/pl\\\/tasmy-samoprzylepne-pl\\\/\"},{\"@type\":\"ListItem\",\"position\":3,\"name\":\"Obszary zastosowa\u0144\",\"item\":\"https:\\\/\\\/cardinal-tapes.com\\\/pl\\\/kategoria\\\/obszary-zastosowan\\\/\"},{\"@type\":\"ListItem\",\"position\":4,\"name\":\"Ta\u015bma papierowa\",\"item\":\"https:\\\/\\\/cardinal-tapes.com\\\/pl\\\/kategoria\\\/tasma-papierowa\\\/\"},{\"@type\":\"ListItem\",\"position\":5,\"name\":\"Ta\u015bma maskuj\u0105ca 3M\u2122 2321\"}]},{\"@type\":\"WebSite\",\"@id\":\"https:\\\/\\\/cardinal-tapes.com\\\/#website\",\"url\":\"https:\\\/\\\/cardinal-tapes.com\\\/\",\"name\":\"cardinal TAPES\",\"description\":\"Klebetechnik aus Wuppertal\",\"potentialAction\":[{\"@type\":\"SearchAction\",\"target\":{\"@type\":\"EntryPoint\",\"urlTemplate\":\"https:\\\/\\\/cardinal-tapes.com\\\/?s={search_term_string}\"},\"query-input\":{\"@type\":\"PropertyValueSpecification\",\"valueRequired\":true,\"valueName\":\"search_term_string\"}}],\"inLanguage\":\"pl-PL\"}]}<\/script>\n<!-- \/ Yoast SEO plugin. -->","yoast_head_json":{"title":"Ta\u015bma samoprzylepna 3M 2321 | Cardinal TAPES","description":"Ta\u015bma papierowa Scotch 2321 jest drobno krepowana i be\u017cowa i jest u\u017cywana do og\u00f3lnego maskowania i przytrzymywania w przemy\u015ble. Dowiedz si\u0119 wi\u0119cej.","robots":{"index":"index","follow":"follow","max-snippet":"max-snippet:-1","max-image-preview":"max-image-preview:large","max-video-preview":"max-video-preview:-1"},"canonical":"https:\/\/cardinal-tapes.com\/pl\/ta\u015bmy-samoprzylepne\/obszary-zastosowan\/tasma-papierowa\/tasma-samoprzylepna-3m-2321\/","og_locale":"pl_PL","og_type":"article","og_title":"Ta\u015bma samoprzylepna 3M 2321 | Cardinal TAPES","og_description":"Ta\u015bma papierowa Scotch 2321 jest drobno krepowana i be\u017cowa i jest u\u017cywana do og\u00f3lnego maskowania i przytrzymywania w przemy\u015ble. Dowiedz si\u0119 wi\u0119cej.","og_url":"https:\/\/cardinal-tapes.com\/pl\/ta\u015bmy-samoprzylepne\/obszary-zastosowan\/tasma-papierowa\/tasma-samoprzylepna-3m-2321\/","og_site_name":"cardinal TAPES","article_modified_time":"2025-07-03T14:28:04+00:00","og_image":[{"width":353,"height":400,"url":"https:\/\/cardinal-tapes.com\/wp-content\/uploads\/scotch-malerband-2321.jpg","type":"image\/jpeg"}],"twitter_card":"summary_large_image","twitter_misc":{"Szacowany czas czytania":"1 minuta"},"schema":{"@context":"https:\/\/schema.org","@graph":[{"@type":"WebPage","@id":"https:\/\/cardinal-tapes.com\/pl\/ta\u015bmy-samoprzylepne\/obszary-zastosowan\/tasma-papierowa\/tasma-samoprzylepna-3m-2321\/","url":"https:\/\/cardinal-tapes.com\/pl\/ta\u015bmy-samoprzylepne\/obszary-zastosowan\/tasma-papierowa\/tasma-samoprzylepna-3m-2321\/","name":"Ta\u015bma samoprzylepna 3M 2321 | Cardinal TAPES","isPartOf":{"@id":"https:\/\/cardinal-tapes.com\/#website"},"primaryImageOfPage":{"@id":"https:\/\/cardinal-tapes.com\/pl\/ta\u015bmy-samoprzylepne\/obszary-zastosowan\/tasma-papierowa\/tasma-samoprzylepna-3m-2321\/#primaryimage"},"image":{"@id":"https:\/\/cardinal-tapes.com\/pl\/ta\u015bmy-samoprzylepne\/obszary-zastosowan\/tasma-papierowa\/tasma-samoprzylepna-3m-2321\/#primaryimage"},"thumbnailUrl":"https:\/\/cardinal-tapes.com\/wp-content\/uploads\/scotch-malerband-2321.jpg","datePublished":"2023-06-06T08:20:50+00:00","dateModified":"2025-07-03T14:28:04+00:00","description":"Ta\u015bma papierowa Scotch 2321 jest drobno krepowana i be\u017cowa i jest u\u017cywana do og\u00f3lnego maskowania i przytrzymywania w przemy\u015ble. Dowiedz si\u0119 wi\u0119cej.","breadcrumb":{"@id":"https:\/\/cardinal-tapes.com\/pl\/ta\u015bmy-samoprzylepne\/obszary-zastosowan\/tasma-papierowa\/tasma-samoprzylepna-3m-2321\/#breadcrumb"},"inLanguage":"pl-PL","potentialAction":[{"@type":"ReadAction","target":["https:\/\/cardinal-tapes.com\/pl\/ta\u015bmy-samoprzylepne\/obszary-zastosowan\/tasma-papierowa\/tasma-samoprzylepna-3m-2321\/"]}]},{"@type":"ImageObject","inLanguage":"pl-PL","@id":"https:\/\/cardinal-tapes.com\/pl\/ta\u015bmy-samoprzylepne\/obszary-zastosowan\/tasma-papierowa\/tasma-samoprzylepna-3m-2321\/#primaryimage","url":"https:\/\/cardinal-tapes.com\/wp-content\/uploads\/scotch-malerband-2321.jpg","contentUrl":"https:\/\/cardinal-tapes.com\/wp-content\/uploads\/scotch-malerband-2321.jpg","width":353,"height":400,"caption":"scotch-painter-tape-2321"},{"@type":"BreadcrumbList","@id":"https:\/\/cardinal-tapes.com\/pl\/ta\u015bmy-samoprzylepne\/obszary-zastosowan\/tasma-papierowa\/tasma-samoprzylepna-3m-2321\/#breadcrumb","itemListElement":[{"@type":"ListItem","position":1,"name":"Startseite","item":"https:\/\/cardinal-tapes.com\/pl\/strona-glowna\/"},{"@type":"ListItem","position":2,"name":"Ta\u015bmy samoprzylepne","item":"https:\/\/cardinal-tapes.com\/pl\/tasmy-samoprzylepne-pl\/"},{"@type":"ListItem","position":3,"name":"Obszary zastosowa\u0144","item":"https:\/\/cardinal-tapes.com\/pl\/kategoria\/obszary-zastosowan\/"},{"@type":"ListItem","position":4,"name":"Ta\u015bma papierowa","item":"https:\/\/cardinal-tapes.com\/pl\/kategoria\/tasma-papierowa\/"},{"@type":"ListItem","position":5,"name":"Ta\u015bma maskuj\u0105ca 3M\u2122 2321"}]},{"@type":"WebSite","@id":"https:\/\/cardinal-tapes.com\/#website","url":"https:\/\/cardinal-tapes.com\/","name":"cardinal TAPES","description":"Klebetechnik aus Wuppertal","potentialAction":[{"@type":"SearchAction","target":{"@type":"EntryPoint","urlTemplate":"https:\/\/cardinal-tapes.com\/?s={search_term_string}"},"query-input":{"@type":"PropertyValueSpecification","valueRequired":true,"valueName":"search_term_string"}}],"inLanguage":"pl-PL"}]}},"brands":[{"id":2168,"name":"3M","slug":"3m-pl"}],"_links":{"self":[{"href":"https:\/\/cardinal-tapes.com\/pl\/wp-json\/wp\/v2\/product\/62887","targetHints":{"allow":["GET"]}}],"collection":[{"href":"https:\/\/cardinal-tapes.com\/pl\/wp-json\/wp\/v2\/product"}],"about":[{"href":"https:\/\/cardinal-tapes.com\/pl\/wp-json\/wp\/v2\/types\/product"}],"wp:featuredmedia":[{"embeddable":true,"href":"https:\/\/cardinal-tapes.com\/pl\/wp-json\/wp\/v2\/media\/26774"}],"wp:attachment":[{"href":"https:\/\/cardinal-tapes.com\/pl\/wp-json\/wp\/v2\/media?parent=62887"}],"wp:term":[{"taxonomy":"pwb-brand","embeddable":true,"href":"https:\/\/cardinal-tapes.com\/pl\/wp-json\/wp\/v2\/pwb-brand?post=62887"},{"taxonomy":"product_brand","embeddable":true,"href":"https:\/\/cardinal-tapes.com\/pl\/wp-json\/wp\/v2\/product_brand?post=62887"},{"taxonomy":"product_cat","embeddable":true,"href":"https:\/\/cardinal-tapes.com\/pl\/wp-json\/wp\/v2\/product_cat?post=62887"},{"taxonomy":"product_tag","embeddable":true,"href":"https:\/\/cardinal-tapes.com\/pl\/wp-json\/wp\/v2\/product_tag?post=62887"}],"curies":[{"name":"wp","href":"https:\/\/api.w.org\/{rel}","templated":true}]}}