{"id":62886,"date":"2017-12-08T09:02:45","date_gmt":"2023-06-06T08:20:50","guid":{"rendered":"https:\/\/cardinal.pixel-tal.de\/klebebaender\/bez-kategorii\/tasma-maskujaca-3m-scotch-301e\/"},"modified":"2025-07-07T16:55:00","modified_gmt":"2025-07-07T14:55:00","slug":"tasma-maskujaca-3m-301e","status":"publish","type":"product","link":"https:\/\/cardinal-tapes.com\/pl\/ta\u015bmy-samoprzylepne\/obszary-zastosowan\/tasma-papierowa\/tasma-maskujaca-3m-301e\/","title":{"rendered":"Ta\u015bma maskuj\u0105ca 3M\u2122 Scotch\u00ae 301E"},"content":{"rendered":"<p>Ta\u015bma maskuj\u0105ca 3M\u2122 301E mo\u017ce by\u0107 szczeg\u00f3lnie efektywnie wykorzystywana w procesach suszenia system\u00f3w malarskich w temperaturze do 149\u00b0C. Pow\u0142oka tylna zapewnia kontrolowane zwijanie i mo\u017ce zmniejszy\u0107 ilo\u015b\u0107 odpad\u00f3w.<\/p>\n<p><strong>W\u0142a\u015bciwo\u015bci<\/strong><br \/>\nTa\u015bma klej\u0105ca 301E charakteryzuje si\u0119 dobr\u0105 odporno\u015bci\u0105 na rozpuszczalniki i wilgo\u0107. Szczeg\u00f3ln\u0105 zalet\u0105 tej ta\u015bmy jest r\u00f3wnie\u017c to, \u017ce mo\u017ce by\u0107 stosowana do utwardzania w podczerwieni i UV. Sprawia to, \u017ce ta\u015bma maskuj\u0105ca 301E jest szczeg\u00f3lnie cenna w zastosowaniach specjalnych.<\/p>\n<p><strong>Zastosowania<br \/>\n<\/strong>&#8211; Uniwersalna ta\u015bma maskuj\u0105ca do malowania przemys\u0142owego<br \/>\n&#8211; Do suszenia i utwardzania farb i lakier\u00f3w na powietrzu lub w piecu<br \/>\n&#8211; Do wi\u0105zania, przytrzymywania lub etykietowania<\/p>\n","protected":false},"excerpt":{"rendered":"<p>Ta\u015bma maskuj\u0105ca 3M\u2122 301E mo\u017ce by\u0107 szczeg\u00f3lnie efektywnie wykorzystywana w procesach suszenia system\u00f3w malarskich w temperaturze do 149\u00b0C. Pow\u0142oka tylna zapewnia kontrolowane zwijanie i mo\u017ce zmniejszy\u0107 ilo\u015b\u0107 odpad\u00f3w. W\u0142a\u015bciwo\u015bci Ta\u015bma klej\u0105ca 301E charakteryzuje si\u0119 dobr\u0105 odporno\u015bci\u0105 na rozpuszczalniki i wilgo\u0107. Szczeg\u00f3ln\u0105 zalet\u0105 tej ta\u015bmy jest r\u00f3wnie\u017c to, \u017ce mo\u017ce by\u0107 stosowana do utwardzania w podczerwieni [&hellip;]<\/p>\n","protected":false},"featured_media":24338,"template":"","meta":{"_acf_changed":false},"pwb-brand":[2168],"product_brand":[],"product_cat":[1786,1816],"product_tag":[],"class_list":{"0":"post-62886","1":"product","2":"type-product","3":"status-publish","4":"has-post-thumbnail","6":"pwb-brand-3m-pl","7":"product_cat-tasma-papierowa","8":"product_cat-jednostronne-tasmy-samoprzylepne","10":"first","11":"outofstock","12":"taxable","13":"shipping-taxable","14":"purchasable","15":"product-type-variable"},"acf":[],"yoast_head":"<!-- This site is optimized with the Yoast SEO plugin v27.3 - https:\/\/yoast.com\/product\/yoast-seo-wordpress\/ -->\n<title>Ta\u015bma maskuj\u0105ca 3M\u2122 301E Scotch\u00ae TAPES | Cardinal TAPES<\/title>\n<meta name=\"description\" content=\"Ta\u015bma maskuj\u0105ca 3M 301E mo\u017ce by\u0107 szczeg\u00f3lnie \u0142atwo stosowana w procesach suszenia system\u00f3w malarskich w temperaturze do 100 \u00b0C.\" \/>\n<meta name=\"robots\" content=\"index, follow, max-snippet:-1, max-image-preview:large, max-video-preview:-1\" \/>\n<link rel=\"canonical\" href=\"https:\/\/cardinal-tapes.com\/pl\/ta\u015bmy-samoprzylepne\/obszary-zastosowan\/tasma-papierowa\/tasma-maskujaca-3m-301e\/\" \/>\n<meta property=\"og:locale\" content=\"pl_PL\" \/>\n<meta property=\"og:type\" content=\"article\" \/>\n<meta property=\"og:title\" content=\"Ta\u015bma maskuj\u0105ca 3M\u2122 301E Scotch\u00ae TAPES | Cardinal TAPES\" \/>\n<meta property=\"og:description\" content=\"Ta\u015bma maskuj\u0105ca 3M 301E mo\u017ce by\u0107 szczeg\u00f3lnie \u0142atwo stosowana w procesach suszenia system\u00f3w malarskich w temperaturze do 100 \u00b0C.\" \/>\n<meta property=\"og:url\" content=\"https:\/\/cardinal-tapes.com\/pl\/ta\u015bmy-samoprzylepne\/obszary-zastosowan\/tasma-papierowa\/tasma-maskujaca-3m-301e\/\" \/>\n<meta property=\"og:site_name\" content=\"cardinal TAPES\" \/>\n<meta property=\"article:modified_time\" content=\"2025-07-07T14:55:00+00:00\" \/>\n<meta property=\"og:image\" content=\"https:\/\/cardinal-tapes.com\/wp-content\/uploads\/3m_kreppklebeband_301e.jpg\" \/>\n\t<meta property=\"og:image:width\" content=\"600\" \/>\n\t<meta property=\"og:image:height\" content=\"600\" \/>\n\t<meta property=\"og:image:type\" content=\"image\/jpeg\" \/>\n<meta name=\"twitter:card\" content=\"summary_large_image\" \/>\n<meta name=\"twitter:label1\" content=\"Szacowany czas czytania\" \/>\n\t<meta name=\"twitter:data1\" content=\"1 minuta\" \/>\n<script type=\"application\/ld+json\" class=\"yoast-schema-graph\">{\"@context\":\"https:\\\/\\\/schema.org\",\"@graph\":[{\"@type\":\"WebPage\",\"@id\":\"https:\\\/\\\/cardinal-tapes.com\\\/pl\\\/ta\u015bmy-samoprzylepne\\\/obszary-zastosowan\\\/tasma-papierowa\\\/tasma-maskujaca-3m-301e\\\/\",\"url\":\"https:\\\/\\\/cardinal-tapes.com\\\/pl\\\/ta\u015bmy-samoprzylepne\\\/obszary-zastosowan\\\/tasma-papierowa\\\/tasma-maskujaca-3m-301e\\\/\",\"name\":\"Ta\u015bma maskuj\u0105ca 3M\u2122 301E Scotch\u00ae TAPES | Cardinal TAPES\",\"isPartOf\":{\"@id\":\"https:\\\/\\\/cardinal-tapes.com\\\/#website\"},\"primaryImageOfPage\":{\"@id\":\"https:\\\/\\\/cardinal-tapes.com\\\/pl\\\/ta\u015bmy-samoprzylepne\\\/obszary-zastosowan\\\/tasma-papierowa\\\/tasma-maskujaca-3m-301e\\\/#primaryimage\"},\"image\":{\"@id\":\"https:\\\/\\\/cardinal-tapes.com\\\/pl\\\/ta\u015bmy-samoprzylepne\\\/obszary-zastosowan\\\/tasma-papierowa\\\/tasma-maskujaca-3m-301e\\\/#primaryimage\"},\"thumbnailUrl\":\"https:\\\/\\\/cardinal-tapes.com\\\/wp-content\\\/uploads\\\/3m_kreppklebeband_301e.jpg\",\"datePublished\":\"2023-06-06T08:20:50+00:00\",\"dateModified\":\"2025-07-07T14:55:00+00:00\",\"description\":\"Ta\u015bma maskuj\u0105ca 3M 301E mo\u017ce by\u0107 szczeg\u00f3lnie \u0142atwo stosowana w procesach suszenia system\u00f3w malarskich w temperaturze do 100 \u00b0C.\",\"breadcrumb\":{\"@id\":\"https:\\\/\\\/cardinal-tapes.com\\\/pl\\\/ta\u015bmy-samoprzylepne\\\/obszary-zastosowan\\\/tasma-papierowa\\\/tasma-maskujaca-3m-301e\\\/#breadcrumb\"},\"inLanguage\":\"pl-PL\",\"potentialAction\":[{\"@type\":\"ReadAction\",\"target\":[\"https:\\\/\\\/cardinal-tapes.com\\\/pl\\\/ta\u015bmy-samoprzylepne\\\/obszary-zastosowan\\\/tasma-papierowa\\\/tasma-maskujaca-3m-301e\\\/\"]}]},{\"@type\":\"ImageObject\",\"inLanguage\":\"pl-PL\",\"@id\":\"https:\\\/\\\/cardinal-tapes.com\\\/pl\\\/ta\u015bmy-samoprzylepne\\\/obszary-zastosowan\\\/tasma-papierowa\\\/tasma-maskujaca-3m-301e\\\/#primaryimage\",\"url\":\"https:\\\/\\\/cardinal-tapes.com\\\/wp-content\\\/uploads\\\/3m_kreppklebeband_301e.jpg\",\"contentUrl\":\"https:\\\/\\\/cardinal-tapes.com\\\/wp-content\\\/uploads\\\/3m_kreppklebeband_301e.jpg\",\"width\":600,\"height\":600,\"caption\":\"Ta\u015bma maskuj\u0105ca 3M 301e\"},{\"@type\":\"BreadcrumbList\",\"@id\":\"https:\\\/\\\/cardinal-tapes.com\\\/pl\\\/ta\u015bmy-samoprzylepne\\\/obszary-zastosowan\\\/tasma-papierowa\\\/tasma-maskujaca-3m-301e\\\/#breadcrumb\",\"itemListElement\":[{\"@type\":\"ListItem\",\"position\":1,\"name\":\"Startseite\",\"item\":\"https:\\\/\\\/cardinal-tapes.com\\\/pl\\\/strona-glowna\\\/\"},{\"@type\":\"ListItem\",\"position\":2,\"name\":\"Ta\u015bmy samoprzylepne\",\"item\":\"https:\\\/\\\/cardinal-tapes.com\\\/pl\\\/tasmy-samoprzylepne-pl\\\/\"},{\"@type\":\"ListItem\",\"position\":3,\"name\":\"Obszary zastosowa\u0144\",\"item\":\"https:\\\/\\\/cardinal-tapes.com\\\/pl\\\/kategoria\\\/obszary-zastosowan\\\/\"},{\"@type\":\"ListItem\",\"position\":4,\"name\":\"Ta\u015bma papierowa\",\"item\":\"https:\\\/\\\/cardinal-tapes.com\\\/pl\\\/kategoria\\\/tasma-papierowa\\\/\"},{\"@type\":\"ListItem\",\"position\":5,\"name\":\"Ta\u015bma maskuj\u0105ca 3M\u2122 Scotch\u00ae 301E\"}]},{\"@type\":\"WebSite\",\"@id\":\"https:\\\/\\\/cardinal-tapes.com\\\/#website\",\"url\":\"https:\\\/\\\/cardinal-tapes.com\\\/\",\"name\":\"cardinal TAPES\",\"description\":\"Klebetechnik aus Wuppertal\",\"potentialAction\":[{\"@type\":\"SearchAction\",\"target\":{\"@type\":\"EntryPoint\",\"urlTemplate\":\"https:\\\/\\\/cardinal-tapes.com\\\/?s={search_term_string}\"},\"query-input\":{\"@type\":\"PropertyValueSpecification\",\"valueRequired\":true,\"valueName\":\"search_term_string\"}}],\"inLanguage\":\"pl-PL\"}]}<\/script>\n<!-- \/ Yoast SEO plugin. -->","yoast_head_json":{"title":"Ta\u015bma maskuj\u0105ca 3M\u2122 301E Scotch\u00ae TAPES | Cardinal TAPES","description":"Ta\u015bma maskuj\u0105ca 3M 301E mo\u017ce by\u0107 szczeg\u00f3lnie \u0142atwo stosowana w procesach suszenia system\u00f3w malarskich w temperaturze do 100 \u00b0C.","robots":{"index":"index","follow":"follow","max-snippet":"max-snippet:-1","max-image-preview":"max-image-preview:large","max-video-preview":"max-video-preview:-1"},"canonical":"https:\/\/cardinal-tapes.com\/pl\/ta\u015bmy-samoprzylepne\/obszary-zastosowan\/tasma-papierowa\/tasma-maskujaca-3m-301e\/","og_locale":"pl_PL","og_type":"article","og_title":"Ta\u015bma maskuj\u0105ca 3M\u2122 301E Scotch\u00ae TAPES | Cardinal TAPES","og_description":"Ta\u015bma maskuj\u0105ca 3M 301E mo\u017ce by\u0107 szczeg\u00f3lnie \u0142atwo stosowana w procesach suszenia system\u00f3w malarskich w temperaturze do 100 \u00b0C.","og_url":"https:\/\/cardinal-tapes.com\/pl\/ta\u015bmy-samoprzylepne\/obszary-zastosowan\/tasma-papierowa\/tasma-maskujaca-3m-301e\/","og_site_name":"cardinal TAPES","article_modified_time":"2025-07-07T14:55:00+00:00","og_image":[{"width":600,"height":600,"url":"https:\/\/cardinal-tapes.com\/wp-content\/uploads\/3m_kreppklebeband_301e.jpg","type":"image\/jpeg"}],"twitter_card":"summary_large_image","twitter_misc":{"Szacowany czas czytania":"1 minuta"},"schema":{"@context":"https:\/\/schema.org","@graph":[{"@type":"WebPage","@id":"https:\/\/cardinal-tapes.com\/pl\/ta\u015bmy-samoprzylepne\/obszary-zastosowan\/tasma-papierowa\/tasma-maskujaca-3m-301e\/","url":"https:\/\/cardinal-tapes.com\/pl\/ta\u015bmy-samoprzylepne\/obszary-zastosowan\/tasma-papierowa\/tasma-maskujaca-3m-301e\/","name":"Ta\u015bma maskuj\u0105ca 3M\u2122 301E Scotch\u00ae TAPES | Cardinal TAPES","isPartOf":{"@id":"https:\/\/cardinal-tapes.com\/#website"},"primaryImageOfPage":{"@id":"https:\/\/cardinal-tapes.com\/pl\/ta\u015bmy-samoprzylepne\/obszary-zastosowan\/tasma-papierowa\/tasma-maskujaca-3m-301e\/#primaryimage"},"image":{"@id":"https:\/\/cardinal-tapes.com\/pl\/ta\u015bmy-samoprzylepne\/obszary-zastosowan\/tasma-papierowa\/tasma-maskujaca-3m-301e\/#primaryimage"},"thumbnailUrl":"https:\/\/cardinal-tapes.com\/wp-content\/uploads\/3m_kreppklebeband_301e.jpg","datePublished":"2023-06-06T08:20:50+00:00","dateModified":"2025-07-07T14:55:00+00:00","description":"Ta\u015bma maskuj\u0105ca 3M 301E mo\u017ce by\u0107 szczeg\u00f3lnie \u0142atwo stosowana w procesach suszenia system\u00f3w malarskich w temperaturze do 100 \u00b0C.","breadcrumb":{"@id":"https:\/\/cardinal-tapes.com\/pl\/ta\u015bmy-samoprzylepne\/obszary-zastosowan\/tasma-papierowa\/tasma-maskujaca-3m-301e\/#breadcrumb"},"inLanguage":"pl-PL","potentialAction":[{"@type":"ReadAction","target":["https:\/\/cardinal-tapes.com\/pl\/ta\u015bmy-samoprzylepne\/obszary-zastosowan\/tasma-papierowa\/tasma-maskujaca-3m-301e\/"]}]},{"@type":"ImageObject","inLanguage":"pl-PL","@id":"https:\/\/cardinal-tapes.com\/pl\/ta\u015bmy-samoprzylepne\/obszary-zastosowan\/tasma-papierowa\/tasma-maskujaca-3m-301e\/#primaryimage","url":"https:\/\/cardinal-tapes.com\/wp-content\/uploads\/3m_kreppklebeband_301e.jpg","contentUrl":"https:\/\/cardinal-tapes.com\/wp-content\/uploads\/3m_kreppklebeband_301e.jpg","width":600,"height":600,"caption":"Ta\u015bma maskuj\u0105ca 3M 301e"},{"@type":"BreadcrumbList","@id":"https:\/\/cardinal-tapes.com\/pl\/ta\u015bmy-samoprzylepne\/obszary-zastosowan\/tasma-papierowa\/tasma-maskujaca-3m-301e\/#breadcrumb","itemListElement":[{"@type":"ListItem","position":1,"name":"Startseite","item":"https:\/\/cardinal-tapes.com\/pl\/strona-glowna\/"},{"@type":"ListItem","position":2,"name":"Ta\u015bmy samoprzylepne","item":"https:\/\/cardinal-tapes.com\/pl\/tasmy-samoprzylepne-pl\/"},{"@type":"ListItem","position":3,"name":"Obszary zastosowa\u0144","item":"https:\/\/cardinal-tapes.com\/pl\/kategoria\/obszary-zastosowan\/"},{"@type":"ListItem","position":4,"name":"Ta\u015bma papierowa","item":"https:\/\/cardinal-tapes.com\/pl\/kategoria\/tasma-papierowa\/"},{"@type":"ListItem","position":5,"name":"Ta\u015bma maskuj\u0105ca 3M\u2122 Scotch\u00ae 301E"}]},{"@type":"WebSite","@id":"https:\/\/cardinal-tapes.com\/#website","url":"https:\/\/cardinal-tapes.com\/","name":"cardinal TAPES","description":"Klebetechnik aus Wuppertal","potentialAction":[{"@type":"SearchAction","target":{"@type":"EntryPoint","urlTemplate":"https:\/\/cardinal-tapes.com\/?s={search_term_string}"},"query-input":{"@type":"PropertyValueSpecification","valueRequired":true,"valueName":"search_term_string"}}],"inLanguage":"pl-PL"}]}},"brands":[{"id":2168,"name":"3M","slug":"3m-pl"}],"_links":{"self":[{"href":"https:\/\/cardinal-tapes.com\/pl\/wp-json\/wp\/v2\/product\/62886","targetHints":{"allow":["GET"]}}],"collection":[{"href":"https:\/\/cardinal-tapes.com\/pl\/wp-json\/wp\/v2\/product"}],"about":[{"href":"https:\/\/cardinal-tapes.com\/pl\/wp-json\/wp\/v2\/types\/product"}],"wp:featuredmedia":[{"embeddable":true,"href":"https:\/\/cardinal-tapes.com\/pl\/wp-json\/wp\/v2\/media\/24338"}],"wp:attachment":[{"href":"https:\/\/cardinal-tapes.com\/pl\/wp-json\/wp\/v2\/media?parent=62886"}],"wp:term":[{"taxonomy":"pwb-brand","embeddable":true,"href":"https:\/\/cardinal-tapes.com\/pl\/wp-json\/wp\/v2\/pwb-brand?post=62886"},{"taxonomy":"product_brand","embeddable":true,"href":"https:\/\/cardinal-tapes.com\/pl\/wp-json\/wp\/v2\/product_brand?post=62886"},{"taxonomy":"product_cat","embeddable":true,"href":"https:\/\/cardinal-tapes.com\/pl\/wp-json\/wp\/v2\/product_cat?post=62886"},{"taxonomy":"product_tag","embeddable":true,"href":"https:\/\/cardinal-tapes.com\/pl\/wp-json\/wp\/v2\/product_tag?post=62886"}],"curies":[{"name":"wp","href":"https:\/\/api.w.org\/{rel}","templated":true}]}}