{"id":62885,"date":"2017-12-08T09:03:46","date_gmt":"2023-06-06T08:20:50","guid":{"rendered":"https:\/\/cardinal.pixel-tal.de\/klebebaender\/bez-kategorii\/tasma-maskujaca-3m-401e\/"},"modified":"2025-07-03T16:22:20","modified_gmt":"2025-07-03T14:22:20","slug":"tasma-maskujaca-3m-401e","status":"publish","type":"product","link":"https:\/\/cardinal-tapes.com\/pl\/ta\u015bmy-samoprzylepne\/jednostronne-tasmy-samoprzylepne\/tasma-maskujaca-3m-401e\/","title":{"rendered":"Ta\u015bma maskuj\u0105ca 3M\u2122 401E"},"content":{"rendered":"<p>3M\u2122 Masking Tape 401E to br\u0105zowa, krepowana ta\u015bma papierowa, kt\u00f3ra spe\u0142nia wiele wymaga\u0144 stawianych ta\u015bmom maskuj\u0105cym w bran\u017cy motoryzacyjnej i innych rynkach przemys\u0142owych. Wymagania te obejmuj\u0105 na przyk\u0142ad bardzo wysok\u0105 odporno\u015b\u0107 na temperatur\u0119, odporno\u015b\u0107 na wilgo\u0107 i dobr\u0105 ruchomo\u015b\u0107 krzywej.<\/p>\n<p><strong>Cechy<\/strong><br \/>\nTa\u015bma maskuj\u0105ca 3M\u2122 401E jest wyj\u0105tkowo \u0142atwa w obs\u0142udze, dzi\u0119ki czemu mo\u017cna jej szybko i wydajnie u\u017cywa\u0107 w codziennym \u017cyciu. Szczeg\u00f3ln\u0105 zalet\u0105 ta\u015bmy maskuj\u0105cej jest jej dobra odporno\u015b\u0107 na rozpuszczalniki i wilgo\u0107. Ponadto ta\u015bma samoprzylepna charakteryzuje si\u0119 dobr\u0105 natychmiastow\u0105 przyczepno\u015bci\u0105 dzi\u0119ki klejowi na bazie \u017cywicy kauczukowej.<\/p>\n<p><strong>Zastosowania<\/strong><br \/>\n&#8211; Do system\u00f3w suszenia w piecach, promiennik\u00f3w podczerwieni lub promiennik\u00f3w ciep\u0142a<br \/>\n&#8211; Do suszenia powietrzem i utwardzania w piecach<br \/>\n&#8211; Do maskowania podczas wysokiej jako\u015bci prac lakierniczych w przemy\u015ble motoryzacyjnym i innych ga\u0142\u0119ziach przemys\u0142u<\/p>\n<p>&nbsp;<\/p>\n","protected":false},"excerpt":{"rendered":"<p>3M\u2122 Masking Tape 401E to br\u0105zowa, krepowana ta\u015bma papierowa, kt\u00f3ra spe\u0142nia wiele wymaga\u0144 stawianych ta\u015bmom maskuj\u0105cym w bran\u017cy motoryzacyjnej i innych rynkach przemys\u0142owych. Wymagania te obejmuj\u0105 na przyk\u0142ad bardzo wysok\u0105 odporno\u015b\u0107 na temperatur\u0119, odporno\u015b\u0107 na wilgo\u0107 i dobr\u0105 ruchomo\u015b\u0107 krzywej. Cechy Ta\u015bma maskuj\u0105ca 3M\u2122 401E jest wyj\u0105tkowo \u0142atwa w obs\u0142udze, dzi\u0119ki czemu mo\u017cna jej szybko [&hellip;]<\/p>\n","protected":false},"featured_media":24334,"template":"","meta":{"_acf_changed":false},"pwb-brand":[2168],"product_brand":[],"product_cat":[1816],"product_tag":[],"class_list":{"0":"post-62885","1":"product","2":"type-product","3":"status-publish","4":"has-post-thumbnail","6":"pwb-brand-3m-pl","7":"product_cat-jednostronne-tasmy-samoprzylepne","9":"first","10":"instock","11":"taxable","12":"shipping-taxable","13":"purchasable","14":"product-type-variable"},"acf":[],"yoast_head":"<!-- This site is optimized with the Yoast SEO plugin v27.3 - https:\/\/yoast.com\/product\/yoast-seo-wordpress\/ -->\n<title>Ta\u015bma maskuj\u0105ca 3M\u2122 401E | Cardinal TAPES<\/title>\n<meta name=\"description\" content=\"Ta\u015bma maskuj\u0105ca 3M 401E spe\u0142nia wa\u017cne wymagania, kt\u00f3re s\u0105 potrzebne w przemy\u015ble motoryzacyjnym, ale tak\u017ce w innych bran\u017cach. Dowiedz si\u0119 wi\u0119cej.\" \/>\n<meta name=\"robots\" content=\"index, follow, max-snippet:-1, max-image-preview:large, max-video-preview:-1\" \/>\n<link rel=\"canonical\" href=\"https:\/\/cardinal-tapes.com\/pl\/ta\u015bmy-samoprzylepne\/jednostronne-tasmy-samoprzylepne\/tasma-maskujaca-3m-401e\/\" \/>\n<meta property=\"og:locale\" content=\"pl_PL\" \/>\n<meta property=\"og:type\" content=\"article\" \/>\n<meta property=\"og:title\" content=\"Ta\u015bma maskuj\u0105ca 3M\u2122 401E | Cardinal TAPES\" \/>\n<meta property=\"og:description\" content=\"Ta\u015bma maskuj\u0105ca 3M 401E spe\u0142nia wa\u017cne wymagania, kt\u00f3re s\u0105 potrzebne w przemy\u015ble motoryzacyjnym, ale tak\u017ce w innych bran\u017cach. Dowiedz si\u0119 wi\u0119cej.\" \/>\n<meta property=\"og:url\" content=\"https:\/\/cardinal-tapes.com\/pl\/ta\u015bmy-samoprzylepne\/jednostronne-tasmy-samoprzylepne\/tasma-maskujaca-3m-401e\/\" \/>\n<meta property=\"og:site_name\" content=\"cardinal TAPES\" \/>\n<meta property=\"article:modified_time\" content=\"2025-07-03T14:22:20+00:00\" \/>\n<meta property=\"og:image\" content=\"https:\/\/cardinal-tapes.com\/wp-content\/uploads\/3m_kreppklebeband_401e.jpg\" \/>\n\t<meta property=\"og:image:width\" content=\"600\" \/>\n\t<meta property=\"og:image:height\" content=\"600\" \/>\n\t<meta property=\"og:image:type\" content=\"image\/jpeg\" \/>\n<meta name=\"twitter:card\" content=\"summary_large_image\" \/>\n<meta name=\"twitter:label1\" content=\"Szacowany czas czytania\" \/>\n\t<meta name=\"twitter:data1\" content=\"1 minuta\" \/>\n<script type=\"application\/ld+json\" class=\"yoast-schema-graph\">{\"@context\":\"https:\\\/\\\/schema.org\",\"@graph\":[{\"@type\":\"WebPage\",\"@id\":\"https:\\\/\\\/cardinal-tapes.com\\\/pl\\\/ta\u015bmy-samoprzylepne\\\/jednostronne-tasmy-samoprzylepne\\\/tasma-maskujaca-3m-401e\\\/\",\"url\":\"https:\\\/\\\/cardinal-tapes.com\\\/pl\\\/ta\u015bmy-samoprzylepne\\\/jednostronne-tasmy-samoprzylepne\\\/tasma-maskujaca-3m-401e\\\/\",\"name\":\"Ta\u015bma maskuj\u0105ca 3M\u2122 401E | Cardinal TAPES\",\"isPartOf\":{\"@id\":\"https:\\\/\\\/cardinal-tapes.com\\\/#website\"},\"primaryImageOfPage\":{\"@id\":\"https:\\\/\\\/cardinal-tapes.com\\\/pl\\\/ta\u015bmy-samoprzylepne\\\/jednostronne-tasmy-samoprzylepne\\\/tasma-maskujaca-3m-401e\\\/#primaryimage\"},\"image\":{\"@id\":\"https:\\\/\\\/cardinal-tapes.com\\\/pl\\\/ta\u015bmy-samoprzylepne\\\/jednostronne-tasmy-samoprzylepne\\\/tasma-maskujaca-3m-401e\\\/#primaryimage\"},\"thumbnailUrl\":\"https:\\\/\\\/cardinal-tapes.com\\\/wp-content\\\/uploads\\\/3m_kreppklebeband_401e.jpg\",\"datePublished\":\"2023-06-06T08:20:50+00:00\",\"dateModified\":\"2025-07-03T14:22:20+00:00\",\"description\":\"Ta\u015bma maskuj\u0105ca 3M 401E spe\u0142nia wa\u017cne wymagania, kt\u00f3re s\u0105 potrzebne w przemy\u015ble motoryzacyjnym, ale tak\u017ce w innych bran\u017cach. Dowiedz si\u0119 wi\u0119cej.\",\"breadcrumb\":{\"@id\":\"https:\\\/\\\/cardinal-tapes.com\\\/pl\\\/ta\u015bmy-samoprzylepne\\\/jednostronne-tasmy-samoprzylepne\\\/tasma-maskujaca-3m-401e\\\/#breadcrumb\"},\"inLanguage\":\"pl-PL\",\"potentialAction\":[{\"@type\":\"ReadAction\",\"target\":[\"https:\\\/\\\/cardinal-tapes.com\\\/pl\\\/ta\u015bmy-samoprzylepne\\\/jednostronne-tasmy-samoprzylepne\\\/tasma-maskujaca-3m-401e\\\/\"]}]},{\"@type\":\"ImageObject\",\"inLanguage\":\"pl-PL\",\"@id\":\"https:\\\/\\\/cardinal-tapes.com\\\/pl\\\/ta\u015bmy-samoprzylepne\\\/jednostronne-tasmy-samoprzylepne\\\/tasma-maskujaca-3m-401e\\\/#primaryimage\",\"url\":\"https:\\\/\\\/cardinal-tapes.com\\\/wp-content\\\/uploads\\\/3m_kreppklebeband_401e.jpg\",\"contentUrl\":\"https:\\\/\\\/cardinal-tapes.com\\\/wp-content\\\/uploads\\\/3m_kreppklebeband_401e.jpg\",\"width\":600,\"height\":600,\"caption\":\"Ta\u015bma maskuj\u0105ca 3M 401e\"},{\"@type\":\"BreadcrumbList\",\"@id\":\"https:\\\/\\\/cardinal-tapes.com\\\/pl\\\/ta\u015bmy-samoprzylepne\\\/jednostronne-tasmy-samoprzylepne\\\/tasma-maskujaca-3m-401e\\\/#breadcrumb\",\"itemListElement\":[{\"@type\":\"ListItem\",\"position\":1,\"name\":\"Startseite\",\"item\":\"https:\\\/\\\/cardinal-tapes.com\\\/pl\\\/strona-glowna\\\/\"},{\"@type\":\"ListItem\",\"position\":2,\"name\":\"Ta\u015bmy samoprzylepne\",\"item\":\"https:\\\/\\\/cardinal-tapes.com\\\/pl\\\/tasmy-samoprzylepne-pl\\\/\"},{\"@type\":\"ListItem\",\"position\":3,\"name\":\"Jednostronne ta\u015bmy samoprzylepne\",\"item\":\"https:\\\/\\\/cardinal-tapes.com\\\/pl\\\/kategoria\\\/jednostronne-tasmy-samoprzylepne\\\/\"},{\"@type\":\"ListItem\",\"position\":4,\"name\":\"Ta\u015bma maskuj\u0105ca 3M\u2122 401E\"}]},{\"@type\":\"WebSite\",\"@id\":\"https:\\\/\\\/cardinal-tapes.com\\\/#website\",\"url\":\"https:\\\/\\\/cardinal-tapes.com\\\/\",\"name\":\"cardinal TAPES\",\"description\":\"Klebetechnik aus Wuppertal\",\"potentialAction\":[{\"@type\":\"SearchAction\",\"target\":{\"@type\":\"EntryPoint\",\"urlTemplate\":\"https:\\\/\\\/cardinal-tapes.com\\\/?s={search_term_string}\"},\"query-input\":{\"@type\":\"PropertyValueSpecification\",\"valueRequired\":true,\"valueName\":\"search_term_string\"}}],\"inLanguage\":\"pl-PL\"}]}<\/script>\n<!-- \/ Yoast SEO plugin. -->","yoast_head_json":{"title":"Ta\u015bma maskuj\u0105ca 3M\u2122 401E | Cardinal TAPES","description":"Ta\u015bma maskuj\u0105ca 3M 401E spe\u0142nia wa\u017cne wymagania, kt\u00f3re s\u0105 potrzebne w przemy\u015ble motoryzacyjnym, ale tak\u017ce w innych bran\u017cach. Dowiedz si\u0119 wi\u0119cej.","robots":{"index":"index","follow":"follow","max-snippet":"max-snippet:-1","max-image-preview":"max-image-preview:large","max-video-preview":"max-video-preview:-1"},"canonical":"https:\/\/cardinal-tapes.com\/pl\/ta\u015bmy-samoprzylepne\/jednostronne-tasmy-samoprzylepne\/tasma-maskujaca-3m-401e\/","og_locale":"pl_PL","og_type":"article","og_title":"Ta\u015bma maskuj\u0105ca 3M\u2122 401E | Cardinal TAPES","og_description":"Ta\u015bma maskuj\u0105ca 3M 401E spe\u0142nia wa\u017cne wymagania, kt\u00f3re s\u0105 potrzebne w przemy\u015ble motoryzacyjnym, ale tak\u017ce w innych bran\u017cach. Dowiedz si\u0119 wi\u0119cej.","og_url":"https:\/\/cardinal-tapes.com\/pl\/ta\u015bmy-samoprzylepne\/jednostronne-tasmy-samoprzylepne\/tasma-maskujaca-3m-401e\/","og_site_name":"cardinal TAPES","article_modified_time":"2025-07-03T14:22:20+00:00","og_image":[{"width":600,"height":600,"url":"https:\/\/cardinal-tapes.com\/wp-content\/uploads\/3m_kreppklebeband_401e.jpg","type":"image\/jpeg"}],"twitter_card":"summary_large_image","twitter_misc":{"Szacowany czas czytania":"1 minuta"},"schema":{"@context":"https:\/\/schema.org","@graph":[{"@type":"WebPage","@id":"https:\/\/cardinal-tapes.com\/pl\/ta\u015bmy-samoprzylepne\/jednostronne-tasmy-samoprzylepne\/tasma-maskujaca-3m-401e\/","url":"https:\/\/cardinal-tapes.com\/pl\/ta\u015bmy-samoprzylepne\/jednostronne-tasmy-samoprzylepne\/tasma-maskujaca-3m-401e\/","name":"Ta\u015bma maskuj\u0105ca 3M\u2122 401E | Cardinal TAPES","isPartOf":{"@id":"https:\/\/cardinal-tapes.com\/#website"},"primaryImageOfPage":{"@id":"https:\/\/cardinal-tapes.com\/pl\/ta\u015bmy-samoprzylepne\/jednostronne-tasmy-samoprzylepne\/tasma-maskujaca-3m-401e\/#primaryimage"},"image":{"@id":"https:\/\/cardinal-tapes.com\/pl\/ta\u015bmy-samoprzylepne\/jednostronne-tasmy-samoprzylepne\/tasma-maskujaca-3m-401e\/#primaryimage"},"thumbnailUrl":"https:\/\/cardinal-tapes.com\/wp-content\/uploads\/3m_kreppklebeband_401e.jpg","datePublished":"2023-06-06T08:20:50+00:00","dateModified":"2025-07-03T14:22:20+00:00","description":"Ta\u015bma maskuj\u0105ca 3M 401E spe\u0142nia wa\u017cne wymagania, kt\u00f3re s\u0105 potrzebne w przemy\u015ble motoryzacyjnym, ale tak\u017ce w innych bran\u017cach. Dowiedz si\u0119 wi\u0119cej.","breadcrumb":{"@id":"https:\/\/cardinal-tapes.com\/pl\/ta\u015bmy-samoprzylepne\/jednostronne-tasmy-samoprzylepne\/tasma-maskujaca-3m-401e\/#breadcrumb"},"inLanguage":"pl-PL","potentialAction":[{"@type":"ReadAction","target":["https:\/\/cardinal-tapes.com\/pl\/ta\u015bmy-samoprzylepne\/jednostronne-tasmy-samoprzylepne\/tasma-maskujaca-3m-401e\/"]}]},{"@type":"ImageObject","inLanguage":"pl-PL","@id":"https:\/\/cardinal-tapes.com\/pl\/ta\u015bmy-samoprzylepne\/jednostronne-tasmy-samoprzylepne\/tasma-maskujaca-3m-401e\/#primaryimage","url":"https:\/\/cardinal-tapes.com\/wp-content\/uploads\/3m_kreppklebeband_401e.jpg","contentUrl":"https:\/\/cardinal-tapes.com\/wp-content\/uploads\/3m_kreppklebeband_401e.jpg","width":600,"height":600,"caption":"Ta\u015bma maskuj\u0105ca 3M 401e"},{"@type":"BreadcrumbList","@id":"https:\/\/cardinal-tapes.com\/pl\/ta\u015bmy-samoprzylepne\/jednostronne-tasmy-samoprzylepne\/tasma-maskujaca-3m-401e\/#breadcrumb","itemListElement":[{"@type":"ListItem","position":1,"name":"Startseite","item":"https:\/\/cardinal-tapes.com\/pl\/strona-glowna\/"},{"@type":"ListItem","position":2,"name":"Ta\u015bmy samoprzylepne","item":"https:\/\/cardinal-tapes.com\/pl\/tasmy-samoprzylepne-pl\/"},{"@type":"ListItem","position":3,"name":"Jednostronne ta\u015bmy samoprzylepne","item":"https:\/\/cardinal-tapes.com\/pl\/kategoria\/jednostronne-tasmy-samoprzylepne\/"},{"@type":"ListItem","position":4,"name":"Ta\u015bma maskuj\u0105ca 3M\u2122 401E"}]},{"@type":"WebSite","@id":"https:\/\/cardinal-tapes.com\/#website","url":"https:\/\/cardinal-tapes.com\/","name":"cardinal TAPES","description":"Klebetechnik aus Wuppertal","potentialAction":[{"@type":"SearchAction","target":{"@type":"EntryPoint","urlTemplate":"https:\/\/cardinal-tapes.com\/?s={search_term_string}"},"query-input":{"@type":"PropertyValueSpecification","valueRequired":true,"valueName":"search_term_string"}}],"inLanguage":"pl-PL"}]}},"brands":[{"id":2168,"name":"3M","slug":"3m-pl"}],"_links":{"self":[{"href":"https:\/\/cardinal-tapes.com\/pl\/wp-json\/wp\/v2\/product\/62885","targetHints":{"allow":["GET"]}}],"collection":[{"href":"https:\/\/cardinal-tapes.com\/pl\/wp-json\/wp\/v2\/product"}],"about":[{"href":"https:\/\/cardinal-tapes.com\/pl\/wp-json\/wp\/v2\/types\/product"}],"wp:featuredmedia":[{"embeddable":true,"href":"https:\/\/cardinal-tapes.com\/pl\/wp-json\/wp\/v2\/media\/24334"}],"wp:attachment":[{"href":"https:\/\/cardinal-tapes.com\/pl\/wp-json\/wp\/v2\/media?parent=62885"}],"wp:term":[{"taxonomy":"pwb-brand","embeddable":true,"href":"https:\/\/cardinal-tapes.com\/pl\/wp-json\/wp\/v2\/pwb-brand?post=62885"},{"taxonomy":"product_brand","embeddable":true,"href":"https:\/\/cardinal-tapes.com\/pl\/wp-json\/wp\/v2\/product_brand?post=62885"},{"taxonomy":"product_cat","embeddable":true,"href":"https:\/\/cardinal-tapes.com\/pl\/wp-json\/wp\/v2\/product_cat?post=62885"},{"taxonomy":"product_tag","embeddable":true,"href":"https:\/\/cardinal-tapes.com\/pl\/wp-json\/wp\/v2\/product_tag?post=62885"}],"curies":[{"name":"wp","href":"https:\/\/api.w.org\/{rel}","templated":true}]}}