{"id":62884,"date":"2017-12-08T08:58:18","date_gmt":"2023-06-06T08:20:50","guid":{"rendered":"https:\/\/cardinal.pixel-tal.de\/klebebaender\/bez-kategorii\/tasma-maskujaca-3m-201e\/"},"modified":"2023-06-06T10:20:50","modified_gmt":"2023-06-06T08:20:50","slug":"tasma-maskujaca-3m-201e","status":"publish","type":"product","link":"https:\/\/cardinal-tapes.com\/pl\/ta\u015bmy-samoprzylepne\/obszary-zastosowan\/tasma-papierowa\/tasma-maskujaca-3m-201e\/","title":{"rendered":"Ta\u015bma maskuj\u0105ca 3M\u2122 201E"},"content":{"rendered":"<p class=\"SNAPS--pdpTabDes\">Ta\u015bma maskuj\u0105ca 3M\u2122 201E jest ta\u015bm\u0105 samoprzylepn\u0105 przeznaczon\u0105 do og\u00f3lnego mocowania w temperaturach pokojowych. Podk\u0142ad z krepowanego papieru zapewnia p\u0142ynn\u0105 prac\u0119 krzywych. Pozwala to r\u00f3wnie\u017c na \u0142atw\u0105 obs\u0142ug\u0119 i odrywanie. Niemniej jednak, 3M\u2122 201E jest bardzo odporna na rozdarcia. Ponadto specjalny klej zapewnia dobr\u0105 natychmiastow\u0105 przyczepno\u015b\u0107 i skraca czas ewentualnej przer\u00f3bki. Tak wi\u0119c 3M\u2122 201E jest bardzo dobrym pomocnikiem w codziennych sytuacjach<\/p>\n<p><strong>W\u0142a\u015bciwo\u015bci<\/strong><br \/>\nTa\u015bma ta jest przeznaczona do og\u00f3lnych zastosowa\u0144 komercyjnych, w kt\u00f3rych wymagana jest pewna odporno\u015b\u0107 na temperatur\u0119 i wod\u0119. Ta\u015bma klej\u0105ca 201E charakteryzuje si\u0119 dobr\u0105 trwa\u0142o\u015bci\u0105 i \u0142atw\u0105 aplikacj\u0105.<\/p>\n<p><strong>Zastosowania<br \/>\n<\/strong>&#8211; Nadaje si\u0119 do og\u00f3lnych wst\u0119pnych prac malarskich<br \/>\n&#8211; Do pokrywania podczas uszczelniania po\u0142\u0105cze\u0144<br \/>\n&#8211; Do tymczasowego mocowania lub przytrzymywania<br \/>\n&#8211; Do nanoszenia etykiet<\/p>\n<p>&nbsp;<\/p>\n<p>&nbsp;<\/p>\n","protected":false},"excerpt":{"rendered":"<p>Ta\u015bma maskuj\u0105ca 3M\u2122 201E jest ta\u015bm\u0105 samoprzylepn\u0105 przeznaczon\u0105 do og\u00f3lnego mocowania w temperaturach pokojowych. Podk\u0142ad z krepowanego papieru zapewnia p\u0142ynn\u0105 prac\u0119 krzywych. Pozwala to r\u00f3wnie\u017c na \u0142atw\u0105 obs\u0142ug\u0119 i odrywanie. Niemniej jednak, 3M\u2122 201E jest bardzo odporna na rozdarcia. Ponadto specjalny klej zapewnia dobr\u0105 natychmiastow\u0105 przyczepno\u015b\u0107 i skraca czas ewentualnej przer\u00f3bki. Tak wi\u0119c 3M\u2122 201E [&hellip;]<\/p>\n","protected":false},"featured_media":24350,"template":"","meta":{"_acf_changed":false},"pwb-brand":[2168],"product_brand":[],"product_cat":[1786,1816],"product_tag":[],"class_list":{"0":"post-62884","1":"product","2":"type-product","3":"status-publish","4":"has-post-thumbnail","6":"pwb-brand-3m-pl","7":"product_cat-tasma-papierowa","8":"product_cat-jednostronne-tasmy-samoprzylepne","10":"first","11":"outofstock","12":"taxable","13":"shipping-taxable","14":"purchasable","15":"product-type-variable"},"acf":[],"yoast_head":"<!-- This site is optimized with the Yoast SEO plugin v27.3 - https:\/\/yoast.com\/product\/yoast-seo-wordpress\/ -->\n<title>Ta\u015bma maskuj\u0105ca 3M 201E zam\u00f3w teraz | Cardinal TAPES<\/title>\n<meta name=\"description\" content=\"Ta\u015bma maskuj\u0105ca 3M 201E sprawdzi\u0142a si\u0119 w cyklach suszenia do 80\u00b0C. Jest r\u00f3wnie\u017c niezwykle elastyczny. Dowiedz si\u0119 wi\u0119cej o 3M 201E tutaj.\" \/>\n<meta name=\"robots\" content=\"index, follow, max-snippet:-1, max-image-preview:large, max-video-preview:-1\" \/>\n<link rel=\"canonical\" href=\"https:\/\/cardinal-tapes.com\/pl\/ta\u015bmy-samoprzylepne\/tasma-papierowa\/tasma-maskujaca-3m-201e\/\" \/>\n<meta property=\"og:locale\" content=\"pl_PL\" \/>\n<meta property=\"og:type\" content=\"article\" \/>\n<meta property=\"og:title\" content=\"Ta\u015bma maskuj\u0105ca 3M 201E zam\u00f3w teraz | Cardinal TAPES\" \/>\n<meta property=\"og:description\" content=\"Ta\u015bma maskuj\u0105ca 3M 201E sprawdzi\u0142a si\u0119 w cyklach suszenia do 80\u00b0C. Jest r\u00f3wnie\u017c niezwykle elastyczny. Dowiedz si\u0119 wi\u0119cej o 3M 201E tutaj.\" \/>\n<meta property=\"og:url\" content=\"https:\/\/cardinal-tapes.com\/pl\/ta\u015bmy-samoprzylepne\/tasma-papierowa\/tasma-maskujaca-3m-201e\/\" \/>\n<meta property=\"og:site_name\" content=\"cardinal TAPES\" \/>\n<meta property=\"og:image\" content=\"https:\/\/cardinal-tapes.com\/wp-content\/uploads\/3m_kreppklebeband_201e.jpg\" \/>\n\t<meta property=\"og:image:width\" content=\"600\" \/>\n\t<meta property=\"og:image:height\" content=\"600\" \/>\n\t<meta property=\"og:image:type\" content=\"image\/jpeg\" \/>\n<meta name=\"twitter:card\" content=\"summary_large_image\" \/>\n<meta name=\"twitter:label1\" content=\"Szacowany czas czytania\" \/>\n\t<meta name=\"twitter:data1\" content=\"1 minuta\" \/>\n<script type=\"application\/ld+json\" class=\"yoast-schema-graph\">{\"@context\":\"https:\\\/\\\/schema.org\",\"@graph\":[{\"@type\":\"WebPage\",\"@id\":\"https:\\\/\\\/cardinal-tapes.com\\\/pl\\\/ta\u015bmy-samoprzylepne\\\/tasma-papierowa\\\/tasma-maskujaca-3m-201e\\\/\",\"url\":\"https:\\\/\\\/cardinal-tapes.com\\\/pl\\\/ta\u015bmy-samoprzylepne\\\/tasma-papierowa\\\/tasma-maskujaca-3m-201e\\\/\",\"name\":\"Ta\u015bma maskuj\u0105ca 3M 201E zam\u00f3w teraz | Cardinal TAPES\",\"isPartOf\":{\"@id\":\"https:\\\/\\\/cardinal-tapes.com\\\/#website\"},\"primaryImageOfPage\":{\"@id\":\"https:\\\/\\\/cardinal-tapes.com\\\/pl\\\/ta\u015bmy-samoprzylepne\\\/tasma-papierowa\\\/tasma-maskujaca-3m-201e\\\/#primaryimage\"},\"image\":{\"@id\":\"https:\\\/\\\/cardinal-tapes.com\\\/pl\\\/ta\u015bmy-samoprzylepne\\\/tasma-papierowa\\\/tasma-maskujaca-3m-201e\\\/#primaryimage\"},\"thumbnailUrl\":\"https:\\\/\\\/cardinal-tapes.com\\\/wp-content\\\/uploads\\\/3m_kreppklebeband_201e.jpg\",\"datePublished\":\"2023-06-06T08:20:50+00:00\",\"description\":\"Ta\u015bma maskuj\u0105ca 3M 201E sprawdzi\u0142a si\u0119 w cyklach suszenia do 80\u00b0C. Jest r\u00f3wnie\u017c niezwykle elastyczny. Dowiedz si\u0119 wi\u0119cej o 3M 201E tutaj.\",\"breadcrumb\":{\"@id\":\"https:\\\/\\\/cardinal-tapes.com\\\/pl\\\/ta\u015bmy-samoprzylepne\\\/tasma-papierowa\\\/tasma-maskujaca-3m-201e\\\/#breadcrumb\"},\"inLanguage\":\"pl-PL\",\"potentialAction\":[{\"@type\":\"ReadAction\",\"target\":[\"https:\\\/\\\/cardinal-tapes.com\\\/pl\\\/ta\u015bmy-samoprzylepne\\\/tasma-papierowa\\\/tasma-maskujaca-3m-201e\\\/\"]}]},{\"@type\":\"ImageObject\",\"inLanguage\":\"pl-PL\",\"@id\":\"https:\\\/\\\/cardinal-tapes.com\\\/pl\\\/ta\u015bmy-samoprzylepne\\\/tasma-papierowa\\\/tasma-maskujaca-3m-201e\\\/#primaryimage\",\"url\":\"https:\\\/\\\/cardinal-tapes.com\\\/wp-content\\\/uploads\\\/3m_kreppklebeband_201e.jpg\",\"contentUrl\":\"https:\\\/\\\/cardinal-tapes.com\\\/wp-content\\\/uploads\\\/3m_kreppklebeband_201e.jpg\",\"width\":600,\"height\":600,\"caption\":\"Ta\u015bma maskuj\u0105ca 3M 201e\"},{\"@type\":\"BreadcrumbList\",\"@id\":\"https:\\\/\\\/cardinal-tapes.com\\\/pl\\\/ta\u015bmy-samoprzylepne\\\/tasma-papierowa\\\/tasma-maskujaca-3m-201e\\\/#breadcrumb\",\"itemListElement\":[{\"@type\":\"ListItem\",\"position\":1,\"name\":\"Startseite\",\"item\":\"https:\\\/\\\/cardinal-tapes.com\\\/pl\\\/strona-glowna\\\/\"},{\"@type\":\"ListItem\",\"position\":2,\"name\":\"Ta\u015bmy samoprzylepne\",\"item\":\"https:\\\/\\\/cardinal-tapes.com\\\/pl\\\/tasmy-samoprzylepne-pl\\\/\"},{\"@type\":\"ListItem\",\"position\":3,\"name\":\"Ta\u015bma papierowa\",\"item\":\"https:\\\/\\\/cardinal-tapes.com\\\/pl\\\/kategoria\\\/tasma-papierowa\\\/\"},{\"@type\":\"ListItem\",\"position\":4,\"name\":\"Ta\u015bma maskuj\u0105ca 3M\u2122 201E\"}]},{\"@type\":\"WebSite\",\"@id\":\"https:\\\/\\\/cardinal-tapes.com\\\/#website\",\"url\":\"https:\\\/\\\/cardinal-tapes.com\\\/\",\"name\":\"cardinal TAPES\",\"description\":\"Klebetechnik aus Wuppertal\",\"potentialAction\":[{\"@type\":\"SearchAction\",\"target\":{\"@type\":\"EntryPoint\",\"urlTemplate\":\"https:\\\/\\\/cardinal-tapes.com\\\/?s={search_term_string}\"},\"query-input\":{\"@type\":\"PropertyValueSpecification\",\"valueRequired\":true,\"valueName\":\"search_term_string\"}}],\"inLanguage\":\"pl-PL\"}]}<\/script>\n<!-- \/ Yoast SEO plugin. -->","yoast_head_json":{"title":"Ta\u015bma maskuj\u0105ca 3M 201E zam\u00f3w teraz | Cardinal TAPES","description":"Ta\u015bma maskuj\u0105ca 3M 201E sprawdzi\u0142a si\u0119 w cyklach suszenia do 80\u00b0C. Jest r\u00f3wnie\u017c niezwykle elastyczny. Dowiedz si\u0119 wi\u0119cej o 3M 201E tutaj.","robots":{"index":"index","follow":"follow","max-snippet":"max-snippet:-1","max-image-preview":"max-image-preview:large","max-video-preview":"max-video-preview:-1"},"canonical":"https:\/\/cardinal-tapes.com\/pl\/ta\u015bmy-samoprzylepne\/tasma-papierowa\/tasma-maskujaca-3m-201e\/","og_locale":"pl_PL","og_type":"article","og_title":"Ta\u015bma maskuj\u0105ca 3M 201E zam\u00f3w teraz | Cardinal TAPES","og_description":"Ta\u015bma maskuj\u0105ca 3M 201E sprawdzi\u0142a si\u0119 w cyklach suszenia do 80\u00b0C. Jest r\u00f3wnie\u017c niezwykle elastyczny. Dowiedz si\u0119 wi\u0119cej o 3M 201E tutaj.","og_url":"https:\/\/cardinal-tapes.com\/pl\/ta\u015bmy-samoprzylepne\/tasma-papierowa\/tasma-maskujaca-3m-201e\/","og_site_name":"cardinal TAPES","og_image":[{"width":600,"height":600,"url":"https:\/\/cardinal-tapes.com\/wp-content\/uploads\/3m_kreppklebeband_201e.jpg","type":"image\/jpeg"}],"twitter_card":"summary_large_image","twitter_misc":{"Szacowany czas czytania":"1 minuta"},"schema":{"@context":"https:\/\/schema.org","@graph":[{"@type":"WebPage","@id":"https:\/\/cardinal-tapes.com\/pl\/ta\u015bmy-samoprzylepne\/tasma-papierowa\/tasma-maskujaca-3m-201e\/","url":"https:\/\/cardinal-tapes.com\/pl\/ta\u015bmy-samoprzylepne\/tasma-papierowa\/tasma-maskujaca-3m-201e\/","name":"Ta\u015bma maskuj\u0105ca 3M 201E zam\u00f3w teraz | Cardinal TAPES","isPartOf":{"@id":"https:\/\/cardinal-tapes.com\/#website"},"primaryImageOfPage":{"@id":"https:\/\/cardinal-tapes.com\/pl\/ta\u015bmy-samoprzylepne\/tasma-papierowa\/tasma-maskujaca-3m-201e\/#primaryimage"},"image":{"@id":"https:\/\/cardinal-tapes.com\/pl\/ta\u015bmy-samoprzylepne\/tasma-papierowa\/tasma-maskujaca-3m-201e\/#primaryimage"},"thumbnailUrl":"https:\/\/cardinal-tapes.com\/wp-content\/uploads\/3m_kreppklebeband_201e.jpg","datePublished":"2023-06-06T08:20:50+00:00","description":"Ta\u015bma maskuj\u0105ca 3M 201E sprawdzi\u0142a si\u0119 w cyklach suszenia do 80\u00b0C. Jest r\u00f3wnie\u017c niezwykle elastyczny. Dowiedz si\u0119 wi\u0119cej o 3M 201E tutaj.","breadcrumb":{"@id":"https:\/\/cardinal-tapes.com\/pl\/ta\u015bmy-samoprzylepne\/tasma-papierowa\/tasma-maskujaca-3m-201e\/#breadcrumb"},"inLanguage":"pl-PL","potentialAction":[{"@type":"ReadAction","target":["https:\/\/cardinal-tapes.com\/pl\/ta\u015bmy-samoprzylepne\/tasma-papierowa\/tasma-maskujaca-3m-201e\/"]}]},{"@type":"ImageObject","inLanguage":"pl-PL","@id":"https:\/\/cardinal-tapes.com\/pl\/ta\u015bmy-samoprzylepne\/tasma-papierowa\/tasma-maskujaca-3m-201e\/#primaryimage","url":"https:\/\/cardinal-tapes.com\/wp-content\/uploads\/3m_kreppklebeband_201e.jpg","contentUrl":"https:\/\/cardinal-tapes.com\/wp-content\/uploads\/3m_kreppklebeband_201e.jpg","width":600,"height":600,"caption":"Ta\u015bma maskuj\u0105ca 3M 201e"},{"@type":"BreadcrumbList","@id":"https:\/\/cardinal-tapes.com\/pl\/ta\u015bmy-samoprzylepne\/tasma-papierowa\/tasma-maskujaca-3m-201e\/#breadcrumb","itemListElement":[{"@type":"ListItem","position":1,"name":"Startseite","item":"https:\/\/cardinal-tapes.com\/pl\/strona-glowna\/"},{"@type":"ListItem","position":2,"name":"Ta\u015bmy samoprzylepne","item":"https:\/\/cardinal-tapes.com\/pl\/tasmy-samoprzylepne-pl\/"},{"@type":"ListItem","position":3,"name":"Ta\u015bma papierowa","item":"https:\/\/cardinal-tapes.com\/pl\/kategoria\/tasma-papierowa\/"},{"@type":"ListItem","position":4,"name":"Ta\u015bma maskuj\u0105ca 3M\u2122 201E"}]},{"@type":"WebSite","@id":"https:\/\/cardinal-tapes.com\/#website","url":"https:\/\/cardinal-tapes.com\/","name":"cardinal TAPES","description":"Klebetechnik aus Wuppertal","potentialAction":[{"@type":"SearchAction","target":{"@type":"EntryPoint","urlTemplate":"https:\/\/cardinal-tapes.com\/?s={search_term_string}"},"query-input":{"@type":"PropertyValueSpecification","valueRequired":true,"valueName":"search_term_string"}}],"inLanguage":"pl-PL"}]}},"brands":[{"id":2168,"name":"3M","slug":"3m-pl"}],"_links":{"self":[{"href":"https:\/\/cardinal-tapes.com\/pl\/wp-json\/wp\/v2\/product\/62884","targetHints":{"allow":["GET"]}}],"collection":[{"href":"https:\/\/cardinal-tapes.com\/pl\/wp-json\/wp\/v2\/product"}],"about":[{"href":"https:\/\/cardinal-tapes.com\/pl\/wp-json\/wp\/v2\/types\/product"}],"wp:featuredmedia":[{"embeddable":true,"href":"https:\/\/cardinal-tapes.com\/pl\/wp-json\/wp\/v2\/media\/24350"}],"wp:attachment":[{"href":"https:\/\/cardinal-tapes.com\/pl\/wp-json\/wp\/v2\/media?parent=62884"}],"wp:term":[{"taxonomy":"pwb-brand","embeddable":true,"href":"https:\/\/cardinal-tapes.com\/pl\/wp-json\/wp\/v2\/pwb-brand?post=62884"},{"taxonomy":"product_brand","embeddable":true,"href":"https:\/\/cardinal-tapes.com\/pl\/wp-json\/wp\/v2\/product_brand?post=62884"},{"taxonomy":"product_cat","embeddable":true,"href":"https:\/\/cardinal-tapes.com\/pl\/wp-json\/wp\/v2\/product_cat?post=62884"},{"taxonomy":"product_tag","embeddable":true,"href":"https:\/\/cardinal-tapes.com\/pl\/wp-json\/wp\/v2\/product_tag?post=62884"}],"curies":[{"name":"wp","href":"https:\/\/api.w.org\/{rel}","templated":true}]}}