{"id":62767,"date":"2017-12-08T09:06:20","date_gmt":"2023-06-06T08:20:47","guid":{"rendered":"https:\/\/cardinal.pixel-tal.de\/klebebaender\/bez-kategorii\/tasma-samoprzylepna-3m-1104\/"},"modified":"2025-07-03T16:24:49","modified_gmt":"2025-07-03T14:24:49","slug":"3m-tape-1104","status":"publish","type":"product","link":"https:\/\/cardinal-tapes.com\/pl\/ta\u015bmy-samoprzylepne\/obszary-zastosowan\/tasma-maskujaca-do-farb\/3m-tape-1104\/","title":{"rendered":"Ta\u015bma samoprzylepna 3M\u2122 1104"},"content":{"rendered":"<p>Ta\u015bma 3M\u2122 Scotch Tape 1104 jest u\u017cywana g\u0142\u00f3wnie na wra\u017cliwych materia\u0142ach, takich jak tytan, anodowany metal lub impregnowane drewno. W szczeg\u00f3lno\u015bci usuwanie bez pozosta\u0142o\u015bci umo\u017cliwia te specjalne obszary zastosowa\u0144. Jednocze\u015bnie ta\u015bma jest bardzo cienka i odporna na rozdarcia. Odporno\u015b\u0107 na temperatur\u0119 do 135 \u00b0C zapewnia r\u00f3wnie\u017c, \u017ce ta\u015bma Scotch mo\u017ce by\u0107 u\u017cywana w obszarach, w kt\u00f3rych panuj\u0105 wysokie temperatury.<\/p>\n<p><strong>W\u0142a\u015bciwo\u015bci<\/strong><br \/>\nTa\u015bma samoprzylepna 1104 charakteryzuje si\u0119 bardzo dobr\u0105 zgodno\u015bci\u0105 i odporno\u015bci\u0105 na rozpuszczalniki. Ponadto jest bardzo odporny na temperatur\u0119 i mo\u017cna go usun\u0105\u0107 bez pozostawiania \u015blad\u00f3w pomimo dobrej przyczepno\u015bci kleju.<\/p>\n<p><strong>Zastosowania<\/strong><br \/>\n&#8211; Nadaje si\u0119 do stosowania na wra\u017cliwych materia\u0142ach, takich jak anodowane\/anodowane metale, impregnowane drewno lub inne krytyczne powierzchnie<br \/>\n&#8211; Prace malarskie wszelkiego rodzaju<\/p>\n<p>&nbsp;<\/p>\n","protected":false},"excerpt":{"rendered":"<p>Ta\u015bma 3M\u2122 Scotch Tape 1104 jest u\u017cywana g\u0142\u00f3wnie na wra\u017cliwych materia\u0142ach, takich jak tytan, anodowany metal lub impregnowane drewno. W szczeg\u00f3lno\u015bci usuwanie bez pozosta\u0142o\u015bci umo\u017cliwia te specjalne obszary zastosowa\u0144. Jednocze\u015bnie ta\u015bma jest bardzo cienka i odporna na rozdarcia. Odporno\u015b\u0107 na temperatur\u0119 do 135 \u00b0C zapewnia r\u00f3wnie\u017c, \u017ce ta\u015bma Scotch mo\u017ce by\u0107 u\u017cywana w obszarach, w [&hellip;]<\/p>\n","protected":false},"featured_media":24474,"template":"","meta":{"_acf_changed":false},"pwb-brand":[2168],"product_brand":[],"product_cat":[1719,1816],"product_tag":[],"class_list":{"0":"post-62767","1":"product","2":"type-product","3":"status-publish","4":"has-post-thumbnail","6":"pwb-brand-3m-pl","7":"product_cat-tasma-maskujaca-do-farb","8":"product_cat-jednostronne-tasmy-samoprzylepne","10":"first","11":"instock","12":"taxable","13":"shipping-taxable","14":"purchasable","15":"product-type-variable"},"acf":[],"yoast_head":"<!-- This site is optimized with the Yoast SEO plugin v27.3 - https:\/\/yoast.com\/product\/yoast-seo-wordpress\/ -->\n<title>Ta\u015bma samoprzylepna 3M 1104 | Cardinal TAPES<\/title>\n<meta name=\"description\" content=\"Ta\u015bma Scotch 1104 jest u\u017cywana g\u0142\u00f3wnie na wra\u017cliwych materia\u0142ach, takich jak tytan, anodowany metal lub impregnowane drewno. Dowiedz si\u0119 wi\u0119cej.\" \/>\n<meta name=\"robots\" content=\"index, follow, max-snippet:-1, max-image-preview:large, max-video-preview:-1\" \/>\n<link rel=\"canonical\" href=\"https:\/\/cardinal-tapes.com\/pl\/ta\u015bmy-samoprzylepne\/obszary-zastosowan\/tasma-maskujaca-do-farb\/3m-tape-1104\/\" \/>\n<meta property=\"og:locale\" content=\"pl_PL\" \/>\n<meta property=\"og:type\" content=\"article\" \/>\n<meta property=\"og:title\" content=\"Ta\u015bma samoprzylepna 3M 1104 | Cardinal TAPES\" \/>\n<meta property=\"og:description\" content=\"Ta\u015bma Scotch 1104 jest u\u017cywana g\u0142\u00f3wnie na wra\u017cliwych materia\u0142ach, takich jak tytan, anodowany metal lub impregnowane drewno. Dowiedz si\u0119 wi\u0119cej.\" \/>\n<meta property=\"og:url\" content=\"https:\/\/cardinal-tapes.com\/pl\/ta\u015bmy-samoprzylepne\/obszary-zastosowan\/tasma-maskujaca-do-farb\/3m-tape-1104\/\" \/>\n<meta property=\"og:site_name\" content=\"cardinal TAPES\" \/>\n<meta property=\"article:modified_time\" content=\"2025-07-03T14:24:49+00:00\" \/>\n<meta property=\"og:image\" content=\"https:\/\/cardinal-tapes.com\/wp-content\/uploads\/3m_scotch_spezial_lackier_abdeckband_1104.jpg\" \/>\n\t<meta property=\"og:image:width\" content=\"600\" \/>\n\t<meta property=\"og:image:height\" content=\"600\" \/>\n\t<meta property=\"og:image:type\" content=\"image\/jpeg\" \/>\n<meta name=\"twitter:card\" content=\"summary_large_image\" \/>\n<meta name=\"twitter:label1\" content=\"Szacowany czas czytania\" \/>\n\t<meta name=\"twitter:data1\" content=\"1 minuta\" \/>\n<script type=\"application\/ld+json\" class=\"yoast-schema-graph\">{\"@context\":\"https:\\\/\\\/schema.org\",\"@graph\":[{\"@type\":\"WebPage\",\"@id\":\"https:\\\/\\\/cardinal-tapes.com\\\/pl\\\/ta\u015bmy-samoprzylepne\\\/obszary-zastosowan\\\/tasma-maskujaca-do-farb\\\/3m-tape-1104\\\/\",\"url\":\"https:\\\/\\\/cardinal-tapes.com\\\/pl\\\/ta\u015bmy-samoprzylepne\\\/obszary-zastosowan\\\/tasma-maskujaca-do-farb\\\/3m-tape-1104\\\/\",\"name\":\"Ta\u015bma samoprzylepna 3M 1104 | Cardinal TAPES\",\"isPartOf\":{\"@id\":\"https:\\\/\\\/cardinal-tapes.com\\\/#website\"},\"primaryImageOfPage\":{\"@id\":\"https:\\\/\\\/cardinal-tapes.com\\\/pl\\\/ta\u015bmy-samoprzylepne\\\/obszary-zastosowan\\\/tasma-maskujaca-do-farb\\\/3m-tape-1104\\\/#primaryimage\"},\"image\":{\"@id\":\"https:\\\/\\\/cardinal-tapes.com\\\/pl\\\/ta\u015bmy-samoprzylepne\\\/obszary-zastosowan\\\/tasma-maskujaca-do-farb\\\/3m-tape-1104\\\/#primaryimage\"},\"thumbnailUrl\":\"https:\\\/\\\/cardinal-tapes.com\\\/wp-content\\\/uploads\\\/3m_scotch_spezial_lackier_abdeckband_1104.jpg\",\"datePublished\":\"2023-06-06T08:20:47+00:00\",\"dateModified\":\"2025-07-03T14:24:49+00:00\",\"description\":\"Ta\u015bma Scotch 1104 jest u\u017cywana g\u0142\u00f3wnie na wra\u017cliwych materia\u0142ach, takich jak tytan, anodowany metal lub impregnowane drewno. Dowiedz si\u0119 wi\u0119cej.\",\"breadcrumb\":{\"@id\":\"https:\\\/\\\/cardinal-tapes.com\\\/pl\\\/ta\u015bmy-samoprzylepne\\\/obszary-zastosowan\\\/tasma-maskujaca-do-farb\\\/3m-tape-1104\\\/#breadcrumb\"},\"inLanguage\":\"pl-PL\",\"potentialAction\":[{\"@type\":\"ReadAction\",\"target\":[\"https:\\\/\\\/cardinal-tapes.com\\\/pl\\\/ta\u015bmy-samoprzylepne\\\/obszary-zastosowan\\\/tasma-maskujaca-do-farb\\\/3m-tape-1104\\\/\"]}]},{\"@type\":\"ImageObject\",\"inLanguage\":\"pl-PL\",\"@id\":\"https:\\\/\\\/cardinal-tapes.com\\\/pl\\\/ta\u015bmy-samoprzylepne\\\/obszary-zastosowan\\\/tasma-maskujaca-do-farb\\\/3m-tape-1104\\\/#primaryimage\",\"url\":\"https:\\\/\\\/cardinal-tapes.com\\\/wp-content\\\/uploads\\\/3m_scotch_spezial_lackier_abdeckband_1104.jpg\",\"contentUrl\":\"https:\\\/\\\/cardinal-tapes.com\\\/wp-content\\\/uploads\\\/3m_scotch_spezial_lackier_abdeckband_1104.jpg\",\"width\":600,\"height\":600,\"caption\":\"Ta\u015bma maskuj\u0105ca 3M Scotch\"},{\"@type\":\"BreadcrumbList\",\"@id\":\"https:\\\/\\\/cardinal-tapes.com\\\/pl\\\/ta\u015bmy-samoprzylepne\\\/obszary-zastosowan\\\/tasma-maskujaca-do-farb\\\/3m-tape-1104\\\/#breadcrumb\",\"itemListElement\":[{\"@type\":\"ListItem\",\"position\":1,\"name\":\"Startseite\",\"item\":\"https:\\\/\\\/cardinal-tapes.com\\\/pl\\\/strona-glowna\\\/\"},{\"@type\":\"ListItem\",\"position\":2,\"name\":\"Ta\u015bmy samoprzylepne\",\"item\":\"https:\\\/\\\/cardinal-tapes.com\\\/pl\\\/tasmy-samoprzylepne-pl\\\/\"},{\"@type\":\"ListItem\",\"position\":3,\"name\":\"Obszary zastosowa\u0144\",\"item\":\"https:\\\/\\\/cardinal-tapes.com\\\/pl\\\/kategoria\\\/obszary-zastosowan\\\/\"},{\"@type\":\"ListItem\",\"position\":4,\"name\":\"Ta\u015bma maskuj\u0105ca do farb\",\"item\":\"https:\\\/\\\/cardinal-tapes.com\\\/pl\\\/kategoria\\\/tasma-maskujaca-do-farb\\\/\"},{\"@type\":\"ListItem\",\"position\":5,\"name\":\"Ta\u015bma samoprzylepna 3M\u2122 1104\"}]},{\"@type\":\"WebSite\",\"@id\":\"https:\\\/\\\/cardinal-tapes.com\\\/#website\",\"url\":\"https:\\\/\\\/cardinal-tapes.com\\\/\",\"name\":\"cardinal TAPES\",\"description\":\"Klebetechnik aus Wuppertal\",\"potentialAction\":[{\"@type\":\"SearchAction\",\"target\":{\"@type\":\"EntryPoint\",\"urlTemplate\":\"https:\\\/\\\/cardinal-tapes.com\\\/?s={search_term_string}\"},\"query-input\":{\"@type\":\"PropertyValueSpecification\",\"valueRequired\":true,\"valueName\":\"search_term_string\"}}],\"inLanguage\":\"pl-PL\"}]}<\/script>\n<!-- \/ Yoast SEO plugin. -->","yoast_head_json":{"title":"Ta\u015bma samoprzylepna 3M 1104 | Cardinal TAPES","description":"Ta\u015bma Scotch 1104 jest u\u017cywana g\u0142\u00f3wnie na wra\u017cliwych materia\u0142ach, takich jak tytan, anodowany metal lub impregnowane drewno. Dowiedz si\u0119 wi\u0119cej.","robots":{"index":"index","follow":"follow","max-snippet":"max-snippet:-1","max-image-preview":"max-image-preview:large","max-video-preview":"max-video-preview:-1"},"canonical":"https:\/\/cardinal-tapes.com\/pl\/ta\u015bmy-samoprzylepne\/obszary-zastosowan\/tasma-maskujaca-do-farb\/3m-tape-1104\/","og_locale":"pl_PL","og_type":"article","og_title":"Ta\u015bma samoprzylepna 3M 1104 | Cardinal TAPES","og_description":"Ta\u015bma Scotch 1104 jest u\u017cywana g\u0142\u00f3wnie na wra\u017cliwych materia\u0142ach, takich jak tytan, anodowany metal lub impregnowane drewno. Dowiedz si\u0119 wi\u0119cej.","og_url":"https:\/\/cardinal-tapes.com\/pl\/ta\u015bmy-samoprzylepne\/obszary-zastosowan\/tasma-maskujaca-do-farb\/3m-tape-1104\/","og_site_name":"cardinal TAPES","article_modified_time":"2025-07-03T14:24:49+00:00","og_image":[{"width":600,"height":600,"url":"https:\/\/cardinal-tapes.com\/wp-content\/uploads\/3m_scotch_spezial_lackier_abdeckband_1104.jpg","type":"image\/jpeg"}],"twitter_card":"summary_large_image","twitter_misc":{"Szacowany czas czytania":"1 minuta"},"schema":{"@context":"https:\/\/schema.org","@graph":[{"@type":"WebPage","@id":"https:\/\/cardinal-tapes.com\/pl\/ta\u015bmy-samoprzylepne\/obszary-zastosowan\/tasma-maskujaca-do-farb\/3m-tape-1104\/","url":"https:\/\/cardinal-tapes.com\/pl\/ta\u015bmy-samoprzylepne\/obszary-zastosowan\/tasma-maskujaca-do-farb\/3m-tape-1104\/","name":"Ta\u015bma samoprzylepna 3M 1104 | Cardinal TAPES","isPartOf":{"@id":"https:\/\/cardinal-tapes.com\/#website"},"primaryImageOfPage":{"@id":"https:\/\/cardinal-tapes.com\/pl\/ta\u015bmy-samoprzylepne\/obszary-zastosowan\/tasma-maskujaca-do-farb\/3m-tape-1104\/#primaryimage"},"image":{"@id":"https:\/\/cardinal-tapes.com\/pl\/ta\u015bmy-samoprzylepne\/obszary-zastosowan\/tasma-maskujaca-do-farb\/3m-tape-1104\/#primaryimage"},"thumbnailUrl":"https:\/\/cardinal-tapes.com\/wp-content\/uploads\/3m_scotch_spezial_lackier_abdeckband_1104.jpg","datePublished":"2023-06-06T08:20:47+00:00","dateModified":"2025-07-03T14:24:49+00:00","description":"Ta\u015bma Scotch 1104 jest u\u017cywana g\u0142\u00f3wnie na wra\u017cliwych materia\u0142ach, takich jak tytan, anodowany metal lub impregnowane drewno. Dowiedz si\u0119 wi\u0119cej.","breadcrumb":{"@id":"https:\/\/cardinal-tapes.com\/pl\/ta\u015bmy-samoprzylepne\/obszary-zastosowan\/tasma-maskujaca-do-farb\/3m-tape-1104\/#breadcrumb"},"inLanguage":"pl-PL","potentialAction":[{"@type":"ReadAction","target":["https:\/\/cardinal-tapes.com\/pl\/ta\u015bmy-samoprzylepne\/obszary-zastosowan\/tasma-maskujaca-do-farb\/3m-tape-1104\/"]}]},{"@type":"ImageObject","inLanguage":"pl-PL","@id":"https:\/\/cardinal-tapes.com\/pl\/ta\u015bmy-samoprzylepne\/obszary-zastosowan\/tasma-maskujaca-do-farb\/3m-tape-1104\/#primaryimage","url":"https:\/\/cardinal-tapes.com\/wp-content\/uploads\/3m_scotch_spezial_lackier_abdeckband_1104.jpg","contentUrl":"https:\/\/cardinal-tapes.com\/wp-content\/uploads\/3m_scotch_spezial_lackier_abdeckband_1104.jpg","width":600,"height":600,"caption":"Ta\u015bma maskuj\u0105ca 3M Scotch"},{"@type":"BreadcrumbList","@id":"https:\/\/cardinal-tapes.com\/pl\/ta\u015bmy-samoprzylepne\/obszary-zastosowan\/tasma-maskujaca-do-farb\/3m-tape-1104\/#breadcrumb","itemListElement":[{"@type":"ListItem","position":1,"name":"Startseite","item":"https:\/\/cardinal-tapes.com\/pl\/strona-glowna\/"},{"@type":"ListItem","position":2,"name":"Ta\u015bmy samoprzylepne","item":"https:\/\/cardinal-tapes.com\/pl\/tasmy-samoprzylepne-pl\/"},{"@type":"ListItem","position":3,"name":"Obszary zastosowa\u0144","item":"https:\/\/cardinal-tapes.com\/pl\/kategoria\/obszary-zastosowan\/"},{"@type":"ListItem","position":4,"name":"Ta\u015bma maskuj\u0105ca do farb","item":"https:\/\/cardinal-tapes.com\/pl\/kategoria\/tasma-maskujaca-do-farb\/"},{"@type":"ListItem","position":5,"name":"Ta\u015bma samoprzylepna 3M\u2122 1104"}]},{"@type":"WebSite","@id":"https:\/\/cardinal-tapes.com\/#website","url":"https:\/\/cardinal-tapes.com\/","name":"cardinal TAPES","description":"Klebetechnik aus Wuppertal","potentialAction":[{"@type":"SearchAction","target":{"@type":"EntryPoint","urlTemplate":"https:\/\/cardinal-tapes.com\/?s={search_term_string}"},"query-input":{"@type":"PropertyValueSpecification","valueRequired":true,"valueName":"search_term_string"}}],"inLanguage":"pl-PL"}]}},"brands":[{"id":2168,"name":"3M","slug":"3m-pl"}],"_links":{"self":[{"href":"https:\/\/cardinal-tapes.com\/pl\/wp-json\/wp\/v2\/product\/62767","targetHints":{"allow":["GET"]}}],"collection":[{"href":"https:\/\/cardinal-tapes.com\/pl\/wp-json\/wp\/v2\/product"}],"about":[{"href":"https:\/\/cardinal-tapes.com\/pl\/wp-json\/wp\/v2\/types\/product"}],"wp:featuredmedia":[{"embeddable":true,"href":"https:\/\/cardinal-tapes.com\/pl\/wp-json\/wp\/v2\/media\/24474"}],"wp:attachment":[{"href":"https:\/\/cardinal-tapes.com\/pl\/wp-json\/wp\/v2\/media?parent=62767"}],"wp:term":[{"taxonomy":"pwb-brand","embeddable":true,"href":"https:\/\/cardinal-tapes.com\/pl\/wp-json\/wp\/v2\/pwb-brand?post=62767"},{"taxonomy":"product_brand","embeddable":true,"href":"https:\/\/cardinal-tapes.com\/pl\/wp-json\/wp\/v2\/product_brand?post=62767"},{"taxonomy":"product_cat","embeddable":true,"href":"https:\/\/cardinal-tapes.com\/pl\/wp-json\/wp\/v2\/product_cat?post=62767"},{"taxonomy":"product_tag","embeddable":true,"href":"https:\/\/cardinal-tapes.com\/pl\/wp-json\/wp\/v2\/product_tag?post=62767"}],"curies":[{"name":"wp","href":"https:\/\/api.w.org\/{rel}","templated":true}]}}