{"id":62766,"date":"2017-12-08T09:01:32","date_gmt":"2023-06-06T08:20:47","guid":{"rendered":"https:\/\/cardinal.pixel-tal.de\/klebebaender\/bez-kategorii\/tasma-maskujaca-3m-scotch-244\/"},"modified":"2025-07-03T16:22:08","modified_gmt":"2025-07-03T14:22:08","slug":"tasma-maskujaca-3m-244","status":"publish","type":"product","link":"https:\/\/cardinal-tapes.com\/pl\/ta\u015bmy-samoprzylepne\/jednostronne-tasmy-samoprzylepne\/tasma-maskujaca-3m-244\/","title":{"rendered":"Ta\u015bma maskuj\u0105ca 3M\u2122 Scotch\u00ae 244"},"content":{"rendered":"<p>Ta\u015bma maskuj\u0105ca 3M\u2122 244 Scotch\u00ae to specjalna ta\u015bma maskuj\u0105ca w kolorze z\u0142otym z cienkim podk\u0142adem papierowym. Ze wzgl\u0119du na swoje optymalne w\u0142a\u015bciwo\u015bci w \u015bwietle s\u0142onecznym, ta\u015bma maskuj\u0105ca jest u\u017cywana g\u0142\u00f3wnie do profesjonalnych prac maskuj\u0105cych wewn\u0105trz i na zewn\u0105trz budynk\u00f3w. Ponadto ta\u015bma maskuj\u0105ca 3M\u2122 244 Scotch\u00ae jest szczeg\u00f3lnie \u0142atwa w u\u017cyciu i wysoce odporna na wiele czynnik\u00f3w \u015brodowiskowych, dzi\u0119ki czemu nadaje si\u0119 do szerokiego zakresu zastosowa\u0144.<\/p>\n<p><strong>W\u0142a\u015bciwo\u015bci<\/strong><br \/>\nTa\u015bma samoprzylepna 244 jest odporna na przenoszenie kleju i temperatury do 100 \u00b0C. Jest r\u00f3wnie\u017c odporny na warunki atmosferyczne, promieniowanie UV, wod\u0119 i \u015bwiat\u0142o s\u0142oneczne.<\/p>\n<p><strong>Zastosowania<br \/>\n<\/strong>&#8211; Malowanie i lakierowanie na zewn\u0105trz<br \/>\n&#8211; Maskowanie przed malowaniem w budownictwie<br \/>\n&#8211; Malowanie w konstrukcjach metalowych, szczeg\u00f3lnie w przypadku delikatnych powierzchni<br \/>\n&#8211; Maskowanie podczas uszczelniania po\u0142\u0105cze\u0144<\/p>\n","protected":false},"excerpt":{"rendered":"<p>Ta\u015bma maskuj\u0105ca 3M\u2122 244 Scotch\u00ae to specjalna ta\u015bma maskuj\u0105ca w kolorze z\u0142otym z cienkim podk\u0142adem papierowym. Ze wzgl\u0119du na swoje optymalne w\u0142a\u015bciwo\u015bci w \u015bwietle s\u0142onecznym, ta\u015bma maskuj\u0105ca jest u\u017cywana g\u0142\u00f3wnie do profesjonalnych prac maskuj\u0105cych wewn\u0105trz i na zewn\u0105trz budynk\u00f3w. Ponadto ta\u015bma maskuj\u0105ca 3M\u2122 244 Scotch\u00ae jest szczeg\u00f3lnie \u0142atwa w u\u017cyciu i wysoce odporna na wiele [&hellip;]<\/p>\n","protected":false},"featured_media":24342,"template":"","meta":{"_acf_changed":false},"pwb-brand":[2168],"product_brand":[],"product_cat":[1816],"product_tag":[],"class_list":{"0":"post-62766","1":"product","2":"type-product","3":"status-publish","4":"has-post-thumbnail","6":"pwb-brand-3m-pl","7":"product_cat-jednostronne-tasmy-samoprzylepne","9":"first","10":"instock","11":"taxable","12":"shipping-taxable","13":"purchasable","14":"product-type-variable"},"acf":[],"yoast_head":"<!-- This site is optimized with the Yoast SEO plugin v27.3 - https:\/\/yoast.com\/product\/yoast-seo-wordpress\/ -->\n<title>Ta\u015bma maskuj\u0105ca 3M 244 dla najlepszych rezultat\u00f3w | Cardinal TAPES<\/title>\n<meta name=\"description\" content=\"Ta\u015bma maskuj\u0105ca 3M\u2122 244 Scotch\u00ae to specjalna ta\u015bma maskuj\u0105ca w kolorze z\u0142otym z cienkim podk\u0142adem papierowym.\" \/>\n<meta name=\"robots\" content=\"index, follow, max-snippet:-1, max-image-preview:large, max-video-preview:-1\" \/>\n<link rel=\"canonical\" href=\"https:\/\/cardinal-tapes.com\/pl\/ta\u015bmy-samoprzylepne\/jednostronne-tasmy-samoprzylepne\/tasma-maskujaca-3m-244\/\" \/>\n<meta property=\"og:locale\" content=\"pl_PL\" \/>\n<meta property=\"og:type\" content=\"article\" \/>\n<meta property=\"og:title\" content=\"Ta\u015bma maskuj\u0105ca 3M 244 dla najlepszych rezultat\u00f3w | Cardinal TAPES\" \/>\n<meta property=\"og:description\" content=\"Ta\u015bma maskuj\u0105ca 3M\u2122 244 Scotch\u00ae to specjalna ta\u015bma maskuj\u0105ca w kolorze z\u0142otym z cienkim podk\u0142adem papierowym.\" \/>\n<meta property=\"og:url\" content=\"https:\/\/cardinal-tapes.com\/pl\/ta\u015bmy-samoprzylepne\/jednostronne-tasmy-samoprzylepne\/tasma-maskujaca-3m-244\/\" \/>\n<meta property=\"og:site_name\" content=\"cardinal TAPES\" \/>\n<meta property=\"article:modified_time\" content=\"2025-07-03T14:22:08+00:00\" \/>\n<meta property=\"og:image\" content=\"https:\/\/cardinal-tapes.com\/wp-content\/uploads\/3m_super_maler_abdeckband_244.jpg\" \/>\n\t<meta property=\"og:image:width\" content=\"600\" \/>\n\t<meta property=\"og:image:height\" content=\"600\" \/>\n\t<meta property=\"og:image:type\" content=\"image\/jpeg\" \/>\n<meta name=\"twitter:card\" content=\"summary_large_image\" \/>\n<meta name=\"twitter:label1\" content=\"Szacowany czas czytania\" \/>\n\t<meta name=\"twitter:data1\" content=\"1 minuta\" \/>\n<script type=\"application\/ld+json\" class=\"yoast-schema-graph\">{\"@context\":\"https:\\\/\\\/schema.org\",\"@graph\":[{\"@type\":\"WebPage\",\"@id\":\"https:\\\/\\\/cardinal-tapes.com\\\/pl\\\/ta\u015bmy-samoprzylepne\\\/jednostronne-tasmy-samoprzylepne\\\/tasma-maskujaca-3m-244\\\/\",\"url\":\"https:\\\/\\\/cardinal-tapes.com\\\/pl\\\/ta\u015bmy-samoprzylepne\\\/jednostronne-tasmy-samoprzylepne\\\/tasma-maskujaca-3m-244\\\/\",\"name\":\"Ta\u015bma maskuj\u0105ca 3M 244 dla najlepszych rezultat\u00f3w | Cardinal TAPES\",\"isPartOf\":{\"@id\":\"https:\\\/\\\/cardinal-tapes.com\\\/#website\"},\"primaryImageOfPage\":{\"@id\":\"https:\\\/\\\/cardinal-tapes.com\\\/pl\\\/ta\u015bmy-samoprzylepne\\\/jednostronne-tasmy-samoprzylepne\\\/tasma-maskujaca-3m-244\\\/#primaryimage\"},\"image\":{\"@id\":\"https:\\\/\\\/cardinal-tapes.com\\\/pl\\\/ta\u015bmy-samoprzylepne\\\/jednostronne-tasmy-samoprzylepne\\\/tasma-maskujaca-3m-244\\\/#primaryimage\"},\"thumbnailUrl\":\"https:\\\/\\\/cardinal-tapes.com\\\/wp-content\\\/uploads\\\/3m_super_maler_abdeckband_244.jpg\",\"datePublished\":\"2023-06-06T08:20:47+00:00\",\"dateModified\":\"2025-07-03T14:22:08+00:00\",\"description\":\"Ta\u015bma maskuj\u0105ca 3M\u2122 244 Scotch\u00ae to specjalna ta\u015bma maskuj\u0105ca w kolorze z\u0142otym z cienkim podk\u0142adem papierowym.\",\"breadcrumb\":{\"@id\":\"https:\\\/\\\/cardinal-tapes.com\\\/pl\\\/ta\u015bmy-samoprzylepne\\\/jednostronne-tasmy-samoprzylepne\\\/tasma-maskujaca-3m-244\\\/#breadcrumb\"},\"inLanguage\":\"pl-PL\",\"potentialAction\":[{\"@type\":\"ReadAction\",\"target\":[\"https:\\\/\\\/cardinal-tapes.com\\\/pl\\\/ta\u015bmy-samoprzylepne\\\/jednostronne-tasmy-samoprzylepne\\\/tasma-maskujaca-3m-244\\\/\"]}]},{\"@type\":\"ImageObject\",\"inLanguage\":\"pl-PL\",\"@id\":\"https:\\\/\\\/cardinal-tapes.com\\\/pl\\\/ta\u015bmy-samoprzylepne\\\/jednostronne-tasmy-samoprzylepne\\\/tasma-maskujaca-3m-244\\\/#primaryimage\",\"url\":\"https:\\\/\\\/cardinal-tapes.com\\\/wp-content\\\/uploads\\\/3m_super_maler_abdeckband_244.jpg\",\"contentUrl\":\"https:\\\/\\\/cardinal-tapes.com\\\/wp-content\\\/uploads\\\/3m_super_maler_abdeckband_244.jpg\",\"width\":600,\"height\":600,\"caption\":\"Ta\u015bma maskuj\u0105ca 3M 244\"},{\"@type\":\"BreadcrumbList\",\"@id\":\"https:\\\/\\\/cardinal-tapes.com\\\/pl\\\/ta\u015bmy-samoprzylepne\\\/jednostronne-tasmy-samoprzylepne\\\/tasma-maskujaca-3m-244\\\/#breadcrumb\",\"itemListElement\":[{\"@type\":\"ListItem\",\"position\":1,\"name\":\"Startseite\",\"item\":\"https:\\\/\\\/cardinal-tapes.com\\\/pl\\\/strona-glowna\\\/\"},{\"@type\":\"ListItem\",\"position\":2,\"name\":\"Ta\u015bmy samoprzylepne\",\"item\":\"https:\\\/\\\/cardinal-tapes.com\\\/pl\\\/tasmy-samoprzylepne-pl\\\/\"},{\"@type\":\"ListItem\",\"position\":3,\"name\":\"Jednostronne ta\u015bmy samoprzylepne\",\"item\":\"https:\\\/\\\/cardinal-tapes.com\\\/pl\\\/kategoria\\\/jednostronne-tasmy-samoprzylepne\\\/\"},{\"@type\":\"ListItem\",\"position\":4,\"name\":\"Ta\u015bma maskuj\u0105ca 3M\u2122 Scotch\u00ae 244\"}]},{\"@type\":\"WebSite\",\"@id\":\"https:\\\/\\\/cardinal-tapes.com\\\/#website\",\"url\":\"https:\\\/\\\/cardinal-tapes.com\\\/\",\"name\":\"cardinal TAPES\",\"description\":\"Klebetechnik aus Wuppertal\",\"potentialAction\":[{\"@type\":\"SearchAction\",\"target\":{\"@type\":\"EntryPoint\",\"urlTemplate\":\"https:\\\/\\\/cardinal-tapes.com\\\/?s={search_term_string}\"},\"query-input\":{\"@type\":\"PropertyValueSpecification\",\"valueRequired\":true,\"valueName\":\"search_term_string\"}}],\"inLanguage\":\"pl-PL\"}]}<\/script>\n<!-- \/ Yoast SEO plugin. -->","yoast_head_json":{"title":"Ta\u015bma maskuj\u0105ca 3M 244 dla najlepszych rezultat\u00f3w | Cardinal TAPES","description":"Ta\u015bma maskuj\u0105ca 3M\u2122 244 Scotch\u00ae to specjalna ta\u015bma maskuj\u0105ca w kolorze z\u0142otym z cienkim podk\u0142adem papierowym.","robots":{"index":"index","follow":"follow","max-snippet":"max-snippet:-1","max-image-preview":"max-image-preview:large","max-video-preview":"max-video-preview:-1"},"canonical":"https:\/\/cardinal-tapes.com\/pl\/ta\u015bmy-samoprzylepne\/jednostronne-tasmy-samoprzylepne\/tasma-maskujaca-3m-244\/","og_locale":"pl_PL","og_type":"article","og_title":"Ta\u015bma maskuj\u0105ca 3M 244 dla najlepszych rezultat\u00f3w | Cardinal TAPES","og_description":"Ta\u015bma maskuj\u0105ca 3M\u2122 244 Scotch\u00ae to specjalna ta\u015bma maskuj\u0105ca w kolorze z\u0142otym z cienkim podk\u0142adem papierowym.","og_url":"https:\/\/cardinal-tapes.com\/pl\/ta\u015bmy-samoprzylepne\/jednostronne-tasmy-samoprzylepne\/tasma-maskujaca-3m-244\/","og_site_name":"cardinal TAPES","article_modified_time":"2025-07-03T14:22:08+00:00","og_image":[{"width":600,"height":600,"url":"https:\/\/cardinal-tapes.com\/wp-content\/uploads\/3m_super_maler_abdeckband_244.jpg","type":"image\/jpeg"}],"twitter_card":"summary_large_image","twitter_misc":{"Szacowany czas czytania":"1 minuta"},"schema":{"@context":"https:\/\/schema.org","@graph":[{"@type":"WebPage","@id":"https:\/\/cardinal-tapes.com\/pl\/ta\u015bmy-samoprzylepne\/jednostronne-tasmy-samoprzylepne\/tasma-maskujaca-3m-244\/","url":"https:\/\/cardinal-tapes.com\/pl\/ta\u015bmy-samoprzylepne\/jednostronne-tasmy-samoprzylepne\/tasma-maskujaca-3m-244\/","name":"Ta\u015bma maskuj\u0105ca 3M 244 dla najlepszych rezultat\u00f3w | Cardinal TAPES","isPartOf":{"@id":"https:\/\/cardinal-tapes.com\/#website"},"primaryImageOfPage":{"@id":"https:\/\/cardinal-tapes.com\/pl\/ta\u015bmy-samoprzylepne\/jednostronne-tasmy-samoprzylepne\/tasma-maskujaca-3m-244\/#primaryimage"},"image":{"@id":"https:\/\/cardinal-tapes.com\/pl\/ta\u015bmy-samoprzylepne\/jednostronne-tasmy-samoprzylepne\/tasma-maskujaca-3m-244\/#primaryimage"},"thumbnailUrl":"https:\/\/cardinal-tapes.com\/wp-content\/uploads\/3m_super_maler_abdeckband_244.jpg","datePublished":"2023-06-06T08:20:47+00:00","dateModified":"2025-07-03T14:22:08+00:00","description":"Ta\u015bma maskuj\u0105ca 3M\u2122 244 Scotch\u00ae to specjalna ta\u015bma maskuj\u0105ca w kolorze z\u0142otym z cienkim podk\u0142adem papierowym.","breadcrumb":{"@id":"https:\/\/cardinal-tapes.com\/pl\/ta\u015bmy-samoprzylepne\/jednostronne-tasmy-samoprzylepne\/tasma-maskujaca-3m-244\/#breadcrumb"},"inLanguage":"pl-PL","potentialAction":[{"@type":"ReadAction","target":["https:\/\/cardinal-tapes.com\/pl\/ta\u015bmy-samoprzylepne\/jednostronne-tasmy-samoprzylepne\/tasma-maskujaca-3m-244\/"]}]},{"@type":"ImageObject","inLanguage":"pl-PL","@id":"https:\/\/cardinal-tapes.com\/pl\/ta\u015bmy-samoprzylepne\/jednostronne-tasmy-samoprzylepne\/tasma-maskujaca-3m-244\/#primaryimage","url":"https:\/\/cardinal-tapes.com\/wp-content\/uploads\/3m_super_maler_abdeckband_244.jpg","contentUrl":"https:\/\/cardinal-tapes.com\/wp-content\/uploads\/3m_super_maler_abdeckband_244.jpg","width":600,"height":600,"caption":"Ta\u015bma maskuj\u0105ca 3M 244"},{"@type":"BreadcrumbList","@id":"https:\/\/cardinal-tapes.com\/pl\/ta\u015bmy-samoprzylepne\/jednostronne-tasmy-samoprzylepne\/tasma-maskujaca-3m-244\/#breadcrumb","itemListElement":[{"@type":"ListItem","position":1,"name":"Startseite","item":"https:\/\/cardinal-tapes.com\/pl\/strona-glowna\/"},{"@type":"ListItem","position":2,"name":"Ta\u015bmy samoprzylepne","item":"https:\/\/cardinal-tapes.com\/pl\/tasmy-samoprzylepne-pl\/"},{"@type":"ListItem","position":3,"name":"Jednostronne ta\u015bmy samoprzylepne","item":"https:\/\/cardinal-tapes.com\/pl\/kategoria\/jednostronne-tasmy-samoprzylepne\/"},{"@type":"ListItem","position":4,"name":"Ta\u015bma maskuj\u0105ca 3M\u2122 Scotch\u00ae 244"}]},{"@type":"WebSite","@id":"https:\/\/cardinal-tapes.com\/#website","url":"https:\/\/cardinal-tapes.com\/","name":"cardinal TAPES","description":"Klebetechnik aus Wuppertal","potentialAction":[{"@type":"SearchAction","target":{"@type":"EntryPoint","urlTemplate":"https:\/\/cardinal-tapes.com\/?s={search_term_string}"},"query-input":{"@type":"PropertyValueSpecification","valueRequired":true,"valueName":"search_term_string"}}],"inLanguage":"pl-PL"}]}},"brands":[{"id":2168,"name":"3M","slug":"3m-pl"}],"_links":{"self":[{"href":"https:\/\/cardinal-tapes.com\/pl\/wp-json\/wp\/v2\/product\/62766","targetHints":{"allow":["GET"]}}],"collection":[{"href":"https:\/\/cardinal-tapes.com\/pl\/wp-json\/wp\/v2\/product"}],"about":[{"href":"https:\/\/cardinal-tapes.com\/pl\/wp-json\/wp\/v2\/types\/product"}],"wp:featuredmedia":[{"embeddable":true,"href":"https:\/\/cardinal-tapes.com\/pl\/wp-json\/wp\/v2\/media\/24342"}],"wp:attachment":[{"href":"https:\/\/cardinal-tapes.com\/pl\/wp-json\/wp\/v2\/media?parent=62766"}],"wp:term":[{"taxonomy":"pwb-brand","embeddable":true,"href":"https:\/\/cardinal-tapes.com\/pl\/wp-json\/wp\/v2\/pwb-brand?post=62766"},{"taxonomy":"product_brand","embeddable":true,"href":"https:\/\/cardinal-tapes.com\/pl\/wp-json\/wp\/v2\/product_brand?post=62766"},{"taxonomy":"product_cat","embeddable":true,"href":"https:\/\/cardinal-tapes.com\/pl\/wp-json\/wp\/v2\/product_cat?post=62766"},{"taxonomy":"product_tag","embeddable":true,"href":"https:\/\/cardinal-tapes.com\/pl\/wp-json\/wp\/v2\/product_tag?post=62766"}],"curies":[{"name":"wp","href":"https:\/\/api.w.org\/{rel}","templated":true}]}}