{"id":62763,"date":"2017-12-08T09:00:37","date_gmt":"2023-06-06T08:20:46","guid":{"rendered":"https:\/\/cardinal.pixel-tal.de\/klebebaender\/bez-kategorii\/tasma-3m-scotch-tape-202\/"},"modified":"2025-07-10T13:14:57","modified_gmt":"2025-07-10T11:14:57","slug":"tasma-klejaca-typu-scotch-202","status":"publish","type":"product","link":"https:\/\/cardinal-tapes.com\/pl\/ta\u015bmy-samoprzylepne\/obszary-zastosowan\/tasma-papierowa\/tasma-klejaca-typu-scotch-202\/","title":{"rendered":"Ta\u015bma 3M\u2122 Scotch Tape 202"},"content":{"rendered":"<p>Do og\u00f3lnych prac zwi\u0105zanych z klejeniem idealnie nadaje si\u0119 ta\u015bma 3M\u2122 Scotch Tape 202. Szczeg\u00f3lne zalety drobno krepowanej ta\u015bmy papierowej to przede wszystkim \u0142atwa obs\u0142uga, dobra odporno\u015b\u0107 na rozpuszczalniki, dobra natychmiastowa przyczepno\u015b\u0107 i wysoka odporno\u015b\u0107 na rozdarcie. Umo\u017cliwia to \u0142atwe maskowanie krzywych. Inne szeroko\u015bci rolek s\u0105 dost\u0119pne na \u017cyczenie.<\/p>\n<p><strong>W\u0142a\u015bciwo\u015bci<\/strong><br \/>\nTa\u015bma klej\u0105ca 202 to elastyczna ta\u015bma, kt\u00f3ra jest odporna na szlifowanie na mokro i charakteryzuje si\u0119 dobr\u0105 usuwalno\u015bci\u0105, nawet na krytycznych powierzchniach, takich jak uszczelki EPDM. Ponadto jest odporny na temperatur\u0119 do 120\u00b0C (30 minut) przez kr\u00f3tki czas.<\/p>\n<p><strong>Zastosowania<\/strong><br \/>\n&#8211; Maskowanie podczas malowania i lakierowania<\/p>\n","protected":false},"excerpt":{"rendered":"<p>Do og\u00f3lnych prac zwi\u0105zanych z klejeniem idealnie nadaje si\u0119 ta\u015bma 3M\u2122 Scotch Tape 202. Szczeg\u00f3lne zalety drobno krepowanej ta\u015bmy papierowej to przede wszystkim \u0142atwa obs\u0142uga, dobra odporno\u015b\u0107 na rozpuszczalniki, dobra natychmiastowa przyczepno\u015b\u0107 i wysoka odporno\u015b\u0107 na rozdarcie. Umo\u017cliwia to \u0142atwe maskowanie krzywych. Inne szeroko\u015bci rolek s\u0105 dost\u0119pne na \u017cyczenie. W\u0142a\u015bciwo\u015bci Ta\u015bma klej\u0105ca 202 to elastyczna [&hellip;]<\/p>\n","protected":false},"featured_media":24346,"template":"","meta":{"_acf_changed":false},"pwb-brand":[2168],"product_brand":[],"product_cat":[1786,1816],"product_tag":[],"class_list":{"0":"post-62763","1":"product","2":"type-product","3":"status-publish","4":"has-post-thumbnail","6":"pwb-brand-3m-pl","7":"product_cat-tasma-papierowa","8":"product_cat-jednostronne-tasmy-samoprzylepne","10":"first","11":"instock","12":"taxable","13":"shipping-taxable","14":"purchasable","15":"product-type-variable"},"acf":[],"yoast_head":"<!-- This site is optimized with the Yoast SEO plugin v27.3 - https:\/\/yoast.com\/product\/yoast-seo-wordpress\/ -->\n<title>Ta\u015bma 3M Scotch Tape 202 | Ta\u015bmy kardynalne<\/title>\n<meta name=\"description\" content=\"Ta\u015bma Scotch 202 jest idealna do og\u00f3lnych prac zwi\u0105zanych z klejeniem. Dowiedz si\u0119 wi\u0119cej o ta\u015bmie samoprzylepnej od 3M tutaj.\" \/>\n<meta name=\"robots\" content=\"index, follow, max-snippet:-1, max-image-preview:large, max-video-preview:-1\" \/>\n<link rel=\"canonical\" href=\"https:\/\/cardinal-tapes.com\/pl\/ta\u015bmy-samoprzylepne\/obszary-zastosowan\/tasma-papierowa\/tasma-klejaca-typu-scotch-202\/\" \/>\n<meta property=\"og:locale\" content=\"pl_PL\" \/>\n<meta property=\"og:type\" content=\"article\" \/>\n<meta property=\"og:title\" content=\"Ta\u015bma 3M Scotch Tape 202 | Ta\u015bmy kardynalne\" \/>\n<meta property=\"og:description\" content=\"Ta\u015bma Scotch 202 jest idealna do og\u00f3lnych prac zwi\u0105zanych z klejeniem. Dowiedz si\u0119 wi\u0119cej o ta\u015bmie samoprzylepnej od 3M tutaj.\" \/>\n<meta property=\"og:url\" content=\"https:\/\/cardinal-tapes.com\/pl\/ta\u015bmy-samoprzylepne\/obszary-zastosowan\/tasma-papierowa\/tasma-klejaca-typu-scotch-202\/\" \/>\n<meta property=\"og:site_name\" content=\"cardinal TAPES\" \/>\n<meta property=\"article:modified_time\" content=\"2025-07-10T11:14:57+00:00\" \/>\n<meta property=\"og:image\" content=\"https:\/\/cardinal-tapes.com\/wp-content\/uploads\/3m_scotch_papierklebeband_202.jpg\" \/>\n\t<meta property=\"og:image:width\" content=\"600\" \/>\n\t<meta property=\"og:image:height\" content=\"600\" \/>\n\t<meta property=\"og:image:type\" content=\"image\/jpeg\" \/>\n<meta name=\"twitter:card\" content=\"summary_large_image\" \/>\n<meta name=\"twitter:label1\" content=\"Szacowany czas czytania\" \/>\n\t<meta name=\"twitter:data1\" content=\"1 minuta\" \/>\n<script type=\"application\/ld+json\" class=\"yoast-schema-graph\">{\"@context\":\"https:\\\/\\\/schema.org\",\"@graph\":[{\"@type\":\"WebPage\",\"@id\":\"https:\\\/\\\/cardinal-tapes.com\\\/pl\\\/ta\u015bmy-samoprzylepne\\\/obszary-zastosowan\\\/tasma-papierowa\\\/tasma-klejaca-typu-scotch-202\\\/\",\"url\":\"https:\\\/\\\/cardinal-tapes.com\\\/pl\\\/ta\u015bmy-samoprzylepne\\\/obszary-zastosowan\\\/tasma-papierowa\\\/tasma-klejaca-typu-scotch-202\\\/\",\"name\":\"Ta\u015bma 3M Scotch Tape 202 | Ta\u015bmy kardynalne\",\"isPartOf\":{\"@id\":\"https:\\\/\\\/cardinal-tapes.com\\\/#website\"},\"primaryImageOfPage\":{\"@id\":\"https:\\\/\\\/cardinal-tapes.com\\\/pl\\\/ta\u015bmy-samoprzylepne\\\/obszary-zastosowan\\\/tasma-papierowa\\\/tasma-klejaca-typu-scotch-202\\\/#primaryimage\"},\"image\":{\"@id\":\"https:\\\/\\\/cardinal-tapes.com\\\/pl\\\/ta\u015bmy-samoprzylepne\\\/obszary-zastosowan\\\/tasma-papierowa\\\/tasma-klejaca-typu-scotch-202\\\/#primaryimage\"},\"thumbnailUrl\":\"https:\\\/\\\/cardinal-tapes.com\\\/wp-content\\\/uploads\\\/3m_scotch_papierklebeband_202.jpg\",\"datePublished\":\"2023-06-06T08:20:46+00:00\",\"dateModified\":\"2025-07-10T11:14:57+00:00\",\"description\":\"Ta\u015bma Scotch 202 jest idealna do og\u00f3lnych prac zwi\u0105zanych z klejeniem. Dowiedz si\u0119 wi\u0119cej o ta\u015bmie samoprzylepnej od 3M tutaj.\",\"breadcrumb\":{\"@id\":\"https:\\\/\\\/cardinal-tapes.com\\\/pl\\\/ta\u015bmy-samoprzylepne\\\/obszary-zastosowan\\\/tasma-papierowa\\\/tasma-klejaca-typu-scotch-202\\\/#breadcrumb\"},\"inLanguage\":\"pl-PL\",\"potentialAction\":[{\"@type\":\"ReadAction\",\"target\":[\"https:\\\/\\\/cardinal-tapes.com\\\/pl\\\/ta\u015bmy-samoprzylepne\\\/obszary-zastosowan\\\/tasma-papierowa\\\/tasma-klejaca-typu-scotch-202\\\/\"]}]},{\"@type\":\"ImageObject\",\"inLanguage\":\"pl-PL\",\"@id\":\"https:\\\/\\\/cardinal-tapes.com\\\/pl\\\/ta\u015bmy-samoprzylepne\\\/obszary-zastosowan\\\/tasma-papierowa\\\/tasma-klejaca-typu-scotch-202\\\/#primaryimage\",\"url\":\"https:\\\/\\\/cardinal-tapes.com\\\/wp-content\\\/uploads\\\/3m_scotch_papierklebeband_202.jpg\",\"contentUrl\":\"https:\\\/\\\/cardinal-tapes.com\\\/wp-content\\\/uploads\\\/3m_scotch_papierklebeband_202.jpg\",\"width\":600,\"height\":600,\"caption\":\"Ta\u015bma papierowa 3M Scotch 202\"},{\"@type\":\"BreadcrumbList\",\"@id\":\"https:\\\/\\\/cardinal-tapes.com\\\/pl\\\/ta\u015bmy-samoprzylepne\\\/obszary-zastosowan\\\/tasma-papierowa\\\/tasma-klejaca-typu-scotch-202\\\/#breadcrumb\",\"itemListElement\":[{\"@type\":\"ListItem\",\"position\":1,\"name\":\"Startseite\",\"item\":\"https:\\\/\\\/cardinal-tapes.com\\\/pl\\\/strona-glowna\\\/\"},{\"@type\":\"ListItem\",\"position\":2,\"name\":\"Ta\u015bmy samoprzylepne\",\"item\":\"https:\\\/\\\/cardinal-tapes.com\\\/pl\\\/tasmy-samoprzylepne-pl\\\/\"},{\"@type\":\"ListItem\",\"position\":3,\"name\":\"Obszary zastosowa\u0144\",\"item\":\"https:\\\/\\\/cardinal-tapes.com\\\/pl\\\/kategoria\\\/obszary-zastosowan\\\/\"},{\"@type\":\"ListItem\",\"position\":4,\"name\":\"Ta\u015bma papierowa\",\"item\":\"https:\\\/\\\/cardinal-tapes.com\\\/pl\\\/kategoria\\\/tasma-papierowa\\\/\"},{\"@type\":\"ListItem\",\"position\":5,\"name\":\"Ta\u015bma 3M\u2122 Scotch Tape 202\"}]},{\"@type\":\"WebSite\",\"@id\":\"https:\\\/\\\/cardinal-tapes.com\\\/#website\",\"url\":\"https:\\\/\\\/cardinal-tapes.com\\\/\",\"name\":\"cardinal TAPES\",\"description\":\"Klebetechnik aus Wuppertal\",\"potentialAction\":[{\"@type\":\"SearchAction\",\"target\":{\"@type\":\"EntryPoint\",\"urlTemplate\":\"https:\\\/\\\/cardinal-tapes.com\\\/?s={search_term_string}\"},\"query-input\":{\"@type\":\"PropertyValueSpecification\",\"valueRequired\":true,\"valueName\":\"search_term_string\"}}],\"inLanguage\":\"pl-PL\"}]}<\/script>\n<!-- \/ Yoast SEO plugin. -->","yoast_head_json":{"title":"Ta\u015bma 3M Scotch Tape 202 | Ta\u015bmy kardynalne","description":"Ta\u015bma Scotch 202 jest idealna do og\u00f3lnych prac zwi\u0105zanych z klejeniem. Dowiedz si\u0119 wi\u0119cej o ta\u015bmie samoprzylepnej od 3M tutaj.","robots":{"index":"index","follow":"follow","max-snippet":"max-snippet:-1","max-image-preview":"max-image-preview:large","max-video-preview":"max-video-preview:-1"},"canonical":"https:\/\/cardinal-tapes.com\/pl\/ta\u015bmy-samoprzylepne\/obszary-zastosowan\/tasma-papierowa\/tasma-klejaca-typu-scotch-202\/","og_locale":"pl_PL","og_type":"article","og_title":"Ta\u015bma 3M Scotch Tape 202 | Ta\u015bmy kardynalne","og_description":"Ta\u015bma Scotch 202 jest idealna do og\u00f3lnych prac zwi\u0105zanych z klejeniem. Dowiedz si\u0119 wi\u0119cej o ta\u015bmie samoprzylepnej od 3M tutaj.","og_url":"https:\/\/cardinal-tapes.com\/pl\/ta\u015bmy-samoprzylepne\/obszary-zastosowan\/tasma-papierowa\/tasma-klejaca-typu-scotch-202\/","og_site_name":"cardinal TAPES","article_modified_time":"2025-07-10T11:14:57+00:00","og_image":[{"width":600,"height":600,"url":"https:\/\/cardinal-tapes.com\/wp-content\/uploads\/3m_scotch_papierklebeband_202.jpg","type":"image\/jpeg"}],"twitter_card":"summary_large_image","twitter_misc":{"Szacowany czas czytania":"1 minuta"},"schema":{"@context":"https:\/\/schema.org","@graph":[{"@type":"WebPage","@id":"https:\/\/cardinal-tapes.com\/pl\/ta\u015bmy-samoprzylepne\/obszary-zastosowan\/tasma-papierowa\/tasma-klejaca-typu-scotch-202\/","url":"https:\/\/cardinal-tapes.com\/pl\/ta\u015bmy-samoprzylepne\/obszary-zastosowan\/tasma-papierowa\/tasma-klejaca-typu-scotch-202\/","name":"Ta\u015bma 3M Scotch Tape 202 | Ta\u015bmy kardynalne","isPartOf":{"@id":"https:\/\/cardinal-tapes.com\/#website"},"primaryImageOfPage":{"@id":"https:\/\/cardinal-tapes.com\/pl\/ta\u015bmy-samoprzylepne\/obszary-zastosowan\/tasma-papierowa\/tasma-klejaca-typu-scotch-202\/#primaryimage"},"image":{"@id":"https:\/\/cardinal-tapes.com\/pl\/ta\u015bmy-samoprzylepne\/obszary-zastosowan\/tasma-papierowa\/tasma-klejaca-typu-scotch-202\/#primaryimage"},"thumbnailUrl":"https:\/\/cardinal-tapes.com\/wp-content\/uploads\/3m_scotch_papierklebeband_202.jpg","datePublished":"2023-06-06T08:20:46+00:00","dateModified":"2025-07-10T11:14:57+00:00","description":"Ta\u015bma Scotch 202 jest idealna do og\u00f3lnych prac zwi\u0105zanych z klejeniem. Dowiedz si\u0119 wi\u0119cej o ta\u015bmie samoprzylepnej od 3M tutaj.","breadcrumb":{"@id":"https:\/\/cardinal-tapes.com\/pl\/ta\u015bmy-samoprzylepne\/obszary-zastosowan\/tasma-papierowa\/tasma-klejaca-typu-scotch-202\/#breadcrumb"},"inLanguage":"pl-PL","potentialAction":[{"@type":"ReadAction","target":["https:\/\/cardinal-tapes.com\/pl\/ta\u015bmy-samoprzylepne\/obszary-zastosowan\/tasma-papierowa\/tasma-klejaca-typu-scotch-202\/"]}]},{"@type":"ImageObject","inLanguage":"pl-PL","@id":"https:\/\/cardinal-tapes.com\/pl\/ta\u015bmy-samoprzylepne\/obszary-zastosowan\/tasma-papierowa\/tasma-klejaca-typu-scotch-202\/#primaryimage","url":"https:\/\/cardinal-tapes.com\/wp-content\/uploads\/3m_scotch_papierklebeband_202.jpg","contentUrl":"https:\/\/cardinal-tapes.com\/wp-content\/uploads\/3m_scotch_papierklebeband_202.jpg","width":600,"height":600,"caption":"Ta\u015bma papierowa 3M Scotch 202"},{"@type":"BreadcrumbList","@id":"https:\/\/cardinal-tapes.com\/pl\/ta\u015bmy-samoprzylepne\/obszary-zastosowan\/tasma-papierowa\/tasma-klejaca-typu-scotch-202\/#breadcrumb","itemListElement":[{"@type":"ListItem","position":1,"name":"Startseite","item":"https:\/\/cardinal-tapes.com\/pl\/strona-glowna\/"},{"@type":"ListItem","position":2,"name":"Ta\u015bmy samoprzylepne","item":"https:\/\/cardinal-tapes.com\/pl\/tasmy-samoprzylepne-pl\/"},{"@type":"ListItem","position":3,"name":"Obszary zastosowa\u0144","item":"https:\/\/cardinal-tapes.com\/pl\/kategoria\/obszary-zastosowan\/"},{"@type":"ListItem","position":4,"name":"Ta\u015bma papierowa","item":"https:\/\/cardinal-tapes.com\/pl\/kategoria\/tasma-papierowa\/"},{"@type":"ListItem","position":5,"name":"Ta\u015bma 3M\u2122 Scotch Tape 202"}]},{"@type":"WebSite","@id":"https:\/\/cardinal-tapes.com\/#website","url":"https:\/\/cardinal-tapes.com\/","name":"cardinal TAPES","description":"Klebetechnik aus Wuppertal","potentialAction":[{"@type":"SearchAction","target":{"@type":"EntryPoint","urlTemplate":"https:\/\/cardinal-tapes.com\/?s={search_term_string}"},"query-input":{"@type":"PropertyValueSpecification","valueRequired":true,"valueName":"search_term_string"}}],"inLanguage":"pl-PL"}]}},"brands":[{"id":2168,"name":"3M","slug":"3m-pl"}],"_links":{"self":[{"href":"https:\/\/cardinal-tapes.com\/pl\/wp-json\/wp\/v2\/product\/62763","targetHints":{"allow":["GET"]}}],"collection":[{"href":"https:\/\/cardinal-tapes.com\/pl\/wp-json\/wp\/v2\/product"}],"about":[{"href":"https:\/\/cardinal-tapes.com\/pl\/wp-json\/wp\/v2\/types\/product"}],"wp:featuredmedia":[{"embeddable":true,"href":"https:\/\/cardinal-tapes.com\/pl\/wp-json\/wp\/v2\/media\/24346"}],"wp:attachment":[{"href":"https:\/\/cardinal-tapes.com\/pl\/wp-json\/wp\/v2\/media?parent=62763"}],"wp:term":[{"taxonomy":"pwb-brand","embeddable":true,"href":"https:\/\/cardinal-tapes.com\/pl\/wp-json\/wp\/v2\/pwb-brand?post=62763"},{"taxonomy":"product_brand","embeddable":true,"href":"https:\/\/cardinal-tapes.com\/pl\/wp-json\/wp\/v2\/product_brand?post=62763"},{"taxonomy":"product_cat","embeddable":true,"href":"https:\/\/cardinal-tapes.com\/pl\/wp-json\/wp\/v2\/product_cat?post=62763"},{"taxonomy":"product_tag","embeddable":true,"href":"https:\/\/cardinal-tapes.com\/pl\/wp-json\/wp\/v2\/product_tag?post=62763"}],"curies":[{"name":"wp","href":"https:\/\/api.w.org\/{rel}","templated":true}]}}