{"id":62703,"date":"2017-12-08T09:07:52","date_gmt":"2023-06-06T08:20:45","guid":{"rendered":"https:\/\/cardinal.pixel-tal.de\/klebebaender\/bez-kategorii\/tasma-maskujaca-3m-2214\/"},"modified":"2025-07-03T16:27:39","modified_gmt":"2025-07-03T14:27:39","slug":"3m-kreppklebeband-2214","status":"publish","type":"product","link":"https:\/\/cardinal-tapes.com\/pl\/ta\u015bmy-samoprzylepne\/obszary-zastosowan\/tasma-papierowa\/3m-kreppklebeband-2214\/","title":{"rendered":"Ta\u015bma maskuj\u0105ca 3M\u2122 2214"},"content":{"rendered":"<p><strong>Przepraszamy, ten produkt nie jest ju\u017c dost\u0119pny. Z przyjemno\u015bci\u0105 zaproponujemy odpowiedni\u0105 alternatyw\u0119.<\/strong><\/p>\n<p>Ta\u015bma 3M\u2122 Highland Tape 2214 wykorzystuje klej na bazie \u017cywicy kauczukowej na drobno krepowanym podk\u0142adzie papierowym. Dzi\u0119ki temu ta\u015bma przykleja si\u0119 natychmiast i nie odkleja si\u0119 od powierzchni. Oferuje r\u00f3wnie\u017c wysok\u0105 zdolno\u015b\u0107 adaptacji i jest wyj\u0105tkowo cienki. Dlatego ta\u015bma krepowa 2214 jest u\u017cywana g\u0142\u00f3wnie do mocowania ok\u0142adek papierowych, wi\u0105zania, mocowania i przytrzymywania. Ponadto oferujemy ta\u015bmy samoprzylepne o r\u00f3\u017cnych szeroko\u015bciach, dzi\u0119ki czemu mo\u017cna indywidualnie dobra\u0107 odpowiedni produkt do danego zastosowania.<\/p>\n<p><strong>W\u0142a\u015bciwo\u015bci<\/strong><br \/>\nTa\u015bma klej\u0105ca krepowa 2214 to elastyczna ta\u015bma, kt\u00f3ra jest odporna na szlifowanie na mokro i charakteryzuje si\u0119 dobr\u0105 usuwalno\u015bci\u0105 nawet na krytycznych powierzchniach. Ponadto jest odporny na temperatur\u0119 do 120\u00b0C (30 minut) przez kr\u00f3tki czas.<\/p>\n<p><strong>Zastosowania<\/strong><br \/>\n&#8211; Maskowanie podczas malowania i lakierowania<\/p>\n","protected":false},"excerpt":{"rendered":"<p>Przepraszamy, ten produkt nie jest ju\u017c dost\u0119pny. Z przyjemno\u015bci\u0105 zaproponujemy odpowiedni\u0105 alternatyw\u0119. Ta\u015bma 3M\u2122 Highland Tape 2214 wykorzystuje klej na bazie \u017cywicy kauczukowej na drobno krepowanym podk\u0142adzie papierowym. Dzi\u0119ki temu ta\u015bma przykleja si\u0119 natychmiast i nie odkleja si\u0119 od powierzchni. Oferuje r\u00f3wnie\u017c wysok\u0105 zdolno\u015b\u0107 adaptacji i jest wyj\u0105tkowo cienki. Dlatego ta\u015bma krepowa 2214 jest u\u017cywana [&hellip;]<\/p>\n","protected":false},"featured_media":24470,"template":"","meta":{"_acf_changed":false},"pwb-brand":[2168],"product_brand":[],"product_cat":[1786,1816],"product_tag":[],"class_list":{"0":"post-62703","1":"product","2":"type-product","3":"status-publish","4":"has-post-thumbnail","6":"pwb-brand-3m-pl","7":"product_cat-tasma-papierowa","8":"product_cat-jednostronne-tasmy-samoprzylepne","10":"first","11":"instock","12":"taxable","13":"shipping-taxable","14":"purchasable","15":"product-type-simple"},"acf":[],"yoast_head":"<!-- This site is optimized with the Yoast SEO plugin v27.3 - https:\/\/yoast.com\/product\/yoast-seo-wordpress\/ -->\n<title>Ta\u015bma maskuj\u0105ca 3M 2214 | Cardinal TAPES<\/title>\n<meta name=\"description\" content=\"Ta\u015bma 3M Highland 2214 wykorzystuje klej na bazie \u017cywicy kauczukowej na drobno krepowanym podk\u0142adzie papierowym. Wi\u0119cej informacji tutaj.\" \/>\n<meta name=\"robots\" content=\"index, follow, max-snippet:-1, max-image-preview:large, max-video-preview:-1\" \/>\n<link rel=\"canonical\" href=\"https:\/\/cardinal-tapes.com\/pl\/ta\u015bmy-samoprzylepne\/obszary-zastosowan\/tasma-papierowa\/3m-kreppklebeband-2214\/\" \/>\n<meta property=\"og:locale\" content=\"pl_PL\" \/>\n<meta property=\"og:type\" content=\"article\" \/>\n<meta property=\"og:title\" content=\"Ta\u015bma maskuj\u0105ca 3M 2214 | Cardinal TAPES\" \/>\n<meta property=\"og:description\" content=\"Ta\u015bma 3M Highland 2214 wykorzystuje klej na bazie \u017cywicy kauczukowej na drobno krepowanym podk\u0142adzie papierowym. Wi\u0119cej informacji tutaj.\" \/>\n<meta property=\"og:url\" content=\"https:\/\/cardinal-tapes.com\/pl\/ta\u015bmy-samoprzylepne\/obszary-zastosowan\/tasma-papierowa\/3m-kreppklebeband-2214\/\" \/>\n<meta property=\"og:site_name\" content=\"cardinal TAPES\" \/>\n<meta property=\"article:modified_time\" content=\"2025-07-03T14:27:39+00:00\" \/>\n<meta property=\"og:image\" content=\"https:\/\/cardinal-tapes.com\/wp-content\/uploads\/3m_highland_kreppklebeband_2214.jpg\" \/>\n\t<meta property=\"og:image:width\" content=\"600\" \/>\n\t<meta property=\"og:image:height\" content=\"600\" \/>\n\t<meta property=\"og:image:type\" content=\"image\/jpeg\" \/>\n<meta name=\"twitter:card\" content=\"summary_large_image\" \/>\n<meta name=\"twitter:label1\" content=\"Szacowany czas czytania\" \/>\n\t<meta name=\"twitter:data1\" content=\"1 minuta\" \/>\n<script type=\"application\/ld+json\" class=\"yoast-schema-graph\">{\"@context\":\"https:\\\/\\\/schema.org\",\"@graph\":[{\"@type\":\"WebPage\",\"@id\":\"https:\\\/\\\/cardinal-tapes.com\\\/pl\\\/ta\u015bmy-samoprzylepne\\\/obszary-zastosowan\\\/tasma-papierowa\\\/3m-kreppklebeband-2214\\\/\",\"url\":\"https:\\\/\\\/cardinal-tapes.com\\\/pl\\\/ta\u015bmy-samoprzylepne\\\/obszary-zastosowan\\\/tasma-papierowa\\\/3m-kreppklebeband-2214\\\/\",\"name\":\"Ta\u015bma maskuj\u0105ca 3M 2214 | Cardinal TAPES\",\"isPartOf\":{\"@id\":\"https:\\\/\\\/cardinal-tapes.com\\\/#website\"},\"primaryImageOfPage\":{\"@id\":\"https:\\\/\\\/cardinal-tapes.com\\\/pl\\\/ta\u015bmy-samoprzylepne\\\/obszary-zastosowan\\\/tasma-papierowa\\\/3m-kreppklebeband-2214\\\/#primaryimage\"},\"image\":{\"@id\":\"https:\\\/\\\/cardinal-tapes.com\\\/pl\\\/ta\u015bmy-samoprzylepne\\\/obszary-zastosowan\\\/tasma-papierowa\\\/3m-kreppklebeband-2214\\\/#primaryimage\"},\"thumbnailUrl\":\"https:\\\/\\\/cardinal-tapes.com\\\/wp-content\\\/uploads\\\/3m_highland_kreppklebeband_2214.jpg\",\"datePublished\":\"2023-06-06T08:20:45+00:00\",\"dateModified\":\"2025-07-03T14:27:39+00:00\",\"description\":\"Ta\u015bma 3M Highland 2214 wykorzystuje klej na bazie \u017cywicy kauczukowej na drobno krepowanym podk\u0142adzie papierowym. Wi\u0119cej informacji tutaj.\",\"breadcrumb\":{\"@id\":\"https:\\\/\\\/cardinal-tapes.com\\\/pl\\\/ta\u015bmy-samoprzylepne\\\/obszary-zastosowan\\\/tasma-papierowa\\\/3m-kreppklebeband-2214\\\/#breadcrumb\"},\"inLanguage\":\"pl-PL\",\"potentialAction\":[{\"@type\":\"ReadAction\",\"target\":[\"https:\\\/\\\/cardinal-tapes.com\\\/pl\\\/ta\u015bmy-samoprzylepne\\\/obszary-zastosowan\\\/tasma-papierowa\\\/3m-kreppklebeband-2214\\\/\"]}]},{\"@type\":\"ImageObject\",\"inLanguage\":\"pl-PL\",\"@id\":\"https:\\\/\\\/cardinal-tapes.com\\\/pl\\\/ta\u015bmy-samoprzylepne\\\/obszary-zastosowan\\\/tasma-papierowa\\\/3m-kreppklebeband-2214\\\/#primaryimage\",\"url\":\"https:\\\/\\\/cardinal-tapes.com\\\/wp-content\\\/uploads\\\/3m_highland_kreppklebeband_2214.jpg\",\"contentUrl\":\"https:\\\/\\\/cardinal-tapes.com\\\/wp-content\\\/uploads\\\/3m_highland_kreppklebeband_2214.jpg\",\"width\":600,\"height\":600,\"caption\":\"Ta\u015bma maskuj\u0105ca 3M 2214\"},{\"@type\":\"BreadcrumbList\",\"@id\":\"https:\\\/\\\/cardinal-tapes.com\\\/pl\\\/ta\u015bmy-samoprzylepne\\\/obszary-zastosowan\\\/tasma-papierowa\\\/3m-kreppklebeband-2214\\\/#breadcrumb\",\"itemListElement\":[{\"@type\":\"ListItem\",\"position\":1,\"name\":\"Startseite\",\"item\":\"https:\\\/\\\/cardinal-tapes.com\\\/pl\\\/strona-glowna\\\/\"},{\"@type\":\"ListItem\",\"position\":2,\"name\":\"Ta\u015bmy samoprzylepne\",\"item\":\"https:\\\/\\\/cardinal-tapes.com\\\/pl\\\/tasmy-samoprzylepne-pl\\\/\"},{\"@type\":\"ListItem\",\"position\":3,\"name\":\"Obszary zastosowa\u0144\",\"item\":\"https:\\\/\\\/cardinal-tapes.com\\\/pl\\\/kategoria\\\/obszary-zastosowan\\\/\"},{\"@type\":\"ListItem\",\"position\":4,\"name\":\"Ta\u015bma papierowa\",\"item\":\"https:\\\/\\\/cardinal-tapes.com\\\/pl\\\/kategoria\\\/tasma-papierowa\\\/\"},{\"@type\":\"ListItem\",\"position\":5,\"name\":\"Ta\u015bma maskuj\u0105ca 3M\u2122 2214\"}]},{\"@type\":\"WebSite\",\"@id\":\"https:\\\/\\\/cardinal-tapes.com\\\/#website\",\"url\":\"https:\\\/\\\/cardinal-tapes.com\\\/\",\"name\":\"cardinal TAPES\",\"description\":\"Klebetechnik aus Wuppertal\",\"potentialAction\":[{\"@type\":\"SearchAction\",\"target\":{\"@type\":\"EntryPoint\",\"urlTemplate\":\"https:\\\/\\\/cardinal-tapes.com\\\/?s={search_term_string}\"},\"query-input\":{\"@type\":\"PropertyValueSpecification\",\"valueRequired\":true,\"valueName\":\"search_term_string\"}}],\"inLanguage\":\"pl-PL\"}]}<\/script>\n<!-- \/ Yoast SEO plugin. -->","yoast_head_json":{"title":"Ta\u015bma maskuj\u0105ca 3M 2214 | Cardinal TAPES","description":"Ta\u015bma 3M Highland 2214 wykorzystuje klej na bazie \u017cywicy kauczukowej na drobno krepowanym podk\u0142adzie papierowym. Wi\u0119cej informacji tutaj.","robots":{"index":"index","follow":"follow","max-snippet":"max-snippet:-1","max-image-preview":"max-image-preview:large","max-video-preview":"max-video-preview:-1"},"canonical":"https:\/\/cardinal-tapes.com\/pl\/ta\u015bmy-samoprzylepne\/obszary-zastosowan\/tasma-papierowa\/3m-kreppklebeband-2214\/","og_locale":"pl_PL","og_type":"article","og_title":"Ta\u015bma maskuj\u0105ca 3M 2214 | Cardinal TAPES","og_description":"Ta\u015bma 3M Highland 2214 wykorzystuje klej na bazie \u017cywicy kauczukowej na drobno krepowanym podk\u0142adzie papierowym. Wi\u0119cej informacji tutaj.","og_url":"https:\/\/cardinal-tapes.com\/pl\/ta\u015bmy-samoprzylepne\/obszary-zastosowan\/tasma-papierowa\/3m-kreppklebeband-2214\/","og_site_name":"cardinal TAPES","article_modified_time":"2025-07-03T14:27:39+00:00","og_image":[{"width":600,"height":600,"url":"https:\/\/cardinal-tapes.com\/wp-content\/uploads\/3m_highland_kreppklebeband_2214.jpg","type":"image\/jpeg"}],"twitter_card":"summary_large_image","twitter_misc":{"Szacowany czas czytania":"1 minuta"},"schema":{"@context":"https:\/\/schema.org","@graph":[{"@type":"WebPage","@id":"https:\/\/cardinal-tapes.com\/pl\/ta\u015bmy-samoprzylepne\/obszary-zastosowan\/tasma-papierowa\/3m-kreppklebeband-2214\/","url":"https:\/\/cardinal-tapes.com\/pl\/ta\u015bmy-samoprzylepne\/obszary-zastosowan\/tasma-papierowa\/3m-kreppklebeband-2214\/","name":"Ta\u015bma maskuj\u0105ca 3M 2214 | Cardinal TAPES","isPartOf":{"@id":"https:\/\/cardinal-tapes.com\/#website"},"primaryImageOfPage":{"@id":"https:\/\/cardinal-tapes.com\/pl\/ta\u015bmy-samoprzylepne\/obszary-zastosowan\/tasma-papierowa\/3m-kreppklebeband-2214\/#primaryimage"},"image":{"@id":"https:\/\/cardinal-tapes.com\/pl\/ta\u015bmy-samoprzylepne\/obszary-zastosowan\/tasma-papierowa\/3m-kreppklebeband-2214\/#primaryimage"},"thumbnailUrl":"https:\/\/cardinal-tapes.com\/wp-content\/uploads\/3m_highland_kreppklebeband_2214.jpg","datePublished":"2023-06-06T08:20:45+00:00","dateModified":"2025-07-03T14:27:39+00:00","description":"Ta\u015bma 3M Highland 2214 wykorzystuje klej na bazie \u017cywicy kauczukowej na drobno krepowanym podk\u0142adzie papierowym. Wi\u0119cej informacji tutaj.","breadcrumb":{"@id":"https:\/\/cardinal-tapes.com\/pl\/ta\u015bmy-samoprzylepne\/obszary-zastosowan\/tasma-papierowa\/3m-kreppklebeband-2214\/#breadcrumb"},"inLanguage":"pl-PL","potentialAction":[{"@type":"ReadAction","target":["https:\/\/cardinal-tapes.com\/pl\/ta\u015bmy-samoprzylepne\/obszary-zastosowan\/tasma-papierowa\/3m-kreppklebeband-2214\/"]}]},{"@type":"ImageObject","inLanguage":"pl-PL","@id":"https:\/\/cardinal-tapes.com\/pl\/ta\u015bmy-samoprzylepne\/obszary-zastosowan\/tasma-papierowa\/3m-kreppklebeband-2214\/#primaryimage","url":"https:\/\/cardinal-tapes.com\/wp-content\/uploads\/3m_highland_kreppklebeband_2214.jpg","contentUrl":"https:\/\/cardinal-tapes.com\/wp-content\/uploads\/3m_highland_kreppklebeband_2214.jpg","width":600,"height":600,"caption":"Ta\u015bma maskuj\u0105ca 3M 2214"},{"@type":"BreadcrumbList","@id":"https:\/\/cardinal-tapes.com\/pl\/ta\u015bmy-samoprzylepne\/obszary-zastosowan\/tasma-papierowa\/3m-kreppklebeband-2214\/#breadcrumb","itemListElement":[{"@type":"ListItem","position":1,"name":"Startseite","item":"https:\/\/cardinal-tapes.com\/pl\/strona-glowna\/"},{"@type":"ListItem","position":2,"name":"Ta\u015bmy samoprzylepne","item":"https:\/\/cardinal-tapes.com\/pl\/tasmy-samoprzylepne-pl\/"},{"@type":"ListItem","position":3,"name":"Obszary zastosowa\u0144","item":"https:\/\/cardinal-tapes.com\/pl\/kategoria\/obszary-zastosowan\/"},{"@type":"ListItem","position":4,"name":"Ta\u015bma papierowa","item":"https:\/\/cardinal-tapes.com\/pl\/kategoria\/tasma-papierowa\/"},{"@type":"ListItem","position":5,"name":"Ta\u015bma maskuj\u0105ca 3M\u2122 2214"}]},{"@type":"WebSite","@id":"https:\/\/cardinal-tapes.com\/#website","url":"https:\/\/cardinal-tapes.com\/","name":"cardinal TAPES","description":"Klebetechnik aus Wuppertal","potentialAction":[{"@type":"SearchAction","target":{"@type":"EntryPoint","urlTemplate":"https:\/\/cardinal-tapes.com\/?s={search_term_string}"},"query-input":{"@type":"PropertyValueSpecification","valueRequired":true,"valueName":"search_term_string"}}],"inLanguage":"pl-PL"}]}},"brands":[{"id":2168,"name":"3M","slug":"3m-pl"}],"_links":{"self":[{"href":"https:\/\/cardinal-tapes.com\/pl\/wp-json\/wp\/v2\/product\/62703","targetHints":{"allow":["GET"]}}],"collection":[{"href":"https:\/\/cardinal-tapes.com\/pl\/wp-json\/wp\/v2\/product"}],"about":[{"href":"https:\/\/cardinal-tapes.com\/pl\/wp-json\/wp\/v2\/types\/product"}],"wp:featuredmedia":[{"embeddable":true,"href":"https:\/\/cardinal-tapes.com\/pl\/wp-json\/wp\/v2\/media\/24470"}],"wp:attachment":[{"href":"https:\/\/cardinal-tapes.com\/pl\/wp-json\/wp\/v2\/media?parent=62703"}],"wp:term":[{"taxonomy":"pwb-brand","embeddable":true,"href":"https:\/\/cardinal-tapes.com\/pl\/wp-json\/wp\/v2\/pwb-brand?post=62703"},{"taxonomy":"product_brand","embeddable":true,"href":"https:\/\/cardinal-tapes.com\/pl\/wp-json\/wp\/v2\/product_brand?post=62703"},{"taxonomy":"product_cat","embeddable":true,"href":"https:\/\/cardinal-tapes.com\/pl\/wp-json\/wp\/v2\/product_cat?post=62703"},{"taxonomy":"product_tag","embeddable":true,"href":"https:\/\/cardinal-tapes.com\/pl\/wp-json\/wp\/v2\/product_tag?post=62703"}],"curies":[{"name":"wp","href":"https:\/\/api.w.org\/{rel}","templated":true}]}}