{"id":61519,"date":"2017-12-08T09:28:30","date_gmt":"2023-06-06T08:19:45","guid":{"rendered":"https:\/\/cardinal.pixel-tal.de\/klebebaender\/bez-kategorii\/tasma-poliestrowa-3m-8402\/"},"modified":"2025-07-07T12:07:35","modified_gmt":"2025-07-07T10:07:35","slug":"3m-396-8422-853-850-8402-polyester-klebebaender","status":"publish","type":"product","link":"https:\/\/cardinal-tapes.com\/pl\/ta\u015bmy-samoprzylepne\/jednostronne-tasmy-samoprzylepne\/3m-396-8422-853-850-8402-polyester-klebebaender\/","title":{"rendered":"Ta\u015bma poliestrowa 3M\u2122 8402"},"content":{"rendered":"<p>3M\u2122 Polyester Tape 8402 to cienka, dopasowuj\u0105ca si\u0119 ta\u015bma poliestrowa, kt\u00f3ra idealnie nadaje si\u0119 do maskowania w wysokich temperaturach i dobrze przylega do powierzchni pokrytych silikonem. Ta\u015bma jest wykonana z kleju silikonowego, kt\u00f3ry jest dobry do maskowania i mo\u017cna go usun\u0105\u0107 w jednym kawa\u0142ku z wi\u0119kszo\u015bci powierzchni.<\/p>\n<p><strong>W\u0142a\u015bciwo\u015bci<\/strong><br \/>\nTa\u015bma ta charakteryzuje si\u0119 r\u00f3wnie\u017c trwa\u0142ymi procesami \u0142\u0105czenia na ok\u0142adzinach silikonowych, papierach i foliach, kt\u00f3re s\u0105 nara\u017cone na dzia\u0142anie wysokich temperatur. Dzi\u0119ki wyj\u0105tkowej odporno\u015bci chemicznej ta\u015bma ta dzia\u0142a skutecznie w niekt\u00f3rych z najbardziej wymagaj\u0105cych warunk\u00f3w pracy, takich jak anodowanie. Ponadto ta\u015bma samoprzylepna charakteryzuje si\u0119 wysok\u0105 odporno\u015bci\u0105 na starzenie i szerokim zakresem temperatur.<\/p>\n<p><strong>Zastosowania<br \/>\n<\/strong>&#8211; Maskowanie podczas proces\u00f3w trawienia i anodowania<br \/>\n&#8211; Elektryczne malowanie proszkowe<br \/>\n&#8211; \u0141\u0105czenie silikonowanych papier\u00f3w ochronnych<br \/>\n&#8211; Cynowanie obwod\u00f3w drukowanych<\/p>\n","protected":false},"excerpt":{"rendered":"<p>3M\u2122 Polyester Tape 8402 to cienka, dopasowuj\u0105ca si\u0119 ta\u015bma poliestrowa, kt\u00f3ra idealnie nadaje si\u0119 do maskowania w wysokich temperaturach i dobrze przylega do powierzchni pokrytych silikonem. Ta\u015bma jest wykonana z kleju silikonowego, kt\u00f3ry jest dobry do maskowania i mo\u017cna go usun\u0105\u0107 w jednym kawa\u0142ku z wi\u0119kszo\u015bci powierzchni. W\u0142a\u015bciwo\u015bci Ta\u015bma ta charakteryzuje si\u0119 r\u00f3wnie\u017c trwa\u0142ymi procesami [&hellip;]<\/p>\n","protected":false},"featured_media":27226,"template":"","meta":{"_acf_changed":false},"pwb-brand":[2168],"product_brand":[],"product_cat":[1816],"product_tag":[],"class_list":{"0":"post-61519","1":"product","2":"type-product","3":"status-publish","4":"has-post-thumbnail","6":"pwb-brand-3m-pl","7":"product_cat-jednostronne-tasmy-samoprzylepne","9":"first","10":"instock","11":"taxable","12":"shipping-taxable","13":"purchasable","14":"product-type-variable"},"acf":[],"yoast_head":"<!-- This site is optimized with the Yoast SEO plugin v27.3 - https:\/\/yoast.com\/product\/yoast-seo-wordpress\/ -->\n<title>Ta\u015bma poliestrowa 3M\u2122 8402 | Cardinal TAPES<\/title>\n<meta name=\"description\" content=\"3M\u2122 Polyester Tape 8402 to cienka, dopasowuj\u0105ca si\u0119 ta\u015bma poliestrowa, kt\u00f3ra idealnie nadaje si\u0119 do maskowania w wysokich temperaturach i dobrze przylega do powierzchni pokrytych silikonem.\" \/>\n<meta name=\"robots\" content=\"index, follow, max-snippet:-1, max-image-preview:large, max-video-preview:-1\" \/>\n<link rel=\"canonical\" href=\"https:\/\/cardinal-tapes.com\/pl\/ta\u015bmy-samoprzylepne\/jednostronne-tasmy-samoprzylepne\/3m-396-8422-853-850-8402-polyester-klebebaender\/\" \/>\n<meta property=\"og:locale\" content=\"pl_PL\" \/>\n<meta property=\"og:type\" content=\"article\" \/>\n<meta property=\"og:title\" content=\"Ta\u015bma poliestrowa 3M\u2122 8402 | Cardinal TAPES\" \/>\n<meta property=\"og:description\" content=\"3M\u2122 Polyester Tape 8402 to cienka, dopasowuj\u0105ca si\u0119 ta\u015bma poliestrowa, kt\u00f3ra idealnie nadaje si\u0119 do maskowania w wysokich temperaturach i dobrze przylega do powierzchni pokrytych silikonem.\" \/>\n<meta property=\"og:url\" content=\"https:\/\/cardinal-tapes.com\/pl\/ta\u015bmy-samoprzylepne\/jednostronne-tasmy-samoprzylepne\/3m-396-8422-853-850-8402-polyester-klebebaender\/\" \/>\n<meta property=\"og:site_name\" content=\"cardinal TAPES\" \/>\n<meta property=\"article:modified_time\" content=\"2025-07-07T10:07:35+00:00\" \/>\n<meta property=\"og:image\" content=\"https:\/\/cardinal-tapes.com\/wp-content\/uploads\/3m-8402-polyesterklebeband-scaled.jpg\" \/>\n\t<meta property=\"og:image:width\" content=\"2560\" \/>\n\t<meta property=\"og:image:height\" content=\"2147\" \/>\n\t<meta property=\"og:image:type\" content=\"image\/jpeg\" \/>\n<meta name=\"twitter:card\" content=\"summary_large_image\" \/>\n<meta name=\"twitter:label1\" content=\"Szacowany czas czytania\" \/>\n\t<meta name=\"twitter:data1\" content=\"1 minuta\" \/>\n<script type=\"application\/ld+json\" class=\"yoast-schema-graph\">{\"@context\":\"https:\\\/\\\/schema.org\",\"@graph\":[{\"@type\":\"WebPage\",\"@id\":\"https:\\\/\\\/cardinal-tapes.com\\\/pl\\\/ta\u015bmy-samoprzylepne\\\/jednostronne-tasmy-samoprzylepne\\\/3m-396-8422-853-850-8402-polyester-klebebaender\\\/\",\"url\":\"https:\\\/\\\/cardinal-tapes.com\\\/pl\\\/ta\u015bmy-samoprzylepne\\\/jednostronne-tasmy-samoprzylepne\\\/3m-396-8422-853-850-8402-polyester-klebebaender\\\/\",\"name\":\"Ta\u015bma poliestrowa 3M\u2122 8402 | Cardinal TAPES\",\"isPartOf\":{\"@id\":\"https:\\\/\\\/cardinal-tapes.com\\\/#website\"},\"primaryImageOfPage\":{\"@id\":\"https:\\\/\\\/cardinal-tapes.com\\\/pl\\\/ta\u015bmy-samoprzylepne\\\/jednostronne-tasmy-samoprzylepne\\\/3m-396-8422-853-850-8402-polyester-klebebaender\\\/#primaryimage\"},\"image\":{\"@id\":\"https:\\\/\\\/cardinal-tapes.com\\\/pl\\\/ta\u015bmy-samoprzylepne\\\/jednostronne-tasmy-samoprzylepne\\\/3m-396-8422-853-850-8402-polyester-klebebaender\\\/#primaryimage\"},\"thumbnailUrl\":\"https:\\\/\\\/cardinal-tapes.com\\\/wp-content\\\/uploads\\\/3m-8402-polyesterklebeband-scaled.jpg\",\"datePublished\":\"2023-06-06T08:19:45+00:00\",\"dateModified\":\"2025-07-07T10:07:35+00:00\",\"description\":\"3M\u2122 Polyester Tape 8402 to cienka, dopasowuj\u0105ca si\u0119 ta\u015bma poliestrowa, kt\u00f3ra idealnie nadaje si\u0119 do maskowania w wysokich temperaturach i dobrze przylega do powierzchni pokrytych silikonem.\",\"breadcrumb\":{\"@id\":\"https:\\\/\\\/cardinal-tapes.com\\\/pl\\\/ta\u015bmy-samoprzylepne\\\/jednostronne-tasmy-samoprzylepne\\\/3m-396-8422-853-850-8402-polyester-klebebaender\\\/#breadcrumb\"},\"inLanguage\":\"pl-PL\",\"potentialAction\":[{\"@type\":\"ReadAction\",\"target\":[\"https:\\\/\\\/cardinal-tapes.com\\\/pl\\\/ta\u015bmy-samoprzylepne\\\/jednostronne-tasmy-samoprzylepne\\\/3m-396-8422-853-850-8402-polyester-klebebaender\\\/\"]}]},{\"@type\":\"ImageObject\",\"inLanguage\":\"pl-PL\",\"@id\":\"https:\\\/\\\/cardinal-tapes.com\\\/pl\\\/ta\u015bmy-samoprzylepne\\\/jednostronne-tasmy-samoprzylepne\\\/3m-396-8422-853-850-8402-polyester-klebebaender\\\/#primaryimage\",\"url\":\"https:\\\/\\\/cardinal-tapes.com\\\/wp-content\\\/uploads\\\/3m-8402-polyesterklebeband-scaled.jpg\",\"contentUrl\":\"https:\\\/\\\/cardinal-tapes.com\\\/wp-content\\\/uploads\\\/3m-8402-polyesterklebeband-scaled.jpg\",\"width\":2560,\"height\":2147,\"caption\":\"Poliestrowa ta\u015bma samoprzylepna 3M 8402\"},{\"@type\":\"BreadcrumbList\",\"@id\":\"https:\\\/\\\/cardinal-tapes.com\\\/pl\\\/ta\u015bmy-samoprzylepne\\\/jednostronne-tasmy-samoprzylepne\\\/3m-396-8422-853-850-8402-polyester-klebebaender\\\/#breadcrumb\",\"itemListElement\":[{\"@type\":\"ListItem\",\"position\":1,\"name\":\"Startseite\",\"item\":\"https:\\\/\\\/cardinal-tapes.com\\\/pl\\\/strona-glowna\\\/\"},{\"@type\":\"ListItem\",\"position\":2,\"name\":\"Ta\u015bmy samoprzylepne\",\"item\":\"https:\\\/\\\/cardinal-tapes.com\\\/pl\\\/tasmy-samoprzylepne-pl\\\/\"},{\"@type\":\"ListItem\",\"position\":3,\"name\":\"Jednostronne ta\u015bmy samoprzylepne\",\"item\":\"https:\\\/\\\/cardinal-tapes.com\\\/pl\\\/kategoria\\\/jednostronne-tasmy-samoprzylepne\\\/\"},{\"@type\":\"ListItem\",\"position\":4,\"name\":\"Ta\u015bma poliestrowa 3M\u2122 8402\"}]},{\"@type\":\"WebSite\",\"@id\":\"https:\\\/\\\/cardinal-tapes.com\\\/#website\",\"url\":\"https:\\\/\\\/cardinal-tapes.com\\\/\",\"name\":\"cardinal TAPES\",\"description\":\"Klebetechnik aus Wuppertal\",\"potentialAction\":[{\"@type\":\"SearchAction\",\"target\":{\"@type\":\"EntryPoint\",\"urlTemplate\":\"https:\\\/\\\/cardinal-tapes.com\\\/?s={search_term_string}\"},\"query-input\":{\"@type\":\"PropertyValueSpecification\",\"valueRequired\":true,\"valueName\":\"search_term_string\"}}],\"inLanguage\":\"pl-PL\"}]}<\/script>\n<!-- \/ Yoast SEO plugin. -->","yoast_head_json":{"title":"Ta\u015bma poliestrowa 3M\u2122 8402 | Cardinal TAPES","description":"3M\u2122 Polyester Tape 8402 to cienka, dopasowuj\u0105ca si\u0119 ta\u015bma poliestrowa, kt\u00f3ra idealnie nadaje si\u0119 do maskowania w wysokich temperaturach i dobrze przylega do powierzchni pokrytych silikonem.","robots":{"index":"index","follow":"follow","max-snippet":"max-snippet:-1","max-image-preview":"max-image-preview:large","max-video-preview":"max-video-preview:-1"},"canonical":"https:\/\/cardinal-tapes.com\/pl\/ta\u015bmy-samoprzylepne\/jednostronne-tasmy-samoprzylepne\/3m-396-8422-853-850-8402-polyester-klebebaender\/","og_locale":"pl_PL","og_type":"article","og_title":"Ta\u015bma poliestrowa 3M\u2122 8402 | Cardinal TAPES","og_description":"3M\u2122 Polyester Tape 8402 to cienka, dopasowuj\u0105ca si\u0119 ta\u015bma poliestrowa, kt\u00f3ra idealnie nadaje si\u0119 do maskowania w wysokich temperaturach i dobrze przylega do powierzchni pokrytych silikonem.","og_url":"https:\/\/cardinal-tapes.com\/pl\/ta\u015bmy-samoprzylepne\/jednostronne-tasmy-samoprzylepne\/3m-396-8422-853-850-8402-polyester-klebebaender\/","og_site_name":"cardinal TAPES","article_modified_time":"2025-07-07T10:07:35+00:00","og_image":[{"width":2560,"height":2147,"url":"https:\/\/cardinal-tapes.com\/wp-content\/uploads\/3m-8402-polyesterklebeband-scaled.jpg","type":"image\/jpeg"}],"twitter_card":"summary_large_image","twitter_misc":{"Szacowany czas czytania":"1 minuta"},"schema":{"@context":"https:\/\/schema.org","@graph":[{"@type":"WebPage","@id":"https:\/\/cardinal-tapes.com\/pl\/ta\u015bmy-samoprzylepne\/jednostronne-tasmy-samoprzylepne\/3m-396-8422-853-850-8402-polyester-klebebaender\/","url":"https:\/\/cardinal-tapes.com\/pl\/ta\u015bmy-samoprzylepne\/jednostronne-tasmy-samoprzylepne\/3m-396-8422-853-850-8402-polyester-klebebaender\/","name":"Ta\u015bma poliestrowa 3M\u2122 8402 | Cardinal TAPES","isPartOf":{"@id":"https:\/\/cardinal-tapes.com\/#website"},"primaryImageOfPage":{"@id":"https:\/\/cardinal-tapes.com\/pl\/ta\u015bmy-samoprzylepne\/jednostronne-tasmy-samoprzylepne\/3m-396-8422-853-850-8402-polyester-klebebaender\/#primaryimage"},"image":{"@id":"https:\/\/cardinal-tapes.com\/pl\/ta\u015bmy-samoprzylepne\/jednostronne-tasmy-samoprzylepne\/3m-396-8422-853-850-8402-polyester-klebebaender\/#primaryimage"},"thumbnailUrl":"https:\/\/cardinal-tapes.com\/wp-content\/uploads\/3m-8402-polyesterklebeband-scaled.jpg","datePublished":"2023-06-06T08:19:45+00:00","dateModified":"2025-07-07T10:07:35+00:00","description":"3M\u2122 Polyester Tape 8402 to cienka, dopasowuj\u0105ca si\u0119 ta\u015bma poliestrowa, kt\u00f3ra idealnie nadaje si\u0119 do maskowania w wysokich temperaturach i dobrze przylega do powierzchni pokrytych silikonem.","breadcrumb":{"@id":"https:\/\/cardinal-tapes.com\/pl\/ta\u015bmy-samoprzylepne\/jednostronne-tasmy-samoprzylepne\/3m-396-8422-853-850-8402-polyester-klebebaender\/#breadcrumb"},"inLanguage":"pl-PL","potentialAction":[{"@type":"ReadAction","target":["https:\/\/cardinal-tapes.com\/pl\/ta\u015bmy-samoprzylepne\/jednostronne-tasmy-samoprzylepne\/3m-396-8422-853-850-8402-polyester-klebebaender\/"]}]},{"@type":"ImageObject","inLanguage":"pl-PL","@id":"https:\/\/cardinal-tapes.com\/pl\/ta\u015bmy-samoprzylepne\/jednostronne-tasmy-samoprzylepne\/3m-396-8422-853-850-8402-polyester-klebebaender\/#primaryimage","url":"https:\/\/cardinal-tapes.com\/wp-content\/uploads\/3m-8402-polyesterklebeband-scaled.jpg","contentUrl":"https:\/\/cardinal-tapes.com\/wp-content\/uploads\/3m-8402-polyesterklebeband-scaled.jpg","width":2560,"height":2147,"caption":"Poliestrowa ta\u015bma samoprzylepna 3M 8402"},{"@type":"BreadcrumbList","@id":"https:\/\/cardinal-tapes.com\/pl\/ta\u015bmy-samoprzylepne\/jednostronne-tasmy-samoprzylepne\/3m-396-8422-853-850-8402-polyester-klebebaender\/#breadcrumb","itemListElement":[{"@type":"ListItem","position":1,"name":"Startseite","item":"https:\/\/cardinal-tapes.com\/pl\/strona-glowna\/"},{"@type":"ListItem","position":2,"name":"Ta\u015bmy samoprzylepne","item":"https:\/\/cardinal-tapes.com\/pl\/tasmy-samoprzylepne-pl\/"},{"@type":"ListItem","position":3,"name":"Jednostronne ta\u015bmy samoprzylepne","item":"https:\/\/cardinal-tapes.com\/pl\/kategoria\/jednostronne-tasmy-samoprzylepne\/"},{"@type":"ListItem","position":4,"name":"Ta\u015bma poliestrowa 3M\u2122 8402"}]},{"@type":"WebSite","@id":"https:\/\/cardinal-tapes.com\/#website","url":"https:\/\/cardinal-tapes.com\/","name":"cardinal TAPES","description":"Klebetechnik aus Wuppertal","potentialAction":[{"@type":"SearchAction","target":{"@type":"EntryPoint","urlTemplate":"https:\/\/cardinal-tapes.com\/?s={search_term_string}"},"query-input":{"@type":"PropertyValueSpecification","valueRequired":true,"valueName":"search_term_string"}}],"inLanguage":"pl-PL"}]}},"brands":[{"id":2168,"name":"3M","slug":"3m-pl"}],"_links":{"self":[{"href":"https:\/\/cardinal-tapes.com\/pl\/wp-json\/wp\/v2\/product\/61519","targetHints":{"allow":["GET"]}}],"collection":[{"href":"https:\/\/cardinal-tapes.com\/pl\/wp-json\/wp\/v2\/product"}],"about":[{"href":"https:\/\/cardinal-tapes.com\/pl\/wp-json\/wp\/v2\/types\/product"}],"wp:featuredmedia":[{"embeddable":true,"href":"https:\/\/cardinal-tapes.com\/pl\/wp-json\/wp\/v2\/media\/27226"}],"wp:attachment":[{"href":"https:\/\/cardinal-tapes.com\/pl\/wp-json\/wp\/v2\/media?parent=61519"}],"wp:term":[{"taxonomy":"pwb-brand","embeddable":true,"href":"https:\/\/cardinal-tapes.com\/pl\/wp-json\/wp\/v2\/pwb-brand?post=61519"},{"taxonomy":"product_brand","embeddable":true,"href":"https:\/\/cardinal-tapes.com\/pl\/wp-json\/wp\/v2\/product_brand?post=61519"},{"taxonomy":"product_cat","embeddable":true,"href":"https:\/\/cardinal-tapes.com\/pl\/wp-json\/wp\/v2\/product_cat?post=61519"},{"taxonomy":"product_tag","embeddable":true,"href":"https:\/\/cardinal-tapes.com\/pl\/wp-json\/wp\/v2\/product_tag?post=61519"}],"curies":[{"name":"wp","href":"https:\/\/api.w.org\/{rel}","templated":true}]}}