{"id":61477,"date":"2017-12-08T09:11:34","date_gmt":"2023-06-06T08:19:44","guid":{"rendered":"https:\/\/cardinal.pixel-tal.de\/klebebaender\/bez-kategorii\/tasma-maskujaca-3m-2328\/"},"modified":"2025-07-07T10:37:17","modified_gmt":"2025-07-07T08:37:17","slug":"tasma-maskujaca-3m-2328","status":"publish","type":"product","link":"https:\/\/cardinal-tapes.com\/pl\/ta\u015bmy-samoprzylepne\/jednostronne-tasmy-samoprzylepne\/tasma-maskujaca-3m-2328\/","title":{"rendered":"Ta\u015bma maskuj\u0105ca 3M\u2122 2328"},"content":{"rendered":"<p>Ta\u015bma maskuj\u0105ca Scotch 3M\u2122 2328 jest u\u017cywana g\u0142\u00f3wnie do bezpiecznego i wydajnego maskowania podczas napraw samochodowych. Klej ta\u015bmy maskuj\u0105cej to usieciowany klej kauczukowo-\u017cywiczny, a no\u015bnik to krepowany no\u015bnik papierowy. Zalet\u0105 3M\u2122 2328 jest szczeg\u00f3lnie \u0142atwa obs\u0142uga, bardzo dobra przyczepno\u015b\u0107 i to, \u017ce cz\u0105steczki farby nie \u0142uszcz\u0105 si\u0119 podczas aplikacji. Ta\u015bma maskuj\u0105ca 2328 jest dost\u0119pna w sze\u015bciu r\u00f3\u017cnych szeroko\u015bciach, aby spe\u0142ni\u0107 wszystkie wymagania zwi\u0105zane z naprawami samochodowymi.<\/p>\n<p><strong>W\u0142a\u015bciwo\u015bci<\/strong><br \/>\nTa\u015bma samoprzylepna 2328 charakteryzuje si\u0119 dobr\u0105 odporno\u015bci\u0105 na rozpuszczalniki, \u0142atwym odrywaniem r\u0119cznym i dobr\u0105 przyczepno\u015bci\u0105 do farby. Ponadto jest bardzo \u0142atwa do uchwycenia, oferuje mo\u017cliwo\u015b\u0107 usuwania bez pozosta\u0142o\u015bci, a poza tym ma r\u00f3wnie\u017c doskona\u0142\u0105 ostro\u015b\u0107 kraw\u0119dzi.<strong><br \/>\n<\/strong><\/p>\n<p><strong>Zastosowania<\/strong><br \/>\n&#8211; Nadaje si\u0119 do pokrywania zakrzywionych powierzchni<br \/>\n&#8211; Og\u00f3lna renowacja pojazd\u00f3w<\/p>\n","protected":false},"excerpt":{"rendered":"<p>Ta\u015bma maskuj\u0105ca Scotch 3M\u2122 2328 jest u\u017cywana g\u0142\u00f3wnie do bezpiecznego i wydajnego maskowania podczas napraw samochodowych. Klej ta\u015bmy maskuj\u0105cej to usieciowany klej kauczukowo-\u017cywiczny, a no\u015bnik to krepowany no\u015bnik papierowy. Zalet\u0105 3M\u2122 2328 jest szczeg\u00f3lnie \u0142atwa obs\u0142uga, bardzo dobra przyczepno\u015b\u0107 i to, \u017ce cz\u0105steczki farby nie \u0142uszcz\u0105 si\u0119 podczas aplikacji. Ta\u015bma maskuj\u0105ca 2328 jest dost\u0119pna w [&hellip;]<\/p>\n","protected":false},"featured_media":24466,"template":"","meta":{"_acf_changed":false},"pwb-brand":[2168],"product_brand":[],"product_cat":[1816],"product_tag":[],"class_list":{"0":"post-61477","1":"product","2":"type-product","3":"status-publish","4":"has-post-thumbnail","6":"pwb-brand-3m-pl","7":"product_cat-jednostronne-tasmy-samoprzylepne","9":"first","10":"instock","11":"taxable","12":"shipping-taxable","13":"purchasable","14":"product-type-simple"},"acf":[],"yoast_head":"<!-- This site is optimized with the Yoast SEO plugin v27.3 - https:\/\/yoast.com\/product\/yoast-seo-wordpress\/ -->\n<title>Wydajna ta\u015bma maskuj\u0105ca 3M 2328 | Cardinal TAPES<\/title>\n<meta name=\"description\" content=\"3M 2328 jest u\u017cywany g\u0142\u00f3wnie do bezpiecznego i wydajnego maskowania podczas napraw samochod\u00f3w. Dowiedz si\u0119 wi\u0119cej o 3M 2328.\" \/>\n<meta name=\"robots\" content=\"index, follow, max-snippet:-1, max-image-preview:large, max-video-preview:-1\" \/>\n<link rel=\"canonical\" href=\"https:\/\/cardinal-tapes.com\/pl\/ta\u015bmy-samoprzylepne\/jednostronne-tasmy-samoprzylepne\/tasma-maskujaca-3m-2328\/\" \/>\n<meta property=\"og:locale\" content=\"pl_PL\" \/>\n<meta property=\"og:type\" content=\"article\" \/>\n<meta property=\"og:title\" content=\"Wydajna ta\u015bma maskuj\u0105ca 3M 2328 | Cardinal TAPES\" \/>\n<meta property=\"og:description\" content=\"3M 2328 jest u\u017cywany g\u0142\u00f3wnie do bezpiecznego i wydajnego maskowania podczas napraw samochod\u00f3w. Dowiedz si\u0119 wi\u0119cej o 3M 2328.\" \/>\n<meta property=\"og:url\" content=\"https:\/\/cardinal-tapes.com\/pl\/ta\u015bmy-samoprzylepne\/jednostronne-tasmy-samoprzylepne\/tasma-maskujaca-3m-2328\/\" \/>\n<meta property=\"og:site_name\" content=\"cardinal TAPES\" \/>\n<meta property=\"article:modified_time\" content=\"2025-07-07T08:37:17+00:00\" \/>\n<meta property=\"og:image\" content=\"https:\/\/cardinal-tapes.com\/wp-content\/uploads\/3m_scotch_universal_abdeckband_2328.jpg\" \/>\n\t<meta property=\"og:image:width\" content=\"600\" \/>\n\t<meta property=\"og:image:height\" content=\"600\" \/>\n\t<meta property=\"og:image:type\" content=\"image\/jpeg\" \/>\n<meta name=\"twitter:card\" content=\"summary_large_image\" \/>\n<meta name=\"twitter:label1\" content=\"Szacowany czas czytania\" \/>\n\t<meta name=\"twitter:data1\" content=\"1 minuta\" \/>\n<script type=\"application\/ld+json\" class=\"yoast-schema-graph\">{\"@context\":\"https:\\\/\\\/schema.org\",\"@graph\":[{\"@type\":\"WebPage\",\"@id\":\"https:\\\/\\\/cardinal-tapes.com\\\/pl\\\/ta\u015bmy-samoprzylepne\\\/jednostronne-tasmy-samoprzylepne\\\/tasma-maskujaca-3m-2328\\\/\",\"url\":\"https:\\\/\\\/cardinal-tapes.com\\\/pl\\\/ta\u015bmy-samoprzylepne\\\/jednostronne-tasmy-samoprzylepne\\\/tasma-maskujaca-3m-2328\\\/\",\"name\":\"Wydajna ta\u015bma maskuj\u0105ca 3M 2328 | Cardinal TAPES\",\"isPartOf\":{\"@id\":\"https:\\\/\\\/cardinal-tapes.com\\\/#website\"},\"primaryImageOfPage\":{\"@id\":\"https:\\\/\\\/cardinal-tapes.com\\\/pl\\\/ta\u015bmy-samoprzylepne\\\/jednostronne-tasmy-samoprzylepne\\\/tasma-maskujaca-3m-2328\\\/#primaryimage\"},\"image\":{\"@id\":\"https:\\\/\\\/cardinal-tapes.com\\\/pl\\\/ta\u015bmy-samoprzylepne\\\/jednostronne-tasmy-samoprzylepne\\\/tasma-maskujaca-3m-2328\\\/#primaryimage\"},\"thumbnailUrl\":\"https:\\\/\\\/cardinal-tapes.com\\\/wp-content\\\/uploads\\\/3m_scotch_universal_abdeckband_2328.jpg\",\"datePublished\":\"2023-06-06T08:19:44+00:00\",\"dateModified\":\"2025-07-07T08:37:17+00:00\",\"description\":\"3M 2328 jest u\u017cywany g\u0142\u00f3wnie do bezpiecznego i wydajnego maskowania podczas napraw samochod\u00f3w. Dowiedz si\u0119 wi\u0119cej o 3M 2328.\",\"breadcrumb\":{\"@id\":\"https:\\\/\\\/cardinal-tapes.com\\\/pl\\\/ta\u015bmy-samoprzylepne\\\/jednostronne-tasmy-samoprzylepne\\\/tasma-maskujaca-3m-2328\\\/#breadcrumb\"},\"inLanguage\":\"pl-PL\",\"potentialAction\":[{\"@type\":\"ReadAction\",\"target\":[\"https:\\\/\\\/cardinal-tapes.com\\\/pl\\\/ta\u015bmy-samoprzylepne\\\/jednostronne-tasmy-samoprzylepne\\\/tasma-maskujaca-3m-2328\\\/\"]}]},{\"@type\":\"ImageObject\",\"inLanguage\":\"pl-PL\",\"@id\":\"https:\\\/\\\/cardinal-tapes.com\\\/pl\\\/ta\u015bmy-samoprzylepne\\\/jednostronne-tasmy-samoprzylepne\\\/tasma-maskujaca-3m-2328\\\/#primaryimage\",\"url\":\"https:\\\/\\\/cardinal-tapes.com\\\/wp-content\\\/uploads\\\/3m_scotch_universal_abdeckband_2328.jpg\",\"contentUrl\":\"https:\\\/\\\/cardinal-tapes.com\\\/wp-content\\\/uploads\\\/3m_scotch_universal_abdeckband_2328.jpg\",\"width\":600,\"height\":600,\"caption\":\"Ta\u015bma maskuj\u0105ca 3M Scotch 2328\"},{\"@type\":\"BreadcrumbList\",\"@id\":\"https:\\\/\\\/cardinal-tapes.com\\\/pl\\\/ta\u015bmy-samoprzylepne\\\/jednostronne-tasmy-samoprzylepne\\\/tasma-maskujaca-3m-2328\\\/#breadcrumb\",\"itemListElement\":[{\"@type\":\"ListItem\",\"position\":1,\"name\":\"Startseite\",\"item\":\"https:\\\/\\\/cardinal-tapes.com\\\/pl\\\/strona-glowna\\\/\"},{\"@type\":\"ListItem\",\"position\":2,\"name\":\"Ta\u015bmy samoprzylepne\",\"item\":\"https:\\\/\\\/cardinal-tapes.com\\\/pl\\\/tasmy-samoprzylepne-pl\\\/\"},{\"@type\":\"ListItem\",\"position\":3,\"name\":\"Jednostronne ta\u015bmy samoprzylepne\",\"item\":\"https:\\\/\\\/cardinal-tapes.com\\\/pl\\\/kategoria\\\/jednostronne-tasmy-samoprzylepne\\\/\"},{\"@type\":\"ListItem\",\"position\":4,\"name\":\"Ta\u015bma maskuj\u0105ca 3M\u2122 2328\"}]},{\"@type\":\"WebSite\",\"@id\":\"https:\\\/\\\/cardinal-tapes.com\\\/#website\",\"url\":\"https:\\\/\\\/cardinal-tapes.com\\\/\",\"name\":\"cardinal TAPES\",\"description\":\"Klebetechnik aus Wuppertal\",\"potentialAction\":[{\"@type\":\"SearchAction\",\"target\":{\"@type\":\"EntryPoint\",\"urlTemplate\":\"https:\\\/\\\/cardinal-tapes.com\\\/?s={search_term_string}\"},\"query-input\":{\"@type\":\"PropertyValueSpecification\",\"valueRequired\":true,\"valueName\":\"search_term_string\"}}],\"inLanguage\":\"pl-PL\"}]}<\/script>\n<!-- \/ Yoast SEO plugin. -->","yoast_head_json":{"title":"Wydajna ta\u015bma maskuj\u0105ca 3M 2328 | Cardinal TAPES","description":"3M 2328 jest u\u017cywany g\u0142\u00f3wnie do bezpiecznego i wydajnego maskowania podczas napraw samochod\u00f3w. Dowiedz si\u0119 wi\u0119cej o 3M 2328.","robots":{"index":"index","follow":"follow","max-snippet":"max-snippet:-1","max-image-preview":"max-image-preview:large","max-video-preview":"max-video-preview:-1"},"canonical":"https:\/\/cardinal-tapes.com\/pl\/ta\u015bmy-samoprzylepne\/jednostronne-tasmy-samoprzylepne\/tasma-maskujaca-3m-2328\/","og_locale":"pl_PL","og_type":"article","og_title":"Wydajna ta\u015bma maskuj\u0105ca 3M 2328 | Cardinal TAPES","og_description":"3M 2328 jest u\u017cywany g\u0142\u00f3wnie do bezpiecznego i wydajnego maskowania podczas napraw samochod\u00f3w. Dowiedz si\u0119 wi\u0119cej o 3M 2328.","og_url":"https:\/\/cardinal-tapes.com\/pl\/ta\u015bmy-samoprzylepne\/jednostronne-tasmy-samoprzylepne\/tasma-maskujaca-3m-2328\/","og_site_name":"cardinal TAPES","article_modified_time":"2025-07-07T08:37:17+00:00","og_image":[{"width":600,"height":600,"url":"https:\/\/cardinal-tapes.com\/wp-content\/uploads\/3m_scotch_universal_abdeckband_2328.jpg","type":"image\/jpeg"}],"twitter_card":"summary_large_image","twitter_misc":{"Szacowany czas czytania":"1 minuta"},"schema":{"@context":"https:\/\/schema.org","@graph":[{"@type":"WebPage","@id":"https:\/\/cardinal-tapes.com\/pl\/ta\u015bmy-samoprzylepne\/jednostronne-tasmy-samoprzylepne\/tasma-maskujaca-3m-2328\/","url":"https:\/\/cardinal-tapes.com\/pl\/ta\u015bmy-samoprzylepne\/jednostronne-tasmy-samoprzylepne\/tasma-maskujaca-3m-2328\/","name":"Wydajna ta\u015bma maskuj\u0105ca 3M 2328 | Cardinal TAPES","isPartOf":{"@id":"https:\/\/cardinal-tapes.com\/#website"},"primaryImageOfPage":{"@id":"https:\/\/cardinal-tapes.com\/pl\/ta\u015bmy-samoprzylepne\/jednostronne-tasmy-samoprzylepne\/tasma-maskujaca-3m-2328\/#primaryimage"},"image":{"@id":"https:\/\/cardinal-tapes.com\/pl\/ta\u015bmy-samoprzylepne\/jednostronne-tasmy-samoprzylepne\/tasma-maskujaca-3m-2328\/#primaryimage"},"thumbnailUrl":"https:\/\/cardinal-tapes.com\/wp-content\/uploads\/3m_scotch_universal_abdeckband_2328.jpg","datePublished":"2023-06-06T08:19:44+00:00","dateModified":"2025-07-07T08:37:17+00:00","description":"3M 2328 jest u\u017cywany g\u0142\u00f3wnie do bezpiecznego i wydajnego maskowania podczas napraw samochod\u00f3w. Dowiedz si\u0119 wi\u0119cej o 3M 2328.","breadcrumb":{"@id":"https:\/\/cardinal-tapes.com\/pl\/ta\u015bmy-samoprzylepne\/jednostronne-tasmy-samoprzylepne\/tasma-maskujaca-3m-2328\/#breadcrumb"},"inLanguage":"pl-PL","potentialAction":[{"@type":"ReadAction","target":["https:\/\/cardinal-tapes.com\/pl\/ta\u015bmy-samoprzylepne\/jednostronne-tasmy-samoprzylepne\/tasma-maskujaca-3m-2328\/"]}]},{"@type":"ImageObject","inLanguage":"pl-PL","@id":"https:\/\/cardinal-tapes.com\/pl\/ta\u015bmy-samoprzylepne\/jednostronne-tasmy-samoprzylepne\/tasma-maskujaca-3m-2328\/#primaryimage","url":"https:\/\/cardinal-tapes.com\/wp-content\/uploads\/3m_scotch_universal_abdeckband_2328.jpg","contentUrl":"https:\/\/cardinal-tapes.com\/wp-content\/uploads\/3m_scotch_universal_abdeckband_2328.jpg","width":600,"height":600,"caption":"Ta\u015bma maskuj\u0105ca 3M Scotch 2328"},{"@type":"BreadcrumbList","@id":"https:\/\/cardinal-tapes.com\/pl\/ta\u015bmy-samoprzylepne\/jednostronne-tasmy-samoprzylepne\/tasma-maskujaca-3m-2328\/#breadcrumb","itemListElement":[{"@type":"ListItem","position":1,"name":"Startseite","item":"https:\/\/cardinal-tapes.com\/pl\/strona-glowna\/"},{"@type":"ListItem","position":2,"name":"Ta\u015bmy samoprzylepne","item":"https:\/\/cardinal-tapes.com\/pl\/tasmy-samoprzylepne-pl\/"},{"@type":"ListItem","position":3,"name":"Jednostronne ta\u015bmy samoprzylepne","item":"https:\/\/cardinal-tapes.com\/pl\/kategoria\/jednostronne-tasmy-samoprzylepne\/"},{"@type":"ListItem","position":4,"name":"Ta\u015bma maskuj\u0105ca 3M\u2122 2328"}]},{"@type":"WebSite","@id":"https:\/\/cardinal-tapes.com\/#website","url":"https:\/\/cardinal-tapes.com\/","name":"cardinal TAPES","description":"Klebetechnik aus Wuppertal","potentialAction":[{"@type":"SearchAction","target":{"@type":"EntryPoint","urlTemplate":"https:\/\/cardinal-tapes.com\/?s={search_term_string}"},"query-input":{"@type":"PropertyValueSpecification","valueRequired":true,"valueName":"search_term_string"}}],"inLanguage":"pl-PL"}]}},"brands":[{"id":2168,"name":"3M","slug":"3m-pl"}],"_links":{"self":[{"href":"https:\/\/cardinal-tapes.com\/pl\/wp-json\/wp\/v2\/product\/61477","targetHints":{"allow":["GET"]}}],"collection":[{"href":"https:\/\/cardinal-tapes.com\/pl\/wp-json\/wp\/v2\/product"}],"about":[{"href":"https:\/\/cardinal-tapes.com\/pl\/wp-json\/wp\/v2\/types\/product"}],"wp:featuredmedia":[{"embeddable":true,"href":"https:\/\/cardinal-tapes.com\/pl\/wp-json\/wp\/v2\/media\/24466"}],"wp:attachment":[{"href":"https:\/\/cardinal-tapes.com\/pl\/wp-json\/wp\/v2\/media?parent=61477"}],"wp:term":[{"taxonomy":"pwb-brand","embeddable":true,"href":"https:\/\/cardinal-tapes.com\/pl\/wp-json\/wp\/v2\/pwb-brand?post=61477"},{"taxonomy":"product_brand","embeddable":true,"href":"https:\/\/cardinal-tapes.com\/pl\/wp-json\/wp\/v2\/product_brand?post=61477"},{"taxonomy":"product_cat","embeddable":true,"href":"https:\/\/cardinal-tapes.com\/pl\/wp-json\/wp\/v2\/product_cat?post=61477"},{"taxonomy":"product_tag","embeddable":true,"href":"https:\/\/cardinal-tapes.com\/pl\/wp-json\/wp\/v2\/product_tag?post=61477"}],"curies":[{"name":"wp","href":"https:\/\/api.w.org\/{rel}","templated":true}]}}