{"id":61471,"date":"2017-12-08T09:17:56","date_gmt":"2017-12-08T08:17:56","guid":{"rendered":"https:\/\/cardinal.pixel-tal.de\/klebebaender\/bez-kategorii\/tasma-samoprzylepna-3m-2836\/"},"modified":"2025-07-07T12:07:35","modified_gmt":"2025-07-07T10:07:35","slug":"tasma-samoprzylepna-3m-2836","status":"publish","type":"product","link":"https:\/\/cardinal-tapes.com\/pl\/ta\u015bmy-samoprzylepne\/obszary-zastosowan\/tasma-papierowa\/tasma-samoprzylepna-3m-2836\/","title":{"rendered":"Ta\u015bma samoprzylepna 3M\u2122 2836"},"content":{"rendered":"<p>Ta\u015bma 3M\u2122 Scotch Tape 2836 jest stosowana g\u0142\u00f3wnie w przemy\u015ble motoryzacyjnym oraz w procesach malowania w wy\u017cszych temperaturach. Wynika to g\u0142\u00f3wnie z wysokiej odporno\u015bci na temperatur\u0119 140 \u00b0C. Ponadto ta\u015bma 2836 ma szereg innych zalet. Nale\u017c\u0105 do nich przede wszystkim \u0142atwa obs\u0142uga, wysoka odporno\u015b\u0107 na rozdarcie, dobra odporno\u015b\u0107 na wod\u0119 i dobra odporno\u015b\u0107 na rozpuszczalniki. Dzi\u0119ki tym w\u0142a\u015bciwo\u015bciom ta\u015bma samoprzylepna mo\u017ce by\u0107 r\u00f3wnie\u017c stosowana bardzo indywidualnie. Szeroko\u015b\u0107 rolki mo\u017cna zam\u00f3wi\u0107 indywidualnie na \u017c\u0105danie.<\/p>\n<p><strong>W\u0142a\u015bciwo\u015bci<\/strong><br \/>\nTa\u015bma klej\u0105ca krepowa2836 to elastyczna ta\u015bma, kt\u00f3ra jest odporna na szlifowanie na mokro i charakteryzuje si\u0119 dobr\u0105 usuwalno\u015bci\u0105 nawet na krytycznych powierzchniach. Jest r\u00f3wnie\u017c odporny na temperatury do 140\u00b0C przez kr\u00f3tki czas i rozpuszczalniki.<\/p>\n<p><strong>Zastosowania<\/strong><br \/>\n&#8211; Maskowanie podczas malowania i lakierowania<\/p>\n","protected":false},"excerpt":{"rendered":"<p>Ta\u015bma 3M\u2122 Scotch Tape 2836 jest stosowana g\u0142\u00f3wnie w przemy\u015ble motoryzacyjnym oraz w procesach malowania w wy\u017cszych temperaturach. Wynika to g\u0142\u00f3wnie z wysokiej odporno\u015bci na temperatur\u0119 140 \u00b0C. Ponadto ta\u015bma 2836 ma szereg innych zalet. Nale\u017c\u0105 do nich przede wszystkim \u0142atwa obs\u0142uga, wysoka odporno\u015b\u0107 na rozdarcie, dobra odporno\u015b\u0107 na wod\u0119 i dobra odporno\u015b\u0107 na rozpuszczalniki. [&hellip;]<\/p>\n","protected":false},"featured_media":24446,"template":"","meta":{"_acf_changed":false},"pwb-brand":[2168],"product_brand":[],"product_cat":[1786,1816],"product_tag":[],"class_list":{"0":"post-61471","1":"product","2":"type-product","3":"status-publish","4":"has-post-thumbnail","6":"pwb-brand-3m-pl","7":"product_cat-tasma-papierowa","8":"product_cat-jednostronne-tasmy-samoprzylepne","10":"first","11":"instock","12":"taxable","13":"shipping-taxable","14":"purchasable","15":"product-type-simple"},"acf":[],"yoast_head":"<!-- This site is optimized with the Yoast SEO plugin v27.3 - https:\/\/yoast.com\/product\/yoast-seo-wordpress\/ -->\n<title>Ta\u015bma samoprzylepna 3M 2836 | Cardinal TAPES<\/title>\n<meta name=\"description\" content=\"Ta\u015bma samoprzylepna Scotch 2836 jest stosowana g\u0142\u00f3wnie w przemy\u015ble motoryzacyjnym i w procesach malowania w wy\u017cszych temperaturach. Dowiedz si\u0119 wi\u0119cej.\" \/>\n<meta name=\"robots\" content=\"index, follow, max-snippet:-1, max-image-preview:large, max-video-preview:-1\" \/>\n<link rel=\"canonical\" href=\"https:\/\/cardinal-tapes.com\/pl\/ta\u015bmy-samoprzylepne\/obszary-zastosowan\/tasma-papierowa\/tasma-samoprzylepna-3m-2836\/\" \/>\n<meta property=\"og:locale\" content=\"pl_PL\" \/>\n<meta property=\"og:type\" content=\"article\" \/>\n<meta property=\"og:title\" content=\"Ta\u015bma samoprzylepna 3M 2836 | Cardinal TAPES\" \/>\n<meta property=\"og:description\" content=\"Ta\u015bma samoprzylepna Scotch 2836 jest stosowana g\u0142\u00f3wnie w przemy\u015ble motoryzacyjnym i w procesach malowania w wy\u017cszych temperaturach. Dowiedz si\u0119 wi\u0119cej.\" \/>\n<meta property=\"og:url\" content=\"https:\/\/cardinal-tapes.com\/pl\/ta\u015bmy-samoprzylepne\/obszary-zastosowan\/tasma-papierowa\/tasma-samoprzylepna-3m-2836\/\" \/>\n<meta property=\"og:site_name\" content=\"cardinal TAPES\" \/>\n<meta property=\"article:modified_time\" content=\"2025-07-07T10:07:35+00:00\" \/>\n<meta property=\"og:image\" content=\"https:\/\/cardinal-tapes.com\/wp-content\/uploads\/3m_scotch_papierklebeband_2836.jpg\" \/>\n\t<meta property=\"og:image:width\" content=\"600\" \/>\n\t<meta property=\"og:image:height\" content=\"600\" \/>\n\t<meta property=\"og:image:type\" content=\"image\/jpeg\" \/>\n<meta name=\"twitter:card\" content=\"summary_large_image\" \/>\n<meta name=\"twitter:label1\" content=\"Szacowany czas czytania\" \/>\n\t<meta name=\"twitter:data1\" content=\"1 minuta\" \/>\n<script type=\"application\/ld+json\" class=\"yoast-schema-graph\">{\"@context\":\"https:\\\/\\\/schema.org\",\"@graph\":[{\"@type\":\"WebPage\",\"@id\":\"https:\\\/\\\/cardinal-tapes.com\\\/pl\\\/ta\u015bmy-samoprzylepne\\\/obszary-zastosowan\\\/tasma-papierowa\\\/tasma-samoprzylepna-3m-2836\\\/\",\"url\":\"https:\\\/\\\/cardinal-tapes.com\\\/pl\\\/ta\u015bmy-samoprzylepne\\\/obszary-zastosowan\\\/tasma-papierowa\\\/tasma-samoprzylepna-3m-2836\\\/\",\"name\":\"Ta\u015bma samoprzylepna 3M 2836 | Cardinal TAPES\",\"isPartOf\":{\"@id\":\"https:\\\/\\\/cardinal-tapes.com\\\/#website\"},\"primaryImageOfPage\":{\"@id\":\"https:\\\/\\\/cardinal-tapes.com\\\/pl\\\/ta\u015bmy-samoprzylepne\\\/obszary-zastosowan\\\/tasma-papierowa\\\/tasma-samoprzylepna-3m-2836\\\/#primaryimage\"},\"image\":{\"@id\":\"https:\\\/\\\/cardinal-tapes.com\\\/pl\\\/ta\u015bmy-samoprzylepne\\\/obszary-zastosowan\\\/tasma-papierowa\\\/tasma-samoprzylepna-3m-2836\\\/#primaryimage\"},\"thumbnailUrl\":\"https:\\\/\\\/cardinal-tapes.com\\\/wp-content\\\/uploads\\\/3m_scotch_papierklebeband_2836.jpg\",\"datePublished\":\"2017-12-08T08:17:56+00:00\",\"dateModified\":\"2025-07-07T10:07:35+00:00\",\"description\":\"Ta\u015bma samoprzylepna Scotch 2836 jest stosowana g\u0142\u00f3wnie w przemy\u015ble motoryzacyjnym i w procesach malowania w wy\u017cszych temperaturach. Dowiedz si\u0119 wi\u0119cej.\",\"breadcrumb\":{\"@id\":\"https:\\\/\\\/cardinal-tapes.com\\\/pl\\\/ta\u015bmy-samoprzylepne\\\/obszary-zastosowan\\\/tasma-papierowa\\\/tasma-samoprzylepna-3m-2836\\\/#breadcrumb\"},\"inLanguage\":\"pl-PL\",\"potentialAction\":[{\"@type\":\"ReadAction\",\"target\":[\"https:\\\/\\\/cardinal-tapes.com\\\/pl\\\/ta\u015bmy-samoprzylepne\\\/obszary-zastosowan\\\/tasma-papierowa\\\/tasma-samoprzylepna-3m-2836\\\/\"]}]},{\"@type\":\"ImageObject\",\"inLanguage\":\"pl-PL\",\"@id\":\"https:\\\/\\\/cardinal-tapes.com\\\/pl\\\/ta\u015bmy-samoprzylepne\\\/obszary-zastosowan\\\/tasma-papierowa\\\/tasma-samoprzylepna-3m-2836\\\/#primaryimage\",\"url\":\"https:\\\/\\\/cardinal-tapes.com\\\/wp-content\\\/uploads\\\/3m_scotch_papierklebeband_2836.jpg\",\"contentUrl\":\"https:\\\/\\\/cardinal-tapes.com\\\/wp-content\\\/uploads\\\/3m_scotch_papierklebeband_2836.jpg\",\"width\":600,\"height\":600,\"caption\":\"Ta\u015bma papierowa 3M Scotch 2836\"},{\"@type\":\"BreadcrumbList\",\"@id\":\"https:\\\/\\\/cardinal-tapes.com\\\/pl\\\/ta\u015bmy-samoprzylepne\\\/obszary-zastosowan\\\/tasma-papierowa\\\/tasma-samoprzylepna-3m-2836\\\/#breadcrumb\",\"itemListElement\":[{\"@type\":\"ListItem\",\"position\":1,\"name\":\"Startseite\",\"item\":\"https:\\\/\\\/cardinal-tapes.com\\\/pl\\\/strona-glowna\\\/\"},{\"@type\":\"ListItem\",\"position\":2,\"name\":\"Ta\u015bmy samoprzylepne\",\"item\":\"https:\\\/\\\/cardinal-tapes.com\\\/pl\\\/tasmy-samoprzylepne-pl\\\/\"},{\"@type\":\"ListItem\",\"position\":3,\"name\":\"Einseitige Klebeb\u00e4nder\",\"item\":\"https:\\\/\\\/cardinal-tapes.com\\\/kategorie\\\/einseitige-klebebaender\\\/\"},{\"@type\":\"ListItem\",\"position\":4,\"name\":\"Ta\u015bma samoprzylepna 3M\u2122 2836\"}]},{\"@type\":\"WebSite\",\"@id\":\"https:\\\/\\\/cardinal-tapes.com\\\/#website\",\"url\":\"https:\\\/\\\/cardinal-tapes.com\\\/\",\"name\":\"cardinal TAPES\",\"description\":\"Klebetechnik aus Wuppertal\",\"potentialAction\":[{\"@type\":\"SearchAction\",\"target\":{\"@type\":\"EntryPoint\",\"urlTemplate\":\"https:\\\/\\\/cardinal-tapes.com\\\/?s={search_term_string}\"},\"query-input\":{\"@type\":\"PropertyValueSpecification\",\"valueRequired\":true,\"valueName\":\"search_term_string\"}}],\"inLanguage\":\"pl-PL\"}]}<\/script>\n<!-- \/ Yoast SEO plugin. -->","yoast_head_json":{"title":"Ta\u015bma samoprzylepna 3M 2836 | Cardinal TAPES","description":"Ta\u015bma samoprzylepna Scotch 2836 jest stosowana g\u0142\u00f3wnie w przemy\u015ble motoryzacyjnym i w procesach malowania w wy\u017cszych temperaturach. Dowiedz si\u0119 wi\u0119cej.","robots":{"index":"index","follow":"follow","max-snippet":"max-snippet:-1","max-image-preview":"max-image-preview:large","max-video-preview":"max-video-preview:-1"},"canonical":"https:\/\/cardinal-tapes.com\/pl\/ta\u015bmy-samoprzylepne\/obszary-zastosowan\/tasma-papierowa\/tasma-samoprzylepna-3m-2836\/","og_locale":"pl_PL","og_type":"article","og_title":"Ta\u015bma samoprzylepna 3M 2836 | Cardinal TAPES","og_description":"Ta\u015bma samoprzylepna Scotch 2836 jest stosowana g\u0142\u00f3wnie w przemy\u015ble motoryzacyjnym i w procesach malowania w wy\u017cszych temperaturach. Dowiedz si\u0119 wi\u0119cej.","og_url":"https:\/\/cardinal-tapes.com\/pl\/ta\u015bmy-samoprzylepne\/obszary-zastosowan\/tasma-papierowa\/tasma-samoprzylepna-3m-2836\/","og_site_name":"cardinal TAPES","article_modified_time":"2025-07-07T10:07:35+00:00","og_image":[{"width":600,"height":600,"url":"https:\/\/cardinal-tapes.com\/wp-content\/uploads\/3m_scotch_papierklebeband_2836.jpg","type":"image\/jpeg"}],"twitter_card":"summary_large_image","twitter_misc":{"Szacowany czas czytania":"1 minuta"},"schema":{"@context":"https:\/\/schema.org","@graph":[{"@type":"WebPage","@id":"https:\/\/cardinal-tapes.com\/pl\/ta\u015bmy-samoprzylepne\/obszary-zastosowan\/tasma-papierowa\/tasma-samoprzylepna-3m-2836\/","url":"https:\/\/cardinal-tapes.com\/pl\/ta\u015bmy-samoprzylepne\/obszary-zastosowan\/tasma-papierowa\/tasma-samoprzylepna-3m-2836\/","name":"Ta\u015bma samoprzylepna 3M 2836 | Cardinal TAPES","isPartOf":{"@id":"https:\/\/cardinal-tapes.com\/#website"},"primaryImageOfPage":{"@id":"https:\/\/cardinal-tapes.com\/pl\/ta\u015bmy-samoprzylepne\/obszary-zastosowan\/tasma-papierowa\/tasma-samoprzylepna-3m-2836\/#primaryimage"},"image":{"@id":"https:\/\/cardinal-tapes.com\/pl\/ta\u015bmy-samoprzylepne\/obszary-zastosowan\/tasma-papierowa\/tasma-samoprzylepna-3m-2836\/#primaryimage"},"thumbnailUrl":"https:\/\/cardinal-tapes.com\/wp-content\/uploads\/3m_scotch_papierklebeband_2836.jpg","datePublished":"2017-12-08T08:17:56+00:00","dateModified":"2025-07-07T10:07:35+00:00","description":"Ta\u015bma samoprzylepna Scotch 2836 jest stosowana g\u0142\u00f3wnie w przemy\u015ble motoryzacyjnym i w procesach malowania w wy\u017cszych temperaturach. Dowiedz si\u0119 wi\u0119cej.","breadcrumb":{"@id":"https:\/\/cardinal-tapes.com\/pl\/ta\u015bmy-samoprzylepne\/obszary-zastosowan\/tasma-papierowa\/tasma-samoprzylepna-3m-2836\/#breadcrumb"},"inLanguage":"pl-PL","potentialAction":[{"@type":"ReadAction","target":["https:\/\/cardinal-tapes.com\/pl\/ta\u015bmy-samoprzylepne\/obszary-zastosowan\/tasma-papierowa\/tasma-samoprzylepna-3m-2836\/"]}]},{"@type":"ImageObject","inLanguage":"pl-PL","@id":"https:\/\/cardinal-tapes.com\/pl\/ta\u015bmy-samoprzylepne\/obszary-zastosowan\/tasma-papierowa\/tasma-samoprzylepna-3m-2836\/#primaryimage","url":"https:\/\/cardinal-tapes.com\/wp-content\/uploads\/3m_scotch_papierklebeband_2836.jpg","contentUrl":"https:\/\/cardinal-tapes.com\/wp-content\/uploads\/3m_scotch_papierklebeband_2836.jpg","width":600,"height":600,"caption":"Ta\u015bma papierowa 3M Scotch 2836"},{"@type":"BreadcrumbList","@id":"https:\/\/cardinal-tapes.com\/pl\/ta\u015bmy-samoprzylepne\/obszary-zastosowan\/tasma-papierowa\/tasma-samoprzylepna-3m-2836\/#breadcrumb","itemListElement":[{"@type":"ListItem","position":1,"name":"Startseite","item":"https:\/\/cardinal-tapes.com\/pl\/strona-glowna\/"},{"@type":"ListItem","position":2,"name":"Ta\u015bmy samoprzylepne","item":"https:\/\/cardinal-tapes.com\/pl\/tasmy-samoprzylepne-pl\/"},{"@type":"ListItem","position":3,"name":"Einseitige Klebeb\u00e4nder","item":"https:\/\/cardinal-tapes.com\/kategorie\/einseitige-klebebaender\/"},{"@type":"ListItem","position":4,"name":"Ta\u015bma samoprzylepna 3M\u2122 2836"}]},{"@type":"WebSite","@id":"https:\/\/cardinal-tapes.com\/#website","url":"https:\/\/cardinal-tapes.com\/","name":"cardinal TAPES","description":"Klebetechnik aus Wuppertal","potentialAction":[{"@type":"SearchAction","target":{"@type":"EntryPoint","urlTemplate":"https:\/\/cardinal-tapes.com\/?s={search_term_string}"},"query-input":{"@type":"PropertyValueSpecification","valueRequired":true,"valueName":"search_term_string"}}],"inLanguage":"pl-PL"}]}},"brands":[{"id":2168,"name":"3M","slug":"3m-pl"}],"_links":{"self":[{"href":"https:\/\/cardinal-tapes.com\/pl\/wp-json\/wp\/v2\/product\/61471","targetHints":{"allow":["GET"]}}],"collection":[{"href":"https:\/\/cardinal-tapes.com\/pl\/wp-json\/wp\/v2\/product"}],"about":[{"href":"https:\/\/cardinal-tapes.com\/pl\/wp-json\/wp\/v2\/types\/product"}],"wp:featuredmedia":[{"embeddable":true,"href":"https:\/\/cardinal-tapes.com\/pl\/wp-json\/wp\/v2\/media\/24446"}],"wp:attachment":[{"href":"https:\/\/cardinal-tapes.com\/pl\/wp-json\/wp\/v2\/media?parent=61471"}],"wp:term":[{"taxonomy":"pwb-brand","embeddable":true,"href":"https:\/\/cardinal-tapes.com\/pl\/wp-json\/wp\/v2\/pwb-brand?post=61471"},{"taxonomy":"product_brand","embeddable":true,"href":"https:\/\/cardinal-tapes.com\/pl\/wp-json\/wp\/v2\/product_brand?post=61471"},{"taxonomy":"product_cat","embeddable":true,"href":"https:\/\/cardinal-tapes.com\/pl\/wp-json\/wp\/v2\/product_cat?post=61471"},{"taxonomy":"product_tag","embeddable":true,"href":"https:\/\/cardinal-tapes.com\/pl\/wp-json\/wp\/v2\/product_tag?post=61471"}],"curies":[{"name":"wp","href":"https:\/\/api.w.org\/{rel}","templated":true}]}}