{"id":61463,"date":"2017-12-08T09:17:08","date_gmt":"2023-06-06T08:19:44","guid":{"rendered":"https:\/\/cardinal.pixel-tal.de\/klebebaender\/bez-kategorii\/tasma-klejaca-3m-crepe-2830\/"},"modified":"2025-07-07T11:37:59","modified_gmt":"2025-07-07T09:37:59","slug":"tasma-samoprzylepna-3m-2830","status":"publish","type":"product","link":"https:\/\/cardinal-tapes.com\/pl\/ta\u015bmy-samoprzylepne\/obszary-zastosowan\/tasma-papierowa\/tasma-samoprzylepna-3m-2830\/","title":{"rendered":"Ta\u015bma klej\u0105ca 3M\u2122 Crepe 2830"},"content":{"rendered":"<p>Dzi\u0119ki swoim w\u0142a\u015bciwo\u015bciom ta\u015bma samoprzylepna 3M\u2122 Scotch Adhesive Tape 2830 znajduje zastosowanie przede wszystkim w przemy\u015ble motoryzacyjnym, ale tak\u017ce w wielu innych dziedzinach. Najwa\u017cniejsz\u0105 w\u0142a\u015bciwo\u015bci\u0105 w tym obszarze jest odporno\u015b\u0107 na wysokie temperatury. Ta\u015bma samoprzylepna pozostaje odporna na temperatur\u0119 do 140\u00b0C przez ponad godzin\u0119. Mo\u017cliwe jest na przyk\u0142ad zastosowanie lamp grzewczych, ale tak\u017ce innych urz\u0105dze\u0144 promuj\u0105cych ciep\u0142o. Ponadto ta\u015bma samoprzylepna Scotch 2830 jest bardzo odporna na rozdarcie, mo\u017cna j\u0105 usun\u0105\u0107 bez pozostawiania \u015blad\u00f3w i ma dobr\u0105 wodoodporno\u015b\u0107. Dzi\u0119ki temu mo\u017ce by\u0107 u\u017cywany w wielu obszarach.<\/p>\n<p><strong>W\u0142a\u015bciwo\u015bci<\/strong><br \/>\n&#8211; Dobra przyczepno\u015b\u0107 i odporno\u015b\u0107 na rozdarcia<br \/>\n&#8211; \u0141atwa obs\u0142uga<br \/>\n&#8211; Dobra odporno\u015b\u0107 na rozpuszczalniki<br \/>\n&#8211; Odporno\u015b\u0107 na wysokie temperatury<\/p>\n<p><strong>Zastosowania<\/strong><br \/>\n&#8211; Do og\u00f3lnego maskowania i przytrzymywania, a tak\u017ce do uszczelniania i wi\u0105zania<br \/>\n&#8211; Do zastosowa\u0144 motoryzacyjnych, takich jak naprawy lub produkcja<\/p>\n","protected":false},"excerpt":{"rendered":"<h3><span style=\"color: #ff0000;\"><strong>Przepraszamy, ten produkt nie jest ju\u017c dost\u0119pny. Z przyjemno\u015bci\u0105 doradzimy alternatywne rozwi\u0105zania!<\/strong><\/span><\/h3>\n","protected":false},"featured_media":24450,"template":"","meta":{"_acf_changed":false},"pwb-brand":[2168],"product_brand":[],"product_cat":[1786,1816],"product_tag":[],"class_list":{"0":"post-61463","1":"product","2":"type-product","3":"status-publish","4":"has-post-thumbnail","6":"pwb-brand-3m-pl","7":"product_cat-tasma-papierowa","8":"product_cat-jednostronne-tasmy-samoprzylepne","10":"first","11":"outofstock","12":"taxable","13":"shipping-taxable","14":"product-type-variable"},"acf":[],"yoast_head":"<!-- This site is optimized with the Yoast SEO plugin v27.3 - https:\/\/yoast.com\/product\/yoast-seo-wordpress\/ -->\n<title>Ta\u015bma samoprzylepna 3M 2830 | Cardinal TAPES<\/title>\n<meta name=\"description\" content=\"Dzi\u0119ki swoim w\u0142a\u015bciwo\u015bciom ta\u015bma samoprzylepna Scotch 2830 znajduje zastosowanie przede wszystkim w przemy\u015ble motoryzacyjnym, ale tak\u017ce w wielu innych dziedzinach. Dowiedz si\u0119 wi\u0119cej.\" \/>\n<meta name=\"robots\" content=\"index, follow, max-snippet:-1, max-image-preview:large, max-video-preview:-1\" \/>\n<link rel=\"canonical\" href=\"https:\/\/cardinal-tapes.com\/pl\/ta\u015bmy-samoprzylepne\/obszary-zastosowan\/tasma-papierowa\/tasma-samoprzylepna-3m-2830\/\" \/>\n<meta property=\"og:locale\" content=\"pl_PL\" \/>\n<meta property=\"og:type\" content=\"article\" \/>\n<meta property=\"og:title\" content=\"Ta\u015bma samoprzylepna 3M 2830 | Cardinal TAPES\" \/>\n<meta property=\"og:description\" content=\"Dzi\u0119ki swoim w\u0142a\u015bciwo\u015bciom ta\u015bma samoprzylepna Scotch 2830 znajduje zastosowanie przede wszystkim w przemy\u015ble motoryzacyjnym, ale tak\u017ce w wielu innych dziedzinach. Dowiedz si\u0119 wi\u0119cej.\" \/>\n<meta property=\"og:url\" content=\"https:\/\/cardinal-tapes.com\/pl\/ta\u015bmy-samoprzylepne\/obszary-zastosowan\/tasma-papierowa\/tasma-samoprzylepna-3m-2830\/\" \/>\n<meta property=\"og:site_name\" content=\"cardinal TAPES\" \/>\n<meta property=\"article:modified_time\" content=\"2025-07-07T09:37:59+00:00\" \/>\n<meta property=\"og:image\" content=\"https:\/\/cardinal-tapes.com\/wp-content\/uploads\/3m_scotch_papierklebeband_2830.jpg\" \/>\n\t<meta property=\"og:image:width\" content=\"600\" \/>\n\t<meta property=\"og:image:height\" content=\"600\" \/>\n\t<meta property=\"og:image:type\" content=\"image\/jpeg\" \/>\n<meta name=\"twitter:card\" content=\"summary_large_image\" \/>\n<meta name=\"twitter:label1\" content=\"Szacowany czas czytania\" \/>\n\t<meta name=\"twitter:data1\" content=\"1 minuta\" \/>\n<script type=\"application\/ld+json\" class=\"yoast-schema-graph\">{\"@context\":\"https:\\\/\\\/schema.org\",\"@graph\":[{\"@type\":\"WebPage\",\"@id\":\"https:\\\/\\\/cardinal-tapes.com\\\/pl\\\/ta\u015bmy-samoprzylepne\\\/obszary-zastosowan\\\/tasma-papierowa\\\/tasma-samoprzylepna-3m-2830\\\/\",\"url\":\"https:\\\/\\\/cardinal-tapes.com\\\/pl\\\/ta\u015bmy-samoprzylepne\\\/obszary-zastosowan\\\/tasma-papierowa\\\/tasma-samoprzylepna-3m-2830\\\/\",\"name\":\"Ta\u015bma samoprzylepna 3M 2830 | Cardinal TAPES\",\"isPartOf\":{\"@id\":\"https:\\\/\\\/cardinal-tapes.com\\\/#website\"},\"primaryImageOfPage\":{\"@id\":\"https:\\\/\\\/cardinal-tapes.com\\\/pl\\\/ta\u015bmy-samoprzylepne\\\/obszary-zastosowan\\\/tasma-papierowa\\\/tasma-samoprzylepna-3m-2830\\\/#primaryimage\"},\"image\":{\"@id\":\"https:\\\/\\\/cardinal-tapes.com\\\/pl\\\/ta\u015bmy-samoprzylepne\\\/obszary-zastosowan\\\/tasma-papierowa\\\/tasma-samoprzylepna-3m-2830\\\/#primaryimage\"},\"thumbnailUrl\":\"https:\\\/\\\/cardinal-tapes.com\\\/wp-content\\\/uploads\\\/3m_scotch_papierklebeband_2830.jpg\",\"datePublished\":\"2023-06-06T08:19:44+00:00\",\"dateModified\":\"2025-07-07T09:37:59+00:00\",\"description\":\"Dzi\u0119ki swoim w\u0142a\u015bciwo\u015bciom ta\u015bma samoprzylepna Scotch 2830 znajduje zastosowanie przede wszystkim w przemy\u015ble motoryzacyjnym, ale tak\u017ce w wielu innych dziedzinach. Dowiedz si\u0119 wi\u0119cej.\",\"breadcrumb\":{\"@id\":\"https:\\\/\\\/cardinal-tapes.com\\\/pl\\\/ta\u015bmy-samoprzylepne\\\/obszary-zastosowan\\\/tasma-papierowa\\\/tasma-samoprzylepna-3m-2830\\\/#breadcrumb\"},\"inLanguage\":\"pl-PL\",\"potentialAction\":[{\"@type\":\"ReadAction\",\"target\":[\"https:\\\/\\\/cardinal-tapes.com\\\/pl\\\/ta\u015bmy-samoprzylepne\\\/obszary-zastosowan\\\/tasma-papierowa\\\/tasma-samoprzylepna-3m-2830\\\/\"]}]},{\"@type\":\"ImageObject\",\"inLanguage\":\"pl-PL\",\"@id\":\"https:\\\/\\\/cardinal-tapes.com\\\/pl\\\/ta\u015bmy-samoprzylepne\\\/obszary-zastosowan\\\/tasma-papierowa\\\/tasma-samoprzylepna-3m-2830\\\/#primaryimage\",\"url\":\"https:\\\/\\\/cardinal-tapes.com\\\/wp-content\\\/uploads\\\/3m_scotch_papierklebeband_2830.jpg\",\"contentUrl\":\"https:\\\/\\\/cardinal-tapes.com\\\/wp-content\\\/uploads\\\/3m_scotch_papierklebeband_2830.jpg\",\"width\":600,\"height\":600,\"caption\":\"Ta\u015bma papierowa 3M Scotch 2830\"},{\"@type\":\"BreadcrumbList\",\"@id\":\"https:\\\/\\\/cardinal-tapes.com\\\/pl\\\/ta\u015bmy-samoprzylepne\\\/obszary-zastosowan\\\/tasma-papierowa\\\/tasma-samoprzylepna-3m-2830\\\/#breadcrumb\",\"itemListElement\":[{\"@type\":\"ListItem\",\"position\":1,\"name\":\"Startseite\",\"item\":\"https:\\\/\\\/cardinal-tapes.com\\\/pl\\\/strona-glowna\\\/\"},{\"@type\":\"ListItem\",\"position\":2,\"name\":\"Ta\u015bmy samoprzylepne\",\"item\":\"https:\\\/\\\/cardinal-tapes.com\\\/pl\\\/tasmy-samoprzylepne-pl\\\/\"},{\"@type\":\"ListItem\",\"position\":3,\"name\":\"Einseitige Klebeb\u00e4nder\",\"item\":\"https:\\\/\\\/cardinal-tapes.com\\\/kategorie\\\/einseitige-klebebaender\\\/\"},{\"@type\":\"ListItem\",\"position\":4,\"name\":\"Ta\u015bma klej\u0105ca 3M\u2122 Crepe 2830\"}]},{\"@type\":\"WebSite\",\"@id\":\"https:\\\/\\\/cardinal-tapes.com\\\/#website\",\"url\":\"https:\\\/\\\/cardinal-tapes.com\\\/\",\"name\":\"cardinal TAPES\",\"description\":\"Klebetechnik aus Wuppertal\",\"potentialAction\":[{\"@type\":\"SearchAction\",\"target\":{\"@type\":\"EntryPoint\",\"urlTemplate\":\"https:\\\/\\\/cardinal-tapes.com\\\/?s={search_term_string}\"},\"query-input\":{\"@type\":\"PropertyValueSpecification\",\"valueRequired\":true,\"valueName\":\"search_term_string\"}}],\"inLanguage\":\"pl-PL\"}]}<\/script>\n<!-- \/ Yoast SEO plugin. -->","yoast_head_json":{"title":"Ta\u015bma samoprzylepna 3M 2830 | Cardinal TAPES","description":"Dzi\u0119ki swoim w\u0142a\u015bciwo\u015bciom ta\u015bma samoprzylepna Scotch 2830 znajduje zastosowanie przede wszystkim w przemy\u015ble motoryzacyjnym, ale tak\u017ce w wielu innych dziedzinach. Dowiedz si\u0119 wi\u0119cej.","robots":{"index":"index","follow":"follow","max-snippet":"max-snippet:-1","max-image-preview":"max-image-preview:large","max-video-preview":"max-video-preview:-1"},"canonical":"https:\/\/cardinal-tapes.com\/pl\/ta\u015bmy-samoprzylepne\/obszary-zastosowan\/tasma-papierowa\/tasma-samoprzylepna-3m-2830\/","og_locale":"pl_PL","og_type":"article","og_title":"Ta\u015bma samoprzylepna 3M 2830 | Cardinal TAPES","og_description":"Dzi\u0119ki swoim w\u0142a\u015bciwo\u015bciom ta\u015bma samoprzylepna Scotch 2830 znajduje zastosowanie przede wszystkim w przemy\u015ble motoryzacyjnym, ale tak\u017ce w wielu innych dziedzinach. Dowiedz si\u0119 wi\u0119cej.","og_url":"https:\/\/cardinal-tapes.com\/pl\/ta\u015bmy-samoprzylepne\/obszary-zastosowan\/tasma-papierowa\/tasma-samoprzylepna-3m-2830\/","og_site_name":"cardinal TAPES","article_modified_time":"2025-07-07T09:37:59+00:00","og_image":[{"width":600,"height":600,"url":"https:\/\/cardinal-tapes.com\/wp-content\/uploads\/3m_scotch_papierklebeband_2830.jpg","type":"image\/jpeg"}],"twitter_card":"summary_large_image","twitter_misc":{"Szacowany czas czytania":"1 minuta"},"schema":{"@context":"https:\/\/schema.org","@graph":[{"@type":"WebPage","@id":"https:\/\/cardinal-tapes.com\/pl\/ta\u015bmy-samoprzylepne\/obszary-zastosowan\/tasma-papierowa\/tasma-samoprzylepna-3m-2830\/","url":"https:\/\/cardinal-tapes.com\/pl\/ta\u015bmy-samoprzylepne\/obszary-zastosowan\/tasma-papierowa\/tasma-samoprzylepna-3m-2830\/","name":"Ta\u015bma samoprzylepna 3M 2830 | Cardinal TAPES","isPartOf":{"@id":"https:\/\/cardinal-tapes.com\/#website"},"primaryImageOfPage":{"@id":"https:\/\/cardinal-tapes.com\/pl\/ta\u015bmy-samoprzylepne\/obszary-zastosowan\/tasma-papierowa\/tasma-samoprzylepna-3m-2830\/#primaryimage"},"image":{"@id":"https:\/\/cardinal-tapes.com\/pl\/ta\u015bmy-samoprzylepne\/obszary-zastosowan\/tasma-papierowa\/tasma-samoprzylepna-3m-2830\/#primaryimage"},"thumbnailUrl":"https:\/\/cardinal-tapes.com\/wp-content\/uploads\/3m_scotch_papierklebeband_2830.jpg","datePublished":"2023-06-06T08:19:44+00:00","dateModified":"2025-07-07T09:37:59+00:00","description":"Dzi\u0119ki swoim w\u0142a\u015bciwo\u015bciom ta\u015bma samoprzylepna Scotch 2830 znajduje zastosowanie przede wszystkim w przemy\u015ble motoryzacyjnym, ale tak\u017ce w wielu innych dziedzinach. Dowiedz si\u0119 wi\u0119cej.","breadcrumb":{"@id":"https:\/\/cardinal-tapes.com\/pl\/ta\u015bmy-samoprzylepne\/obszary-zastosowan\/tasma-papierowa\/tasma-samoprzylepna-3m-2830\/#breadcrumb"},"inLanguage":"pl-PL","potentialAction":[{"@type":"ReadAction","target":["https:\/\/cardinal-tapes.com\/pl\/ta\u015bmy-samoprzylepne\/obszary-zastosowan\/tasma-papierowa\/tasma-samoprzylepna-3m-2830\/"]}]},{"@type":"ImageObject","inLanguage":"pl-PL","@id":"https:\/\/cardinal-tapes.com\/pl\/ta\u015bmy-samoprzylepne\/obszary-zastosowan\/tasma-papierowa\/tasma-samoprzylepna-3m-2830\/#primaryimage","url":"https:\/\/cardinal-tapes.com\/wp-content\/uploads\/3m_scotch_papierklebeband_2830.jpg","contentUrl":"https:\/\/cardinal-tapes.com\/wp-content\/uploads\/3m_scotch_papierklebeband_2830.jpg","width":600,"height":600,"caption":"Ta\u015bma papierowa 3M Scotch 2830"},{"@type":"BreadcrumbList","@id":"https:\/\/cardinal-tapes.com\/pl\/ta\u015bmy-samoprzylepne\/obszary-zastosowan\/tasma-papierowa\/tasma-samoprzylepna-3m-2830\/#breadcrumb","itemListElement":[{"@type":"ListItem","position":1,"name":"Startseite","item":"https:\/\/cardinal-tapes.com\/pl\/strona-glowna\/"},{"@type":"ListItem","position":2,"name":"Ta\u015bmy samoprzylepne","item":"https:\/\/cardinal-tapes.com\/pl\/tasmy-samoprzylepne-pl\/"},{"@type":"ListItem","position":3,"name":"Einseitige Klebeb\u00e4nder","item":"https:\/\/cardinal-tapes.com\/kategorie\/einseitige-klebebaender\/"},{"@type":"ListItem","position":4,"name":"Ta\u015bma klej\u0105ca 3M\u2122 Crepe 2830"}]},{"@type":"WebSite","@id":"https:\/\/cardinal-tapes.com\/#website","url":"https:\/\/cardinal-tapes.com\/","name":"cardinal TAPES","description":"Klebetechnik aus Wuppertal","potentialAction":[{"@type":"SearchAction","target":{"@type":"EntryPoint","urlTemplate":"https:\/\/cardinal-tapes.com\/?s={search_term_string}"},"query-input":{"@type":"PropertyValueSpecification","valueRequired":true,"valueName":"search_term_string"}}],"inLanguage":"pl-PL"}]}},"brands":[{"id":2168,"name":"3M","slug":"3m-pl"}],"_links":{"self":[{"href":"https:\/\/cardinal-tapes.com\/pl\/wp-json\/wp\/v2\/product\/61463","targetHints":{"allow":["GET"]}}],"collection":[{"href":"https:\/\/cardinal-tapes.com\/pl\/wp-json\/wp\/v2\/product"}],"about":[{"href":"https:\/\/cardinal-tapes.com\/pl\/wp-json\/wp\/v2\/types\/product"}],"wp:featuredmedia":[{"embeddable":true,"href":"https:\/\/cardinal-tapes.com\/pl\/wp-json\/wp\/v2\/media\/24450"}],"wp:attachment":[{"href":"https:\/\/cardinal-tapes.com\/pl\/wp-json\/wp\/v2\/media?parent=61463"}],"wp:term":[{"taxonomy":"pwb-brand","embeddable":true,"href":"https:\/\/cardinal-tapes.com\/pl\/wp-json\/wp\/v2\/pwb-brand?post=61463"},{"taxonomy":"product_brand","embeddable":true,"href":"https:\/\/cardinal-tapes.com\/pl\/wp-json\/wp\/v2\/product_brand?post=61463"},{"taxonomy":"product_cat","embeddable":true,"href":"https:\/\/cardinal-tapes.com\/pl\/wp-json\/wp\/v2\/product_cat?post=61463"},{"taxonomy":"product_tag","embeddable":true,"href":"https:\/\/cardinal-tapes.com\/pl\/wp-json\/wp\/v2\/product_tag?post=61463"}],"curies":[{"name":"wp","href":"https:\/\/api.w.org\/{rel}","templated":true}]}}