{"id":61455,"date":"2017-12-08T09:44:32","date_gmt":"2023-06-06T08:19:43","guid":{"rendered":"https:\/\/cardinal.pixel-tal.de\/klebebaender\/bez-kategorii\/tasma-samoprzylepna-3m-z-miekkiego-pvc-472\/"},"modified":"2025-07-07T17:00:38","modified_gmt":"2025-07-07T15:00:38","slug":"3m-472-weich-pvc-klebeband","status":"publish","type":"product","link":"https:\/\/cardinal-tapes.com\/pl\/ta\u015bmy-samoprzylepne\/jednostronne-tasmy-samoprzylepne\/folia-pvc\/3m-472-weich-pvc-klebeband\/","title":{"rendered":"Ta\u015bma samoprzylepna 3M\u2122 z mi\u0119kkiego PVC 472"},"content":{"rendered":"<p>Ta\u015bma 3M\u2122 Soft PVC Tape 472 zosta\u0142a zaprojektowana z unikalnymi w\u0142a\u015bciwo\u015bciami rozci\u0105gania i dopasowuje si\u0119 do tr\u00f3jwymiarowych, zakrzywionych i wypuk\u0142ych powierzchni, pozostaj\u0105c rozci\u0105gni\u0119t\u0105 i nie podnosz\u0105c si\u0119 po aplikacji. Po\u0142\u0105czenie materia\u0142u no\u015bnego i w\u0142a\u015bciwo\u015bci klej\u0105cych sprawia, \u017ce ta\u015bma pozostaje na swoim miejscu nawet w trudnych warunkach i na zewn\u0105trz.<\/p>\n<p><strong>W\u0142a\u015bciwo\u015bci<br \/>\n<\/strong>Ta\u015bma samoprzylepna z mi\u0119kkiego PCW jest odporna na starzenie i warunki atmosferyczne, a dzi\u0119ki klejowi kauczukowo-\u017cywicznemu agresywnie przylega do r\u00f3\u017cnych powierzchni, co pozwala na jej d\u0142ugotrwa\u0142e stosowanie wewn\u0105trz i na zewn\u0105trz budynk\u00f3w przez okres do 3 lat. Ponadto ta\u015bma 472 jest odporna na dzia\u0142anie najpopularniejszych rozpuszczalnik\u00f3w.<\/p>\n<p><b>Zastosowania<br \/>\n<\/b>&#8211; Wymagaj\u0105ca ochrona, \u0142\u0105czenie i uszczelnianie<br \/>\n&#8211; Bariera antykorozyjna mi\u0119dzy metalami<\/p>\n","protected":false},"excerpt":{"rendered":"<p>Ta\u015bma 3M\u2122 Soft PVC Tape 472 zosta\u0142a zaprojektowana z unikalnymi w\u0142a\u015bciwo\u015bciami rozci\u0105gania i dopasowuje si\u0119 do tr\u00f3jwymiarowych, zakrzywionych i wypuk\u0142ych powierzchni, pozostaj\u0105c rozci\u0105gni\u0119t\u0105 i nie podnosz\u0105c si\u0119 po aplikacji. Po\u0142\u0105czenie materia\u0142u no\u015bnego i w\u0142a\u015bciwo\u015bci klej\u0105cych sprawia, \u017ce ta\u015bma pozostaje na swoim miejscu nawet w trudnych warunkach i na zewn\u0105trz. W\u0142a\u015bciwo\u015bci Ta\u015bma samoprzylepna z mi\u0119kkiego PCW [&hellip;]<\/p>\n","protected":false},"featured_media":24418,"template":"","meta":{"_acf_changed":false},"pwb-brand":[2168],"product_brand":[],"product_cat":[1816,1821],"product_tag":[],"class_list":{"0":"post-61455","1":"product","2":"type-product","3":"status-publish","4":"has-post-thumbnail","6":"pwb-brand-3m-pl","7":"product_cat-jednostronne-tasmy-samoprzylepne","8":"product_cat-folia-pvc","10":"first","11":"instock","12":"taxable","13":"shipping-taxable","14":"purchasable","15":"product-type-variable"},"acf":[],"yoast_head":"<!-- This site is optimized with the Yoast SEO plugin v27.3 - https:\/\/yoast.com\/product\/yoast-seo-wordpress\/ -->\n<title>Ta\u015bma samoprzylepna 3M\u2122 472 z mi\u0119kkiego PVC | Cardinal TAPES<\/title>\n<meta name=\"description\" content=\"Ta\u015bma 3M\u2122 Soft PVC Tape 472 zosta\u0142a zaprojektowana z unikalnymi w\u0142a\u015bciwo\u015bciami rozci\u0105gania i dopasowuje si\u0119 do tr\u00f3jwymiarowych, zakrzywionych i wypuk\u0142ych powierzchni, pozostaj\u0105c rozci\u0105gni\u0119ta i nie podnosz\u0105c si\u0119 po aplikacji.\" \/>\n<meta name=\"robots\" content=\"index, follow, max-snippet:-1, max-image-preview:large, max-video-preview:-1\" \/>\n<link rel=\"canonical\" href=\"https:\/\/cardinal-tapes.com\/pl\/ta\u015bmy-samoprzylepne\/jednostronne-tasmy-samoprzylepne\/folia-pvc\/3m-472-weich-pvc-klebeband\/\" \/>\n<meta property=\"og:locale\" content=\"pl_PL\" \/>\n<meta property=\"og:type\" content=\"article\" \/>\n<meta property=\"og:title\" content=\"Ta\u015bma samoprzylepna 3M\u2122 472 z mi\u0119kkiego PVC | Cardinal TAPES\" \/>\n<meta property=\"og:description\" content=\"Ta\u015bma 3M\u2122 Soft PVC Tape 472 zosta\u0142a zaprojektowana z unikalnymi w\u0142a\u015bciwo\u015bciami rozci\u0105gania i dopasowuje si\u0119 do tr\u00f3jwymiarowych, zakrzywionych i wypuk\u0142ych powierzchni, pozostaj\u0105c rozci\u0105gni\u0119ta i nie podnosz\u0105c si\u0119 po aplikacji.\" \/>\n<meta property=\"og:url\" content=\"https:\/\/cardinal-tapes.com\/pl\/ta\u015bmy-samoprzylepne\/jednostronne-tasmy-samoprzylepne\/folia-pvc\/3m-472-weich-pvc-klebeband\/\" \/>\n<meta property=\"og:site_name\" content=\"cardinal TAPES\" \/>\n<meta property=\"article:modified_time\" content=\"2025-07-07T15:00:38+00:00\" \/>\n<meta property=\"og:image\" content=\"https:\/\/cardinal-tapes.com\/wp-content\/uploads\/3m_weich_pvc_472.jpg\" \/>\n\t<meta property=\"og:image:width\" content=\"600\" \/>\n\t<meta property=\"og:image:height\" content=\"600\" \/>\n\t<meta property=\"og:image:type\" content=\"image\/jpeg\" \/>\n<meta name=\"twitter:card\" content=\"summary_large_image\" \/>\n<meta name=\"twitter:label1\" content=\"Szacowany czas czytania\" \/>\n\t<meta name=\"twitter:data1\" content=\"1 minuta\" \/>\n<script type=\"application\/ld+json\" class=\"yoast-schema-graph\">{\"@context\":\"https:\\\/\\\/schema.org\",\"@graph\":[{\"@type\":\"WebPage\",\"@id\":\"https:\\\/\\\/cardinal-tapes.com\\\/pl\\\/ta\u015bmy-samoprzylepne\\\/jednostronne-tasmy-samoprzylepne\\\/folia-pvc\\\/3m-472-weich-pvc-klebeband\\\/\",\"url\":\"https:\\\/\\\/cardinal-tapes.com\\\/pl\\\/ta\u015bmy-samoprzylepne\\\/jednostronne-tasmy-samoprzylepne\\\/folia-pvc\\\/3m-472-weich-pvc-klebeband\\\/\",\"name\":\"Ta\u015bma samoprzylepna 3M\u2122 472 z mi\u0119kkiego PVC | Cardinal TAPES\",\"isPartOf\":{\"@id\":\"https:\\\/\\\/cardinal-tapes.com\\\/#website\"},\"primaryImageOfPage\":{\"@id\":\"https:\\\/\\\/cardinal-tapes.com\\\/pl\\\/ta\u015bmy-samoprzylepne\\\/jednostronne-tasmy-samoprzylepne\\\/folia-pvc\\\/3m-472-weich-pvc-klebeband\\\/#primaryimage\"},\"image\":{\"@id\":\"https:\\\/\\\/cardinal-tapes.com\\\/pl\\\/ta\u015bmy-samoprzylepne\\\/jednostronne-tasmy-samoprzylepne\\\/folia-pvc\\\/3m-472-weich-pvc-klebeband\\\/#primaryimage\"},\"thumbnailUrl\":\"https:\\\/\\\/cardinal-tapes.com\\\/wp-content\\\/uploads\\\/3m_weich_pvc_472.jpg\",\"datePublished\":\"2023-06-06T08:19:43+00:00\",\"dateModified\":\"2025-07-07T15:00:38+00:00\",\"description\":\"Ta\u015bma 3M\u2122 Soft PVC Tape 472 zosta\u0142a zaprojektowana z unikalnymi w\u0142a\u015bciwo\u015bciami rozci\u0105gania i dopasowuje si\u0119 do tr\u00f3jwymiarowych, zakrzywionych i wypuk\u0142ych powierzchni, pozostaj\u0105c rozci\u0105gni\u0119ta i nie podnosz\u0105c si\u0119 po aplikacji.\",\"breadcrumb\":{\"@id\":\"https:\\\/\\\/cardinal-tapes.com\\\/pl\\\/ta\u015bmy-samoprzylepne\\\/jednostronne-tasmy-samoprzylepne\\\/folia-pvc\\\/3m-472-weich-pvc-klebeband\\\/#breadcrumb\"},\"inLanguage\":\"pl-PL\",\"potentialAction\":[{\"@type\":\"ReadAction\",\"target\":[\"https:\\\/\\\/cardinal-tapes.com\\\/pl\\\/ta\u015bmy-samoprzylepne\\\/jednostronne-tasmy-samoprzylepne\\\/folia-pvc\\\/3m-472-weich-pvc-klebeband\\\/\"]}]},{\"@type\":\"ImageObject\",\"inLanguage\":\"pl-PL\",\"@id\":\"https:\\\/\\\/cardinal-tapes.com\\\/pl\\\/ta\u015bmy-samoprzylepne\\\/jednostronne-tasmy-samoprzylepne\\\/folia-pvc\\\/3m-472-weich-pvc-klebeband\\\/#primaryimage\",\"url\":\"https:\\\/\\\/cardinal-tapes.com\\\/wp-content\\\/uploads\\\/3m_weich_pvc_472.jpg\",\"contentUrl\":\"https:\\\/\\\/cardinal-tapes.com\\\/wp-content\\\/uploads\\\/3m_weich_pvc_472.jpg\",\"width\":600,\"height\":600,\"caption\":\"Ta\u015bma samoprzylepna 3M PVC 472\"},{\"@type\":\"BreadcrumbList\",\"@id\":\"https:\\\/\\\/cardinal-tapes.com\\\/pl\\\/ta\u015bmy-samoprzylepne\\\/jednostronne-tasmy-samoprzylepne\\\/folia-pvc\\\/3m-472-weich-pvc-klebeband\\\/#breadcrumb\",\"itemListElement\":[{\"@type\":\"ListItem\",\"position\":1,\"name\":\"Startseite\",\"item\":\"https:\\\/\\\/cardinal-tapes.com\\\/pl\\\/strona-glowna\\\/\"},{\"@type\":\"ListItem\",\"position\":2,\"name\":\"Ta\u015bmy samoprzylepne\",\"item\":\"https:\\\/\\\/cardinal-tapes.com\\\/pl\\\/tasmy-samoprzylepne-pl\\\/\"},{\"@type\":\"ListItem\",\"position\":3,\"name\":\"Einseitige Klebeb\u00e4nder\",\"item\":\"https:\\\/\\\/cardinal-tapes.com\\\/kategorie\\\/einseitige-klebebaender\\\/\"},{\"@type\":\"ListItem\",\"position\":4,\"name\":\"Ta\u015bma samoprzylepna 3M\u2122 z mi\u0119kkiego PVC 472\"}]},{\"@type\":\"WebSite\",\"@id\":\"https:\\\/\\\/cardinal-tapes.com\\\/#website\",\"url\":\"https:\\\/\\\/cardinal-tapes.com\\\/\",\"name\":\"cardinal TAPES\",\"description\":\"Klebetechnik aus Wuppertal\",\"potentialAction\":[{\"@type\":\"SearchAction\",\"target\":{\"@type\":\"EntryPoint\",\"urlTemplate\":\"https:\\\/\\\/cardinal-tapes.com\\\/?s={search_term_string}\"},\"query-input\":{\"@type\":\"PropertyValueSpecification\",\"valueRequired\":true,\"valueName\":\"search_term_string\"}}],\"inLanguage\":\"pl-PL\"}]}<\/script>\n<!-- \/ Yoast SEO plugin. -->","yoast_head_json":{"title":"Ta\u015bma samoprzylepna 3M\u2122 472 z mi\u0119kkiego PVC | Cardinal TAPES","description":"Ta\u015bma 3M\u2122 Soft PVC Tape 472 zosta\u0142a zaprojektowana z unikalnymi w\u0142a\u015bciwo\u015bciami rozci\u0105gania i dopasowuje si\u0119 do tr\u00f3jwymiarowych, zakrzywionych i wypuk\u0142ych powierzchni, pozostaj\u0105c rozci\u0105gni\u0119ta i nie podnosz\u0105c si\u0119 po aplikacji.","robots":{"index":"index","follow":"follow","max-snippet":"max-snippet:-1","max-image-preview":"max-image-preview:large","max-video-preview":"max-video-preview:-1"},"canonical":"https:\/\/cardinal-tapes.com\/pl\/ta\u015bmy-samoprzylepne\/jednostronne-tasmy-samoprzylepne\/folia-pvc\/3m-472-weich-pvc-klebeband\/","og_locale":"pl_PL","og_type":"article","og_title":"Ta\u015bma samoprzylepna 3M\u2122 472 z mi\u0119kkiego PVC | Cardinal TAPES","og_description":"Ta\u015bma 3M\u2122 Soft PVC Tape 472 zosta\u0142a zaprojektowana z unikalnymi w\u0142a\u015bciwo\u015bciami rozci\u0105gania i dopasowuje si\u0119 do tr\u00f3jwymiarowych, zakrzywionych i wypuk\u0142ych powierzchni, pozostaj\u0105c rozci\u0105gni\u0119ta i nie podnosz\u0105c si\u0119 po aplikacji.","og_url":"https:\/\/cardinal-tapes.com\/pl\/ta\u015bmy-samoprzylepne\/jednostronne-tasmy-samoprzylepne\/folia-pvc\/3m-472-weich-pvc-klebeband\/","og_site_name":"cardinal TAPES","article_modified_time":"2025-07-07T15:00:38+00:00","og_image":[{"width":600,"height":600,"url":"https:\/\/cardinal-tapes.com\/wp-content\/uploads\/3m_weich_pvc_472.jpg","type":"image\/jpeg"}],"twitter_card":"summary_large_image","twitter_misc":{"Szacowany czas czytania":"1 minuta"},"schema":{"@context":"https:\/\/schema.org","@graph":[{"@type":"WebPage","@id":"https:\/\/cardinal-tapes.com\/pl\/ta\u015bmy-samoprzylepne\/jednostronne-tasmy-samoprzylepne\/folia-pvc\/3m-472-weich-pvc-klebeband\/","url":"https:\/\/cardinal-tapes.com\/pl\/ta\u015bmy-samoprzylepne\/jednostronne-tasmy-samoprzylepne\/folia-pvc\/3m-472-weich-pvc-klebeband\/","name":"Ta\u015bma samoprzylepna 3M\u2122 472 z mi\u0119kkiego PVC | Cardinal TAPES","isPartOf":{"@id":"https:\/\/cardinal-tapes.com\/#website"},"primaryImageOfPage":{"@id":"https:\/\/cardinal-tapes.com\/pl\/ta\u015bmy-samoprzylepne\/jednostronne-tasmy-samoprzylepne\/folia-pvc\/3m-472-weich-pvc-klebeband\/#primaryimage"},"image":{"@id":"https:\/\/cardinal-tapes.com\/pl\/ta\u015bmy-samoprzylepne\/jednostronne-tasmy-samoprzylepne\/folia-pvc\/3m-472-weich-pvc-klebeband\/#primaryimage"},"thumbnailUrl":"https:\/\/cardinal-tapes.com\/wp-content\/uploads\/3m_weich_pvc_472.jpg","datePublished":"2023-06-06T08:19:43+00:00","dateModified":"2025-07-07T15:00:38+00:00","description":"Ta\u015bma 3M\u2122 Soft PVC Tape 472 zosta\u0142a zaprojektowana z unikalnymi w\u0142a\u015bciwo\u015bciami rozci\u0105gania i dopasowuje si\u0119 do tr\u00f3jwymiarowych, zakrzywionych i wypuk\u0142ych powierzchni, pozostaj\u0105c rozci\u0105gni\u0119ta i nie podnosz\u0105c si\u0119 po aplikacji.","breadcrumb":{"@id":"https:\/\/cardinal-tapes.com\/pl\/ta\u015bmy-samoprzylepne\/jednostronne-tasmy-samoprzylepne\/folia-pvc\/3m-472-weich-pvc-klebeband\/#breadcrumb"},"inLanguage":"pl-PL","potentialAction":[{"@type":"ReadAction","target":["https:\/\/cardinal-tapes.com\/pl\/ta\u015bmy-samoprzylepne\/jednostronne-tasmy-samoprzylepne\/folia-pvc\/3m-472-weich-pvc-klebeband\/"]}]},{"@type":"ImageObject","inLanguage":"pl-PL","@id":"https:\/\/cardinal-tapes.com\/pl\/ta\u015bmy-samoprzylepne\/jednostronne-tasmy-samoprzylepne\/folia-pvc\/3m-472-weich-pvc-klebeband\/#primaryimage","url":"https:\/\/cardinal-tapes.com\/wp-content\/uploads\/3m_weich_pvc_472.jpg","contentUrl":"https:\/\/cardinal-tapes.com\/wp-content\/uploads\/3m_weich_pvc_472.jpg","width":600,"height":600,"caption":"Ta\u015bma samoprzylepna 3M PVC 472"},{"@type":"BreadcrumbList","@id":"https:\/\/cardinal-tapes.com\/pl\/ta\u015bmy-samoprzylepne\/jednostronne-tasmy-samoprzylepne\/folia-pvc\/3m-472-weich-pvc-klebeband\/#breadcrumb","itemListElement":[{"@type":"ListItem","position":1,"name":"Startseite","item":"https:\/\/cardinal-tapes.com\/pl\/strona-glowna\/"},{"@type":"ListItem","position":2,"name":"Ta\u015bmy samoprzylepne","item":"https:\/\/cardinal-tapes.com\/pl\/tasmy-samoprzylepne-pl\/"},{"@type":"ListItem","position":3,"name":"Einseitige Klebeb\u00e4nder","item":"https:\/\/cardinal-tapes.com\/kategorie\/einseitige-klebebaender\/"},{"@type":"ListItem","position":4,"name":"Ta\u015bma samoprzylepna 3M\u2122 z mi\u0119kkiego PVC 472"}]},{"@type":"WebSite","@id":"https:\/\/cardinal-tapes.com\/#website","url":"https:\/\/cardinal-tapes.com\/","name":"cardinal TAPES","description":"Klebetechnik aus Wuppertal","potentialAction":[{"@type":"SearchAction","target":{"@type":"EntryPoint","urlTemplate":"https:\/\/cardinal-tapes.com\/?s={search_term_string}"},"query-input":{"@type":"PropertyValueSpecification","valueRequired":true,"valueName":"search_term_string"}}],"inLanguage":"pl-PL"}]}},"brands":[{"id":2168,"name":"3M","slug":"3m-pl"}],"_links":{"self":[{"href":"https:\/\/cardinal-tapes.com\/pl\/wp-json\/wp\/v2\/product\/61455","targetHints":{"allow":["GET"]}}],"collection":[{"href":"https:\/\/cardinal-tapes.com\/pl\/wp-json\/wp\/v2\/product"}],"about":[{"href":"https:\/\/cardinal-tapes.com\/pl\/wp-json\/wp\/v2\/types\/product"}],"wp:featuredmedia":[{"embeddable":true,"href":"https:\/\/cardinal-tapes.com\/pl\/wp-json\/wp\/v2\/media\/24418"}],"wp:attachment":[{"href":"https:\/\/cardinal-tapes.com\/pl\/wp-json\/wp\/v2\/media?parent=61455"}],"wp:term":[{"taxonomy":"pwb-brand","embeddable":true,"href":"https:\/\/cardinal-tapes.com\/pl\/wp-json\/wp\/v2\/pwb-brand?post=61455"},{"taxonomy":"product_brand","embeddable":true,"href":"https:\/\/cardinal-tapes.com\/pl\/wp-json\/wp\/v2\/product_brand?post=61455"},{"taxonomy":"product_cat","embeddable":true,"href":"https:\/\/cardinal-tapes.com\/pl\/wp-json\/wp\/v2\/product_cat?post=61455"},{"taxonomy":"product_tag","embeddable":true,"href":"https:\/\/cardinal-tapes.com\/pl\/wp-json\/wp\/v2\/product_tag?post=61455"}],"curies":[{"name":"wp","href":"https:\/\/api.w.org\/{rel}","templated":true}]}}