{"id":61164,"date":"2017-12-08T09:46:51","date_gmt":"2023-06-06T08:10:02","guid":{"rendered":"https:\/\/cardinal.pixel-tal.de\/klebebaender\/bez-kategorii\/3m-scotch-high-temperature-colour-line-tape-4737\/"},"modified":"2025-07-03T16:13:35","modified_gmt":"2025-07-03T14:13:35","slug":"3m-4737t-high-temperature-colour-line-band","status":"publish","type":"product","link":"https:\/\/cardinal-tapes.com\/pl\/ta\u015bmy-samoprzylepne\/jednostronne-tasmy-samoprzylepne\/3m-4737t-high-temperature-colour-line-band\/","title":{"rendered":"3M\u2122 Scotch\u00ae High Temperature Colour Line Tape 4737"},"content":{"rendered":"<p>3M\u2122 Scotch\u00ae High Temperature Colour Line Tape 4737 to dopasowuj\u0105ca si\u0119 ta\u015bma, kt\u00f3ra mo\u017ce by\u0107 u\u017cywana do uzyskania ostrych kraw\u0119dzi linii kolor\u00f3w i separacji kolor\u00f3w na krzywych i liniach prostych. Sprawdzi\u0142a si\u0119 w zastosowaniach malarskich w wysokich temperaturach, gdzie wymagana jest ta\u015bma zgodna z wymaganiami.<\/p>\n<p class=\"MMM--gapBottom\"><strong>Cechy<br \/>\n<\/strong>Ta\u015bma 4737 ma odporny na wysok\u0105 temperatur\u0119 winylowy no\u015bnik umo\u017cliwiaj\u0105cy czyste usuni\u0119cie w jednym kawa\u0142ku, co oszcz\u0119dza czas produkcji. Po\u0142\u0105czenie winylowego podk\u0142adu i kleju kauczukowego z 30-minutowymi cyklami wypalania w wysokich temperaturach do 149\u00baC zapewnia mocne mocowanie i pozostawia minimalne pozosta\u0142o\u015bci kleju po usuni\u0119ciu. Jest przeznaczony wy\u0142\u0105cznie do u\u017cytku wewn\u0105trz pomieszcze\u0144.<\/p>\n<p><b>Zastosowania<\/b><br \/>\n&#8211; Idealny w przemy\u015ble transportowym OEM do maskowania podczas malowania powierzchni metalowych i plastikowych.<\/p>\n","protected":false},"excerpt":{"rendered":"<p>3M\u2122 Scotch\u00ae High Temperature Colour Line Tape 4737 to dopasowuj\u0105ca si\u0119 ta\u015bma, kt\u00f3ra mo\u017ce by\u0107 u\u017cywana do uzyskania ostrych kraw\u0119dzi linii kolor\u00f3w i separacji kolor\u00f3w na krzywych i liniach prostych. Sprawdzi\u0142a si\u0119 w zastosowaniach malarskich w wysokich temperaturach, gdzie wymagana jest ta\u015bma zgodna z wymaganiami. Cechy Ta\u015bma 4737 ma odporny na wysok\u0105 temperatur\u0119 winylowy no\u015bnik [&hellip;]<\/p>\n","protected":false},"featured_media":24478,"template":"","meta":{"_acf_changed":false},"pwb-brand":[2168],"product_brand":[],"product_cat":[1816],"product_tag":[],"class_list":{"0":"post-61164","1":"product","2":"type-product","3":"status-publish","4":"has-post-thumbnail","6":"pwb-brand-3m-pl","7":"product_cat-jednostronne-tasmy-samoprzylepne","9":"first","10":"instock","11":"taxable","12":"shipping-taxable","13":"purchasable","14":"product-type-variable"},"acf":[],"yoast_head":"<!-- This site is optimized with the Yoast SEO plugin v27.3 - https:\/\/yoast.com\/product\/yoast-seo-wordpress\/ -->\n<title>3M\u2122 4737 Scotch\u00ae High Temperature Colour Line Tape | Cardinal TAPES<\/title>\n<meta name=\"description\" content=\"4737 to dopasowuj\u0105ca si\u0119 ta\u015bma, kt\u00f3ra mo\u017ce by\u0107 u\u017cywana do uzyskania ostrych kraw\u0119dzi linii kolor\u00f3w i separacji kolor\u00f3w na krzywych i liniach prostych.\" \/>\n<meta name=\"robots\" content=\"index, follow, max-snippet:-1, max-image-preview:large, max-video-preview:-1\" \/>\n<link rel=\"canonical\" href=\"https:\/\/cardinal-tapes.com\/pl\/ta\u015bmy-samoprzylepne\/jednostronne-tasmy-samoprzylepne\/3m-4737t-high-temperature-colour-line-band\/\" \/>\n<meta property=\"og:locale\" content=\"pl_PL\" \/>\n<meta property=\"og:type\" content=\"article\" \/>\n<meta property=\"og:title\" content=\"3M\u2122 4737 Scotch\u00ae High Temperature Colour Line Tape | Cardinal TAPES\" \/>\n<meta property=\"og:description\" content=\"4737 to dopasowuj\u0105ca si\u0119 ta\u015bma, kt\u00f3ra mo\u017ce by\u0107 u\u017cywana do uzyskania ostrych kraw\u0119dzi linii kolor\u00f3w i separacji kolor\u00f3w na krzywych i liniach prostych.\" \/>\n<meta property=\"og:url\" content=\"https:\/\/cardinal-tapes.com\/pl\/ta\u015bmy-samoprzylepne\/jednostronne-tasmy-samoprzylepne\/3m-4737t-high-temperature-colour-line-band\/\" \/>\n<meta property=\"og:site_name\" content=\"cardinal TAPES\" \/>\n<meta property=\"article:modified_time\" content=\"2025-07-03T14:13:35+00:00\" \/>\n<meta property=\"og:image\" content=\"https:\/\/cardinal-tapes.com\/wp-content\/uploads\/3m_scotch_hochtemperatur_farblinienband_4737.jpg\" \/>\n\t<meta property=\"og:image:width\" content=\"600\" \/>\n\t<meta property=\"og:image:height\" content=\"600\" \/>\n\t<meta property=\"og:image:type\" content=\"image\/jpeg\" \/>\n<meta name=\"twitter:card\" content=\"summary_large_image\" \/>\n<meta name=\"twitter:label1\" content=\"Szacowany czas czytania\" \/>\n\t<meta name=\"twitter:data1\" content=\"1 minuta\" \/>\n<script type=\"application\/ld+json\" class=\"yoast-schema-graph\">{\"@context\":\"https:\\\/\\\/schema.org\",\"@graph\":[{\"@type\":\"WebPage\",\"@id\":\"https:\\\/\\\/cardinal-tapes.com\\\/pl\\\/ta\u015bmy-samoprzylepne\\\/jednostronne-tasmy-samoprzylepne\\\/3m-4737t-high-temperature-colour-line-band\\\/\",\"url\":\"https:\\\/\\\/cardinal-tapes.com\\\/pl\\\/ta\u015bmy-samoprzylepne\\\/jednostronne-tasmy-samoprzylepne\\\/3m-4737t-high-temperature-colour-line-band\\\/\",\"name\":\"3M\u2122 4737 Scotch\u00ae High Temperature Colour Line Tape | Cardinal TAPES\",\"isPartOf\":{\"@id\":\"https:\\\/\\\/cardinal-tapes.com\\\/#website\"},\"primaryImageOfPage\":{\"@id\":\"https:\\\/\\\/cardinal-tapes.com\\\/pl\\\/ta\u015bmy-samoprzylepne\\\/jednostronne-tasmy-samoprzylepne\\\/3m-4737t-high-temperature-colour-line-band\\\/#primaryimage\"},\"image\":{\"@id\":\"https:\\\/\\\/cardinal-tapes.com\\\/pl\\\/ta\u015bmy-samoprzylepne\\\/jednostronne-tasmy-samoprzylepne\\\/3m-4737t-high-temperature-colour-line-band\\\/#primaryimage\"},\"thumbnailUrl\":\"https:\\\/\\\/cardinal-tapes.com\\\/wp-content\\\/uploads\\\/3m_scotch_hochtemperatur_farblinienband_4737.jpg\",\"datePublished\":\"2023-06-06T08:10:02+00:00\",\"dateModified\":\"2025-07-03T14:13:35+00:00\",\"description\":\"4737 to dopasowuj\u0105ca si\u0119 ta\u015bma, kt\u00f3ra mo\u017ce by\u0107 u\u017cywana do uzyskania ostrych kraw\u0119dzi linii kolor\u00f3w i separacji kolor\u00f3w na krzywych i liniach prostych.\",\"breadcrumb\":{\"@id\":\"https:\\\/\\\/cardinal-tapes.com\\\/pl\\\/ta\u015bmy-samoprzylepne\\\/jednostronne-tasmy-samoprzylepne\\\/3m-4737t-high-temperature-colour-line-band\\\/#breadcrumb\"},\"inLanguage\":\"pl-PL\",\"potentialAction\":[{\"@type\":\"ReadAction\",\"target\":[\"https:\\\/\\\/cardinal-tapes.com\\\/pl\\\/ta\u015bmy-samoprzylepne\\\/jednostronne-tasmy-samoprzylepne\\\/3m-4737t-high-temperature-colour-line-band\\\/\"]}]},{\"@type\":\"ImageObject\",\"inLanguage\":\"pl-PL\",\"@id\":\"https:\\\/\\\/cardinal-tapes.com\\\/pl\\\/ta\u015bmy-samoprzylepne\\\/jednostronne-tasmy-samoprzylepne\\\/3m-4737t-high-temperature-colour-line-band\\\/#primaryimage\",\"url\":\"https:\\\/\\\/cardinal-tapes.com\\\/wp-content\\\/uploads\\\/3m_scotch_hochtemperatur_farblinienband_4737.jpg\",\"contentUrl\":\"https:\\\/\\\/cardinal-tapes.com\\\/wp-content\\\/uploads\\\/3m_scotch_hochtemperatur_farblinienband_4737.jpg\",\"width\":600,\"height\":600,\"caption\":\"3M Scotch Colour Line Tape 4737\"},{\"@type\":\"BreadcrumbList\",\"@id\":\"https:\\\/\\\/cardinal-tapes.com\\\/pl\\\/ta\u015bmy-samoprzylepne\\\/jednostronne-tasmy-samoprzylepne\\\/3m-4737t-high-temperature-colour-line-band\\\/#breadcrumb\",\"itemListElement\":[{\"@type\":\"ListItem\",\"position\":1,\"name\":\"Startseite\",\"item\":\"https:\\\/\\\/cardinal-tapes.com\\\/pl\\\/strona-glowna\\\/\"},{\"@type\":\"ListItem\",\"position\":2,\"name\":\"Ta\u015bmy samoprzylepne\",\"item\":\"https:\\\/\\\/cardinal-tapes.com\\\/pl\\\/tasmy-samoprzylepne-pl\\\/\"},{\"@type\":\"ListItem\",\"position\":3,\"name\":\"Jednostronne ta\u015bmy samoprzylepne\",\"item\":\"https:\\\/\\\/cardinal-tapes.com\\\/pl\\\/kategoria\\\/jednostronne-tasmy-samoprzylepne\\\/\"},{\"@type\":\"ListItem\",\"position\":4,\"name\":\"3M\u2122 Scotch\u00ae High Temperature Colour Line Tape 4737\"}]},{\"@type\":\"WebSite\",\"@id\":\"https:\\\/\\\/cardinal-tapes.com\\\/#website\",\"url\":\"https:\\\/\\\/cardinal-tapes.com\\\/\",\"name\":\"cardinal TAPES\",\"description\":\"Klebetechnik aus Wuppertal\",\"potentialAction\":[{\"@type\":\"SearchAction\",\"target\":{\"@type\":\"EntryPoint\",\"urlTemplate\":\"https:\\\/\\\/cardinal-tapes.com\\\/?s={search_term_string}\"},\"query-input\":{\"@type\":\"PropertyValueSpecification\",\"valueRequired\":true,\"valueName\":\"search_term_string\"}}],\"inLanguage\":\"pl-PL\"}]}<\/script>\n<!-- \/ Yoast SEO plugin. -->","yoast_head_json":{"title":"3M\u2122 4737 Scotch\u00ae High Temperature Colour Line Tape | Cardinal TAPES","description":"4737 to dopasowuj\u0105ca si\u0119 ta\u015bma, kt\u00f3ra mo\u017ce by\u0107 u\u017cywana do uzyskania ostrych kraw\u0119dzi linii kolor\u00f3w i separacji kolor\u00f3w na krzywych i liniach prostych.","robots":{"index":"index","follow":"follow","max-snippet":"max-snippet:-1","max-image-preview":"max-image-preview:large","max-video-preview":"max-video-preview:-1"},"canonical":"https:\/\/cardinal-tapes.com\/pl\/ta\u015bmy-samoprzylepne\/jednostronne-tasmy-samoprzylepne\/3m-4737t-high-temperature-colour-line-band\/","og_locale":"pl_PL","og_type":"article","og_title":"3M\u2122 4737 Scotch\u00ae High Temperature Colour Line Tape | Cardinal TAPES","og_description":"4737 to dopasowuj\u0105ca si\u0119 ta\u015bma, kt\u00f3ra mo\u017ce by\u0107 u\u017cywana do uzyskania ostrych kraw\u0119dzi linii kolor\u00f3w i separacji kolor\u00f3w na krzywych i liniach prostych.","og_url":"https:\/\/cardinal-tapes.com\/pl\/ta\u015bmy-samoprzylepne\/jednostronne-tasmy-samoprzylepne\/3m-4737t-high-temperature-colour-line-band\/","og_site_name":"cardinal TAPES","article_modified_time":"2025-07-03T14:13:35+00:00","og_image":[{"width":600,"height":600,"url":"https:\/\/cardinal-tapes.com\/wp-content\/uploads\/3m_scotch_hochtemperatur_farblinienband_4737.jpg","type":"image\/jpeg"}],"twitter_card":"summary_large_image","twitter_misc":{"Szacowany czas czytania":"1 minuta"},"schema":{"@context":"https:\/\/schema.org","@graph":[{"@type":"WebPage","@id":"https:\/\/cardinal-tapes.com\/pl\/ta\u015bmy-samoprzylepne\/jednostronne-tasmy-samoprzylepne\/3m-4737t-high-temperature-colour-line-band\/","url":"https:\/\/cardinal-tapes.com\/pl\/ta\u015bmy-samoprzylepne\/jednostronne-tasmy-samoprzylepne\/3m-4737t-high-temperature-colour-line-band\/","name":"3M\u2122 4737 Scotch\u00ae High Temperature Colour Line Tape | Cardinal TAPES","isPartOf":{"@id":"https:\/\/cardinal-tapes.com\/#website"},"primaryImageOfPage":{"@id":"https:\/\/cardinal-tapes.com\/pl\/ta\u015bmy-samoprzylepne\/jednostronne-tasmy-samoprzylepne\/3m-4737t-high-temperature-colour-line-band\/#primaryimage"},"image":{"@id":"https:\/\/cardinal-tapes.com\/pl\/ta\u015bmy-samoprzylepne\/jednostronne-tasmy-samoprzylepne\/3m-4737t-high-temperature-colour-line-band\/#primaryimage"},"thumbnailUrl":"https:\/\/cardinal-tapes.com\/wp-content\/uploads\/3m_scotch_hochtemperatur_farblinienband_4737.jpg","datePublished":"2023-06-06T08:10:02+00:00","dateModified":"2025-07-03T14:13:35+00:00","description":"4737 to dopasowuj\u0105ca si\u0119 ta\u015bma, kt\u00f3ra mo\u017ce by\u0107 u\u017cywana do uzyskania ostrych kraw\u0119dzi linii kolor\u00f3w i separacji kolor\u00f3w na krzywych i liniach prostych.","breadcrumb":{"@id":"https:\/\/cardinal-tapes.com\/pl\/ta\u015bmy-samoprzylepne\/jednostronne-tasmy-samoprzylepne\/3m-4737t-high-temperature-colour-line-band\/#breadcrumb"},"inLanguage":"pl-PL","potentialAction":[{"@type":"ReadAction","target":["https:\/\/cardinal-tapes.com\/pl\/ta\u015bmy-samoprzylepne\/jednostronne-tasmy-samoprzylepne\/3m-4737t-high-temperature-colour-line-band\/"]}]},{"@type":"ImageObject","inLanguage":"pl-PL","@id":"https:\/\/cardinal-tapes.com\/pl\/ta\u015bmy-samoprzylepne\/jednostronne-tasmy-samoprzylepne\/3m-4737t-high-temperature-colour-line-band\/#primaryimage","url":"https:\/\/cardinal-tapes.com\/wp-content\/uploads\/3m_scotch_hochtemperatur_farblinienband_4737.jpg","contentUrl":"https:\/\/cardinal-tapes.com\/wp-content\/uploads\/3m_scotch_hochtemperatur_farblinienband_4737.jpg","width":600,"height":600,"caption":"3M Scotch Colour Line Tape 4737"},{"@type":"BreadcrumbList","@id":"https:\/\/cardinal-tapes.com\/pl\/ta\u015bmy-samoprzylepne\/jednostronne-tasmy-samoprzylepne\/3m-4737t-high-temperature-colour-line-band\/#breadcrumb","itemListElement":[{"@type":"ListItem","position":1,"name":"Startseite","item":"https:\/\/cardinal-tapes.com\/pl\/strona-glowna\/"},{"@type":"ListItem","position":2,"name":"Ta\u015bmy samoprzylepne","item":"https:\/\/cardinal-tapes.com\/pl\/tasmy-samoprzylepne-pl\/"},{"@type":"ListItem","position":3,"name":"Jednostronne ta\u015bmy samoprzylepne","item":"https:\/\/cardinal-tapes.com\/pl\/kategoria\/jednostronne-tasmy-samoprzylepne\/"},{"@type":"ListItem","position":4,"name":"3M\u2122 Scotch\u00ae High Temperature Colour Line Tape 4737"}]},{"@type":"WebSite","@id":"https:\/\/cardinal-tapes.com\/#website","url":"https:\/\/cardinal-tapes.com\/","name":"cardinal TAPES","description":"Klebetechnik aus Wuppertal","potentialAction":[{"@type":"SearchAction","target":{"@type":"EntryPoint","urlTemplate":"https:\/\/cardinal-tapes.com\/?s={search_term_string}"},"query-input":{"@type":"PropertyValueSpecification","valueRequired":true,"valueName":"search_term_string"}}],"inLanguage":"pl-PL"}]}},"brands":[{"id":2168,"name":"3M","slug":"3m-pl"}],"_links":{"self":[{"href":"https:\/\/cardinal-tapes.com\/pl\/wp-json\/wp\/v2\/product\/61164","targetHints":{"allow":["GET"]}}],"collection":[{"href":"https:\/\/cardinal-tapes.com\/pl\/wp-json\/wp\/v2\/product"}],"about":[{"href":"https:\/\/cardinal-tapes.com\/pl\/wp-json\/wp\/v2\/types\/product"}],"wp:featuredmedia":[{"embeddable":true,"href":"https:\/\/cardinal-tapes.com\/pl\/wp-json\/wp\/v2\/media\/24478"}],"wp:attachment":[{"href":"https:\/\/cardinal-tapes.com\/pl\/wp-json\/wp\/v2\/media?parent=61164"}],"wp:term":[{"taxonomy":"pwb-brand","embeddable":true,"href":"https:\/\/cardinal-tapes.com\/pl\/wp-json\/wp\/v2\/pwb-brand?post=61164"},{"taxonomy":"product_brand","embeddable":true,"href":"https:\/\/cardinal-tapes.com\/pl\/wp-json\/wp\/v2\/product_brand?post=61164"},{"taxonomy":"product_cat","embeddable":true,"href":"https:\/\/cardinal-tapes.com\/pl\/wp-json\/wp\/v2\/product_cat?post=61164"},{"taxonomy":"product_tag","embeddable":true,"href":"https:\/\/cardinal-tapes.com\/pl\/wp-json\/wp\/v2\/product_tag?post=61164"}],"curies":[{"name":"wp","href":"https:\/\/api.w.org\/{rel}","templated":true}]}}