{"id":61046,"date":"2017-12-08T09:45:53","date_gmt":"2023-06-06T08:09:57","guid":{"rendered":"https:\/\/cardinal.pixel-tal.de\/klebebaender\/bez-kategorii\/3m-tasma-pvc-ogolnego-zastosowania-764\/"},"modified":"2025-07-03T16:10:04","modified_gmt":"2025-07-03T14:10:04","slug":"tasma-samoprzylepna-3m-764-pvc","status":"publish","type":"product","link":"https:\/\/cardinal-tapes.com\/pl\/ta\u015bmy-samoprzylepne\/jednostronne-tasmy-samoprzylepne\/folia-pvc\/tasma-samoprzylepna-3m-764-pvc\/","title":{"rendered":"3M\u2122 Ta\u015bma PVC og\u00f3lnego zastosowania 764"},"content":{"rendered":"<p>Ta\u015bma samoprzylepna 3M\u2122 z mi\u0119kkiego PVC jest odpowiednia do wszystkich niekrytycznych zastosowa\u0144. Ta\u015bm\u0119 t\u0119 mo\u017cna wykorzysta\u0107 na przyk\u0142ad do prostego znakowania kolorami, \u0142\u0105czenia w wi\u0105zki, tymczasowego znakowania cz\u0119\u015bci lub maszyn oraz do wielu innych cel\u00f3w. Mo\u017cna go r\u00f3wnie\u017c u\u017cywa\u0107 do ochrony komponent\u00f3w, urz\u0105dze\u0144 i produkt\u00f3w przed \u015bcieraniem.<\/p>\n<p><strong>W\u0142a\u015bciwo\u015bci<\/strong><br \/>\nTa\u015bma samoprzylepna z mi\u0119kkiego PVC charakteryzuje si\u0119 dobr\u0105 odporno\u015bci\u0105 na korozj\u0119, a tak\u017ce jest elastyczna, odporna na \u015bcieranie i gi\u0119tka. Jest r\u00f3wnie\u017c odporny na rozpuszczalniki i wilgo\u0107.<\/p>\n<p><strong>Zastosowania<br \/>\n<\/strong>&#8211; Znakowanie obszar\u00f3w o niskim obci\u0105\u017ceniu codziennym, a tak\u017ce \u015bcian i rur<br \/>\n&#8211; Og\u00f3lne mocowanie i wi\u0105zanie<br \/>\n&#8211; Znakowanie przedmiot\u00f3w obrabianych lub maszyn<br \/>\n&#8211; Ochrona przedmiot\u00f3w obrabianych, system\u00f3w lub produkt\u00f3w przed \u015bcieraniem<br \/>\n&#8211; Klejenie, owijanie lub uszczelnianie wielu zakrzywionych lub tr\u00f3jwymiarowo ukszta\u0142towanych powierzchni<\/p>\n","protected":false},"excerpt":{"rendered":"<p>Ta\u015bma samoprzylepna 3M\u2122 z mi\u0119kkiego PVC jest odpowiednia do wszystkich niekrytycznych zastosowa\u0144. Ta\u015bm\u0119 t\u0119 mo\u017cna wykorzysta\u0107 na przyk\u0142ad do prostego znakowania kolorami, \u0142\u0105czenia w wi\u0105zki, tymczasowego znakowania cz\u0119\u015bci lub maszyn oraz do wielu innych cel\u00f3w. Mo\u017cna go r\u00f3wnie\u017c u\u017cywa\u0107 do ochrony komponent\u00f3w, urz\u0105dze\u0144 i produkt\u00f3w przed \u015bcieraniem. W\u0142a\u015bciwo\u015bci Ta\u015bma samoprzylepna z mi\u0119kkiego PVC charakteryzuje si\u0119 [&hellip;]<\/p>\n","protected":false},"featured_media":24410,"template":"","meta":{"_acf_changed":false},"pwb-brand":[2168],"product_brand":[],"product_cat":[1816,1821],"product_tag":[],"class_list":{"0":"post-61046","1":"product","2":"type-product","3":"status-publish","4":"has-post-thumbnail","6":"pwb-brand-3m-pl","7":"product_cat-jednostronne-tasmy-samoprzylepne","8":"product_cat-folia-pvc","10":"first","11":"instock","12":"taxable","13":"shipping-taxable","14":"purchasable","15":"product-type-variable"},"acf":[],"yoast_head":"<!-- This site is optimized with the Yoast SEO plugin v27.3 - https:\/\/yoast.com\/product\/yoast-seo-wordpress\/ -->\n<title>3M\u2122 764 Ta\u015bma PVC og\u00f3lnego zastosowania | Cardinal TAPES<\/title>\n<meta name=\"description\" content=\"Ta\u015bma samoprzylepna 3M z mi\u0119kkiego PVC to ekonomiczne rozwi\u0105zanie do znakowania, \u0142\u0105czenia i uszczelniania r\u00f3\u017cnych materia\u0142\u00f3w i powierzchni. Dowiedz si\u0119 wi\u0119cej.\" \/>\n<meta name=\"robots\" content=\"index, follow, max-snippet:-1, max-image-preview:large, max-video-preview:-1\" \/>\n<link rel=\"canonical\" href=\"https:\/\/cardinal-tapes.com\/pl\/ta\u015bmy-samoprzylepne\/jednostronne-tasmy-samoprzylepne\/folia-pvc\/tasma-samoprzylepna-3m-764-pvc\/\" \/>\n<meta property=\"og:locale\" content=\"pl_PL\" \/>\n<meta property=\"og:type\" content=\"article\" \/>\n<meta property=\"og:title\" content=\"3M\u2122 764 Ta\u015bma PVC og\u00f3lnego zastosowania | Cardinal TAPES\" \/>\n<meta property=\"og:description\" content=\"Ta\u015bma samoprzylepna 3M z mi\u0119kkiego PVC to ekonomiczne rozwi\u0105zanie do znakowania, \u0142\u0105czenia i uszczelniania r\u00f3\u017cnych materia\u0142\u00f3w i powierzchni. Dowiedz si\u0119 wi\u0119cej.\" \/>\n<meta property=\"og:url\" content=\"https:\/\/cardinal-tapes.com\/pl\/ta\u015bmy-samoprzylepne\/jednostronne-tasmy-samoprzylepne\/folia-pvc\/tasma-samoprzylepna-3m-764-pvc\/\" \/>\n<meta property=\"og:site_name\" content=\"cardinal TAPES\" \/>\n<meta property=\"article:modified_time\" content=\"2025-07-03T14:10:04+00:00\" \/>\n<meta property=\"og:image\" content=\"https:\/\/cardinal-tapes.com\/wp-content\/uploads\/3m_scotch_allzweck_weich_pvc_764.jpg\" \/>\n\t<meta property=\"og:image:width\" content=\"600\" \/>\n\t<meta property=\"og:image:height\" content=\"600\" \/>\n\t<meta property=\"og:image:type\" content=\"image\/jpeg\" \/>\n<meta name=\"twitter:card\" content=\"summary_large_image\" \/>\n<meta name=\"twitter:label1\" content=\"Szacowany czas czytania\" \/>\n\t<meta name=\"twitter:data1\" content=\"1 minuta\" \/>\n<script type=\"application\/ld+json\" class=\"yoast-schema-graph\">{\"@context\":\"https:\\\/\\\/schema.org\",\"@graph\":[{\"@type\":\"WebPage\",\"@id\":\"https:\\\/\\\/cardinal-tapes.com\\\/pl\\\/ta\u015bmy-samoprzylepne\\\/jednostronne-tasmy-samoprzylepne\\\/folia-pvc\\\/tasma-samoprzylepna-3m-764-pvc\\\/\",\"url\":\"https:\\\/\\\/cardinal-tapes.com\\\/pl\\\/ta\u015bmy-samoprzylepne\\\/jednostronne-tasmy-samoprzylepne\\\/folia-pvc\\\/tasma-samoprzylepna-3m-764-pvc\\\/\",\"name\":\"3M\u2122 764 Ta\u015bma PVC og\u00f3lnego zastosowania | Cardinal TAPES\",\"isPartOf\":{\"@id\":\"https:\\\/\\\/cardinal-tapes.com\\\/#website\"},\"primaryImageOfPage\":{\"@id\":\"https:\\\/\\\/cardinal-tapes.com\\\/pl\\\/ta\u015bmy-samoprzylepne\\\/jednostronne-tasmy-samoprzylepne\\\/folia-pvc\\\/tasma-samoprzylepna-3m-764-pvc\\\/#primaryimage\"},\"image\":{\"@id\":\"https:\\\/\\\/cardinal-tapes.com\\\/pl\\\/ta\u015bmy-samoprzylepne\\\/jednostronne-tasmy-samoprzylepne\\\/folia-pvc\\\/tasma-samoprzylepna-3m-764-pvc\\\/#primaryimage\"},\"thumbnailUrl\":\"https:\\\/\\\/cardinal-tapes.com\\\/wp-content\\\/uploads\\\/3m_scotch_allzweck_weich_pvc_764.jpg\",\"datePublished\":\"2023-06-06T08:09:57+00:00\",\"dateModified\":\"2025-07-03T14:10:04+00:00\",\"description\":\"Ta\u015bma samoprzylepna 3M z mi\u0119kkiego PVC to ekonomiczne rozwi\u0105zanie do znakowania, \u0142\u0105czenia i uszczelniania r\u00f3\u017cnych materia\u0142\u00f3w i powierzchni. Dowiedz si\u0119 wi\u0119cej.\",\"breadcrumb\":{\"@id\":\"https:\\\/\\\/cardinal-tapes.com\\\/pl\\\/ta\u015bmy-samoprzylepne\\\/jednostronne-tasmy-samoprzylepne\\\/folia-pvc\\\/tasma-samoprzylepna-3m-764-pvc\\\/#breadcrumb\"},\"inLanguage\":\"pl-PL\",\"potentialAction\":[{\"@type\":\"ReadAction\",\"target\":[\"https:\\\/\\\/cardinal-tapes.com\\\/pl\\\/ta\u015bmy-samoprzylepne\\\/jednostronne-tasmy-samoprzylepne\\\/folia-pvc\\\/tasma-samoprzylepna-3m-764-pvc\\\/\"]}]},{\"@type\":\"ImageObject\",\"inLanguage\":\"pl-PL\",\"@id\":\"https:\\\/\\\/cardinal-tapes.com\\\/pl\\\/ta\u015bmy-samoprzylepne\\\/jednostronne-tasmy-samoprzylepne\\\/folia-pvc\\\/tasma-samoprzylepna-3m-764-pvc\\\/#primaryimage\",\"url\":\"https:\\\/\\\/cardinal-tapes.com\\\/wp-content\\\/uploads\\\/3m_scotch_allzweck_weich_pvc_764.jpg\",\"contentUrl\":\"https:\\\/\\\/cardinal-tapes.com\\\/wp-content\\\/uploads\\\/3m_scotch_allzweck_weich_pvc_764.jpg\",\"width\":600,\"height\":600,\"caption\":\"Ta\u015bma samoprzylepna 3M Scotch PVC 764\"},{\"@type\":\"BreadcrumbList\",\"@id\":\"https:\\\/\\\/cardinal-tapes.com\\\/pl\\\/ta\u015bmy-samoprzylepne\\\/jednostronne-tasmy-samoprzylepne\\\/folia-pvc\\\/tasma-samoprzylepna-3m-764-pvc\\\/#breadcrumb\",\"itemListElement\":[{\"@type\":\"ListItem\",\"position\":1,\"name\":\"Startseite\",\"item\":\"https:\\\/\\\/cardinal-tapes.com\\\/pl\\\/strona-glowna\\\/\"},{\"@type\":\"ListItem\",\"position\":2,\"name\":\"Ta\u015bmy samoprzylepne\",\"item\":\"https:\\\/\\\/cardinal-tapes.com\\\/pl\\\/tasmy-samoprzylepne-pl\\\/\"},{\"@type\":\"ListItem\",\"position\":3,\"name\":\"Jednostronne ta\u015bmy samoprzylepne\",\"item\":\"https:\\\/\\\/cardinal-tapes.com\\\/pl\\\/kategoria\\\/jednostronne-tasmy-samoprzylepne\\\/\"},{\"@type\":\"ListItem\",\"position\":4,\"name\":\"Folia PVC\",\"item\":\"https:\\\/\\\/cardinal-tapes.com\\\/pl\\\/kategoria\\\/folia-pvc\\\/\"},{\"@type\":\"ListItem\",\"position\":5,\"name\":\"3M\u2122 Ta\u015bma PVC og\u00f3lnego zastosowania 764\"}]},{\"@type\":\"WebSite\",\"@id\":\"https:\\\/\\\/cardinal-tapes.com\\\/#website\",\"url\":\"https:\\\/\\\/cardinal-tapes.com\\\/\",\"name\":\"cardinal TAPES\",\"description\":\"Klebetechnik aus Wuppertal\",\"potentialAction\":[{\"@type\":\"SearchAction\",\"target\":{\"@type\":\"EntryPoint\",\"urlTemplate\":\"https:\\\/\\\/cardinal-tapes.com\\\/?s={search_term_string}\"},\"query-input\":{\"@type\":\"PropertyValueSpecification\",\"valueRequired\":true,\"valueName\":\"search_term_string\"}}],\"inLanguage\":\"pl-PL\"}]}<\/script>\n<!-- \/ Yoast SEO plugin. -->","yoast_head_json":{"title":"3M\u2122 764 Ta\u015bma PVC og\u00f3lnego zastosowania | Cardinal TAPES","description":"Ta\u015bma samoprzylepna 3M z mi\u0119kkiego PVC to ekonomiczne rozwi\u0105zanie do znakowania, \u0142\u0105czenia i uszczelniania r\u00f3\u017cnych materia\u0142\u00f3w i powierzchni. Dowiedz si\u0119 wi\u0119cej.","robots":{"index":"index","follow":"follow","max-snippet":"max-snippet:-1","max-image-preview":"max-image-preview:large","max-video-preview":"max-video-preview:-1"},"canonical":"https:\/\/cardinal-tapes.com\/pl\/ta\u015bmy-samoprzylepne\/jednostronne-tasmy-samoprzylepne\/folia-pvc\/tasma-samoprzylepna-3m-764-pvc\/","og_locale":"pl_PL","og_type":"article","og_title":"3M\u2122 764 Ta\u015bma PVC og\u00f3lnego zastosowania | Cardinal TAPES","og_description":"Ta\u015bma samoprzylepna 3M z mi\u0119kkiego PVC to ekonomiczne rozwi\u0105zanie do znakowania, \u0142\u0105czenia i uszczelniania r\u00f3\u017cnych materia\u0142\u00f3w i powierzchni. Dowiedz si\u0119 wi\u0119cej.","og_url":"https:\/\/cardinal-tapes.com\/pl\/ta\u015bmy-samoprzylepne\/jednostronne-tasmy-samoprzylepne\/folia-pvc\/tasma-samoprzylepna-3m-764-pvc\/","og_site_name":"cardinal TAPES","article_modified_time":"2025-07-03T14:10:04+00:00","og_image":[{"width":600,"height":600,"url":"https:\/\/cardinal-tapes.com\/wp-content\/uploads\/3m_scotch_allzweck_weich_pvc_764.jpg","type":"image\/jpeg"}],"twitter_card":"summary_large_image","twitter_misc":{"Szacowany czas czytania":"1 minuta"},"schema":{"@context":"https:\/\/schema.org","@graph":[{"@type":"WebPage","@id":"https:\/\/cardinal-tapes.com\/pl\/ta\u015bmy-samoprzylepne\/jednostronne-tasmy-samoprzylepne\/folia-pvc\/tasma-samoprzylepna-3m-764-pvc\/","url":"https:\/\/cardinal-tapes.com\/pl\/ta\u015bmy-samoprzylepne\/jednostronne-tasmy-samoprzylepne\/folia-pvc\/tasma-samoprzylepna-3m-764-pvc\/","name":"3M\u2122 764 Ta\u015bma PVC og\u00f3lnego zastosowania | Cardinal TAPES","isPartOf":{"@id":"https:\/\/cardinal-tapes.com\/#website"},"primaryImageOfPage":{"@id":"https:\/\/cardinal-tapes.com\/pl\/ta\u015bmy-samoprzylepne\/jednostronne-tasmy-samoprzylepne\/folia-pvc\/tasma-samoprzylepna-3m-764-pvc\/#primaryimage"},"image":{"@id":"https:\/\/cardinal-tapes.com\/pl\/ta\u015bmy-samoprzylepne\/jednostronne-tasmy-samoprzylepne\/folia-pvc\/tasma-samoprzylepna-3m-764-pvc\/#primaryimage"},"thumbnailUrl":"https:\/\/cardinal-tapes.com\/wp-content\/uploads\/3m_scotch_allzweck_weich_pvc_764.jpg","datePublished":"2023-06-06T08:09:57+00:00","dateModified":"2025-07-03T14:10:04+00:00","description":"Ta\u015bma samoprzylepna 3M z mi\u0119kkiego PVC to ekonomiczne rozwi\u0105zanie do znakowania, \u0142\u0105czenia i uszczelniania r\u00f3\u017cnych materia\u0142\u00f3w i powierzchni. Dowiedz si\u0119 wi\u0119cej.","breadcrumb":{"@id":"https:\/\/cardinal-tapes.com\/pl\/ta\u015bmy-samoprzylepne\/jednostronne-tasmy-samoprzylepne\/folia-pvc\/tasma-samoprzylepna-3m-764-pvc\/#breadcrumb"},"inLanguage":"pl-PL","potentialAction":[{"@type":"ReadAction","target":["https:\/\/cardinal-tapes.com\/pl\/ta\u015bmy-samoprzylepne\/jednostronne-tasmy-samoprzylepne\/folia-pvc\/tasma-samoprzylepna-3m-764-pvc\/"]}]},{"@type":"ImageObject","inLanguage":"pl-PL","@id":"https:\/\/cardinal-tapes.com\/pl\/ta\u015bmy-samoprzylepne\/jednostronne-tasmy-samoprzylepne\/folia-pvc\/tasma-samoprzylepna-3m-764-pvc\/#primaryimage","url":"https:\/\/cardinal-tapes.com\/wp-content\/uploads\/3m_scotch_allzweck_weich_pvc_764.jpg","contentUrl":"https:\/\/cardinal-tapes.com\/wp-content\/uploads\/3m_scotch_allzweck_weich_pvc_764.jpg","width":600,"height":600,"caption":"Ta\u015bma samoprzylepna 3M Scotch PVC 764"},{"@type":"BreadcrumbList","@id":"https:\/\/cardinal-tapes.com\/pl\/ta\u015bmy-samoprzylepne\/jednostronne-tasmy-samoprzylepne\/folia-pvc\/tasma-samoprzylepna-3m-764-pvc\/#breadcrumb","itemListElement":[{"@type":"ListItem","position":1,"name":"Startseite","item":"https:\/\/cardinal-tapes.com\/pl\/strona-glowna\/"},{"@type":"ListItem","position":2,"name":"Ta\u015bmy samoprzylepne","item":"https:\/\/cardinal-tapes.com\/pl\/tasmy-samoprzylepne-pl\/"},{"@type":"ListItem","position":3,"name":"Jednostronne ta\u015bmy samoprzylepne","item":"https:\/\/cardinal-tapes.com\/pl\/kategoria\/jednostronne-tasmy-samoprzylepne\/"},{"@type":"ListItem","position":4,"name":"Folia PVC","item":"https:\/\/cardinal-tapes.com\/pl\/kategoria\/folia-pvc\/"},{"@type":"ListItem","position":5,"name":"3M\u2122 Ta\u015bma PVC og\u00f3lnego zastosowania 764"}]},{"@type":"WebSite","@id":"https:\/\/cardinal-tapes.com\/#website","url":"https:\/\/cardinal-tapes.com\/","name":"cardinal TAPES","description":"Klebetechnik aus Wuppertal","potentialAction":[{"@type":"SearchAction","target":{"@type":"EntryPoint","urlTemplate":"https:\/\/cardinal-tapes.com\/?s={search_term_string}"},"query-input":{"@type":"PropertyValueSpecification","valueRequired":true,"valueName":"search_term_string"}}],"inLanguage":"pl-PL"}]}},"brands":[{"id":2168,"name":"3M","slug":"3m-pl"}],"_links":{"self":[{"href":"https:\/\/cardinal-tapes.com\/pl\/wp-json\/wp\/v2\/product\/61046","targetHints":{"allow":["GET"]}}],"collection":[{"href":"https:\/\/cardinal-tapes.com\/pl\/wp-json\/wp\/v2\/product"}],"about":[{"href":"https:\/\/cardinal-tapes.com\/pl\/wp-json\/wp\/v2\/types\/product"}],"wp:featuredmedia":[{"embeddable":true,"href":"https:\/\/cardinal-tapes.com\/pl\/wp-json\/wp\/v2\/media\/24410"}],"wp:attachment":[{"href":"https:\/\/cardinal-tapes.com\/pl\/wp-json\/wp\/v2\/media?parent=61046"}],"wp:term":[{"taxonomy":"pwb-brand","embeddable":true,"href":"https:\/\/cardinal-tapes.com\/pl\/wp-json\/wp\/v2\/pwb-brand?post=61046"},{"taxonomy":"product_brand","embeddable":true,"href":"https:\/\/cardinal-tapes.com\/pl\/wp-json\/wp\/v2\/product_brand?post=61046"},{"taxonomy":"product_cat","embeddable":true,"href":"https:\/\/cardinal-tapes.com\/pl\/wp-json\/wp\/v2\/product_cat?post=61046"},{"taxonomy":"product_tag","embeddable":true,"href":"https:\/\/cardinal-tapes.com\/pl\/wp-json\/wp\/v2\/product_tag?post=61046"}],"curies":[{"name":"wp","href":"https:\/\/api.w.org\/{rel}","templated":true}]}}