{"id":60972,"date":"2017-12-08T09:45:13","date_gmt":"2023-06-06T08:09:56","guid":{"rendered":"https:\/\/cardinal.pixel-tal.de\/klebebaender\/bez-kategorii\/3m-litograficzna-tasma-samoprzylepna-616\/"},"modified":"2025-07-07T16:50:19","modified_gmt":"2025-07-07T14:50:19","slug":"tasma-litograficzna-3m-616","status":"publish","type":"product","link":"https:\/\/cardinal-tapes.com\/pl\/ta\u015bmy-samoprzylepne\/jednostronne-tasmy-samoprzylepne\/tasma-litograficzna-3m-616\/","title":{"rendered":"3M\u2122 Litograficzna ta\u015bma samoprzylepna 616"},"content":{"rendered":"<p>3M\u2122 Lithographic Tape 616 to rubinowoczerwona ta\u015bma z nieplastyfikowanego polichlorku winylu (UPVC) z klejem na bazie \u017cywicy kauczukowej. Kolorowe pod\u0142o\u017ce bez otwor\u00f3w umo\u017cliwia dok\u0142adne pozycjonowanie, minimalizuj\u0105c efekt zjawy i oferuj\u0105c ostrzejsz\u0105 rozdzielczo\u015b\u0107 z ci\u0105g\u0142ym kryciem, aby zminimalizowa\u0107 retusz.<\/p>\n<p><strong>W\u0142a\u015bciwo\u015bci<br \/>\n<\/strong>Dzi\u0119ki przezroczysto\u015bci optycznej umo\u017cliwia precyzyjne pozycjonowanie, a sta\u0142y klej zmniejsza ryzyko zanieczyszczenia folii klejem. Ponadto ta\u015bma samoprzylepna 616 ma dobr\u0105 odporno\u015b\u0107 na wahania wilgotno\u015bci.<\/p>\n<p><strong>Zastosowania<br \/>\n<\/strong>&#8211; Zastosowania litograficzne<br \/>\n&#8211; Maskowanie nieprzezroczyste<br \/>\n&#8211; \u0141\u0105czenie papieru<br \/>\n&#8211; Rysowanie pask\u00f3w<br \/>\n&#8211; Ochrona film\u00f3w i p\u0142yt \u015bwiat\u0142oczu\u0142ych<\/p>\n","protected":false},"excerpt":{"rendered":"<p>3M\u2122 Lithographic Tape 616 to rubinowoczerwona ta\u015bma z nieplastyfikowanego polichlorku winylu (UPVC) z klejem na bazie \u017cywicy kauczukowej. Kolorowe pod\u0142o\u017ce bez otwor\u00f3w umo\u017cliwia dok\u0142adne pozycjonowanie, minimalizuj\u0105c efekt zjawy i oferuj\u0105c ostrzejsz\u0105 rozdzielczo\u015b\u0107 z ci\u0105g\u0142ym kryciem, aby zminimalizowa\u0107 retusz. W\u0142a\u015bciwo\u015bci Dzi\u0119ki przezroczysto\u015bci optycznej umo\u017cliwia precyzyjne pozycjonowanie, a sta\u0142y klej zmniejsza ryzyko zanieczyszczenia folii klejem. Ponadto ta\u015bma [&hellip;]<\/p>\n","protected":false},"featured_media":24414,"template":"","meta":{"_acf_changed":false},"pwb-brand":[2168],"product_brand":[],"product_cat":[1816],"product_tag":[],"class_list":{"0":"post-60972","1":"product","2":"type-product","3":"status-publish","4":"has-post-thumbnail","6":"pwb-brand-3m-pl","7":"product_cat-jednostronne-tasmy-samoprzylepne","9":"first","10":"instock","11":"taxable","12":"shipping-taxable","13":"purchasable","14":"product-type-variable"},"acf":[],"yoast_head":"<!-- This site is optimized with the Yoast SEO plugin v27.3 - https:\/\/yoast.com\/product\/yoast-seo-wordpress\/ -->\n<title>Ta\u015bma litograficzna 3M\u2122 616 | Cardinal TAPES<\/title>\n<meta name=\"description\" content=\"3M\u2122 Lithographic Tape 616 to rubinowoczerwona ta\u015bma z nieplastyfikowanego polichlorku winylu (UPVC) z klejem na bazie \u017cywicy kauczukowej.\" \/>\n<meta name=\"robots\" content=\"index, follow, max-snippet:-1, max-image-preview:large, max-video-preview:-1\" \/>\n<link rel=\"canonical\" href=\"https:\/\/cardinal-tapes.com\/pl\/ta\u015bmy-samoprzylepne\/jednostronne-tasmy-samoprzylepne\/tasma-litograficzna-3m-616\/\" \/>\n<meta property=\"og:locale\" content=\"pl_PL\" \/>\n<meta property=\"og:type\" content=\"article\" \/>\n<meta property=\"og:title\" content=\"Ta\u015bma litograficzna 3M\u2122 616 | Cardinal TAPES\" \/>\n<meta property=\"og:description\" content=\"3M\u2122 Lithographic Tape 616 to rubinowoczerwona ta\u015bma z nieplastyfikowanego polichlorku winylu (UPVC) z klejem na bazie \u017cywicy kauczukowej.\" \/>\n<meta property=\"og:url\" content=\"https:\/\/cardinal-tapes.com\/pl\/ta\u015bmy-samoprzylepne\/jednostronne-tasmy-samoprzylepne\/tasma-litograficzna-3m-616\/\" \/>\n<meta property=\"og:site_name\" content=\"cardinal TAPES\" \/>\n<meta property=\"article:modified_time\" content=\"2025-07-07T14:50:19+00:00\" \/>\n<meta property=\"og:image\" content=\"https:\/\/cardinal-tapes.com\/wp-content\/uploads\/3m_lithografisches_klebeband_616.jpg\" \/>\n\t<meta property=\"og:image:width\" content=\"600\" \/>\n\t<meta property=\"og:image:height\" content=\"600\" \/>\n\t<meta property=\"og:image:type\" content=\"image\/jpeg\" \/>\n<meta name=\"twitter:card\" content=\"summary_large_image\" \/>\n<meta name=\"twitter:label1\" content=\"Szacowany czas czytania\" \/>\n\t<meta name=\"twitter:data1\" content=\"1 minuta\" \/>\n<script type=\"application\/ld+json\" class=\"yoast-schema-graph\">{\"@context\":\"https:\\\/\\\/schema.org\",\"@graph\":[{\"@type\":\"WebPage\",\"@id\":\"https:\\\/\\\/cardinal-tapes.com\\\/pl\\\/ta\u015bmy-samoprzylepne\\\/jednostronne-tasmy-samoprzylepne\\\/tasma-litograficzna-3m-616\\\/\",\"url\":\"https:\\\/\\\/cardinal-tapes.com\\\/pl\\\/ta\u015bmy-samoprzylepne\\\/jednostronne-tasmy-samoprzylepne\\\/tasma-litograficzna-3m-616\\\/\",\"name\":\"Ta\u015bma litograficzna 3M\u2122 616 | Cardinal TAPES\",\"isPartOf\":{\"@id\":\"https:\\\/\\\/cardinal-tapes.com\\\/#website\"},\"primaryImageOfPage\":{\"@id\":\"https:\\\/\\\/cardinal-tapes.com\\\/pl\\\/ta\u015bmy-samoprzylepne\\\/jednostronne-tasmy-samoprzylepne\\\/tasma-litograficzna-3m-616\\\/#primaryimage\"},\"image\":{\"@id\":\"https:\\\/\\\/cardinal-tapes.com\\\/pl\\\/ta\u015bmy-samoprzylepne\\\/jednostronne-tasmy-samoprzylepne\\\/tasma-litograficzna-3m-616\\\/#primaryimage\"},\"thumbnailUrl\":\"https:\\\/\\\/cardinal-tapes.com\\\/wp-content\\\/uploads\\\/3m_lithografisches_klebeband_616.jpg\",\"datePublished\":\"2023-06-06T08:09:56+00:00\",\"dateModified\":\"2025-07-07T14:50:19+00:00\",\"description\":\"3M\u2122 Lithographic Tape 616 to rubinowoczerwona ta\u015bma z nieplastyfikowanego polichlorku winylu (UPVC) z klejem na bazie \u017cywicy kauczukowej.\",\"breadcrumb\":{\"@id\":\"https:\\\/\\\/cardinal-tapes.com\\\/pl\\\/ta\u015bmy-samoprzylepne\\\/jednostronne-tasmy-samoprzylepne\\\/tasma-litograficzna-3m-616\\\/#breadcrumb\"},\"inLanguage\":\"pl-PL\",\"potentialAction\":[{\"@type\":\"ReadAction\",\"target\":[\"https:\\\/\\\/cardinal-tapes.com\\\/pl\\\/ta\u015bmy-samoprzylepne\\\/jednostronne-tasmy-samoprzylepne\\\/tasma-litograficzna-3m-616\\\/\"]}]},{\"@type\":\"ImageObject\",\"inLanguage\":\"pl-PL\",\"@id\":\"https:\\\/\\\/cardinal-tapes.com\\\/pl\\\/ta\u015bmy-samoprzylepne\\\/jednostronne-tasmy-samoprzylepne\\\/tasma-litograficzna-3m-616\\\/#primaryimage\",\"url\":\"https:\\\/\\\/cardinal-tapes.com\\\/wp-content\\\/uploads\\\/3m_lithografisches_klebeband_616.jpg\",\"contentUrl\":\"https:\\\/\\\/cardinal-tapes.com\\\/wp-content\\\/uploads\\\/3m_lithografisches_klebeband_616.jpg\",\"width\":600,\"height\":600,\"caption\":\"Ta\u015bma litograficzna 3M 616\"},{\"@type\":\"BreadcrumbList\",\"@id\":\"https:\\\/\\\/cardinal-tapes.com\\\/pl\\\/ta\u015bmy-samoprzylepne\\\/jednostronne-tasmy-samoprzylepne\\\/tasma-litograficzna-3m-616\\\/#breadcrumb\",\"itemListElement\":[{\"@type\":\"ListItem\",\"position\":1,\"name\":\"Startseite\",\"item\":\"https:\\\/\\\/cardinal-tapes.com\\\/pl\\\/strona-glowna\\\/\"},{\"@type\":\"ListItem\",\"position\":2,\"name\":\"Ta\u015bmy samoprzylepne\",\"item\":\"https:\\\/\\\/cardinal-tapes.com\\\/pl\\\/tasmy-samoprzylepne-pl\\\/\"},{\"@type\":\"ListItem\",\"position\":3,\"name\":\"Jednostronne ta\u015bmy samoprzylepne\",\"item\":\"https:\\\/\\\/cardinal-tapes.com\\\/pl\\\/kategoria\\\/jednostronne-tasmy-samoprzylepne\\\/\"},{\"@type\":\"ListItem\",\"position\":4,\"name\":\"3M\u2122 Litograficzna ta\u015bma samoprzylepna 616\"}]},{\"@type\":\"WebSite\",\"@id\":\"https:\\\/\\\/cardinal-tapes.com\\\/#website\",\"url\":\"https:\\\/\\\/cardinal-tapes.com\\\/\",\"name\":\"cardinal TAPES\",\"description\":\"Klebetechnik aus Wuppertal\",\"potentialAction\":[{\"@type\":\"SearchAction\",\"target\":{\"@type\":\"EntryPoint\",\"urlTemplate\":\"https:\\\/\\\/cardinal-tapes.com\\\/?s={search_term_string}\"},\"query-input\":{\"@type\":\"PropertyValueSpecification\",\"valueRequired\":true,\"valueName\":\"search_term_string\"}}],\"inLanguage\":\"pl-PL\"}]}<\/script>\n<!-- \/ Yoast SEO plugin. -->","yoast_head_json":{"title":"Ta\u015bma litograficzna 3M\u2122 616 | Cardinal TAPES","description":"3M\u2122 Lithographic Tape 616 to rubinowoczerwona ta\u015bma z nieplastyfikowanego polichlorku winylu (UPVC) z klejem na bazie \u017cywicy kauczukowej.","robots":{"index":"index","follow":"follow","max-snippet":"max-snippet:-1","max-image-preview":"max-image-preview:large","max-video-preview":"max-video-preview:-1"},"canonical":"https:\/\/cardinal-tapes.com\/pl\/ta\u015bmy-samoprzylepne\/jednostronne-tasmy-samoprzylepne\/tasma-litograficzna-3m-616\/","og_locale":"pl_PL","og_type":"article","og_title":"Ta\u015bma litograficzna 3M\u2122 616 | Cardinal TAPES","og_description":"3M\u2122 Lithographic Tape 616 to rubinowoczerwona ta\u015bma z nieplastyfikowanego polichlorku winylu (UPVC) z klejem na bazie \u017cywicy kauczukowej.","og_url":"https:\/\/cardinal-tapes.com\/pl\/ta\u015bmy-samoprzylepne\/jednostronne-tasmy-samoprzylepne\/tasma-litograficzna-3m-616\/","og_site_name":"cardinal TAPES","article_modified_time":"2025-07-07T14:50:19+00:00","og_image":[{"width":600,"height":600,"url":"https:\/\/cardinal-tapes.com\/wp-content\/uploads\/3m_lithografisches_klebeband_616.jpg","type":"image\/jpeg"}],"twitter_card":"summary_large_image","twitter_misc":{"Szacowany czas czytania":"1 minuta"},"schema":{"@context":"https:\/\/schema.org","@graph":[{"@type":"WebPage","@id":"https:\/\/cardinal-tapes.com\/pl\/ta\u015bmy-samoprzylepne\/jednostronne-tasmy-samoprzylepne\/tasma-litograficzna-3m-616\/","url":"https:\/\/cardinal-tapes.com\/pl\/ta\u015bmy-samoprzylepne\/jednostronne-tasmy-samoprzylepne\/tasma-litograficzna-3m-616\/","name":"Ta\u015bma litograficzna 3M\u2122 616 | Cardinal TAPES","isPartOf":{"@id":"https:\/\/cardinal-tapes.com\/#website"},"primaryImageOfPage":{"@id":"https:\/\/cardinal-tapes.com\/pl\/ta\u015bmy-samoprzylepne\/jednostronne-tasmy-samoprzylepne\/tasma-litograficzna-3m-616\/#primaryimage"},"image":{"@id":"https:\/\/cardinal-tapes.com\/pl\/ta\u015bmy-samoprzylepne\/jednostronne-tasmy-samoprzylepne\/tasma-litograficzna-3m-616\/#primaryimage"},"thumbnailUrl":"https:\/\/cardinal-tapes.com\/wp-content\/uploads\/3m_lithografisches_klebeband_616.jpg","datePublished":"2023-06-06T08:09:56+00:00","dateModified":"2025-07-07T14:50:19+00:00","description":"3M\u2122 Lithographic Tape 616 to rubinowoczerwona ta\u015bma z nieplastyfikowanego polichlorku winylu (UPVC) z klejem na bazie \u017cywicy kauczukowej.","breadcrumb":{"@id":"https:\/\/cardinal-tapes.com\/pl\/ta\u015bmy-samoprzylepne\/jednostronne-tasmy-samoprzylepne\/tasma-litograficzna-3m-616\/#breadcrumb"},"inLanguage":"pl-PL","potentialAction":[{"@type":"ReadAction","target":["https:\/\/cardinal-tapes.com\/pl\/ta\u015bmy-samoprzylepne\/jednostronne-tasmy-samoprzylepne\/tasma-litograficzna-3m-616\/"]}]},{"@type":"ImageObject","inLanguage":"pl-PL","@id":"https:\/\/cardinal-tapes.com\/pl\/ta\u015bmy-samoprzylepne\/jednostronne-tasmy-samoprzylepne\/tasma-litograficzna-3m-616\/#primaryimage","url":"https:\/\/cardinal-tapes.com\/wp-content\/uploads\/3m_lithografisches_klebeband_616.jpg","contentUrl":"https:\/\/cardinal-tapes.com\/wp-content\/uploads\/3m_lithografisches_klebeband_616.jpg","width":600,"height":600,"caption":"Ta\u015bma litograficzna 3M 616"},{"@type":"BreadcrumbList","@id":"https:\/\/cardinal-tapes.com\/pl\/ta\u015bmy-samoprzylepne\/jednostronne-tasmy-samoprzylepne\/tasma-litograficzna-3m-616\/#breadcrumb","itemListElement":[{"@type":"ListItem","position":1,"name":"Startseite","item":"https:\/\/cardinal-tapes.com\/pl\/strona-glowna\/"},{"@type":"ListItem","position":2,"name":"Ta\u015bmy samoprzylepne","item":"https:\/\/cardinal-tapes.com\/pl\/tasmy-samoprzylepne-pl\/"},{"@type":"ListItem","position":3,"name":"Jednostronne ta\u015bmy samoprzylepne","item":"https:\/\/cardinal-tapes.com\/pl\/kategoria\/jednostronne-tasmy-samoprzylepne\/"},{"@type":"ListItem","position":4,"name":"3M\u2122 Litograficzna ta\u015bma samoprzylepna 616"}]},{"@type":"WebSite","@id":"https:\/\/cardinal-tapes.com\/#website","url":"https:\/\/cardinal-tapes.com\/","name":"cardinal TAPES","description":"Klebetechnik aus Wuppertal","potentialAction":[{"@type":"SearchAction","target":{"@type":"EntryPoint","urlTemplate":"https:\/\/cardinal-tapes.com\/?s={search_term_string}"},"query-input":{"@type":"PropertyValueSpecification","valueRequired":true,"valueName":"search_term_string"}}],"inLanguage":"pl-PL"}]}},"brands":[{"id":2168,"name":"3M","slug":"3m-pl"}],"_links":{"self":[{"href":"https:\/\/cardinal-tapes.com\/pl\/wp-json\/wp\/v2\/product\/60972","targetHints":{"allow":["GET"]}}],"collection":[{"href":"https:\/\/cardinal-tapes.com\/pl\/wp-json\/wp\/v2\/product"}],"about":[{"href":"https:\/\/cardinal-tapes.com\/pl\/wp-json\/wp\/v2\/types\/product"}],"wp:featuredmedia":[{"embeddable":true,"href":"https:\/\/cardinal-tapes.com\/pl\/wp-json\/wp\/v2\/media\/24414"}],"wp:attachment":[{"href":"https:\/\/cardinal-tapes.com\/pl\/wp-json\/wp\/v2\/media?parent=60972"}],"wp:term":[{"taxonomy":"pwb-brand","embeddable":true,"href":"https:\/\/cardinal-tapes.com\/pl\/wp-json\/wp\/v2\/pwb-brand?post=60972"},{"taxonomy":"product_brand","embeddable":true,"href":"https:\/\/cardinal-tapes.com\/pl\/wp-json\/wp\/v2\/product_brand?post=60972"},{"taxonomy":"product_cat","embeddable":true,"href":"https:\/\/cardinal-tapes.com\/pl\/wp-json\/wp\/v2\/product_cat?post=60972"},{"taxonomy":"product_tag","embeddable":true,"href":"https:\/\/cardinal-tapes.com\/pl\/wp-json\/wp\/v2\/product_tag?post=60972"}],"curies":[{"name":"wp","href":"https:\/\/api.w.org\/{rel}","templated":true}]}}