{"id":60964,"date":"2017-12-08T09:51:26","date_gmt":"2023-06-06T08:09:55","guid":{"rendered":"https:\/\/cardinal.pixel-tal.de\/klebebaender\/bez-kategorii\/tasma-pakowa-3m-3707-bopp\/"},"modified":"2023-06-06T10:09:55","modified_gmt":"2023-06-06T08:09:55","slug":"3m-3707-bopp-packaging-tape","status":"publish","type":"product","link":"https:\/\/cardinal-tapes.com\/pl\/ta\u015bmy-samoprzylepne\/systemy-pakowania\/3m-3707-bopp-packaging-tape\/","title":{"rendered":"Ta\u015bma pakowa 3M\u2122 3707 BOPP"},"content":{"rendered":"<p>Wysokowydajna ta\u015bma pakowa 3M\u2122 BOPP 3707 nadaje si\u0119 do zaklejania \u015brednich i ci\u0119\u017ckich pude\u0142 kartonowych. Ta\u015bma samoprzylepna zachowuje swoj\u0105 funkcjonalno\u015b\u0107 w zwyk\u0142ych temperaturach podczas transportu. W\u0142a\u015bciwo\u015bci te s\u0105 mo\u017cliwe dzi\u0119ki materia\u0142owi no\u015bnemu wykonanemu z dwuosiowo rozci\u0105gni\u0119tej folii polipropylenowej i kleju z \u017cywicy kauczuku naturalnego.<\/p>\n<p><strong>W\u0142a\u015bciwo\u015bci<\/strong><br \/>\nTa\u015bma samoprzylepna zachowuje swoj\u0105 funkcjonalno\u015b\u0107 w zwyk\u0142ych temperaturach, w tym w zakresie zamra\u017cania.<\/p>\n<p><strong>Zastosowania<br \/>\n<\/strong>&#8211; Nadaje si\u0119 do zaklejania \u015brednich i ci\u0119\u017ckich pude\u0142 kartonowych.<strong><br \/>\n<\/strong>&#8211; Mo\u017ce by\u0107 r\u00f3wnie\u017c u\u017cywany do wielokrotnego uszczelniania.<\/p>\n","protected":false},"excerpt":{"rendered":"<p>Wysokowydajna ta\u015bma pakowa 3M\u2122 BOPP 3707 nadaje si\u0119 do zaklejania \u015brednich i ci\u0119\u017ckich pude\u0142 kartonowych. Ta\u015bma samoprzylepna zachowuje swoj\u0105 funkcjonalno\u015b\u0107 w zwyk\u0142ych temperaturach podczas transportu. W\u0142a\u015bciwo\u015bci te s\u0105 mo\u017cliwe dzi\u0119ki materia\u0142owi no\u015bnemu wykonanemu z dwuosiowo rozci\u0105gni\u0119tej folii polipropylenowej i kleju z \u017cywicy kauczuku naturalnego. W\u0142a\u015bciwo\u015bci Ta\u015bma samoprzylepna zachowuje swoj\u0105 funkcjonalno\u015b\u0107 w zwyk\u0142ych temperaturach, w tym [&hellip;]<\/p>\n","protected":false},"featured_media":24494,"template":"","meta":{"_acf_changed":false},"pwb-brand":[2168],"product_brand":[],"product_cat":[1867],"product_tag":[],"class_list":{"0":"post-60964","1":"product","2":"type-product","3":"status-publish","4":"has-post-thumbnail","6":"pwb-brand-3m-pl","7":"product_cat-systemy-pakowania","9":"first","10":"instock","11":"taxable","12":"shipping-taxable","13":"purchasable","14":"product-type-variable"},"acf":[],"yoast_head":"<!-- This site is optimized with the Yoast SEO plugin v27.3 - https:\/\/yoast.com\/product\/yoast-seo-wordpress\/ -->\n<title>Ta\u015bma pakowa 3M 3707 BOPP | Cardinal TAPES<\/title>\n<meta name=\"description\" content=\"Wysokowydajna ta\u015bma pakowa 3M BOPP 3707 nadaje si\u0119 do zaklejania \u015brednich i ci\u0119\u017ckich pude\u0142 kartonowych. Dowiedz si\u0119 wi\u0119cej.\" \/>\n<meta name=\"robots\" content=\"index, follow, max-snippet:-1, max-image-preview:large, max-video-preview:-1\" \/>\n<link rel=\"canonical\" href=\"https:\/\/cardinal-tapes.com\/pl\/ta\u015bmy-samoprzylepne\/systemy-pakowania\/3m-3707-bopp-packaging-tape\/\" \/>\n<meta property=\"og:locale\" content=\"pl_PL\" \/>\n<meta property=\"og:type\" content=\"article\" \/>\n<meta property=\"og:title\" content=\"Ta\u015bma pakowa 3M 3707 BOPP | Cardinal TAPES\" \/>\n<meta property=\"og:description\" content=\"Wysokowydajna ta\u015bma pakowa 3M BOPP 3707 nadaje si\u0119 do zaklejania \u015brednich i ci\u0119\u017ckich pude\u0142 kartonowych. Dowiedz si\u0119 wi\u0119cej.\" \/>\n<meta property=\"og:url\" content=\"https:\/\/cardinal-tapes.com\/pl\/ta\u015bmy-samoprzylepne\/systemy-pakowania\/3m-3707-bopp-packaging-tape\/\" \/>\n<meta property=\"og:site_name\" content=\"cardinal TAPES\" \/>\n<meta property=\"og:image\" content=\"https:\/\/cardinal-tapes.com\/wp-content\/uploads\/3m_3707.jpg\" \/>\n\t<meta property=\"og:image:width\" content=\"600\" \/>\n\t<meta property=\"og:image:height\" content=\"600\" \/>\n\t<meta property=\"og:image:type\" content=\"image\/jpeg\" \/>\n<meta name=\"twitter:card\" content=\"summary_large_image\" \/>\n<script type=\"application\/ld+json\" class=\"yoast-schema-graph\">{\"@context\":\"https:\\\/\\\/schema.org\",\"@graph\":[{\"@type\":\"WebPage\",\"@id\":\"https:\\\/\\\/cardinal-tapes.com\\\/pl\\\/ta\u015bmy-samoprzylepne\\\/systemy-pakowania\\\/3m-3707-bopp-packaging-tape\\\/\",\"url\":\"https:\\\/\\\/cardinal-tapes.com\\\/pl\\\/ta\u015bmy-samoprzylepne\\\/systemy-pakowania\\\/3m-3707-bopp-packaging-tape\\\/\",\"name\":\"Ta\u015bma pakowa 3M 3707 BOPP | Cardinal TAPES\",\"isPartOf\":{\"@id\":\"https:\\\/\\\/cardinal-tapes.com\\\/#website\"},\"primaryImageOfPage\":{\"@id\":\"https:\\\/\\\/cardinal-tapes.com\\\/pl\\\/ta\u015bmy-samoprzylepne\\\/systemy-pakowania\\\/3m-3707-bopp-packaging-tape\\\/#primaryimage\"},\"image\":{\"@id\":\"https:\\\/\\\/cardinal-tapes.com\\\/pl\\\/ta\u015bmy-samoprzylepne\\\/systemy-pakowania\\\/3m-3707-bopp-packaging-tape\\\/#primaryimage\"},\"thumbnailUrl\":\"https:\\\/\\\/cardinal-tapes.com\\\/wp-content\\\/uploads\\\/3m_3707.jpg\",\"datePublished\":\"2023-06-06T08:09:55+00:00\",\"description\":\"Wysokowydajna ta\u015bma pakowa 3M BOPP 3707 nadaje si\u0119 do zaklejania \u015brednich i ci\u0119\u017ckich pude\u0142 kartonowych. Dowiedz si\u0119 wi\u0119cej.\",\"breadcrumb\":{\"@id\":\"https:\\\/\\\/cardinal-tapes.com\\\/pl\\\/ta\u015bmy-samoprzylepne\\\/systemy-pakowania\\\/3m-3707-bopp-packaging-tape\\\/#breadcrumb\"},\"inLanguage\":\"pl-PL\",\"potentialAction\":[{\"@type\":\"ReadAction\",\"target\":[\"https:\\\/\\\/cardinal-tapes.com\\\/pl\\\/ta\u015bmy-samoprzylepne\\\/systemy-pakowania\\\/3m-3707-bopp-packaging-tape\\\/\"]}]},{\"@type\":\"ImageObject\",\"inLanguage\":\"pl-PL\",\"@id\":\"https:\\\/\\\/cardinal-tapes.com\\\/pl\\\/ta\u015bmy-samoprzylepne\\\/systemy-pakowania\\\/3m-3707-bopp-packaging-tape\\\/#primaryimage\",\"url\":\"https:\\\/\\\/cardinal-tapes.com\\\/wp-content\\\/uploads\\\/3m_3707.jpg\",\"contentUrl\":\"https:\\\/\\\/cardinal-tapes.com\\\/wp-content\\\/uploads\\\/3m_3707.jpg\",\"width\":600,\"height\":600,\"caption\":\"3M 3707\"},{\"@type\":\"BreadcrumbList\",\"@id\":\"https:\\\/\\\/cardinal-tapes.com\\\/pl\\\/ta\u015bmy-samoprzylepne\\\/systemy-pakowania\\\/3m-3707-bopp-packaging-tape\\\/#breadcrumb\",\"itemListElement\":[{\"@type\":\"ListItem\",\"position\":1,\"name\":\"Startseite\",\"item\":\"https:\\\/\\\/cardinal-tapes.com\\\/pl\\\/strona-glowna\\\/\"},{\"@type\":\"ListItem\",\"position\":2,\"name\":\"Ta\u015bmy samoprzylepne\",\"item\":\"https:\\\/\\\/cardinal-tapes.com\\\/pl\\\/tasmy-samoprzylepne-pl\\\/\"},{\"@type\":\"ListItem\",\"position\":3,\"name\":\"Systemy pakowania\",\"item\":\"https:\\\/\\\/cardinal-tapes.com\\\/pl\\\/kategoria\\\/systemy-pakowania\\\/\"},{\"@type\":\"ListItem\",\"position\":4,\"name\":\"Ta\u015bma pakowa 3M\u2122 3707 BOPP\"}]},{\"@type\":\"WebSite\",\"@id\":\"https:\\\/\\\/cardinal-tapes.com\\\/#website\",\"url\":\"https:\\\/\\\/cardinal-tapes.com\\\/\",\"name\":\"cardinal TAPES\",\"description\":\"Klebetechnik aus Wuppertal\",\"potentialAction\":[{\"@type\":\"SearchAction\",\"target\":{\"@type\":\"EntryPoint\",\"urlTemplate\":\"https:\\\/\\\/cardinal-tapes.com\\\/?s={search_term_string}\"},\"query-input\":{\"@type\":\"PropertyValueSpecification\",\"valueRequired\":true,\"valueName\":\"search_term_string\"}}],\"inLanguage\":\"pl-PL\"}]}<\/script>\n<!-- \/ Yoast SEO plugin. -->","yoast_head_json":{"title":"Ta\u015bma pakowa 3M 3707 BOPP | Cardinal TAPES","description":"Wysokowydajna ta\u015bma pakowa 3M BOPP 3707 nadaje si\u0119 do zaklejania \u015brednich i ci\u0119\u017ckich pude\u0142 kartonowych. Dowiedz si\u0119 wi\u0119cej.","robots":{"index":"index","follow":"follow","max-snippet":"max-snippet:-1","max-image-preview":"max-image-preview:large","max-video-preview":"max-video-preview:-1"},"canonical":"https:\/\/cardinal-tapes.com\/pl\/ta\u015bmy-samoprzylepne\/systemy-pakowania\/3m-3707-bopp-packaging-tape\/","og_locale":"pl_PL","og_type":"article","og_title":"Ta\u015bma pakowa 3M 3707 BOPP | Cardinal TAPES","og_description":"Wysokowydajna ta\u015bma pakowa 3M BOPP 3707 nadaje si\u0119 do zaklejania \u015brednich i ci\u0119\u017ckich pude\u0142 kartonowych. Dowiedz si\u0119 wi\u0119cej.","og_url":"https:\/\/cardinal-tapes.com\/pl\/ta\u015bmy-samoprzylepne\/systemy-pakowania\/3m-3707-bopp-packaging-tape\/","og_site_name":"cardinal TAPES","og_image":[{"width":600,"height":600,"url":"https:\/\/cardinal-tapes.com\/wp-content\/uploads\/3m_3707.jpg","type":"image\/jpeg"}],"twitter_card":"summary_large_image","schema":{"@context":"https:\/\/schema.org","@graph":[{"@type":"WebPage","@id":"https:\/\/cardinal-tapes.com\/pl\/ta\u015bmy-samoprzylepne\/systemy-pakowania\/3m-3707-bopp-packaging-tape\/","url":"https:\/\/cardinal-tapes.com\/pl\/ta\u015bmy-samoprzylepne\/systemy-pakowania\/3m-3707-bopp-packaging-tape\/","name":"Ta\u015bma pakowa 3M 3707 BOPP | Cardinal TAPES","isPartOf":{"@id":"https:\/\/cardinal-tapes.com\/#website"},"primaryImageOfPage":{"@id":"https:\/\/cardinal-tapes.com\/pl\/ta\u015bmy-samoprzylepne\/systemy-pakowania\/3m-3707-bopp-packaging-tape\/#primaryimage"},"image":{"@id":"https:\/\/cardinal-tapes.com\/pl\/ta\u015bmy-samoprzylepne\/systemy-pakowania\/3m-3707-bopp-packaging-tape\/#primaryimage"},"thumbnailUrl":"https:\/\/cardinal-tapes.com\/wp-content\/uploads\/3m_3707.jpg","datePublished":"2023-06-06T08:09:55+00:00","description":"Wysokowydajna ta\u015bma pakowa 3M BOPP 3707 nadaje si\u0119 do zaklejania \u015brednich i ci\u0119\u017ckich pude\u0142 kartonowych. Dowiedz si\u0119 wi\u0119cej.","breadcrumb":{"@id":"https:\/\/cardinal-tapes.com\/pl\/ta\u015bmy-samoprzylepne\/systemy-pakowania\/3m-3707-bopp-packaging-tape\/#breadcrumb"},"inLanguage":"pl-PL","potentialAction":[{"@type":"ReadAction","target":["https:\/\/cardinal-tapes.com\/pl\/ta\u015bmy-samoprzylepne\/systemy-pakowania\/3m-3707-bopp-packaging-tape\/"]}]},{"@type":"ImageObject","inLanguage":"pl-PL","@id":"https:\/\/cardinal-tapes.com\/pl\/ta\u015bmy-samoprzylepne\/systemy-pakowania\/3m-3707-bopp-packaging-tape\/#primaryimage","url":"https:\/\/cardinal-tapes.com\/wp-content\/uploads\/3m_3707.jpg","contentUrl":"https:\/\/cardinal-tapes.com\/wp-content\/uploads\/3m_3707.jpg","width":600,"height":600,"caption":"3M 3707"},{"@type":"BreadcrumbList","@id":"https:\/\/cardinal-tapes.com\/pl\/ta\u015bmy-samoprzylepne\/systemy-pakowania\/3m-3707-bopp-packaging-tape\/#breadcrumb","itemListElement":[{"@type":"ListItem","position":1,"name":"Startseite","item":"https:\/\/cardinal-tapes.com\/pl\/strona-glowna\/"},{"@type":"ListItem","position":2,"name":"Ta\u015bmy samoprzylepne","item":"https:\/\/cardinal-tapes.com\/pl\/tasmy-samoprzylepne-pl\/"},{"@type":"ListItem","position":3,"name":"Systemy pakowania","item":"https:\/\/cardinal-tapes.com\/pl\/kategoria\/systemy-pakowania\/"},{"@type":"ListItem","position":4,"name":"Ta\u015bma pakowa 3M\u2122 3707 BOPP"}]},{"@type":"WebSite","@id":"https:\/\/cardinal-tapes.com\/#website","url":"https:\/\/cardinal-tapes.com\/","name":"cardinal TAPES","description":"Klebetechnik aus Wuppertal","potentialAction":[{"@type":"SearchAction","target":{"@type":"EntryPoint","urlTemplate":"https:\/\/cardinal-tapes.com\/?s={search_term_string}"},"query-input":{"@type":"PropertyValueSpecification","valueRequired":true,"valueName":"search_term_string"}}],"inLanguage":"pl-PL"}]}},"brands":[{"id":2168,"name":"3M","slug":"3m-pl"}],"_links":{"self":[{"href":"https:\/\/cardinal-tapes.com\/pl\/wp-json\/wp\/v2\/product\/60964","targetHints":{"allow":["GET"]}}],"collection":[{"href":"https:\/\/cardinal-tapes.com\/pl\/wp-json\/wp\/v2\/product"}],"about":[{"href":"https:\/\/cardinal-tapes.com\/pl\/wp-json\/wp\/v2\/types\/product"}],"wp:featuredmedia":[{"embeddable":true,"href":"https:\/\/cardinal-tapes.com\/pl\/wp-json\/wp\/v2\/media\/24494"}],"wp:attachment":[{"href":"https:\/\/cardinal-tapes.com\/pl\/wp-json\/wp\/v2\/media?parent=60964"}],"wp:term":[{"taxonomy":"pwb-brand","embeddable":true,"href":"https:\/\/cardinal-tapes.com\/pl\/wp-json\/wp\/v2\/pwb-brand?post=60964"},{"taxonomy":"product_brand","embeddable":true,"href":"https:\/\/cardinal-tapes.com\/pl\/wp-json\/wp\/v2\/product_brand?post=60964"},{"taxonomy":"product_cat","embeddable":true,"href":"https:\/\/cardinal-tapes.com\/pl\/wp-json\/wp\/v2\/product_cat?post=60964"},{"taxonomy":"product_tag","embeddable":true,"href":"https:\/\/cardinal-tapes.com\/pl\/wp-json\/wp\/v2\/product_tag?post=60964"}],"curies":[{"name":"wp","href":"https:\/\/api.w.org\/{rel}","templated":true}]}}