{"id":60762,"date":"2017-12-20T14:18:40","date_gmt":"2023-06-06T08:07:23","guid":{"rendered":"https:\/\/cardinal.pixel-tal.de\/klebebaender\/bez-kategorii\/tasma-dwustronna-3m-9088-200\/"},"modified":"2025-07-03T16:17:37","modified_gmt":"2025-07-03T14:17:37","slug":"3m-9088-200-doppelseitiges-klebeband","status":"publish","type":"product","link":"https:\/\/cardinal-tapes.com\/pl\/ta\u015bmy-samoprzylepne\/tasmy-dwustronnie-klejace\/3m-9088-200-doppelseitiges-klebeband\/","title":{"rendered":"Ta\u015bma dwustronna 3M\u2122 9088-200"},"content":{"rendered":"<p>Ta\u015bma dwustronna 3M\u2122 Heavy Duty Tape 9088-200 to ta\u015bma og\u00f3lnego przeznaczenia do r\u00f3\u017cnych zastosowa\u0144. Od oznakowania po motoryzacj\u0119, od elektroniki po produkcj\u0119 urz\u0105dze\u0144 &#8211; mo\u017cesz zaufa\u0107 firmie 3M, \u017ce wzmocni i ochroni Twoj\u0105 mark\u0119.<\/p>\n<p><strong>W\u0142a\u015bciwo\u015bci<\/strong><br \/>\nSzczeg\u00f3lne zalety ta\u015bmy samoprzylepnej 9088-200 to wysoka odporno\u015b\u0107 na promieniowanie UV i temperatur\u0119 oraz wysoka przezroczysto\u015b\u0107. Ponadto przetwarzanie 3M 9088-200 jest bardzo proste i nieskomplikowane. Ze wzgl\u0119du na d\u0142ugotrwa\u0142\u0105 wysok\u0105 si\u0142\u0119 klejenia, jest to doskona\u0142y wyb\u00f3r do ekspozycji POP \/ POS, kaseton\u00f3w, oznakowa\u0144, zastosowa\u0144 w obr\u00f3bce metali, dekoracji pomieszcze\u0144, a tak\u017ce do klejenia papieru, opakowa\u0144 i wielu innych.<\/p>\n<p><strong>Zastosowania<\/strong><br \/>\n&#8211; Monta\u017c i mocowanie ekspozytor\u00f3w sprzeda\u017cowych i tablic reklamowych<br \/>\n&#8211; Mocowanie i mocowanie pask\u00f3w dekoracyjnych i emblemat\u00f3w<br \/>\n&#8211; Uszczelnianie profili i kana\u0142\u00f3w kablowych<br \/>\n&#8211; Do splatania<\/p>\n","protected":false},"excerpt":{"rendered":"<p>Ta\u015bma dwustronna 3M\u2122 Heavy Duty Tape 9088-200 to ta\u015bma og\u00f3lnego przeznaczenia do r\u00f3\u017cnych zastosowa\u0144. Od oznakowania po motoryzacj\u0119, od elektroniki po produkcj\u0119 urz\u0105dze\u0144 &#8211; mo\u017cesz zaufa\u0107 firmie 3M, \u017ce wzmocni i ochroni Twoj\u0105 mark\u0119. W\u0142a\u015bciwo\u015bci Szczeg\u00f3lne zalety ta\u015bmy samoprzylepnej 9088-200 to wysoka odporno\u015b\u0107 na promieniowanie UV i temperatur\u0119 oraz wysoka przezroczysto\u015b\u0107. Ponadto przetwarzanie 3M 9088-200 [&hellip;]<\/p>\n","protected":false},"featured_media":26766,"template":"","meta":{"_acf_changed":false},"pwb-brand":[2168],"product_brand":[],"product_cat":[1814],"product_tag":[],"class_list":{"0":"post-60762","1":"product","2":"type-product","3":"status-publish","4":"has-post-thumbnail","6":"pwb-brand-3m-pl","7":"product_cat-tasmy-dwustronnie-klejace","9":"first","10":"outofstock","11":"taxable","12":"shipping-taxable","13":"purchasable","14":"product-type-variable"},"acf":[],"yoast_head":"<!-- This site is optimized with the Yoast SEO plugin v27.3 - https:\/\/yoast.com\/product\/yoast-seo-wordpress\/ -->\n<title>3M 9088-200 Dwustronna ta\u015bma klej\u0105ca | Cardinal TAPES<\/title>\n<meta name=\"description\" content=\"Ta\u015bma dwustronna 3M 9088-200 s\u0142u\u017cy do mocowania listew, znak\u00f3w reklamowych i element\u00f3w dekoracyjnych. Wi\u0119cej informacji o 3M 9088-200.\" \/>\n<meta name=\"robots\" content=\"index, follow, max-snippet:-1, max-image-preview:large, max-video-preview:-1\" \/>\n<link rel=\"canonical\" href=\"https:\/\/cardinal-tapes.com\/pl\/ta\u015bmy-samoprzylepne\/tasmy-dwustronnie-klejace\/3m-9088-200-doppelseitiges-klebeband\/\" \/>\n<meta property=\"og:locale\" content=\"pl_PL\" \/>\n<meta property=\"og:type\" content=\"article\" \/>\n<meta property=\"og:title\" content=\"3M 9088-200 Dwustronna ta\u015bma klej\u0105ca | Cardinal TAPES\" \/>\n<meta property=\"og:description\" content=\"Ta\u015bma dwustronna 3M 9088-200 s\u0142u\u017cy do mocowania listew, znak\u00f3w reklamowych i element\u00f3w dekoracyjnych. Wi\u0119cej informacji o 3M 9088-200.\" \/>\n<meta property=\"og:url\" content=\"https:\/\/cardinal-tapes.com\/pl\/ta\u015bmy-samoprzylepne\/tasmy-dwustronnie-klejace\/3m-9088-200-doppelseitiges-klebeband\/\" \/>\n<meta property=\"og:site_name\" content=\"cardinal TAPES\" \/>\n<meta property=\"article:modified_time\" content=\"2025-07-03T14:17:37+00:00\" \/>\n<meta property=\"og:image\" content=\"https:\/\/cardinal-tapes.com\/wp-content\/uploads\/3mtm-double-coated-tapes-9088fl.jpg\" \/>\n\t<meta property=\"og:image:width\" content=\"374\" \/>\n\t<meta property=\"og:image:height\" content=\"400\" \/>\n\t<meta property=\"og:image:type\" content=\"image\/jpeg\" \/>\n<meta name=\"twitter:card\" content=\"summary_large_image\" \/>\n<meta name=\"twitter:label1\" content=\"Szacowany czas czytania\" \/>\n\t<meta name=\"twitter:data1\" content=\"1 minuta\" \/>\n<script type=\"application\/ld+json\" class=\"yoast-schema-graph\">{\"@context\":\"https:\\\/\\\/schema.org\",\"@graph\":[{\"@type\":\"WebPage\",\"@id\":\"https:\\\/\\\/cardinal-tapes.com\\\/pl\\\/ta\u015bmy-samoprzylepne\\\/tasmy-dwustronnie-klejace\\\/3m-9088-200-doppelseitiges-klebeband\\\/\",\"url\":\"https:\\\/\\\/cardinal-tapes.com\\\/pl\\\/ta\u015bmy-samoprzylepne\\\/tasmy-dwustronnie-klejace\\\/3m-9088-200-doppelseitiges-klebeband\\\/\",\"name\":\"3M 9088-200 Dwustronna ta\u015bma klej\u0105ca | Cardinal TAPES\",\"isPartOf\":{\"@id\":\"https:\\\/\\\/cardinal-tapes.com\\\/#website\"},\"primaryImageOfPage\":{\"@id\":\"https:\\\/\\\/cardinal-tapes.com\\\/pl\\\/ta\u015bmy-samoprzylepne\\\/tasmy-dwustronnie-klejace\\\/3m-9088-200-doppelseitiges-klebeband\\\/#primaryimage\"},\"image\":{\"@id\":\"https:\\\/\\\/cardinal-tapes.com\\\/pl\\\/ta\u015bmy-samoprzylepne\\\/tasmy-dwustronnie-klejace\\\/3m-9088-200-doppelseitiges-klebeband\\\/#primaryimage\"},\"thumbnailUrl\":\"https:\\\/\\\/cardinal-tapes.com\\\/wp-content\\\/uploads\\\/3mtm-double-coated-tapes-9088fl.jpg\",\"datePublished\":\"2023-06-06T08:07:23+00:00\",\"dateModified\":\"2025-07-03T14:17:37+00:00\",\"description\":\"Ta\u015bma dwustronna 3M 9088-200 s\u0142u\u017cy do mocowania listew, znak\u00f3w reklamowych i element\u00f3w dekoracyjnych. Wi\u0119cej informacji o 3M 9088-200.\",\"breadcrumb\":{\"@id\":\"https:\\\/\\\/cardinal-tapes.com\\\/pl\\\/ta\u015bmy-samoprzylepne\\\/tasmy-dwustronnie-klejace\\\/3m-9088-200-doppelseitiges-klebeband\\\/#breadcrumb\"},\"inLanguage\":\"pl-PL\",\"potentialAction\":[{\"@type\":\"ReadAction\",\"target\":[\"https:\\\/\\\/cardinal-tapes.com\\\/pl\\\/ta\u015bmy-samoprzylepne\\\/tasmy-dwustronnie-klejace\\\/3m-9088-200-doppelseitiges-klebeband\\\/\"]}]},{\"@type\":\"ImageObject\",\"inLanguage\":\"pl-PL\",\"@id\":\"https:\\\/\\\/cardinal-tapes.com\\\/pl\\\/ta\u015bmy-samoprzylepne\\\/tasmy-dwustronnie-klejace\\\/3m-9088-200-doppelseitiges-klebeband\\\/#primaryimage\",\"url\":\"https:\\\/\\\/cardinal-tapes.com\\\/wp-content\\\/uploads\\\/3mtm-double-coated-tapes-9088fl.jpg\",\"contentUrl\":\"https:\\\/\\\/cardinal-tapes.com\\\/wp-content\\\/uploads\\\/3mtm-double-coated-tapes-9088fl.jpg\",\"width\":374,\"height\":400,\"caption\":\"Ta\u015bmy 3mtmn z podw\u00f3jn\u0105 pow\u0142ok\u0105 9088fl\"},{\"@type\":\"BreadcrumbList\",\"@id\":\"https:\\\/\\\/cardinal-tapes.com\\\/pl\\\/ta\u015bmy-samoprzylepne\\\/tasmy-dwustronnie-klejace\\\/3m-9088-200-doppelseitiges-klebeband\\\/#breadcrumb\",\"itemListElement\":[{\"@type\":\"ListItem\",\"position\":1,\"name\":\"Startseite\",\"item\":\"https:\\\/\\\/cardinal-tapes.com\\\/pl\\\/strona-glowna\\\/\"},{\"@type\":\"ListItem\",\"position\":2,\"name\":\"Ta\u015bmy samoprzylepne\",\"item\":\"https:\\\/\\\/cardinal-tapes.com\\\/pl\\\/tasmy-samoprzylepne-pl\\\/\"},{\"@type\":\"ListItem\",\"position\":3,\"name\":\"Ta\u015bmy dwustronnie klej\u0105ce\",\"item\":\"https:\\\/\\\/cardinal-tapes.com\\\/pl\\\/kategoria\\\/tasmy-dwustronnie-klejace\\\/\"},{\"@type\":\"ListItem\",\"position\":4,\"name\":\"Ta\u015bma dwustronna 3M\u2122 9088-200\"}]},{\"@type\":\"WebSite\",\"@id\":\"https:\\\/\\\/cardinal-tapes.com\\\/#website\",\"url\":\"https:\\\/\\\/cardinal-tapes.com\\\/\",\"name\":\"cardinal TAPES\",\"description\":\"Klebetechnik aus Wuppertal\",\"potentialAction\":[{\"@type\":\"SearchAction\",\"target\":{\"@type\":\"EntryPoint\",\"urlTemplate\":\"https:\\\/\\\/cardinal-tapes.com\\\/?s={search_term_string}\"},\"query-input\":{\"@type\":\"PropertyValueSpecification\",\"valueRequired\":true,\"valueName\":\"search_term_string\"}}],\"inLanguage\":\"pl-PL\"}]}<\/script>\n<!-- \/ Yoast SEO plugin. -->","yoast_head_json":{"title":"3M 9088-200 Dwustronna ta\u015bma klej\u0105ca | Cardinal TAPES","description":"Ta\u015bma dwustronna 3M 9088-200 s\u0142u\u017cy do mocowania listew, znak\u00f3w reklamowych i element\u00f3w dekoracyjnych. Wi\u0119cej informacji o 3M 9088-200.","robots":{"index":"index","follow":"follow","max-snippet":"max-snippet:-1","max-image-preview":"max-image-preview:large","max-video-preview":"max-video-preview:-1"},"canonical":"https:\/\/cardinal-tapes.com\/pl\/ta\u015bmy-samoprzylepne\/tasmy-dwustronnie-klejace\/3m-9088-200-doppelseitiges-klebeband\/","og_locale":"pl_PL","og_type":"article","og_title":"3M 9088-200 Dwustronna ta\u015bma klej\u0105ca | Cardinal TAPES","og_description":"Ta\u015bma dwustronna 3M 9088-200 s\u0142u\u017cy do mocowania listew, znak\u00f3w reklamowych i element\u00f3w dekoracyjnych. Wi\u0119cej informacji o 3M 9088-200.","og_url":"https:\/\/cardinal-tapes.com\/pl\/ta\u015bmy-samoprzylepne\/tasmy-dwustronnie-klejace\/3m-9088-200-doppelseitiges-klebeband\/","og_site_name":"cardinal TAPES","article_modified_time":"2025-07-03T14:17:37+00:00","og_image":[{"width":374,"height":400,"url":"https:\/\/cardinal-tapes.com\/wp-content\/uploads\/3mtm-double-coated-tapes-9088fl.jpg","type":"image\/jpeg"}],"twitter_card":"summary_large_image","twitter_misc":{"Szacowany czas czytania":"1 minuta"},"schema":{"@context":"https:\/\/schema.org","@graph":[{"@type":"WebPage","@id":"https:\/\/cardinal-tapes.com\/pl\/ta\u015bmy-samoprzylepne\/tasmy-dwustronnie-klejace\/3m-9088-200-doppelseitiges-klebeband\/","url":"https:\/\/cardinal-tapes.com\/pl\/ta\u015bmy-samoprzylepne\/tasmy-dwustronnie-klejace\/3m-9088-200-doppelseitiges-klebeband\/","name":"3M 9088-200 Dwustronna ta\u015bma klej\u0105ca | Cardinal TAPES","isPartOf":{"@id":"https:\/\/cardinal-tapes.com\/#website"},"primaryImageOfPage":{"@id":"https:\/\/cardinal-tapes.com\/pl\/ta\u015bmy-samoprzylepne\/tasmy-dwustronnie-klejace\/3m-9088-200-doppelseitiges-klebeband\/#primaryimage"},"image":{"@id":"https:\/\/cardinal-tapes.com\/pl\/ta\u015bmy-samoprzylepne\/tasmy-dwustronnie-klejace\/3m-9088-200-doppelseitiges-klebeband\/#primaryimage"},"thumbnailUrl":"https:\/\/cardinal-tapes.com\/wp-content\/uploads\/3mtm-double-coated-tapes-9088fl.jpg","datePublished":"2023-06-06T08:07:23+00:00","dateModified":"2025-07-03T14:17:37+00:00","description":"Ta\u015bma dwustronna 3M 9088-200 s\u0142u\u017cy do mocowania listew, znak\u00f3w reklamowych i element\u00f3w dekoracyjnych. Wi\u0119cej informacji o 3M 9088-200.","breadcrumb":{"@id":"https:\/\/cardinal-tapes.com\/pl\/ta\u015bmy-samoprzylepne\/tasmy-dwustronnie-klejace\/3m-9088-200-doppelseitiges-klebeband\/#breadcrumb"},"inLanguage":"pl-PL","potentialAction":[{"@type":"ReadAction","target":["https:\/\/cardinal-tapes.com\/pl\/ta\u015bmy-samoprzylepne\/tasmy-dwustronnie-klejace\/3m-9088-200-doppelseitiges-klebeband\/"]}]},{"@type":"ImageObject","inLanguage":"pl-PL","@id":"https:\/\/cardinal-tapes.com\/pl\/ta\u015bmy-samoprzylepne\/tasmy-dwustronnie-klejace\/3m-9088-200-doppelseitiges-klebeband\/#primaryimage","url":"https:\/\/cardinal-tapes.com\/wp-content\/uploads\/3mtm-double-coated-tapes-9088fl.jpg","contentUrl":"https:\/\/cardinal-tapes.com\/wp-content\/uploads\/3mtm-double-coated-tapes-9088fl.jpg","width":374,"height":400,"caption":"Ta\u015bmy 3mtmn z podw\u00f3jn\u0105 pow\u0142ok\u0105 9088fl"},{"@type":"BreadcrumbList","@id":"https:\/\/cardinal-tapes.com\/pl\/ta\u015bmy-samoprzylepne\/tasmy-dwustronnie-klejace\/3m-9088-200-doppelseitiges-klebeband\/#breadcrumb","itemListElement":[{"@type":"ListItem","position":1,"name":"Startseite","item":"https:\/\/cardinal-tapes.com\/pl\/strona-glowna\/"},{"@type":"ListItem","position":2,"name":"Ta\u015bmy samoprzylepne","item":"https:\/\/cardinal-tapes.com\/pl\/tasmy-samoprzylepne-pl\/"},{"@type":"ListItem","position":3,"name":"Ta\u015bmy dwustronnie klej\u0105ce","item":"https:\/\/cardinal-tapes.com\/pl\/kategoria\/tasmy-dwustronnie-klejace\/"},{"@type":"ListItem","position":4,"name":"Ta\u015bma dwustronna 3M\u2122 9088-200"}]},{"@type":"WebSite","@id":"https:\/\/cardinal-tapes.com\/#website","url":"https:\/\/cardinal-tapes.com\/","name":"cardinal TAPES","description":"Klebetechnik aus Wuppertal","potentialAction":[{"@type":"SearchAction","target":{"@type":"EntryPoint","urlTemplate":"https:\/\/cardinal-tapes.com\/?s={search_term_string}"},"query-input":{"@type":"PropertyValueSpecification","valueRequired":true,"valueName":"search_term_string"}}],"inLanguage":"pl-PL"}]}},"brands":[{"id":2168,"name":"3M","slug":"3m-pl"}],"_links":{"self":[{"href":"https:\/\/cardinal-tapes.com\/pl\/wp-json\/wp\/v2\/product\/60762","targetHints":{"allow":["GET"]}}],"collection":[{"href":"https:\/\/cardinal-tapes.com\/pl\/wp-json\/wp\/v2\/product"}],"about":[{"href":"https:\/\/cardinal-tapes.com\/pl\/wp-json\/wp\/v2\/types\/product"}],"wp:featuredmedia":[{"embeddable":true,"href":"https:\/\/cardinal-tapes.com\/pl\/wp-json\/wp\/v2\/media\/26766"}],"wp:attachment":[{"href":"https:\/\/cardinal-tapes.com\/pl\/wp-json\/wp\/v2\/media?parent=60762"}],"wp:term":[{"taxonomy":"pwb-brand","embeddable":true,"href":"https:\/\/cardinal-tapes.com\/pl\/wp-json\/wp\/v2\/pwb-brand?post=60762"},{"taxonomy":"product_brand","embeddable":true,"href":"https:\/\/cardinal-tapes.com\/pl\/wp-json\/wp\/v2\/product_brand?post=60762"},{"taxonomy":"product_cat","embeddable":true,"href":"https:\/\/cardinal-tapes.com\/pl\/wp-json\/wp\/v2\/product_cat?post=60762"},{"taxonomy":"product_tag","embeddable":true,"href":"https:\/\/cardinal-tapes.com\/pl\/wp-json\/wp\/v2\/product_tag?post=60762"}],"curies":[{"name":"wp","href":"https:\/\/api.w.org\/{rel}","templated":true}]}}