{"id":60704,"date":"2017-12-08T10:05:43","date_gmt":"2023-06-06T08:07:18","guid":{"rendered":"https:\/\/cardinal.pixel-tal.de\/klebebaender\/bez-kategorii\/3m-ts-230-reaktywny-poliuretanowy-klej-termotopliwy\/"},"modified":"2023-06-06T10:07:18","modified_gmt":"2023-06-06T08:07:18","slug":"3m-ts-230-reaktywny-poliuretanowy-klej-topliwy","status":"publish","type":"product","link":"https:\/\/cardinal-tapes.com\/pl\/ta\u015bmy-samoprzylepne\/kleje-w-plynie\/kleje\/3m-ts-230-reaktywny-poliuretanowy-klej-topliwy\/","title":{"rendered":"3M\u2122 TS 230 Reaktywny poliuretanowy klej termotopliwy"},"content":{"rendered":"<p>Reaktywny poliuretanowy klej termotopliwy TS 230 mo\u017ce by\u0107 nak\u0142adany za pomoc\u0105 kartusza lub automatycznego topielnika z odpowiednim systemem aplikacji. Klej nadaje si\u0119 szczeg\u00f3lnie do klejenia tworzyw sztucznych i drewna, ale tak\u017ce aluminium, gumy i tekstyli\u00f3w. Klej jest szczeg\u00f3lnie koryguj\u0105cy i ma wysok\u0105 wytrzyma\u0142o\u015b\u0107.<\/p>\n","protected":false},"excerpt":{"rendered":"<p>Reaktywny poliuretanowy klej termotopliwy TS 230 mo\u017ce by\u0107 nak\u0142adany za pomoc\u0105 kartusza lub automatycznego topielnika z odpowiednim systemem aplikacji. Klej nadaje si\u0119 szczeg\u00f3lnie do klejenia tworzyw sztucznych i drewna, ale tak\u017ce aluminium, gumy i tekstyli\u00f3w. Klej jest szczeg\u00f3lnie koryguj\u0105cy i ma wysok\u0105 wytrzyma\u0142o\u015b\u0107.<\/p>\n","protected":false},"featured_media":24550,"template":"","meta":{"_acf_changed":false},"pwb-brand":[2168],"product_brand":[],"product_cat":[1865],"product_tag":[],"class_list":{"0":"post-60704","1":"product","2":"type-product","3":"status-publish","4":"has-post-thumbnail","6":"pwb-brand-3m-pl","7":"product_cat-kleje","9":"first","10":"instock","11":"taxable","12":"shipping-taxable","13":"purchasable","14":"product-type-simple"},"acf":[],"yoast_head":"<!-- This site is optimized with the Yoast SEO plugin v27.3 - https:\/\/yoast.com\/product\/yoast-seo-wordpress\/ -->\n<title>3M TS 230 Reaktywny poliuretanowy klej termotopliwy | Cardinal TAPES<\/title>\n<meta name=\"description\" content=\"Klej nadaje si\u0119 szczeg\u00f3lnie do klejenia tworzyw sztucznych i drewna, ale tak\u017ce aluminium, gumy i tekstyli\u00f3w. Dowiedz si\u0119 wi\u0119cej.\" \/>\n<meta name=\"robots\" content=\"index, follow, max-snippet:-1, max-image-preview:large, max-video-preview:-1\" \/>\n<link rel=\"canonical\" href=\"https:\/\/cardinal-tapes.com\/pl\/ta\u015bmy-samoprzylepne\/kleje\/3m-ts-230-reaktywny-poliuretanowy-klej-topliwy\/\" \/>\n<meta property=\"og:locale\" content=\"pl_PL\" \/>\n<meta property=\"og:type\" content=\"article\" \/>\n<meta property=\"og:title\" content=\"3M TS 230 Reaktywny poliuretanowy klej termotopliwy | Cardinal TAPES\" \/>\n<meta property=\"og:description\" content=\"Klej nadaje si\u0119 szczeg\u00f3lnie do klejenia tworzyw sztucznych i drewna, ale tak\u017ce aluminium, gumy i tekstyli\u00f3w. Dowiedz si\u0119 wi\u0119cej.\" \/>\n<meta property=\"og:url\" content=\"https:\/\/cardinal-tapes.com\/pl\/ta\u015bmy-samoprzylepne\/kleje\/3m-ts-230-reaktywny-poliuretanowy-klej-topliwy\/\" \/>\n<meta property=\"og:site_name\" content=\"cardinal TAPES\" \/>\n<meta property=\"og:image\" content=\"https:\/\/cardinal-tapes.com\/wp-content\/uploads\/3m_scotch_schmelzklebstoff_te230.jpg\" \/>\n\t<meta property=\"og:image:width\" content=\"600\" \/>\n\t<meta property=\"og:image:height\" content=\"600\" \/>\n\t<meta property=\"og:image:type\" content=\"image\/jpeg\" \/>\n<meta name=\"twitter:card\" content=\"summary_large_image\" \/>\n<script type=\"application\/ld+json\" class=\"yoast-schema-graph\">{\"@context\":\"https:\\\/\\\/schema.org\",\"@graph\":[{\"@type\":\"WebPage\",\"@id\":\"https:\\\/\\\/cardinal-tapes.com\\\/pl\\\/ta\u015bmy-samoprzylepne\\\/kleje\\\/3m-ts-230-reaktywny-poliuretanowy-klej-topliwy\\\/\",\"url\":\"https:\\\/\\\/cardinal-tapes.com\\\/pl\\\/ta\u015bmy-samoprzylepne\\\/kleje\\\/3m-ts-230-reaktywny-poliuretanowy-klej-topliwy\\\/\",\"name\":\"3M TS 230 Reaktywny poliuretanowy klej termotopliwy | Cardinal TAPES\",\"isPartOf\":{\"@id\":\"https:\\\/\\\/cardinal-tapes.com\\\/#website\"},\"primaryImageOfPage\":{\"@id\":\"https:\\\/\\\/cardinal-tapes.com\\\/pl\\\/ta\u015bmy-samoprzylepne\\\/kleje\\\/3m-ts-230-reaktywny-poliuretanowy-klej-topliwy\\\/#primaryimage\"},\"image\":{\"@id\":\"https:\\\/\\\/cardinal-tapes.com\\\/pl\\\/ta\u015bmy-samoprzylepne\\\/kleje\\\/3m-ts-230-reaktywny-poliuretanowy-klej-topliwy\\\/#primaryimage\"},\"thumbnailUrl\":\"https:\\\/\\\/cardinal-tapes.com\\\/wp-content\\\/uploads\\\/3m_scotch_schmelzklebstoff_te230.jpg\",\"datePublished\":\"2023-06-06T08:07:18+00:00\",\"description\":\"Klej nadaje si\u0119 szczeg\u00f3lnie do klejenia tworzyw sztucznych i drewna, ale tak\u017ce aluminium, gumy i tekstyli\u00f3w. Dowiedz si\u0119 wi\u0119cej.\",\"breadcrumb\":{\"@id\":\"https:\\\/\\\/cardinal-tapes.com\\\/pl\\\/ta\u015bmy-samoprzylepne\\\/kleje\\\/3m-ts-230-reaktywny-poliuretanowy-klej-topliwy\\\/#breadcrumb\"},\"inLanguage\":\"pl-PL\",\"potentialAction\":[{\"@type\":\"ReadAction\",\"target\":[\"https:\\\/\\\/cardinal-tapes.com\\\/pl\\\/ta\u015bmy-samoprzylepne\\\/kleje\\\/3m-ts-230-reaktywny-poliuretanowy-klej-topliwy\\\/\"]}]},{\"@type\":\"ImageObject\",\"inLanguage\":\"pl-PL\",\"@id\":\"https:\\\/\\\/cardinal-tapes.com\\\/pl\\\/ta\u015bmy-samoprzylepne\\\/kleje\\\/3m-ts-230-reaktywny-poliuretanowy-klej-topliwy\\\/#primaryimage\",\"url\":\"https:\\\/\\\/cardinal-tapes.com\\\/wp-content\\\/uploads\\\/3m_scotch_schmelzklebstoff_te230.jpg\",\"contentUrl\":\"https:\\\/\\\/cardinal-tapes.com\\\/wp-content\\\/uploads\\\/3m_scotch_schmelzklebstoff_te230.jpg\",\"width\":600,\"height\":600,\"caption\":\"3M Scotch Hot Melt TE230\"},{\"@type\":\"BreadcrumbList\",\"@id\":\"https:\\\/\\\/cardinal-tapes.com\\\/pl\\\/ta\u015bmy-samoprzylepne\\\/kleje\\\/3m-ts-230-reaktywny-poliuretanowy-klej-topliwy\\\/#breadcrumb\",\"itemListElement\":[{\"@type\":\"ListItem\",\"position\":1,\"name\":\"Startseite\",\"item\":\"https:\\\/\\\/cardinal-tapes.com\\\/pl\\\/strona-glowna\\\/\"},{\"@type\":\"ListItem\",\"position\":2,\"name\":\"Ta\u015bmy samoprzylepne\",\"item\":\"https:\\\/\\\/cardinal-tapes.com\\\/pl\\\/tasmy-samoprzylepne-pl\\\/\"},{\"@type\":\"ListItem\",\"position\":3,\"name\":\"Kleje\",\"item\":\"https:\\\/\\\/cardinal-tapes.com\\\/pl\\\/kategoria\\\/kleje\\\/\"},{\"@type\":\"ListItem\",\"position\":4,\"name\":\"3M\u2122 TS 230 Reaktywny poliuretanowy klej termotopliwy\"}]},{\"@type\":\"WebSite\",\"@id\":\"https:\\\/\\\/cardinal-tapes.com\\\/#website\",\"url\":\"https:\\\/\\\/cardinal-tapes.com\\\/\",\"name\":\"cardinal TAPES\",\"description\":\"Klebetechnik aus Wuppertal\",\"potentialAction\":[{\"@type\":\"SearchAction\",\"target\":{\"@type\":\"EntryPoint\",\"urlTemplate\":\"https:\\\/\\\/cardinal-tapes.com\\\/?s={search_term_string}\"},\"query-input\":{\"@type\":\"PropertyValueSpecification\",\"valueRequired\":true,\"valueName\":\"search_term_string\"}}],\"inLanguage\":\"pl-PL\"}]}<\/script>\n<!-- \/ Yoast SEO plugin. -->","yoast_head_json":{"title":"3M TS 230 Reaktywny poliuretanowy klej termotopliwy | Cardinal TAPES","description":"Klej nadaje si\u0119 szczeg\u00f3lnie do klejenia tworzyw sztucznych i drewna, ale tak\u017ce aluminium, gumy i tekstyli\u00f3w. Dowiedz si\u0119 wi\u0119cej.","robots":{"index":"index","follow":"follow","max-snippet":"max-snippet:-1","max-image-preview":"max-image-preview:large","max-video-preview":"max-video-preview:-1"},"canonical":"https:\/\/cardinal-tapes.com\/pl\/ta\u015bmy-samoprzylepne\/kleje\/3m-ts-230-reaktywny-poliuretanowy-klej-topliwy\/","og_locale":"pl_PL","og_type":"article","og_title":"3M TS 230 Reaktywny poliuretanowy klej termotopliwy | Cardinal TAPES","og_description":"Klej nadaje si\u0119 szczeg\u00f3lnie do klejenia tworzyw sztucznych i drewna, ale tak\u017ce aluminium, gumy i tekstyli\u00f3w. Dowiedz si\u0119 wi\u0119cej.","og_url":"https:\/\/cardinal-tapes.com\/pl\/ta\u015bmy-samoprzylepne\/kleje\/3m-ts-230-reaktywny-poliuretanowy-klej-topliwy\/","og_site_name":"cardinal TAPES","og_image":[{"width":600,"height":600,"url":"https:\/\/cardinal-tapes.com\/wp-content\/uploads\/3m_scotch_schmelzklebstoff_te230.jpg","type":"image\/jpeg"}],"twitter_card":"summary_large_image","schema":{"@context":"https:\/\/schema.org","@graph":[{"@type":"WebPage","@id":"https:\/\/cardinal-tapes.com\/pl\/ta\u015bmy-samoprzylepne\/kleje\/3m-ts-230-reaktywny-poliuretanowy-klej-topliwy\/","url":"https:\/\/cardinal-tapes.com\/pl\/ta\u015bmy-samoprzylepne\/kleje\/3m-ts-230-reaktywny-poliuretanowy-klej-topliwy\/","name":"3M TS 230 Reaktywny poliuretanowy klej termotopliwy | Cardinal TAPES","isPartOf":{"@id":"https:\/\/cardinal-tapes.com\/#website"},"primaryImageOfPage":{"@id":"https:\/\/cardinal-tapes.com\/pl\/ta\u015bmy-samoprzylepne\/kleje\/3m-ts-230-reaktywny-poliuretanowy-klej-topliwy\/#primaryimage"},"image":{"@id":"https:\/\/cardinal-tapes.com\/pl\/ta\u015bmy-samoprzylepne\/kleje\/3m-ts-230-reaktywny-poliuretanowy-klej-topliwy\/#primaryimage"},"thumbnailUrl":"https:\/\/cardinal-tapes.com\/wp-content\/uploads\/3m_scotch_schmelzklebstoff_te230.jpg","datePublished":"2023-06-06T08:07:18+00:00","description":"Klej nadaje si\u0119 szczeg\u00f3lnie do klejenia tworzyw sztucznych i drewna, ale tak\u017ce aluminium, gumy i tekstyli\u00f3w. Dowiedz si\u0119 wi\u0119cej.","breadcrumb":{"@id":"https:\/\/cardinal-tapes.com\/pl\/ta\u015bmy-samoprzylepne\/kleje\/3m-ts-230-reaktywny-poliuretanowy-klej-topliwy\/#breadcrumb"},"inLanguage":"pl-PL","potentialAction":[{"@type":"ReadAction","target":["https:\/\/cardinal-tapes.com\/pl\/ta\u015bmy-samoprzylepne\/kleje\/3m-ts-230-reaktywny-poliuretanowy-klej-topliwy\/"]}]},{"@type":"ImageObject","inLanguage":"pl-PL","@id":"https:\/\/cardinal-tapes.com\/pl\/ta\u015bmy-samoprzylepne\/kleje\/3m-ts-230-reaktywny-poliuretanowy-klej-topliwy\/#primaryimage","url":"https:\/\/cardinal-tapes.com\/wp-content\/uploads\/3m_scotch_schmelzklebstoff_te230.jpg","contentUrl":"https:\/\/cardinal-tapes.com\/wp-content\/uploads\/3m_scotch_schmelzklebstoff_te230.jpg","width":600,"height":600,"caption":"3M Scotch Hot Melt TE230"},{"@type":"BreadcrumbList","@id":"https:\/\/cardinal-tapes.com\/pl\/ta\u015bmy-samoprzylepne\/kleje\/3m-ts-230-reaktywny-poliuretanowy-klej-topliwy\/#breadcrumb","itemListElement":[{"@type":"ListItem","position":1,"name":"Startseite","item":"https:\/\/cardinal-tapes.com\/pl\/strona-glowna\/"},{"@type":"ListItem","position":2,"name":"Ta\u015bmy samoprzylepne","item":"https:\/\/cardinal-tapes.com\/pl\/tasmy-samoprzylepne-pl\/"},{"@type":"ListItem","position":3,"name":"Kleje","item":"https:\/\/cardinal-tapes.com\/pl\/kategoria\/kleje\/"},{"@type":"ListItem","position":4,"name":"3M\u2122 TS 230 Reaktywny poliuretanowy klej termotopliwy"}]},{"@type":"WebSite","@id":"https:\/\/cardinal-tapes.com\/#website","url":"https:\/\/cardinal-tapes.com\/","name":"cardinal TAPES","description":"Klebetechnik aus Wuppertal","potentialAction":[{"@type":"SearchAction","target":{"@type":"EntryPoint","urlTemplate":"https:\/\/cardinal-tapes.com\/?s={search_term_string}"},"query-input":{"@type":"PropertyValueSpecification","valueRequired":true,"valueName":"search_term_string"}}],"inLanguage":"pl-PL"}]}},"brands":[{"id":2168,"name":"3M","slug":"3m-pl"}],"_links":{"self":[{"href":"https:\/\/cardinal-tapes.com\/pl\/wp-json\/wp\/v2\/product\/60704","targetHints":{"allow":["GET"]}}],"collection":[{"href":"https:\/\/cardinal-tapes.com\/pl\/wp-json\/wp\/v2\/product"}],"about":[{"href":"https:\/\/cardinal-tapes.com\/pl\/wp-json\/wp\/v2\/types\/product"}],"wp:featuredmedia":[{"embeddable":true,"href":"https:\/\/cardinal-tapes.com\/pl\/wp-json\/wp\/v2\/media\/24550"}],"wp:attachment":[{"href":"https:\/\/cardinal-tapes.com\/pl\/wp-json\/wp\/v2\/media?parent=60704"}],"wp:term":[{"taxonomy":"pwb-brand","embeddable":true,"href":"https:\/\/cardinal-tapes.com\/pl\/wp-json\/wp\/v2\/pwb-brand?post=60704"},{"taxonomy":"product_brand","embeddable":true,"href":"https:\/\/cardinal-tapes.com\/pl\/wp-json\/wp\/v2\/product_brand?post=60704"},{"taxonomy":"product_cat","embeddable":true,"href":"https:\/\/cardinal-tapes.com\/pl\/wp-json\/wp\/v2\/product_cat?post=60704"},{"taxonomy":"product_tag","embeddable":true,"href":"https:\/\/cardinal-tapes.com\/pl\/wp-json\/wp\/v2\/product_tag?post=60704"}],"curies":[{"name":"wp","href":"https:\/\/api.w.org\/{rel}","templated":true}]}}