{"id":60702,"date":"2017-12-08T10:00:14","date_gmt":"2023-06-06T08:07:18","guid":{"rendered":"https:\/\/cardinal.pixel-tal.de\/klebebaender\/bez-kategorii\/dwuskladnikowy-klej-budowlany-3m-1838-b-a\/"},"modified":"2023-06-06T10:07:18","modified_gmt":"2023-06-06T08:07:18","slug":"3m-1848-b-a-dwuskladnikowy-klej-budowlany","status":"publish","type":"product","link":"https:\/\/cardinal-tapes.com\/pl\/ta\u015bmy-samoprzylepne\/uncategorized-pl\/3m-1848-b-a-dwuskladnikowy-klej-budowlany\/","title":{"rendered":"Dwusk\u0142adnikowy klej budowlany 3M\u2122 1838 B\/A"},"content":{"rendered":"<p>Dwusk\u0142adnikowy klej budowlany 3M\u2122 1838 zosta\u0142 opracowany do klejenia r\u00f3\u017cnych materia\u0142\u00f3w, takich jak aluminium, stal, mied\u017a, tworzywa sztuczne, drewno i ceramika. Klej budowlany utwardza si\u0119 po aplikacji w temperaturze pokojowej. Jednocze\u015bnie klej 3M\u2122 1838 ma dobre w\u0142a\u015bciwo\u015bci starzenia i dobre w\u0142a\u015bciwo\u015bci w r\u00f3\u017cnych temperaturach. Ponadto, poniewa\u017c klej nie sp\u0142ywa, jest \u0142atwy w aplikacji &#8211; nawet w niesprzyjaj\u0105cych warunkach pracy.<\/p>\n","protected":false},"excerpt":{"rendered":"<p>Dwusk\u0142adnikowy klej budowlany 3M\u2122 1838 zosta\u0142 opracowany do klejenia r\u00f3\u017cnych materia\u0142\u00f3w, takich jak aluminium, stal, mied\u017a, tworzywa sztuczne, drewno i ceramika. Klej budowlany utwardza si\u0119 po aplikacji w temperaturze pokojowej. Jednocze\u015bnie klej 3M\u2122 1838 ma dobre w\u0142a\u015bciwo\u015bci starzenia i dobre w\u0142a\u015bciwo\u015bci w r\u00f3\u017cnych temperaturach. Ponadto, poniewa\u017c klej nie sp\u0142ywa, jest \u0142atwy w aplikacji &#8211; nawet [&hellip;]<\/p>\n","protected":false},"featured_media":24526,"template":"","meta":{"_acf_changed":false},"pwb-brand":[2168],"product_brand":[],"product_cat":[1866],"product_tag":[],"class_list":{"0":"post-60702","1":"product","2":"type-product","3":"status-publish","4":"has-post-thumbnail","6":"pwb-brand-3m-pl","7":"product_cat-uncategorized-pl","9":"first","10":"instock","11":"taxable","12":"shipping-taxable","13":"purchasable","14":"product-type-simple"},"acf":[],"yoast_head":"<!-- This site is optimized with the Yoast SEO plugin v27.3 - https:\/\/yoast.com\/product\/yoast-seo-wordpress\/ -->\n<title>3M 1838 B\/A Dwusk\u0142adnikowy klej budowlany | Cardinal TAPES<\/title>\n<meta name=\"description\" content=\"Dwusk\u0142adnikowy klej budowlany 3M 1838 \u0142\u0105czy materia\u0142y takie jak aluminium, stal, mied\u017a, tworzywa sztuczne, drewno i ceramik\u0119. Dowiedz si\u0119 wi\u0119cej o 3M 1838.\" \/>\n<meta name=\"robots\" content=\"index, follow, max-snippet:-1, max-image-preview:large, max-video-preview:-1\" \/>\n<link rel=\"canonical\" href=\"https:\/\/cardinal-tapes.com\/pl\/ta\u015bmy-samoprzylepne\/uncategorized-pl\/3m-1848-b-a-dwuskladnikowy-klej-budowlany\/\" \/>\n<meta property=\"og:locale\" content=\"pl_PL\" \/>\n<meta property=\"og:type\" content=\"article\" \/>\n<meta property=\"og:title\" content=\"3M 1838 B\/A Dwusk\u0142adnikowy klej budowlany | Cardinal TAPES\" \/>\n<meta property=\"og:description\" content=\"Dwusk\u0142adnikowy klej budowlany 3M 1838 \u0142\u0105czy materia\u0142y takie jak aluminium, stal, mied\u017a, tworzywa sztuczne, drewno i ceramik\u0119. Dowiedz si\u0119 wi\u0119cej o 3M 1838.\" \/>\n<meta property=\"og:url\" content=\"https:\/\/cardinal-tapes.com\/pl\/ta\u015bmy-samoprzylepne\/uncategorized-pl\/3m-1848-b-a-dwuskladnikowy-klej-budowlany\/\" \/>\n<meta property=\"og:site_name\" content=\"cardinal TAPES\" \/>\n<meta property=\"og:image\" content=\"https:\/\/cardinal-tapes.com\/wp-content\/uploads\/3m_scotch_schmelzklebstoff_1838.jpg\" \/>\n\t<meta property=\"og:image:width\" content=\"600\" \/>\n\t<meta property=\"og:image:height\" content=\"600\" \/>\n\t<meta property=\"og:image:type\" content=\"image\/jpeg\" \/>\n<meta name=\"twitter:card\" content=\"summary_large_image\" \/>\n<script type=\"application\/ld+json\" class=\"yoast-schema-graph\">{\"@context\":\"https:\\\/\\\/schema.org\",\"@graph\":[{\"@type\":\"WebPage\",\"@id\":\"https:\\\/\\\/cardinal-tapes.com\\\/pl\\\/ta\u015bmy-samoprzylepne\\\/uncategorized-pl\\\/3m-1848-b-a-dwuskladnikowy-klej-budowlany\\\/\",\"url\":\"https:\\\/\\\/cardinal-tapes.com\\\/pl\\\/ta\u015bmy-samoprzylepne\\\/uncategorized-pl\\\/3m-1848-b-a-dwuskladnikowy-klej-budowlany\\\/\",\"name\":\"3M 1838 B\\\/A Dwusk\u0142adnikowy klej budowlany | Cardinal TAPES\",\"isPartOf\":{\"@id\":\"https:\\\/\\\/cardinal-tapes.com\\\/#website\"},\"primaryImageOfPage\":{\"@id\":\"https:\\\/\\\/cardinal-tapes.com\\\/pl\\\/ta\u015bmy-samoprzylepne\\\/uncategorized-pl\\\/3m-1848-b-a-dwuskladnikowy-klej-budowlany\\\/#primaryimage\"},\"image\":{\"@id\":\"https:\\\/\\\/cardinal-tapes.com\\\/pl\\\/ta\u015bmy-samoprzylepne\\\/uncategorized-pl\\\/3m-1848-b-a-dwuskladnikowy-klej-budowlany\\\/#primaryimage\"},\"thumbnailUrl\":\"https:\\\/\\\/cardinal-tapes.com\\\/wp-content\\\/uploads\\\/3m_scotch_schmelzklebstoff_1838.jpg\",\"datePublished\":\"2023-06-06T08:07:18+00:00\",\"description\":\"Dwusk\u0142adnikowy klej budowlany 3M 1838 \u0142\u0105czy materia\u0142y takie jak aluminium, stal, mied\u017a, tworzywa sztuczne, drewno i ceramik\u0119. Dowiedz si\u0119 wi\u0119cej o 3M 1838.\",\"breadcrumb\":{\"@id\":\"https:\\\/\\\/cardinal-tapes.com\\\/pl\\\/ta\u015bmy-samoprzylepne\\\/uncategorized-pl\\\/3m-1848-b-a-dwuskladnikowy-klej-budowlany\\\/#breadcrumb\"},\"inLanguage\":\"pl-PL\",\"potentialAction\":[{\"@type\":\"ReadAction\",\"target\":[\"https:\\\/\\\/cardinal-tapes.com\\\/pl\\\/ta\u015bmy-samoprzylepne\\\/uncategorized-pl\\\/3m-1848-b-a-dwuskladnikowy-klej-budowlany\\\/\"]}]},{\"@type\":\"ImageObject\",\"inLanguage\":\"pl-PL\",\"@id\":\"https:\\\/\\\/cardinal-tapes.com\\\/pl\\\/ta\u015bmy-samoprzylepne\\\/uncategorized-pl\\\/3m-1848-b-a-dwuskladnikowy-klej-budowlany\\\/#primaryimage\",\"url\":\"https:\\\/\\\/cardinal-tapes.com\\\/wp-content\\\/uploads\\\/3m_scotch_schmelzklebstoff_1838.jpg\",\"contentUrl\":\"https:\\\/\\\/cardinal-tapes.com\\\/wp-content\\\/uploads\\\/3m_scotch_schmelzklebstoff_1838.jpg\",\"width\":600,\"height\":600,\"caption\":\"Klej termotopliwy 3M Scotch 1838\"},{\"@type\":\"BreadcrumbList\",\"@id\":\"https:\\\/\\\/cardinal-tapes.com\\\/pl\\\/ta\u015bmy-samoprzylepne\\\/uncategorized-pl\\\/3m-1848-b-a-dwuskladnikowy-klej-budowlany\\\/#breadcrumb\",\"itemListElement\":[{\"@type\":\"ListItem\",\"position\":1,\"name\":\"Startseite\",\"item\":\"https:\\\/\\\/cardinal-tapes.com\\\/pl\\\/strona-glowna\\\/\"},{\"@type\":\"ListItem\",\"position\":2,\"name\":\"Ta\u015bmy samoprzylepne\",\"item\":\"https:\\\/\\\/cardinal-tapes.com\\\/pl\\\/tasmy-samoprzylepne-pl\\\/\"},{\"@type\":\"ListItem\",\"position\":3,\"name\":\"Uncategorized\",\"item\":\"https:\\\/\\\/cardinal-tapes.com\\\/pl\\\/kategoria\\\/uncategorized-pl\\\/\"},{\"@type\":\"ListItem\",\"position\":4,\"name\":\"Dwusk\u0142adnikowy klej budowlany 3M\u2122 1838 B\\\/A\"}]},{\"@type\":\"WebSite\",\"@id\":\"https:\\\/\\\/cardinal-tapes.com\\\/#website\",\"url\":\"https:\\\/\\\/cardinal-tapes.com\\\/\",\"name\":\"cardinal TAPES\",\"description\":\"Klebetechnik aus Wuppertal\",\"potentialAction\":[{\"@type\":\"SearchAction\",\"target\":{\"@type\":\"EntryPoint\",\"urlTemplate\":\"https:\\\/\\\/cardinal-tapes.com\\\/?s={search_term_string}\"},\"query-input\":{\"@type\":\"PropertyValueSpecification\",\"valueRequired\":true,\"valueName\":\"search_term_string\"}}],\"inLanguage\":\"pl-PL\"}]}<\/script>\n<!-- \/ Yoast SEO plugin. -->","yoast_head_json":{"title":"3M 1838 B\/A Dwusk\u0142adnikowy klej budowlany | Cardinal TAPES","description":"Dwusk\u0142adnikowy klej budowlany 3M 1838 \u0142\u0105czy materia\u0142y takie jak aluminium, stal, mied\u017a, tworzywa sztuczne, drewno i ceramik\u0119. Dowiedz si\u0119 wi\u0119cej o 3M 1838.","robots":{"index":"index","follow":"follow","max-snippet":"max-snippet:-1","max-image-preview":"max-image-preview:large","max-video-preview":"max-video-preview:-1"},"canonical":"https:\/\/cardinal-tapes.com\/pl\/ta\u015bmy-samoprzylepne\/uncategorized-pl\/3m-1848-b-a-dwuskladnikowy-klej-budowlany\/","og_locale":"pl_PL","og_type":"article","og_title":"3M 1838 B\/A Dwusk\u0142adnikowy klej budowlany | Cardinal TAPES","og_description":"Dwusk\u0142adnikowy klej budowlany 3M 1838 \u0142\u0105czy materia\u0142y takie jak aluminium, stal, mied\u017a, tworzywa sztuczne, drewno i ceramik\u0119. Dowiedz si\u0119 wi\u0119cej o 3M 1838.","og_url":"https:\/\/cardinal-tapes.com\/pl\/ta\u015bmy-samoprzylepne\/uncategorized-pl\/3m-1848-b-a-dwuskladnikowy-klej-budowlany\/","og_site_name":"cardinal TAPES","og_image":[{"width":600,"height":600,"url":"https:\/\/cardinal-tapes.com\/wp-content\/uploads\/3m_scotch_schmelzklebstoff_1838.jpg","type":"image\/jpeg"}],"twitter_card":"summary_large_image","schema":{"@context":"https:\/\/schema.org","@graph":[{"@type":"WebPage","@id":"https:\/\/cardinal-tapes.com\/pl\/ta\u015bmy-samoprzylepne\/uncategorized-pl\/3m-1848-b-a-dwuskladnikowy-klej-budowlany\/","url":"https:\/\/cardinal-tapes.com\/pl\/ta\u015bmy-samoprzylepne\/uncategorized-pl\/3m-1848-b-a-dwuskladnikowy-klej-budowlany\/","name":"3M 1838 B\/A Dwusk\u0142adnikowy klej budowlany | Cardinal TAPES","isPartOf":{"@id":"https:\/\/cardinal-tapes.com\/#website"},"primaryImageOfPage":{"@id":"https:\/\/cardinal-tapes.com\/pl\/ta\u015bmy-samoprzylepne\/uncategorized-pl\/3m-1848-b-a-dwuskladnikowy-klej-budowlany\/#primaryimage"},"image":{"@id":"https:\/\/cardinal-tapes.com\/pl\/ta\u015bmy-samoprzylepne\/uncategorized-pl\/3m-1848-b-a-dwuskladnikowy-klej-budowlany\/#primaryimage"},"thumbnailUrl":"https:\/\/cardinal-tapes.com\/wp-content\/uploads\/3m_scotch_schmelzklebstoff_1838.jpg","datePublished":"2023-06-06T08:07:18+00:00","description":"Dwusk\u0142adnikowy klej budowlany 3M 1838 \u0142\u0105czy materia\u0142y takie jak aluminium, stal, mied\u017a, tworzywa sztuczne, drewno i ceramik\u0119. Dowiedz si\u0119 wi\u0119cej o 3M 1838.","breadcrumb":{"@id":"https:\/\/cardinal-tapes.com\/pl\/ta\u015bmy-samoprzylepne\/uncategorized-pl\/3m-1848-b-a-dwuskladnikowy-klej-budowlany\/#breadcrumb"},"inLanguage":"pl-PL","potentialAction":[{"@type":"ReadAction","target":["https:\/\/cardinal-tapes.com\/pl\/ta\u015bmy-samoprzylepne\/uncategorized-pl\/3m-1848-b-a-dwuskladnikowy-klej-budowlany\/"]}]},{"@type":"ImageObject","inLanguage":"pl-PL","@id":"https:\/\/cardinal-tapes.com\/pl\/ta\u015bmy-samoprzylepne\/uncategorized-pl\/3m-1848-b-a-dwuskladnikowy-klej-budowlany\/#primaryimage","url":"https:\/\/cardinal-tapes.com\/wp-content\/uploads\/3m_scotch_schmelzklebstoff_1838.jpg","contentUrl":"https:\/\/cardinal-tapes.com\/wp-content\/uploads\/3m_scotch_schmelzklebstoff_1838.jpg","width":600,"height":600,"caption":"Klej termotopliwy 3M Scotch 1838"},{"@type":"BreadcrumbList","@id":"https:\/\/cardinal-tapes.com\/pl\/ta\u015bmy-samoprzylepne\/uncategorized-pl\/3m-1848-b-a-dwuskladnikowy-klej-budowlany\/#breadcrumb","itemListElement":[{"@type":"ListItem","position":1,"name":"Startseite","item":"https:\/\/cardinal-tapes.com\/pl\/strona-glowna\/"},{"@type":"ListItem","position":2,"name":"Ta\u015bmy samoprzylepne","item":"https:\/\/cardinal-tapes.com\/pl\/tasmy-samoprzylepne-pl\/"},{"@type":"ListItem","position":3,"name":"Uncategorized","item":"https:\/\/cardinal-tapes.com\/pl\/kategoria\/uncategorized-pl\/"},{"@type":"ListItem","position":4,"name":"Dwusk\u0142adnikowy klej budowlany 3M\u2122 1838 B\/A"}]},{"@type":"WebSite","@id":"https:\/\/cardinal-tapes.com\/#website","url":"https:\/\/cardinal-tapes.com\/","name":"cardinal TAPES","description":"Klebetechnik aus Wuppertal","potentialAction":[{"@type":"SearchAction","target":{"@type":"EntryPoint","urlTemplate":"https:\/\/cardinal-tapes.com\/?s={search_term_string}"},"query-input":{"@type":"PropertyValueSpecification","valueRequired":true,"valueName":"search_term_string"}}],"inLanguage":"pl-PL"}]}},"brands":[{"id":2168,"name":"3M","slug":"3m-pl"}],"_links":{"self":[{"href":"https:\/\/cardinal-tapes.com\/pl\/wp-json\/wp\/v2\/product\/60702","targetHints":{"allow":["GET"]}}],"collection":[{"href":"https:\/\/cardinal-tapes.com\/pl\/wp-json\/wp\/v2\/product"}],"about":[{"href":"https:\/\/cardinal-tapes.com\/pl\/wp-json\/wp\/v2\/types\/product"}],"wp:featuredmedia":[{"embeddable":true,"href":"https:\/\/cardinal-tapes.com\/pl\/wp-json\/wp\/v2\/media\/24526"}],"wp:attachment":[{"href":"https:\/\/cardinal-tapes.com\/pl\/wp-json\/wp\/v2\/media?parent=60702"}],"wp:term":[{"taxonomy":"pwb-brand","embeddable":true,"href":"https:\/\/cardinal-tapes.com\/pl\/wp-json\/wp\/v2\/pwb-brand?post=60702"},{"taxonomy":"product_brand","embeddable":true,"href":"https:\/\/cardinal-tapes.com\/pl\/wp-json\/wp\/v2\/product_brand?post=60702"},{"taxonomy":"product_cat","embeddable":true,"href":"https:\/\/cardinal-tapes.com\/pl\/wp-json\/wp\/v2\/product_cat?post=60702"},{"taxonomy":"product_tag","embeddable":true,"href":"https:\/\/cardinal-tapes.com\/pl\/wp-json\/wp\/v2\/product_tag?post=60702"}],"curies":[{"name":"wp","href":"https:\/\/api.w.org\/{rel}","templated":true}]}}