{"id":60701,"date":"2017-12-08T10:01:53","date_gmt":"2017-12-08T09:01:53","guid":{"rendered":"https:\/\/cardinal.pixel-tal.de\/klebebaender\/bez-kategorii\/dwuskladnikowy-klej-do-podlog-3m-7231\/"},"modified":"2025-07-03T16:12:54","modified_gmt":"2025-07-03T14:12:54","slug":"3m-7231-7231-two-component-floor-adhesive","status":"publish","type":"product","link":"https:\/\/cardinal-tapes.com\/pl\/ta\u015bmy-samoprzylepne\/uncategorized-pl\/3m-7231-7231-two-component-floor-adhesive\/","title":{"rendered":"Dwusk\u0142adnikowy klej do pod\u0142\u00f3g 3M\u2122 7231"},"content":{"rendered":"<p>Dwusk\u0142adnikowy klej do pod\u0142\u00f3g 3M\u2122 7231 zosta\u0142 opracowany specjalnie do monta\u017cu plastikowych i gumowych wyk\u0142adzin pod\u0142ogowych na rynku motoryzacyjnym. Klej charakteryzuje si\u0119 dobr\u0105 przyczepno\u015bci\u0105 pocz\u0105tkow\u0105, nisk\u0105 lepko\u015bci\u0105 i \u0142atw\u0105 obr\u00f3bk\u0105. Kolejn\u0105 zalet\u0105 jest wysoka odporno\u015b\u0107 na wp\u0142ywy \u015brodowiska. Klej do pod\u0142\u00f3g utwardza si\u0119 w temperaturze pokojowej, dobrze rozp\u0142ywa i jest \u0142atwy do rozprowadzenia za pomoc\u0105 pacy z\u0119batej.<\/p>\n","protected":false},"excerpt":{"rendered":"<p>Dwusk\u0142adnikowy klej do pod\u0142\u00f3g 3M\u2122 7231 zosta\u0142 opracowany specjalnie do monta\u017cu plastikowych i gumowych wyk\u0142adzin pod\u0142ogowych na rynku motoryzacyjnym. Klej charakteryzuje si\u0119 dobr\u0105 przyczepno\u015bci\u0105 pocz\u0105tkow\u0105, nisk\u0105 lepko\u015bci\u0105 i \u0142atw\u0105 obr\u00f3bk\u0105. Kolejn\u0105 zalet\u0105 jest wysoka odporno\u015b\u0107 na wp\u0142ywy \u015brodowiska. Klej do pod\u0142\u00f3g utwardza si\u0119 w temperaturze pokojowej, dobrze rozp\u0142ywa i jest \u0142atwy do rozprowadzenia za pomoc\u0105 [&hellip;]<\/p>\n","protected":false},"featured_media":24534,"template":"","meta":{"_acf_changed":false},"pwb-brand":[2168],"product_brand":[],"product_cat":[1866],"product_tag":[],"class_list":{"0":"post-60701","1":"product","2":"type-product","3":"status-publish","4":"has-post-thumbnail","6":"pwb-brand-3m-pl","7":"product_cat-uncategorized-pl","9":"first","10":"instock","11":"taxable","12":"shipping-taxable","13":"purchasable","14":"product-type-simple"},"acf":[],"yoast_head":"<!-- This site is optimized with the Yoast SEO plugin v27.3 - https:\/\/yoast.com\/product\/yoast-seo-wordpress\/ -->\n<title>3M 7231 Dwusk\u0142adnikowy klej do pod\u0142\u00f3g | Cardinal TAPES<\/title>\n<meta name=\"description\" content=\"Dwusk\u0142adnikowy klej do pod\u0142\u00f3g 3M 7231 zosta\u0142 opracowany specjalnie do monta\u017cu plastikowych i gumowych wyk\u0142adzin pod\u0142ogowych na rynku motoryzacyjnym. Dowiedz si\u0119 wi\u0119cej.\" \/>\n<meta name=\"robots\" content=\"index, follow, max-snippet:-1, max-image-preview:large, max-video-preview:-1\" \/>\n<link rel=\"canonical\" href=\"https:\/\/cardinal-tapes.com\/pl\/ta\u015bmy-samoprzylepne\/uncategorized-pl\/3m-7231-7231-two-component-floor-adhesive\/\" \/>\n<meta property=\"og:locale\" content=\"pl_PL\" \/>\n<meta property=\"og:type\" content=\"article\" \/>\n<meta property=\"og:title\" content=\"3M 7231 Dwusk\u0142adnikowy klej do pod\u0142\u00f3g | Cardinal TAPES\" \/>\n<meta property=\"og:description\" content=\"Dwusk\u0142adnikowy klej do pod\u0142\u00f3g 3M 7231 zosta\u0142 opracowany specjalnie do monta\u017cu plastikowych i gumowych wyk\u0142adzin pod\u0142ogowych na rynku motoryzacyjnym. Dowiedz si\u0119 wi\u0119cej.\" \/>\n<meta property=\"og:url\" content=\"https:\/\/cardinal-tapes.com\/pl\/ta\u015bmy-samoprzylepne\/uncategorized-pl\/3m-7231-7231-two-component-floor-adhesive\/\" \/>\n<meta property=\"og:site_name\" content=\"cardinal TAPES\" \/>\n<meta property=\"article:modified_time\" content=\"2025-07-03T14:12:54+00:00\" \/>\n<meta property=\"og:image\" content=\"https:\/\/cardinal-tapes.com\/wp-content\/uploads\/3m_scotch_schmelzklebstoff_7231.jpg\" \/>\n\t<meta property=\"og:image:width\" content=\"600\" \/>\n\t<meta property=\"og:image:height\" content=\"600\" \/>\n\t<meta property=\"og:image:type\" content=\"image\/jpeg\" \/>\n<meta name=\"twitter:card\" content=\"summary_large_image\" \/>\n<script type=\"application\/ld+json\" class=\"yoast-schema-graph\">{\"@context\":\"https:\\\/\\\/schema.org\",\"@graph\":[{\"@type\":\"WebPage\",\"@id\":\"https:\\\/\\\/cardinal-tapes.com\\\/pl\\\/ta\u015bmy-samoprzylepne\\\/uncategorized-pl\\\/3m-7231-7231-two-component-floor-adhesive\\\/\",\"url\":\"https:\\\/\\\/cardinal-tapes.com\\\/pl\\\/ta\u015bmy-samoprzylepne\\\/uncategorized-pl\\\/3m-7231-7231-two-component-floor-adhesive\\\/\",\"name\":\"3M 7231 Dwusk\u0142adnikowy klej do pod\u0142\u00f3g | Cardinal TAPES\",\"isPartOf\":{\"@id\":\"https:\\\/\\\/cardinal-tapes.com\\\/#website\"},\"primaryImageOfPage\":{\"@id\":\"https:\\\/\\\/cardinal-tapes.com\\\/pl\\\/ta\u015bmy-samoprzylepne\\\/uncategorized-pl\\\/3m-7231-7231-two-component-floor-adhesive\\\/#primaryimage\"},\"image\":{\"@id\":\"https:\\\/\\\/cardinal-tapes.com\\\/pl\\\/ta\u015bmy-samoprzylepne\\\/uncategorized-pl\\\/3m-7231-7231-two-component-floor-adhesive\\\/#primaryimage\"},\"thumbnailUrl\":\"https:\\\/\\\/cardinal-tapes.com\\\/wp-content\\\/uploads\\\/3m_scotch_schmelzklebstoff_7231.jpg\",\"datePublished\":\"2017-12-08T09:01:53+00:00\",\"dateModified\":\"2025-07-03T14:12:54+00:00\",\"description\":\"Dwusk\u0142adnikowy klej do pod\u0142\u00f3g 3M 7231 zosta\u0142 opracowany specjalnie do monta\u017cu plastikowych i gumowych wyk\u0142adzin pod\u0142ogowych na rynku motoryzacyjnym. Dowiedz si\u0119 wi\u0119cej.\",\"breadcrumb\":{\"@id\":\"https:\\\/\\\/cardinal-tapes.com\\\/pl\\\/ta\u015bmy-samoprzylepne\\\/uncategorized-pl\\\/3m-7231-7231-two-component-floor-adhesive\\\/#breadcrumb\"},\"inLanguage\":\"pl-PL\",\"potentialAction\":[{\"@type\":\"ReadAction\",\"target\":[\"https:\\\/\\\/cardinal-tapes.com\\\/pl\\\/ta\u015bmy-samoprzylepne\\\/uncategorized-pl\\\/3m-7231-7231-two-component-floor-adhesive\\\/\"]}]},{\"@type\":\"ImageObject\",\"inLanguage\":\"pl-PL\",\"@id\":\"https:\\\/\\\/cardinal-tapes.com\\\/pl\\\/ta\u015bmy-samoprzylepne\\\/uncategorized-pl\\\/3m-7231-7231-two-component-floor-adhesive\\\/#primaryimage\",\"url\":\"https:\\\/\\\/cardinal-tapes.com\\\/wp-content\\\/uploads\\\/3m_scotch_schmelzklebstoff_7231.jpg\",\"contentUrl\":\"https:\\\/\\\/cardinal-tapes.com\\\/wp-content\\\/uploads\\\/3m_scotch_schmelzklebstoff_7231.jpg\",\"width\":600,\"height\":600,\"caption\":\"3M Scotch Hot Melt Adhesive 7231\"},{\"@type\":\"BreadcrumbList\",\"@id\":\"https:\\\/\\\/cardinal-tapes.com\\\/pl\\\/ta\u015bmy-samoprzylepne\\\/uncategorized-pl\\\/3m-7231-7231-two-component-floor-adhesive\\\/#breadcrumb\",\"itemListElement\":[{\"@type\":\"ListItem\",\"position\":1,\"name\":\"Startseite\",\"item\":\"https:\\\/\\\/cardinal-tapes.com\\\/pl\\\/strona-glowna\\\/\"},{\"@type\":\"ListItem\",\"position\":2,\"name\":\"Ta\u015bmy samoprzylepne\",\"item\":\"https:\\\/\\\/cardinal-tapes.com\\\/pl\\\/tasmy-samoprzylepne-pl\\\/\"},{\"@type\":\"ListItem\",\"position\":3,\"name\":\"Uncategorized\",\"item\":\"https:\\\/\\\/cardinal-tapes.com\\\/pl\\\/kategoria\\\/uncategorized-pl\\\/\"},{\"@type\":\"ListItem\",\"position\":4,\"name\":\"Dwusk\u0142adnikowy klej do pod\u0142\u00f3g 3M\u2122 7231\"}]},{\"@type\":\"WebSite\",\"@id\":\"https:\\\/\\\/cardinal-tapes.com\\\/#website\",\"url\":\"https:\\\/\\\/cardinal-tapes.com\\\/\",\"name\":\"cardinal TAPES\",\"description\":\"Klebetechnik aus Wuppertal\",\"potentialAction\":[{\"@type\":\"SearchAction\",\"target\":{\"@type\":\"EntryPoint\",\"urlTemplate\":\"https:\\\/\\\/cardinal-tapes.com\\\/?s={search_term_string}\"},\"query-input\":{\"@type\":\"PropertyValueSpecification\",\"valueRequired\":true,\"valueName\":\"search_term_string\"}}],\"inLanguage\":\"pl-PL\"}]}<\/script>\n<!-- \/ Yoast SEO plugin. -->","yoast_head_json":{"title":"3M 7231 Dwusk\u0142adnikowy klej do pod\u0142\u00f3g | Cardinal TAPES","description":"Dwusk\u0142adnikowy klej do pod\u0142\u00f3g 3M 7231 zosta\u0142 opracowany specjalnie do monta\u017cu plastikowych i gumowych wyk\u0142adzin pod\u0142ogowych na rynku motoryzacyjnym. Dowiedz si\u0119 wi\u0119cej.","robots":{"index":"index","follow":"follow","max-snippet":"max-snippet:-1","max-image-preview":"max-image-preview:large","max-video-preview":"max-video-preview:-1"},"canonical":"https:\/\/cardinal-tapes.com\/pl\/ta\u015bmy-samoprzylepne\/uncategorized-pl\/3m-7231-7231-two-component-floor-adhesive\/","og_locale":"pl_PL","og_type":"article","og_title":"3M 7231 Dwusk\u0142adnikowy klej do pod\u0142\u00f3g | Cardinal TAPES","og_description":"Dwusk\u0142adnikowy klej do pod\u0142\u00f3g 3M 7231 zosta\u0142 opracowany specjalnie do monta\u017cu plastikowych i gumowych wyk\u0142adzin pod\u0142ogowych na rynku motoryzacyjnym. Dowiedz si\u0119 wi\u0119cej.","og_url":"https:\/\/cardinal-tapes.com\/pl\/ta\u015bmy-samoprzylepne\/uncategorized-pl\/3m-7231-7231-two-component-floor-adhesive\/","og_site_name":"cardinal TAPES","article_modified_time":"2025-07-03T14:12:54+00:00","og_image":[{"width":600,"height":600,"url":"https:\/\/cardinal-tapes.com\/wp-content\/uploads\/3m_scotch_schmelzklebstoff_7231.jpg","type":"image\/jpeg"}],"twitter_card":"summary_large_image","schema":{"@context":"https:\/\/schema.org","@graph":[{"@type":"WebPage","@id":"https:\/\/cardinal-tapes.com\/pl\/ta\u015bmy-samoprzylepne\/uncategorized-pl\/3m-7231-7231-two-component-floor-adhesive\/","url":"https:\/\/cardinal-tapes.com\/pl\/ta\u015bmy-samoprzylepne\/uncategorized-pl\/3m-7231-7231-two-component-floor-adhesive\/","name":"3M 7231 Dwusk\u0142adnikowy klej do pod\u0142\u00f3g | Cardinal TAPES","isPartOf":{"@id":"https:\/\/cardinal-tapes.com\/#website"},"primaryImageOfPage":{"@id":"https:\/\/cardinal-tapes.com\/pl\/ta\u015bmy-samoprzylepne\/uncategorized-pl\/3m-7231-7231-two-component-floor-adhesive\/#primaryimage"},"image":{"@id":"https:\/\/cardinal-tapes.com\/pl\/ta\u015bmy-samoprzylepne\/uncategorized-pl\/3m-7231-7231-two-component-floor-adhesive\/#primaryimage"},"thumbnailUrl":"https:\/\/cardinal-tapes.com\/wp-content\/uploads\/3m_scotch_schmelzklebstoff_7231.jpg","datePublished":"2017-12-08T09:01:53+00:00","dateModified":"2025-07-03T14:12:54+00:00","description":"Dwusk\u0142adnikowy klej do pod\u0142\u00f3g 3M 7231 zosta\u0142 opracowany specjalnie do monta\u017cu plastikowych i gumowych wyk\u0142adzin pod\u0142ogowych na rynku motoryzacyjnym. Dowiedz si\u0119 wi\u0119cej.","breadcrumb":{"@id":"https:\/\/cardinal-tapes.com\/pl\/ta\u015bmy-samoprzylepne\/uncategorized-pl\/3m-7231-7231-two-component-floor-adhesive\/#breadcrumb"},"inLanguage":"pl-PL","potentialAction":[{"@type":"ReadAction","target":["https:\/\/cardinal-tapes.com\/pl\/ta\u015bmy-samoprzylepne\/uncategorized-pl\/3m-7231-7231-two-component-floor-adhesive\/"]}]},{"@type":"ImageObject","inLanguage":"pl-PL","@id":"https:\/\/cardinal-tapes.com\/pl\/ta\u015bmy-samoprzylepne\/uncategorized-pl\/3m-7231-7231-two-component-floor-adhesive\/#primaryimage","url":"https:\/\/cardinal-tapes.com\/wp-content\/uploads\/3m_scotch_schmelzklebstoff_7231.jpg","contentUrl":"https:\/\/cardinal-tapes.com\/wp-content\/uploads\/3m_scotch_schmelzklebstoff_7231.jpg","width":600,"height":600,"caption":"3M Scotch Hot Melt Adhesive 7231"},{"@type":"BreadcrumbList","@id":"https:\/\/cardinal-tapes.com\/pl\/ta\u015bmy-samoprzylepne\/uncategorized-pl\/3m-7231-7231-two-component-floor-adhesive\/#breadcrumb","itemListElement":[{"@type":"ListItem","position":1,"name":"Startseite","item":"https:\/\/cardinal-tapes.com\/pl\/strona-glowna\/"},{"@type":"ListItem","position":2,"name":"Ta\u015bmy samoprzylepne","item":"https:\/\/cardinal-tapes.com\/pl\/tasmy-samoprzylepne-pl\/"},{"@type":"ListItem","position":3,"name":"Uncategorized","item":"https:\/\/cardinal-tapes.com\/pl\/kategoria\/uncategorized-pl\/"},{"@type":"ListItem","position":4,"name":"Dwusk\u0142adnikowy klej do pod\u0142\u00f3g 3M\u2122 7231"}]},{"@type":"WebSite","@id":"https:\/\/cardinal-tapes.com\/#website","url":"https:\/\/cardinal-tapes.com\/","name":"cardinal TAPES","description":"Klebetechnik aus Wuppertal","potentialAction":[{"@type":"SearchAction","target":{"@type":"EntryPoint","urlTemplate":"https:\/\/cardinal-tapes.com\/?s={search_term_string}"},"query-input":{"@type":"PropertyValueSpecification","valueRequired":true,"valueName":"search_term_string"}}],"inLanguage":"pl-PL"}]}},"brands":[{"id":2168,"name":"3M","slug":"3m-pl"}],"_links":{"self":[{"href":"https:\/\/cardinal-tapes.com\/pl\/wp-json\/wp\/v2\/product\/60701","targetHints":{"allow":["GET"]}}],"collection":[{"href":"https:\/\/cardinal-tapes.com\/pl\/wp-json\/wp\/v2\/product"}],"about":[{"href":"https:\/\/cardinal-tapes.com\/pl\/wp-json\/wp\/v2\/types\/product"}],"wp:featuredmedia":[{"embeddable":true,"href":"https:\/\/cardinal-tapes.com\/pl\/wp-json\/wp\/v2\/media\/24534"}],"wp:attachment":[{"href":"https:\/\/cardinal-tapes.com\/pl\/wp-json\/wp\/v2\/media?parent=60701"}],"wp:term":[{"taxonomy":"pwb-brand","embeddable":true,"href":"https:\/\/cardinal-tapes.com\/pl\/wp-json\/wp\/v2\/pwb-brand?post=60701"},{"taxonomy":"product_brand","embeddable":true,"href":"https:\/\/cardinal-tapes.com\/pl\/wp-json\/wp\/v2\/product_brand?post=60701"},{"taxonomy":"product_cat","embeddable":true,"href":"https:\/\/cardinal-tapes.com\/pl\/wp-json\/wp\/v2\/product_cat?post=60701"},{"taxonomy":"product_tag","embeddable":true,"href":"https:\/\/cardinal-tapes.com\/pl\/wp-json\/wp\/v2\/product_tag?post=60701"}],"curies":[{"name":"wp","href":"https:\/\/api.w.org\/{rel}","templated":true}]}}