{"id":60591,"date":"2017-12-22T09:11:33","date_gmt":"2023-06-06T08:06:34","guid":{"rendered":"https:\/\/cardinal.pixel-tal.de\/klebebaender\/bez-kategorii\/tasma-dwustronna-3m-415\/"},"modified":"2025-07-04T15:37:51","modified_gmt":"2025-07-04T13:37:51","slug":"3m-415-dwustronna-tasma-przylepna-z-nosnikiem","status":"publish","type":"product","link":"https:\/\/cardinal-tapes.com\/pl\/ta\u015bmy-samoprzylepne\/jednostronne-tasmy-samoprzylepne\/folia-pet\/3m-415-dwustronna-tasma-przylepna-z-nosnikiem\/","title":{"rendered":"Ta\u015bma dwustronna 3M\u2122 415"},"content":{"rendered":"<p>Dwustronna ta\u015bma samoprzylepna 3M\u2122 z podk\u0142adem poliestrowym 415 z serii klej\u00f3w 400 przekonuje doskona\u0142ymi w\u0142a\u015bciwo\u015bciami klej\u0105cymi. Szczeg\u00f3ln\u0105 zalet\u0105 tej ta\u015bmy samoprzylepnej jest to, \u017ce si\u0142a przylegania do wi\u0119kszo\u015bci materia\u0142\u00f3w wzrasta wraz ze wzrostem czasu oczekiwania.<\/p>\n<p><strong>W\u0142a\u015bciwo\u015bci<\/strong><br \/>\nCzysty klej akrylowy przylega do tak r\u00f3\u017cnych powierzchni jak metal, farba i wi\u0119kszo\u015b\u0107 tworzyw sztucznych, ale tak\u017ce do papieru, szk\u0142a i drewna. Ta\u015bma jest wyj\u0105tkowo odporna na promieniowanie UV, a tak\u017ce charakteryzuje si\u0119 dobr\u0105 odporno\u015bci\u0105 na temperatur\u0119 i wilgo\u0107. Nawet po d\u0142ugim okresie u\u017cytkowania prawie nie wykazuje \u017cadnych przebarwie\u0144 ani oznak starzenia. Ponadto dwustronna ta\u015bma samoprzylepna charakteryzuje si\u0119 wysok\u0105 przyczepno\u015bci\u0105 i dobr\u0105 wytrzyma\u0142o\u015bci\u0105 na \u015bcinanie.<\/p>\n<p><strong>Zastosowania<\/strong><br \/>\n&#8211; Klejenie materia\u0142\u00f3w o wysokiej lub niskiej energii powierzchniowej i metali<br \/>\n&#8211; Mocowanie cienkich i lekkich materia\u0142\u00f3w, takich jak papier lub karton<\/p>\n","protected":false},"excerpt":{"rendered":"<p>Dwustronna ta\u015bma samoprzylepna 3M\u2122 z podk\u0142adem poliestrowym 415 z serii klej\u00f3w 400 przekonuje doskona\u0142ymi w\u0142a\u015bciwo\u015bciami klej\u0105cymi. Szczeg\u00f3ln\u0105 zalet\u0105 tej ta\u015bmy samoprzylepnej jest to, \u017ce si\u0142a przylegania do wi\u0119kszo\u015bci materia\u0142\u00f3w wzrasta wraz ze wzrostem czasu oczekiwania. W\u0142a\u015bciwo\u015bci Czysty klej akrylowy przylega do tak r\u00f3\u017cnych powierzchni jak metal, farba i wi\u0119kszo\u015b\u0107 tworzyw sztucznych, ale tak\u017ce do papieru, [&hellip;]<\/p>\n","protected":false},"featured_media":25458,"template":"","meta":{"_acf_changed":false},"pwb-brand":[2168],"product_brand":[],"product_cat":[1819,1814],"product_tag":[],"class_list":{"0":"post-60591","1":"product","2":"type-product","3":"status-publish","4":"has-post-thumbnail","6":"pwb-brand-3m-pl","7":"product_cat-folia-pet","8":"product_cat-tasmy-dwustronnie-klejace","10":"first","11":"instock","12":"taxable","13":"shipping-taxable","14":"purchasable","15":"product-type-variable"},"acf":[],"yoast_head":"<!-- This site is optimized with the Yoast SEO plugin v27.3 - https:\/\/yoast.com\/product\/yoast-seo-wordpress\/ -->\n<title>3M 415 Dwustronna ta\u015bma klej\u0105ca z podk\u0142adem | Cardinal TAPES<\/title>\n<meta name=\"description\" content=\"Dwustronna ta\u015bma 3M 415 jest obustronnie pokryta klejem akrylowym. Wi\u0119cej informacji tutaj.\" \/>\n<meta name=\"robots\" content=\"index, follow, max-snippet:-1, max-image-preview:large, max-video-preview:-1\" \/>\n<link rel=\"canonical\" href=\"https:\/\/cardinal-tapes.com\/pl\/ta\u015bmy-samoprzylepne\/jednostronne-tasmy-samoprzylepne\/folia-pet\/3m-415-dwustronna-tasma-przylepna-z-nosnikiem\/\" \/>\n<meta property=\"og:locale\" content=\"pl_PL\" \/>\n<meta property=\"og:type\" content=\"article\" \/>\n<meta property=\"og:title\" content=\"3M 415 Dwustronna ta\u015bma klej\u0105ca z podk\u0142adem | Cardinal TAPES\" \/>\n<meta property=\"og:description\" content=\"Dwustronna ta\u015bma 3M 415 jest obustronnie pokryta klejem akrylowym. Wi\u0119cej informacji tutaj.\" \/>\n<meta property=\"og:url\" content=\"https:\/\/cardinal-tapes.com\/pl\/ta\u015bmy-samoprzylepne\/jednostronne-tasmy-samoprzylepne\/folia-pet\/3m-415-dwustronna-tasma-przylepna-z-nosnikiem\/\" \/>\n<meta property=\"og:site_name\" content=\"cardinal TAPES\" \/>\n<meta property=\"article:modified_time\" content=\"2025-07-04T13:37:51+00:00\" \/>\n<meta property=\"og:image\" content=\"https:\/\/cardinal-tapes.com\/wp-content\/uploads\/3m_doppelseitig_klebeband_traeger_415.jpg\" \/>\n\t<meta property=\"og:image:width\" content=\"600\" \/>\n\t<meta property=\"og:image:height\" content=\"600\" \/>\n\t<meta property=\"og:image:type\" content=\"image\/jpeg\" \/>\n<meta name=\"twitter:card\" content=\"summary_large_image\" \/>\n<meta name=\"twitter:label1\" content=\"Szacowany czas czytania\" \/>\n\t<meta name=\"twitter:data1\" content=\"1 minuta\" \/>\n<script type=\"application\/ld+json\" class=\"yoast-schema-graph\">{\"@context\":\"https:\\\/\\\/schema.org\",\"@graph\":[{\"@type\":\"WebPage\",\"@id\":\"https:\\\/\\\/cardinal-tapes.com\\\/pl\\\/ta\u015bmy-samoprzylepne\\\/jednostronne-tasmy-samoprzylepne\\\/folia-pet\\\/3m-415-dwustronna-tasma-przylepna-z-nosnikiem\\\/\",\"url\":\"https:\\\/\\\/cardinal-tapes.com\\\/pl\\\/ta\u015bmy-samoprzylepne\\\/jednostronne-tasmy-samoprzylepne\\\/folia-pet\\\/3m-415-dwustronna-tasma-przylepna-z-nosnikiem\\\/\",\"name\":\"3M 415 Dwustronna ta\u015bma klej\u0105ca z podk\u0142adem | Cardinal TAPES\",\"isPartOf\":{\"@id\":\"https:\\\/\\\/cardinal-tapes.com\\\/#website\"},\"primaryImageOfPage\":{\"@id\":\"https:\\\/\\\/cardinal-tapes.com\\\/pl\\\/ta\u015bmy-samoprzylepne\\\/jednostronne-tasmy-samoprzylepne\\\/folia-pet\\\/3m-415-dwustronna-tasma-przylepna-z-nosnikiem\\\/#primaryimage\"},\"image\":{\"@id\":\"https:\\\/\\\/cardinal-tapes.com\\\/pl\\\/ta\u015bmy-samoprzylepne\\\/jednostronne-tasmy-samoprzylepne\\\/folia-pet\\\/3m-415-dwustronna-tasma-przylepna-z-nosnikiem\\\/#primaryimage\"},\"thumbnailUrl\":\"https:\\\/\\\/cardinal-tapes.com\\\/wp-content\\\/uploads\\\/3m_doppelseitig_klebeband_traeger_415.jpg\",\"datePublished\":\"2023-06-06T08:06:34+00:00\",\"dateModified\":\"2025-07-04T13:37:51+00:00\",\"description\":\"Dwustronna ta\u015bma 3M 415 jest obustronnie pokryta klejem akrylowym. Wi\u0119cej informacji tutaj.\",\"breadcrumb\":{\"@id\":\"https:\\\/\\\/cardinal-tapes.com\\\/pl\\\/ta\u015bmy-samoprzylepne\\\/jednostronne-tasmy-samoprzylepne\\\/folia-pet\\\/3m-415-dwustronna-tasma-przylepna-z-nosnikiem\\\/#breadcrumb\"},\"inLanguage\":\"pl-PL\",\"potentialAction\":[{\"@type\":\"ReadAction\",\"target\":[\"https:\\\/\\\/cardinal-tapes.com\\\/pl\\\/ta\u015bmy-samoprzylepne\\\/jednostronne-tasmy-samoprzylepne\\\/folia-pet\\\/3m-415-dwustronna-tasma-przylepna-z-nosnikiem\\\/\"]}]},{\"@type\":\"ImageObject\",\"inLanguage\":\"pl-PL\",\"@id\":\"https:\\\/\\\/cardinal-tapes.com\\\/pl\\\/ta\u015bmy-samoprzylepne\\\/jednostronne-tasmy-samoprzylepne\\\/folia-pet\\\/3m-415-dwustronna-tasma-przylepna-z-nosnikiem\\\/#primaryimage\",\"url\":\"https:\\\/\\\/cardinal-tapes.com\\\/wp-content\\\/uploads\\\/3m_doppelseitig_klebeband_traeger_415.jpg\",\"contentUrl\":\"https:\\\/\\\/cardinal-tapes.com\\\/wp-content\\\/uploads\\\/3m_doppelseitig_klebeband_traeger_415.jpg\",\"width\":600,\"height\":600,\"caption\":\"3M Dwustronna ta\u015bma samoprzylepna z podk\u0142adem 415\"},{\"@type\":\"BreadcrumbList\",\"@id\":\"https:\\\/\\\/cardinal-tapes.com\\\/pl\\\/ta\u015bmy-samoprzylepne\\\/jednostronne-tasmy-samoprzylepne\\\/folia-pet\\\/3m-415-dwustronna-tasma-przylepna-z-nosnikiem\\\/#breadcrumb\",\"itemListElement\":[{\"@type\":\"ListItem\",\"position\":1,\"name\":\"Startseite\",\"item\":\"https:\\\/\\\/cardinal-tapes.com\\\/pl\\\/strona-glowna\\\/\"},{\"@type\":\"ListItem\",\"position\":2,\"name\":\"Ta\u015bmy samoprzylepne\",\"item\":\"https:\\\/\\\/cardinal-tapes.com\\\/pl\\\/tasmy-samoprzylepne-pl\\\/\"},{\"@type\":\"ListItem\",\"position\":3,\"name\":\"Jednostronne ta\u015bmy samoprzylepne\",\"item\":\"https:\\\/\\\/cardinal-tapes.com\\\/pl\\\/kategoria\\\/jednostronne-tasmy-samoprzylepne\\\/\"},{\"@type\":\"ListItem\",\"position\":4,\"name\":\"Folia PET\",\"item\":\"https:\\\/\\\/cardinal-tapes.com\\\/pl\\\/kategoria\\\/folia-pet\\\/\"},{\"@type\":\"ListItem\",\"position\":5,\"name\":\"Ta\u015bma dwustronna 3M\u2122 415\"}]},{\"@type\":\"WebSite\",\"@id\":\"https:\\\/\\\/cardinal-tapes.com\\\/#website\",\"url\":\"https:\\\/\\\/cardinal-tapes.com\\\/\",\"name\":\"cardinal TAPES\",\"description\":\"Klebetechnik aus Wuppertal\",\"potentialAction\":[{\"@type\":\"SearchAction\",\"target\":{\"@type\":\"EntryPoint\",\"urlTemplate\":\"https:\\\/\\\/cardinal-tapes.com\\\/?s={search_term_string}\"},\"query-input\":{\"@type\":\"PropertyValueSpecification\",\"valueRequired\":true,\"valueName\":\"search_term_string\"}}],\"inLanguage\":\"pl-PL\"}]}<\/script>\n<!-- \/ Yoast SEO plugin. -->","yoast_head_json":{"title":"3M 415 Dwustronna ta\u015bma klej\u0105ca z podk\u0142adem | Cardinal TAPES","description":"Dwustronna ta\u015bma 3M 415 jest obustronnie pokryta klejem akrylowym. Wi\u0119cej informacji tutaj.","robots":{"index":"index","follow":"follow","max-snippet":"max-snippet:-1","max-image-preview":"max-image-preview:large","max-video-preview":"max-video-preview:-1"},"canonical":"https:\/\/cardinal-tapes.com\/pl\/ta\u015bmy-samoprzylepne\/jednostronne-tasmy-samoprzylepne\/folia-pet\/3m-415-dwustronna-tasma-przylepna-z-nosnikiem\/","og_locale":"pl_PL","og_type":"article","og_title":"3M 415 Dwustronna ta\u015bma klej\u0105ca z podk\u0142adem | Cardinal TAPES","og_description":"Dwustronna ta\u015bma 3M 415 jest obustronnie pokryta klejem akrylowym. Wi\u0119cej informacji tutaj.","og_url":"https:\/\/cardinal-tapes.com\/pl\/ta\u015bmy-samoprzylepne\/jednostronne-tasmy-samoprzylepne\/folia-pet\/3m-415-dwustronna-tasma-przylepna-z-nosnikiem\/","og_site_name":"cardinal TAPES","article_modified_time":"2025-07-04T13:37:51+00:00","og_image":[{"width":600,"height":600,"url":"https:\/\/cardinal-tapes.com\/wp-content\/uploads\/3m_doppelseitig_klebeband_traeger_415.jpg","type":"image\/jpeg"}],"twitter_card":"summary_large_image","twitter_misc":{"Szacowany czas czytania":"1 minuta"},"schema":{"@context":"https:\/\/schema.org","@graph":[{"@type":"WebPage","@id":"https:\/\/cardinal-tapes.com\/pl\/ta\u015bmy-samoprzylepne\/jednostronne-tasmy-samoprzylepne\/folia-pet\/3m-415-dwustronna-tasma-przylepna-z-nosnikiem\/","url":"https:\/\/cardinal-tapes.com\/pl\/ta\u015bmy-samoprzylepne\/jednostronne-tasmy-samoprzylepne\/folia-pet\/3m-415-dwustronna-tasma-przylepna-z-nosnikiem\/","name":"3M 415 Dwustronna ta\u015bma klej\u0105ca z podk\u0142adem | Cardinal TAPES","isPartOf":{"@id":"https:\/\/cardinal-tapes.com\/#website"},"primaryImageOfPage":{"@id":"https:\/\/cardinal-tapes.com\/pl\/ta\u015bmy-samoprzylepne\/jednostronne-tasmy-samoprzylepne\/folia-pet\/3m-415-dwustronna-tasma-przylepna-z-nosnikiem\/#primaryimage"},"image":{"@id":"https:\/\/cardinal-tapes.com\/pl\/ta\u015bmy-samoprzylepne\/jednostronne-tasmy-samoprzylepne\/folia-pet\/3m-415-dwustronna-tasma-przylepna-z-nosnikiem\/#primaryimage"},"thumbnailUrl":"https:\/\/cardinal-tapes.com\/wp-content\/uploads\/3m_doppelseitig_klebeband_traeger_415.jpg","datePublished":"2023-06-06T08:06:34+00:00","dateModified":"2025-07-04T13:37:51+00:00","description":"Dwustronna ta\u015bma 3M 415 jest obustronnie pokryta klejem akrylowym. Wi\u0119cej informacji tutaj.","breadcrumb":{"@id":"https:\/\/cardinal-tapes.com\/pl\/ta\u015bmy-samoprzylepne\/jednostronne-tasmy-samoprzylepne\/folia-pet\/3m-415-dwustronna-tasma-przylepna-z-nosnikiem\/#breadcrumb"},"inLanguage":"pl-PL","potentialAction":[{"@type":"ReadAction","target":["https:\/\/cardinal-tapes.com\/pl\/ta\u015bmy-samoprzylepne\/jednostronne-tasmy-samoprzylepne\/folia-pet\/3m-415-dwustronna-tasma-przylepna-z-nosnikiem\/"]}]},{"@type":"ImageObject","inLanguage":"pl-PL","@id":"https:\/\/cardinal-tapes.com\/pl\/ta\u015bmy-samoprzylepne\/jednostronne-tasmy-samoprzylepne\/folia-pet\/3m-415-dwustronna-tasma-przylepna-z-nosnikiem\/#primaryimage","url":"https:\/\/cardinal-tapes.com\/wp-content\/uploads\/3m_doppelseitig_klebeband_traeger_415.jpg","contentUrl":"https:\/\/cardinal-tapes.com\/wp-content\/uploads\/3m_doppelseitig_klebeband_traeger_415.jpg","width":600,"height":600,"caption":"3M Dwustronna ta\u015bma samoprzylepna z podk\u0142adem 415"},{"@type":"BreadcrumbList","@id":"https:\/\/cardinal-tapes.com\/pl\/ta\u015bmy-samoprzylepne\/jednostronne-tasmy-samoprzylepne\/folia-pet\/3m-415-dwustronna-tasma-przylepna-z-nosnikiem\/#breadcrumb","itemListElement":[{"@type":"ListItem","position":1,"name":"Startseite","item":"https:\/\/cardinal-tapes.com\/pl\/strona-glowna\/"},{"@type":"ListItem","position":2,"name":"Ta\u015bmy samoprzylepne","item":"https:\/\/cardinal-tapes.com\/pl\/tasmy-samoprzylepne-pl\/"},{"@type":"ListItem","position":3,"name":"Jednostronne ta\u015bmy samoprzylepne","item":"https:\/\/cardinal-tapes.com\/pl\/kategoria\/jednostronne-tasmy-samoprzylepne\/"},{"@type":"ListItem","position":4,"name":"Folia PET","item":"https:\/\/cardinal-tapes.com\/pl\/kategoria\/folia-pet\/"},{"@type":"ListItem","position":5,"name":"Ta\u015bma dwustronna 3M\u2122 415"}]},{"@type":"WebSite","@id":"https:\/\/cardinal-tapes.com\/#website","url":"https:\/\/cardinal-tapes.com\/","name":"cardinal TAPES","description":"Klebetechnik aus Wuppertal","potentialAction":[{"@type":"SearchAction","target":{"@type":"EntryPoint","urlTemplate":"https:\/\/cardinal-tapes.com\/?s={search_term_string}"},"query-input":{"@type":"PropertyValueSpecification","valueRequired":true,"valueName":"search_term_string"}}],"inLanguage":"pl-PL"}]}},"brands":[{"id":2168,"name":"3M","slug":"3m-pl"}],"_links":{"self":[{"href":"https:\/\/cardinal-tapes.com\/pl\/wp-json\/wp\/v2\/product\/60591","targetHints":{"allow":["GET"]}}],"collection":[{"href":"https:\/\/cardinal-tapes.com\/pl\/wp-json\/wp\/v2\/product"}],"about":[{"href":"https:\/\/cardinal-tapes.com\/pl\/wp-json\/wp\/v2\/types\/product"}],"wp:featuredmedia":[{"embeddable":true,"href":"https:\/\/cardinal-tapes.com\/pl\/wp-json\/wp\/v2\/media\/25458"}],"wp:attachment":[{"href":"https:\/\/cardinal-tapes.com\/pl\/wp-json\/wp\/v2\/media?parent=60591"}],"wp:term":[{"taxonomy":"pwb-brand","embeddable":true,"href":"https:\/\/cardinal-tapes.com\/pl\/wp-json\/wp\/v2\/pwb-brand?post=60591"},{"taxonomy":"product_brand","embeddable":true,"href":"https:\/\/cardinal-tapes.com\/pl\/wp-json\/wp\/v2\/product_brand?post=60591"},{"taxonomy":"product_cat","embeddable":true,"href":"https:\/\/cardinal-tapes.com\/pl\/wp-json\/wp\/v2\/product_cat?post=60591"},{"taxonomy":"product_tag","embeddable":true,"href":"https:\/\/cardinal-tapes.com\/pl\/wp-json\/wp\/v2\/product_tag?post=60591"}],"curies":[{"name":"wp","href":"https:\/\/api.w.org\/{rel}","templated":true}]}}