{"id":60584,"date":"2017-12-22T09:18:13","date_gmt":"2023-06-06T08:06:33","guid":{"rendered":"https:\/\/cardinal.pixel-tal.de\/klebebaender\/bez-kategorii\/tasma-dwustronna-3m-410m\/"},"modified":"2025-07-03T12:25:24","modified_gmt":"2025-07-03T10:25:24","slug":"3m-410-dwustronna-tasma-przylepna","status":"publish","type":"product","link":"https:\/\/cardinal-tapes.com\/pl\/ta\u015bmy-samoprzylepne\/tasmy-dwustronnie-klejace\/3m-410-dwustronna-tasma-przylepna\/","title":{"rendered":"Ta\u015bma dwustronna 3M\u2122 410M"},"content":{"rendered":"<p>Dwustronna ta\u015bma 3M\u2122 410M z klejem z naturalnego kauczuku charakteryzuje si\u0119 bardzo dobr\u0105 przyczepno\u015bci\u0105 do szerokiej gamy materia\u0142\u00f3w. Oznacza to, \u017ce ta\u015bma samoprzylepna mo\u017ce by\u0107 u\u017cywana do wielu r\u00f3\u017cnych zastosowa\u0144. Na przyk\u0142ad klej 3M\u2122 410M jest idealny do \u0142\u0105czenia ze sob\u0105 ceramiki, szk\u0142a, metalu i tworzyw sztucznych. Charakteryzuje si\u0119 r\u00f3wnie\u017c wysok\u0105 przyczepno\u015bci\u0105 i doskona\u0142\u0105 wytrzyma\u0142o\u015bci\u0105 na \u015bcinanie.<\/p>\n<p><strong>W\u0142a\u015bciwo\u015bci<\/strong><br \/>\nTa\u015bma samoprzylepna 410M charakteryzuje si\u0119 dobr\u0105 natychmiastow\u0105 przyczepno\u015bci\u0105 do szerokiej gamy powierzchni oraz wysok\u0105 wytrzyma\u0142o\u015bci\u0105 i stabilno\u015bci\u0105. Co wi\u0119cej, jest odporny na warunki atmosferyczne, dzi\u0119ki czemu mo\u017ce by\u0107 u\u017cywany zar\u00f3wno wewn\u0105trz, jak i na zewn\u0105trz pomieszcze\u0144.<\/p>\n<p><strong>Zastosowania<\/strong><br \/>\n&#8211; \u0141\u0105czenie papieru, folii, film\u00f3w lub tkanin<br \/>\n&#8211; Mocowanie zrolowanych towar\u00f3w do rdzenia<\/p>\n","protected":false},"excerpt":{"rendered":"<p>Dwustronna ta\u015bma 3M\u2122 410M z klejem z naturalnego kauczuku charakteryzuje si\u0119 bardzo dobr\u0105 przyczepno\u015bci\u0105 do szerokiej gamy materia\u0142\u00f3w. Oznacza to, \u017ce ta\u015bma samoprzylepna mo\u017ce by\u0107 u\u017cywana do wielu r\u00f3\u017cnych zastosowa\u0144. Na przyk\u0142ad klej 3M\u2122 410M jest idealny do \u0142\u0105czenia ze sob\u0105 ceramiki, szk\u0142a, metalu i tworzyw sztucznych. Charakteryzuje si\u0119 r\u00f3wnie\u017c wysok\u0105 przyczepno\u015bci\u0105 i doskona\u0142\u0105 wytrzyma\u0142o\u015bci\u0105 [&hellip;]<\/p>\n","protected":false},"featured_media":25446,"template":"","meta":{"_acf_changed":false},"pwb-brand":[2168],"product_brand":[],"product_cat":[1814],"product_tag":[],"class_list":{"0":"post-60584","1":"product","2":"type-product","3":"status-publish","4":"has-post-thumbnail","6":"pwb-brand-3m-pl","7":"product_cat-tasmy-dwustronnie-klejace","9":"first","10":"instock","11":"taxable","12":"shipping-taxable","13":"purchasable","14":"product-type-variable"},"acf":[],"yoast_head":"<!-- This site is optimized with the Yoast SEO plugin v27.3 - https:\/\/yoast.com\/product\/yoast-seo-wordpress\/ -->\n<title>Ta\u015bma dwustronna 3M 410M | Cardinal TAPES<\/title>\n<meta name=\"description\" content=\"Dwustronna ta\u015bma 3M 410M z klejem z naturalnego kauczuku charakteryzuje si\u0119 bardzo dobr\u0105 przyczepno\u015bci\u0105 do szerokiej gamy materia\u0142\u00f3w. Dowiedz si\u0119 wi\u0119cej.\" \/>\n<meta name=\"robots\" content=\"index, follow, max-snippet:-1, max-image-preview:large, max-video-preview:-1\" \/>\n<link rel=\"canonical\" href=\"https:\/\/cardinal-tapes.com\/pl\/ta\u015bmy-samoprzylepne\/tasmy-dwustronnie-klejace\/3m-410-dwustronna-tasma-przylepna\/\" \/>\n<meta property=\"og:locale\" content=\"pl_PL\" \/>\n<meta property=\"og:type\" content=\"article\" \/>\n<meta property=\"og:title\" content=\"Ta\u015bma dwustronna 3M 410M | Cardinal TAPES\" \/>\n<meta property=\"og:description\" content=\"Dwustronna ta\u015bma 3M 410M z klejem z naturalnego kauczuku charakteryzuje si\u0119 bardzo dobr\u0105 przyczepno\u015bci\u0105 do szerokiej gamy materia\u0142\u00f3w. Dowiedz si\u0119 wi\u0119cej.\" \/>\n<meta property=\"og:url\" content=\"https:\/\/cardinal-tapes.com\/pl\/ta\u015bmy-samoprzylepne\/tasmy-dwustronnie-klejace\/3m-410-dwustronna-tasma-przylepna\/\" \/>\n<meta property=\"og:site_name\" content=\"cardinal TAPES\" \/>\n<meta property=\"article:modified_time\" content=\"2025-07-03T10:25:24+00:00\" \/>\n<meta property=\"og:image\" content=\"https:\/\/cardinal-tapes.com\/wp-content\/uploads\/3m_doppelseitig_klebeband_papiervliestraeger_410.jpg\" \/>\n\t<meta property=\"og:image:width\" content=\"600\" \/>\n\t<meta property=\"og:image:height\" content=\"600\" \/>\n\t<meta property=\"og:image:type\" content=\"image\/jpeg\" \/>\n<meta name=\"twitter:card\" content=\"summary_large_image\" \/>\n<meta name=\"twitter:label1\" content=\"Szacowany czas czytania\" \/>\n\t<meta name=\"twitter:data1\" content=\"1 minuta\" \/>\n<script type=\"application\/ld+json\" class=\"yoast-schema-graph\">{\"@context\":\"https:\\\/\\\/schema.org\",\"@graph\":[{\"@type\":\"WebPage\",\"@id\":\"https:\\\/\\\/cardinal-tapes.com\\\/pl\\\/ta\u015bmy-samoprzylepne\\\/tasmy-dwustronnie-klejace\\\/3m-410-dwustronna-tasma-przylepna\\\/\",\"url\":\"https:\\\/\\\/cardinal-tapes.com\\\/pl\\\/ta\u015bmy-samoprzylepne\\\/tasmy-dwustronnie-klejace\\\/3m-410-dwustronna-tasma-przylepna\\\/\",\"name\":\"Ta\u015bma dwustronna 3M 410M | Cardinal TAPES\",\"isPartOf\":{\"@id\":\"https:\\\/\\\/cardinal-tapes.com\\\/#website\"},\"primaryImageOfPage\":{\"@id\":\"https:\\\/\\\/cardinal-tapes.com\\\/pl\\\/ta\u015bmy-samoprzylepne\\\/tasmy-dwustronnie-klejace\\\/3m-410-dwustronna-tasma-przylepna\\\/#primaryimage\"},\"image\":{\"@id\":\"https:\\\/\\\/cardinal-tapes.com\\\/pl\\\/ta\u015bmy-samoprzylepne\\\/tasmy-dwustronnie-klejace\\\/3m-410-dwustronna-tasma-przylepna\\\/#primaryimage\"},\"thumbnailUrl\":\"https:\\\/\\\/cardinal-tapes.com\\\/wp-content\\\/uploads\\\/3m_doppelseitig_klebeband_papiervliestraeger_410.jpg\",\"datePublished\":\"2023-06-06T08:06:33+00:00\",\"dateModified\":\"2025-07-03T10:25:24+00:00\",\"description\":\"Dwustronna ta\u015bma 3M 410M z klejem z naturalnego kauczuku charakteryzuje si\u0119 bardzo dobr\u0105 przyczepno\u015bci\u0105 do szerokiej gamy materia\u0142\u00f3w. Dowiedz si\u0119 wi\u0119cej.\",\"breadcrumb\":{\"@id\":\"https:\\\/\\\/cardinal-tapes.com\\\/pl\\\/ta\u015bmy-samoprzylepne\\\/tasmy-dwustronnie-klejace\\\/3m-410-dwustronna-tasma-przylepna\\\/#breadcrumb\"},\"inLanguage\":\"pl-PL\",\"potentialAction\":[{\"@type\":\"ReadAction\",\"target\":[\"https:\\\/\\\/cardinal-tapes.com\\\/pl\\\/ta\u015bmy-samoprzylepne\\\/tasmy-dwustronnie-klejace\\\/3m-410-dwustronna-tasma-przylepna\\\/\"]}]},{\"@type\":\"ImageObject\",\"inLanguage\":\"pl-PL\",\"@id\":\"https:\\\/\\\/cardinal-tapes.com\\\/pl\\\/ta\u015bmy-samoprzylepne\\\/tasmy-dwustronnie-klejace\\\/3m-410-dwustronna-tasma-przylepna\\\/#primaryimage\",\"url\":\"https:\\\/\\\/cardinal-tapes.com\\\/wp-content\\\/uploads\\\/3m_doppelseitig_klebeband_papiervliestraeger_410.jpg\",\"contentUrl\":\"https:\\\/\\\/cardinal-tapes.com\\\/wp-content\\\/uploads\\\/3m_doppelseitig_klebeband_papiervliestraeger_410.jpg\",\"width\":600,\"height\":600,\"caption\":\"3M Dwustronna papierowa ta\u015bma z w\u0142\u00f3kniny 410\"},{\"@type\":\"BreadcrumbList\",\"@id\":\"https:\\\/\\\/cardinal-tapes.com\\\/pl\\\/ta\u015bmy-samoprzylepne\\\/tasmy-dwustronnie-klejace\\\/3m-410-dwustronna-tasma-przylepna\\\/#breadcrumb\",\"itemListElement\":[{\"@type\":\"ListItem\",\"position\":1,\"name\":\"Startseite\",\"item\":\"https:\\\/\\\/cardinal-tapes.com\\\/pl\\\/strona-glowna\\\/\"},{\"@type\":\"ListItem\",\"position\":2,\"name\":\"Ta\u015bmy samoprzylepne\",\"item\":\"https:\\\/\\\/cardinal-tapes.com\\\/pl\\\/tasmy-samoprzylepne-pl\\\/\"},{\"@type\":\"ListItem\",\"position\":3,\"name\":\"Ta\u015bmy dwustronnie klej\u0105ce\",\"item\":\"https:\\\/\\\/cardinal-tapes.com\\\/pl\\\/kategoria\\\/tasmy-dwustronnie-klejace\\\/\"},{\"@type\":\"ListItem\",\"position\":4,\"name\":\"Ta\u015bma dwustronna 3M\u2122 410M\"}]},{\"@type\":\"WebSite\",\"@id\":\"https:\\\/\\\/cardinal-tapes.com\\\/#website\",\"url\":\"https:\\\/\\\/cardinal-tapes.com\\\/\",\"name\":\"cardinal TAPES\",\"description\":\"Klebetechnik aus Wuppertal\",\"potentialAction\":[{\"@type\":\"SearchAction\",\"target\":{\"@type\":\"EntryPoint\",\"urlTemplate\":\"https:\\\/\\\/cardinal-tapes.com\\\/?s={search_term_string}\"},\"query-input\":{\"@type\":\"PropertyValueSpecification\",\"valueRequired\":true,\"valueName\":\"search_term_string\"}}],\"inLanguage\":\"pl-PL\"}]}<\/script>\n<!-- \/ Yoast SEO plugin. -->","yoast_head_json":{"title":"Ta\u015bma dwustronna 3M 410M | Cardinal TAPES","description":"Dwustronna ta\u015bma 3M 410M z klejem z naturalnego kauczuku charakteryzuje si\u0119 bardzo dobr\u0105 przyczepno\u015bci\u0105 do szerokiej gamy materia\u0142\u00f3w. Dowiedz si\u0119 wi\u0119cej.","robots":{"index":"index","follow":"follow","max-snippet":"max-snippet:-1","max-image-preview":"max-image-preview:large","max-video-preview":"max-video-preview:-1"},"canonical":"https:\/\/cardinal-tapes.com\/pl\/ta\u015bmy-samoprzylepne\/tasmy-dwustronnie-klejace\/3m-410-dwustronna-tasma-przylepna\/","og_locale":"pl_PL","og_type":"article","og_title":"Ta\u015bma dwustronna 3M 410M | Cardinal TAPES","og_description":"Dwustronna ta\u015bma 3M 410M z klejem z naturalnego kauczuku charakteryzuje si\u0119 bardzo dobr\u0105 przyczepno\u015bci\u0105 do szerokiej gamy materia\u0142\u00f3w. Dowiedz si\u0119 wi\u0119cej.","og_url":"https:\/\/cardinal-tapes.com\/pl\/ta\u015bmy-samoprzylepne\/tasmy-dwustronnie-klejace\/3m-410-dwustronna-tasma-przylepna\/","og_site_name":"cardinal TAPES","article_modified_time":"2025-07-03T10:25:24+00:00","og_image":[{"width":600,"height":600,"url":"https:\/\/cardinal-tapes.com\/wp-content\/uploads\/3m_doppelseitig_klebeband_papiervliestraeger_410.jpg","type":"image\/jpeg"}],"twitter_card":"summary_large_image","twitter_misc":{"Szacowany czas czytania":"1 minuta"},"schema":{"@context":"https:\/\/schema.org","@graph":[{"@type":"WebPage","@id":"https:\/\/cardinal-tapes.com\/pl\/ta\u015bmy-samoprzylepne\/tasmy-dwustronnie-klejace\/3m-410-dwustronna-tasma-przylepna\/","url":"https:\/\/cardinal-tapes.com\/pl\/ta\u015bmy-samoprzylepne\/tasmy-dwustronnie-klejace\/3m-410-dwustronna-tasma-przylepna\/","name":"Ta\u015bma dwustronna 3M 410M | Cardinal TAPES","isPartOf":{"@id":"https:\/\/cardinal-tapes.com\/#website"},"primaryImageOfPage":{"@id":"https:\/\/cardinal-tapes.com\/pl\/ta\u015bmy-samoprzylepne\/tasmy-dwustronnie-klejace\/3m-410-dwustronna-tasma-przylepna\/#primaryimage"},"image":{"@id":"https:\/\/cardinal-tapes.com\/pl\/ta\u015bmy-samoprzylepne\/tasmy-dwustronnie-klejace\/3m-410-dwustronna-tasma-przylepna\/#primaryimage"},"thumbnailUrl":"https:\/\/cardinal-tapes.com\/wp-content\/uploads\/3m_doppelseitig_klebeband_papiervliestraeger_410.jpg","datePublished":"2023-06-06T08:06:33+00:00","dateModified":"2025-07-03T10:25:24+00:00","description":"Dwustronna ta\u015bma 3M 410M z klejem z naturalnego kauczuku charakteryzuje si\u0119 bardzo dobr\u0105 przyczepno\u015bci\u0105 do szerokiej gamy materia\u0142\u00f3w. Dowiedz si\u0119 wi\u0119cej.","breadcrumb":{"@id":"https:\/\/cardinal-tapes.com\/pl\/ta\u015bmy-samoprzylepne\/tasmy-dwustronnie-klejace\/3m-410-dwustronna-tasma-przylepna\/#breadcrumb"},"inLanguage":"pl-PL","potentialAction":[{"@type":"ReadAction","target":["https:\/\/cardinal-tapes.com\/pl\/ta\u015bmy-samoprzylepne\/tasmy-dwustronnie-klejace\/3m-410-dwustronna-tasma-przylepna\/"]}]},{"@type":"ImageObject","inLanguage":"pl-PL","@id":"https:\/\/cardinal-tapes.com\/pl\/ta\u015bmy-samoprzylepne\/tasmy-dwustronnie-klejace\/3m-410-dwustronna-tasma-przylepna\/#primaryimage","url":"https:\/\/cardinal-tapes.com\/wp-content\/uploads\/3m_doppelseitig_klebeband_papiervliestraeger_410.jpg","contentUrl":"https:\/\/cardinal-tapes.com\/wp-content\/uploads\/3m_doppelseitig_klebeband_papiervliestraeger_410.jpg","width":600,"height":600,"caption":"3M Dwustronna papierowa ta\u015bma z w\u0142\u00f3kniny 410"},{"@type":"BreadcrumbList","@id":"https:\/\/cardinal-tapes.com\/pl\/ta\u015bmy-samoprzylepne\/tasmy-dwustronnie-klejace\/3m-410-dwustronna-tasma-przylepna\/#breadcrumb","itemListElement":[{"@type":"ListItem","position":1,"name":"Startseite","item":"https:\/\/cardinal-tapes.com\/pl\/strona-glowna\/"},{"@type":"ListItem","position":2,"name":"Ta\u015bmy samoprzylepne","item":"https:\/\/cardinal-tapes.com\/pl\/tasmy-samoprzylepne-pl\/"},{"@type":"ListItem","position":3,"name":"Ta\u015bmy dwustronnie klej\u0105ce","item":"https:\/\/cardinal-tapes.com\/pl\/kategoria\/tasmy-dwustronnie-klejace\/"},{"@type":"ListItem","position":4,"name":"Ta\u015bma dwustronna 3M\u2122 410M"}]},{"@type":"WebSite","@id":"https:\/\/cardinal-tapes.com\/#website","url":"https:\/\/cardinal-tapes.com\/","name":"cardinal TAPES","description":"Klebetechnik aus Wuppertal","potentialAction":[{"@type":"SearchAction","target":{"@type":"EntryPoint","urlTemplate":"https:\/\/cardinal-tapes.com\/?s={search_term_string}"},"query-input":{"@type":"PropertyValueSpecification","valueRequired":true,"valueName":"search_term_string"}}],"inLanguage":"pl-PL"}]}},"brands":[{"id":2168,"name":"3M","slug":"3m-pl"}],"_links":{"self":[{"href":"https:\/\/cardinal-tapes.com\/pl\/wp-json\/wp\/v2\/product\/60584","targetHints":{"allow":["GET"]}}],"collection":[{"href":"https:\/\/cardinal-tapes.com\/pl\/wp-json\/wp\/v2\/product"}],"about":[{"href":"https:\/\/cardinal-tapes.com\/pl\/wp-json\/wp\/v2\/types\/product"}],"wp:featuredmedia":[{"embeddable":true,"href":"https:\/\/cardinal-tapes.com\/pl\/wp-json\/wp\/v2\/media\/25446"}],"wp:attachment":[{"href":"https:\/\/cardinal-tapes.com\/pl\/wp-json\/wp\/v2\/media?parent=60584"}],"wp:term":[{"taxonomy":"pwb-brand","embeddable":true,"href":"https:\/\/cardinal-tapes.com\/pl\/wp-json\/wp\/v2\/pwb-brand?post=60584"},{"taxonomy":"product_brand","embeddable":true,"href":"https:\/\/cardinal-tapes.com\/pl\/wp-json\/wp\/v2\/product_brand?post=60584"},{"taxonomy":"product_cat","embeddable":true,"href":"https:\/\/cardinal-tapes.com\/pl\/wp-json\/wp\/v2\/product_cat?post=60584"},{"taxonomy":"product_tag","embeddable":true,"href":"https:\/\/cardinal-tapes.com\/pl\/wp-json\/wp\/v2\/product_tag?post=60584"}],"curies":[{"name":"wp","href":"https:\/\/api.w.org\/{rel}","templated":true}]}}