{"id":60579,"date":"2017-12-22T09:14:57","date_gmt":"2023-06-06T08:06:33","guid":{"rendered":"https:\/\/cardinal.pixel-tal.de\/klebebaender\/bez-kategorii\/3m-dwustronna-tasma-samoprzylepna-9731\/"},"modified":"2025-07-04T15:37:46","modified_gmt":"2025-07-04T13:37:46","slug":"3m-9731-dwustronna-tasma-samoprzylepna-z-klejem-silikonowo-akrylowym","status":"publish","type":"product","link":"https:\/\/cardinal-tapes.com\/pl\/ta\u015bmy-samoprzylepne\/jednostronne-tasmy-samoprzylepne\/folia-pet\/3m-9731-dwustronna-tasma-samoprzylepna-z-klejem-silikonowo-akrylowym\/","title":{"rendered":"3M\u2122 Dwustronna ta\u015bma samoprzylepna 9731"},"content":{"rendered":"<p>Ta\u015bmy te s\u0105 pokryte z jednej strony klejem silikonowym 3M\u2122, a z drugiej wysokowydajnym klejem akrylowym 3M\u2122 serii 350. Jest on obustronnie pokryty pow\u0142ok\u0105 ochronn\u0105 (folia poliestrowa 100 \u00b5m, papier ochronny powlekany PE 127 \u00b5m).<\/p>\n<p><strong>W\u0142a\u015bciwo\u015bci<\/strong><br \/>\nKlej 300LSE\/silikon ma doskona\u0142\u0105 odporno\u015b\u0107 na rozpuszczalniki i si\u0142\u0119 klejenia na materia\u0142ach o niskiej energii. Klej silikonowy \u0142\u0105czy si\u0119 z pod\u0142o\u017cami silikonowymi i niskoenergetycznymi bez uprzedniej obr\u00f3bki powierzchni podk\u0142adem. Ta\u015bma samoprzylepna charakteryzuje si\u0119 r\u00f3wnie\u017c dobr\u0105 odporno\u015bci\u0105 na temperatur\u0119, dobr\u0105 przyczepno\u015bci\u0105 natychmiastow\u0105 i ko\u0144cow\u0105, dobr\u0105 wytrzyma\u0142o\u015bci\u0105 na \u015bcinanie.<\/p>\n<p><strong>Zastosowania<\/strong><br \/>\n&#8211; Strona silikonowa o dobrej przyczepno\u015bci, np. do gumy silikonowej i papieru silikonowanego<br \/>\n&#8211; Strona akrylowa o bardzo wysokiej przyczepno\u015bci do wi\u0119kszo\u015bci materia\u0142\u00f3w, w tym pod\u0142o\u017cy niskoenergetycznych<\/p>\n<p>&nbsp;<\/p>\n","protected":false},"excerpt":{"rendered":"<p>Ta\u015bmy te s\u0105 pokryte z jednej strony klejem silikonowym 3M\u2122, a z drugiej wysokowydajnym klejem akrylowym 3M\u2122 serii 350. Jest on obustronnie pokryty pow\u0142ok\u0105 ochronn\u0105 (folia poliestrowa 100 \u00b5m, papier ochronny powlekany PE 127 \u00b5m). W\u0142a\u015bciwo\u015bci Klej 300LSE\/silikon ma doskona\u0142\u0105 odporno\u015b\u0107 na rozpuszczalniki i si\u0142\u0119 klejenia na materia\u0142ach o niskiej energii. Klej silikonowy \u0142\u0105czy si\u0119 [&hellip;]<\/p>\n","protected":false},"featured_media":25450,"template":"","meta":{"_acf_changed":false},"pwb-brand":[2168],"product_brand":[],"product_cat":[1814,1819],"product_tag":[],"class_list":{"0":"post-60579","1":"product","2":"type-product","3":"status-publish","4":"has-post-thumbnail","6":"pwb-brand-3m-pl","7":"product_cat-tasmy-dwustronnie-klejace","8":"product_cat-folia-pet","10":"first","11":"instock","12":"taxable","13":"shipping-taxable","14":"purchasable","15":"product-type-variable"},"acf":[],"yoast_head":"<!-- This site is optimized with the Yoast SEO plugin v27.3 - https:\/\/yoast.com\/product\/yoast-seo-wordpress\/ -->\n<title>3M 9731 Dwustronna ta\u015bma samoprzylepna z klejem silikonowym\/akrylowym<\/title>\n<meta name=\"description\" content=\"Dwustronna ta\u015bma 3M 9731 ma z jednej strony zmodyfikowany klej akrylowy, a z drugiej klej silikonowy.\" \/>\n<meta name=\"robots\" content=\"index, follow, max-snippet:-1, max-image-preview:large, max-video-preview:-1\" \/>\n<link rel=\"canonical\" href=\"https:\/\/cardinal-tapes.com\/pl\/ta\u015bmy-samoprzylepne\/jednostronne-tasmy-samoprzylepne\/folia-pet\/3m-9731-dwustronna-tasma-samoprzylepna-z-klejem-silikonowo-akrylowym\/\" \/>\n<meta property=\"og:locale\" content=\"pl_PL\" \/>\n<meta property=\"og:type\" content=\"article\" \/>\n<meta property=\"og:title\" content=\"3M 9731 Dwustronna ta\u015bma samoprzylepna z klejem silikonowym\/akrylowym\" \/>\n<meta property=\"og:description\" content=\"Dwustronna ta\u015bma 3M 9731 ma z jednej strony zmodyfikowany klej akrylowy, a z drugiej klej silikonowy.\" \/>\n<meta property=\"og:url\" content=\"https:\/\/cardinal-tapes.com\/pl\/ta\u015bmy-samoprzylepne\/jednostronne-tasmy-samoprzylepne\/folia-pet\/3m-9731-dwustronna-tasma-samoprzylepna-z-klejem-silikonowo-akrylowym\/\" \/>\n<meta property=\"og:site_name\" content=\"cardinal TAPES\" \/>\n<meta property=\"article:modified_time\" content=\"2025-07-04T13:37:46+00:00\" \/>\n<meta property=\"og:image\" content=\"https:\/\/cardinal-tapes.com\/wp-content\/uploads\/3m_doppelseitig_klebeband_silikon_9731.jpg\" \/>\n\t<meta property=\"og:image:width\" content=\"600\" \/>\n\t<meta property=\"og:image:height\" content=\"600\" \/>\n\t<meta property=\"og:image:type\" content=\"image\/jpeg\" \/>\n<meta name=\"twitter:card\" content=\"summary_large_image\" \/>\n<meta name=\"twitter:label1\" content=\"Szacowany czas czytania\" \/>\n\t<meta name=\"twitter:data1\" content=\"1 minuta\" \/>\n<script type=\"application\/ld+json\" class=\"yoast-schema-graph\">{\"@context\":\"https:\\\/\\\/schema.org\",\"@graph\":[{\"@type\":\"WebPage\",\"@id\":\"https:\\\/\\\/cardinal-tapes.com\\\/pl\\\/ta\u015bmy-samoprzylepne\\\/jednostronne-tasmy-samoprzylepne\\\/folia-pet\\\/3m-9731-dwustronna-tasma-samoprzylepna-z-klejem-silikonowo-akrylowym\\\/\",\"url\":\"https:\\\/\\\/cardinal-tapes.com\\\/pl\\\/ta\u015bmy-samoprzylepne\\\/jednostronne-tasmy-samoprzylepne\\\/folia-pet\\\/3m-9731-dwustronna-tasma-samoprzylepna-z-klejem-silikonowo-akrylowym\\\/\",\"name\":\"3M 9731 Dwustronna ta\u015bma samoprzylepna z klejem silikonowym\\\/akrylowym\",\"isPartOf\":{\"@id\":\"https:\\\/\\\/cardinal-tapes.com\\\/#website\"},\"primaryImageOfPage\":{\"@id\":\"https:\\\/\\\/cardinal-tapes.com\\\/pl\\\/ta\u015bmy-samoprzylepne\\\/jednostronne-tasmy-samoprzylepne\\\/folia-pet\\\/3m-9731-dwustronna-tasma-samoprzylepna-z-klejem-silikonowo-akrylowym\\\/#primaryimage\"},\"image\":{\"@id\":\"https:\\\/\\\/cardinal-tapes.com\\\/pl\\\/ta\u015bmy-samoprzylepne\\\/jednostronne-tasmy-samoprzylepne\\\/folia-pet\\\/3m-9731-dwustronna-tasma-samoprzylepna-z-klejem-silikonowo-akrylowym\\\/#primaryimage\"},\"thumbnailUrl\":\"https:\\\/\\\/cardinal-tapes.com\\\/wp-content\\\/uploads\\\/3m_doppelseitig_klebeband_silikon_9731.jpg\",\"datePublished\":\"2023-06-06T08:06:33+00:00\",\"dateModified\":\"2025-07-04T13:37:46+00:00\",\"description\":\"Dwustronna ta\u015bma 3M 9731 ma z jednej strony zmodyfikowany klej akrylowy, a z drugiej klej silikonowy.\",\"breadcrumb\":{\"@id\":\"https:\\\/\\\/cardinal-tapes.com\\\/pl\\\/ta\u015bmy-samoprzylepne\\\/jednostronne-tasmy-samoprzylepne\\\/folia-pet\\\/3m-9731-dwustronna-tasma-samoprzylepna-z-klejem-silikonowo-akrylowym\\\/#breadcrumb\"},\"inLanguage\":\"pl-PL\",\"potentialAction\":[{\"@type\":\"ReadAction\",\"target\":[\"https:\\\/\\\/cardinal-tapes.com\\\/pl\\\/ta\u015bmy-samoprzylepne\\\/jednostronne-tasmy-samoprzylepne\\\/folia-pet\\\/3m-9731-dwustronna-tasma-samoprzylepna-z-klejem-silikonowo-akrylowym\\\/\"]}]},{\"@type\":\"ImageObject\",\"inLanguage\":\"pl-PL\",\"@id\":\"https:\\\/\\\/cardinal-tapes.com\\\/pl\\\/ta\u015bmy-samoprzylepne\\\/jednostronne-tasmy-samoprzylepne\\\/folia-pet\\\/3m-9731-dwustronna-tasma-samoprzylepna-z-klejem-silikonowo-akrylowym\\\/#primaryimage\",\"url\":\"https:\\\/\\\/cardinal-tapes.com\\\/wp-content\\\/uploads\\\/3m_doppelseitig_klebeband_silikon_9731.jpg\",\"contentUrl\":\"https:\\\/\\\/cardinal-tapes.com\\\/wp-content\\\/uploads\\\/3m_doppelseitig_klebeband_silikon_9731.jpg\",\"width\":600,\"height\":600,\"caption\":\"3M Dwustronna ta\u015bma silikonowa 9731\"},{\"@type\":\"BreadcrumbList\",\"@id\":\"https:\\\/\\\/cardinal-tapes.com\\\/pl\\\/ta\u015bmy-samoprzylepne\\\/jednostronne-tasmy-samoprzylepne\\\/folia-pet\\\/3m-9731-dwustronna-tasma-samoprzylepna-z-klejem-silikonowo-akrylowym\\\/#breadcrumb\",\"itemListElement\":[{\"@type\":\"ListItem\",\"position\":1,\"name\":\"Startseite\",\"item\":\"https:\\\/\\\/cardinal-tapes.com\\\/pl\\\/strona-glowna\\\/\"},{\"@type\":\"ListItem\",\"position\":2,\"name\":\"Ta\u015bmy samoprzylepne\",\"item\":\"https:\\\/\\\/cardinal-tapes.com\\\/pl\\\/tasmy-samoprzylepne-pl\\\/\"},{\"@type\":\"ListItem\",\"position\":3,\"name\":\"Jednostronne ta\u015bmy samoprzylepne\",\"item\":\"https:\\\/\\\/cardinal-tapes.com\\\/pl\\\/kategoria\\\/jednostronne-tasmy-samoprzylepne\\\/\"},{\"@type\":\"ListItem\",\"position\":4,\"name\":\"Folia PET\",\"item\":\"https:\\\/\\\/cardinal-tapes.com\\\/pl\\\/kategoria\\\/folia-pet\\\/\"},{\"@type\":\"ListItem\",\"position\":5,\"name\":\"3M\u2122 Dwustronna ta\u015bma samoprzylepna 9731\"}]},{\"@type\":\"WebSite\",\"@id\":\"https:\\\/\\\/cardinal-tapes.com\\\/#website\",\"url\":\"https:\\\/\\\/cardinal-tapes.com\\\/\",\"name\":\"cardinal TAPES\",\"description\":\"Klebetechnik aus Wuppertal\",\"potentialAction\":[{\"@type\":\"SearchAction\",\"target\":{\"@type\":\"EntryPoint\",\"urlTemplate\":\"https:\\\/\\\/cardinal-tapes.com\\\/?s={search_term_string}\"},\"query-input\":{\"@type\":\"PropertyValueSpecification\",\"valueRequired\":true,\"valueName\":\"search_term_string\"}}],\"inLanguage\":\"pl-PL\"}]}<\/script>\n<!-- \/ Yoast SEO plugin. -->","yoast_head_json":{"title":"3M 9731 Dwustronna ta\u015bma samoprzylepna z klejem silikonowym\/akrylowym","description":"Dwustronna ta\u015bma 3M 9731 ma z jednej strony zmodyfikowany klej akrylowy, a z drugiej klej silikonowy.","robots":{"index":"index","follow":"follow","max-snippet":"max-snippet:-1","max-image-preview":"max-image-preview:large","max-video-preview":"max-video-preview:-1"},"canonical":"https:\/\/cardinal-tapes.com\/pl\/ta\u015bmy-samoprzylepne\/jednostronne-tasmy-samoprzylepne\/folia-pet\/3m-9731-dwustronna-tasma-samoprzylepna-z-klejem-silikonowo-akrylowym\/","og_locale":"pl_PL","og_type":"article","og_title":"3M 9731 Dwustronna ta\u015bma samoprzylepna z klejem silikonowym\/akrylowym","og_description":"Dwustronna ta\u015bma 3M 9731 ma z jednej strony zmodyfikowany klej akrylowy, a z drugiej klej silikonowy.","og_url":"https:\/\/cardinal-tapes.com\/pl\/ta\u015bmy-samoprzylepne\/jednostronne-tasmy-samoprzylepne\/folia-pet\/3m-9731-dwustronna-tasma-samoprzylepna-z-klejem-silikonowo-akrylowym\/","og_site_name":"cardinal TAPES","article_modified_time":"2025-07-04T13:37:46+00:00","og_image":[{"width":600,"height":600,"url":"https:\/\/cardinal-tapes.com\/wp-content\/uploads\/3m_doppelseitig_klebeband_silikon_9731.jpg","type":"image\/jpeg"}],"twitter_card":"summary_large_image","twitter_misc":{"Szacowany czas czytania":"1 minuta"},"schema":{"@context":"https:\/\/schema.org","@graph":[{"@type":"WebPage","@id":"https:\/\/cardinal-tapes.com\/pl\/ta\u015bmy-samoprzylepne\/jednostronne-tasmy-samoprzylepne\/folia-pet\/3m-9731-dwustronna-tasma-samoprzylepna-z-klejem-silikonowo-akrylowym\/","url":"https:\/\/cardinal-tapes.com\/pl\/ta\u015bmy-samoprzylepne\/jednostronne-tasmy-samoprzylepne\/folia-pet\/3m-9731-dwustronna-tasma-samoprzylepna-z-klejem-silikonowo-akrylowym\/","name":"3M 9731 Dwustronna ta\u015bma samoprzylepna z klejem silikonowym\/akrylowym","isPartOf":{"@id":"https:\/\/cardinal-tapes.com\/#website"},"primaryImageOfPage":{"@id":"https:\/\/cardinal-tapes.com\/pl\/ta\u015bmy-samoprzylepne\/jednostronne-tasmy-samoprzylepne\/folia-pet\/3m-9731-dwustronna-tasma-samoprzylepna-z-klejem-silikonowo-akrylowym\/#primaryimage"},"image":{"@id":"https:\/\/cardinal-tapes.com\/pl\/ta\u015bmy-samoprzylepne\/jednostronne-tasmy-samoprzylepne\/folia-pet\/3m-9731-dwustronna-tasma-samoprzylepna-z-klejem-silikonowo-akrylowym\/#primaryimage"},"thumbnailUrl":"https:\/\/cardinal-tapes.com\/wp-content\/uploads\/3m_doppelseitig_klebeband_silikon_9731.jpg","datePublished":"2023-06-06T08:06:33+00:00","dateModified":"2025-07-04T13:37:46+00:00","description":"Dwustronna ta\u015bma 3M 9731 ma z jednej strony zmodyfikowany klej akrylowy, a z drugiej klej silikonowy.","breadcrumb":{"@id":"https:\/\/cardinal-tapes.com\/pl\/ta\u015bmy-samoprzylepne\/jednostronne-tasmy-samoprzylepne\/folia-pet\/3m-9731-dwustronna-tasma-samoprzylepna-z-klejem-silikonowo-akrylowym\/#breadcrumb"},"inLanguage":"pl-PL","potentialAction":[{"@type":"ReadAction","target":["https:\/\/cardinal-tapes.com\/pl\/ta\u015bmy-samoprzylepne\/jednostronne-tasmy-samoprzylepne\/folia-pet\/3m-9731-dwustronna-tasma-samoprzylepna-z-klejem-silikonowo-akrylowym\/"]}]},{"@type":"ImageObject","inLanguage":"pl-PL","@id":"https:\/\/cardinal-tapes.com\/pl\/ta\u015bmy-samoprzylepne\/jednostronne-tasmy-samoprzylepne\/folia-pet\/3m-9731-dwustronna-tasma-samoprzylepna-z-klejem-silikonowo-akrylowym\/#primaryimage","url":"https:\/\/cardinal-tapes.com\/wp-content\/uploads\/3m_doppelseitig_klebeband_silikon_9731.jpg","contentUrl":"https:\/\/cardinal-tapes.com\/wp-content\/uploads\/3m_doppelseitig_klebeband_silikon_9731.jpg","width":600,"height":600,"caption":"3M Dwustronna ta\u015bma silikonowa 9731"},{"@type":"BreadcrumbList","@id":"https:\/\/cardinal-tapes.com\/pl\/ta\u015bmy-samoprzylepne\/jednostronne-tasmy-samoprzylepne\/folia-pet\/3m-9731-dwustronna-tasma-samoprzylepna-z-klejem-silikonowo-akrylowym\/#breadcrumb","itemListElement":[{"@type":"ListItem","position":1,"name":"Startseite","item":"https:\/\/cardinal-tapes.com\/pl\/strona-glowna\/"},{"@type":"ListItem","position":2,"name":"Ta\u015bmy samoprzylepne","item":"https:\/\/cardinal-tapes.com\/pl\/tasmy-samoprzylepne-pl\/"},{"@type":"ListItem","position":3,"name":"Jednostronne ta\u015bmy samoprzylepne","item":"https:\/\/cardinal-tapes.com\/pl\/kategoria\/jednostronne-tasmy-samoprzylepne\/"},{"@type":"ListItem","position":4,"name":"Folia PET","item":"https:\/\/cardinal-tapes.com\/pl\/kategoria\/folia-pet\/"},{"@type":"ListItem","position":5,"name":"3M\u2122 Dwustronna ta\u015bma samoprzylepna 9731"}]},{"@type":"WebSite","@id":"https:\/\/cardinal-tapes.com\/#website","url":"https:\/\/cardinal-tapes.com\/","name":"cardinal TAPES","description":"Klebetechnik aus Wuppertal","potentialAction":[{"@type":"SearchAction","target":{"@type":"EntryPoint","urlTemplate":"https:\/\/cardinal-tapes.com\/?s={search_term_string}"},"query-input":{"@type":"PropertyValueSpecification","valueRequired":true,"valueName":"search_term_string"}}],"inLanguage":"pl-PL"}]}},"brands":[{"id":2168,"name":"3M","slug":"3m-pl"}],"_links":{"self":[{"href":"https:\/\/cardinal-tapes.com\/pl\/wp-json\/wp\/v2\/product\/60579","targetHints":{"allow":["GET"]}}],"collection":[{"href":"https:\/\/cardinal-tapes.com\/pl\/wp-json\/wp\/v2\/product"}],"about":[{"href":"https:\/\/cardinal-tapes.com\/pl\/wp-json\/wp\/v2\/types\/product"}],"wp:featuredmedia":[{"embeddable":true,"href":"https:\/\/cardinal-tapes.com\/pl\/wp-json\/wp\/v2\/media\/25450"}],"wp:attachment":[{"href":"https:\/\/cardinal-tapes.com\/pl\/wp-json\/wp\/v2\/media?parent=60579"}],"wp:term":[{"taxonomy":"pwb-brand","embeddable":true,"href":"https:\/\/cardinal-tapes.com\/pl\/wp-json\/wp\/v2\/pwb-brand?post=60579"},{"taxonomy":"product_brand","embeddable":true,"href":"https:\/\/cardinal-tapes.com\/pl\/wp-json\/wp\/v2\/product_brand?post=60579"},{"taxonomy":"product_cat","embeddable":true,"href":"https:\/\/cardinal-tapes.com\/pl\/wp-json\/wp\/v2\/product_cat?post=60579"},{"taxonomy":"product_tag","embeddable":true,"href":"https:\/\/cardinal-tapes.com\/pl\/wp-json\/wp\/v2\/product_tag?post=60579"}],"curies":[{"name":"wp","href":"https:\/\/api.w.org\/{rel}","templated":true}]}}