{"id":60533,"date":"2017-12-22T09:23:48","date_gmt":"2023-06-06T08:06:30","guid":{"rendered":"https:\/\/cardinal.pixel-tal.de\/klebebaender\/bez-kategorii\/3m-gm-74-klej-anaerobowy-do-uszczelniania-powierzchni\/"},"modified":"2023-06-06T10:06:30","modified_gmt":"2023-06-06T08:06:30","slug":"3m-gm-74-anaerobowy-klej-do-uszczelniania-powierzchni-2","status":"publish","type":"product","link":"https:\/\/cardinal-tapes.com\/pl\/ta\u015bmy-samoprzylepne\/kleje-w-plynie\/kleje\/3m-gm-74-anaerobowy-klej-do-uszczelniania-powierzchni-2\/","title":{"rendered":"3M\u2122 GM 74 Klej anaerobowy do uszczelniania powierzchni"},"content":{"rendered":"<p>Klej anaerobowy 3M\u2122 GM 74 do uszczelniania powierzchni doskonale nadaje si\u0119 do zastosowa\u0144 w wy\u017cszych temperaturach. Klej GM 74 utwardza si\u0119 po umieszczeniu mi\u0119dzy \u015bci\u015ble przylegaj\u0105cymi powierzchniami metalowymi. Po 20 minutach klej anaerobowy tworzy uszczelnienie niskoci\u015bnieniowe, kt\u00f3re umo\u017cliwia bezpo\u015bredni test ci\u015bnieniowy. Klej na zewn\u0105trz z\u0142\u0105cza nie twardnieje i mo\u017cna go \u0142atwo usun\u0105\u0107.<\/p>\n","protected":false},"excerpt":{"rendered":"<p>Klej anaerobowy 3M\u2122 GM 74 do uszczelniania powierzchni doskonale nadaje si\u0119 do zastosowa\u0144 w wy\u017cszych temperaturach. Klej GM 74 utwardza si\u0119 po umieszczeniu mi\u0119dzy \u015bci\u015ble przylegaj\u0105cymi powierzchniami metalowymi. Po 20 minutach klej anaerobowy tworzy uszczelnienie niskoci\u015bnieniowe, kt\u00f3re umo\u017cliwia bezpo\u015bredni test ci\u015bnieniowy. Klej na zewn\u0105trz z\u0142\u0105cza nie twardnieje i mo\u017cna go \u0142atwo usun\u0105\u0107.<\/p>\n","protected":false},"featured_media":25390,"template":"","meta":{"_acf_changed":false},"pwb-brand":[2168],"product_brand":[],"product_cat":[1865],"product_tag":[],"class_list":{"0":"post-60533","1":"product","2":"type-product","3":"status-publish","4":"has-post-thumbnail","6":"pwb-brand-3m-pl","7":"product_cat-kleje","9":"first","10":"instock","11":"taxable","12":"shipping-taxable","13":"purchasable","14":"product-type-simple"},"acf":[],"yoast_head":"<!-- This site is optimized with the Yoast SEO plugin v27.3 - https:\/\/yoast.com\/product\/yoast-seo-wordpress\/ -->\n<title>3M GM 74 Klej anaerobowy do uszczelniania powierzchni | Cardinal TAPES<\/title>\n<meta name=\"description\" content=\"Klej anaerobowy 3M GM 74 do uszczelniania powierzchni doskonale nadaje si\u0119 do zastosowa\u0144 w wy\u017cszych temperaturach. Wi\u0119cej informacji tutaj.\" \/>\n<meta name=\"robots\" content=\"index, follow, max-snippet:-1, max-image-preview:large, max-video-preview:-1\" \/>\n<link rel=\"canonical\" href=\"https:\/\/cardinal-tapes.com\/pl\/ta\u015bmy-samoprzylepne\/kleje\/3m-gm-74-anaerobowy-klej-do-uszczelniania-powierzchni-2\/\" \/>\n<meta property=\"og:locale\" content=\"pl_PL\" \/>\n<meta property=\"og:type\" content=\"article\" \/>\n<meta property=\"og:title\" content=\"3M GM 74 Klej anaerobowy do uszczelniania powierzchni | Cardinal TAPES\" \/>\n<meta property=\"og:description\" content=\"Klej anaerobowy 3M GM 74 do uszczelniania powierzchni doskonale nadaje si\u0119 do zastosowa\u0144 w wy\u017cszych temperaturach. Wi\u0119cej informacji tutaj.\" \/>\n<meta property=\"og:url\" content=\"https:\/\/cardinal-tapes.com\/pl\/ta\u015bmy-samoprzylepne\/kleje\/3m-gm-74-anaerobowy-klej-do-uszczelniania-powierzchni-2\/\" \/>\n<meta property=\"og:site_name\" content=\"cardinal TAPES\" \/>\n<meta property=\"og:image\" content=\"https:\/\/cardinal-tapes.com\/wp-content\/uploads\/3m_anaerober_klebstoff_flaechendichtung_gm74.jpg\" \/>\n\t<meta property=\"og:image:width\" content=\"600\" \/>\n\t<meta property=\"og:image:height\" content=\"600\" \/>\n\t<meta property=\"og:image:type\" content=\"image\/jpeg\" \/>\n<meta name=\"twitter:card\" content=\"summary_large_image\" \/>\n<script type=\"application\/ld+json\" class=\"yoast-schema-graph\">{\"@context\":\"https:\\\/\\\/schema.org\",\"@graph\":[{\"@type\":\"WebPage\",\"@id\":\"https:\\\/\\\/cardinal-tapes.com\\\/pl\\\/ta\u015bmy-samoprzylepne\\\/kleje\\\/3m-gm-74-anaerobowy-klej-do-uszczelniania-powierzchni-2\\\/\",\"url\":\"https:\\\/\\\/cardinal-tapes.com\\\/pl\\\/ta\u015bmy-samoprzylepne\\\/kleje\\\/3m-gm-74-anaerobowy-klej-do-uszczelniania-powierzchni-2\\\/\",\"name\":\"3M GM 74 Klej anaerobowy do uszczelniania powierzchni | Cardinal TAPES\",\"isPartOf\":{\"@id\":\"https:\\\/\\\/cardinal-tapes.com\\\/#website\"},\"primaryImageOfPage\":{\"@id\":\"https:\\\/\\\/cardinal-tapes.com\\\/pl\\\/ta\u015bmy-samoprzylepne\\\/kleje\\\/3m-gm-74-anaerobowy-klej-do-uszczelniania-powierzchni-2\\\/#primaryimage\"},\"image\":{\"@id\":\"https:\\\/\\\/cardinal-tapes.com\\\/pl\\\/ta\u015bmy-samoprzylepne\\\/kleje\\\/3m-gm-74-anaerobowy-klej-do-uszczelniania-powierzchni-2\\\/#primaryimage\"},\"thumbnailUrl\":\"https:\\\/\\\/cardinal-tapes.com\\\/wp-content\\\/uploads\\\/3m_anaerober_klebstoff_flaechendichtung_gm74.jpg\",\"datePublished\":\"2023-06-06T08:06:30+00:00\",\"description\":\"Klej anaerobowy 3M GM 74 do uszczelniania powierzchni doskonale nadaje si\u0119 do zastosowa\u0144 w wy\u017cszych temperaturach. Wi\u0119cej informacji tutaj.\",\"breadcrumb\":{\"@id\":\"https:\\\/\\\/cardinal-tapes.com\\\/pl\\\/ta\u015bmy-samoprzylepne\\\/kleje\\\/3m-gm-74-anaerobowy-klej-do-uszczelniania-powierzchni-2\\\/#breadcrumb\"},\"inLanguage\":\"pl-PL\",\"potentialAction\":[{\"@type\":\"ReadAction\",\"target\":[\"https:\\\/\\\/cardinal-tapes.com\\\/pl\\\/ta\u015bmy-samoprzylepne\\\/kleje\\\/3m-gm-74-anaerobowy-klej-do-uszczelniania-powierzchni-2\\\/\"]}]},{\"@type\":\"ImageObject\",\"inLanguage\":\"pl-PL\",\"@id\":\"https:\\\/\\\/cardinal-tapes.com\\\/pl\\\/ta\u015bmy-samoprzylepne\\\/kleje\\\/3m-gm-74-anaerobowy-klej-do-uszczelniania-powierzchni-2\\\/#primaryimage\",\"url\":\"https:\\\/\\\/cardinal-tapes.com\\\/wp-content\\\/uploads\\\/3m_anaerober_klebstoff_flaechendichtung_gm74.jpg\",\"contentUrl\":\"https:\\\/\\\/cardinal-tapes.com\\\/wp-content\\\/uploads\\\/3m_anaerober_klebstoff_flaechendichtung_gm74.jpg\",\"width\":600,\"height\":600,\"caption\":\"3M Klej anaerobowy do uszczelniania powierzchni GM74\"},{\"@type\":\"BreadcrumbList\",\"@id\":\"https:\\\/\\\/cardinal-tapes.com\\\/pl\\\/ta\u015bmy-samoprzylepne\\\/kleje\\\/3m-gm-74-anaerobowy-klej-do-uszczelniania-powierzchni-2\\\/#breadcrumb\",\"itemListElement\":[{\"@type\":\"ListItem\",\"position\":1,\"name\":\"Startseite\",\"item\":\"https:\\\/\\\/cardinal-tapes.com\\\/pl\\\/strona-glowna\\\/\"},{\"@type\":\"ListItem\",\"position\":2,\"name\":\"Ta\u015bmy samoprzylepne\",\"item\":\"https:\\\/\\\/cardinal-tapes.com\\\/pl\\\/tasmy-samoprzylepne-pl\\\/\"},{\"@type\":\"ListItem\",\"position\":3,\"name\":\"Kleje\",\"item\":\"https:\\\/\\\/cardinal-tapes.com\\\/pl\\\/kategoria\\\/kleje\\\/\"},{\"@type\":\"ListItem\",\"position\":4,\"name\":\"3M\u2122 GM 74 Klej anaerobowy do uszczelniania powierzchni\"}]},{\"@type\":\"WebSite\",\"@id\":\"https:\\\/\\\/cardinal-tapes.com\\\/#website\",\"url\":\"https:\\\/\\\/cardinal-tapes.com\\\/\",\"name\":\"cardinal TAPES\",\"description\":\"Klebetechnik aus Wuppertal\",\"potentialAction\":[{\"@type\":\"SearchAction\",\"target\":{\"@type\":\"EntryPoint\",\"urlTemplate\":\"https:\\\/\\\/cardinal-tapes.com\\\/?s={search_term_string}\"},\"query-input\":{\"@type\":\"PropertyValueSpecification\",\"valueRequired\":true,\"valueName\":\"search_term_string\"}}],\"inLanguage\":\"pl-PL\"}]}<\/script>\n<!-- \/ Yoast SEO plugin. -->","yoast_head_json":{"title":"3M GM 74 Klej anaerobowy do uszczelniania powierzchni | Cardinal TAPES","description":"Klej anaerobowy 3M GM 74 do uszczelniania powierzchni doskonale nadaje si\u0119 do zastosowa\u0144 w wy\u017cszych temperaturach. Wi\u0119cej informacji tutaj.","robots":{"index":"index","follow":"follow","max-snippet":"max-snippet:-1","max-image-preview":"max-image-preview:large","max-video-preview":"max-video-preview:-1"},"canonical":"https:\/\/cardinal-tapes.com\/pl\/ta\u015bmy-samoprzylepne\/kleje\/3m-gm-74-anaerobowy-klej-do-uszczelniania-powierzchni-2\/","og_locale":"pl_PL","og_type":"article","og_title":"3M GM 74 Klej anaerobowy do uszczelniania powierzchni | Cardinal TAPES","og_description":"Klej anaerobowy 3M GM 74 do uszczelniania powierzchni doskonale nadaje si\u0119 do zastosowa\u0144 w wy\u017cszych temperaturach. Wi\u0119cej informacji tutaj.","og_url":"https:\/\/cardinal-tapes.com\/pl\/ta\u015bmy-samoprzylepne\/kleje\/3m-gm-74-anaerobowy-klej-do-uszczelniania-powierzchni-2\/","og_site_name":"cardinal TAPES","og_image":[{"width":600,"height":600,"url":"https:\/\/cardinal-tapes.com\/wp-content\/uploads\/3m_anaerober_klebstoff_flaechendichtung_gm74.jpg","type":"image\/jpeg"}],"twitter_card":"summary_large_image","schema":{"@context":"https:\/\/schema.org","@graph":[{"@type":"WebPage","@id":"https:\/\/cardinal-tapes.com\/pl\/ta\u015bmy-samoprzylepne\/kleje\/3m-gm-74-anaerobowy-klej-do-uszczelniania-powierzchni-2\/","url":"https:\/\/cardinal-tapes.com\/pl\/ta\u015bmy-samoprzylepne\/kleje\/3m-gm-74-anaerobowy-klej-do-uszczelniania-powierzchni-2\/","name":"3M GM 74 Klej anaerobowy do uszczelniania powierzchni | Cardinal TAPES","isPartOf":{"@id":"https:\/\/cardinal-tapes.com\/#website"},"primaryImageOfPage":{"@id":"https:\/\/cardinal-tapes.com\/pl\/ta\u015bmy-samoprzylepne\/kleje\/3m-gm-74-anaerobowy-klej-do-uszczelniania-powierzchni-2\/#primaryimage"},"image":{"@id":"https:\/\/cardinal-tapes.com\/pl\/ta\u015bmy-samoprzylepne\/kleje\/3m-gm-74-anaerobowy-klej-do-uszczelniania-powierzchni-2\/#primaryimage"},"thumbnailUrl":"https:\/\/cardinal-tapes.com\/wp-content\/uploads\/3m_anaerober_klebstoff_flaechendichtung_gm74.jpg","datePublished":"2023-06-06T08:06:30+00:00","description":"Klej anaerobowy 3M GM 74 do uszczelniania powierzchni doskonale nadaje si\u0119 do zastosowa\u0144 w wy\u017cszych temperaturach. Wi\u0119cej informacji tutaj.","breadcrumb":{"@id":"https:\/\/cardinal-tapes.com\/pl\/ta\u015bmy-samoprzylepne\/kleje\/3m-gm-74-anaerobowy-klej-do-uszczelniania-powierzchni-2\/#breadcrumb"},"inLanguage":"pl-PL","potentialAction":[{"@type":"ReadAction","target":["https:\/\/cardinal-tapes.com\/pl\/ta\u015bmy-samoprzylepne\/kleje\/3m-gm-74-anaerobowy-klej-do-uszczelniania-powierzchni-2\/"]}]},{"@type":"ImageObject","inLanguage":"pl-PL","@id":"https:\/\/cardinal-tapes.com\/pl\/ta\u015bmy-samoprzylepne\/kleje\/3m-gm-74-anaerobowy-klej-do-uszczelniania-powierzchni-2\/#primaryimage","url":"https:\/\/cardinal-tapes.com\/wp-content\/uploads\/3m_anaerober_klebstoff_flaechendichtung_gm74.jpg","contentUrl":"https:\/\/cardinal-tapes.com\/wp-content\/uploads\/3m_anaerober_klebstoff_flaechendichtung_gm74.jpg","width":600,"height":600,"caption":"3M Klej anaerobowy do uszczelniania powierzchni GM74"},{"@type":"BreadcrumbList","@id":"https:\/\/cardinal-tapes.com\/pl\/ta\u015bmy-samoprzylepne\/kleje\/3m-gm-74-anaerobowy-klej-do-uszczelniania-powierzchni-2\/#breadcrumb","itemListElement":[{"@type":"ListItem","position":1,"name":"Startseite","item":"https:\/\/cardinal-tapes.com\/pl\/strona-glowna\/"},{"@type":"ListItem","position":2,"name":"Ta\u015bmy samoprzylepne","item":"https:\/\/cardinal-tapes.com\/pl\/tasmy-samoprzylepne-pl\/"},{"@type":"ListItem","position":3,"name":"Kleje","item":"https:\/\/cardinal-tapes.com\/pl\/kategoria\/kleje\/"},{"@type":"ListItem","position":4,"name":"3M\u2122 GM 74 Klej anaerobowy do uszczelniania powierzchni"}]},{"@type":"WebSite","@id":"https:\/\/cardinal-tapes.com\/#website","url":"https:\/\/cardinal-tapes.com\/","name":"cardinal TAPES","description":"Klebetechnik aus Wuppertal","potentialAction":[{"@type":"SearchAction","target":{"@type":"EntryPoint","urlTemplate":"https:\/\/cardinal-tapes.com\/?s={search_term_string}"},"query-input":{"@type":"PropertyValueSpecification","valueRequired":true,"valueName":"search_term_string"}}],"inLanguage":"pl-PL"}]}},"brands":[{"id":2168,"name":"3M","slug":"3m-pl"}],"_links":{"self":[{"href":"https:\/\/cardinal-tapes.com\/pl\/wp-json\/wp\/v2\/product\/60533","targetHints":{"allow":["GET"]}}],"collection":[{"href":"https:\/\/cardinal-tapes.com\/pl\/wp-json\/wp\/v2\/product"}],"about":[{"href":"https:\/\/cardinal-tapes.com\/pl\/wp-json\/wp\/v2\/types\/product"}],"wp:featuredmedia":[{"embeddable":true,"href":"https:\/\/cardinal-tapes.com\/pl\/wp-json\/wp\/v2\/media\/25390"}],"wp:attachment":[{"href":"https:\/\/cardinal-tapes.com\/pl\/wp-json\/wp\/v2\/media?parent=60533"}],"wp:term":[{"taxonomy":"pwb-brand","embeddable":true,"href":"https:\/\/cardinal-tapes.com\/pl\/wp-json\/wp\/v2\/pwb-brand?post=60533"},{"taxonomy":"product_brand","embeddable":true,"href":"https:\/\/cardinal-tapes.com\/pl\/wp-json\/wp\/v2\/product_brand?post=60533"},{"taxonomy":"product_cat","embeddable":true,"href":"https:\/\/cardinal-tapes.com\/pl\/wp-json\/wp\/v2\/product_cat?post=60533"},{"taxonomy":"product_tag","embeddable":true,"href":"https:\/\/cardinal-tapes.com\/pl\/wp-json\/wp\/v2\/product_tag?post=60533"}],"curies":[{"name":"wp","href":"https:\/\/api.w.org\/{rel}","templated":true}]}}