{"id":60445,"date":"2017-12-22T09:32:47","date_gmt":"2017-12-22T08:32:47","guid":{"rendered":"https:\/\/cardinal.pixel-tal.de\/klebebaender\/bez-kategorii\/3m-dp-8005-dwuskladnikowy-klej-budowlany-na-bazie-akrylu\/"},"modified":"2025-07-03T12:32:50","modified_gmt":"2025-07-03T10:32:50","slug":"3m-dp-8005-dwuskladnikowy-klej-konstrukcyjny-na-bazie-akrylanu","status":"publish","type":"product","link":"https:\/\/cardinal-tapes.com\/pl\/ta\u015bmy-samoprzylepne\/kleje-w-plynie\/kleje\/3m-dp-8005-dwuskladnikowy-klej-konstrukcyjny-na-bazie-akrylanu\/","title":{"rendered":"3M\u2122 DP 8005 Dwusk\u0142adnikowy klej budowlany na bazie akrylu"},"content":{"rendered":"<p>Dwusk\u0142adnikowy klej budowlany 3M\u2122 DP 8005 na bazie akrylu utwardza si\u0119 w temperaturze pokojowej i nie zawiera rozpuszczalnik\u00f3w. Szczeg\u00f3lnymi cechami kleju s\u0105 szybki rozw\u00f3j wytrzyma\u0142o\u015bci, kr\u00f3tki czas przetwarzania, wysoka wytrzyma\u0142o\u015b\u0107 ko\u0144cowa i wodoodporno\u015b\u0107. Dlatego 3M\u2122 DP 8005 jest stosowany g\u0142\u00f3wnie do klejenia tworzyw sztucznych, metali, szk\u0142a i drewna. Masz pytania dotycz\u0105ce dwusk\u0142adnikowego kleju budowlanego 3M\u2122 DP 8005.<\/p>\n<p><strong>W\u0142a\u015bciwo\u015bci<\/strong><\/p>\n<ul>\n<li>Wysoka wytrzyma\u0142o\u015b\u0107 na \u015bcinanie<\/li>\n<li>Dobra wytrzyma\u0142o\u015b\u0107 na odrywanie<\/li>\n<li>Dobra wytrzyma\u0142o\u015b\u0107 na uderzenia<\/li>\n<\/ul>\n<p><strong>Zastosowania<\/strong><\/p>\n<ul>\n<li>Zast\u0119puje \u015bruby, nity, spawanie tworzyw sztucznych i procesy dwustopniowe<\/li>\n<\/ul>\n","protected":false},"excerpt":{"rendered":"<p>Dwusk\u0142adnikowy klej budowlany 3M\u2122 DP 8005 na bazie akrylu utwardza si\u0119 w temperaturze pokojowej i nie zawiera rozpuszczalnik\u00f3w. Szczeg\u00f3lnymi cechami kleju s\u0105 szybki rozw\u00f3j wytrzyma\u0142o\u015bci, kr\u00f3tki czas przetwarzania, wysoka wytrzyma\u0142o\u015b\u0107 ko\u0144cowa i wodoodporno\u015b\u0107. Dlatego 3M\u2122 DP 8005 jest stosowany g\u0142\u00f3wnie do klejenia tworzyw sztucznych, metali, szk\u0142a i drewna. Masz pytania dotycz\u0105ce dwusk\u0142adnikowego kleju budowlanego 3M\u2122 [&hellip;]<\/p>\n","protected":false},"featured_media":25594,"template":"","meta":{"_acf_changed":false},"pwb-brand":[2168],"product_brand":[],"product_cat":[1865],"product_tag":[],"class_list":{"0":"post-60445","1":"product","2":"type-product","3":"status-publish","4":"has-post-thumbnail","6":"pwb-brand-3m-pl","7":"product_cat-kleje","9":"first","10":"instock","11":"taxable","12":"shipping-taxable","13":"purchasable","14":"product-type-simple"},"acf":[],"yoast_head":"<!-- This site is optimized with the Yoast SEO plugin v27.3 - https:\/\/yoast.com\/product\/yoast-seo-wordpress\/ -->\n<title>3M DP 8005 Dwusk\u0142adnikowy klej budowlany na bazie akrylu<\/title>\n<meta name=\"description\" content=\"Dwusk\u0142adnikowy klej budowlany 3M DP 8005 NS na bazie akrylanu utwardza si\u0119 w temperaturze pokojowej i nie zawiera rozpuszczalnik\u00f3w. Dowiedz si\u0119 wi\u0119cej o 3M DP 8005.\" \/>\n<meta name=\"robots\" content=\"index, follow, max-snippet:-1, max-image-preview:large, max-video-preview:-1\" \/>\n<link rel=\"canonical\" href=\"https:\/\/cardinal-tapes.com\/pl\/ta\u015bmy-samoprzylepne\/kleje-w-plynie\/kleje\/3m-dp-8005-dwuskladnikowy-klej-konstrukcyjny-na-bazie-akrylanu\/\" \/>\n<meta property=\"og:locale\" content=\"pl_PL\" \/>\n<meta property=\"og:type\" content=\"article\" \/>\n<meta property=\"og:title\" content=\"3M DP 8005 Dwusk\u0142adnikowy klej budowlany na bazie akrylu\" \/>\n<meta property=\"og:description\" content=\"Dwusk\u0142adnikowy klej budowlany 3M DP 8005 NS na bazie akrylanu utwardza si\u0119 w temperaturze pokojowej i nie zawiera rozpuszczalnik\u00f3w. Dowiedz si\u0119 wi\u0119cej o 3M DP 8005.\" \/>\n<meta property=\"og:url\" content=\"https:\/\/cardinal-tapes.com\/pl\/ta\u015bmy-samoprzylepne\/kleje-w-plynie\/kleje\/3m-dp-8005-dwuskladnikowy-klej-konstrukcyjny-na-bazie-akrylanu\/\" \/>\n<meta property=\"og:site_name\" content=\"cardinal TAPES\" \/>\n<meta property=\"article:modified_time\" content=\"2025-07-03T10:32:50+00:00\" \/>\n<meta property=\"og:image\" content=\"https:\/\/cardinal-tapes.com\/wp-content\/uploads\/3m_zk-konstruktionsklebestoff_dp8005.jpg\" \/>\n\t<meta property=\"og:image:width\" content=\"600\" \/>\n\t<meta property=\"og:image:height\" content=\"600\" \/>\n\t<meta property=\"og:image:type\" content=\"image\/jpeg\" \/>\n<meta name=\"twitter:card\" content=\"summary_large_image\" \/>\n<script type=\"application\/ld+json\" class=\"yoast-schema-graph\">{\"@context\":\"https:\\\/\\\/schema.org\",\"@graph\":[{\"@type\":\"WebPage\",\"@id\":\"https:\\\/\\\/cardinal-tapes.com\\\/pl\\\/ta\u015bmy-samoprzylepne\\\/kleje-w-plynie\\\/kleje\\\/3m-dp-8005-dwuskladnikowy-klej-konstrukcyjny-na-bazie-akrylanu\\\/\",\"url\":\"https:\\\/\\\/cardinal-tapes.com\\\/pl\\\/ta\u015bmy-samoprzylepne\\\/kleje-w-plynie\\\/kleje\\\/3m-dp-8005-dwuskladnikowy-klej-konstrukcyjny-na-bazie-akrylanu\\\/\",\"name\":\"3M DP 8005 Dwusk\u0142adnikowy klej budowlany na bazie akrylu\",\"isPartOf\":{\"@id\":\"https:\\\/\\\/cardinal-tapes.com\\\/#website\"},\"primaryImageOfPage\":{\"@id\":\"https:\\\/\\\/cardinal-tapes.com\\\/pl\\\/ta\u015bmy-samoprzylepne\\\/kleje-w-plynie\\\/kleje\\\/3m-dp-8005-dwuskladnikowy-klej-konstrukcyjny-na-bazie-akrylanu\\\/#primaryimage\"},\"image\":{\"@id\":\"https:\\\/\\\/cardinal-tapes.com\\\/pl\\\/ta\u015bmy-samoprzylepne\\\/kleje-w-plynie\\\/kleje\\\/3m-dp-8005-dwuskladnikowy-klej-konstrukcyjny-na-bazie-akrylanu\\\/#primaryimage\"},\"thumbnailUrl\":\"https:\\\/\\\/cardinal-tapes.com\\\/wp-content\\\/uploads\\\/3m_zk-konstruktionsklebestoff_dp8005.jpg\",\"datePublished\":\"2017-12-22T08:32:47+00:00\",\"dateModified\":\"2025-07-03T10:32:50+00:00\",\"description\":\"Dwusk\u0142adnikowy klej budowlany 3M DP 8005 NS na bazie akrylanu utwardza si\u0119 w temperaturze pokojowej i nie zawiera rozpuszczalnik\u00f3w. Dowiedz si\u0119 wi\u0119cej o 3M DP 8005.\",\"breadcrumb\":{\"@id\":\"https:\\\/\\\/cardinal-tapes.com\\\/pl\\\/ta\u015bmy-samoprzylepne\\\/kleje-w-plynie\\\/kleje\\\/3m-dp-8005-dwuskladnikowy-klej-konstrukcyjny-na-bazie-akrylanu\\\/#breadcrumb\"},\"inLanguage\":\"pl-PL\",\"potentialAction\":[{\"@type\":\"ReadAction\",\"target\":[\"https:\\\/\\\/cardinal-tapes.com\\\/pl\\\/ta\u015bmy-samoprzylepne\\\/kleje-w-plynie\\\/kleje\\\/3m-dp-8005-dwuskladnikowy-klej-konstrukcyjny-na-bazie-akrylanu\\\/\"]}]},{\"@type\":\"ImageObject\",\"inLanguage\":\"pl-PL\",\"@id\":\"https:\\\/\\\/cardinal-tapes.com\\\/pl\\\/ta\u015bmy-samoprzylepne\\\/kleje-w-plynie\\\/kleje\\\/3m-dp-8005-dwuskladnikowy-klej-konstrukcyjny-na-bazie-akrylanu\\\/#primaryimage\",\"url\":\"https:\\\/\\\/cardinal-tapes.com\\\/wp-content\\\/uploads\\\/3m_zk-konstruktionsklebestoff_dp8005.jpg\",\"contentUrl\":\"https:\\\/\\\/cardinal-tapes.com\\\/wp-content\\\/uploads\\\/3m_zk-konstruktionsklebestoff_dp8005.jpg\",\"width\":600,\"height\":600,\"caption\":\"3M Klej budowlany DP8005\"},{\"@type\":\"BreadcrumbList\",\"@id\":\"https:\\\/\\\/cardinal-tapes.com\\\/pl\\\/ta\u015bmy-samoprzylepne\\\/kleje-w-plynie\\\/kleje\\\/3m-dp-8005-dwuskladnikowy-klej-konstrukcyjny-na-bazie-akrylanu\\\/#breadcrumb\",\"itemListElement\":[{\"@type\":\"ListItem\",\"position\":1,\"name\":\"Startseite\",\"item\":\"https:\\\/\\\/cardinal-tapes.com\\\/pl\\\/strona-glowna\\\/\"},{\"@type\":\"ListItem\",\"position\":2,\"name\":\"Ta\u015bmy samoprzylepne\",\"item\":\"https:\\\/\\\/cardinal-tapes.com\\\/pl\\\/tasmy-samoprzylepne-pl\\\/\"},{\"@type\":\"ListItem\",\"position\":3,\"name\":\"Kleje w p\u0142ynie\",\"item\":\"https:\\\/\\\/cardinal-tapes.com\\\/pl\\\/kategoria\\\/kleje-w-plynie\\\/\"},{\"@type\":\"ListItem\",\"position\":4,\"name\":\"Kleje\",\"item\":\"https:\\\/\\\/cardinal-tapes.com\\\/pl\\\/kategoria\\\/kleje\\\/\"},{\"@type\":\"ListItem\",\"position\":5,\"name\":\"3M\u2122 DP 8005 Dwusk\u0142adnikowy klej budowlany na bazie akrylu\"}]},{\"@type\":\"WebSite\",\"@id\":\"https:\\\/\\\/cardinal-tapes.com\\\/#website\",\"url\":\"https:\\\/\\\/cardinal-tapes.com\\\/\",\"name\":\"cardinal TAPES\",\"description\":\"Klebetechnik aus Wuppertal\",\"potentialAction\":[{\"@type\":\"SearchAction\",\"target\":{\"@type\":\"EntryPoint\",\"urlTemplate\":\"https:\\\/\\\/cardinal-tapes.com\\\/?s={search_term_string}\"},\"query-input\":{\"@type\":\"PropertyValueSpecification\",\"valueRequired\":true,\"valueName\":\"search_term_string\"}}],\"inLanguage\":\"pl-PL\"}]}<\/script>\n<!-- \/ Yoast SEO plugin. -->","yoast_head_json":{"title":"3M DP 8005 Dwusk\u0142adnikowy klej budowlany na bazie akrylu","description":"Dwusk\u0142adnikowy klej budowlany 3M DP 8005 NS na bazie akrylanu utwardza si\u0119 w temperaturze pokojowej i nie zawiera rozpuszczalnik\u00f3w. Dowiedz si\u0119 wi\u0119cej o 3M DP 8005.","robots":{"index":"index","follow":"follow","max-snippet":"max-snippet:-1","max-image-preview":"max-image-preview:large","max-video-preview":"max-video-preview:-1"},"canonical":"https:\/\/cardinal-tapes.com\/pl\/ta\u015bmy-samoprzylepne\/kleje-w-plynie\/kleje\/3m-dp-8005-dwuskladnikowy-klej-konstrukcyjny-na-bazie-akrylanu\/","og_locale":"pl_PL","og_type":"article","og_title":"3M DP 8005 Dwusk\u0142adnikowy klej budowlany na bazie akrylu","og_description":"Dwusk\u0142adnikowy klej budowlany 3M DP 8005 NS na bazie akrylanu utwardza si\u0119 w temperaturze pokojowej i nie zawiera rozpuszczalnik\u00f3w. Dowiedz si\u0119 wi\u0119cej o 3M DP 8005.","og_url":"https:\/\/cardinal-tapes.com\/pl\/ta\u015bmy-samoprzylepne\/kleje-w-plynie\/kleje\/3m-dp-8005-dwuskladnikowy-klej-konstrukcyjny-na-bazie-akrylanu\/","og_site_name":"cardinal TAPES","article_modified_time":"2025-07-03T10:32:50+00:00","og_image":[{"width":600,"height":600,"url":"https:\/\/cardinal-tapes.com\/wp-content\/uploads\/3m_zk-konstruktionsklebestoff_dp8005.jpg","type":"image\/jpeg"}],"twitter_card":"summary_large_image","schema":{"@context":"https:\/\/schema.org","@graph":[{"@type":"WebPage","@id":"https:\/\/cardinal-tapes.com\/pl\/ta\u015bmy-samoprzylepne\/kleje-w-plynie\/kleje\/3m-dp-8005-dwuskladnikowy-klej-konstrukcyjny-na-bazie-akrylanu\/","url":"https:\/\/cardinal-tapes.com\/pl\/ta\u015bmy-samoprzylepne\/kleje-w-plynie\/kleje\/3m-dp-8005-dwuskladnikowy-klej-konstrukcyjny-na-bazie-akrylanu\/","name":"3M DP 8005 Dwusk\u0142adnikowy klej budowlany na bazie akrylu","isPartOf":{"@id":"https:\/\/cardinal-tapes.com\/#website"},"primaryImageOfPage":{"@id":"https:\/\/cardinal-tapes.com\/pl\/ta\u015bmy-samoprzylepne\/kleje-w-plynie\/kleje\/3m-dp-8005-dwuskladnikowy-klej-konstrukcyjny-na-bazie-akrylanu\/#primaryimage"},"image":{"@id":"https:\/\/cardinal-tapes.com\/pl\/ta\u015bmy-samoprzylepne\/kleje-w-plynie\/kleje\/3m-dp-8005-dwuskladnikowy-klej-konstrukcyjny-na-bazie-akrylanu\/#primaryimage"},"thumbnailUrl":"https:\/\/cardinal-tapes.com\/wp-content\/uploads\/3m_zk-konstruktionsklebestoff_dp8005.jpg","datePublished":"2017-12-22T08:32:47+00:00","dateModified":"2025-07-03T10:32:50+00:00","description":"Dwusk\u0142adnikowy klej budowlany 3M DP 8005 NS na bazie akrylanu utwardza si\u0119 w temperaturze pokojowej i nie zawiera rozpuszczalnik\u00f3w. Dowiedz si\u0119 wi\u0119cej o 3M DP 8005.","breadcrumb":{"@id":"https:\/\/cardinal-tapes.com\/pl\/ta\u015bmy-samoprzylepne\/kleje-w-plynie\/kleje\/3m-dp-8005-dwuskladnikowy-klej-konstrukcyjny-na-bazie-akrylanu\/#breadcrumb"},"inLanguage":"pl-PL","potentialAction":[{"@type":"ReadAction","target":["https:\/\/cardinal-tapes.com\/pl\/ta\u015bmy-samoprzylepne\/kleje-w-plynie\/kleje\/3m-dp-8005-dwuskladnikowy-klej-konstrukcyjny-na-bazie-akrylanu\/"]}]},{"@type":"ImageObject","inLanguage":"pl-PL","@id":"https:\/\/cardinal-tapes.com\/pl\/ta\u015bmy-samoprzylepne\/kleje-w-plynie\/kleje\/3m-dp-8005-dwuskladnikowy-klej-konstrukcyjny-na-bazie-akrylanu\/#primaryimage","url":"https:\/\/cardinal-tapes.com\/wp-content\/uploads\/3m_zk-konstruktionsklebestoff_dp8005.jpg","contentUrl":"https:\/\/cardinal-tapes.com\/wp-content\/uploads\/3m_zk-konstruktionsklebestoff_dp8005.jpg","width":600,"height":600,"caption":"3M Klej budowlany DP8005"},{"@type":"BreadcrumbList","@id":"https:\/\/cardinal-tapes.com\/pl\/ta\u015bmy-samoprzylepne\/kleje-w-plynie\/kleje\/3m-dp-8005-dwuskladnikowy-klej-konstrukcyjny-na-bazie-akrylanu\/#breadcrumb","itemListElement":[{"@type":"ListItem","position":1,"name":"Startseite","item":"https:\/\/cardinal-tapes.com\/pl\/strona-glowna\/"},{"@type":"ListItem","position":2,"name":"Ta\u015bmy samoprzylepne","item":"https:\/\/cardinal-tapes.com\/pl\/tasmy-samoprzylepne-pl\/"},{"@type":"ListItem","position":3,"name":"Kleje w p\u0142ynie","item":"https:\/\/cardinal-tapes.com\/pl\/kategoria\/kleje-w-plynie\/"},{"@type":"ListItem","position":4,"name":"Kleje","item":"https:\/\/cardinal-tapes.com\/pl\/kategoria\/kleje\/"},{"@type":"ListItem","position":5,"name":"3M\u2122 DP 8005 Dwusk\u0142adnikowy klej budowlany na bazie akrylu"}]},{"@type":"WebSite","@id":"https:\/\/cardinal-tapes.com\/#website","url":"https:\/\/cardinal-tapes.com\/","name":"cardinal TAPES","description":"Klebetechnik aus Wuppertal","potentialAction":[{"@type":"SearchAction","target":{"@type":"EntryPoint","urlTemplate":"https:\/\/cardinal-tapes.com\/?s={search_term_string}"},"query-input":{"@type":"PropertyValueSpecification","valueRequired":true,"valueName":"search_term_string"}}],"inLanguage":"pl-PL"}]}},"brands":[{"id":2168,"name":"3M","slug":"3m-pl"}],"_links":{"self":[{"href":"https:\/\/cardinal-tapes.com\/pl\/wp-json\/wp\/v2\/product\/60445","targetHints":{"allow":["GET"]}}],"collection":[{"href":"https:\/\/cardinal-tapes.com\/pl\/wp-json\/wp\/v2\/product"}],"about":[{"href":"https:\/\/cardinal-tapes.com\/pl\/wp-json\/wp\/v2\/types\/product"}],"wp:featuredmedia":[{"embeddable":true,"href":"https:\/\/cardinal-tapes.com\/pl\/wp-json\/wp\/v2\/media\/25594"}],"wp:attachment":[{"href":"https:\/\/cardinal-tapes.com\/pl\/wp-json\/wp\/v2\/media?parent=60445"}],"wp:term":[{"taxonomy":"pwb-brand","embeddable":true,"href":"https:\/\/cardinal-tapes.com\/pl\/wp-json\/wp\/v2\/pwb-brand?post=60445"},{"taxonomy":"product_brand","embeddable":true,"href":"https:\/\/cardinal-tapes.com\/pl\/wp-json\/wp\/v2\/product_brand?post=60445"},{"taxonomy":"product_cat","embeddable":true,"href":"https:\/\/cardinal-tapes.com\/pl\/wp-json\/wp\/v2\/product_cat?post=60445"},{"taxonomy":"product_tag","embeddable":true,"href":"https:\/\/cardinal-tapes.com\/pl\/wp-json\/wp\/v2\/product_tag?post=60445"}],"curies":[{"name":"wp","href":"https:\/\/api.w.org\/{rel}","templated":true}]}}