{"id":60444,"date":"2017-12-22T09:36:39","date_gmt":"2017-12-22T08:36:39","guid":{"rendered":"https:\/\/cardinal.pixel-tal.de\/klebebaender\/bez-kategorii\/3m-dp-760-dwuskladnikowy-klej-budowlany-na-bazie-zywicy-epoksydowej\/"},"modified":"2025-07-03T12:40:17","modified_gmt":"2025-07-03T10:40:17","slug":"3m-dp-760-dwuskladnikowy-klej-konstrukcyjny-na-bazie-zywicy-epoksydowej","status":"publish","type":"product","link":"https:\/\/cardinal-tapes.com\/pl\/ta\u015bmy-samoprzylepne\/kleje-w-plynie\/kleje\/3m-dp-760-dwuskladnikowy-klej-konstrukcyjny-na-bazie-zywicy-epoksydowej\/","title":{"rendered":"3M\u2122 DP 760 Dwusk\u0142adnikowy klej budowlany na bazie \u017cywicy epoksydowej"},"content":{"rendered":"<p class=\"mds-font_paragraph MMM--gapBottom\">3M\u2122 Scotch-Weld\u2122 DP 760 to twardy dwusk\u0142adnikowy klej budowlany na bazie \u017cywicy epoksydowej o proporcjach mieszania 2:1.<\/p>\n<p class=\"mds-font_paragraph\"><b>W\u0142a\u015bciwo\u015bci<\/b><\/p>\n<ul>\n<li>Odporno\u015b\u0107 na wysok\u0105 temperatur\u0119 do 230 \u00b0C<\/li>\n<li class=\"sps2-pdp_details--highlights_item mds-font_paragraph\">Czas przetwarzania w temperaturze pokojowej 45 do 60 minut<\/li>\n<li class=\"sps2-pdp_details--highlights_item mds-font_paragraph\">Si\u0142a d\u0142oni po 4 do 6 godzinach<\/li>\n<li class=\"sps2-pdp_details--highlights_item mds-font_paragraph\">DP 760 nie jest p\u0142ynnie regulowany<\/li>\n<\/ul>\n<p><strong>Zastosowania<\/strong><\/p>\n<ul>\n<li>\u0141\u0105czenie metali w zastosowaniach wymagaj\u0105cych najwy\u017cszych obci\u0105\u017ce\u0144 wagowych i temperaturowych<\/li>\n<\/ul>\n<p>&nbsp;<\/p>\n","protected":false},"excerpt":{"rendered":"<p>3M\u2122 Scotch-Weld\u2122 DP 760 to twardy dwusk\u0142adnikowy klej budowlany na bazie \u017cywicy epoksydowej o proporcjach mieszania 2:1. W\u0142a\u015bciwo\u015bci Odporno\u015b\u0107 na wysok\u0105 temperatur\u0119 do 230 \u00b0C Czas przetwarzania w temperaturze pokojowej 45 do 60 minut Si\u0142a d\u0142oni po 4 do 6 godzinach DP 760 nie jest p\u0142ynnie regulowany Zastosowania \u0141\u0105czenie metali w zastosowaniach wymagaj\u0105cych najwy\u017cszych obci\u0105\u017ce\u0144 [&hellip;]<\/p>\n","protected":false},"featured_media":25582,"template":"","meta":{"_acf_changed":false},"pwb-brand":[2168],"product_brand":[],"product_cat":[1865],"product_tag":[],"class_list":{"0":"post-60444","1":"product","2":"type-product","3":"status-publish","4":"has-post-thumbnail","6":"pwb-brand-3m-pl","7":"product_cat-kleje","9":"first","10":"instock","11":"taxable","12":"shipping-taxable","13":"purchasable","14":"product-type-simple"},"acf":[],"yoast_head":"<!-- This site is optimized with the Yoast SEO plugin v27.3 - https:\/\/yoast.com\/product\/yoast-seo-wordpress\/ -->\n<title>3M DP 760 Dwusk\u0142adnikowy klej budowlany na bazie \u017cywicy epoksydowej<\/title>\n<meta name=\"description\" content=\"3M DP 760 jest szczeg\u00f3lnie odpowiedni do metali i wysokich temperatur do 230 stopni. Dowiedz si\u0119 wi\u0119cej o 3M dp 760 tutaj.\" \/>\n<meta name=\"robots\" content=\"index, follow, max-snippet:-1, max-image-preview:large, max-video-preview:-1\" \/>\n<link rel=\"canonical\" href=\"https:\/\/cardinal-tapes.com\/pl\/ta\u015bmy-samoprzylepne\/kleje-w-plynie\/kleje\/3m-dp-760-dwuskladnikowy-klej-konstrukcyjny-na-bazie-zywicy-epoksydowej\/\" \/>\n<meta property=\"og:locale\" content=\"pl_PL\" \/>\n<meta property=\"og:type\" content=\"article\" \/>\n<meta property=\"og:title\" content=\"3M DP 760 Dwusk\u0142adnikowy klej budowlany na bazie \u017cywicy epoksydowej\" \/>\n<meta property=\"og:description\" content=\"3M DP 760 jest szczeg\u00f3lnie odpowiedni do metali i wysokich temperatur do 230 stopni. Dowiedz si\u0119 wi\u0119cej o 3M dp 760 tutaj.\" \/>\n<meta property=\"og:url\" content=\"https:\/\/cardinal-tapes.com\/pl\/ta\u015bmy-samoprzylepne\/kleje-w-plynie\/kleje\/3m-dp-760-dwuskladnikowy-klej-konstrukcyjny-na-bazie-zywicy-epoksydowej\/\" \/>\n<meta property=\"og:site_name\" content=\"cardinal TAPES\" \/>\n<meta property=\"article:modified_time\" content=\"2025-07-03T10:40:17+00:00\" \/>\n<meta property=\"og:image\" content=\"https:\/\/cardinal-tapes.com\/wp-content\/uploads\/3m_zk-konstruktionsklebestoff_dp760.jpg\" \/>\n\t<meta property=\"og:image:width\" content=\"600\" \/>\n\t<meta property=\"og:image:height\" content=\"600\" \/>\n\t<meta property=\"og:image:type\" content=\"image\/jpeg\" \/>\n<meta name=\"twitter:card\" content=\"summary_large_image\" \/>\n<script type=\"application\/ld+json\" class=\"yoast-schema-graph\">{\"@context\":\"https:\\\/\\\/schema.org\",\"@graph\":[{\"@type\":\"WebPage\",\"@id\":\"https:\\\/\\\/cardinal-tapes.com\\\/pl\\\/ta\u015bmy-samoprzylepne\\\/kleje-w-plynie\\\/kleje\\\/3m-dp-760-dwuskladnikowy-klej-konstrukcyjny-na-bazie-zywicy-epoksydowej\\\/\",\"url\":\"https:\\\/\\\/cardinal-tapes.com\\\/pl\\\/ta\u015bmy-samoprzylepne\\\/kleje-w-plynie\\\/kleje\\\/3m-dp-760-dwuskladnikowy-klej-konstrukcyjny-na-bazie-zywicy-epoksydowej\\\/\",\"name\":\"3M DP 760 Dwusk\u0142adnikowy klej budowlany na bazie \u017cywicy epoksydowej\",\"isPartOf\":{\"@id\":\"https:\\\/\\\/cardinal-tapes.com\\\/#website\"},\"primaryImageOfPage\":{\"@id\":\"https:\\\/\\\/cardinal-tapes.com\\\/pl\\\/ta\u015bmy-samoprzylepne\\\/kleje-w-plynie\\\/kleje\\\/3m-dp-760-dwuskladnikowy-klej-konstrukcyjny-na-bazie-zywicy-epoksydowej\\\/#primaryimage\"},\"image\":{\"@id\":\"https:\\\/\\\/cardinal-tapes.com\\\/pl\\\/ta\u015bmy-samoprzylepne\\\/kleje-w-plynie\\\/kleje\\\/3m-dp-760-dwuskladnikowy-klej-konstrukcyjny-na-bazie-zywicy-epoksydowej\\\/#primaryimage\"},\"thumbnailUrl\":\"https:\\\/\\\/cardinal-tapes.com\\\/wp-content\\\/uploads\\\/3m_zk-konstruktionsklebestoff_dp760.jpg\",\"datePublished\":\"2017-12-22T08:36:39+00:00\",\"dateModified\":\"2025-07-03T10:40:17+00:00\",\"description\":\"3M DP 760 jest szczeg\u00f3lnie odpowiedni do metali i wysokich temperatur do 230 stopni. Dowiedz si\u0119 wi\u0119cej o 3M dp 760 tutaj.\",\"breadcrumb\":{\"@id\":\"https:\\\/\\\/cardinal-tapes.com\\\/pl\\\/ta\u015bmy-samoprzylepne\\\/kleje-w-plynie\\\/kleje\\\/3m-dp-760-dwuskladnikowy-klej-konstrukcyjny-na-bazie-zywicy-epoksydowej\\\/#breadcrumb\"},\"inLanguage\":\"pl-PL\",\"potentialAction\":[{\"@type\":\"ReadAction\",\"target\":[\"https:\\\/\\\/cardinal-tapes.com\\\/pl\\\/ta\u015bmy-samoprzylepne\\\/kleje-w-plynie\\\/kleje\\\/3m-dp-760-dwuskladnikowy-klej-konstrukcyjny-na-bazie-zywicy-epoksydowej\\\/\"]}]},{\"@type\":\"ImageObject\",\"inLanguage\":\"pl-PL\",\"@id\":\"https:\\\/\\\/cardinal-tapes.com\\\/pl\\\/ta\u015bmy-samoprzylepne\\\/kleje-w-plynie\\\/kleje\\\/3m-dp-760-dwuskladnikowy-klej-konstrukcyjny-na-bazie-zywicy-epoksydowej\\\/#primaryimage\",\"url\":\"https:\\\/\\\/cardinal-tapes.com\\\/wp-content\\\/uploads\\\/3m_zk-konstruktionsklebestoff_dp760.jpg\",\"contentUrl\":\"https:\\\/\\\/cardinal-tapes.com\\\/wp-content\\\/uploads\\\/3m_zk-konstruktionsklebestoff_dp760.jpg\",\"width\":600,\"height\":600,\"caption\":\"3M Klej budowlany DP760\"},{\"@type\":\"BreadcrumbList\",\"@id\":\"https:\\\/\\\/cardinal-tapes.com\\\/pl\\\/ta\u015bmy-samoprzylepne\\\/kleje-w-plynie\\\/kleje\\\/3m-dp-760-dwuskladnikowy-klej-konstrukcyjny-na-bazie-zywicy-epoksydowej\\\/#breadcrumb\",\"itemListElement\":[{\"@type\":\"ListItem\",\"position\":1,\"name\":\"Startseite\",\"item\":\"https:\\\/\\\/cardinal-tapes.com\\\/pl\\\/strona-glowna\\\/\"},{\"@type\":\"ListItem\",\"position\":2,\"name\":\"Ta\u015bmy samoprzylepne\",\"item\":\"https:\\\/\\\/cardinal-tapes.com\\\/pl\\\/tasmy-samoprzylepne-pl\\\/\"},{\"@type\":\"ListItem\",\"position\":3,\"name\":\"Kleje w p\u0142ynie\",\"item\":\"https:\\\/\\\/cardinal-tapes.com\\\/pl\\\/kategoria\\\/kleje-w-plynie\\\/\"},{\"@type\":\"ListItem\",\"position\":4,\"name\":\"Kleje\",\"item\":\"https:\\\/\\\/cardinal-tapes.com\\\/pl\\\/kategoria\\\/kleje\\\/\"},{\"@type\":\"ListItem\",\"position\":5,\"name\":\"3M\u2122 DP 760 Dwusk\u0142adnikowy klej budowlany na bazie \u017cywicy epoksydowej\"}]},{\"@type\":\"WebSite\",\"@id\":\"https:\\\/\\\/cardinal-tapes.com\\\/#website\",\"url\":\"https:\\\/\\\/cardinal-tapes.com\\\/\",\"name\":\"cardinal TAPES\",\"description\":\"Klebetechnik aus Wuppertal\",\"potentialAction\":[{\"@type\":\"SearchAction\",\"target\":{\"@type\":\"EntryPoint\",\"urlTemplate\":\"https:\\\/\\\/cardinal-tapes.com\\\/?s={search_term_string}\"},\"query-input\":{\"@type\":\"PropertyValueSpecification\",\"valueRequired\":true,\"valueName\":\"search_term_string\"}}],\"inLanguage\":\"pl-PL\"}]}<\/script>\n<!-- \/ Yoast SEO plugin. -->","yoast_head_json":{"title":"3M DP 760 Dwusk\u0142adnikowy klej budowlany na bazie \u017cywicy epoksydowej","description":"3M DP 760 jest szczeg\u00f3lnie odpowiedni do metali i wysokich temperatur do 230 stopni. Dowiedz si\u0119 wi\u0119cej o 3M dp 760 tutaj.","robots":{"index":"index","follow":"follow","max-snippet":"max-snippet:-1","max-image-preview":"max-image-preview:large","max-video-preview":"max-video-preview:-1"},"canonical":"https:\/\/cardinal-tapes.com\/pl\/ta\u015bmy-samoprzylepne\/kleje-w-plynie\/kleje\/3m-dp-760-dwuskladnikowy-klej-konstrukcyjny-na-bazie-zywicy-epoksydowej\/","og_locale":"pl_PL","og_type":"article","og_title":"3M DP 760 Dwusk\u0142adnikowy klej budowlany na bazie \u017cywicy epoksydowej","og_description":"3M DP 760 jest szczeg\u00f3lnie odpowiedni do metali i wysokich temperatur do 230 stopni. Dowiedz si\u0119 wi\u0119cej o 3M dp 760 tutaj.","og_url":"https:\/\/cardinal-tapes.com\/pl\/ta\u015bmy-samoprzylepne\/kleje-w-plynie\/kleje\/3m-dp-760-dwuskladnikowy-klej-konstrukcyjny-na-bazie-zywicy-epoksydowej\/","og_site_name":"cardinal TAPES","article_modified_time":"2025-07-03T10:40:17+00:00","og_image":[{"width":600,"height":600,"url":"https:\/\/cardinal-tapes.com\/wp-content\/uploads\/3m_zk-konstruktionsklebestoff_dp760.jpg","type":"image\/jpeg"}],"twitter_card":"summary_large_image","schema":{"@context":"https:\/\/schema.org","@graph":[{"@type":"WebPage","@id":"https:\/\/cardinal-tapes.com\/pl\/ta\u015bmy-samoprzylepne\/kleje-w-plynie\/kleje\/3m-dp-760-dwuskladnikowy-klej-konstrukcyjny-na-bazie-zywicy-epoksydowej\/","url":"https:\/\/cardinal-tapes.com\/pl\/ta\u015bmy-samoprzylepne\/kleje-w-plynie\/kleje\/3m-dp-760-dwuskladnikowy-klej-konstrukcyjny-na-bazie-zywicy-epoksydowej\/","name":"3M DP 760 Dwusk\u0142adnikowy klej budowlany na bazie \u017cywicy epoksydowej","isPartOf":{"@id":"https:\/\/cardinal-tapes.com\/#website"},"primaryImageOfPage":{"@id":"https:\/\/cardinal-tapes.com\/pl\/ta\u015bmy-samoprzylepne\/kleje-w-plynie\/kleje\/3m-dp-760-dwuskladnikowy-klej-konstrukcyjny-na-bazie-zywicy-epoksydowej\/#primaryimage"},"image":{"@id":"https:\/\/cardinal-tapes.com\/pl\/ta\u015bmy-samoprzylepne\/kleje-w-plynie\/kleje\/3m-dp-760-dwuskladnikowy-klej-konstrukcyjny-na-bazie-zywicy-epoksydowej\/#primaryimage"},"thumbnailUrl":"https:\/\/cardinal-tapes.com\/wp-content\/uploads\/3m_zk-konstruktionsklebestoff_dp760.jpg","datePublished":"2017-12-22T08:36:39+00:00","dateModified":"2025-07-03T10:40:17+00:00","description":"3M DP 760 jest szczeg\u00f3lnie odpowiedni do metali i wysokich temperatur do 230 stopni. Dowiedz si\u0119 wi\u0119cej o 3M dp 760 tutaj.","breadcrumb":{"@id":"https:\/\/cardinal-tapes.com\/pl\/ta\u015bmy-samoprzylepne\/kleje-w-plynie\/kleje\/3m-dp-760-dwuskladnikowy-klej-konstrukcyjny-na-bazie-zywicy-epoksydowej\/#breadcrumb"},"inLanguage":"pl-PL","potentialAction":[{"@type":"ReadAction","target":["https:\/\/cardinal-tapes.com\/pl\/ta\u015bmy-samoprzylepne\/kleje-w-plynie\/kleje\/3m-dp-760-dwuskladnikowy-klej-konstrukcyjny-na-bazie-zywicy-epoksydowej\/"]}]},{"@type":"ImageObject","inLanguage":"pl-PL","@id":"https:\/\/cardinal-tapes.com\/pl\/ta\u015bmy-samoprzylepne\/kleje-w-plynie\/kleje\/3m-dp-760-dwuskladnikowy-klej-konstrukcyjny-na-bazie-zywicy-epoksydowej\/#primaryimage","url":"https:\/\/cardinal-tapes.com\/wp-content\/uploads\/3m_zk-konstruktionsklebestoff_dp760.jpg","contentUrl":"https:\/\/cardinal-tapes.com\/wp-content\/uploads\/3m_zk-konstruktionsklebestoff_dp760.jpg","width":600,"height":600,"caption":"3M Klej budowlany DP760"},{"@type":"BreadcrumbList","@id":"https:\/\/cardinal-tapes.com\/pl\/ta\u015bmy-samoprzylepne\/kleje-w-plynie\/kleje\/3m-dp-760-dwuskladnikowy-klej-konstrukcyjny-na-bazie-zywicy-epoksydowej\/#breadcrumb","itemListElement":[{"@type":"ListItem","position":1,"name":"Startseite","item":"https:\/\/cardinal-tapes.com\/pl\/strona-glowna\/"},{"@type":"ListItem","position":2,"name":"Ta\u015bmy samoprzylepne","item":"https:\/\/cardinal-tapes.com\/pl\/tasmy-samoprzylepne-pl\/"},{"@type":"ListItem","position":3,"name":"Kleje w p\u0142ynie","item":"https:\/\/cardinal-tapes.com\/pl\/kategoria\/kleje-w-plynie\/"},{"@type":"ListItem","position":4,"name":"Kleje","item":"https:\/\/cardinal-tapes.com\/pl\/kategoria\/kleje\/"},{"@type":"ListItem","position":5,"name":"3M\u2122 DP 760 Dwusk\u0142adnikowy klej budowlany na bazie \u017cywicy epoksydowej"}]},{"@type":"WebSite","@id":"https:\/\/cardinal-tapes.com\/#website","url":"https:\/\/cardinal-tapes.com\/","name":"cardinal TAPES","description":"Klebetechnik aus Wuppertal","potentialAction":[{"@type":"SearchAction","target":{"@type":"EntryPoint","urlTemplate":"https:\/\/cardinal-tapes.com\/?s={search_term_string}"},"query-input":{"@type":"PropertyValueSpecification","valueRequired":true,"valueName":"search_term_string"}}],"inLanguage":"pl-PL"}]}},"brands":[{"id":2168,"name":"3M","slug":"3m-pl"}],"_links":{"self":[{"href":"https:\/\/cardinal-tapes.com\/pl\/wp-json\/wp\/v2\/product\/60444","targetHints":{"allow":["GET"]}}],"collection":[{"href":"https:\/\/cardinal-tapes.com\/pl\/wp-json\/wp\/v2\/product"}],"about":[{"href":"https:\/\/cardinal-tapes.com\/pl\/wp-json\/wp\/v2\/types\/product"}],"wp:featuredmedia":[{"embeddable":true,"href":"https:\/\/cardinal-tapes.com\/pl\/wp-json\/wp\/v2\/media\/25582"}],"wp:attachment":[{"href":"https:\/\/cardinal-tapes.com\/pl\/wp-json\/wp\/v2\/media?parent=60444"}],"wp:term":[{"taxonomy":"pwb-brand","embeddable":true,"href":"https:\/\/cardinal-tapes.com\/pl\/wp-json\/wp\/v2\/pwb-brand?post=60444"},{"taxonomy":"product_brand","embeddable":true,"href":"https:\/\/cardinal-tapes.com\/pl\/wp-json\/wp\/v2\/product_brand?post=60444"},{"taxonomy":"product_cat","embeddable":true,"href":"https:\/\/cardinal-tapes.com\/pl\/wp-json\/wp\/v2\/product_cat?post=60444"},{"taxonomy":"product_tag","embeddable":true,"href":"https:\/\/cardinal-tapes.com\/pl\/wp-json\/wp\/v2\/product_tag?post=60444"}],"curies":[{"name":"wp","href":"https:\/\/api.w.org\/{rel}","templated":true}]}}