{"id":60403,"date":"2017-12-22T15:43:07","date_gmt":"2023-06-06T08:04:39","guid":{"rendered":"https:\/\/cardinal.pixel-tal.de\/klebebaender\/bez-kategorii\/3m-dp-8825-ns-2-skladnikowy-klej-budowlany-na-bazie-akrylu\/"},"modified":"2023-06-06T10:04:39","modified_gmt":"2023-06-06T08:04:39","slug":"3m-dp-8825-ns-2-skladnikowy-konstrukcyjny-klej-akrylanowy","status":"publish","type":"product","link":"https:\/\/cardinal-tapes.com\/pl\/ta\u015bmy-samoprzylepne\/kleje-w-plynie\/kleje\/3m-dp-8825-ns-2-skladnikowy-konstrukcyjny-klej-akrylanowy\/","title":{"rendered":"3M\u2122 DP 8825 NS 2-sk\u0142adnikowy klej budowlany na bazie akrylu"},"content":{"rendered":"<p>Dwusk\u0142adnikowy klej budowlany na bazie akrylu 3M\u2122 DP 8825 NS mo\u017ce by\u0107 przetwarzany w ci\u0105gu oko\u0142o 20 minut. Klej jest niskozapachowy, nie zawiera rozpuszczalnik\u00f3w i nie sp\u0142ywa. Zaletami kleju s\u0105 wysoka udarno\u015b\u0107 i bardzo dobra wytrzyma\u0142o\u015b\u0107 na \u015bcinanie przy rozci\u0105ganiu. Produkt jest r\u00f3wnie\u017c trudnopalny i nadaje si\u0119 do klejenia tworzyw sztucznych i metali.<\/p>\n","protected":false},"excerpt":{"rendered":"<p>Dwusk\u0142adnikowy klej budowlany na bazie akrylu 3M\u2122 DP 8825 NS mo\u017ce by\u0107 przetwarzany w ci\u0105gu oko\u0142o 20 minut. Klej jest niskozapachowy, nie zawiera rozpuszczalnik\u00f3w i nie sp\u0142ywa. Zaletami kleju s\u0105 wysoka udarno\u015b\u0107 i bardzo dobra wytrzyma\u0142o\u015b\u0107 na \u015bcinanie przy rozci\u0105ganiu. Produkt jest r\u00f3wnie\u017c trudnopalny i nadaje si\u0119 do klejenia tworzyw sztucznych i metali.<\/p>\n","protected":false},"featured_media":25530,"template":"","meta":{"_acf_changed":false},"pwb-brand":[2168],"product_brand":[],"product_cat":[1865],"product_tag":[],"class_list":{"0":"post-60403","1":"product","2":"type-product","3":"status-publish","4":"has-post-thumbnail","6":"pwb-brand-3m-pl","7":"product_cat-kleje","9":"first","10":"instock","11":"taxable","12":"shipping-taxable","13":"purchasable","14":"product-type-simple"},"acf":[],"yoast_head":"<!-- This site is optimized with the Yoast SEO plugin v27.3 - https:\/\/yoast.com\/product\/yoast-seo-wordpress\/ -->\n<title>3M DP 8825 NS 2-sk\u0142adnikowy klej budowlany na bazie akrylu<\/title>\n<meta name=\"description\" content=\"Dwusk\u0142adnikowy klej budowlany na bazie akrylu 3M DP 8825 NS mo\u017ce by\u0107 przetwarzany w ci\u0105gu oko\u0142o 20 minut. Dowiedz si\u0119 wi\u0119cej.\" \/>\n<meta name=\"robots\" content=\"index, follow, max-snippet:-1, max-image-preview:large, max-video-preview:-1\" \/>\n<link rel=\"canonical\" href=\"https:\/\/cardinal-tapes.com\/pl\/ta\u015bmy-samoprzylepne\/kleje\/3m-dp-8825-ns-2-skladnikowy-konstrukcyjny-klej-akrylanowy\/\" \/>\n<meta property=\"og:locale\" content=\"pl_PL\" \/>\n<meta property=\"og:type\" content=\"article\" \/>\n<meta property=\"og:title\" content=\"3M DP 8825 NS 2-sk\u0142adnikowy klej budowlany na bazie akrylu\" \/>\n<meta property=\"og:description\" content=\"Dwusk\u0142adnikowy klej budowlany na bazie akrylu 3M DP 8825 NS mo\u017ce by\u0107 przetwarzany w ci\u0105gu oko\u0142o 20 minut. Dowiedz si\u0119 wi\u0119cej.\" \/>\n<meta property=\"og:url\" content=\"https:\/\/cardinal-tapes.com\/pl\/ta\u015bmy-samoprzylepne\/kleje\/3m-dp-8825-ns-2-skladnikowy-konstrukcyjny-klej-akrylanowy\/\" \/>\n<meta property=\"og:site_name\" content=\"cardinal TAPES\" \/>\n<meta property=\"og:image\" content=\"https:\/\/cardinal-tapes.com\/wp-content\/uploads\/3m_zk-konstruktionsklebestoff_dp8825.jpg\" \/>\n\t<meta property=\"og:image:width\" content=\"600\" \/>\n\t<meta property=\"og:image:height\" content=\"600\" \/>\n\t<meta property=\"og:image:type\" content=\"image\/jpeg\" \/>\n<meta name=\"twitter:card\" content=\"summary_large_image\" \/>\n<script type=\"application\/ld+json\" class=\"yoast-schema-graph\">{\"@context\":\"https:\\\/\\\/schema.org\",\"@graph\":[{\"@type\":\"WebPage\",\"@id\":\"https:\\\/\\\/cardinal-tapes.com\\\/pl\\\/ta\u015bmy-samoprzylepne\\\/kleje\\\/3m-dp-8825-ns-2-skladnikowy-konstrukcyjny-klej-akrylanowy\\\/\",\"url\":\"https:\\\/\\\/cardinal-tapes.com\\\/pl\\\/ta\u015bmy-samoprzylepne\\\/kleje\\\/3m-dp-8825-ns-2-skladnikowy-konstrukcyjny-klej-akrylanowy\\\/\",\"name\":\"3M DP 8825 NS 2-sk\u0142adnikowy klej budowlany na bazie akrylu\",\"isPartOf\":{\"@id\":\"https:\\\/\\\/cardinal-tapes.com\\\/#website\"},\"primaryImageOfPage\":{\"@id\":\"https:\\\/\\\/cardinal-tapes.com\\\/pl\\\/ta\u015bmy-samoprzylepne\\\/kleje\\\/3m-dp-8825-ns-2-skladnikowy-konstrukcyjny-klej-akrylanowy\\\/#primaryimage\"},\"image\":{\"@id\":\"https:\\\/\\\/cardinal-tapes.com\\\/pl\\\/ta\u015bmy-samoprzylepne\\\/kleje\\\/3m-dp-8825-ns-2-skladnikowy-konstrukcyjny-klej-akrylanowy\\\/#primaryimage\"},\"thumbnailUrl\":\"https:\\\/\\\/cardinal-tapes.com\\\/wp-content\\\/uploads\\\/3m_zk-konstruktionsklebestoff_dp8825.jpg\",\"datePublished\":\"2023-06-06T08:04:39+00:00\",\"description\":\"Dwusk\u0142adnikowy klej budowlany na bazie akrylu 3M DP 8825 NS mo\u017ce by\u0107 przetwarzany w ci\u0105gu oko\u0142o 20 minut. Dowiedz si\u0119 wi\u0119cej.\",\"breadcrumb\":{\"@id\":\"https:\\\/\\\/cardinal-tapes.com\\\/pl\\\/ta\u015bmy-samoprzylepne\\\/kleje\\\/3m-dp-8825-ns-2-skladnikowy-konstrukcyjny-klej-akrylanowy\\\/#breadcrumb\"},\"inLanguage\":\"pl-PL\",\"potentialAction\":[{\"@type\":\"ReadAction\",\"target\":[\"https:\\\/\\\/cardinal-tapes.com\\\/pl\\\/ta\u015bmy-samoprzylepne\\\/kleje\\\/3m-dp-8825-ns-2-skladnikowy-konstrukcyjny-klej-akrylanowy\\\/\"]}]},{\"@type\":\"ImageObject\",\"inLanguage\":\"pl-PL\",\"@id\":\"https:\\\/\\\/cardinal-tapes.com\\\/pl\\\/ta\u015bmy-samoprzylepne\\\/kleje\\\/3m-dp-8825-ns-2-skladnikowy-konstrukcyjny-klej-akrylanowy\\\/#primaryimage\",\"url\":\"https:\\\/\\\/cardinal-tapes.com\\\/wp-content\\\/uploads\\\/3m_zk-konstruktionsklebestoff_dp8825.jpg\",\"contentUrl\":\"https:\\\/\\\/cardinal-tapes.com\\\/wp-content\\\/uploads\\\/3m_zk-konstruktionsklebestoff_dp8825.jpg\",\"width\":600,\"height\":600,\"caption\":\"Klej budowlany 3M DP8825\"},{\"@type\":\"BreadcrumbList\",\"@id\":\"https:\\\/\\\/cardinal-tapes.com\\\/pl\\\/ta\u015bmy-samoprzylepne\\\/kleje\\\/3m-dp-8825-ns-2-skladnikowy-konstrukcyjny-klej-akrylanowy\\\/#breadcrumb\",\"itemListElement\":[{\"@type\":\"ListItem\",\"position\":1,\"name\":\"Startseite\",\"item\":\"https:\\\/\\\/cardinal-tapes.com\\\/pl\\\/strona-glowna\\\/\"},{\"@type\":\"ListItem\",\"position\":2,\"name\":\"Ta\u015bmy samoprzylepne\",\"item\":\"https:\\\/\\\/cardinal-tapes.com\\\/pl\\\/tasmy-samoprzylepne-pl\\\/\"},{\"@type\":\"ListItem\",\"position\":3,\"name\":\"Kleje\",\"item\":\"https:\\\/\\\/cardinal-tapes.com\\\/pl\\\/kategoria\\\/kleje\\\/\"},{\"@type\":\"ListItem\",\"position\":4,\"name\":\"3M\u2122 DP 8825 NS 2-sk\u0142adnikowy klej budowlany na bazie akrylu\"}]},{\"@type\":\"WebSite\",\"@id\":\"https:\\\/\\\/cardinal-tapes.com\\\/#website\",\"url\":\"https:\\\/\\\/cardinal-tapes.com\\\/\",\"name\":\"cardinal TAPES\",\"description\":\"Klebetechnik aus Wuppertal\",\"potentialAction\":[{\"@type\":\"SearchAction\",\"target\":{\"@type\":\"EntryPoint\",\"urlTemplate\":\"https:\\\/\\\/cardinal-tapes.com\\\/?s={search_term_string}\"},\"query-input\":{\"@type\":\"PropertyValueSpecification\",\"valueRequired\":true,\"valueName\":\"search_term_string\"}}],\"inLanguage\":\"pl-PL\"}]}<\/script>\n<!-- \/ Yoast SEO plugin. -->","yoast_head_json":{"title":"3M DP 8825 NS 2-sk\u0142adnikowy klej budowlany na bazie akrylu","description":"Dwusk\u0142adnikowy klej budowlany na bazie akrylu 3M DP 8825 NS mo\u017ce by\u0107 przetwarzany w ci\u0105gu oko\u0142o 20 minut. Dowiedz si\u0119 wi\u0119cej.","robots":{"index":"index","follow":"follow","max-snippet":"max-snippet:-1","max-image-preview":"max-image-preview:large","max-video-preview":"max-video-preview:-1"},"canonical":"https:\/\/cardinal-tapes.com\/pl\/ta\u015bmy-samoprzylepne\/kleje\/3m-dp-8825-ns-2-skladnikowy-konstrukcyjny-klej-akrylanowy\/","og_locale":"pl_PL","og_type":"article","og_title":"3M DP 8825 NS 2-sk\u0142adnikowy klej budowlany na bazie akrylu","og_description":"Dwusk\u0142adnikowy klej budowlany na bazie akrylu 3M DP 8825 NS mo\u017ce by\u0107 przetwarzany w ci\u0105gu oko\u0142o 20 minut. Dowiedz si\u0119 wi\u0119cej.","og_url":"https:\/\/cardinal-tapes.com\/pl\/ta\u015bmy-samoprzylepne\/kleje\/3m-dp-8825-ns-2-skladnikowy-konstrukcyjny-klej-akrylanowy\/","og_site_name":"cardinal TAPES","og_image":[{"width":600,"height":600,"url":"https:\/\/cardinal-tapes.com\/wp-content\/uploads\/3m_zk-konstruktionsklebestoff_dp8825.jpg","type":"image\/jpeg"}],"twitter_card":"summary_large_image","schema":{"@context":"https:\/\/schema.org","@graph":[{"@type":"WebPage","@id":"https:\/\/cardinal-tapes.com\/pl\/ta\u015bmy-samoprzylepne\/kleje\/3m-dp-8825-ns-2-skladnikowy-konstrukcyjny-klej-akrylanowy\/","url":"https:\/\/cardinal-tapes.com\/pl\/ta\u015bmy-samoprzylepne\/kleje\/3m-dp-8825-ns-2-skladnikowy-konstrukcyjny-klej-akrylanowy\/","name":"3M DP 8825 NS 2-sk\u0142adnikowy klej budowlany na bazie akrylu","isPartOf":{"@id":"https:\/\/cardinal-tapes.com\/#website"},"primaryImageOfPage":{"@id":"https:\/\/cardinal-tapes.com\/pl\/ta\u015bmy-samoprzylepne\/kleje\/3m-dp-8825-ns-2-skladnikowy-konstrukcyjny-klej-akrylanowy\/#primaryimage"},"image":{"@id":"https:\/\/cardinal-tapes.com\/pl\/ta\u015bmy-samoprzylepne\/kleje\/3m-dp-8825-ns-2-skladnikowy-konstrukcyjny-klej-akrylanowy\/#primaryimage"},"thumbnailUrl":"https:\/\/cardinal-tapes.com\/wp-content\/uploads\/3m_zk-konstruktionsklebestoff_dp8825.jpg","datePublished":"2023-06-06T08:04:39+00:00","description":"Dwusk\u0142adnikowy klej budowlany na bazie akrylu 3M DP 8825 NS mo\u017ce by\u0107 przetwarzany w ci\u0105gu oko\u0142o 20 minut. Dowiedz si\u0119 wi\u0119cej.","breadcrumb":{"@id":"https:\/\/cardinal-tapes.com\/pl\/ta\u015bmy-samoprzylepne\/kleje\/3m-dp-8825-ns-2-skladnikowy-konstrukcyjny-klej-akrylanowy\/#breadcrumb"},"inLanguage":"pl-PL","potentialAction":[{"@type":"ReadAction","target":["https:\/\/cardinal-tapes.com\/pl\/ta\u015bmy-samoprzylepne\/kleje\/3m-dp-8825-ns-2-skladnikowy-konstrukcyjny-klej-akrylanowy\/"]}]},{"@type":"ImageObject","inLanguage":"pl-PL","@id":"https:\/\/cardinal-tapes.com\/pl\/ta\u015bmy-samoprzylepne\/kleje\/3m-dp-8825-ns-2-skladnikowy-konstrukcyjny-klej-akrylanowy\/#primaryimage","url":"https:\/\/cardinal-tapes.com\/wp-content\/uploads\/3m_zk-konstruktionsklebestoff_dp8825.jpg","contentUrl":"https:\/\/cardinal-tapes.com\/wp-content\/uploads\/3m_zk-konstruktionsklebestoff_dp8825.jpg","width":600,"height":600,"caption":"Klej budowlany 3M DP8825"},{"@type":"BreadcrumbList","@id":"https:\/\/cardinal-tapes.com\/pl\/ta\u015bmy-samoprzylepne\/kleje\/3m-dp-8825-ns-2-skladnikowy-konstrukcyjny-klej-akrylanowy\/#breadcrumb","itemListElement":[{"@type":"ListItem","position":1,"name":"Startseite","item":"https:\/\/cardinal-tapes.com\/pl\/strona-glowna\/"},{"@type":"ListItem","position":2,"name":"Ta\u015bmy samoprzylepne","item":"https:\/\/cardinal-tapes.com\/pl\/tasmy-samoprzylepne-pl\/"},{"@type":"ListItem","position":3,"name":"Kleje","item":"https:\/\/cardinal-tapes.com\/pl\/kategoria\/kleje\/"},{"@type":"ListItem","position":4,"name":"3M\u2122 DP 8825 NS 2-sk\u0142adnikowy klej budowlany na bazie akrylu"}]},{"@type":"WebSite","@id":"https:\/\/cardinal-tapes.com\/#website","url":"https:\/\/cardinal-tapes.com\/","name":"cardinal TAPES","description":"Klebetechnik aus Wuppertal","potentialAction":[{"@type":"SearchAction","target":{"@type":"EntryPoint","urlTemplate":"https:\/\/cardinal-tapes.com\/?s={search_term_string}"},"query-input":{"@type":"PropertyValueSpecification","valueRequired":true,"valueName":"search_term_string"}}],"inLanguage":"pl-PL"}]}},"brands":[{"id":2168,"name":"3M","slug":"3m-pl"}],"_links":{"self":[{"href":"https:\/\/cardinal-tapes.com\/pl\/wp-json\/wp\/v2\/product\/60403","targetHints":{"allow":["GET"]}}],"collection":[{"href":"https:\/\/cardinal-tapes.com\/pl\/wp-json\/wp\/v2\/product"}],"about":[{"href":"https:\/\/cardinal-tapes.com\/pl\/wp-json\/wp\/v2\/types\/product"}],"wp:featuredmedia":[{"embeddable":true,"href":"https:\/\/cardinal-tapes.com\/pl\/wp-json\/wp\/v2\/media\/25530"}],"wp:attachment":[{"href":"https:\/\/cardinal-tapes.com\/pl\/wp-json\/wp\/v2\/media?parent=60403"}],"wp:term":[{"taxonomy":"pwb-brand","embeddable":true,"href":"https:\/\/cardinal-tapes.com\/pl\/wp-json\/wp\/v2\/pwb-brand?post=60403"},{"taxonomy":"product_brand","embeddable":true,"href":"https:\/\/cardinal-tapes.com\/pl\/wp-json\/wp\/v2\/product_brand?post=60403"},{"taxonomy":"product_cat","embeddable":true,"href":"https:\/\/cardinal-tapes.com\/pl\/wp-json\/wp\/v2\/product_cat?post=60403"},{"taxonomy":"product_tag","embeddable":true,"href":"https:\/\/cardinal-tapes.com\/pl\/wp-json\/wp\/v2\/product_tag?post=60403"}],"curies":[{"name":"wp","href":"https:\/\/api.w.org\/{rel}","templated":true}]}}