{"id":60400,"date":"2017-12-22T15:41:05","date_gmt":"2017-12-22T14:41:05","guid":{"rendered":"https:\/\/cardinal.pixel-tal.de\/klebebaender\/bez-kategorii\/3m-dp-105-dwuskladnikowy-klej-budowlany-na-bazie-zywicy-epoksydowej\/"},"modified":"2025-07-03T13:35:01","modified_gmt":"2025-07-03T11:35:01","slug":"3m-dp-105-dwuskladnikowy-klej-konstrukcyjny-na-bazie-zywicy-epoksydowej","status":"publish","type":"product","link":"https:\/\/cardinal-tapes.com\/pl\/ta\u015bmy-samoprzylepne\/kleje-w-plynie\/kleje\/3m-dp-105-dwuskladnikowy-klej-konstrukcyjny-na-bazie-zywicy-epoksydowej\/","title":{"rendered":"3M\u2122 DP 105 Dwusk\u0142adnikowy klej budowlany na bazie \u017cywicy epoksydowej"},"content":{"rendered":"<p>Scotch-Weld\u2122 DP 105 to wysoce elastyczny dwusk\u0142adnikowy klej budowlany, kt\u00f3ry utwardza si\u0119 w temperaturze pokojowej. Zosta\u0142 opracowany do \u0142\u0105czenia metali, takich jak stal, aluminium, mied\u017a, mosi\u0105dz i r\u00f3\u017cnych tworzyw sztucznych, takich jak PC, sztywne PCV, GRP, ABS i inne materia\u0142y. <\/p>\n<p class=\"mds-font_paragraph\"><strong>W\u0142a\u015bciwo\u015bci<\/strong><\/p>\n<ul>\n<li class=\"sps2-pdp_details--highlights_item mds-font_paragraph\">Wysoka wytrzyma\u0142o\u015b\u0107 na \u015bcinanie i odrywanie<\/li>\n<li class=\"sps2-pdp_details--highlights_item mds-font_paragraph\">wytrzymuje du\u017ce obci\u0105\u017cenia dynamiczne<\/li>\n<li class=\"sps2-pdp_details--highlights_item mds-font_paragraph\">Dobra elastyczno\u015b\u0107 po utwardzeniu<\/li>\n<\/ul>\n<p><strong>Zastosowania<\/strong><\/p>\n<ul>\n<li class=\"sps2-pdp_details--highlights_item mds-font_paragraph\">Klejenie wielu metali i tworzyw sztucznych, kompozyt\u00f3w w\u0142\u00f3knistych, szk\u0142a, ceramiki itp.<\/li>\n<li>Mocowanie paneli i listew<\/li>\n<li>Uszczelnianie, zalewanie i hermetyzacja<\/li>\n<\/ul>\n","protected":false},"excerpt":{"rendered":"<p>Scotch-Weld\u2122 DP 105 to wysoce elastyczny dwusk\u0142adnikowy klej budowlany, kt\u00f3ry utwardza si\u0119 w temperaturze pokojowej. Zosta\u0142 opracowany do \u0142\u0105czenia metali, takich jak stal, aluminium, mied\u017a, mosi\u0105dz i r\u00f3\u017cnych tworzyw sztucznych, takich jak PC, sztywne PCV, GRP, ABS i inne materia\u0142y. W\u0142a\u015bciwo\u015bci Wysoka wytrzyma\u0142o\u015b\u0107 na \u015bcinanie i odrywanie wytrzymuje du\u017ce obci\u0105\u017cenia dynamiczne Dobra elastyczno\u015b\u0107 po utwardzeniu [&hellip;]<\/p>\n","protected":false},"featured_media":25538,"template":"","meta":{"_acf_changed":false},"pwb-brand":[2168],"product_brand":[],"product_cat":[1865],"product_tag":[],"class_list":{"0":"post-60400","1":"product","2":"type-product","3":"status-publish","4":"has-post-thumbnail","6":"pwb-brand-3m-pl","7":"product_cat-kleje","9":"first","10":"instock","11":"taxable","12":"shipping-taxable","13":"purchasable","14":"product-type-simple"},"acf":[],"yoast_head":"<!-- This site is optimized with the Yoast SEO plugin v27.3 - https:\/\/yoast.com\/product\/yoast-seo-wordpress\/ -->\n<title>3M DP 105 Dwusk\u0142adnikowy klej budowlany na bazie \u017cywicy epoksydowej<\/title>\n<meta name=\"description\" content=\"Dwusk\u0142adnikowy epoksydowy klej budowlany 3M DP 105 charakteryzuje si\u0119 przezroczysto\u015bci\u0105, wytrzyma\u0142o\u015bci\u0105 i elastyczno\u015bci\u0105. Dowiedz si\u0119 wi\u0119cej\" \/>\n<meta name=\"robots\" content=\"index, follow, max-snippet:-1, max-image-preview:large, max-video-preview:-1\" \/>\n<link rel=\"canonical\" href=\"https:\/\/cardinal-tapes.com\/pl\/ta\u015bmy-samoprzylepne\/kleje-w-plynie\/kleje\/3m-dp-105-dwuskladnikowy-klej-konstrukcyjny-na-bazie-zywicy-epoksydowej\/\" \/>\n<meta property=\"og:locale\" content=\"pl_PL\" \/>\n<meta property=\"og:type\" content=\"article\" \/>\n<meta property=\"og:title\" content=\"3M DP 105 Dwusk\u0142adnikowy klej budowlany na bazie \u017cywicy epoksydowej\" \/>\n<meta property=\"og:description\" content=\"Dwusk\u0142adnikowy epoksydowy klej budowlany 3M DP 105 charakteryzuje si\u0119 przezroczysto\u015bci\u0105, wytrzyma\u0142o\u015bci\u0105 i elastyczno\u015bci\u0105. Dowiedz si\u0119 wi\u0119cej\" \/>\n<meta property=\"og:url\" content=\"https:\/\/cardinal-tapes.com\/pl\/ta\u015bmy-samoprzylepne\/kleje-w-plynie\/kleje\/3m-dp-105-dwuskladnikowy-klej-konstrukcyjny-na-bazie-zywicy-epoksydowej\/\" \/>\n<meta property=\"og:site_name\" content=\"cardinal TAPES\" \/>\n<meta property=\"article:modified_time\" content=\"2025-07-03T11:35:01+00:00\" \/>\n<meta property=\"og:image\" content=\"https:\/\/cardinal-tapes.com\/wp-content\/uploads\/3m_zk-konstruktionsklebestoff_dp105.jpg\" \/>\n\t<meta property=\"og:image:width\" content=\"600\" \/>\n\t<meta property=\"og:image:height\" content=\"600\" \/>\n\t<meta property=\"og:image:type\" content=\"image\/jpeg\" \/>\n<meta name=\"twitter:card\" content=\"summary_large_image\" \/>\n<script type=\"application\/ld+json\" class=\"yoast-schema-graph\">{\"@context\":\"https:\\\/\\\/schema.org\",\"@graph\":[{\"@type\":\"WebPage\",\"@id\":\"https:\\\/\\\/cardinal-tapes.com\\\/pl\\\/ta\u015bmy-samoprzylepne\\\/kleje-w-plynie\\\/kleje\\\/3m-dp-105-dwuskladnikowy-klej-konstrukcyjny-na-bazie-zywicy-epoksydowej\\\/\",\"url\":\"https:\\\/\\\/cardinal-tapes.com\\\/pl\\\/ta\u015bmy-samoprzylepne\\\/kleje-w-plynie\\\/kleje\\\/3m-dp-105-dwuskladnikowy-klej-konstrukcyjny-na-bazie-zywicy-epoksydowej\\\/\",\"name\":\"3M DP 105 Dwusk\u0142adnikowy klej budowlany na bazie \u017cywicy epoksydowej\",\"isPartOf\":{\"@id\":\"https:\\\/\\\/cardinal-tapes.com\\\/#website\"},\"primaryImageOfPage\":{\"@id\":\"https:\\\/\\\/cardinal-tapes.com\\\/pl\\\/ta\u015bmy-samoprzylepne\\\/kleje-w-plynie\\\/kleje\\\/3m-dp-105-dwuskladnikowy-klej-konstrukcyjny-na-bazie-zywicy-epoksydowej\\\/#primaryimage\"},\"image\":{\"@id\":\"https:\\\/\\\/cardinal-tapes.com\\\/pl\\\/ta\u015bmy-samoprzylepne\\\/kleje-w-plynie\\\/kleje\\\/3m-dp-105-dwuskladnikowy-klej-konstrukcyjny-na-bazie-zywicy-epoksydowej\\\/#primaryimage\"},\"thumbnailUrl\":\"https:\\\/\\\/cardinal-tapes.com\\\/wp-content\\\/uploads\\\/3m_zk-konstruktionsklebestoff_dp105.jpg\",\"datePublished\":\"2017-12-22T14:41:05+00:00\",\"dateModified\":\"2025-07-03T11:35:01+00:00\",\"description\":\"Dwusk\u0142adnikowy epoksydowy klej budowlany 3M DP 105 charakteryzuje si\u0119 przezroczysto\u015bci\u0105, wytrzyma\u0142o\u015bci\u0105 i elastyczno\u015bci\u0105. Dowiedz si\u0119 wi\u0119cej\",\"breadcrumb\":{\"@id\":\"https:\\\/\\\/cardinal-tapes.com\\\/pl\\\/ta\u015bmy-samoprzylepne\\\/kleje-w-plynie\\\/kleje\\\/3m-dp-105-dwuskladnikowy-klej-konstrukcyjny-na-bazie-zywicy-epoksydowej\\\/#breadcrumb\"},\"inLanguage\":\"pl-PL\",\"potentialAction\":[{\"@type\":\"ReadAction\",\"target\":[\"https:\\\/\\\/cardinal-tapes.com\\\/pl\\\/ta\u015bmy-samoprzylepne\\\/kleje-w-plynie\\\/kleje\\\/3m-dp-105-dwuskladnikowy-klej-konstrukcyjny-na-bazie-zywicy-epoksydowej\\\/\"]}]},{\"@type\":\"ImageObject\",\"inLanguage\":\"pl-PL\",\"@id\":\"https:\\\/\\\/cardinal-tapes.com\\\/pl\\\/ta\u015bmy-samoprzylepne\\\/kleje-w-plynie\\\/kleje\\\/3m-dp-105-dwuskladnikowy-klej-konstrukcyjny-na-bazie-zywicy-epoksydowej\\\/#primaryimage\",\"url\":\"https:\\\/\\\/cardinal-tapes.com\\\/wp-content\\\/uploads\\\/3m_zk-konstruktionsklebestoff_dp105.jpg\",\"contentUrl\":\"https:\\\/\\\/cardinal-tapes.com\\\/wp-content\\\/uploads\\\/3m_zk-konstruktionsklebestoff_dp105.jpg\",\"width\":600,\"height\":600,\"caption\":\"3M Klej budowlany DP105\"},{\"@type\":\"BreadcrumbList\",\"@id\":\"https:\\\/\\\/cardinal-tapes.com\\\/pl\\\/ta\u015bmy-samoprzylepne\\\/kleje-w-plynie\\\/kleje\\\/3m-dp-105-dwuskladnikowy-klej-konstrukcyjny-na-bazie-zywicy-epoksydowej\\\/#breadcrumb\",\"itemListElement\":[{\"@type\":\"ListItem\",\"position\":1,\"name\":\"Startseite\",\"item\":\"https:\\\/\\\/cardinal-tapes.com\\\/pl\\\/strona-glowna\\\/\"},{\"@type\":\"ListItem\",\"position\":2,\"name\":\"Ta\u015bmy samoprzylepne\",\"item\":\"https:\\\/\\\/cardinal-tapes.com\\\/pl\\\/tasmy-samoprzylepne-pl\\\/\"},{\"@type\":\"ListItem\",\"position\":3,\"name\":\"Kleje w p\u0142ynie\",\"item\":\"https:\\\/\\\/cardinal-tapes.com\\\/pl\\\/kategoria\\\/kleje-w-plynie\\\/\"},{\"@type\":\"ListItem\",\"position\":4,\"name\":\"Kleje\",\"item\":\"https:\\\/\\\/cardinal-tapes.com\\\/pl\\\/kategoria\\\/kleje\\\/\"},{\"@type\":\"ListItem\",\"position\":5,\"name\":\"3M\u2122 DP 105 Dwusk\u0142adnikowy klej budowlany na bazie \u017cywicy epoksydowej\"}]},{\"@type\":\"WebSite\",\"@id\":\"https:\\\/\\\/cardinal-tapes.com\\\/#website\",\"url\":\"https:\\\/\\\/cardinal-tapes.com\\\/\",\"name\":\"cardinal TAPES\",\"description\":\"Klebetechnik aus Wuppertal\",\"potentialAction\":[{\"@type\":\"SearchAction\",\"target\":{\"@type\":\"EntryPoint\",\"urlTemplate\":\"https:\\\/\\\/cardinal-tapes.com\\\/?s={search_term_string}\"},\"query-input\":{\"@type\":\"PropertyValueSpecification\",\"valueRequired\":true,\"valueName\":\"search_term_string\"}}],\"inLanguage\":\"pl-PL\"}]}<\/script>\n<!-- \/ Yoast SEO plugin. -->","yoast_head_json":{"title":"3M DP 105 Dwusk\u0142adnikowy klej budowlany na bazie \u017cywicy epoksydowej","description":"Dwusk\u0142adnikowy epoksydowy klej budowlany 3M DP 105 charakteryzuje si\u0119 przezroczysto\u015bci\u0105, wytrzyma\u0142o\u015bci\u0105 i elastyczno\u015bci\u0105. Dowiedz si\u0119 wi\u0119cej","robots":{"index":"index","follow":"follow","max-snippet":"max-snippet:-1","max-image-preview":"max-image-preview:large","max-video-preview":"max-video-preview:-1"},"canonical":"https:\/\/cardinal-tapes.com\/pl\/ta\u015bmy-samoprzylepne\/kleje-w-plynie\/kleje\/3m-dp-105-dwuskladnikowy-klej-konstrukcyjny-na-bazie-zywicy-epoksydowej\/","og_locale":"pl_PL","og_type":"article","og_title":"3M DP 105 Dwusk\u0142adnikowy klej budowlany na bazie \u017cywicy epoksydowej","og_description":"Dwusk\u0142adnikowy epoksydowy klej budowlany 3M DP 105 charakteryzuje si\u0119 przezroczysto\u015bci\u0105, wytrzyma\u0142o\u015bci\u0105 i elastyczno\u015bci\u0105. Dowiedz si\u0119 wi\u0119cej","og_url":"https:\/\/cardinal-tapes.com\/pl\/ta\u015bmy-samoprzylepne\/kleje-w-plynie\/kleje\/3m-dp-105-dwuskladnikowy-klej-konstrukcyjny-na-bazie-zywicy-epoksydowej\/","og_site_name":"cardinal TAPES","article_modified_time":"2025-07-03T11:35:01+00:00","og_image":[{"width":600,"height":600,"url":"https:\/\/cardinal-tapes.com\/wp-content\/uploads\/3m_zk-konstruktionsklebestoff_dp105.jpg","type":"image\/jpeg"}],"twitter_card":"summary_large_image","schema":{"@context":"https:\/\/schema.org","@graph":[{"@type":"WebPage","@id":"https:\/\/cardinal-tapes.com\/pl\/ta\u015bmy-samoprzylepne\/kleje-w-plynie\/kleje\/3m-dp-105-dwuskladnikowy-klej-konstrukcyjny-na-bazie-zywicy-epoksydowej\/","url":"https:\/\/cardinal-tapes.com\/pl\/ta\u015bmy-samoprzylepne\/kleje-w-plynie\/kleje\/3m-dp-105-dwuskladnikowy-klej-konstrukcyjny-na-bazie-zywicy-epoksydowej\/","name":"3M DP 105 Dwusk\u0142adnikowy klej budowlany na bazie \u017cywicy epoksydowej","isPartOf":{"@id":"https:\/\/cardinal-tapes.com\/#website"},"primaryImageOfPage":{"@id":"https:\/\/cardinal-tapes.com\/pl\/ta\u015bmy-samoprzylepne\/kleje-w-plynie\/kleje\/3m-dp-105-dwuskladnikowy-klej-konstrukcyjny-na-bazie-zywicy-epoksydowej\/#primaryimage"},"image":{"@id":"https:\/\/cardinal-tapes.com\/pl\/ta\u015bmy-samoprzylepne\/kleje-w-plynie\/kleje\/3m-dp-105-dwuskladnikowy-klej-konstrukcyjny-na-bazie-zywicy-epoksydowej\/#primaryimage"},"thumbnailUrl":"https:\/\/cardinal-tapes.com\/wp-content\/uploads\/3m_zk-konstruktionsklebestoff_dp105.jpg","datePublished":"2017-12-22T14:41:05+00:00","dateModified":"2025-07-03T11:35:01+00:00","description":"Dwusk\u0142adnikowy epoksydowy klej budowlany 3M DP 105 charakteryzuje si\u0119 przezroczysto\u015bci\u0105, wytrzyma\u0142o\u015bci\u0105 i elastyczno\u015bci\u0105. Dowiedz si\u0119 wi\u0119cej","breadcrumb":{"@id":"https:\/\/cardinal-tapes.com\/pl\/ta\u015bmy-samoprzylepne\/kleje-w-plynie\/kleje\/3m-dp-105-dwuskladnikowy-klej-konstrukcyjny-na-bazie-zywicy-epoksydowej\/#breadcrumb"},"inLanguage":"pl-PL","potentialAction":[{"@type":"ReadAction","target":["https:\/\/cardinal-tapes.com\/pl\/ta\u015bmy-samoprzylepne\/kleje-w-plynie\/kleje\/3m-dp-105-dwuskladnikowy-klej-konstrukcyjny-na-bazie-zywicy-epoksydowej\/"]}]},{"@type":"ImageObject","inLanguage":"pl-PL","@id":"https:\/\/cardinal-tapes.com\/pl\/ta\u015bmy-samoprzylepne\/kleje-w-plynie\/kleje\/3m-dp-105-dwuskladnikowy-klej-konstrukcyjny-na-bazie-zywicy-epoksydowej\/#primaryimage","url":"https:\/\/cardinal-tapes.com\/wp-content\/uploads\/3m_zk-konstruktionsklebestoff_dp105.jpg","contentUrl":"https:\/\/cardinal-tapes.com\/wp-content\/uploads\/3m_zk-konstruktionsklebestoff_dp105.jpg","width":600,"height":600,"caption":"3M Klej budowlany DP105"},{"@type":"BreadcrumbList","@id":"https:\/\/cardinal-tapes.com\/pl\/ta\u015bmy-samoprzylepne\/kleje-w-plynie\/kleje\/3m-dp-105-dwuskladnikowy-klej-konstrukcyjny-na-bazie-zywicy-epoksydowej\/#breadcrumb","itemListElement":[{"@type":"ListItem","position":1,"name":"Startseite","item":"https:\/\/cardinal-tapes.com\/pl\/strona-glowna\/"},{"@type":"ListItem","position":2,"name":"Ta\u015bmy samoprzylepne","item":"https:\/\/cardinal-tapes.com\/pl\/tasmy-samoprzylepne-pl\/"},{"@type":"ListItem","position":3,"name":"Kleje w p\u0142ynie","item":"https:\/\/cardinal-tapes.com\/pl\/kategoria\/kleje-w-plynie\/"},{"@type":"ListItem","position":4,"name":"Kleje","item":"https:\/\/cardinal-tapes.com\/pl\/kategoria\/kleje\/"},{"@type":"ListItem","position":5,"name":"3M\u2122 DP 105 Dwusk\u0142adnikowy klej budowlany na bazie \u017cywicy epoksydowej"}]},{"@type":"WebSite","@id":"https:\/\/cardinal-tapes.com\/#website","url":"https:\/\/cardinal-tapes.com\/","name":"cardinal TAPES","description":"Klebetechnik aus Wuppertal","potentialAction":[{"@type":"SearchAction","target":{"@type":"EntryPoint","urlTemplate":"https:\/\/cardinal-tapes.com\/?s={search_term_string}"},"query-input":{"@type":"PropertyValueSpecification","valueRequired":true,"valueName":"search_term_string"}}],"inLanguage":"pl-PL"}]}},"brands":[{"id":2168,"name":"3M","slug":"3m-pl"}],"_links":{"self":[{"href":"https:\/\/cardinal-tapes.com\/pl\/wp-json\/wp\/v2\/product\/60400","targetHints":{"allow":["GET"]}}],"collection":[{"href":"https:\/\/cardinal-tapes.com\/pl\/wp-json\/wp\/v2\/product"}],"about":[{"href":"https:\/\/cardinal-tapes.com\/pl\/wp-json\/wp\/v2\/types\/product"}],"wp:featuredmedia":[{"embeddable":true,"href":"https:\/\/cardinal-tapes.com\/pl\/wp-json\/wp\/v2\/media\/25538"}],"wp:attachment":[{"href":"https:\/\/cardinal-tapes.com\/pl\/wp-json\/wp\/v2\/media?parent=60400"}],"wp:term":[{"taxonomy":"pwb-brand","embeddable":true,"href":"https:\/\/cardinal-tapes.com\/pl\/wp-json\/wp\/v2\/pwb-brand?post=60400"},{"taxonomy":"product_brand","embeddable":true,"href":"https:\/\/cardinal-tapes.com\/pl\/wp-json\/wp\/v2\/product_brand?post=60400"},{"taxonomy":"product_cat","embeddable":true,"href":"https:\/\/cardinal-tapes.com\/pl\/wp-json\/wp\/v2\/product_cat?post=60400"},{"taxonomy":"product_tag","embeddable":true,"href":"https:\/\/cardinal-tapes.com\/pl\/wp-json\/wp\/v2\/product_tag?post=60400"}],"curies":[{"name":"wp","href":"https:\/\/api.w.org\/{rel}","templated":true}]}}