{"id":60353,"date":"2017-12-22T15:55:06","date_gmt":"2023-06-06T07:50:47","guid":{"rendered":"https:\/\/cardinal.pixel-tal.de\/klebebaender\/bez-kategorii\/klej-cyjanoakrylowy-3m-rt-5000b\/"},"modified":"2023-06-06T09:50:47","modified_gmt":"2023-06-06T07:50:47","slug":"3m-rt-5000b-klej-cyjanoakrylowy","status":"publish","type":"product","link":"https:\/\/cardinal-tapes.com\/pl\/ta\u015bmy-samoprzylepne\/kleje-w-plynie\/kleje\/3m-rt-5000b-klej-cyjanoakrylowy\/","title":{"rendered":"Klej cyjanoakrylowy 3M\u2122 RT 5000B"},"content":{"rendered":"<p>Klej cyjanoakrylowy 3M\u2122 RT 5000B charakteryzuje si\u0119 bardzo dobr\u0105 odporno\u015bci\u0105 na odrywanie i uderzenia. Produkt jest stosowany g\u0142\u00f3wnie na p\u0142ytkach drukowanych w celu odci\u0105\u017cenia po\u0142\u0105cze\u0144 lutowniczych wi\u0119kszych komponent\u00f3w. Klej bardzo dobrze nadaje si\u0119 do tego obszaru, poniewa\u017c pozostaje stabilny nawet przy zmianach temperatury, wibracjach i wysokiej wilgotno\u015bci.<\/p>\n","protected":false},"excerpt":{"rendered":"<p>Klej cyjanoakrylowy 3M\u2122 RT 5000B charakteryzuje si\u0119 bardzo dobr\u0105 odporno\u015bci\u0105 na odrywanie i uderzenia. Produkt jest stosowany g\u0142\u00f3wnie na p\u0142ytkach drukowanych w celu odci\u0105\u017cenia po\u0142\u0105cze\u0144 lutowniczych wi\u0119kszych komponent\u00f3w. Klej bardzo dobrze nadaje si\u0119 do tego obszaru, poniewa\u017c pozostaje stabilny nawet przy zmianach temperatury, wibracjach i wysokiej wilgotno\u015bci.<\/p>\n","protected":false},"featured_media":25502,"template":"","meta":{"_acf_changed":false},"pwb-brand":[2168],"product_brand":[],"product_cat":[1865],"product_tag":[],"class_list":{"0":"post-60353","1":"product","2":"type-product","3":"status-publish","4":"has-post-thumbnail","6":"pwb-brand-3m-pl","7":"product_cat-kleje","9":"first","10":"instock","11":"taxable","12":"shipping-taxable","13":"purchasable","14":"product-type-simple"},"acf":[],"yoast_head":"<!-- This site is optimized with the Yoast SEO plugin v27.3 - https:\/\/yoast.com\/product\/yoast-seo-wordpress\/ -->\n<title>3M RT 5000B klej cyjanoakrylowy | Cardinal TAPES<\/title>\n<meta name=\"description\" content=\"Klej cyjanoakrylowy 3M RT 5000B charakteryzuje si\u0119 bardzo dobr\u0105 odporno\u015bci\u0105 na odrywanie i uderzenia. Wi\u0119cej informacji tutaj.\" \/>\n<meta name=\"robots\" content=\"index, follow, max-snippet:-1, max-image-preview:large, max-video-preview:-1\" \/>\n<link rel=\"canonical\" href=\"https:\/\/cardinal-tapes.com\/pl\/ta\u015bmy-samoprzylepne\/kleje\/3m-rt-5000b-klej-cyjanoakrylowy\/\" \/>\n<meta property=\"og:locale\" content=\"pl_PL\" \/>\n<meta property=\"og:type\" content=\"article\" \/>\n<meta property=\"og:title\" content=\"3M RT 5000B klej cyjanoakrylowy | Cardinal TAPES\" \/>\n<meta property=\"og:description\" content=\"Klej cyjanoakrylowy 3M RT 5000B charakteryzuje si\u0119 bardzo dobr\u0105 odporno\u015bci\u0105 na odrywanie i uderzenia. Wi\u0119cej informacji tutaj.\" \/>\n<meta property=\"og:url\" content=\"https:\/\/cardinal-tapes.com\/pl\/ta\u015bmy-samoprzylepne\/kleje\/3m-rt-5000b-klej-cyjanoakrylowy\/\" \/>\n<meta property=\"og:site_name\" content=\"cardinal TAPES\" \/>\n<meta property=\"og:image\" content=\"https:\/\/cardinal-tapes.com\/wp-content\/uploads\/3m_cyanacrylat-klebstoff_rt5000b.jpg\" \/>\n\t<meta property=\"og:image:width\" content=\"600\" \/>\n\t<meta property=\"og:image:height\" content=\"600\" \/>\n\t<meta property=\"og:image:type\" content=\"image\/jpeg\" \/>\n<meta name=\"twitter:card\" content=\"summary_large_image\" \/>\n<script type=\"application\/ld+json\" class=\"yoast-schema-graph\">{\"@context\":\"https:\\\/\\\/schema.org\",\"@graph\":[{\"@type\":\"WebPage\",\"@id\":\"https:\\\/\\\/cardinal-tapes.com\\\/pl\\\/ta\u015bmy-samoprzylepne\\\/kleje\\\/3m-rt-5000b-klej-cyjanoakrylowy\\\/\",\"url\":\"https:\\\/\\\/cardinal-tapes.com\\\/pl\\\/ta\u015bmy-samoprzylepne\\\/kleje\\\/3m-rt-5000b-klej-cyjanoakrylowy\\\/\",\"name\":\"3M RT 5000B klej cyjanoakrylowy | Cardinal TAPES\",\"isPartOf\":{\"@id\":\"https:\\\/\\\/cardinal-tapes.com\\\/#website\"},\"primaryImageOfPage\":{\"@id\":\"https:\\\/\\\/cardinal-tapes.com\\\/pl\\\/ta\u015bmy-samoprzylepne\\\/kleje\\\/3m-rt-5000b-klej-cyjanoakrylowy\\\/#primaryimage\"},\"image\":{\"@id\":\"https:\\\/\\\/cardinal-tapes.com\\\/pl\\\/ta\u015bmy-samoprzylepne\\\/kleje\\\/3m-rt-5000b-klej-cyjanoakrylowy\\\/#primaryimage\"},\"thumbnailUrl\":\"https:\\\/\\\/cardinal-tapes.com\\\/wp-content\\\/uploads\\\/3m_cyanacrylat-klebstoff_rt5000b.jpg\",\"datePublished\":\"2023-06-06T07:50:47+00:00\",\"description\":\"Klej cyjanoakrylowy 3M RT 5000B charakteryzuje si\u0119 bardzo dobr\u0105 odporno\u015bci\u0105 na odrywanie i uderzenia. Wi\u0119cej informacji tutaj.\",\"breadcrumb\":{\"@id\":\"https:\\\/\\\/cardinal-tapes.com\\\/pl\\\/ta\u015bmy-samoprzylepne\\\/kleje\\\/3m-rt-5000b-klej-cyjanoakrylowy\\\/#breadcrumb\"},\"inLanguage\":\"pl-PL\",\"potentialAction\":[{\"@type\":\"ReadAction\",\"target\":[\"https:\\\/\\\/cardinal-tapes.com\\\/pl\\\/ta\u015bmy-samoprzylepne\\\/kleje\\\/3m-rt-5000b-klej-cyjanoakrylowy\\\/\"]}]},{\"@type\":\"ImageObject\",\"inLanguage\":\"pl-PL\",\"@id\":\"https:\\\/\\\/cardinal-tapes.com\\\/pl\\\/ta\u015bmy-samoprzylepne\\\/kleje\\\/3m-rt-5000b-klej-cyjanoakrylowy\\\/#primaryimage\",\"url\":\"https:\\\/\\\/cardinal-tapes.com\\\/wp-content\\\/uploads\\\/3m_cyanacrylat-klebstoff_rt5000b.jpg\",\"contentUrl\":\"https:\\\/\\\/cardinal-tapes.com\\\/wp-content\\\/uploads\\\/3m_cyanacrylat-klebstoff_rt5000b.jpg\",\"width\":600,\"height\":600,\"caption\":\"3M Klej cyjanoakrylowy RT5000B\"},{\"@type\":\"BreadcrumbList\",\"@id\":\"https:\\\/\\\/cardinal-tapes.com\\\/pl\\\/ta\u015bmy-samoprzylepne\\\/kleje\\\/3m-rt-5000b-klej-cyjanoakrylowy\\\/#breadcrumb\",\"itemListElement\":[{\"@type\":\"ListItem\",\"position\":1,\"name\":\"Startseite\",\"item\":\"https:\\\/\\\/cardinal-tapes.com\\\/pl\\\/strona-glowna\\\/\"},{\"@type\":\"ListItem\",\"position\":2,\"name\":\"Ta\u015bmy samoprzylepne\",\"item\":\"https:\\\/\\\/cardinal-tapes.com\\\/pl\\\/tasmy-samoprzylepne-pl\\\/\"},{\"@type\":\"ListItem\",\"position\":3,\"name\":\"Kleje\",\"item\":\"https:\\\/\\\/cardinal-tapes.com\\\/pl\\\/kategoria\\\/kleje\\\/\"},{\"@type\":\"ListItem\",\"position\":4,\"name\":\"Klej cyjanoakrylowy 3M\u2122 RT 5000B\"}]},{\"@type\":\"WebSite\",\"@id\":\"https:\\\/\\\/cardinal-tapes.com\\\/#website\",\"url\":\"https:\\\/\\\/cardinal-tapes.com\\\/\",\"name\":\"cardinal TAPES\",\"description\":\"Klebetechnik aus Wuppertal\",\"potentialAction\":[{\"@type\":\"SearchAction\",\"target\":{\"@type\":\"EntryPoint\",\"urlTemplate\":\"https:\\\/\\\/cardinal-tapes.com\\\/?s={search_term_string}\"},\"query-input\":{\"@type\":\"PropertyValueSpecification\",\"valueRequired\":true,\"valueName\":\"search_term_string\"}}],\"inLanguage\":\"pl-PL\"}]}<\/script>\n<!-- \/ Yoast SEO plugin. -->","yoast_head_json":{"title":"3M RT 5000B klej cyjanoakrylowy | Cardinal TAPES","description":"Klej cyjanoakrylowy 3M RT 5000B charakteryzuje si\u0119 bardzo dobr\u0105 odporno\u015bci\u0105 na odrywanie i uderzenia. Wi\u0119cej informacji tutaj.","robots":{"index":"index","follow":"follow","max-snippet":"max-snippet:-1","max-image-preview":"max-image-preview:large","max-video-preview":"max-video-preview:-1"},"canonical":"https:\/\/cardinal-tapes.com\/pl\/ta\u015bmy-samoprzylepne\/kleje\/3m-rt-5000b-klej-cyjanoakrylowy\/","og_locale":"pl_PL","og_type":"article","og_title":"3M RT 5000B klej cyjanoakrylowy | Cardinal TAPES","og_description":"Klej cyjanoakrylowy 3M RT 5000B charakteryzuje si\u0119 bardzo dobr\u0105 odporno\u015bci\u0105 na odrywanie i uderzenia. Wi\u0119cej informacji tutaj.","og_url":"https:\/\/cardinal-tapes.com\/pl\/ta\u015bmy-samoprzylepne\/kleje\/3m-rt-5000b-klej-cyjanoakrylowy\/","og_site_name":"cardinal TAPES","og_image":[{"width":600,"height":600,"url":"https:\/\/cardinal-tapes.com\/wp-content\/uploads\/3m_cyanacrylat-klebstoff_rt5000b.jpg","type":"image\/jpeg"}],"twitter_card":"summary_large_image","schema":{"@context":"https:\/\/schema.org","@graph":[{"@type":"WebPage","@id":"https:\/\/cardinal-tapes.com\/pl\/ta\u015bmy-samoprzylepne\/kleje\/3m-rt-5000b-klej-cyjanoakrylowy\/","url":"https:\/\/cardinal-tapes.com\/pl\/ta\u015bmy-samoprzylepne\/kleje\/3m-rt-5000b-klej-cyjanoakrylowy\/","name":"3M RT 5000B klej cyjanoakrylowy | Cardinal TAPES","isPartOf":{"@id":"https:\/\/cardinal-tapes.com\/#website"},"primaryImageOfPage":{"@id":"https:\/\/cardinal-tapes.com\/pl\/ta\u015bmy-samoprzylepne\/kleje\/3m-rt-5000b-klej-cyjanoakrylowy\/#primaryimage"},"image":{"@id":"https:\/\/cardinal-tapes.com\/pl\/ta\u015bmy-samoprzylepne\/kleje\/3m-rt-5000b-klej-cyjanoakrylowy\/#primaryimage"},"thumbnailUrl":"https:\/\/cardinal-tapes.com\/wp-content\/uploads\/3m_cyanacrylat-klebstoff_rt5000b.jpg","datePublished":"2023-06-06T07:50:47+00:00","description":"Klej cyjanoakrylowy 3M RT 5000B charakteryzuje si\u0119 bardzo dobr\u0105 odporno\u015bci\u0105 na odrywanie i uderzenia. Wi\u0119cej informacji tutaj.","breadcrumb":{"@id":"https:\/\/cardinal-tapes.com\/pl\/ta\u015bmy-samoprzylepne\/kleje\/3m-rt-5000b-klej-cyjanoakrylowy\/#breadcrumb"},"inLanguage":"pl-PL","potentialAction":[{"@type":"ReadAction","target":["https:\/\/cardinal-tapes.com\/pl\/ta\u015bmy-samoprzylepne\/kleje\/3m-rt-5000b-klej-cyjanoakrylowy\/"]}]},{"@type":"ImageObject","inLanguage":"pl-PL","@id":"https:\/\/cardinal-tapes.com\/pl\/ta\u015bmy-samoprzylepne\/kleje\/3m-rt-5000b-klej-cyjanoakrylowy\/#primaryimage","url":"https:\/\/cardinal-tapes.com\/wp-content\/uploads\/3m_cyanacrylat-klebstoff_rt5000b.jpg","contentUrl":"https:\/\/cardinal-tapes.com\/wp-content\/uploads\/3m_cyanacrylat-klebstoff_rt5000b.jpg","width":600,"height":600,"caption":"3M Klej cyjanoakrylowy RT5000B"},{"@type":"BreadcrumbList","@id":"https:\/\/cardinal-tapes.com\/pl\/ta\u015bmy-samoprzylepne\/kleje\/3m-rt-5000b-klej-cyjanoakrylowy\/#breadcrumb","itemListElement":[{"@type":"ListItem","position":1,"name":"Startseite","item":"https:\/\/cardinal-tapes.com\/pl\/strona-glowna\/"},{"@type":"ListItem","position":2,"name":"Ta\u015bmy samoprzylepne","item":"https:\/\/cardinal-tapes.com\/pl\/tasmy-samoprzylepne-pl\/"},{"@type":"ListItem","position":3,"name":"Kleje","item":"https:\/\/cardinal-tapes.com\/pl\/kategoria\/kleje\/"},{"@type":"ListItem","position":4,"name":"Klej cyjanoakrylowy 3M\u2122 RT 5000B"}]},{"@type":"WebSite","@id":"https:\/\/cardinal-tapes.com\/#website","url":"https:\/\/cardinal-tapes.com\/","name":"cardinal TAPES","description":"Klebetechnik aus Wuppertal","potentialAction":[{"@type":"SearchAction","target":{"@type":"EntryPoint","urlTemplate":"https:\/\/cardinal-tapes.com\/?s={search_term_string}"},"query-input":{"@type":"PropertyValueSpecification","valueRequired":true,"valueName":"search_term_string"}}],"inLanguage":"pl-PL"}]}},"brands":[{"id":2168,"name":"3M","slug":"3m-pl"}],"_links":{"self":[{"href":"https:\/\/cardinal-tapes.com\/pl\/wp-json\/wp\/v2\/product\/60353","targetHints":{"allow":["GET"]}}],"collection":[{"href":"https:\/\/cardinal-tapes.com\/pl\/wp-json\/wp\/v2\/product"}],"about":[{"href":"https:\/\/cardinal-tapes.com\/pl\/wp-json\/wp\/v2\/types\/product"}],"wp:featuredmedia":[{"embeddable":true,"href":"https:\/\/cardinal-tapes.com\/pl\/wp-json\/wp\/v2\/media\/25502"}],"wp:attachment":[{"href":"https:\/\/cardinal-tapes.com\/pl\/wp-json\/wp\/v2\/media?parent=60353"}],"wp:term":[{"taxonomy":"pwb-brand","embeddable":true,"href":"https:\/\/cardinal-tapes.com\/pl\/wp-json\/wp\/v2\/pwb-brand?post=60353"},{"taxonomy":"product_brand","embeddable":true,"href":"https:\/\/cardinal-tapes.com\/pl\/wp-json\/wp\/v2\/product_brand?post=60353"},{"taxonomy":"product_cat","embeddable":true,"href":"https:\/\/cardinal-tapes.com\/pl\/wp-json\/wp\/v2\/product_cat?post=60353"},{"taxonomy":"product_tag","embeddable":true,"href":"https:\/\/cardinal-tapes.com\/pl\/wp-json\/wp\/v2\/product_tag?post=60353"}],"curies":[{"name":"wp","href":"https:\/\/api.w.org\/{rel}","templated":true}]}}