{"id":60351,"date":"2017-12-22T15:57:22","date_gmt":"2023-06-06T07:50:47","guid":{"rendered":"https:\/\/cardinal.pixel-tal.de\/klebebaender\/bez-kategorii\/3m-si-gel\/"},"modified":"2023-06-06T09:50:47","modified_gmt":"2023-06-06T07:50:47","slug":"zel-3m-si","status":"publish","type":"product","link":"https:\/\/cardinal-tapes.com\/pl\/ta\u015bmy-samoprzylepne\/kleje-w-plynie\/kleje\/zel-3m-si\/","title":{"rendered":"3M\u2122 SI Gel"},"content":{"rendered":"<p>\u017bel 3M\u2122 SI mo\u017ce by\u0107 stosowany do bardzo mocnego klejenia drewna, kartonu, metali, tworzyw sztucznych i wielu innych materia\u0142\u00f3w. \u017bel jest szczeg\u00f3lnie odpowiedni do trudnych do po\u0142\u0105czenia par metali oraz szorstkich i porowatych powierzchni, takich jak porcelana i ceramika. Wynika to z faktu, \u017ce wy\u017csz\u0105 niewra\u017cliwo\u015b\u0107 powierzchni mo\u017cna uzyska\u0107 dzi\u0119ki \u017celowej formule 3M\u2122 Si Gel.<\/p>\n","protected":false},"excerpt":{"rendered":"<p>\u017bel 3M\u2122 SI mo\u017ce by\u0107 stosowany do bardzo mocnego klejenia drewna, kartonu, metali, tworzyw sztucznych i wielu innych materia\u0142\u00f3w. \u017bel jest szczeg\u00f3lnie odpowiedni do trudnych do po\u0142\u0105czenia par metali oraz szorstkich i porowatych powierzchni, takich jak porcelana i ceramika. Wynika to z faktu, \u017ce wy\u017csz\u0105 niewra\u017cliwo\u015b\u0107 powierzchni mo\u017cna uzyska\u0107 dzi\u0119ki \u017celowej formule 3M\u2122 Si Gel.<\/p>\n","protected":false},"featured_media":25490,"template":"","meta":{"_acf_changed":false},"pwb-brand":[2168],"product_brand":[],"product_cat":[1865],"product_tag":[],"class_list":{"0":"post-60351","1":"product","2":"type-product","3":"status-publish","4":"has-post-thumbnail","6":"pwb-brand-3m-pl","7":"product_cat-kleje","9":"first","10":"instock","11":"taxable","12":"shipping-taxable","13":"purchasable","14":"product-type-simple"},"acf":[],"yoast_head":"<!-- This site is optimized with the Yoast SEO plugin v27.3 - https:\/\/yoast.com\/product\/yoast-seo-wordpress\/ -->\n<title>3M SI Gel - Najlepsza przyczepno\u015b\u0107 dla Twojego sukcesu | Cardinal TAPES<\/title>\n<meta name=\"description\" content=\"\u017bel 3M SI mo\u017ce by\u0107 stosowany do bardzo mocnego klejenia drewna, kartonu, metali, tworzyw sztucznych i wielu innych materia\u0142\u00f3w. Dowiedz si\u0119 wi\u0119cej o 3M Si Gel tutaj.\" \/>\n<meta name=\"robots\" content=\"index, follow, max-snippet:-1, max-image-preview:large, max-video-preview:-1\" \/>\n<link rel=\"canonical\" href=\"https:\/\/cardinal-tapes.com\/pl\/ta\u015bmy-samoprzylepne\/kleje\/zel-3m-si\/\" \/>\n<meta property=\"og:locale\" content=\"pl_PL\" \/>\n<meta property=\"og:type\" content=\"article\" \/>\n<meta property=\"og:title\" content=\"3M SI Gel - Najlepsza przyczepno\u015b\u0107 dla Twojego sukcesu | Cardinal TAPES\" \/>\n<meta property=\"og:description\" content=\"\u017bel 3M SI mo\u017ce by\u0107 stosowany do bardzo mocnego klejenia drewna, kartonu, metali, tworzyw sztucznych i wielu innych materia\u0142\u00f3w. Dowiedz si\u0119 wi\u0119cej o 3M Si Gel tutaj.\" \/>\n<meta property=\"og:url\" content=\"https:\/\/cardinal-tapes.com\/pl\/ta\u015bmy-samoprzylepne\/kleje\/zel-3m-si\/\" \/>\n<meta property=\"og:site_name\" content=\"cardinal TAPES\" \/>\n<meta property=\"og:image\" content=\"https:\/\/cardinal-tapes.com\/wp-content\/uploads\/3m_si_gel.jpg\" \/>\n\t<meta property=\"og:image:width\" content=\"600\" \/>\n\t<meta property=\"og:image:height\" content=\"600\" \/>\n\t<meta property=\"og:image:type\" content=\"image\/jpeg\" \/>\n<meta name=\"twitter:card\" content=\"summary_large_image\" \/>\n<script type=\"application\/ld+json\" class=\"yoast-schema-graph\">{\"@context\":\"https:\\\/\\\/schema.org\",\"@graph\":[{\"@type\":\"WebPage\",\"@id\":\"https:\\\/\\\/cardinal-tapes.com\\\/pl\\\/ta\u015bmy-samoprzylepne\\\/kleje\\\/zel-3m-si\\\/\",\"url\":\"https:\\\/\\\/cardinal-tapes.com\\\/pl\\\/ta\u015bmy-samoprzylepne\\\/kleje\\\/zel-3m-si\\\/\",\"name\":\"3M SI Gel - Najlepsza przyczepno\u015b\u0107 dla Twojego sukcesu | Cardinal TAPES\",\"isPartOf\":{\"@id\":\"https:\\\/\\\/cardinal-tapes.com\\\/#website\"},\"primaryImageOfPage\":{\"@id\":\"https:\\\/\\\/cardinal-tapes.com\\\/pl\\\/ta\u015bmy-samoprzylepne\\\/kleje\\\/zel-3m-si\\\/#primaryimage\"},\"image\":{\"@id\":\"https:\\\/\\\/cardinal-tapes.com\\\/pl\\\/ta\u015bmy-samoprzylepne\\\/kleje\\\/zel-3m-si\\\/#primaryimage\"},\"thumbnailUrl\":\"https:\\\/\\\/cardinal-tapes.com\\\/wp-content\\\/uploads\\\/3m_si_gel.jpg\",\"datePublished\":\"2023-06-06T07:50:47+00:00\",\"description\":\"\u017bel 3M SI mo\u017ce by\u0107 stosowany do bardzo mocnego klejenia drewna, kartonu, metali, tworzyw sztucznych i wielu innych materia\u0142\u00f3w. Dowiedz si\u0119 wi\u0119cej o 3M Si Gel tutaj.\",\"breadcrumb\":{\"@id\":\"https:\\\/\\\/cardinal-tapes.com\\\/pl\\\/ta\u015bmy-samoprzylepne\\\/kleje\\\/zel-3m-si\\\/#breadcrumb\"},\"inLanguage\":\"pl-PL\",\"potentialAction\":[{\"@type\":\"ReadAction\",\"target\":[\"https:\\\/\\\/cardinal-tapes.com\\\/pl\\\/ta\u015bmy-samoprzylepne\\\/kleje\\\/zel-3m-si\\\/\"]}]},{\"@type\":\"ImageObject\",\"inLanguage\":\"pl-PL\",\"@id\":\"https:\\\/\\\/cardinal-tapes.com\\\/pl\\\/ta\u015bmy-samoprzylepne\\\/kleje\\\/zel-3m-si\\\/#primaryimage\",\"url\":\"https:\\\/\\\/cardinal-tapes.com\\\/wp-content\\\/uploads\\\/3m_si_gel.jpg\",\"contentUrl\":\"https:\\\/\\\/cardinal-tapes.com\\\/wp-content\\\/uploads\\\/3m_si_gel.jpg\",\"width\":600,\"height\":600,\"caption\":\"3M SI GEL\"},{\"@type\":\"BreadcrumbList\",\"@id\":\"https:\\\/\\\/cardinal-tapes.com\\\/pl\\\/ta\u015bmy-samoprzylepne\\\/kleje\\\/zel-3m-si\\\/#breadcrumb\",\"itemListElement\":[{\"@type\":\"ListItem\",\"position\":1,\"name\":\"Startseite\",\"item\":\"https:\\\/\\\/cardinal-tapes.com\\\/pl\\\/strona-glowna\\\/\"},{\"@type\":\"ListItem\",\"position\":2,\"name\":\"Ta\u015bmy samoprzylepne\",\"item\":\"https:\\\/\\\/cardinal-tapes.com\\\/pl\\\/tasmy-samoprzylepne-pl\\\/\"},{\"@type\":\"ListItem\",\"position\":3,\"name\":\"Kleje\",\"item\":\"https:\\\/\\\/cardinal-tapes.com\\\/pl\\\/kategoria\\\/kleje\\\/\"},{\"@type\":\"ListItem\",\"position\":4,\"name\":\"3M\u2122 SI Gel\"}]},{\"@type\":\"WebSite\",\"@id\":\"https:\\\/\\\/cardinal-tapes.com\\\/#website\",\"url\":\"https:\\\/\\\/cardinal-tapes.com\\\/\",\"name\":\"cardinal TAPES\",\"description\":\"Klebetechnik aus Wuppertal\",\"potentialAction\":[{\"@type\":\"SearchAction\",\"target\":{\"@type\":\"EntryPoint\",\"urlTemplate\":\"https:\\\/\\\/cardinal-tapes.com\\\/?s={search_term_string}\"},\"query-input\":{\"@type\":\"PropertyValueSpecification\",\"valueRequired\":true,\"valueName\":\"search_term_string\"}}],\"inLanguage\":\"pl-PL\"}]}<\/script>\n<!-- \/ Yoast SEO plugin. -->","yoast_head_json":{"title":"3M SI Gel - Najlepsza przyczepno\u015b\u0107 dla Twojego sukcesu | Cardinal TAPES","description":"\u017bel 3M SI mo\u017ce by\u0107 stosowany do bardzo mocnego klejenia drewna, kartonu, metali, tworzyw sztucznych i wielu innych materia\u0142\u00f3w. Dowiedz si\u0119 wi\u0119cej o 3M Si Gel tutaj.","robots":{"index":"index","follow":"follow","max-snippet":"max-snippet:-1","max-image-preview":"max-image-preview:large","max-video-preview":"max-video-preview:-1"},"canonical":"https:\/\/cardinal-tapes.com\/pl\/ta\u015bmy-samoprzylepne\/kleje\/zel-3m-si\/","og_locale":"pl_PL","og_type":"article","og_title":"3M SI Gel - Najlepsza przyczepno\u015b\u0107 dla Twojego sukcesu | Cardinal TAPES","og_description":"\u017bel 3M SI mo\u017ce by\u0107 stosowany do bardzo mocnego klejenia drewna, kartonu, metali, tworzyw sztucznych i wielu innych materia\u0142\u00f3w. Dowiedz si\u0119 wi\u0119cej o 3M Si Gel tutaj.","og_url":"https:\/\/cardinal-tapes.com\/pl\/ta\u015bmy-samoprzylepne\/kleje\/zel-3m-si\/","og_site_name":"cardinal TAPES","og_image":[{"width":600,"height":600,"url":"https:\/\/cardinal-tapes.com\/wp-content\/uploads\/3m_si_gel.jpg","type":"image\/jpeg"}],"twitter_card":"summary_large_image","schema":{"@context":"https:\/\/schema.org","@graph":[{"@type":"WebPage","@id":"https:\/\/cardinal-tapes.com\/pl\/ta\u015bmy-samoprzylepne\/kleje\/zel-3m-si\/","url":"https:\/\/cardinal-tapes.com\/pl\/ta\u015bmy-samoprzylepne\/kleje\/zel-3m-si\/","name":"3M SI Gel - Najlepsza przyczepno\u015b\u0107 dla Twojego sukcesu | Cardinal TAPES","isPartOf":{"@id":"https:\/\/cardinal-tapes.com\/#website"},"primaryImageOfPage":{"@id":"https:\/\/cardinal-tapes.com\/pl\/ta\u015bmy-samoprzylepne\/kleje\/zel-3m-si\/#primaryimage"},"image":{"@id":"https:\/\/cardinal-tapes.com\/pl\/ta\u015bmy-samoprzylepne\/kleje\/zel-3m-si\/#primaryimage"},"thumbnailUrl":"https:\/\/cardinal-tapes.com\/wp-content\/uploads\/3m_si_gel.jpg","datePublished":"2023-06-06T07:50:47+00:00","description":"\u017bel 3M SI mo\u017ce by\u0107 stosowany do bardzo mocnego klejenia drewna, kartonu, metali, tworzyw sztucznych i wielu innych materia\u0142\u00f3w. Dowiedz si\u0119 wi\u0119cej o 3M Si Gel tutaj.","breadcrumb":{"@id":"https:\/\/cardinal-tapes.com\/pl\/ta\u015bmy-samoprzylepne\/kleje\/zel-3m-si\/#breadcrumb"},"inLanguage":"pl-PL","potentialAction":[{"@type":"ReadAction","target":["https:\/\/cardinal-tapes.com\/pl\/ta\u015bmy-samoprzylepne\/kleje\/zel-3m-si\/"]}]},{"@type":"ImageObject","inLanguage":"pl-PL","@id":"https:\/\/cardinal-tapes.com\/pl\/ta\u015bmy-samoprzylepne\/kleje\/zel-3m-si\/#primaryimage","url":"https:\/\/cardinal-tapes.com\/wp-content\/uploads\/3m_si_gel.jpg","contentUrl":"https:\/\/cardinal-tapes.com\/wp-content\/uploads\/3m_si_gel.jpg","width":600,"height":600,"caption":"3M SI GEL"},{"@type":"BreadcrumbList","@id":"https:\/\/cardinal-tapes.com\/pl\/ta\u015bmy-samoprzylepne\/kleje\/zel-3m-si\/#breadcrumb","itemListElement":[{"@type":"ListItem","position":1,"name":"Startseite","item":"https:\/\/cardinal-tapes.com\/pl\/strona-glowna\/"},{"@type":"ListItem","position":2,"name":"Ta\u015bmy samoprzylepne","item":"https:\/\/cardinal-tapes.com\/pl\/tasmy-samoprzylepne-pl\/"},{"@type":"ListItem","position":3,"name":"Kleje","item":"https:\/\/cardinal-tapes.com\/pl\/kategoria\/kleje\/"},{"@type":"ListItem","position":4,"name":"3M\u2122 SI Gel"}]},{"@type":"WebSite","@id":"https:\/\/cardinal-tapes.com\/#website","url":"https:\/\/cardinal-tapes.com\/","name":"cardinal TAPES","description":"Klebetechnik aus Wuppertal","potentialAction":[{"@type":"SearchAction","target":{"@type":"EntryPoint","urlTemplate":"https:\/\/cardinal-tapes.com\/?s={search_term_string}"},"query-input":{"@type":"PropertyValueSpecification","valueRequired":true,"valueName":"search_term_string"}}],"inLanguage":"pl-PL"}]}},"brands":[{"id":2168,"name":"3M","slug":"3m-pl"}],"_links":{"self":[{"href":"https:\/\/cardinal-tapes.com\/pl\/wp-json\/wp\/v2\/product\/60351","targetHints":{"allow":["GET"]}}],"collection":[{"href":"https:\/\/cardinal-tapes.com\/pl\/wp-json\/wp\/v2\/product"}],"about":[{"href":"https:\/\/cardinal-tapes.com\/pl\/wp-json\/wp\/v2\/types\/product"}],"wp:featuredmedia":[{"embeddable":true,"href":"https:\/\/cardinal-tapes.com\/pl\/wp-json\/wp\/v2\/media\/25490"}],"wp:attachment":[{"href":"https:\/\/cardinal-tapes.com\/pl\/wp-json\/wp\/v2\/media?parent=60351"}],"wp:term":[{"taxonomy":"pwb-brand","embeddable":true,"href":"https:\/\/cardinal-tapes.com\/pl\/wp-json\/wp\/v2\/pwb-brand?post=60351"},{"taxonomy":"product_brand","embeddable":true,"href":"https:\/\/cardinal-tapes.com\/pl\/wp-json\/wp\/v2\/product_brand?post=60351"},{"taxonomy":"product_cat","embeddable":true,"href":"https:\/\/cardinal-tapes.com\/pl\/wp-json\/wp\/v2\/product_cat?post=60351"},{"taxonomy":"product_tag","embeddable":true,"href":"https:\/\/cardinal-tapes.com\/pl\/wp-json\/wp\/v2\/product_tag?post=60351"}],"curies":[{"name":"wp","href":"https:\/\/api.w.org\/{rel}","templated":true}]}}