{"id":60350,"date":"2017-12-22T16:00:18","date_gmt":"2023-06-06T07:50:47","guid":{"rendered":"https:\/\/cardinal.pixel-tal.de\/klebebaender\/bez-kategorii\/3m-75-klej-w-aerozolu-na-bazie-syntetycznych-elastomerow\/"},"modified":"2023-06-06T09:50:47","modified_gmt":"2023-06-06T07:50:47","slug":"3m-75-klej-w-aerozolu-na-bazie-elastomerow-syntetycznych","status":"publish","type":"product","link":"https:\/\/cardinal-tapes.com\/pl\/ta\u015bmy-samoprzylepne\/kleje-w-plynie\/kleje\/3m-75-klej-w-aerozolu-na-bazie-elastomerow-syntetycznych\/","title":{"rendered":"3M\u2122 75 Klej w aerozolu na bazie syntetycznych elastomer\u00f3w"},"content":{"rendered":"<p>3M\u2122 Spray 75 wyr\u00f3\u017cnia si\u0119 w szczeg\u00f3lno\u015bci klejem w aerozolu, kt\u00f3ry nadaje si\u0119 do po\u0142\u0105cze\u0144 wielokrotnego u\u017cytku i repozycjonowania. Szczeg\u00f3lnymi cechami sprayu s\u0105 na przyk\u0142ad jego odporno\u015b\u0107 na promieniowanie UV oraz fakt, \u017ce zapobiega on tworzeniu si\u0119 fal. Aplikacja jest szczeg\u00f3lnie \u0142atwa i mo\u017ce by\u0107 wykonana bardzo precyzyjnie i czysto. Spray jest u\u017cywany g\u0142\u00f3wnie do tymczasowego mocowania etykiet, szablon\u00f3w i wielu innych.<\/p>\n","protected":false},"excerpt":{"rendered":"<p>3M\u2122 Spray 75 wyr\u00f3\u017cnia si\u0119 w szczeg\u00f3lno\u015bci klejem w aerozolu, kt\u00f3ry nadaje si\u0119 do po\u0142\u0105cze\u0144 wielokrotnego u\u017cytku i repozycjonowania. Szczeg\u00f3lnymi cechami sprayu s\u0105 na przyk\u0142ad jego odporno\u015b\u0107 na promieniowanie UV oraz fakt, \u017ce zapobiega on tworzeniu si\u0119 fal. Aplikacja jest szczeg\u00f3lnie \u0142atwa i mo\u017ce by\u0107 wykonana bardzo precyzyjnie i czysto. Spray jest u\u017cywany g\u0142\u00f3wnie do [&hellip;]<\/p>\n","protected":false},"featured_media":25486,"template":"","meta":{"_acf_changed":false},"pwb-brand":[2168],"product_brand":[],"product_cat":[1865],"product_tag":[],"class_list":{"0":"post-60350","1":"product","2":"type-product","3":"status-publish","4":"has-post-thumbnail","6":"pwb-brand-3m-pl","7":"product_cat-kleje","9":"first","10":"instock","11":"taxable","12":"shipping-taxable","13":"purchasable","14":"product-type-simple"},"acf":[],"yoast_head":"<!-- This site is optimized with the Yoast SEO plugin v27.3 - https:\/\/yoast.com\/product\/yoast-seo-wordpress\/ -->\n<title>3M 75 Aerosol Adhesive Synthetic Elastomer Base | Cardinal TAPES<\/title>\n<meta name=\"description\" content=\"3M Spray 75 charakteryzuje si\u0119 w szczeg\u00f3lno\u015bci klejem w aerozolu, kt\u00f3ry nadaje si\u0119 do po\u0142\u0105cze\u0144 wielokrotnego u\u017cytku i repozycjonowania. Dowiedz si\u0119 wi\u0119cej.\" \/>\n<meta name=\"robots\" content=\"index, follow, max-snippet:-1, max-image-preview:large, max-video-preview:-1\" \/>\n<link rel=\"canonical\" href=\"https:\/\/cardinal-tapes.com\/pl\/ta\u015bmy-samoprzylepne\/kleje\/3m-75-klej-w-aerozolu-na-bazie-elastomerow-syntetycznych\/\" \/>\n<meta property=\"og:locale\" content=\"pl_PL\" \/>\n<meta property=\"og:type\" content=\"article\" \/>\n<meta property=\"og:title\" content=\"3M 75 Aerosol Adhesive Synthetic Elastomer Base | Cardinal TAPES\" \/>\n<meta property=\"og:description\" content=\"3M Spray 75 charakteryzuje si\u0119 w szczeg\u00f3lno\u015bci klejem w aerozolu, kt\u00f3ry nadaje si\u0119 do po\u0142\u0105cze\u0144 wielokrotnego u\u017cytku i repozycjonowania. Dowiedz si\u0119 wi\u0119cej.\" \/>\n<meta property=\"og:url\" content=\"https:\/\/cardinal-tapes.com\/pl\/ta\u015bmy-samoprzylepne\/kleje\/3m-75-klej-w-aerozolu-na-bazie-elastomerow-syntetycznych\/\" \/>\n<meta property=\"og:site_name\" content=\"cardinal TAPES\" \/>\n<meta property=\"og:image\" content=\"https:\/\/cardinal-tapes.com\/wp-content\/uploads\/3m_aerosol-klebstoff_75.jpg\" \/>\n\t<meta property=\"og:image:width\" content=\"600\" \/>\n\t<meta property=\"og:image:height\" content=\"600\" \/>\n\t<meta property=\"og:image:type\" content=\"image\/jpeg\" \/>\n<meta name=\"twitter:card\" content=\"summary_large_image\" \/>\n<script type=\"application\/ld+json\" class=\"yoast-schema-graph\">{\"@context\":\"https:\\\/\\\/schema.org\",\"@graph\":[{\"@type\":\"WebPage\",\"@id\":\"https:\\\/\\\/cardinal-tapes.com\\\/pl\\\/ta\u015bmy-samoprzylepne\\\/kleje\\\/3m-75-klej-w-aerozolu-na-bazie-elastomerow-syntetycznych\\\/\",\"url\":\"https:\\\/\\\/cardinal-tapes.com\\\/pl\\\/ta\u015bmy-samoprzylepne\\\/kleje\\\/3m-75-klej-w-aerozolu-na-bazie-elastomerow-syntetycznych\\\/\",\"name\":\"3M 75 Aerosol Adhesive Synthetic Elastomer Base | Cardinal TAPES\",\"isPartOf\":{\"@id\":\"https:\\\/\\\/cardinal-tapes.com\\\/#website\"},\"primaryImageOfPage\":{\"@id\":\"https:\\\/\\\/cardinal-tapes.com\\\/pl\\\/ta\u015bmy-samoprzylepne\\\/kleje\\\/3m-75-klej-w-aerozolu-na-bazie-elastomerow-syntetycznych\\\/#primaryimage\"},\"image\":{\"@id\":\"https:\\\/\\\/cardinal-tapes.com\\\/pl\\\/ta\u015bmy-samoprzylepne\\\/kleje\\\/3m-75-klej-w-aerozolu-na-bazie-elastomerow-syntetycznych\\\/#primaryimage\"},\"thumbnailUrl\":\"https:\\\/\\\/cardinal-tapes.com\\\/wp-content\\\/uploads\\\/3m_aerosol-klebstoff_75.jpg\",\"datePublished\":\"2023-06-06T07:50:47+00:00\",\"description\":\"3M Spray 75 charakteryzuje si\u0119 w szczeg\u00f3lno\u015bci klejem w aerozolu, kt\u00f3ry nadaje si\u0119 do po\u0142\u0105cze\u0144 wielokrotnego u\u017cytku i repozycjonowania. Dowiedz si\u0119 wi\u0119cej.\",\"breadcrumb\":{\"@id\":\"https:\\\/\\\/cardinal-tapes.com\\\/pl\\\/ta\u015bmy-samoprzylepne\\\/kleje\\\/3m-75-klej-w-aerozolu-na-bazie-elastomerow-syntetycznych\\\/#breadcrumb\"},\"inLanguage\":\"pl-PL\",\"potentialAction\":[{\"@type\":\"ReadAction\",\"target\":[\"https:\\\/\\\/cardinal-tapes.com\\\/pl\\\/ta\u015bmy-samoprzylepne\\\/kleje\\\/3m-75-klej-w-aerozolu-na-bazie-elastomerow-syntetycznych\\\/\"]}]},{\"@type\":\"ImageObject\",\"inLanguage\":\"pl-PL\",\"@id\":\"https:\\\/\\\/cardinal-tapes.com\\\/pl\\\/ta\u015bmy-samoprzylepne\\\/kleje\\\/3m-75-klej-w-aerozolu-na-bazie-elastomerow-syntetycznych\\\/#primaryimage\",\"url\":\"https:\\\/\\\/cardinal-tapes.com\\\/wp-content\\\/uploads\\\/3m_aerosol-klebstoff_75.jpg\",\"contentUrl\":\"https:\\\/\\\/cardinal-tapes.com\\\/wp-content\\\/uploads\\\/3m_aerosol-klebstoff_75.jpg\",\"width\":600,\"height\":600,\"caption\":\"3M Klej w aerozolu 75\"},{\"@type\":\"BreadcrumbList\",\"@id\":\"https:\\\/\\\/cardinal-tapes.com\\\/pl\\\/ta\u015bmy-samoprzylepne\\\/kleje\\\/3m-75-klej-w-aerozolu-na-bazie-elastomerow-syntetycznych\\\/#breadcrumb\",\"itemListElement\":[{\"@type\":\"ListItem\",\"position\":1,\"name\":\"Startseite\",\"item\":\"https:\\\/\\\/cardinal-tapes.com\\\/pl\\\/strona-glowna\\\/\"},{\"@type\":\"ListItem\",\"position\":2,\"name\":\"Ta\u015bmy samoprzylepne\",\"item\":\"https:\\\/\\\/cardinal-tapes.com\\\/pl\\\/tasmy-samoprzylepne-pl\\\/\"},{\"@type\":\"ListItem\",\"position\":3,\"name\":\"Kleje\",\"item\":\"https:\\\/\\\/cardinal-tapes.com\\\/pl\\\/kategoria\\\/kleje\\\/\"},{\"@type\":\"ListItem\",\"position\":4,\"name\":\"3M\u2122 75 Klej w aerozolu na bazie syntetycznych elastomer\u00f3w\"}]},{\"@type\":\"WebSite\",\"@id\":\"https:\\\/\\\/cardinal-tapes.com\\\/#website\",\"url\":\"https:\\\/\\\/cardinal-tapes.com\\\/\",\"name\":\"cardinal TAPES\",\"description\":\"Klebetechnik aus Wuppertal\",\"potentialAction\":[{\"@type\":\"SearchAction\",\"target\":{\"@type\":\"EntryPoint\",\"urlTemplate\":\"https:\\\/\\\/cardinal-tapes.com\\\/?s={search_term_string}\"},\"query-input\":{\"@type\":\"PropertyValueSpecification\",\"valueRequired\":true,\"valueName\":\"search_term_string\"}}],\"inLanguage\":\"pl-PL\"}]}<\/script>\n<!-- \/ Yoast SEO plugin. -->","yoast_head_json":{"title":"3M 75 Aerosol Adhesive Synthetic Elastomer Base | Cardinal TAPES","description":"3M Spray 75 charakteryzuje si\u0119 w szczeg\u00f3lno\u015bci klejem w aerozolu, kt\u00f3ry nadaje si\u0119 do po\u0142\u0105cze\u0144 wielokrotnego u\u017cytku i repozycjonowania. Dowiedz si\u0119 wi\u0119cej.","robots":{"index":"index","follow":"follow","max-snippet":"max-snippet:-1","max-image-preview":"max-image-preview:large","max-video-preview":"max-video-preview:-1"},"canonical":"https:\/\/cardinal-tapes.com\/pl\/ta\u015bmy-samoprzylepne\/kleje\/3m-75-klej-w-aerozolu-na-bazie-elastomerow-syntetycznych\/","og_locale":"pl_PL","og_type":"article","og_title":"3M 75 Aerosol Adhesive Synthetic Elastomer Base | Cardinal TAPES","og_description":"3M Spray 75 charakteryzuje si\u0119 w szczeg\u00f3lno\u015bci klejem w aerozolu, kt\u00f3ry nadaje si\u0119 do po\u0142\u0105cze\u0144 wielokrotnego u\u017cytku i repozycjonowania. Dowiedz si\u0119 wi\u0119cej.","og_url":"https:\/\/cardinal-tapes.com\/pl\/ta\u015bmy-samoprzylepne\/kleje\/3m-75-klej-w-aerozolu-na-bazie-elastomerow-syntetycznych\/","og_site_name":"cardinal TAPES","og_image":[{"width":600,"height":600,"url":"https:\/\/cardinal-tapes.com\/wp-content\/uploads\/3m_aerosol-klebstoff_75.jpg","type":"image\/jpeg"}],"twitter_card":"summary_large_image","schema":{"@context":"https:\/\/schema.org","@graph":[{"@type":"WebPage","@id":"https:\/\/cardinal-tapes.com\/pl\/ta\u015bmy-samoprzylepne\/kleje\/3m-75-klej-w-aerozolu-na-bazie-elastomerow-syntetycznych\/","url":"https:\/\/cardinal-tapes.com\/pl\/ta\u015bmy-samoprzylepne\/kleje\/3m-75-klej-w-aerozolu-na-bazie-elastomerow-syntetycznych\/","name":"3M 75 Aerosol Adhesive Synthetic Elastomer Base | Cardinal TAPES","isPartOf":{"@id":"https:\/\/cardinal-tapes.com\/#website"},"primaryImageOfPage":{"@id":"https:\/\/cardinal-tapes.com\/pl\/ta\u015bmy-samoprzylepne\/kleje\/3m-75-klej-w-aerozolu-na-bazie-elastomerow-syntetycznych\/#primaryimage"},"image":{"@id":"https:\/\/cardinal-tapes.com\/pl\/ta\u015bmy-samoprzylepne\/kleje\/3m-75-klej-w-aerozolu-na-bazie-elastomerow-syntetycznych\/#primaryimage"},"thumbnailUrl":"https:\/\/cardinal-tapes.com\/wp-content\/uploads\/3m_aerosol-klebstoff_75.jpg","datePublished":"2023-06-06T07:50:47+00:00","description":"3M Spray 75 charakteryzuje si\u0119 w szczeg\u00f3lno\u015bci klejem w aerozolu, kt\u00f3ry nadaje si\u0119 do po\u0142\u0105cze\u0144 wielokrotnego u\u017cytku i repozycjonowania. Dowiedz si\u0119 wi\u0119cej.","breadcrumb":{"@id":"https:\/\/cardinal-tapes.com\/pl\/ta\u015bmy-samoprzylepne\/kleje\/3m-75-klej-w-aerozolu-na-bazie-elastomerow-syntetycznych\/#breadcrumb"},"inLanguage":"pl-PL","potentialAction":[{"@type":"ReadAction","target":["https:\/\/cardinal-tapes.com\/pl\/ta\u015bmy-samoprzylepne\/kleje\/3m-75-klej-w-aerozolu-na-bazie-elastomerow-syntetycznych\/"]}]},{"@type":"ImageObject","inLanguage":"pl-PL","@id":"https:\/\/cardinal-tapes.com\/pl\/ta\u015bmy-samoprzylepne\/kleje\/3m-75-klej-w-aerozolu-na-bazie-elastomerow-syntetycznych\/#primaryimage","url":"https:\/\/cardinal-tapes.com\/wp-content\/uploads\/3m_aerosol-klebstoff_75.jpg","contentUrl":"https:\/\/cardinal-tapes.com\/wp-content\/uploads\/3m_aerosol-klebstoff_75.jpg","width":600,"height":600,"caption":"3M Klej w aerozolu 75"},{"@type":"BreadcrumbList","@id":"https:\/\/cardinal-tapes.com\/pl\/ta\u015bmy-samoprzylepne\/kleje\/3m-75-klej-w-aerozolu-na-bazie-elastomerow-syntetycznych\/#breadcrumb","itemListElement":[{"@type":"ListItem","position":1,"name":"Startseite","item":"https:\/\/cardinal-tapes.com\/pl\/strona-glowna\/"},{"@type":"ListItem","position":2,"name":"Ta\u015bmy samoprzylepne","item":"https:\/\/cardinal-tapes.com\/pl\/tasmy-samoprzylepne-pl\/"},{"@type":"ListItem","position":3,"name":"Kleje","item":"https:\/\/cardinal-tapes.com\/pl\/kategoria\/kleje\/"},{"@type":"ListItem","position":4,"name":"3M\u2122 75 Klej w aerozolu na bazie syntetycznych elastomer\u00f3w"}]},{"@type":"WebSite","@id":"https:\/\/cardinal-tapes.com\/#website","url":"https:\/\/cardinal-tapes.com\/","name":"cardinal TAPES","description":"Klebetechnik aus Wuppertal","potentialAction":[{"@type":"SearchAction","target":{"@type":"EntryPoint","urlTemplate":"https:\/\/cardinal-tapes.com\/?s={search_term_string}"},"query-input":{"@type":"PropertyValueSpecification","valueRequired":true,"valueName":"search_term_string"}}],"inLanguage":"pl-PL"}]}},"brands":[{"id":2168,"name":"3M","slug":"3m-pl"}],"_links":{"self":[{"href":"https:\/\/cardinal-tapes.com\/pl\/wp-json\/wp\/v2\/product\/60350","targetHints":{"allow":["GET"]}}],"collection":[{"href":"https:\/\/cardinal-tapes.com\/pl\/wp-json\/wp\/v2\/product"}],"about":[{"href":"https:\/\/cardinal-tapes.com\/pl\/wp-json\/wp\/v2\/types\/product"}],"wp:featuredmedia":[{"embeddable":true,"href":"https:\/\/cardinal-tapes.com\/pl\/wp-json\/wp\/v2\/media\/25486"}],"wp:attachment":[{"href":"https:\/\/cardinal-tapes.com\/pl\/wp-json\/wp\/v2\/media?parent=60350"}],"wp:term":[{"taxonomy":"pwb-brand","embeddable":true,"href":"https:\/\/cardinal-tapes.com\/pl\/wp-json\/wp\/v2\/pwb-brand?post=60350"},{"taxonomy":"product_brand","embeddable":true,"href":"https:\/\/cardinal-tapes.com\/pl\/wp-json\/wp\/v2\/product_brand?post=60350"},{"taxonomy":"product_cat","embeddable":true,"href":"https:\/\/cardinal-tapes.com\/pl\/wp-json\/wp\/v2\/product_cat?post=60350"},{"taxonomy":"product_tag","embeddable":true,"href":"https:\/\/cardinal-tapes.com\/pl\/wp-json\/wp\/v2\/product_tag?post=60350"}],"curies":[{"name":"wp","href":"https:\/\/api.w.org\/{rel}","templated":true}]}}