{"id":60260,"date":"2017-12-08T09:36:05","date_gmt":"2023-06-05T15:34:47","guid":{"rendered":"https:\/\/cardinal.pixel-tal.de\/klebebaender\/bez-kategorii\/elastyczna-tasma-poliuretanowa-3m-9343\/"},"modified":"2025-07-07T13:08:05","modified_gmt":"2025-07-07T11:08:05","slug":"3m-9343-polyurethan-klebeband-2","status":"publish","type":"product","link":"https:\/\/cardinal-tapes.com\/pl\/ta\u015bmy-samoprzylepne\/jednostronne-tasmy-samoprzylepne\/3m-9343-polyurethan-klebeband-2\/","title":{"rendered":"Elastyczna ta\u015bma poliuretanowa 3M\u2122 9343"},"content":{"rendered":"<p>Elastyczna ta\u015bma poliuretanowa 3M\u2122 9343 zosta\u0142a specjalnie zaprojektowana do redukcji ha\u0142asu, wibracji, pisk\u00f3w i grzechotania we wn\u0119trzach pojazd\u00f3w. Materia\u0142y obecnie dost\u0119pne do tych zastosowa\u0144, takie jak flokowane tkaniny i\/lub filce, nie s\u0105 elastyczne, co ogranicza ich zastosowanie na p\u0142askich powierzchniach. Unikalne pod\u0142o\u017ce z mikrow\u0142\u00f3kna polarowego zapewnia po\u0142\u0105czenie dopasowania, elastyczno\u015bci, \u015bci\u015bliwo\u015bci i trwa\u0142o\u015bci.<\/p>\n<p><strong>W\u0142a\u015bciwo\u015bci<\/strong><br \/>\nTa\u015bm\u0119 samoprzylepn\u0105 9343 mo\u017cna \u0142atwo stosowa\u0107 na nieregularnych powierzchniach i do izolowania przylegaj\u0105cych do siebie cz\u0119\u015bci. Ponadto ta\u015bma jest niezwykle mocna i ma d\u0142ug\u0105 \u017cywotno\u015b\u0107 dzi\u0119ki klejowi akrylowemu.<\/p>\n<p><strong>Zastosowania<\/strong><br \/>\n&#8211; Izolacja akustyczna wewn\u0105trz pojazdu, np. izolacja s\u0105siednich komponent\u00f3w w desce rozdzielczej i obszarach wyko\u0144czenia<br \/>\n&#8211; Zapobieganie zu\u017cyciu s\u0105siednich cz\u0119\u015bci <\/p>\n","protected":false},"excerpt":{"rendered":"<p>Elastyczna ta\u015bma poliuretanowa 3M\u2122 9343 zosta\u0142a specjalnie zaprojektowana do redukcji ha\u0142asu, wibracji, pisk\u00f3w i grzechotania we wn\u0119trzach pojazd\u00f3w. Materia\u0142y obecnie dost\u0119pne do tych zastosowa\u0144, takie jak flokowane tkaniny i\/lub filce, nie s\u0105 elastyczne, co ogranicza ich zastosowanie na p\u0142askich powierzchniach. Unikalne pod\u0142o\u017ce z mikrow\u0142\u00f3kna polarowego zapewnia po\u0142\u0105czenie dopasowania, elastyczno\u015bci, \u015bci\u015bliwo\u015bci i trwa\u0142o\u015bci. W\u0142a\u015bciwo\u015bci Ta\u015bm\u0119 samoprzylepn\u0105 [&hellip;]<\/p>\n","protected":false},"featured_media":24426,"template":"","meta":{"_acf_changed":false},"pwb-brand":[2168],"product_brand":[],"product_cat":[1816],"product_tag":[],"class_list":{"0":"post-60260","1":"product","2":"type-product","3":"status-publish","4":"has-post-thumbnail","6":"pwb-brand-3m-pl","7":"product_cat-jednostronne-tasmy-samoprzylepne","9":"first","10":"instock","11":"taxable","12":"shipping-taxable","13":"purchasable","14":"product-type-variable"},"acf":[],"yoast_head":"<!-- This site is optimized with the Yoast SEO plugin v27.3 - https:\/\/yoast.com\/product\/yoast-seo-wordpress\/ -->\n<title>Elastyczna ta\u015bma poliuretanowa 3M\u2122 9343 | Cardinal TAPES<\/title>\n<meta name=\"description\" content=\"Elastyczna ta\u015bma poliuretanowa 3M\u2122 9343 zosta\u0142a specjalnie zaprojektowana do redukcji ha\u0142asu, wibracji, pisk\u00f3w i grzechotania we wn\u0119trzach pojazd\u00f3w.\" \/>\n<meta name=\"robots\" content=\"index, follow, max-snippet:-1, max-image-preview:large, max-video-preview:-1\" \/>\n<link rel=\"canonical\" href=\"https:\/\/cardinal-tapes.com\/pl\/ta\u015bmy-samoprzylepne\/jednostronne-tasmy-samoprzylepne\/3m-9343-polyurethan-klebeband-2\/\" \/>\n<meta property=\"og:locale\" content=\"pl_PL\" \/>\n<meta property=\"og:type\" content=\"article\" \/>\n<meta property=\"og:title\" content=\"Elastyczna ta\u015bma poliuretanowa 3M\u2122 9343 | Cardinal TAPES\" \/>\n<meta property=\"og:description\" content=\"Elastyczna ta\u015bma poliuretanowa 3M\u2122 9343 zosta\u0142a specjalnie zaprojektowana do redukcji ha\u0142asu, wibracji, pisk\u00f3w i grzechotania we wn\u0119trzach pojazd\u00f3w.\" \/>\n<meta property=\"og:url\" content=\"https:\/\/cardinal-tapes.com\/pl\/ta\u015bmy-samoprzylepne\/jednostronne-tasmy-samoprzylepne\/3m-9343-polyurethan-klebeband-2\/\" \/>\n<meta property=\"og:site_name\" content=\"cardinal TAPES\" \/>\n<meta property=\"article:modified_time\" content=\"2025-07-07T11:08:05+00:00\" \/>\n<meta property=\"og:image\" content=\"https:\/\/cardinal-tapes.com\/wp-content\/uploads\/3m_eleastisches_polyurethanklebeband_9343.jpg\" \/>\n\t<meta property=\"og:image:width\" content=\"600\" \/>\n\t<meta property=\"og:image:height\" content=\"600\" \/>\n\t<meta property=\"og:image:type\" content=\"image\/jpeg\" \/>\n<meta name=\"twitter:card\" content=\"summary_large_image\" \/>\n<meta name=\"twitter:label1\" content=\"Szacowany czas czytania\" \/>\n\t<meta name=\"twitter:data1\" content=\"1 minuta\" \/>\n<script type=\"application\/ld+json\" class=\"yoast-schema-graph\">{\"@context\":\"https:\\\/\\\/schema.org\",\"@graph\":[{\"@type\":\"WebPage\",\"@id\":\"https:\\\/\\\/cardinal-tapes.com\\\/pl\\\/ta\u015bmy-samoprzylepne\\\/jednostronne-tasmy-samoprzylepne\\\/3m-9343-polyurethan-klebeband-2\\\/\",\"url\":\"https:\\\/\\\/cardinal-tapes.com\\\/pl\\\/ta\u015bmy-samoprzylepne\\\/jednostronne-tasmy-samoprzylepne\\\/3m-9343-polyurethan-klebeband-2\\\/\",\"name\":\"Elastyczna ta\u015bma poliuretanowa 3M\u2122 9343 | Cardinal TAPES\",\"isPartOf\":{\"@id\":\"https:\\\/\\\/cardinal-tapes.com\\\/#website\"},\"primaryImageOfPage\":{\"@id\":\"https:\\\/\\\/cardinal-tapes.com\\\/pl\\\/ta\u015bmy-samoprzylepne\\\/jednostronne-tasmy-samoprzylepne\\\/3m-9343-polyurethan-klebeband-2\\\/#primaryimage\"},\"image\":{\"@id\":\"https:\\\/\\\/cardinal-tapes.com\\\/pl\\\/ta\u015bmy-samoprzylepne\\\/jednostronne-tasmy-samoprzylepne\\\/3m-9343-polyurethan-klebeband-2\\\/#primaryimage\"},\"thumbnailUrl\":\"https:\\\/\\\/cardinal-tapes.com\\\/wp-content\\\/uploads\\\/3m_eleastisches_polyurethanklebeband_9343.jpg\",\"datePublished\":\"2023-06-05T15:34:47+00:00\",\"dateModified\":\"2025-07-07T11:08:05+00:00\",\"description\":\"Elastyczna ta\u015bma poliuretanowa 3M\u2122 9343 zosta\u0142a specjalnie zaprojektowana do redukcji ha\u0142asu, wibracji, pisk\u00f3w i grzechotania we wn\u0119trzach pojazd\u00f3w.\",\"breadcrumb\":{\"@id\":\"https:\\\/\\\/cardinal-tapes.com\\\/pl\\\/ta\u015bmy-samoprzylepne\\\/jednostronne-tasmy-samoprzylepne\\\/3m-9343-polyurethan-klebeband-2\\\/#breadcrumb\"},\"inLanguage\":\"pl-PL\",\"potentialAction\":[{\"@type\":\"ReadAction\",\"target\":[\"https:\\\/\\\/cardinal-tapes.com\\\/pl\\\/ta\u015bmy-samoprzylepne\\\/jednostronne-tasmy-samoprzylepne\\\/3m-9343-polyurethan-klebeband-2\\\/\"]}]},{\"@type\":\"ImageObject\",\"inLanguage\":\"pl-PL\",\"@id\":\"https:\\\/\\\/cardinal-tapes.com\\\/pl\\\/ta\u015bmy-samoprzylepne\\\/jednostronne-tasmy-samoprzylepne\\\/3m-9343-polyurethan-klebeband-2\\\/#primaryimage\",\"url\":\"https:\\\/\\\/cardinal-tapes.com\\\/wp-content\\\/uploads\\\/3m_eleastisches_polyurethanklebeband_9343.jpg\",\"contentUrl\":\"https:\\\/\\\/cardinal-tapes.com\\\/wp-content\\\/uploads\\\/3m_eleastisches_polyurethanklebeband_9343.jpg\",\"width\":600,\"height\":600,\"caption\":\"Ta\u015bma poliuretanowa 3M 9343\"},{\"@type\":\"BreadcrumbList\",\"@id\":\"https:\\\/\\\/cardinal-tapes.com\\\/pl\\\/ta\u015bmy-samoprzylepne\\\/jednostronne-tasmy-samoprzylepne\\\/3m-9343-polyurethan-klebeband-2\\\/#breadcrumb\",\"itemListElement\":[{\"@type\":\"ListItem\",\"position\":1,\"name\":\"Startseite\",\"item\":\"https:\\\/\\\/cardinal-tapes.com\\\/pl\\\/strona-glowna\\\/\"},{\"@type\":\"ListItem\",\"position\":2,\"name\":\"Ta\u015bmy samoprzylepne\",\"item\":\"https:\\\/\\\/cardinal-tapes.com\\\/pl\\\/tasmy-samoprzylepne-pl\\\/\"},{\"@type\":\"ListItem\",\"position\":3,\"name\":\"Jednostronne ta\u015bmy samoprzylepne\",\"item\":\"https:\\\/\\\/cardinal-tapes.com\\\/pl\\\/kategoria\\\/jednostronne-tasmy-samoprzylepne\\\/\"},{\"@type\":\"ListItem\",\"position\":4,\"name\":\"Elastyczna ta\u015bma poliuretanowa 3M\u2122 9343\"}]},{\"@type\":\"WebSite\",\"@id\":\"https:\\\/\\\/cardinal-tapes.com\\\/#website\",\"url\":\"https:\\\/\\\/cardinal-tapes.com\\\/\",\"name\":\"cardinal TAPES\",\"description\":\"Klebetechnik aus Wuppertal\",\"potentialAction\":[{\"@type\":\"SearchAction\",\"target\":{\"@type\":\"EntryPoint\",\"urlTemplate\":\"https:\\\/\\\/cardinal-tapes.com\\\/?s={search_term_string}\"},\"query-input\":{\"@type\":\"PropertyValueSpecification\",\"valueRequired\":true,\"valueName\":\"search_term_string\"}}],\"inLanguage\":\"pl-PL\"}]}<\/script>\n<!-- \/ Yoast SEO plugin. -->","yoast_head_json":{"title":"Elastyczna ta\u015bma poliuretanowa 3M\u2122 9343 | Cardinal TAPES","description":"Elastyczna ta\u015bma poliuretanowa 3M\u2122 9343 zosta\u0142a specjalnie zaprojektowana do redukcji ha\u0142asu, wibracji, pisk\u00f3w i grzechotania we wn\u0119trzach pojazd\u00f3w.","robots":{"index":"index","follow":"follow","max-snippet":"max-snippet:-1","max-image-preview":"max-image-preview:large","max-video-preview":"max-video-preview:-1"},"canonical":"https:\/\/cardinal-tapes.com\/pl\/ta\u015bmy-samoprzylepne\/jednostronne-tasmy-samoprzylepne\/3m-9343-polyurethan-klebeband-2\/","og_locale":"pl_PL","og_type":"article","og_title":"Elastyczna ta\u015bma poliuretanowa 3M\u2122 9343 | Cardinal TAPES","og_description":"Elastyczna ta\u015bma poliuretanowa 3M\u2122 9343 zosta\u0142a specjalnie zaprojektowana do redukcji ha\u0142asu, wibracji, pisk\u00f3w i grzechotania we wn\u0119trzach pojazd\u00f3w.","og_url":"https:\/\/cardinal-tapes.com\/pl\/ta\u015bmy-samoprzylepne\/jednostronne-tasmy-samoprzylepne\/3m-9343-polyurethan-klebeband-2\/","og_site_name":"cardinal TAPES","article_modified_time":"2025-07-07T11:08:05+00:00","og_image":[{"width":600,"height":600,"url":"https:\/\/cardinal-tapes.com\/wp-content\/uploads\/3m_eleastisches_polyurethanklebeband_9343.jpg","type":"image\/jpeg"}],"twitter_card":"summary_large_image","twitter_misc":{"Szacowany czas czytania":"1 minuta"},"schema":{"@context":"https:\/\/schema.org","@graph":[{"@type":"WebPage","@id":"https:\/\/cardinal-tapes.com\/pl\/ta\u015bmy-samoprzylepne\/jednostronne-tasmy-samoprzylepne\/3m-9343-polyurethan-klebeband-2\/","url":"https:\/\/cardinal-tapes.com\/pl\/ta\u015bmy-samoprzylepne\/jednostronne-tasmy-samoprzylepne\/3m-9343-polyurethan-klebeband-2\/","name":"Elastyczna ta\u015bma poliuretanowa 3M\u2122 9343 | Cardinal TAPES","isPartOf":{"@id":"https:\/\/cardinal-tapes.com\/#website"},"primaryImageOfPage":{"@id":"https:\/\/cardinal-tapes.com\/pl\/ta\u015bmy-samoprzylepne\/jednostronne-tasmy-samoprzylepne\/3m-9343-polyurethan-klebeband-2\/#primaryimage"},"image":{"@id":"https:\/\/cardinal-tapes.com\/pl\/ta\u015bmy-samoprzylepne\/jednostronne-tasmy-samoprzylepne\/3m-9343-polyurethan-klebeband-2\/#primaryimage"},"thumbnailUrl":"https:\/\/cardinal-tapes.com\/wp-content\/uploads\/3m_eleastisches_polyurethanklebeband_9343.jpg","datePublished":"2023-06-05T15:34:47+00:00","dateModified":"2025-07-07T11:08:05+00:00","description":"Elastyczna ta\u015bma poliuretanowa 3M\u2122 9343 zosta\u0142a specjalnie zaprojektowana do redukcji ha\u0142asu, wibracji, pisk\u00f3w i grzechotania we wn\u0119trzach pojazd\u00f3w.","breadcrumb":{"@id":"https:\/\/cardinal-tapes.com\/pl\/ta\u015bmy-samoprzylepne\/jednostronne-tasmy-samoprzylepne\/3m-9343-polyurethan-klebeband-2\/#breadcrumb"},"inLanguage":"pl-PL","potentialAction":[{"@type":"ReadAction","target":["https:\/\/cardinal-tapes.com\/pl\/ta\u015bmy-samoprzylepne\/jednostronne-tasmy-samoprzylepne\/3m-9343-polyurethan-klebeband-2\/"]}]},{"@type":"ImageObject","inLanguage":"pl-PL","@id":"https:\/\/cardinal-tapes.com\/pl\/ta\u015bmy-samoprzylepne\/jednostronne-tasmy-samoprzylepne\/3m-9343-polyurethan-klebeband-2\/#primaryimage","url":"https:\/\/cardinal-tapes.com\/wp-content\/uploads\/3m_eleastisches_polyurethanklebeband_9343.jpg","contentUrl":"https:\/\/cardinal-tapes.com\/wp-content\/uploads\/3m_eleastisches_polyurethanklebeband_9343.jpg","width":600,"height":600,"caption":"Ta\u015bma poliuretanowa 3M 9343"},{"@type":"BreadcrumbList","@id":"https:\/\/cardinal-tapes.com\/pl\/ta\u015bmy-samoprzylepne\/jednostronne-tasmy-samoprzylepne\/3m-9343-polyurethan-klebeband-2\/#breadcrumb","itemListElement":[{"@type":"ListItem","position":1,"name":"Startseite","item":"https:\/\/cardinal-tapes.com\/pl\/strona-glowna\/"},{"@type":"ListItem","position":2,"name":"Ta\u015bmy samoprzylepne","item":"https:\/\/cardinal-tapes.com\/pl\/tasmy-samoprzylepne-pl\/"},{"@type":"ListItem","position":3,"name":"Jednostronne ta\u015bmy samoprzylepne","item":"https:\/\/cardinal-tapes.com\/pl\/kategoria\/jednostronne-tasmy-samoprzylepne\/"},{"@type":"ListItem","position":4,"name":"Elastyczna ta\u015bma poliuretanowa 3M\u2122 9343"}]},{"@type":"WebSite","@id":"https:\/\/cardinal-tapes.com\/#website","url":"https:\/\/cardinal-tapes.com\/","name":"cardinal TAPES","description":"Klebetechnik aus Wuppertal","potentialAction":[{"@type":"SearchAction","target":{"@type":"EntryPoint","urlTemplate":"https:\/\/cardinal-tapes.com\/?s={search_term_string}"},"query-input":{"@type":"PropertyValueSpecification","valueRequired":true,"valueName":"search_term_string"}}],"inLanguage":"pl-PL"}]}},"brands":[{"id":2168,"name":"3M","slug":"3m-pl"}],"_links":{"self":[{"href":"https:\/\/cardinal-tapes.com\/pl\/wp-json\/wp\/v2\/product\/60260","targetHints":{"allow":["GET"]}}],"collection":[{"href":"https:\/\/cardinal-tapes.com\/pl\/wp-json\/wp\/v2\/product"}],"about":[{"href":"https:\/\/cardinal-tapes.com\/pl\/wp-json\/wp\/v2\/types\/product"}],"wp:featuredmedia":[{"embeddable":true,"href":"https:\/\/cardinal-tapes.com\/pl\/wp-json\/wp\/v2\/media\/24426"}],"wp:attachment":[{"href":"https:\/\/cardinal-tapes.com\/pl\/wp-json\/wp\/v2\/media?parent=60260"}],"wp:term":[{"taxonomy":"pwb-brand","embeddable":true,"href":"https:\/\/cardinal-tapes.com\/pl\/wp-json\/wp\/v2\/pwb-brand?post=60260"},{"taxonomy":"product_brand","embeddable":true,"href":"https:\/\/cardinal-tapes.com\/pl\/wp-json\/wp\/v2\/product_brand?post=60260"},{"taxonomy":"product_cat","embeddable":true,"href":"https:\/\/cardinal-tapes.com\/pl\/wp-json\/wp\/v2\/product_cat?post=60260"},{"taxonomy":"product_tag","embeddable":true,"href":"https:\/\/cardinal-tapes.com\/pl\/wp-json\/wp\/v2\/product_tag?post=60260"}],"curies":[{"name":"wp","href":"https:\/\/api.w.org\/{rel}","templated":true}]}}