{"id":60250,"date":"2017-12-08T09:31:32","date_gmt":"2023-06-05T15:34:46","guid":{"rendered":"https:\/\/cardinal.pixel-tal.de\/klebebaender\/bez-kategorii\/tasma-poliestrowa-3m-8992-l\/"},"modified":"2025-07-07T12:39:10","modified_gmt":"2025-07-07T10:39:10","slug":"3m-8992-tasmy-samoprzylepne-poliestrowe","status":"publish","type":"product","link":"https:\/\/cardinal-tapes.com\/pl\/ta\u015bmy-samoprzylepne\/jednostronne-tasmy-samoprzylepne\/3m-8992-tasmy-samoprzylepne-poliestrowe\/","title":{"rendered":"Ta\u015bma poliestrowa 3M\u2122 8992 L"},"content":{"rendered":"<p>Ta\u015bma poliestrowa 3M\u2122 8992 ma uniwersalne zastosowanie. Idealnie nadaje si\u0119 jako ta\u015bma maskuj\u0105ca w zastosowaniach, w kt\u00f3rych wyst\u0119puj\u0105 wysokie temperatury. Ta\u015bma samoprzylepna pokryta klejem silikonowym tworzy ostre kolorowe kraw\u0119dzie i dlatego doskonale nadaje si\u0119 mi\u0119dzy innymi do maskowania element\u00f3w podczas malowania proszkowego. Mo\u017cna go \u0142atwo usun\u0105\u0107 z wi\u0119kszo\u015bci powierzchni za jednym razem, bez rozpl\u0105tywania lub rozrywania.<\/p>\n<p><strong>W\u0142a\u015bciwo\u015bci<\/strong><br \/>\nTa\u015bma samoprzylepna 8992 ma warstw\u0119 poliestrow\u0105, kt\u00f3ra jest odporna na rozpuszczalniki, wysok\u0105 temperatur\u0119, \u015bcieranie i kurczenie. Zielony kolor zapewnia dobr\u0105 widoczno\u015b\u0107 ta\u015bmy podczas aplikacji i usuwania, a cienki no\u015bnik zapewnia czyst\u0105 kolorow\u0105 kraw\u0119d\u017a. Ponadto wyj\u0105tkowo odporny klej silikonowy umo\u017cliwia stosowanie w wysokich temperaturach. Klej silikonowy mo\u017cna usun\u0105\u0107 z wielu powierzchni bez pozostawiania \u015blad\u00f3w.<\/p>\n<p><strong>Zastosowania<\/strong><br \/>\n&#8211; Maskowanie detali podczas malowania proszkowego<br \/>\n&#8211; Klejenie materia\u0142\u00f3w kompozytowych<br \/>\n&#8211; Pokrywanie powierzchni metalowych w k\u0105pielach kwasowych lub wytrawiaj\u0105cych<br \/>\n&#8211; Jako ochrona powierzchni przed zarysowaniami podczas przenoszenia i transportu<br \/>\n&#8211; Jako pomoc w usuwaniu zadzior\u00f3w podczas \u0142\u0105czenia metali, gdzie nadmiar materia\u0142u (\u017cywicy epoksydowej) sp\u0142ywa na ta\u015bm\u0119 samoprzylepn\u0105<\/p>\n","protected":false},"excerpt":{"rendered":"<p>Ta\u015bma poliestrowa 3M\u2122 8992 ma uniwersalne zastosowanie. Idealnie nadaje si\u0119 jako ta\u015bma maskuj\u0105ca w zastosowaniach, w kt\u00f3rych wyst\u0119puj\u0105 wysokie temperatury. Ta\u015bma samoprzylepna pokryta klejem silikonowym tworzy ostre kolorowe kraw\u0119dzie i dlatego doskonale nadaje si\u0119 mi\u0119dzy innymi do maskowania element\u00f3w podczas malowania proszkowego. Mo\u017cna go \u0142atwo usun\u0105\u0107 z wi\u0119kszo\u015bci powierzchni za jednym razem, bez rozpl\u0105tywania lub [&hellip;]<\/p>\n","protected":false},"featured_media":24430,"template":"","meta":{"_acf_changed":false},"pwb-brand":[2168],"product_brand":[],"product_cat":[1816],"product_tag":[],"class_list":{"0":"post-60250","1":"product","2":"type-product","3":"status-publish","4":"has-post-thumbnail","6":"pwb-brand-3m-pl","7":"product_cat-jednostronne-tasmy-samoprzylepne","9":"first","10":"instock","11":"taxable","12":"shipping-taxable","13":"purchasable","14":"product-type-variable"},"acf":[],"yoast_head":"<!-- This site is optimized with the Yoast SEO plugin v27.3 - https:\/\/yoast.com\/product\/yoast-seo-wordpress\/ -->\n<title>Ta\u015bma poliestrowa 3M\u2122 8992L | Cardinal Tapes<\/title>\n<meta name=\"description\" content=\"Ta\u015bma poliestrowa 3M\u2122 8992 ma uniwersalne zastosowanie. Idealnie nadaje si\u0119 r\u00f3wnie\u017c jako ta\u015bma maskuj\u0105ca w zastosowaniach, w kt\u00f3rych wyst\u0119puj\u0105 wysokie temperatury.\" \/>\n<meta name=\"robots\" content=\"index, follow, max-snippet:-1, max-image-preview:large, max-video-preview:-1\" \/>\n<link rel=\"canonical\" href=\"https:\/\/cardinal-tapes.com\/pl\/ta\u015bmy-samoprzylepne\/jednostronne-tasmy-samoprzylepne\/3m-8992-tasmy-samoprzylepne-poliestrowe\/\" \/>\n<meta property=\"og:locale\" content=\"pl_PL\" \/>\n<meta property=\"og:type\" content=\"article\" \/>\n<meta property=\"og:title\" content=\"Ta\u015bma poliestrowa 3M\u2122 8992L | Cardinal Tapes\" \/>\n<meta property=\"og:description\" content=\"Ta\u015bma poliestrowa 3M\u2122 8992 ma uniwersalne zastosowanie. Idealnie nadaje si\u0119 r\u00f3wnie\u017c jako ta\u015bma maskuj\u0105ca w zastosowaniach, w kt\u00f3rych wyst\u0119puj\u0105 wysokie temperatury.\" \/>\n<meta property=\"og:url\" content=\"https:\/\/cardinal-tapes.com\/pl\/ta\u015bmy-samoprzylepne\/jednostronne-tasmy-samoprzylepne\/3m-8992-tasmy-samoprzylepne-poliestrowe\/\" \/>\n<meta property=\"og:site_name\" content=\"cardinal TAPES\" \/>\n<meta property=\"article:modified_time\" content=\"2025-07-07T10:39:10+00:00\" \/>\n<meta property=\"og:image\" content=\"https:\/\/cardinal-tapes.com\/wp-content\/uploads\/3m_polyesterklebeband_8992.jpg\" \/>\n\t<meta property=\"og:image:width\" content=\"600\" \/>\n\t<meta property=\"og:image:height\" content=\"600\" \/>\n\t<meta property=\"og:image:type\" content=\"image\/jpeg\" \/>\n<meta name=\"twitter:card\" content=\"summary_large_image\" \/>\n<meta name=\"twitter:label1\" content=\"Szacowany czas czytania\" \/>\n\t<meta name=\"twitter:data1\" content=\"1 minuta\" \/>\n<script type=\"application\/ld+json\" class=\"yoast-schema-graph\">{\"@context\":\"https:\\\/\\\/schema.org\",\"@graph\":[{\"@type\":\"WebPage\",\"@id\":\"https:\\\/\\\/cardinal-tapes.com\\\/pl\\\/ta\u015bmy-samoprzylepne\\\/jednostronne-tasmy-samoprzylepne\\\/3m-8992-tasmy-samoprzylepne-poliestrowe\\\/\",\"url\":\"https:\\\/\\\/cardinal-tapes.com\\\/pl\\\/ta\u015bmy-samoprzylepne\\\/jednostronne-tasmy-samoprzylepne\\\/3m-8992-tasmy-samoprzylepne-poliestrowe\\\/\",\"name\":\"Ta\u015bma poliestrowa 3M\u2122 8992L | Cardinal Tapes\",\"isPartOf\":{\"@id\":\"https:\\\/\\\/cardinal-tapes.com\\\/#website\"},\"primaryImageOfPage\":{\"@id\":\"https:\\\/\\\/cardinal-tapes.com\\\/pl\\\/ta\u015bmy-samoprzylepne\\\/jednostronne-tasmy-samoprzylepne\\\/3m-8992-tasmy-samoprzylepne-poliestrowe\\\/#primaryimage\"},\"image\":{\"@id\":\"https:\\\/\\\/cardinal-tapes.com\\\/pl\\\/ta\u015bmy-samoprzylepne\\\/jednostronne-tasmy-samoprzylepne\\\/3m-8992-tasmy-samoprzylepne-poliestrowe\\\/#primaryimage\"},\"thumbnailUrl\":\"https:\\\/\\\/cardinal-tapes.com\\\/wp-content\\\/uploads\\\/3m_polyesterklebeband_8992.jpg\",\"datePublished\":\"2023-06-05T15:34:46+00:00\",\"dateModified\":\"2025-07-07T10:39:10+00:00\",\"description\":\"Ta\u015bma poliestrowa 3M\u2122 8992 ma uniwersalne zastosowanie. Idealnie nadaje si\u0119 r\u00f3wnie\u017c jako ta\u015bma maskuj\u0105ca w zastosowaniach, w kt\u00f3rych wyst\u0119puj\u0105 wysokie temperatury.\",\"breadcrumb\":{\"@id\":\"https:\\\/\\\/cardinal-tapes.com\\\/pl\\\/ta\u015bmy-samoprzylepne\\\/jednostronne-tasmy-samoprzylepne\\\/3m-8992-tasmy-samoprzylepne-poliestrowe\\\/#breadcrumb\"},\"inLanguage\":\"pl-PL\",\"potentialAction\":[{\"@type\":\"ReadAction\",\"target\":[\"https:\\\/\\\/cardinal-tapes.com\\\/pl\\\/ta\u015bmy-samoprzylepne\\\/jednostronne-tasmy-samoprzylepne\\\/3m-8992-tasmy-samoprzylepne-poliestrowe\\\/\"]}]},{\"@type\":\"ImageObject\",\"inLanguage\":\"pl-PL\",\"@id\":\"https:\\\/\\\/cardinal-tapes.com\\\/pl\\\/ta\u015bmy-samoprzylepne\\\/jednostronne-tasmy-samoprzylepne\\\/3m-8992-tasmy-samoprzylepne-poliestrowe\\\/#primaryimage\",\"url\":\"https:\\\/\\\/cardinal-tapes.com\\\/wp-content\\\/uploads\\\/3m_polyesterklebeband_8992.jpg\",\"contentUrl\":\"https:\\\/\\\/cardinal-tapes.com\\\/wp-content\\\/uploads\\\/3m_polyesterklebeband_8992.jpg\",\"width\":600,\"height\":600,\"caption\":\"Ta\u015bma poliestrowa 3M 8992\"},{\"@type\":\"BreadcrumbList\",\"@id\":\"https:\\\/\\\/cardinal-tapes.com\\\/pl\\\/ta\u015bmy-samoprzylepne\\\/jednostronne-tasmy-samoprzylepne\\\/3m-8992-tasmy-samoprzylepne-poliestrowe\\\/#breadcrumb\",\"itemListElement\":[{\"@type\":\"ListItem\",\"position\":1,\"name\":\"Startseite\",\"item\":\"https:\\\/\\\/cardinal-tapes.com\\\/pl\\\/strona-glowna\\\/\"},{\"@type\":\"ListItem\",\"position\":2,\"name\":\"Ta\u015bmy samoprzylepne\",\"item\":\"https:\\\/\\\/cardinal-tapes.com\\\/pl\\\/tasmy-samoprzylepne-pl\\\/\"},{\"@type\":\"ListItem\",\"position\":3,\"name\":\"Jednostronne ta\u015bmy samoprzylepne\",\"item\":\"https:\\\/\\\/cardinal-tapes.com\\\/pl\\\/kategoria\\\/jednostronne-tasmy-samoprzylepne\\\/\"},{\"@type\":\"ListItem\",\"position\":4,\"name\":\"Ta\u015bma poliestrowa 3M\u2122 8992 L\"}]},{\"@type\":\"WebSite\",\"@id\":\"https:\\\/\\\/cardinal-tapes.com\\\/#website\",\"url\":\"https:\\\/\\\/cardinal-tapes.com\\\/\",\"name\":\"cardinal TAPES\",\"description\":\"Klebetechnik aus Wuppertal\",\"potentialAction\":[{\"@type\":\"SearchAction\",\"target\":{\"@type\":\"EntryPoint\",\"urlTemplate\":\"https:\\\/\\\/cardinal-tapes.com\\\/?s={search_term_string}\"},\"query-input\":{\"@type\":\"PropertyValueSpecification\",\"valueRequired\":true,\"valueName\":\"search_term_string\"}}],\"inLanguage\":\"pl-PL\"}]}<\/script>\n<!-- \/ Yoast SEO plugin. -->","yoast_head_json":{"title":"Ta\u015bma poliestrowa 3M\u2122 8992L | Cardinal Tapes","description":"Ta\u015bma poliestrowa 3M\u2122 8992 ma uniwersalne zastosowanie. Idealnie nadaje si\u0119 r\u00f3wnie\u017c jako ta\u015bma maskuj\u0105ca w zastosowaniach, w kt\u00f3rych wyst\u0119puj\u0105 wysokie temperatury.","robots":{"index":"index","follow":"follow","max-snippet":"max-snippet:-1","max-image-preview":"max-image-preview:large","max-video-preview":"max-video-preview:-1"},"canonical":"https:\/\/cardinal-tapes.com\/pl\/ta\u015bmy-samoprzylepne\/jednostronne-tasmy-samoprzylepne\/3m-8992-tasmy-samoprzylepne-poliestrowe\/","og_locale":"pl_PL","og_type":"article","og_title":"Ta\u015bma poliestrowa 3M\u2122 8992L | Cardinal Tapes","og_description":"Ta\u015bma poliestrowa 3M\u2122 8992 ma uniwersalne zastosowanie. Idealnie nadaje si\u0119 r\u00f3wnie\u017c jako ta\u015bma maskuj\u0105ca w zastosowaniach, w kt\u00f3rych wyst\u0119puj\u0105 wysokie temperatury.","og_url":"https:\/\/cardinal-tapes.com\/pl\/ta\u015bmy-samoprzylepne\/jednostronne-tasmy-samoprzylepne\/3m-8992-tasmy-samoprzylepne-poliestrowe\/","og_site_name":"cardinal TAPES","article_modified_time":"2025-07-07T10:39:10+00:00","og_image":[{"width":600,"height":600,"url":"https:\/\/cardinal-tapes.com\/wp-content\/uploads\/3m_polyesterklebeband_8992.jpg","type":"image\/jpeg"}],"twitter_card":"summary_large_image","twitter_misc":{"Szacowany czas czytania":"1 minuta"},"schema":{"@context":"https:\/\/schema.org","@graph":[{"@type":"WebPage","@id":"https:\/\/cardinal-tapes.com\/pl\/ta\u015bmy-samoprzylepne\/jednostronne-tasmy-samoprzylepne\/3m-8992-tasmy-samoprzylepne-poliestrowe\/","url":"https:\/\/cardinal-tapes.com\/pl\/ta\u015bmy-samoprzylepne\/jednostronne-tasmy-samoprzylepne\/3m-8992-tasmy-samoprzylepne-poliestrowe\/","name":"Ta\u015bma poliestrowa 3M\u2122 8992L | Cardinal Tapes","isPartOf":{"@id":"https:\/\/cardinal-tapes.com\/#website"},"primaryImageOfPage":{"@id":"https:\/\/cardinal-tapes.com\/pl\/ta\u015bmy-samoprzylepne\/jednostronne-tasmy-samoprzylepne\/3m-8992-tasmy-samoprzylepne-poliestrowe\/#primaryimage"},"image":{"@id":"https:\/\/cardinal-tapes.com\/pl\/ta\u015bmy-samoprzylepne\/jednostronne-tasmy-samoprzylepne\/3m-8992-tasmy-samoprzylepne-poliestrowe\/#primaryimage"},"thumbnailUrl":"https:\/\/cardinal-tapes.com\/wp-content\/uploads\/3m_polyesterklebeband_8992.jpg","datePublished":"2023-06-05T15:34:46+00:00","dateModified":"2025-07-07T10:39:10+00:00","description":"Ta\u015bma poliestrowa 3M\u2122 8992 ma uniwersalne zastosowanie. Idealnie nadaje si\u0119 r\u00f3wnie\u017c jako ta\u015bma maskuj\u0105ca w zastosowaniach, w kt\u00f3rych wyst\u0119puj\u0105 wysokie temperatury.","breadcrumb":{"@id":"https:\/\/cardinal-tapes.com\/pl\/ta\u015bmy-samoprzylepne\/jednostronne-tasmy-samoprzylepne\/3m-8992-tasmy-samoprzylepne-poliestrowe\/#breadcrumb"},"inLanguage":"pl-PL","potentialAction":[{"@type":"ReadAction","target":["https:\/\/cardinal-tapes.com\/pl\/ta\u015bmy-samoprzylepne\/jednostronne-tasmy-samoprzylepne\/3m-8992-tasmy-samoprzylepne-poliestrowe\/"]}]},{"@type":"ImageObject","inLanguage":"pl-PL","@id":"https:\/\/cardinal-tapes.com\/pl\/ta\u015bmy-samoprzylepne\/jednostronne-tasmy-samoprzylepne\/3m-8992-tasmy-samoprzylepne-poliestrowe\/#primaryimage","url":"https:\/\/cardinal-tapes.com\/wp-content\/uploads\/3m_polyesterklebeband_8992.jpg","contentUrl":"https:\/\/cardinal-tapes.com\/wp-content\/uploads\/3m_polyesterklebeband_8992.jpg","width":600,"height":600,"caption":"Ta\u015bma poliestrowa 3M 8992"},{"@type":"BreadcrumbList","@id":"https:\/\/cardinal-tapes.com\/pl\/ta\u015bmy-samoprzylepne\/jednostronne-tasmy-samoprzylepne\/3m-8992-tasmy-samoprzylepne-poliestrowe\/#breadcrumb","itemListElement":[{"@type":"ListItem","position":1,"name":"Startseite","item":"https:\/\/cardinal-tapes.com\/pl\/strona-glowna\/"},{"@type":"ListItem","position":2,"name":"Ta\u015bmy samoprzylepne","item":"https:\/\/cardinal-tapes.com\/pl\/tasmy-samoprzylepne-pl\/"},{"@type":"ListItem","position":3,"name":"Jednostronne ta\u015bmy samoprzylepne","item":"https:\/\/cardinal-tapes.com\/pl\/kategoria\/jednostronne-tasmy-samoprzylepne\/"},{"@type":"ListItem","position":4,"name":"Ta\u015bma poliestrowa 3M\u2122 8992 L"}]},{"@type":"WebSite","@id":"https:\/\/cardinal-tapes.com\/#website","url":"https:\/\/cardinal-tapes.com\/","name":"cardinal TAPES","description":"Klebetechnik aus Wuppertal","potentialAction":[{"@type":"SearchAction","target":{"@type":"EntryPoint","urlTemplate":"https:\/\/cardinal-tapes.com\/?s={search_term_string}"},"query-input":{"@type":"PropertyValueSpecification","valueRequired":true,"valueName":"search_term_string"}}],"inLanguage":"pl-PL"}]}},"brands":[{"id":2168,"name":"3M","slug":"3m-pl"}],"_links":{"self":[{"href":"https:\/\/cardinal-tapes.com\/pl\/wp-json\/wp\/v2\/product\/60250","targetHints":{"allow":["GET"]}}],"collection":[{"href":"https:\/\/cardinal-tapes.com\/pl\/wp-json\/wp\/v2\/product"}],"about":[{"href":"https:\/\/cardinal-tapes.com\/pl\/wp-json\/wp\/v2\/types\/product"}],"wp:featuredmedia":[{"embeddable":true,"href":"https:\/\/cardinal-tapes.com\/pl\/wp-json\/wp\/v2\/media\/24430"}],"wp:attachment":[{"href":"https:\/\/cardinal-tapes.com\/pl\/wp-json\/wp\/v2\/media?parent=60250"}],"wp:term":[{"taxonomy":"pwb-brand","embeddable":true,"href":"https:\/\/cardinal-tapes.com\/pl\/wp-json\/wp\/v2\/pwb-brand?post=60250"},{"taxonomy":"product_brand","embeddable":true,"href":"https:\/\/cardinal-tapes.com\/pl\/wp-json\/wp\/v2\/product_brand?post=60250"},{"taxonomy":"product_cat","embeddable":true,"href":"https:\/\/cardinal-tapes.com\/pl\/wp-json\/wp\/v2\/product_cat?post=60250"},{"taxonomy":"product_tag","embeddable":true,"href":"https:\/\/cardinal-tapes.com\/pl\/wp-json\/wp\/v2\/product_tag?post=60250"}],"curies":[{"name":"wp","href":"https:\/\/api.w.org\/{rel}","templated":true}]}}