{"id":59936,"date":"2018-02-07T11:12:41","date_gmt":"2023-06-05T15:29:44","guid":{"rendered":"https:\/\/cardinal.pixel-tal.de\/klebebaender\/bez-kategorii\/uniwersalna-papierowa-tasma-maskujaca-tesakrepp-4322\/"},"modified":"2023-06-05T17:33:34","modified_gmt":"2023-06-05T15:33:34","slug":"tesa-4322-universal-papierowa-tasma-maskujaca","status":"publish","type":"product","link":"https:\/\/cardinal-tapes.com\/pl\/ta\u015bmy-samoprzylepne\/obszary-zastosowan\/przemysl-motoryzacyjny\/tesa-4322-universal-papierowa-tasma-maskujaca\/","title":{"rendered":"Uniwersalna papierowa ta\u015bma maskuj\u0105ca tesakrepp\u00ae 4322"},"content":{"rendered":"<p><sup>tesakrepp\u00ae<\/sup> 4322 to mocno krepowana uniwersalna papierowa ta\u015bma maskuj\u0105ca o bardzo du\u017cej sile klejenia. Niezwykle wysoka rezerwa wyd\u0142u\u017cenia elastycznego no\u015bnika umo\u017cliwia doskona\u0142e, mocno przylegaj\u0105ce klejenie nawet w krzywiznach o ma\u0142ych promieniach, na chropowatych pod\u0142o\u017cach lub o trudnych kszta\u0142tach.<\/p>\n<p><strong>W\u0142a\u015bciwo\u015bci<\/strong><br \/>\n&#8211; Odporno\u015b\u0107 na temperatur\u0119<br \/>\n&#8211; Dobra przyczepno\u015b\u0107 do kolor\u00f3w<br \/>\n&#8211; Rozrywany r\u0119cznie<\/p>\n<p><strong>Zastosowania &#8211;<br \/>\n<\/strong>&#8211; Maskowanie podczas malowania lakierami schn\u0105cymi na powietrzu.<br \/>\n&#8211; Do\u0142\u0105czanie papierowych masek.<br \/>\n&#8211; Pakowanie i \u0142\u0105czenie.<br \/>\n&#8211; Przykry\u0107 przed natryskiem ochrony podwozia samochodu.<br \/>\n&#8211; Klejenie szw\u00f3w (ta\u015bma wzmacniaj\u0105ca) w przemy\u015ble obuwniczym.<\/p>\n<p>&nbsp;<\/p>\n<p>&nbsp;<\/p>\n","protected":false},"excerpt":{"rendered":"<p>tesakrepp\u00ae 4322 to mocno krepowana uniwersalna papierowa ta\u015bma maskuj\u0105ca o bardzo du\u017cej sile klejenia. Niezwykle wysoka rezerwa wyd\u0142u\u017cenia elastycznego no\u015bnika umo\u017cliwia doskona\u0142e, mocno przylegaj\u0105ce klejenie nawet w krzywiznach o ma\u0142ych promieniach, na chropowatych pod\u0142o\u017cach lub o trudnych kszta\u0142tach. W\u0142a\u015bciwo\u015bci &#8211; Odporno\u015b\u0107 na temperatur\u0119 &#8211; Dobra przyczepno\u015b\u0107 do kolor\u00f3w &#8211; Rozrywany r\u0119cznie Zastosowania &#8211; &#8211; Maskowanie [&hellip;]<\/p>\n","protected":false},"featured_media":26218,"template":"","meta":{"_acf_changed":false},"pwb-brand":[2164],"product_brand":[],"product_cat":[1687,1786,1816],"product_tag":[],"class_list":{"0":"post-59936","1":"product","2":"type-product","3":"status-publish","4":"has-post-thumbnail","6":"pwb-brand-tesa-pl","7":"product_cat-przemysl-motoryzacyjny","8":"product_cat-tasma-papierowa","9":"product_cat-jednostronne-tasmy-samoprzylepne","11":"first","12":"instock","13":"taxable","14":"shipping-taxable","15":"purchasable","16":"product-type-variable"},"acf":[],"yoast_head":"<!-- This site is optimized with the Yoast SEO plugin v27.3 - https:\/\/yoast.com\/product\/yoast-seo-wordpress\/ -->\n<title>Uniwersalna papierowa ta\u015bma maskuj\u0105ca tesa 4322 | Cardinal TAPES<\/title>\n<meta name=\"description\" content=\"Ta\u015bma tesa 4322 to mocno krepowana uniwersalna papierowa ta\u015bma maskuj\u0105ca. Oferuje bardzo wysok\u0105 si\u0142\u0119 klejenia, a tak\u017ce niezwykle wysok\u0105 rezerw\u0119 wyd\u0142u\u017cenia.\" \/>\n<meta name=\"robots\" content=\"index, follow, max-snippet:-1, max-image-preview:large, max-video-preview:-1\" \/>\n<link rel=\"canonical\" href=\"https:\/\/cardinal-tapes.com\/pl\/ta\u015bmy-samoprzylepne\/przemysl-motoryzacyjny\/tesa-4322-universal-papierowa-tasma-maskujaca\/\" \/>\n<meta property=\"og:locale\" content=\"pl_PL\" \/>\n<meta property=\"og:type\" content=\"article\" \/>\n<meta property=\"og:title\" content=\"Uniwersalna papierowa ta\u015bma maskuj\u0105ca tesa 4322 | Cardinal TAPES\" \/>\n<meta property=\"og:description\" content=\"Ta\u015bma tesa 4322 to mocno krepowana uniwersalna papierowa ta\u015bma maskuj\u0105ca. Oferuje bardzo wysok\u0105 si\u0142\u0119 klejenia, a tak\u017ce niezwykle wysok\u0105 rezerw\u0119 wyd\u0142u\u017cenia.\" \/>\n<meta property=\"og:url\" content=\"https:\/\/cardinal-tapes.com\/pl\/ta\u015bmy-samoprzylepne\/przemysl-motoryzacyjny\/tesa-4322-universal-papierowa-tasma-maskujaca\/\" \/>\n<meta property=\"og:site_name\" content=\"cardinal TAPES\" \/>\n<meta property=\"article:modified_time\" content=\"2023-06-05T15:33:34+00:00\" \/>\n<meta property=\"og:image\" content=\"https:\/\/cardinal-tapes.com\/wp-content\/uploads\/tesa-04322.jpg\" \/>\n\t<meta property=\"og:image:width\" content=\"600\" \/>\n\t<meta property=\"og:image:height\" content=\"600\" \/>\n\t<meta property=\"og:image:type\" content=\"image\/jpeg\" \/>\n<meta name=\"twitter:card\" content=\"summary_large_image\" \/>\n<meta name=\"twitter:label1\" content=\"Szacowany czas czytania\" \/>\n\t<meta name=\"twitter:data1\" content=\"1 minuta\" \/>\n<script type=\"application\/ld+json\" class=\"yoast-schema-graph\">{\"@context\":\"https:\\\/\\\/schema.org\",\"@graph\":[{\"@type\":\"WebPage\",\"@id\":\"https:\\\/\\\/cardinal-tapes.com\\\/pl\\\/ta\u015bmy-samoprzylepne\\\/przemysl-motoryzacyjny\\\/tesa-4322-universal-papierowa-tasma-maskujaca\\\/\",\"url\":\"https:\\\/\\\/cardinal-tapes.com\\\/pl\\\/ta\u015bmy-samoprzylepne\\\/przemysl-motoryzacyjny\\\/tesa-4322-universal-papierowa-tasma-maskujaca\\\/\",\"name\":\"Uniwersalna papierowa ta\u015bma maskuj\u0105ca tesa 4322 | Cardinal TAPES\",\"isPartOf\":{\"@id\":\"https:\\\/\\\/cardinal-tapes.com\\\/#website\"},\"primaryImageOfPage\":{\"@id\":\"https:\\\/\\\/cardinal-tapes.com\\\/pl\\\/ta\u015bmy-samoprzylepne\\\/przemysl-motoryzacyjny\\\/tesa-4322-universal-papierowa-tasma-maskujaca\\\/#primaryimage\"},\"image\":{\"@id\":\"https:\\\/\\\/cardinal-tapes.com\\\/pl\\\/ta\u015bmy-samoprzylepne\\\/przemysl-motoryzacyjny\\\/tesa-4322-universal-papierowa-tasma-maskujaca\\\/#primaryimage\"},\"thumbnailUrl\":\"https:\\\/\\\/cardinal-tapes.com\\\/wp-content\\\/uploads\\\/tesa-04322.jpg\",\"datePublished\":\"2023-06-05T15:29:44+00:00\",\"dateModified\":\"2023-06-05T15:33:34+00:00\",\"description\":\"Ta\u015bma tesa 4322 to mocno krepowana uniwersalna papierowa ta\u015bma maskuj\u0105ca. Oferuje bardzo wysok\u0105 si\u0142\u0119 klejenia, a tak\u017ce niezwykle wysok\u0105 rezerw\u0119 wyd\u0142u\u017cenia.\",\"breadcrumb\":{\"@id\":\"https:\\\/\\\/cardinal-tapes.com\\\/pl\\\/ta\u015bmy-samoprzylepne\\\/przemysl-motoryzacyjny\\\/tesa-4322-universal-papierowa-tasma-maskujaca\\\/#breadcrumb\"},\"inLanguage\":\"pl-PL\",\"potentialAction\":[{\"@type\":\"ReadAction\",\"target\":[\"https:\\\/\\\/cardinal-tapes.com\\\/pl\\\/ta\u015bmy-samoprzylepne\\\/przemysl-motoryzacyjny\\\/tesa-4322-universal-papierowa-tasma-maskujaca\\\/\"]}]},{\"@type\":\"ImageObject\",\"inLanguage\":\"pl-PL\",\"@id\":\"https:\\\/\\\/cardinal-tapes.com\\\/pl\\\/ta\u015bmy-samoprzylepne\\\/przemysl-motoryzacyjny\\\/tesa-4322-universal-papierowa-tasma-maskujaca\\\/#primaryimage\",\"url\":\"https:\\\/\\\/cardinal-tapes.com\\\/wp-content\\\/uploads\\\/tesa-04322.jpg\",\"contentUrl\":\"https:\\\/\\\/cardinal-tapes.com\\\/wp-content\\\/uploads\\\/tesa-04322.jpg\",\"width\":600,\"height\":600,\"caption\":\"tesa 4322\"},{\"@type\":\"BreadcrumbList\",\"@id\":\"https:\\\/\\\/cardinal-tapes.com\\\/pl\\\/ta\u015bmy-samoprzylepne\\\/przemysl-motoryzacyjny\\\/tesa-4322-universal-papierowa-tasma-maskujaca\\\/#breadcrumb\",\"itemListElement\":[{\"@type\":\"ListItem\",\"position\":1,\"name\":\"Startseite\",\"item\":\"https:\\\/\\\/cardinal-tapes.com\\\/pl\\\/strona-glowna\\\/\"},{\"@type\":\"ListItem\",\"position\":2,\"name\":\"Ta\u015bmy samoprzylepne\",\"item\":\"https:\\\/\\\/cardinal-tapes.com\\\/pl\\\/tasmy-samoprzylepne-pl\\\/\"},{\"@type\":\"ListItem\",\"position\":3,\"name\":\"Przemys\u0142 motoryzacyjny\",\"item\":\"https:\\\/\\\/cardinal-tapes.com\\\/pl\\\/kategoria\\\/przemysl-motoryzacyjny\\\/\"},{\"@type\":\"ListItem\",\"position\":4,\"name\":\"Uniwersalna papierowa ta\u015bma maskuj\u0105ca tesakrepp\u00ae 4322\"}]},{\"@type\":\"WebSite\",\"@id\":\"https:\\\/\\\/cardinal-tapes.com\\\/#website\",\"url\":\"https:\\\/\\\/cardinal-tapes.com\\\/\",\"name\":\"cardinal TAPES\",\"description\":\"Klebetechnik aus Wuppertal\",\"potentialAction\":[{\"@type\":\"SearchAction\",\"target\":{\"@type\":\"EntryPoint\",\"urlTemplate\":\"https:\\\/\\\/cardinal-tapes.com\\\/?s={search_term_string}\"},\"query-input\":{\"@type\":\"PropertyValueSpecification\",\"valueRequired\":true,\"valueName\":\"search_term_string\"}}],\"inLanguage\":\"pl-PL\"}]}<\/script>\n<!-- \/ Yoast SEO plugin. -->","yoast_head_json":{"title":"Uniwersalna papierowa ta\u015bma maskuj\u0105ca tesa 4322 | Cardinal TAPES","description":"Ta\u015bma tesa 4322 to mocno krepowana uniwersalna papierowa ta\u015bma maskuj\u0105ca. Oferuje bardzo wysok\u0105 si\u0142\u0119 klejenia, a tak\u017ce niezwykle wysok\u0105 rezerw\u0119 wyd\u0142u\u017cenia.","robots":{"index":"index","follow":"follow","max-snippet":"max-snippet:-1","max-image-preview":"max-image-preview:large","max-video-preview":"max-video-preview:-1"},"canonical":"https:\/\/cardinal-tapes.com\/pl\/ta\u015bmy-samoprzylepne\/przemysl-motoryzacyjny\/tesa-4322-universal-papierowa-tasma-maskujaca\/","og_locale":"pl_PL","og_type":"article","og_title":"Uniwersalna papierowa ta\u015bma maskuj\u0105ca tesa 4322 | Cardinal TAPES","og_description":"Ta\u015bma tesa 4322 to mocno krepowana uniwersalna papierowa ta\u015bma maskuj\u0105ca. Oferuje bardzo wysok\u0105 si\u0142\u0119 klejenia, a tak\u017ce niezwykle wysok\u0105 rezerw\u0119 wyd\u0142u\u017cenia.","og_url":"https:\/\/cardinal-tapes.com\/pl\/ta\u015bmy-samoprzylepne\/przemysl-motoryzacyjny\/tesa-4322-universal-papierowa-tasma-maskujaca\/","og_site_name":"cardinal TAPES","article_modified_time":"2023-06-05T15:33:34+00:00","og_image":[{"width":600,"height":600,"url":"https:\/\/cardinal-tapes.com\/wp-content\/uploads\/tesa-04322.jpg","type":"image\/jpeg"}],"twitter_card":"summary_large_image","twitter_misc":{"Szacowany czas czytania":"1 minuta"},"schema":{"@context":"https:\/\/schema.org","@graph":[{"@type":"WebPage","@id":"https:\/\/cardinal-tapes.com\/pl\/ta\u015bmy-samoprzylepne\/przemysl-motoryzacyjny\/tesa-4322-universal-papierowa-tasma-maskujaca\/","url":"https:\/\/cardinal-tapes.com\/pl\/ta\u015bmy-samoprzylepne\/przemysl-motoryzacyjny\/tesa-4322-universal-papierowa-tasma-maskujaca\/","name":"Uniwersalna papierowa ta\u015bma maskuj\u0105ca tesa 4322 | Cardinal TAPES","isPartOf":{"@id":"https:\/\/cardinal-tapes.com\/#website"},"primaryImageOfPage":{"@id":"https:\/\/cardinal-tapes.com\/pl\/ta\u015bmy-samoprzylepne\/przemysl-motoryzacyjny\/tesa-4322-universal-papierowa-tasma-maskujaca\/#primaryimage"},"image":{"@id":"https:\/\/cardinal-tapes.com\/pl\/ta\u015bmy-samoprzylepne\/przemysl-motoryzacyjny\/tesa-4322-universal-papierowa-tasma-maskujaca\/#primaryimage"},"thumbnailUrl":"https:\/\/cardinal-tapes.com\/wp-content\/uploads\/tesa-04322.jpg","datePublished":"2023-06-05T15:29:44+00:00","dateModified":"2023-06-05T15:33:34+00:00","description":"Ta\u015bma tesa 4322 to mocno krepowana uniwersalna papierowa ta\u015bma maskuj\u0105ca. Oferuje bardzo wysok\u0105 si\u0142\u0119 klejenia, a tak\u017ce niezwykle wysok\u0105 rezerw\u0119 wyd\u0142u\u017cenia.","breadcrumb":{"@id":"https:\/\/cardinal-tapes.com\/pl\/ta\u015bmy-samoprzylepne\/przemysl-motoryzacyjny\/tesa-4322-universal-papierowa-tasma-maskujaca\/#breadcrumb"},"inLanguage":"pl-PL","potentialAction":[{"@type":"ReadAction","target":["https:\/\/cardinal-tapes.com\/pl\/ta\u015bmy-samoprzylepne\/przemysl-motoryzacyjny\/tesa-4322-universal-papierowa-tasma-maskujaca\/"]}]},{"@type":"ImageObject","inLanguage":"pl-PL","@id":"https:\/\/cardinal-tapes.com\/pl\/ta\u015bmy-samoprzylepne\/przemysl-motoryzacyjny\/tesa-4322-universal-papierowa-tasma-maskujaca\/#primaryimage","url":"https:\/\/cardinal-tapes.com\/wp-content\/uploads\/tesa-04322.jpg","contentUrl":"https:\/\/cardinal-tapes.com\/wp-content\/uploads\/tesa-04322.jpg","width":600,"height":600,"caption":"tesa 4322"},{"@type":"BreadcrumbList","@id":"https:\/\/cardinal-tapes.com\/pl\/ta\u015bmy-samoprzylepne\/przemysl-motoryzacyjny\/tesa-4322-universal-papierowa-tasma-maskujaca\/#breadcrumb","itemListElement":[{"@type":"ListItem","position":1,"name":"Startseite","item":"https:\/\/cardinal-tapes.com\/pl\/strona-glowna\/"},{"@type":"ListItem","position":2,"name":"Ta\u015bmy samoprzylepne","item":"https:\/\/cardinal-tapes.com\/pl\/tasmy-samoprzylepne-pl\/"},{"@type":"ListItem","position":3,"name":"Przemys\u0142 motoryzacyjny","item":"https:\/\/cardinal-tapes.com\/pl\/kategoria\/przemysl-motoryzacyjny\/"},{"@type":"ListItem","position":4,"name":"Uniwersalna papierowa ta\u015bma maskuj\u0105ca tesakrepp\u00ae 4322"}]},{"@type":"WebSite","@id":"https:\/\/cardinal-tapes.com\/#website","url":"https:\/\/cardinal-tapes.com\/","name":"cardinal TAPES","description":"Klebetechnik aus Wuppertal","potentialAction":[{"@type":"SearchAction","target":{"@type":"EntryPoint","urlTemplate":"https:\/\/cardinal-tapes.com\/?s={search_term_string}"},"query-input":{"@type":"PropertyValueSpecification","valueRequired":true,"valueName":"search_term_string"}}],"inLanguage":"pl-PL"}]}},"brands":[{"id":2164,"name":"tesa","slug":"tesa-pl"}],"_links":{"self":[{"href":"https:\/\/cardinal-tapes.com\/pl\/wp-json\/wp\/v2\/product\/59936","targetHints":{"allow":["GET"]}}],"collection":[{"href":"https:\/\/cardinal-tapes.com\/pl\/wp-json\/wp\/v2\/product"}],"about":[{"href":"https:\/\/cardinal-tapes.com\/pl\/wp-json\/wp\/v2\/types\/product"}],"wp:featuredmedia":[{"embeddable":true,"href":"https:\/\/cardinal-tapes.com\/pl\/wp-json\/wp\/v2\/media\/26218"}],"wp:attachment":[{"href":"https:\/\/cardinal-tapes.com\/pl\/wp-json\/wp\/v2\/media?parent=59936"}],"wp:term":[{"taxonomy":"pwb-brand","embeddable":true,"href":"https:\/\/cardinal-tapes.com\/pl\/wp-json\/wp\/v2\/pwb-brand?post=59936"},{"taxonomy":"product_brand","embeddable":true,"href":"https:\/\/cardinal-tapes.com\/pl\/wp-json\/wp\/v2\/product_brand?post=59936"},{"taxonomy":"product_cat","embeddable":true,"href":"https:\/\/cardinal-tapes.com\/pl\/wp-json\/wp\/v2\/product_cat?post=59936"},{"taxonomy":"product_tag","embeddable":true,"href":"https:\/\/cardinal-tapes.com\/pl\/wp-json\/wp\/v2\/product_tag?post=59936"}],"curies":[{"name":"wp","href":"https:\/\/api.w.org\/{rel}","templated":true}]}}