{"id":59925,"date":"2018-02-07T12:09:30","date_gmt":"2023-06-05T15:29:43","guid":{"rendered":"https:\/\/cardinal.pixel-tal.de\/klebebaender\/bez-kategorii\/tasma-materialowa-tesaband-4651-premium\/"},"modified":"2025-07-03T14:46:09","modified_gmt":"2025-07-03T12:46:09","slug":"tesa-4651-premium-fabric-tape","status":"publish","type":"product","link":"https:\/\/cardinal-tapes.com\/pl\/ta\u015bmy-samoprzylepne\/jednostronne-tasmy-samoprzylepne\/tasma-gaffer\/tesa-4651-premium-fabric-tape\/","title":{"rendered":"Ta\u015bma materia\u0142owa tesaband\u00ae 4651 Premium"},"content":{"rendered":"<p><sup>tesaband\u00ae<\/sup> 4651 to wysokowydajna ta\u015bma tkaninowa premium z pow\u0142ok\u0105 z tworzywa sztucznego, sk\u0142adaj\u0105ca si\u0119 ze szczeg\u00f3lnie wysokiej jako\u015bci no\u015bnika z tkaniny rayon 148 mesh i kleju z naturalnego kauczuku.<\/p>\n<p><strong>W\u0142a\u015bciwo\u015bci<\/strong><br \/>\n&#8211; Silna si\u0142a klejenia, nawet na chropowatych powierzchniach<br \/>\n&#8211; Doskona\u0142a odporno\u015b\u0107 na rozdarcie<br \/>\n&#8211; Elastyczny i odporny na \u015bcieranie<br \/>\n&#8211; Odporny na warunki atmosferyczne, wod\u0119 i starzenie<br \/>\n&#8211; \u0141atwy do etykietowania i \u0142atwy do oderwania r\u0119cznie<\/p>\n<p><strong>Zastosowania<\/strong><br \/>\n&#8211; Kodowanie kolorami, oznaczenia<br \/>\n&#8211; \u0141\u0105czenie, mocowanie, zaklejanie, wzmacnianie, wi\u0105zanie i mocowanie<br \/>\n&#8211; Uszczelnianie np. opakowa\u0144, puszek, r\u0119kaw\u00f3w<br \/>\n&#8211; Uszczelnianie otwor\u00f3w, szczelin, otwor\u00f3w, kana\u0142\u00f3w wentylacyjnych i wydechowych<br \/>\n&#8211; Ta\u015bma coko\u0142owa chroni\u0105ca przed ha\u0142asem i \u015bcieraniem w lod\u00f3wkach i szafkach kuchennych<br \/>\n&#8211; Ochrona przed przedmiotami o ostrych kraw\u0119dziach (bezpiecze\u0144stwo pracy)<\/p>\n<p>&nbsp;<\/p>\n","protected":false},"excerpt":{"rendered":"<p>tesaband\u00ae 4651 to wysokowydajna ta\u015bma tkaninowa premium z pow\u0142ok\u0105 z tworzywa sztucznego, sk\u0142adaj\u0105ca si\u0119 ze szczeg\u00f3lnie wysokiej jako\u015bci no\u015bnika z tkaniny rayon 148 mesh i kleju z naturalnego kauczuku. W\u0142a\u015bciwo\u015bci &#8211; Silna si\u0142a klejenia, nawet na chropowatych powierzchniach &#8211; Doskona\u0142a odporno\u015b\u0107 na rozdarcie &#8211; Elastyczny i odporny na \u015bcieranie &#8211; Odporny na warunki atmosferyczne, wod\u0119 [&hellip;]<\/p>\n","protected":false},"featured_media":26082,"template":"","meta":{"_acf_changed":false},"pwb-brand":[2164],"product_brand":[],"product_cat":[1715,1717,1718,1721,1788,1790,1816,1688,1817,1689,1690,1693],"product_tag":[],"class_list":{"0":"post-59925","1":"product","2":"type-product","3":"status-publish","4":"has-post-thumbnail","6":"pwb-brand-tesa-pl","7":"product_cat-tasma-klejaca-do-tkanin","8":"product_cat-tasma-powlekana-tworzywem-sztucznym","9":"product_cat-przemysl-tworzyw-sztucznych","10":"product_cat-inzynieria-mechaniczna","11":"product_cat-stal-i-szklo","12":"product_cat-przemysl-tekstylny","13":"product_cat-jednostronne-tasmy-samoprzylepne","14":"product_cat-branza-budowlana","15":"product_cat-tasma-gaffer","16":"product_cat-przemysl-budowlany","17":"product_cat-przemysl-betonowy","18":"product_cat-przemysl-elektryczny","20":"first","21":"instock","22":"featured","23":"taxable","24":"shipping-taxable","25":"purchasable","26":"product-type-variable"},"acf":[],"yoast_head":"<!-- This site is optimized with the Yoast SEO plugin v27.3 - https:\/\/yoast.com\/product\/yoast-seo-wordpress\/ -->\n<title>Tesa 4651 Premium Fabric Tape | Cardinal TAPES<\/title>\n<meta name=\"description\" content=\"Tesa 4651 to wysokowydajna ta\u015bma tkaninowa z pow\u0142ok\u0105 z tworzywa sztucznego. Ma siln\u0105 przyczepno\u015b\u0107 na chropowatych powierzchniach. Wi\u0119cej informacji o tesa 4651.\" \/>\n<meta name=\"robots\" content=\"index, follow, max-snippet:-1, max-image-preview:large, max-video-preview:-1\" \/>\n<link rel=\"canonical\" href=\"https:\/\/cardinal-tapes.com\/pl\/ta\u015bmy-samoprzylepne\/jednostronne-tasmy-samoprzylepne\/tasma-gaffer\/tesa-4651-premium-fabric-tape\/\" \/>\n<meta property=\"og:locale\" content=\"pl_PL\" \/>\n<meta property=\"og:type\" content=\"article\" \/>\n<meta property=\"og:title\" content=\"Tesa 4651 Premium Fabric Tape | Cardinal TAPES\" \/>\n<meta property=\"og:description\" content=\"Tesa 4651 to wysokowydajna ta\u015bma tkaninowa z pow\u0142ok\u0105 z tworzywa sztucznego. Ma siln\u0105 przyczepno\u015b\u0107 na chropowatych powierzchniach. Wi\u0119cej informacji o tesa 4651.\" \/>\n<meta property=\"og:url\" content=\"https:\/\/cardinal-tapes.com\/pl\/ta\u015bmy-samoprzylepne\/jednostronne-tasmy-samoprzylepne\/tasma-gaffer\/tesa-4651-premium-fabric-tape\/\" \/>\n<meta property=\"og:site_name\" content=\"cardinal TAPES\" \/>\n<meta property=\"article:modified_time\" content=\"2025-07-03T12:46:09+00:00\" \/>\n<meta property=\"og:image\" content=\"https:\/\/cardinal-tapes.com\/wp-content\/uploads\/tesa-04651.jpg\" \/>\n\t<meta property=\"og:image:width\" content=\"600\" \/>\n\t<meta property=\"og:image:height\" content=\"600\" \/>\n\t<meta property=\"og:image:type\" content=\"image\/jpeg\" \/>\n<meta name=\"twitter:card\" content=\"summary_large_image\" \/>\n<meta name=\"twitter:label1\" content=\"Szacowany czas czytania\" \/>\n\t<meta name=\"twitter:data1\" content=\"1 minuta\" \/>\n<script type=\"application\/ld+json\" class=\"yoast-schema-graph\">{\"@context\":\"https:\\\/\\\/schema.org\",\"@graph\":[{\"@type\":\"WebPage\",\"@id\":\"https:\\\/\\\/cardinal-tapes.com\\\/pl\\\/ta\u015bmy-samoprzylepne\\\/jednostronne-tasmy-samoprzylepne\\\/tasma-gaffer\\\/tesa-4651-premium-fabric-tape\\\/\",\"url\":\"https:\\\/\\\/cardinal-tapes.com\\\/pl\\\/ta\u015bmy-samoprzylepne\\\/jednostronne-tasmy-samoprzylepne\\\/tasma-gaffer\\\/tesa-4651-premium-fabric-tape\\\/\",\"name\":\"Tesa 4651 Premium Fabric Tape | Cardinal TAPES\",\"isPartOf\":{\"@id\":\"https:\\\/\\\/cardinal-tapes.com\\\/#website\"},\"primaryImageOfPage\":{\"@id\":\"https:\\\/\\\/cardinal-tapes.com\\\/pl\\\/ta\u015bmy-samoprzylepne\\\/jednostronne-tasmy-samoprzylepne\\\/tasma-gaffer\\\/tesa-4651-premium-fabric-tape\\\/#primaryimage\"},\"image\":{\"@id\":\"https:\\\/\\\/cardinal-tapes.com\\\/pl\\\/ta\u015bmy-samoprzylepne\\\/jednostronne-tasmy-samoprzylepne\\\/tasma-gaffer\\\/tesa-4651-premium-fabric-tape\\\/#primaryimage\"},\"thumbnailUrl\":\"https:\\\/\\\/cardinal-tapes.com\\\/wp-content\\\/uploads\\\/tesa-04651.jpg\",\"datePublished\":\"2023-06-05T15:29:43+00:00\",\"dateModified\":\"2025-07-03T12:46:09+00:00\",\"description\":\"Tesa 4651 to wysokowydajna ta\u015bma tkaninowa z pow\u0142ok\u0105 z tworzywa sztucznego. Ma siln\u0105 przyczepno\u015b\u0107 na chropowatych powierzchniach. Wi\u0119cej informacji o tesa 4651.\",\"breadcrumb\":{\"@id\":\"https:\\\/\\\/cardinal-tapes.com\\\/pl\\\/ta\u015bmy-samoprzylepne\\\/jednostronne-tasmy-samoprzylepne\\\/tasma-gaffer\\\/tesa-4651-premium-fabric-tape\\\/#breadcrumb\"},\"inLanguage\":\"pl-PL\",\"potentialAction\":[{\"@type\":\"ReadAction\",\"target\":[\"https:\\\/\\\/cardinal-tapes.com\\\/pl\\\/ta\u015bmy-samoprzylepne\\\/jednostronne-tasmy-samoprzylepne\\\/tasma-gaffer\\\/tesa-4651-premium-fabric-tape\\\/\"]}]},{\"@type\":\"ImageObject\",\"inLanguage\":\"pl-PL\",\"@id\":\"https:\\\/\\\/cardinal-tapes.com\\\/pl\\\/ta\u015bmy-samoprzylepne\\\/jednostronne-tasmy-samoprzylepne\\\/tasma-gaffer\\\/tesa-4651-premium-fabric-tape\\\/#primaryimage\",\"url\":\"https:\\\/\\\/cardinal-tapes.com\\\/wp-content\\\/uploads\\\/tesa-04651.jpg\",\"contentUrl\":\"https:\\\/\\\/cardinal-tapes.com\\\/wp-content\\\/uploads\\\/tesa-04651.jpg\",\"width\":600,\"height\":600,\"caption\":\"tesa 4651\"},{\"@type\":\"BreadcrumbList\",\"@id\":\"https:\\\/\\\/cardinal-tapes.com\\\/pl\\\/ta\u015bmy-samoprzylepne\\\/jednostronne-tasmy-samoprzylepne\\\/tasma-gaffer\\\/tesa-4651-premium-fabric-tape\\\/#breadcrumb\",\"itemListElement\":[{\"@type\":\"ListItem\",\"position\":1,\"name\":\"Startseite\",\"item\":\"https:\\\/\\\/cardinal-tapes.com\\\/pl\\\/strona-glowna\\\/\"},{\"@type\":\"ListItem\",\"position\":2,\"name\":\"Ta\u015bmy samoprzylepne\",\"item\":\"https:\\\/\\\/cardinal-tapes.com\\\/pl\\\/tasmy-samoprzylepne-pl\\\/\"},{\"@type\":\"ListItem\",\"position\":3,\"name\":\"Obszary zastosowa\u0144\",\"item\":\"https:\\\/\\\/cardinal-tapes.com\\\/pl\\\/kategoria\\\/obszary-zastosowan\\\/\"},{\"@type\":\"ListItem\",\"position\":4,\"name\":\"Przemys\u0142 tworzyw sztucznych\",\"item\":\"https:\\\/\\\/cardinal-tapes.com\\\/pl\\\/kategoria\\\/przemysl-tworzyw-sztucznych\\\/\"},{\"@type\":\"ListItem\",\"position\":5,\"name\":\"Ta\u015bma materia\u0142owa tesaband\u00ae 4651 Premium\"}]},{\"@type\":\"WebSite\",\"@id\":\"https:\\\/\\\/cardinal-tapes.com\\\/#website\",\"url\":\"https:\\\/\\\/cardinal-tapes.com\\\/\",\"name\":\"cardinal TAPES\",\"description\":\"Klebetechnik aus Wuppertal\",\"potentialAction\":[{\"@type\":\"SearchAction\",\"target\":{\"@type\":\"EntryPoint\",\"urlTemplate\":\"https:\\\/\\\/cardinal-tapes.com\\\/?s={search_term_string}\"},\"query-input\":{\"@type\":\"PropertyValueSpecification\",\"valueRequired\":true,\"valueName\":\"search_term_string\"}}],\"inLanguage\":\"pl-PL\"}]}<\/script>\n<!-- \/ Yoast SEO plugin. -->","yoast_head_json":{"title":"Tesa 4651 Premium Fabric Tape | Cardinal TAPES","description":"Tesa 4651 to wysokowydajna ta\u015bma tkaninowa z pow\u0142ok\u0105 z tworzywa sztucznego. Ma siln\u0105 przyczepno\u015b\u0107 na chropowatych powierzchniach. Wi\u0119cej informacji o tesa 4651.","robots":{"index":"index","follow":"follow","max-snippet":"max-snippet:-1","max-image-preview":"max-image-preview:large","max-video-preview":"max-video-preview:-1"},"canonical":"https:\/\/cardinal-tapes.com\/pl\/ta\u015bmy-samoprzylepne\/jednostronne-tasmy-samoprzylepne\/tasma-gaffer\/tesa-4651-premium-fabric-tape\/","og_locale":"pl_PL","og_type":"article","og_title":"Tesa 4651 Premium Fabric Tape | Cardinal TAPES","og_description":"Tesa 4651 to wysokowydajna ta\u015bma tkaninowa z pow\u0142ok\u0105 z tworzywa sztucznego. Ma siln\u0105 przyczepno\u015b\u0107 na chropowatych powierzchniach. Wi\u0119cej informacji o tesa 4651.","og_url":"https:\/\/cardinal-tapes.com\/pl\/ta\u015bmy-samoprzylepne\/jednostronne-tasmy-samoprzylepne\/tasma-gaffer\/tesa-4651-premium-fabric-tape\/","og_site_name":"cardinal TAPES","article_modified_time":"2025-07-03T12:46:09+00:00","og_image":[{"width":600,"height":600,"url":"https:\/\/cardinal-tapes.com\/wp-content\/uploads\/tesa-04651.jpg","type":"image\/jpeg"}],"twitter_card":"summary_large_image","twitter_misc":{"Szacowany czas czytania":"1 minuta"},"schema":{"@context":"https:\/\/schema.org","@graph":[{"@type":"WebPage","@id":"https:\/\/cardinal-tapes.com\/pl\/ta\u015bmy-samoprzylepne\/jednostronne-tasmy-samoprzylepne\/tasma-gaffer\/tesa-4651-premium-fabric-tape\/","url":"https:\/\/cardinal-tapes.com\/pl\/ta\u015bmy-samoprzylepne\/jednostronne-tasmy-samoprzylepne\/tasma-gaffer\/tesa-4651-premium-fabric-tape\/","name":"Tesa 4651 Premium Fabric Tape | Cardinal TAPES","isPartOf":{"@id":"https:\/\/cardinal-tapes.com\/#website"},"primaryImageOfPage":{"@id":"https:\/\/cardinal-tapes.com\/pl\/ta\u015bmy-samoprzylepne\/jednostronne-tasmy-samoprzylepne\/tasma-gaffer\/tesa-4651-premium-fabric-tape\/#primaryimage"},"image":{"@id":"https:\/\/cardinal-tapes.com\/pl\/ta\u015bmy-samoprzylepne\/jednostronne-tasmy-samoprzylepne\/tasma-gaffer\/tesa-4651-premium-fabric-tape\/#primaryimage"},"thumbnailUrl":"https:\/\/cardinal-tapes.com\/wp-content\/uploads\/tesa-04651.jpg","datePublished":"2023-06-05T15:29:43+00:00","dateModified":"2025-07-03T12:46:09+00:00","description":"Tesa 4651 to wysokowydajna ta\u015bma tkaninowa z pow\u0142ok\u0105 z tworzywa sztucznego. Ma siln\u0105 przyczepno\u015b\u0107 na chropowatych powierzchniach. Wi\u0119cej informacji o tesa 4651.","breadcrumb":{"@id":"https:\/\/cardinal-tapes.com\/pl\/ta\u015bmy-samoprzylepne\/jednostronne-tasmy-samoprzylepne\/tasma-gaffer\/tesa-4651-premium-fabric-tape\/#breadcrumb"},"inLanguage":"pl-PL","potentialAction":[{"@type":"ReadAction","target":["https:\/\/cardinal-tapes.com\/pl\/ta\u015bmy-samoprzylepne\/jednostronne-tasmy-samoprzylepne\/tasma-gaffer\/tesa-4651-premium-fabric-tape\/"]}]},{"@type":"ImageObject","inLanguage":"pl-PL","@id":"https:\/\/cardinal-tapes.com\/pl\/ta\u015bmy-samoprzylepne\/jednostronne-tasmy-samoprzylepne\/tasma-gaffer\/tesa-4651-premium-fabric-tape\/#primaryimage","url":"https:\/\/cardinal-tapes.com\/wp-content\/uploads\/tesa-04651.jpg","contentUrl":"https:\/\/cardinal-tapes.com\/wp-content\/uploads\/tesa-04651.jpg","width":600,"height":600,"caption":"tesa 4651"},{"@type":"BreadcrumbList","@id":"https:\/\/cardinal-tapes.com\/pl\/ta\u015bmy-samoprzylepne\/jednostronne-tasmy-samoprzylepne\/tasma-gaffer\/tesa-4651-premium-fabric-tape\/#breadcrumb","itemListElement":[{"@type":"ListItem","position":1,"name":"Startseite","item":"https:\/\/cardinal-tapes.com\/pl\/strona-glowna\/"},{"@type":"ListItem","position":2,"name":"Ta\u015bmy samoprzylepne","item":"https:\/\/cardinal-tapes.com\/pl\/tasmy-samoprzylepne-pl\/"},{"@type":"ListItem","position":3,"name":"Obszary zastosowa\u0144","item":"https:\/\/cardinal-tapes.com\/pl\/kategoria\/obszary-zastosowan\/"},{"@type":"ListItem","position":4,"name":"Przemys\u0142 tworzyw sztucznych","item":"https:\/\/cardinal-tapes.com\/pl\/kategoria\/przemysl-tworzyw-sztucznych\/"},{"@type":"ListItem","position":5,"name":"Ta\u015bma materia\u0142owa tesaband\u00ae 4651 Premium"}]},{"@type":"WebSite","@id":"https:\/\/cardinal-tapes.com\/#website","url":"https:\/\/cardinal-tapes.com\/","name":"cardinal TAPES","description":"Klebetechnik aus Wuppertal","potentialAction":[{"@type":"SearchAction","target":{"@type":"EntryPoint","urlTemplate":"https:\/\/cardinal-tapes.com\/?s={search_term_string}"},"query-input":{"@type":"PropertyValueSpecification","valueRequired":true,"valueName":"search_term_string"}}],"inLanguage":"pl-PL"}]}},"brands":[{"id":2164,"name":"tesa","slug":"tesa-pl"}],"_links":{"self":[{"href":"https:\/\/cardinal-tapes.com\/pl\/wp-json\/wp\/v2\/product\/59925","targetHints":{"allow":["GET"]}}],"collection":[{"href":"https:\/\/cardinal-tapes.com\/pl\/wp-json\/wp\/v2\/product"}],"about":[{"href":"https:\/\/cardinal-tapes.com\/pl\/wp-json\/wp\/v2\/types\/product"}],"wp:featuredmedia":[{"embeddable":true,"href":"https:\/\/cardinal-tapes.com\/pl\/wp-json\/wp\/v2\/media\/26082"}],"wp:attachment":[{"href":"https:\/\/cardinal-tapes.com\/pl\/wp-json\/wp\/v2\/media?parent=59925"}],"wp:term":[{"taxonomy":"pwb-brand","embeddable":true,"href":"https:\/\/cardinal-tapes.com\/pl\/wp-json\/wp\/v2\/pwb-brand?post=59925"},{"taxonomy":"product_brand","embeddable":true,"href":"https:\/\/cardinal-tapes.com\/pl\/wp-json\/wp\/v2\/product_brand?post=59925"},{"taxonomy":"product_cat","embeddable":true,"href":"https:\/\/cardinal-tapes.com\/pl\/wp-json\/wp\/v2\/product_cat?post=59925"},{"taxonomy":"product_tag","embeddable":true,"href":"https:\/\/cardinal-tapes.com\/pl\/wp-json\/wp\/v2\/product_tag?post=59925"}],"curies":[{"name":"wp","href":"https:\/\/api.w.org\/{rel}","templated":true}]}}