{"id":59920,"date":"2018-02-07T13:21:02","date_gmt":"2023-06-05T15:29:43","guid":{"rendered":"https:\/\/cardinal.pixel-tal.de\/klebebaender\/bez-kategorii\/dwustronna-tasma-samoprzylepna-z-rdzeniem-akrylowym-tesa-acxplus-7055\/"},"modified":"2025-07-03T14:56:01","modified_gmt":"2025-07-03T12:56:01","slug":"tesa-7055-tasma-dwustronnie-klejaca-z-rdzeniem-akrylowym","status":"publish","type":"product","link":"https:\/\/cardinal-tapes.com\/pl\/ta\u015bmy-samoprzylepne\/tasmy-dwustronnie-klejace\/tesa-7055-tasma-dwustronnie-klejaca-z-rdzeniem-akrylowym\/","title":{"rendered":"Dwustronna ta\u015bma samoprzylepna z rdzeniem akrylowym tesa\u00ae ACXplus 7055"},"content":{"rendered":"<p><sup>tesa\u00ae<\/sup> 7055 to przezroczysta akrylowa ta\u015bma samoprzylepna. Produkt charakteryzuje si\u0119 mi\u0119dzy innymi bardzo wysok\u0105 przezroczysto\u015bci\u0105 i dlatego jest szczeg\u00f3lnie odpowiedni do konstrukcyjnego i trwa\u0142ego klejenia szk\u0142a lub przezroczystych tworzyw sztucznych. R\u00f3\u017cne rozszerzalno\u015bci cieplne \u0142\u0105czonych materia\u0142\u00f3w s\u0105 bardzo dobrze kompensowane przez lepkospr\u0119\u017cysty rdze\u0144 akrylowy. Produkt ma wysok\u0105 przyczepno\u015b\u0107 pocz\u0105tkow\u0105 i ko\u0144cow\u0105.<\/p>\n<p><strong>W\u0142a\u015bciwo\u015bci<\/strong><br \/>\n&#8211; Wysoka pocz\u0105tkowa i ko\u0144cowa si\u0142a klejenia<br \/>\n&#8211; Bardzo wysoka przezroczysto\u015b\u0107<\/p>\n<p><strong>Zastosowania<br \/>\n<\/strong>&#8211; Produkcja znak\u00f3w i wy\u015bwietlaczy<br \/>\n&#8211; Monta\u017c szklanych \u015bcianek dzia\u0142owych<br \/>\n&#8211; Mocowanie dekoracyjnych paneli szklanych<\/p>\n","protected":false},"excerpt":{"rendered":"<p>tesa\u00ae 7055 to przezroczysta akrylowa ta\u015bma samoprzylepna. Produkt charakteryzuje si\u0119 mi\u0119dzy innymi bardzo wysok\u0105 przezroczysto\u015bci\u0105 i dlatego jest szczeg\u00f3lnie odpowiedni do konstrukcyjnego i trwa\u0142ego klejenia szk\u0142a lub przezroczystych tworzyw sztucznych. R\u00f3\u017cne rozszerzalno\u015bci cieplne \u0142\u0105czonych materia\u0142\u00f3w s\u0105 bardzo dobrze kompensowane przez lepkospr\u0119\u017cysty rdze\u0144 akrylowy. Produkt ma wysok\u0105 przyczepno\u015b\u0107 pocz\u0105tkow\u0105 i ko\u0144cow\u0105. W\u0142a\u015bciwo\u015bci &#8211; Wysoka pocz\u0105tkowa i [&hellip;]<\/p>\n","protected":false},"featured_media":28966,"template":"","meta":{"_acf_changed":false},"pwb-brand":[2164],"product_brand":[],"product_cat":[1814],"product_tag":[],"class_list":{"0":"post-59920","1":"product","2":"type-product","3":"status-publish","4":"has-post-thumbnail","6":"pwb-brand-tesa-pl","7":"product_cat-tasmy-dwustronnie-klejace","9":"first","10":"instock","11":"taxable","12":"shipping-taxable","13":"purchasable","14":"product-type-variable"},"acf":[],"yoast_head":"<!-- This site is optimized with the Yoast SEO plugin v27.3 - https:\/\/yoast.com\/product\/yoast-seo-wordpress\/ -->\n<title>Dwustronna akrylowa ta\u015bma klej\u0105ca tesa 7055 | Cardinal TAPES<\/title>\n<meta name=\"description\" content=\"Przezroczysta ta\u015bma tesa 7055 jest szczeg\u00f3lnie odpowiednia do konstrukcyjnego i trwa\u0142ego \u0142\u0105czenia szk\u0142a lub przezroczystych tworzyw sztucznych.\" \/>\n<meta name=\"robots\" content=\"index, follow, max-snippet:-1, max-image-preview:large, max-video-preview:-1\" \/>\n<link rel=\"canonical\" href=\"https:\/\/cardinal-tapes.com\/pl\/ta\u015bmy-samoprzylepne\/tasmy-dwustronnie-klejace\/tesa-7055-tasma-dwustronnie-klejaca-z-rdzeniem-akrylowym\/\" \/>\n<meta property=\"og:locale\" content=\"pl_PL\" \/>\n<meta property=\"og:type\" content=\"article\" \/>\n<meta property=\"og:title\" content=\"Dwustronna akrylowa ta\u015bma klej\u0105ca tesa 7055 | Cardinal TAPES\" \/>\n<meta property=\"og:description\" content=\"Przezroczysta ta\u015bma tesa 7055 jest szczeg\u00f3lnie odpowiednia do konstrukcyjnego i trwa\u0142ego \u0142\u0105czenia szk\u0142a lub przezroczystych tworzyw sztucznych.\" \/>\n<meta property=\"og:url\" content=\"https:\/\/cardinal-tapes.com\/pl\/ta\u015bmy-samoprzylepne\/tasmy-dwustronnie-klejace\/tesa-7055-tasma-dwustronnie-klejaca-z-rdzeniem-akrylowym\/\" \/>\n<meta property=\"og:site_name\" content=\"cardinal TAPES\" \/>\n<meta property=\"article:modified_time\" content=\"2025-07-03T12:56:01+00:00\" \/>\n<meta property=\"og:image\" content=\"https:\/\/cardinal-tapes.com\/wp-content\/uploads\/tesa-acxplus-0705x-pv32-pr-0019354078_canvas1x1_5.webp\" \/>\n\t<meta property=\"og:image:width\" content=\"501\" \/>\n\t<meta property=\"og:image:height\" content=\"501\" \/>\n\t<meta property=\"og:image:type\" content=\"image\/webp\" \/>\n<meta name=\"twitter:card\" content=\"summary_large_image\" \/>\n<script type=\"application\/ld+json\" class=\"yoast-schema-graph\">{\"@context\":\"https:\\\/\\\/schema.org\",\"@graph\":[{\"@type\":\"WebPage\",\"@id\":\"https:\\\/\\\/cardinal-tapes.com\\\/pl\\\/ta\u015bmy-samoprzylepne\\\/tasmy-dwustronnie-klejace\\\/tesa-7055-tasma-dwustronnie-klejaca-z-rdzeniem-akrylowym\\\/\",\"url\":\"https:\\\/\\\/cardinal-tapes.com\\\/pl\\\/ta\u015bmy-samoprzylepne\\\/tasmy-dwustronnie-klejace\\\/tesa-7055-tasma-dwustronnie-klejaca-z-rdzeniem-akrylowym\\\/\",\"name\":\"Dwustronna akrylowa ta\u015bma klej\u0105ca tesa 7055 | Cardinal TAPES\",\"isPartOf\":{\"@id\":\"https:\\\/\\\/cardinal-tapes.com\\\/#website\"},\"primaryImageOfPage\":{\"@id\":\"https:\\\/\\\/cardinal-tapes.com\\\/pl\\\/ta\u015bmy-samoprzylepne\\\/tasmy-dwustronnie-klejace\\\/tesa-7055-tasma-dwustronnie-klejaca-z-rdzeniem-akrylowym\\\/#primaryimage\"},\"image\":{\"@id\":\"https:\\\/\\\/cardinal-tapes.com\\\/pl\\\/ta\u015bmy-samoprzylepne\\\/tasmy-dwustronnie-klejace\\\/tesa-7055-tasma-dwustronnie-klejaca-z-rdzeniem-akrylowym\\\/#primaryimage\"},\"thumbnailUrl\":\"https:\\\/\\\/cardinal-tapes.com\\\/wp-content\\\/uploads\\\/tesa-acxplus-0705x-pv32-pr-0019354078_canvas1x1_5.webp\",\"datePublished\":\"2023-06-05T15:29:43+00:00\",\"dateModified\":\"2025-07-03T12:56:01+00:00\",\"description\":\"Przezroczysta ta\u015bma tesa 7055 jest szczeg\u00f3lnie odpowiednia do konstrukcyjnego i trwa\u0142ego \u0142\u0105czenia szk\u0142a lub przezroczystych tworzyw sztucznych.\",\"breadcrumb\":{\"@id\":\"https:\\\/\\\/cardinal-tapes.com\\\/pl\\\/ta\u015bmy-samoprzylepne\\\/tasmy-dwustronnie-klejace\\\/tesa-7055-tasma-dwustronnie-klejaca-z-rdzeniem-akrylowym\\\/#breadcrumb\"},\"inLanguage\":\"pl-PL\",\"potentialAction\":[{\"@type\":\"ReadAction\",\"target\":[\"https:\\\/\\\/cardinal-tapes.com\\\/pl\\\/ta\u015bmy-samoprzylepne\\\/tasmy-dwustronnie-klejace\\\/tesa-7055-tasma-dwustronnie-klejaca-z-rdzeniem-akrylowym\\\/\"]}]},{\"@type\":\"ImageObject\",\"inLanguage\":\"pl-PL\",\"@id\":\"https:\\\/\\\/cardinal-tapes.com\\\/pl\\\/ta\u015bmy-samoprzylepne\\\/tasmy-dwustronnie-klejace\\\/tesa-7055-tasma-dwustronnie-klejaca-z-rdzeniem-akrylowym\\\/#primaryimage\",\"url\":\"https:\\\/\\\/cardinal-tapes.com\\\/wp-content\\\/uploads\\\/tesa-acxplus-0705x-pv32-pr-0019354078_canvas1x1_5.webp\",\"contentUrl\":\"https:\\\/\\\/cardinal-tapes.com\\\/wp-content\\\/uploads\\\/tesa-acxplus-0705x-pv32-pr-0019354078_canvas1x1_5.webp\",\"width\":501,\"height\":501},{\"@type\":\"BreadcrumbList\",\"@id\":\"https:\\\/\\\/cardinal-tapes.com\\\/pl\\\/ta\u015bmy-samoprzylepne\\\/tasmy-dwustronnie-klejace\\\/tesa-7055-tasma-dwustronnie-klejaca-z-rdzeniem-akrylowym\\\/#breadcrumb\",\"itemListElement\":[{\"@type\":\"ListItem\",\"position\":1,\"name\":\"Startseite\",\"item\":\"https:\\\/\\\/cardinal-tapes.com\\\/pl\\\/strona-glowna\\\/\"},{\"@type\":\"ListItem\",\"position\":2,\"name\":\"Ta\u015bmy samoprzylepne\",\"item\":\"https:\\\/\\\/cardinal-tapes.com\\\/pl\\\/tasmy-samoprzylepne-pl\\\/\"},{\"@type\":\"ListItem\",\"position\":3,\"name\":\"Ta\u015bmy dwustronnie klej\u0105ce\",\"item\":\"https:\\\/\\\/cardinal-tapes.com\\\/pl\\\/kategoria\\\/tasmy-dwustronnie-klejace\\\/\"},{\"@type\":\"ListItem\",\"position\":4,\"name\":\"Dwustronna ta\u015bma samoprzylepna z rdzeniem akrylowym tesa\u00ae ACXplus 7055\"}]},{\"@type\":\"WebSite\",\"@id\":\"https:\\\/\\\/cardinal-tapes.com\\\/#website\",\"url\":\"https:\\\/\\\/cardinal-tapes.com\\\/\",\"name\":\"cardinal TAPES\",\"description\":\"Klebetechnik aus Wuppertal\",\"potentialAction\":[{\"@type\":\"SearchAction\",\"target\":{\"@type\":\"EntryPoint\",\"urlTemplate\":\"https:\\\/\\\/cardinal-tapes.com\\\/?s={search_term_string}\"},\"query-input\":{\"@type\":\"PropertyValueSpecification\",\"valueRequired\":true,\"valueName\":\"search_term_string\"}}],\"inLanguage\":\"pl-PL\"}]}<\/script>\n<!-- \/ Yoast SEO plugin. -->","yoast_head_json":{"title":"Dwustronna akrylowa ta\u015bma klej\u0105ca tesa 7055 | Cardinal TAPES","description":"Przezroczysta ta\u015bma tesa 7055 jest szczeg\u00f3lnie odpowiednia do konstrukcyjnego i trwa\u0142ego \u0142\u0105czenia szk\u0142a lub przezroczystych tworzyw sztucznych.","robots":{"index":"index","follow":"follow","max-snippet":"max-snippet:-1","max-image-preview":"max-image-preview:large","max-video-preview":"max-video-preview:-1"},"canonical":"https:\/\/cardinal-tapes.com\/pl\/ta\u015bmy-samoprzylepne\/tasmy-dwustronnie-klejace\/tesa-7055-tasma-dwustronnie-klejaca-z-rdzeniem-akrylowym\/","og_locale":"pl_PL","og_type":"article","og_title":"Dwustronna akrylowa ta\u015bma klej\u0105ca tesa 7055 | Cardinal TAPES","og_description":"Przezroczysta ta\u015bma tesa 7055 jest szczeg\u00f3lnie odpowiednia do konstrukcyjnego i trwa\u0142ego \u0142\u0105czenia szk\u0142a lub przezroczystych tworzyw sztucznych.","og_url":"https:\/\/cardinal-tapes.com\/pl\/ta\u015bmy-samoprzylepne\/tasmy-dwustronnie-klejace\/tesa-7055-tasma-dwustronnie-klejaca-z-rdzeniem-akrylowym\/","og_site_name":"cardinal TAPES","article_modified_time":"2025-07-03T12:56:01+00:00","og_image":[{"width":501,"height":501,"url":"https:\/\/cardinal-tapes.com\/wp-content\/uploads\/tesa-acxplus-0705x-pv32-pr-0019354078_canvas1x1_5.webp","type":"image\/webp"}],"twitter_card":"summary_large_image","schema":{"@context":"https:\/\/schema.org","@graph":[{"@type":"WebPage","@id":"https:\/\/cardinal-tapes.com\/pl\/ta\u015bmy-samoprzylepne\/tasmy-dwustronnie-klejace\/tesa-7055-tasma-dwustronnie-klejaca-z-rdzeniem-akrylowym\/","url":"https:\/\/cardinal-tapes.com\/pl\/ta\u015bmy-samoprzylepne\/tasmy-dwustronnie-klejace\/tesa-7055-tasma-dwustronnie-klejaca-z-rdzeniem-akrylowym\/","name":"Dwustronna akrylowa ta\u015bma klej\u0105ca tesa 7055 | Cardinal TAPES","isPartOf":{"@id":"https:\/\/cardinal-tapes.com\/#website"},"primaryImageOfPage":{"@id":"https:\/\/cardinal-tapes.com\/pl\/ta\u015bmy-samoprzylepne\/tasmy-dwustronnie-klejace\/tesa-7055-tasma-dwustronnie-klejaca-z-rdzeniem-akrylowym\/#primaryimage"},"image":{"@id":"https:\/\/cardinal-tapes.com\/pl\/ta\u015bmy-samoprzylepne\/tasmy-dwustronnie-klejace\/tesa-7055-tasma-dwustronnie-klejaca-z-rdzeniem-akrylowym\/#primaryimage"},"thumbnailUrl":"https:\/\/cardinal-tapes.com\/wp-content\/uploads\/tesa-acxplus-0705x-pv32-pr-0019354078_canvas1x1_5.webp","datePublished":"2023-06-05T15:29:43+00:00","dateModified":"2025-07-03T12:56:01+00:00","description":"Przezroczysta ta\u015bma tesa 7055 jest szczeg\u00f3lnie odpowiednia do konstrukcyjnego i trwa\u0142ego \u0142\u0105czenia szk\u0142a lub przezroczystych tworzyw sztucznych.","breadcrumb":{"@id":"https:\/\/cardinal-tapes.com\/pl\/ta\u015bmy-samoprzylepne\/tasmy-dwustronnie-klejace\/tesa-7055-tasma-dwustronnie-klejaca-z-rdzeniem-akrylowym\/#breadcrumb"},"inLanguage":"pl-PL","potentialAction":[{"@type":"ReadAction","target":["https:\/\/cardinal-tapes.com\/pl\/ta\u015bmy-samoprzylepne\/tasmy-dwustronnie-klejace\/tesa-7055-tasma-dwustronnie-klejaca-z-rdzeniem-akrylowym\/"]}]},{"@type":"ImageObject","inLanguage":"pl-PL","@id":"https:\/\/cardinal-tapes.com\/pl\/ta\u015bmy-samoprzylepne\/tasmy-dwustronnie-klejace\/tesa-7055-tasma-dwustronnie-klejaca-z-rdzeniem-akrylowym\/#primaryimage","url":"https:\/\/cardinal-tapes.com\/wp-content\/uploads\/tesa-acxplus-0705x-pv32-pr-0019354078_canvas1x1_5.webp","contentUrl":"https:\/\/cardinal-tapes.com\/wp-content\/uploads\/tesa-acxplus-0705x-pv32-pr-0019354078_canvas1x1_5.webp","width":501,"height":501},{"@type":"BreadcrumbList","@id":"https:\/\/cardinal-tapes.com\/pl\/ta\u015bmy-samoprzylepne\/tasmy-dwustronnie-klejace\/tesa-7055-tasma-dwustronnie-klejaca-z-rdzeniem-akrylowym\/#breadcrumb","itemListElement":[{"@type":"ListItem","position":1,"name":"Startseite","item":"https:\/\/cardinal-tapes.com\/pl\/strona-glowna\/"},{"@type":"ListItem","position":2,"name":"Ta\u015bmy samoprzylepne","item":"https:\/\/cardinal-tapes.com\/pl\/tasmy-samoprzylepne-pl\/"},{"@type":"ListItem","position":3,"name":"Ta\u015bmy dwustronnie klej\u0105ce","item":"https:\/\/cardinal-tapes.com\/pl\/kategoria\/tasmy-dwustronnie-klejace\/"},{"@type":"ListItem","position":4,"name":"Dwustronna ta\u015bma samoprzylepna z rdzeniem akrylowym tesa\u00ae ACXplus 7055"}]},{"@type":"WebSite","@id":"https:\/\/cardinal-tapes.com\/#website","url":"https:\/\/cardinal-tapes.com\/","name":"cardinal TAPES","description":"Klebetechnik aus Wuppertal","potentialAction":[{"@type":"SearchAction","target":{"@type":"EntryPoint","urlTemplate":"https:\/\/cardinal-tapes.com\/?s={search_term_string}"},"query-input":{"@type":"PropertyValueSpecification","valueRequired":true,"valueName":"search_term_string"}}],"inLanguage":"pl-PL"}]}},"brands":[{"id":2164,"name":"tesa","slug":"tesa-pl"}],"_links":{"self":[{"href":"https:\/\/cardinal-tapes.com\/pl\/wp-json\/wp\/v2\/product\/59920","targetHints":{"allow":["GET"]}}],"collection":[{"href":"https:\/\/cardinal-tapes.com\/pl\/wp-json\/wp\/v2\/product"}],"about":[{"href":"https:\/\/cardinal-tapes.com\/pl\/wp-json\/wp\/v2\/types\/product"}],"wp:featuredmedia":[{"embeddable":true,"href":"https:\/\/cardinal-tapes.com\/pl\/wp-json\/wp\/v2\/media\/28966"}],"wp:attachment":[{"href":"https:\/\/cardinal-tapes.com\/pl\/wp-json\/wp\/v2\/media?parent=59920"}],"wp:term":[{"taxonomy":"pwb-brand","embeddable":true,"href":"https:\/\/cardinal-tapes.com\/pl\/wp-json\/wp\/v2\/pwb-brand?post=59920"},{"taxonomy":"product_brand","embeddable":true,"href":"https:\/\/cardinal-tapes.com\/pl\/wp-json\/wp\/v2\/product_brand?post=59920"},{"taxonomy":"product_cat","embeddable":true,"href":"https:\/\/cardinal-tapes.com\/pl\/wp-json\/wp\/v2\/product_cat?post=59920"},{"taxonomy":"product_tag","embeddable":true,"href":"https:\/\/cardinal-tapes.com\/pl\/wp-json\/wp\/v2\/product_tag?post=59920"}],"curies":[{"name":"wp","href":"https:\/\/api.w.org\/{rel}","templated":true}]}}